{"id":8093,"date":"2026-03-01T08:14:28","date_gmt":"2026-03-01T08:14:28","guid":{"rendered":"https:\/\/www.sportshine.eu\/?post_type=product&#038;p=8093"},"modified":"2026-04-07T19:56:06","modified_gmt":"2026-04-07T19:56:06","slug":"luci-per-bici-magicshine-hori-900","status":"publish","type":"product","link":"https:\/\/www.sportshine.eu\/it\/negozio\/luci-per-bici-magicshine-hori-900\/","title":{"rendered":"Luce per bicicletta Magicshine HORI 900"},"content":{"rendered":"<h3 style=\"text-align: center;\">PRESENTAZIONE VIDEO DELLA LUCE MAGICSHINE HORI 900 CYCLE<\/h3>\n<p><iframe loading=\"lazy\" title=\"Magicshine | Serie Hori, progettata per i ciclisti urbani su strada\" width=\"500\" height=\"281\" src=\"https:\/\/www.youtube.com\/embed\/pR_mXHN7vKI?feature=oembed\" frameborder=\"0\" allow=\"accelerometer; autoplay; clipboard-write; encrypted-media; gyroscope; picture-in-picture; web-share\" referrerpolicy=\"strict-origin-when-cross-origin\" allowfullscreen><\/iframe><\/p>\n<h3 style=\"text-align: center;\">STAFFA DI MONTAGGIO INTEGRATA AL BANCONE<\/h3>\n<p style=\"text-align: center;\">Monta il tuo computer Garmin o Wahoo direttamente sulla luce: compatto, adatto al manubrio e pronto per la gara.<\/p>\n<p><img decoding=\"async\" class=\"aligncenter wp-image-8098\" src=\"https:\/\/www.sportshine.eu\/wp-content\/uploads\/2025\/10\/HORI_900_10.webp\" alt=\"Magicshine Hori 900\" width=\"800\" height=\"800\" srcset=\"https:\/\/www.sportshine.eu\/wp-content\/uploads\/2025\/10\/HORI_900_10.webp 690w, https:\/\/www.sportshine.eu\/wp-content\/uploads\/2025\/10\/HORI_900_10-600x600.webp 600w\" sizes=\"(max-width: 800px) 100vw, 800px\" \/><\/p>\n<p>&nbsp;<\/p>\n<h3 style=\"text-align: center;\">SCOPRI LA POTENZA DI 900 LUMEN<\/h3>\n<p style=\"text-align: center;\">Il LED ad alte prestazioni fornisce una luminosit\u00e0 massima di 900 lumen.<\/p>\n<p><img decoding=\"async\" class=\"aligncenter wp-image-8099 size-full\" src=\"https:\/\/www.sportshine.eu\/wp-content\/uploads\/2025\/10\/26.webp\" alt=\"Hori 900\" width=\"800\" height=\"800\" srcset=\"https:\/\/www.sportshine.eu\/wp-content\/uploads\/2025\/10\/26.webp 800w, https:\/\/www.sportshine.eu\/wp-content\/uploads\/2025\/10\/26-768x768.webp 768w, https:\/\/www.sportshine.eu\/wp-content\/uploads\/2025\/10\/26-600x600.webp 600w\" sizes=\"(max-width: 800px) 100vw, 800px\" \/><\/p>\n<h3 style=\"text-align: center;\">RESISTENTE ALLE INTEMPERIE<\/h3>\n<p style=\"text-align: center;\">Pioggia, pioggerellina o temporale: grazie alla protezione impermeabile IPX6, HORI 900 garantisce sempre una guida luminosa e sicura.<\/p>\n<p><img decoding=\"async\" class=\"aligncenter wp-image-8102 size-full\" src=\"https:\/\/www.sportshine.eu\/wp-content\/uploads\/2025\/10\/magicshine-HORI-900-bike-light-sell-point-3.webp\" alt=\"Magicshine Hori 900\" width=\"800\" height=\"800\" srcset=\"https:\/\/www.sportshine.eu\/wp-content\/uploads\/2025\/10\/magicshine-HORI-900-bike-light-sell-point-3.webp 800w, https:\/\/www.sportshine.eu\/wp-content\/uploads\/2025\/10\/magicshine-HORI-900-bike-light-sell-point-3-768x768.webp 768w, https:\/\/www.sportshine.eu\/wp-content\/uploads\/2025\/10\/magicshine-HORI-900-bike-light-sell-point-3-600x600.webp 600w\" sizes=\"(max-width: 800px) 100vw, 800px\" \/><\/p>\n<h3 style=\"text-align: center;\">DISTINGUITI ANCHE DI GIORNO<\/h3>\n<p style=\"text-align: center;\">La tecnologia DRL (Daytime Running Light) aumenta la visibilit\u00e0 in condizioni di luce intensa con una modalit\u00e0 lampeggiante intensa e fissa che attira l&#039;attenzione di tutti.<\/p>\n<p><img decoding=\"async\" class=\"aligncenter wp-image-8103 size-full\" src=\"https:\/\/www.sportshine.eu\/wp-content\/uploads\/2025\/10\/magicshine-HORI-900-bike-light-sell-point-9.webp\" alt=\"Lampada Magicshine HORI 900\" width=\"814\" height=\"812\" srcset=\"https:\/\/www.sportshine.eu\/wp-content\/uploads\/2025\/10\/magicshine-HORI-900-bike-light-sell-point-9.webp 814w, https:\/\/www.sportshine.eu\/wp-content\/uploads\/2025\/10\/magicshine-HORI-900-bike-light-sell-point-9-768x766.webp 768w, https:\/\/www.sportshine.eu\/wp-content\/uploads\/2025\/10\/magicshine-HORI-900-bike-light-sell-point-9-600x599.webp 600w\" sizes=\"(max-width: 814px) 100vw, 814px\" \/><\/p>\n<h3 style=\"text-align: center;\">OPZIONE DI TAGLIO PRECISO DEL FASCIO<\/h3>\n<p style=\"text-align: center;\">Il design ottico antiriflesso dirige la luce con precisione sulla strada, proteggendo sia i ciclisti che gli automobilisti che provengono dalla direzione opposta.<\/p>\n<p><img decoding=\"async\" class=\"aligncenter wp-image-8105 size-full\" src=\"https:\/\/www.sportshine.eu\/wp-content\/uploads\/2025\/10\/Magicshine-HORI-900-2.webp\" alt=\"Magicshine HORI 900 \" width=\"814\" height=\"814\" srcset=\"https:\/\/www.sportshine.eu\/wp-content\/uploads\/2025\/10\/Magicshine-HORI-900-2.webp 814w, https:\/\/www.sportshine.eu\/wp-content\/uploads\/2025\/10\/Magicshine-HORI-900-2-768x768.webp 768w, https:\/\/www.sportshine.eu\/wp-content\/uploads\/2025\/10\/Magicshine-HORI-900-2-600x600.webp 600w\" sizes=\"(max-width: 814px) 100vw, 814px\" \/><\/p>\n<h3 style=\"text-align: center;\">MODALIT\u00c0 PERSONALIZZATE TRAMITE L&#039;APP<\/h3>\n<p style=\"text-align: center;\">Utilizzando l&#039;app Magicshine \u00e8 possibile regolare la luminosit\u00e0 e il funzionamento delle luci in base a ogni situazione sulla strada.<\/p>\n<p><img decoding=\"async\" class=\"aligncenter wp-image-8106 size-full\" src=\"https:\/\/www.sportshine.eu\/wp-content\/uploads\/2025\/10\/Magicshine-Hori-900-luc-za-kolo.webp\" alt=\"Luce per bici Magicshine Hori 900\" width=\"814\" height=\"814\" srcset=\"https:\/\/www.sportshine.eu\/wp-content\/uploads\/2025\/10\/Magicshine-Hori-900-luc-za-kolo.webp 814w, https:\/\/www.sportshine.eu\/wp-content\/uploads\/2025\/10\/Magicshine-Hori-900-luc-za-kolo-768x768.webp 768w, https:\/\/www.sportshine.eu\/wp-content\/uploads\/2025\/10\/Magicshine-Hori-900-luc-za-kolo-600x600.webp 600w\" sizes=\"(max-width: 814px) 100vw, 814px\" \/><\/p>\n<h3 style=\"text-align: center;\">RICARICA RAPIDA TRAMITE USB-C<\/h3>\n<p style=\"text-align: center;\">Grazie alla ricarica rapida tramite USB-C, la batteria si carica completamente in circa 2,5 ore.<\/p>\n<p><img decoding=\"async\" class=\"aligncenter wp-image-8107 size-full\" src=\"https:\/\/www.sportshine.eu\/wp-content\/uploads\/2025\/10\/Luc-za-kolo-Hori-900.webp\" alt=\"Luce per bicicletta Hori 900\" width=\"814\" height=\"814\" srcset=\"https:\/\/www.sportshine.eu\/wp-content\/uploads\/2025\/10\/Luc-za-kolo-Hori-900.webp 814w, https:\/\/www.sportshine.eu\/wp-content\/uploads\/2025\/10\/Luc-za-kolo-Hori-900-768x768.webp 768w, https:\/\/www.sportshine.eu\/wp-content\/uploads\/2025\/10\/Luc-za-kolo-Hori-900-600x600.webp 600w\" sizes=\"(max-width: 814px) 100vw, 814px\" \/><\/p>\n<h3 style=\"text-align: center;\">TEMPO DI ATTIVIT\u00c0 AFFIDABILE<\/h3>\n<p style=\"text-align: center;\">La batteria integrata da 2000 mAh garantisce un&#039;autonomia affidabile per le tue uscite quotidiane.<\/p>\n<p><img decoding=\"async\" class=\"aligncenter wp-image-8108 size-full\" src=\"https:\/\/www.sportshine.eu\/wp-content\/uploads\/2025\/10\/Hori-900-Magicshine.webp\" alt=\"Hori 900 Magicshine\" width=\"800\" height=\"800\" srcset=\"https:\/\/www.sportshine.eu\/wp-content\/uploads\/2025\/10\/Hori-900-Magicshine.webp 800w, https:\/\/www.sportshine.eu\/wp-content\/uploads\/2025\/10\/Hori-900-Magicshine-768x768.webp 768w, https:\/\/www.sportshine.eu\/wp-content\/uploads\/2025\/10\/Hori-900-Magicshine-600x600.webp 600w\" sizes=\"(max-width: 800px) 100vw, 800px\" \/><\/p>\n<h3 style=\"text-align: center;\">COSA CONTENUTI NEL PACCHETTO?<\/h3>\n<p><img decoding=\"async\" class=\"aligncenter wp-image-8109 size-full\" src=\"https:\/\/www.sportshine.eu\/wp-content\/uploads\/2025\/10\/magicshine-HORI-900-bike-light-in-the-box-pc.webp\" alt=\"Luce per bici Magicshine Hori 900\" width=\"2000\" height=\"900\" srcset=\"https:\/\/www.sportshine.eu\/wp-content\/uploads\/2025\/10\/magicshine-HORI-900-bike-light-in-the-box-pc.webp 2000w, https:\/\/www.sportshine.eu\/wp-content\/uploads\/2025\/10\/magicshine-HORI-900-bike-light-in-the-box-pc-768x346.webp 768w, https:\/\/www.sportshine.eu\/wp-content\/uploads\/2025\/10\/magicshine-HORI-900-bike-light-in-the-box-pc-1536x691.webp 1536w, https:\/\/www.sportshine.eu\/wp-content\/uploads\/2025\/10\/magicshine-HORI-900-bike-light-in-the-box-pc-600x270.webp 600w\" sizes=\"(max-width: 2000px) 100vw, 2000px\" \/><\/p>","protected":false},"excerpt":{"rendered":"<p>Magicshine HORI 900 \u00e8 la soluzione perfetta per la sicurezza e la visibilit\u00e0 sulla tua bici. Questa potente luce fornisce un&#039;illuminazione potente (fino a <b>900 milioni di chilometri<\/b>) che illuminer\u00e0 qualsiasi percorso. Grazie alle modalit\u00e0 flash avanzate, tra cui un flash dedicato per il giorno e la notte, sarai estremamente visibile sia di giorno che di notte. La luce ha un alloggiamento compatto con la possibilit\u00e0 di montaggio dall&#039;alto o dal basso per una perfetta integrazione con il tuo ciclocomputer. Il controllo \u00e8 semplice tramite un pulsante sulla luce stessa, che consente di passare da una modalit\u00e0 all&#039;altra e di attivare la modalit\u00e0 di blocco durante il trasporto. Inoltre, la luce pu\u00f2 essere collegata all&#039;app Magicshine e supporta la funzione FTR LightSync Control per la sincronizzazione con la luce posteriore.<\/p>\n<hr \/>\n<p><b>Caratteristiche principali:<\/b><\/p>\n<ul>\n<li>900 LM a piena potenza per illuminare ogni percorso.<\/li>\n<li>Flash giorno e notte per la massima sicurezza.<\/li>\n<li>Supporta l&#039;installazione sotto e sopra il supporto del ciclocomputer<\/li>\n<li>Connettivit\u00e0 con l&#039;app Magicshine e FTR LightSync Control.<\/li>\n<\/ul>","protected":false},"featured_media":8095,"comment_status":"open","ping_status":"closed","template":"","meta":[],"product_brand":[131],"product_cat":[82,150],"product_tag":[],"class_list":{"0":"post-8093","1":"product","2":"type-product","3":"status-publish","4":"has-post-thumbnail","6":"product_brand-magicshine","7":"product_cat-kolesarske-luci","8":"product_cat-sprednje-kolesarske-luci","10":"first","11":"instock","12":"sale","13":"taxable","14":"shipping-taxable","15":"purchasable","16":"product-type-simple"},"yoast_head":"<!-- This site is optimized with the Yoast SEO plugin v27.3 - https:\/\/yoast.com\/product\/yoast-seo-wordpress\/ -->\n<title>Magicshine HORI 900 lu\u010d za kolo<\/title>\n<meta name=\"description\" content=\"Vrhunska kolesarska lu\u010d z mo\u017enostjo namestitve pod kolesarski \u0161tevec. Z mo\u010djo 900 lumnov odli\u010dno razsvetli okolico in poskrbi, da ste na cesti vidni.\" \/>\n<meta name=\"robots\" content=\"index, follow, max-snippet:-1, max-image-preview:large, max-video-preview:-1\" \/>\n<link rel=\"canonical\" href=\"https:\/\/www.sportshine.eu\/it\/negozio\/luci-per-bici-magicshine-hori-900\/\" \/>\n<meta property=\"og:locale\" content=\"it_IT\" \/>\n<meta property=\"og:type\" content=\"article\" \/>\n<meta property=\"og:title\" content=\"Magicshine HORI 900 lu\u010d za kolo\" \/>\n<meta property=\"og:description\" content=\"Vrhunska kolesarska lu\u010d z mo\u017enostjo namestitve pod kolesarski \u0161tevec. Z mo\u010djo 900 lumnov odli\u010dno razsvetli okolico in poskrbi, da ste na cesti vidni.\" \/>\n<meta property=\"og:url\" content=\"https:\/\/www.sportshine.eu\/it\/negozio\/luci-per-bici-magicshine-hori-900\/\" \/>\n<meta property=\"og:site_name\" content=\"Sportshine\" \/>\n<meta property=\"article:publisher\" content=\"https:\/\/www.facebook.com\/sportshine.eu\/\" \/>\n<meta property=\"article:modified_time\" content=\"2026-04-07T19:56:06+00:00\" \/>\n<meta property=\"og:image\" content=\"https:\/\/www.sportshine.eu\/wp-content\/uploads\/2025\/10\/Magicshine-Hori-900.webp\" \/>\n\t<meta property=\"og:image:width\" content=\"800\" \/>\n\t<meta property=\"og:image:height\" content=\"800\" \/>\n\t<meta property=\"og:image:type\" content=\"image\/webp\" \/>\n<meta name=\"twitter:card\" content=\"summary_large_image\" \/>\n<meta name=\"twitter:label1\" content=\"Tempo di lettura stimato\" \/>\n\t<meta name=\"twitter:data1\" content=\"3 minuti\" \/>\n<script type=\"application\/ld+json\" class=\"yoast-schema-graph\">{\"@context\":\"https:\\\/\\\/schema.org\",\"@graph\":[{\"@type\":\"WebPage\",\"@id\":\"https:\\\/\\\/www.sportshine.eu\\\/trgovina\\\/magicshine-hori-900-luc-za-kolo\\\/\",\"url\":\"https:\\\/\\\/www.sportshine.eu\\\/trgovina\\\/magicshine-hori-900-luc-za-kolo\\\/\",\"name\":\"Magicshine HORI 900 lu\u010d za kolo\",\"isPartOf\":{\"@id\":\"https:\\\/\\\/www.sportshine.eu\\\/#website\"},\"primaryImageOfPage\":{\"@id\":\"https:\\\/\\\/www.sportshine.eu\\\/trgovina\\\/magicshine-hori-900-luc-za-kolo\\\/#primaryimage\"},\"image\":{\"@id\":\"https:\\\/\\\/www.sportshine.eu\\\/trgovina\\\/magicshine-hori-900-luc-za-kolo\\\/#primaryimage\"},\"thumbnailUrl\":\"https:\\\/\\\/www.sportshine.eu\\\/wp-content\\\/uploads\\\/2025\\\/10\\\/Magicshine-Hori-900.webp\",\"datePublished\":\"2026-03-01T08:14:28+00:00\",\"dateModified\":\"2026-04-07T19:56:06+00:00\",\"description\":\"Vrhunska kolesarska lu\u010d z mo\u017enostjo namestitve pod kolesarski \u0161tevec. Z mo\u010djo 900 lumnov odli\u010dno razsvetli okolico in poskrbi, da ste na cesti vidni.\",\"breadcrumb\":{\"@id\":\"https:\\\/\\\/www.sportshine.eu\\\/trgovina\\\/magicshine-hori-900-luc-za-kolo\\\/#breadcrumb\"},\"inLanguage\":\"it-IT\",\"potentialAction\":[{\"@type\":\"ReadAction\",\"target\":[\"https:\\\/\\\/www.sportshine.eu\\\/trgovina\\\/magicshine-hori-900-luc-za-kolo\\\/\"]}]},{\"@type\":\"ImageObject\",\"inLanguage\":\"it-IT\",\"@id\":\"https:\\\/\\\/www.sportshine.eu\\\/trgovina\\\/magicshine-hori-900-luc-za-kolo\\\/#primaryimage\",\"url\":\"https:\\\/\\\/www.sportshine.eu\\\/wp-content\\\/uploads\\\/2025\\\/10\\\/Magicshine-Hori-900.webp\",\"contentUrl\":\"https:\\\/\\\/www.sportshine.eu\\\/wp-content\\\/uploads\\\/2025\\\/10\\\/Magicshine-Hori-900.webp\",\"width\":800,\"height\":800,\"caption\":\"Magicshine Hori 900\"},{\"@type\":\"BreadcrumbList\",\"@id\":\"https:\\\/\\\/www.sportshine.eu\\\/trgovina\\\/magicshine-hori-900-luc-za-kolo\\\/#breadcrumb\",\"itemListElement\":[{\"@type\":\"ListItem\",\"position\":1,\"name\":\"Home\",\"item\":\"https:\\\/\\\/www.sportshine.eu\\\/\"},{\"@type\":\"ListItem\",\"position\":2,\"name\":\"Trgovina\",\"item\":\"https:\\\/\\\/www.sportshine.eu\\\/trgovina\\\/\"},{\"@type\":\"ListItem\",\"position\":3,\"name\":\"Magicshine HORI 900 lu\u010d za kolo\"}]},{\"@type\":\"WebSite\",\"@id\":\"https:\\\/\\\/www.sportshine.eu\\\/#website\",\"url\":\"https:\\\/\\\/www.sportshine.eu\\\/\",\"name\":\"Sportshine\",\"description\":\"Top spletna trgovina kolesarskih in naglavnih svetilk ter opreme\",\"publisher\":{\"@id\":\"https:\\\/\\\/www.sportshine.eu\\\/#organization\"},\"potentialAction\":[{\"@type\":\"SearchAction\",\"target\":{\"@type\":\"EntryPoint\",\"urlTemplate\":\"https:\\\/\\\/www.sportshine.eu\\\/?s={search_term_string}\"},\"query-input\":{\"@type\":\"PropertyValueSpecification\",\"valueRequired\":true,\"valueName\":\"search_term_string\"}}],\"inLanguage\":\"it-IT\"},{\"@type\":\"Organization\",\"@id\":\"https:\\\/\\\/www.sportshine.eu\\\/#organization\",\"name\":\"Sportshine\",\"url\":\"https:\\\/\\\/www.sportshine.eu\\\/\",\"logo\":{\"@type\":\"ImageObject\",\"inLanguage\":\"it-IT\",\"@id\":\"https:\\\/\\\/www.sportshine.eu\\\/#\\\/schema\\\/logo\\\/image\\\/\",\"url\":\"https:\\\/\\\/www.sportshine.eu\\\/wp-content\\\/uploads\\\/2026\\\/01\\\/cropped-Sportshine.webp\",\"contentUrl\":\"https:\\\/\\\/www.sportshine.eu\\\/wp-content\\\/uploads\\\/2026\\\/01\\\/cropped-Sportshine.webp\",\"width\":295,\"height\":128,\"caption\":\"Sportshine\"},\"image\":{\"@id\":\"https:\\\/\\\/www.sportshine.eu\\\/#\\\/schema\\\/logo\\\/image\\\/\"},\"sameAs\":[\"https:\\\/\\\/www.facebook.com\\\/sportshine.eu\\\/\"]}]}<\/script>\n<!-- \/ Yoast SEO plugin. -->","yoast_head_json":{"title":"Luce per bicicletta Magicshine HORI 900","description":"Una luce per bici di alta qualit\u00e0 che pu\u00f2 essere montata sotto il ciclocomputer. Con una potenza di 900 lumen, illumina perfettamente l&#039;ambiente circostante e ti garantisce la visibilit\u00e0 sulla strada.","robots":{"index":"index","follow":"follow","max-snippet":"max-snippet:-1","max-image-preview":"max-image-preview:large","max-video-preview":"max-video-preview:-1"},"canonical":"https:\/\/www.sportshine.eu\/it\/negozio\/luci-per-bici-magicshine-hori-900\/","og_locale":"it_IT","og_type":"article","og_title":"Magicshine HORI 900 lu\u010d za kolo","og_description":"Vrhunska kolesarska lu\u010d z mo\u017enostjo namestitve pod kolesarski \u0161tevec. Z mo\u010djo 900 lumnov odli\u010dno razsvetli okolico in poskrbi, da ste na cesti vidni.","og_url":"https:\/\/www.sportshine.eu\/it\/negozio\/luci-per-bici-magicshine-hori-900\/","og_site_name":"Sportshine","article_publisher":"https:\/\/www.facebook.com\/sportshine.eu\/","article_modified_time":"2026-04-07T19:56:06+00:00","og_image":[{"width":800,"height":800,"url":"https:\/\/www.sportshine.eu\/wp-content\/uploads\/2025\/10\/Magicshine-Hori-900.webp","type":"image\/webp"}],"twitter_card":"summary_large_image","twitter_misc":{"Tempo di lettura stimato":"3 minuti"},"schema":{"@context":"https:\/\/schema.org","@graph":[{"@type":"WebPage","@id":"https:\/\/www.sportshine.eu\/trgovina\/magicshine-hori-900-luc-za-kolo\/","url":"https:\/\/www.sportshine.eu\/trgovina\/magicshine-hori-900-luc-za-kolo\/","name":"Luce per bicicletta Magicshine HORI 900","isPartOf":{"@id":"https:\/\/www.sportshine.eu\/#website"},"primaryImageOfPage":{"@id":"https:\/\/www.sportshine.eu\/trgovina\/magicshine-hori-900-luc-za-kolo\/#primaryimage"},"image":{"@id":"https:\/\/www.sportshine.eu\/trgovina\/magicshine-hori-900-luc-za-kolo\/#primaryimage"},"thumbnailUrl":"https:\/\/www.sportshine.eu\/wp-content\/uploads\/2025\/10\/Magicshine-Hori-900.webp","datePublished":"2026-03-01T08:14:28+00:00","dateModified":"2026-04-07T19:56:06+00:00","description":"Una luce per bici di alta qualit\u00e0 che pu\u00f2 essere montata sotto il ciclocomputer. Con una potenza di 900 lumen, illumina perfettamente l&#039;ambiente circostante e ti garantisce la visibilit\u00e0 sulla strada.","breadcrumb":{"@id":"https:\/\/www.sportshine.eu\/trgovina\/magicshine-hori-900-luc-za-kolo\/#breadcrumb"},"inLanguage":"it-IT","potentialAction":[{"@type":"ReadAction","target":["https:\/\/www.sportshine.eu\/trgovina\/magicshine-hori-900-luc-za-kolo\/"]}]},{"@type":"ImageObject","inLanguage":"it-IT","@id":"https:\/\/www.sportshine.eu\/trgovina\/magicshine-hori-900-luc-za-kolo\/#primaryimage","url":"https:\/\/www.sportshine.eu\/wp-content\/uploads\/2025\/10\/Magicshine-Hori-900.webp","contentUrl":"https:\/\/www.sportshine.eu\/wp-content\/uploads\/2025\/10\/Magicshine-Hori-900.webp","width":800,"height":800,"caption":"Magicshine Hori 900"},{"@type":"BreadcrumbList","@id":"https:\/\/www.sportshine.eu\/trgovina\/magicshine-hori-900-luc-za-kolo\/#breadcrumb","itemListElement":[{"@type":"ListItem","position":1,"name":"Home","item":"https:\/\/www.sportshine.eu\/"},{"@type":"ListItem","position":2,"name":"Trgovina","item":"https:\/\/www.sportshine.eu\/trgovina\/"},{"@type":"ListItem","position":3,"name":"Magicshine HORI 900 lu\u010d za kolo"}]},{"@type":"WebSite","@id":"https:\/\/www.sportshine.eu\/#website","url":"https:\/\/www.sportshine.eu\/","name":"Sportshine","description":"Il miglior negozio online per ciclismo, lampade frontali e attrezzature","publisher":{"@id":"https:\/\/www.sportshine.eu\/#organization"},"potentialAction":[{"@type":"SearchAction","target":{"@type":"EntryPoint","urlTemplate":"https:\/\/www.sportshine.eu\/?s={search_term_string}"},"query-input":{"@type":"PropertyValueSpecification","valueRequired":true,"valueName":"search_term_string"}}],"inLanguage":"it-IT"},{"@type":"Organization","@id":"https:\/\/www.sportshine.eu\/#organization","name":"Sportshine","url":"https:\/\/www.sportshine.eu\/","logo":{"@type":"ImageObject","inLanguage":"it-IT","@id":"https:\/\/www.sportshine.eu\/#\/schema\/logo\/image\/","url":"https:\/\/www.sportshine.eu\/wp-content\/uploads\/2026\/01\/cropped-Sportshine.webp","contentUrl":"https:\/\/www.sportshine.eu\/wp-content\/uploads\/2026\/01\/cropped-Sportshine.webp","width":295,"height":128,"caption":"Sportshine"},"image":{"@id":"https:\/\/www.sportshine.eu\/#\/schema\/logo\/image\/"},"sameAs":["https:\/\/www.facebook.com\/sportshine.eu\/"]}]}},"_links":{"self":[{"href":"https:\/\/www.sportshine.eu\/it\/wp-json\/wp\/v2\/product\/8093","targetHints":{"allow":["GET"]}}],"collection":[{"href":"https:\/\/www.sportshine.eu\/it\/wp-json\/wp\/v2\/product"}],"about":[{"href":"https:\/\/www.sportshine.eu\/it\/wp-json\/wp\/v2\/types\/product"}],"replies":[{"embeddable":true,"href":"https:\/\/www.sportshine.eu\/it\/wp-json\/wp\/v2\/comments?post=8093"}],"version-history":[{"count":1,"href":"https:\/\/www.sportshine.eu\/it\/wp-json\/wp\/v2\/product\/8093\/revisions"}],"predecessor-version":[{"id":10344,"href":"https:\/\/www.sportshine.eu\/it\/wp-json\/wp\/v2\/product\/8093\/revisions\/10344"}],"wp:featuredmedia":[{"embeddable":true,"href":"https:\/\/www.sportshine.eu\/it\/wp-json\/wp\/v2\/media\/8095"}],"wp:attachment":[{"href":"https:\/\/www.sportshine.eu\/it\/wp-json\/wp\/v2\/media?parent=8093"}],"wp:term":[{"taxonomy":"product_brand","embeddable":true,"href":"https:\/\/www.sportshine.eu\/it\/wp-json\/wp\/v2\/product_brand?post=8093"},{"taxonomy":"product_cat","embeddable":true,"href":"https:\/\/www.sportshine.eu\/it\/wp-json\/wp\/v2\/product_cat?post=8093"},{"taxonomy":"product_tag","embeddable":true,"href":"https:\/\/www.sportshine.eu\/it\/wp-json\/wp\/v2\/product_tag?post=8093"}],"curies":[{"name":"parola chiave","href":"https:\/\/api.w.org\/{rel}","templated":true}]}}