{"id":7997,"date":"2025-09-25T12:49:44","date_gmt":"2025-09-25T12:49:44","guid":{"rendered":"https:\/\/www.sportshine.eu\/?post_type=product&#038;p=7997"},"modified":"2025-09-25T12:59:35","modified_gmt":"2025-09-25T12:59:35","slug":"magicshine-tta-c-supporto-per-luce-in-carbonio-integrato","status":"publish","type":"product","link":"https:\/\/www.sportshine.eu\/it\/negozio\/magicshine-tta-c-supporto-per-luce-in-carbonio-integrato\/","title":{"rendered":"Supporto per luce in carbonio integrato Magicshine TTA-C"},"content":{"rendered":"<p>Il portabici TTA-C in fibra di carbonio \u00e8 progettato per bici da corsa e da triathlon con un sistema manubrio integrato in un unico pezzo. Il suo principale vantaggio \u00e8 la possibilit\u00e0 di montare due dispositivi contemporaneamente, ad esempio un ciclocomputer nella parte superiore e una luce o una action cam nella parte inferiore. Il montaggio avviene sotto il manubrio, il che consente un aspetto pulito e aerodinamico e un posizionamento ottimale degli accessori.<\/p>","protected":false},"excerpt":{"rendered":"<p>Il portabici TTA-C in fibra di carbonio \u00e8 progettato per bici da corsa e da triathlon con un sistema manubrio integrato in un unico pezzo. Il suo principale vantaggio \u00e8 la possibilit\u00e0 di montare due dispositivi contemporaneamente, ad esempio un ciclocomputer nella parte superiore e una luce o una action cam nella parte inferiore. Il montaggio avviene sotto il manubrio, il che consente un aspetto pulito e aerodinamico e un posizionamento ottimale degli accessori.<\/p>","protected":false},"featured_media":7998,"comment_status":"open","ping_status":"closed","template":"","meta":[],"product_brand":[131],"product_cat":[87],"product_tag":[],"class_list":{"0":"post-7997","1":"product","2":"type-product","3":"status-publish","4":"has-post-thumbnail","6":"product_brand-magicshine","7":"product_cat-kolesarski-nosilci","9":"first","10":"instock","11":"taxable","12":"shipping-taxable","13":"purchasable","14":"product-type-simple"},"yoast_head":"<!-- This site is optimized with the Yoast SEO plugin v27.3 - https:\/\/yoast.com\/product\/yoast-seo-wordpress\/ -->\n<title>Magicshine TTA-C Integrated Carbon nosilec za lu\u010d - Sportshine<\/title>\n<meta name=\"robots\" content=\"index, follow, max-snippet:-1, max-image-preview:large, max-video-preview:-1\" \/>\n<link rel=\"canonical\" href=\"https:\/\/www.sportshine.eu\/it\/negozio\/magicshine-tta-c-supporto-per-luce-in-carbonio-integrato\/\" \/>\n<meta property=\"og:locale\" content=\"it_IT\" \/>\n<meta property=\"og:type\" content=\"article\" \/>\n<meta property=\"og:title\" content=\"Magicshine TTA-C Integrated Carbon nosilec za lu\u010d - Sportshine\" \/>\n<meta property=\"og:description\" content=\"Nosilec TTA-C iz ogljikovih vlaken je zasnovan za cestna in triatlonska kolesa z enodelnim integriranim krmilnim sistemom. Njegova glavna prednost je mo\u017enost hkratne namestitve dveh naprav \u2013 zgoraj na primer kolesarski ra\u010dunalnik, spodaj pa lu\u010d ali akcijsko kamero. Namestitev poteka pod krmilom, kar omogo\u010da \u010dist, aerodinami\u010den videz in optimalno razporeditev dodatkov.\" \/>\n<meta property=\"og:url\" content=\"https:\/\/www.sportshine.eu\/it\/negozio\/magicshine-tta-c-supporto-per-luce-in-carbonio-integrato\/\" \/>\n<meta property=\"og:site_name\" content=\"Sportshine\" \/>\n<meta property=\"article:publisher\" content=\"https:\/\/www.facebook.com\/sportshine.eu\/\" \/>\n<meta property=\"article:modified_time\" content=\"2025-09-25T12:59:35+00:00\" \/>\n<meta property=\"og:image\" content=\"https:\/\/www.sportshine.eu\/wp-content\/uploads\/2025\/09\/Magicshine-TTA-C-Integrated-Carbon-nosilec-za-luc.webp\" \/>\n\t<meta property=\"og:image:width\" content=\"800\" \/>\n\t<meta property=\"og:image:height\" content=\"800\" \/>\n\t<meta property=\"og:image:type\" content=\"image\/webp\" \/>\n<meta name=\"twitter:card\" content=\"summary_large_image\" \/>\n<meta name=\"twitter:label1\" content=\"Tempo di lettura stimato\" \/>\n\t<meta name=\"twitter:data1\" content=\"1 minuto\" \/>\n<script type=\"application\/ld+json\" class=\"yoast-schema-graph\">{\"@context\":\"https:\\\/\\\/schema.org\",\"@graph\":[{\"@type\":\"WebPage\",\"@id\":\"https:\\\/\\\/www.sportshine.eu\\\/trgovina\\\/magicshine-tta-c-integrated-carbon-nosilec-za-luc\\\/\",\"url\":\"https:\\\/\\\/www.sportshine.eu\\\/trgovina\\\/magicshine-tta-c-integrated-carbon-nosilec-za-luc\\\/\",\"name\":\"Magicshine TTA-C Integrated Carbon nosilec za lu\u010d - Sportshine\",\"isPartOf\":{\"@id\":\"https:\\\/\\\/www.sportshine.eu\\\/#website\"},\"primaryImageOfPage\":{\"@id\":\"https:\\\/\\\/www.sportshine.eu\\\/trgovina\\\/magicshine-tta-c-integrated-carbon-nosilec-za-luc\\\/#primaryimage\"},\"image\":{\"@id\":\"https:\\\/\\\/www.sportshine.eu\\\/trgovina\\\/magicshine-tta-c-integrated-carbon-nosilec-za-luc\\\/#primaryimage\"},\"thumbnailUrl\":\"https:\\\/\\\/www.sportshine.eu\\\/wp-content\\\/uploads\\\/2025\\\/09\\\/Magicshine-TTA-C-Integrated-Carbon-nosilec-za-luc.webp\",\"datePublished\":\"2025-09-25T12:49:44+00:00\",\"dateModified\":\"2025-09-25T12:59:35+00:00\",\"breadcrumb\":{\"@id\":\"https:\\\/\\\/www.sportshine.eu\\\/trgovina\\\/magicshine-tta-c-integrated-carbon-nosilec-za-luc\\\/#breadcrumb\"},\"inLanguage\":\"it-IT\",\"potentialAction\":[{\"@type\":\"ReadAction\",\"target\":[\"https:\\\/\\\/www.sportshine.eu\\\/trgovina\\\/magicshine-tta-c-integrated-carbon-nosilec-za-luc\\\/\"]}]},{\"@type\":\"ImageObject\",\"inLanguage\":\"it-IT\",\"@id\":\"https:\\\/\\\/www.sportshine.eu\\\/trgovina\\\/magicshine-tta-c-integrated-carbon-nosilec-za-luc\\\/#primaryimage\",\"url\":\"https:\\\/\\\/www.sportshine.eu\\\/wp-content\\\/uploads\\\/2025\\\/09\\\/Magicshine-TTA-C-Integrated-Carbon-nosilec-za-luc.webp\",\"contentUrl\":\"https:\\\/\\\/www.sportshine.eu\\\/wp-content\\\/uploads\\\/2025\\\/09\\\/Magicshine-TTA-C-Integrated-Carbon-nosilec-za-luc.webp\",\"width\":800,\"height\":800,\"caption\":\"Magicshine TTA-C Integrated Carbon nosilec za lu\u010d\"},{\"@type\":\"BreadcrumbList\",\"@id\":\"https:\\\/\\\/www.sportshine.eu\\\/trgovina\\\/magicshine-tta-c-integrated-carbon-nosilec-za-luc\\\/#breadcrumb\",\"itemListElement\":[{\"@type\":\"ListItem\",\"position\":1,\"name\":\"Home\",\"item\":\"https:\\\/\\\/www.sportshine.eu\\\/\"},{\"@type\":\"ListItem\",\"position\":2,\"name\":\"Trgovina\",\"item\":\"https:\\\/\\\/www.sportshine.eu\\\/trgovina\\\/\"},{\"@type\":\"ListItem\",\"position\":3,\"name\":\"Magicshine TTA-C Integrated Carbon nosilec za lu\u010d\"}]},{\"@type\":\"WebSite\",\"@id\":\"https:\\\/\\\/www.sportshine.eu\\\/#website\",\"url\":\"https:\\\/\\\/www.sportshine.eu\\\/\",\"name\":\"Sportshine\",\"description\":\"Top spletna trgovina kolesarskih in naglavnih svetilk ter opreme\",\"publisher\":{\"@id\":\"https:\\\/\\\/www.sportshine.eu\\\/#organization\"},\"potentialAction\":[{\"@type\":\"SearchAction\",\"target\":{\"@type\":\"EntryPoint\",\"urlTemplate\":\"https:\\\/\\\/www.sportshine.eu\\\/?s={search_term_string}\"},\"query-input\":{\"@type\":\"PropertyValueSpecification\",\"valueRequired\":true,\"valueName\":\"search_term_string\"}}],\"inLanguage\":\"it-IT\"},{\"@type\":\"Organization\",\"@id\":\"https:\\\/\\\/www.sportshine.eu\\\/#organization\",\"name\":\"Sportshine\",\"url\":\"https:\\\/\\\/www.sportshine.eu\\\/\",\"logo\":{\"@type\":\"ImageObject\",\"inLanguage\":\"it-IT\",\"@id\":\"https:\\\/\\\/www.sportshine.eu\\\/#\\\/schema\\\/logo\\\/image\\\/\",\"url\":\"https:\\\/\\\/www.sportshine.eu\\\/wp-content\\\/uploads\\\/2026\\\/01\\\/cropped-Sportshine.webp\",\"contentUrl\":\"https:\\\/\\\/www.sportshine.eu\\\/wp-content\\\/uploads\\\/2026\\\/01\\\/cropped-Sportshine.webp\",\"width\":295,\"height\":128,\"caption\":\"Sportshine\"},\"image\":{\"@id\":\"https:\\\/\\\/www.sportshine.eu\\\/#\\\/schema\\\/logo\\\/image\\\/\"},\"sameAs\":[\"https:\\\/\\\/www.facebook.com\\\/sportshine.eu\\\/\"]}]}<\/script>\n<!-- \/ Yoast SEO plugin. -->","yoast_head_json":{"title":"Supporto per luce in carbonio integrato Magicshine TTA-C - Sportshine","robots":{"index":"index","follow":"follow","max-snippet":"max-snippet:-1","max-image-preview":"max-image-preview:large","max-video-preview":"max-video-preview:-1"},"canonical":"https:\/\/www.sportshine.eu\/it\/negozio\/magicshine-tta-c-supporto-per-luce-in-carbonio-integrato\/","og_locale":"it_IT","og_type":"article","og_title":"Magicshine TTA-C Integrated Carbon nosilec za lu\u010d - Sportshine","og_description":"Nosilec TTA-C iz ogljikovih vlaken je zasnovan za cestna in triatlonska kolesa z enodelnim integriranim krmilnim sistemom. Njegova glavna prednost je mo\u017enost hkratne namestitve dveh naprav \u2013 zgoraj na primer kolesarski ra\u010dunalnik, spodaj pa lu\u010d ali akcijsko kamero. Namestitev poteka pod krmilom, kar omogo\u010da \u010dist, aerodinami\u010den videz in optimalno razporeditev dodatkov.","og_url":"https:\/\/www.sportshine.eu\/it\/negozio\/magicshine-tta-c-supporto-per-luce-in-carbonio-integrato\/","og_site_name":"Sportshine","article_publisher":"https:\/\/www.facebook.com\/sportshine.eu\/","article_modified_time":"2025-09-25T12:59:35+00:00","og_image":[{"width":800,"height":800,"url":"https:\/\/www.sportshine.eu\/wp-content\/uploads\/2025\/09\/Magicshine-TTA-C-Integrated-Carbon-nosilec-za-luc.webp","type":"image\/webp"}],"twitter_card":"summary_large_image","twitter_misc":{"Tempo di lettura stimato":"1 minuto"},"schema":{"@context":"https:\/\/schema.org","@graph":[{"@type":"WebPage","@id":"https:\/\/www.sportshine.eu\/trgovina\/magicshine-tta-c-integrated-carbon-nosilec-za-luc\/","url":"https:\/\/www.sportshine.eu\/trgovina\/magicshine-tta-c-integrated-carbon-nosilec-za-luc\/","name":"Supporto per luce in carbonio integrato Magicshine TTA-C - Sportshine","isPartOf":{"@id":"https:\/\/www.sportshine.eu\/#website"},"primaryImageOfPage":{"@id":"https:\/\/www.sportshine.eu\/trgovina\/magicshine-tta-c-integrated-carbon-nosilec-za-luc\/#primaryimage"},"image":{"@id":"https:\/\/www.sportshine.eu\/trgovina\/magicshine-tta-c-integrated-carbon-nosilec-za-luc\/#primaryimage"},"thumbnailUrl":"https:\/\/www.sportshine.eu\/wp-content\/uploads\/2025\/09\/Magicshine-TTA-C-Integrated-Carbon-nosilec-za-luc.webp","datePublished":"2025-09-25T12:49:44+00:00","dateModified":"2025-09-25T12:59:35+00:00","breadcrumb":{"@id":"https:\/\/www.sportshine.eu\/trgovina\/magicshine-tta-c-integrated-carbon-nosilec-za-luc\/#breadcrumb"},"inLanguage":"it-IT","potentialAction":[{"@type":"ReadAction","target":["https:\/\/www.sportshine.eu\/trgovina\/magicshine-tta-c-integrated-carbon-nosilec-za-luc\/"]}]},{"@type":"ImageObject","inLanguage":"it-IT","@id":"https:\/\/www.sportshine.eu\/trgovina\/magicshine-tta-c-integrated-carbon-nosilec-za-luc\/#primaryimage","url":"https:\/\/www.sportshine.eu\/wp-content\/uploads\/2025\/09\/Magicshine-TTA-C-Integrated-Carbon-nosilec-za-luc.webp","contentUrl":"https:\/\/www.sportshine.eu\/wp-content\/uploads\/2025\/09\/Magicshine-TTA-C-Integrated-Carbon-nosilec-za-luc.webp","width":800,"height":800,"caption":"Magicshine TTA-C Integrated Carbon nosilec za lu\u010d"},{"@type":"BreadcrumbList","@id":"https:\/\/www.sportshine.eu\/trgovina\/magicshine-tta-c-integrated-carbon-nosilec-za-luc\/#breadcrumb","itemListElement":[{"@type":"ListItem","position":1,"name":"Home","item":"https:\/\/www.sportshine.eu\/"},{"@type":"ListItem","position":2,"name":"Trgovina","item":"https:\/\/www.sportshine.eu\/trgovina\/"},{"@type":"ListItem","position":3,"name":"Magicshine TTA-C Integrated Carbon nosilec za lu\u010d"}]},{"@type":"WebSite","@id":"https:\/\/www.sportshine.eu\/#website","url":"https:\/\/www.sportshine.eu\/","name":"Sportshine","description":"Il miglior negozio online per ciclismo, lampade frontali e attrezzature","publisher":{"@id":"https:\/\/www.sportshine.eu\/#organization"},"potentialAction":[{"@type":"SearchAction","target":{"@type":"EntryPoint","urlTemplate":"https:\/\/www.sportshine.eu\/?s={search_term_string}"},"query-input":{"@type":"PropertyValueSpecification","valueRequired":true,"valueName":"search_term_string"}}],"inLanguage":"it-IT"},{"@type":"Organization","@id":"https:\/\/www.sportshine.eu\/#organization","name":"Sportshine","url":"https:\/\/www.sportshine.eu\/","logo":{"@type":"ImageObject","inLanguage":"it-IT","@id":"https:\/\/www.sportshine.eu\/#\/schema\/logo\/image\/","url":"https:\/\/www.sportshine.eu\/wp-content\/uploads\/2026\/01\/cropped-Sportshine.webp","contentUrl":"https:\/\/www.sportshine.eu\/wp-content\/uploads\/2026\/01\/cropped-Sportshine.webp","width":295,"height":128,"caption":"Sportshine"},"image":{"@id":"https:\/\/www.sportshine.eu\/#\/schema\/logo\/image\/"},"sameAs":["https:\/\/www.facebook.com\/sportshine.eu\/"]}]}},"_links":{"self":[{"href":"https:\/\/www.sportshine.eu\/it\/wp-json\/wp\/v2\/product\/7997","targetHints":{"allow":["GET"]}}],"collection":[{"href":"https:\/\/www.sportshine.eu\/it\/wp-json\/wp\/v2\/product"}],"about":[{"href":"https:\/\/www.sportshine.eu\/it\/wp-json\/wp\/v2\/types\/product"}],"replies":[{"embeddable":true,"href":"https:\/\/www.sportshine.eu\/it\/wp-json\/wp\/v2\/comments?post=7997"}],"version-history":[{"count":0,"href":"https:\/\/www.sportshine.eu\/it\/wp-json\/wp\/v2\/product\/7997\/revisions"}],"wp:featuredmedia":[{"embeddable":true,"href":"https:\/\/www.sportshine.eu\/it\/wp-json\/wp\/v2\/media\/7998"}],"wp:attachment":[{"href":"https:\/\/www.sportshine.eu\/it\/wp-json\/wp\/v2\/media?parent=7997"}],"wp:term":[{"taxonomy":"product_brand","embeddable":true,"href":"https:\/\/www.sportshine.eu\/it\/wp-json\/wp\/v2\/product_brand?post=7997"},{"taxonomy":"product_cat","embeddable":true,"href":"https:\/\/www.sportshine.eu\/it\/wp-json\/wp\/v2\/product_cat?post=7997"},{"taxonomy":"product_tag","embeddable":true,"href":"https:\/\/www.sportshine.eu\/it\/wp-json\/wp\/v2\/product_tag?post=7997"}],"curies":[{"name":"parola chiave","href":"https:\/\/api.w.org\/{rel}","templated":true}]}}