{"id":7731,"date":"2025-08-03T19:31:39","date_gmt":"2025-08-03T19:31:39","guid":{"rendered":"https:\/\/www.sportshine.eu\/?post_type=product&#038;p=7731"},"modified":"2025-08-03T20:05:45","modified_gmt":"2025-08-03T20:05:45","slug":"ciclocomputer-bryton-rider-650","status":"publish","type":"product","link":"https:\/\/www.sportshine.eu\/it\/negozio\/ciclocomputer-bryton-rider-650\/","title":{"rendered":"Ciclocomputer Bryton Rider 650"},"content":{"rendered":"<h3 style=\"text-align: center;\">TASTO FUNZIONE<\/h3>\n<p style=\"text-align: center;\">Prendi il controllo della tua corsa con il tasto funzione personalizzabile. Assegnagli la tua funzione preferita: che si tratti di un rapido passaggio alla mappa, della visualizzazione delle ultime notifiche o del salvataggio di un&#039;attivit\u00e0 con una pressione prolungata.<\/p>\n<h3 style=\"text-align: center;\">SENSORE DI LUCE AMBIENTE<\/h3>\n<p style=\"text-align: center;\">Il Rider 650 \u00e8 dotato di un sensore di luce ambientale integrato che regola automaticamente la luminosit\u00e0 dello schermo per una visibilit\u00e0 ottimale in tutte le condizioni di illuminazione. Offre inoltre livelli di luminosit\u00e0 preimpostati per impostazioni di visualizzazione personalizzate, garantendo una facile leggibilit\u00e0 e un&#039;elevata efficienza energetica in ogni condizione.<\/p>\n<p><iframe loading=\"lazy\" title=\"Bryton Rider 650 | Innovazione resa accessibile\" width=\"500\" height=\"281\" src=\"https:\/\/www.youtube.com\/embed\/SnUl_EJft1k?feature=oembed\" frameborder=\"0\" allow=\"accelerometer; autoplay; clipboard-write; encrypted-media; gyroscope; picture-in-picture; web-share\" referrerpolicy=\"strict-origin-when-cross-origin\" allowfullscreen><\/iframe><\/p>\n<p style=\"text-align: center;\" data-start=\"408\" data-end=\"738\">\n<h3 style=\"text-align: center;\">VISTA DELLA SFIDA DI ARRAMPICATA<\/h3>\n<p style=\"text-align: center;\">Quando si importa un percorso nell&#039;app Bryton Active, vengono automaticamente generati i dati sulla pendenza. Il ciclocomputer visualizza i dettagli della salita, tra cui una rappresentazione grafica della pendenza, delle pendenze con codice colore, della lunghezza del segmento, dell&#039;altitudine, della salita totale e dei punti di partenza.<\/p>\n<h3 style=\"text-align: center;\">STATO RAPIDO<\/h3>\n<p style=\"text-align: center;\">Rider 650 consente di personalizzare il cruscotto con notifiche, dati sui giri, informazioni sui sensori, controllo delle luci e calibrazione della potenza.<\/p>\n<h3 style=\"text-align: center;\">NAVIGAZIONE TURN-BY-TURN<\/h3>\n<p style=\"text-align: center;\">Che tu stia esplorando nuove aree o seguendo un percorso scaricato, il Rider 650 \u00e8 il tuo compagno ideale. Offre navigazione passo-passo, nomi delle strade, vette, distanza e indicazioni su mappe OSM precaricate.<\/p>\n<p><img decoding=\"async\" class=\"aligncenter wp-image-7735 size-full\" src=\"https:\/\/www.sportshine.eu\/wp-content\/uploads\/2025\/08\/Bryton-650-2.webp\" alt=\"\" width=\"800\" height=\"800\" srcset=\"https:\/\/www.sportshine.eu\/wp-content\/uploads\/2025\/08\/Bryton-650-2.webp 800w, https:\/\/www.sportshine.eu\/wp-content\/uploads\/2025\/08\/Bryton-650-2-768x768.webp 768w, https:\/\/www.sportshine.eu\/wp-content\/uploads\/2025\/08\/Bryton-650-2-600x600.webp 600w\" sizes=\"(max-width: 800px) 100vw, 800px\" \/><\/p>\n<h3 style=\"text-align: center;\">ALLENAMENTI AVANZATI<\/h3>\n<p style=\"text-align: center;\">Con l&#039;app Bryton Active e Rider 650, puoi creare o importare rapidamente piani di allenamento. Durante l&#039;allenamento, ogni fase viene visualizzata tramite barre di avanzamento e il dispositivo consente anche di ingrandire e ridurre la visualizzazione.<\/p>\n<h3 style=\"text-align: center;\">FORMAZIONE INTERNA<\/h3>\n<p style=\"text-align: center;\">Gli utenti possono saltare parti dell&#039;allenamento e regolare l&#039;intensit\u00e0, la potenza target o la resistenza in base alle proprie preferenze. Gli allenamenti possono essere creati nell&#039;app Bryton Active o sincronizzati da TrainingPeaks.<\/p>\n<h3 style=\"text-align: center;\">SUPPORTO PER LE DINAMICHE CICLISTICHE<\/h3>\n<p style=\"text-align: center;\">Rider 650 offre un supporto completo per l&#039;allenamento della forza e l&#039;analisi dei dati. In combinazione con un misuratore di potenza compatibile, visualizza dati dinamici come posizioni di guida, distribuzione della potenza, PCO (centro di forza) e bilanciamento gamba sinistra-destra.<\/p>\n<p><img decoding=\"async\" class=\"wp-image-7736 size-full aligncenter\" src=\"https:\/\/www.sportshine.eu\/wp-content\/uploads\/2025\/08\/bryton-650-kolesarski-racunalmik.webp\" alt=\"\" width=\"800\" height=\"800\" srcset=\"https:\/\/www.sportshine.eu\/wp-content\/uploads\/2025\/08\/bryton-650-kolesarski-racunalmik.webp 800w, https:\/\/www.sportshine.eu\/wp-content\/uploads\/2025\/08\/bryton-650-kolesarski-racunalmik-768x768.webp 768w, https:\/\/www.sportshine.eu\/wp-content\/uploads\/2025\/08\/bryton-650-kolesarski-racunalmik-600x600.webp 600w\" sizes=\"(max-width: 800px) 100vw, 800px\" \/><\/p>\n<h3 style=\"text-align: center;\">SUPPORTO RADAR PER BICICLETTE<\/h3>\n<p style=\"text-align: center;\">Grazie al sistema di rilevamento radar posteriore ANT+, i ciclisti possono rilevare veicoli fino a 150 metri dietro di loro. Segnali colorati e avvisi acustici sul lato destro di ogni pagina dati avvertono del traffico in avvicinamento.<br \/>\nE-BIKE<br \/>\nRider 650 si collega ai sistemi Shimano Steps e ANT+ LEV. Monitora il livello di assistenza, lo stato della batteria e la posizione del cambio in tempo reale per una guida sicura e trasparente.<\/p>\n<h3 style=\"text-align: center;\">ESCURSIONI DI GRUPPO E CHIACCHIERATA<\/h3>\n<p style=\"text-align: center;\">Tramite l&#039;app Bryton Active puoi selezionare percorsi, invitare amici a un giro di gruppo e impostare in anticipo messaggi nell&#039;app e inviarli al tuo ciclocomputer.<\/p>\n<h3 style=\"text-align: center;\">MONITORAGGIO IN TEMPO REALE<\/h3>\n<p style=\"text-align: center;\">Puoi condividere la tua posizione attuale e lo stato di guida in tempo reale con amici e familiari tramite la funzione Bryton Live Track.<\/p>\n<p><img decoding=\"async\" class=\"aligncenter wp-image-7737 size-full\" src=\"https:\/\/www.sportshine.eu\/wp-content\/uploads\/2025\/08\/Bryton.webp\" alt=\"\" width=\"800\" height=\"800\" srcset=\"https:\/\/www.sportshine.eu\/wp-content\/uploads\/2025\/08\/Bryton.webp 800w, https:\/\/www.sportshine.eu\/wp-content\/uploads\/2025\/08\/Bryton-768x768.webp 768w, https:\/\/www.sportshine.eu\/wp-content\/uploads\/2025\/08\/Bryton-600x600.webp 600w\" sizes=\"(max-width: 800px) 100vw, 800px\" \/><\/p>","protected":false},"excerpt":{"rendered":"<p>Ciclocomputer Bryton 650 con touchscreen LCD a colori da 7,10 cm. Permette la connessione a fari radar, la navigazione GPS con mappe precaricate, allenamenti avanzati, la funzione Climb Challenge e una facile sincronizzazione con l&#039;app Bryton Active. La batteria offre 33 ore di funzionamento e si ricarica tramite un cavo USB-C. Il set include anche un supporto base per manubrio, un cavo di ricarica e un anello di sicurezza.<\/p>","protected":false},"featured_media":7733,"comment_status":"open","ping_status":"closed","template":"","meta":[],"product_brand":[],"product_cat":[95,94],"product_tag":[],"class_list":{"0":"post-7731","1":"product","2":"type-product","3":"status-publish","4":"has-post-thumbnail","6":"product_cat-kolesarska-oprema","7":"product_cat-kolesarski-stevci","9":"first","10":"instock","11":"taxable","12":"shipping-taxable","13":"purchasable","14":"product-type-simple"},"yoast_head":"<!-- This site is optimized with the Yoast SEO plugin v27.3 - https:\/\/yoast.com\/product\/yoast-seo-wordpress\/ -->\n<title>Kolesarski ra\u010dunalnik Bryton Rider 650<\/title>\n<meta name=\"description\" content=\"Kolesarski ra\u010dunalnik Bryton Rider 650 je vrhunska naprava za vse, ki \u017eelijo ve\u010d od svoje vo\u017enje. Zdru\u017eljiv je z e-kolesi, radarji in senzorji.\" \/>\n<meta name=\"robots\" content=\"index, follow, max-snippet:-1, max-image-preview:large, max-video-preview:-1\" \/>\n<link rel=\"canonical\" href=\"https:\/\/www.sportshine.eu\/it\/negozio\/ciclocomputer-bryton-rider-650\/\" \/>\n<meta property=\"og:locale\" content=\"it_IT\" \/>\n<meta property=\"og:type\" content=\"article\" \/>\n<meta property=\"og:title\" content=\"Kolesarski ra\u010dunalnik Bryton Rider 650\" \/>\n<meta property=\"og:description\" content=\"Kolesarski ra\u010dunalnik Bryton Rider 650 je vrhunska naprava za vse, ki \u017eelijo ve\u010d od svoje vo\u017enje. Zdru\u017eljiv je z e-kolesi, radarji in senzorji.\" \/>\n<meta property=\"og:url\" content=\"https:\/\/www.sportshine.eu\/it\/negozio\/ciclocomputer-bryton-rider-650\/\" \/>\n<meta property=\"og:site_name\" content=\"Sportshine\" \/>\n<meta property=\"article:publisher\" content=\"https:\/\/www.facebook.com\/sportshine.eu\/\" \/>\n<meta property=\"article:modified_time\" content=\"2025-08-03T20:05:45+00:00\" \/>\n<meta property=\"og:image\" content=\"https:\/\/www.sportshine.eu\/wp-content\/uploads\/2025\/08\/Bryton-650-racunalnik.webp\" \/>\n\t<meta property=\"og:image:width\" content=\"800\" \/>\n\t<meta property=\"og:image:height\" content=\"800\" \/>\n\t<meta property=\"og:image:type\" content=\"image\/webp\" \/>\n<meta name=\"twitter:card\" content=\"summary_large_image\" \/>\n<meta name=\"twitter:label1\" content=\"Tempo di lettura stimato\" \/>\n\t<meta name=\"twitter:data1\" content=\"3 minuti\" \/>\n<script type=\"application\/ld+json\" class=\"yoast-schema-graph\">{\"@context\":\"https:\\\/\\\/schema.org\",\"@graph\":[{\"@type\":\"WebPage\",\"@id\":\"https:\\\/\\\/www.sportshine.eu\\\/trgovina\\\/kolesarski-racunalnik-bryton-rider-650\\\/\",\"url\":\"https:\\\/\\\/www.sportshine.eu\\\/trgovina\\\/kolesarski-racunalnik-bryton-rider-650\\\/\",\"name\":\"Kolesarski ra\u010dunalnik Bryton Rider 650\",\"isPartOf\":{\"@id\":\"https:\\\/\\\/www.sportshine.eu\\\/#website\"},\"primaryImageOfPage\":{\"@id\":\"https:\\\/\\\/www.sportshine.eu\\\/trgovina\\\/kolesarski-racunalnik-bryton-rider-650\\\/#primaryimage\"},\"image\":{\"@id\":\"https:\\\/\\\/www.sportshine.eu\\\/trgovina\\\/kolesarski-racunalnik-bryton-rider-650\\\/#primaryimage\"},\"thumbnailUrl\":\"https:\\\/\\\/www.sportshine.eu\\\/wp-content\\\/uploads\\\/2025\\\/08\\\/Bryton-650-racunalnik.webp\",\"datePublished\":\"2025-08-03T19:31:39+00:00\",\"dateModified\":\"2025-08-03T20:05:45+00:00\",\"description\":\"Kolesarski ra\u010dunalnik Bryton Rider 650 je vrhunska naprava za vse, ki \u017eelijo ve\u010d od svoje vo\u017enje. Zdru\u017eljiv je z e-kolesi, radarji in senzorji.\",\"breadcrumb\":{\"@id\":\"https:\\\/\\\/www.sportshine.eu\\\/trgovina\\\/kolesarski-racunalnik-bryton-rider-650\\\/#breadcrumb\"},\"inLanguage\":\"it-IT\",\"potentialAction\":[{\"@type\":\"ReadAction\",\"target\":[\"https:\\\/\\\/www.sportshine.eu\\\/trgovina\\\/kolesarski-racunalnik-bryton-rider-650\\\/\"]}]},{\"@type\":\"ImageObject\",\"inLanguage\":\"it-IT\",\"@id\":\"https:\\\/\\\/www.sportshine.eu\\\/trgovina\\\/kolesarski-racunalnik-bryton-rider-650\\\/#primaryimage\",\"url\":\"https:\\\/\\\/www.sportshine.eu\\\/wp-content\\\/uploads\\\/2025\\\/08\\\/Bryton-650-racunalnik.webp\",\"contentUrl\":\"https:\\\/\\\/www.sportshine.eu\\\/wp-content\\\/uploads\\\/2025\\\/08\\\/Bryton-650-racunalnik.webp\",\"width\":800,\"height\":800,\"caption\":\"Bryton 650 ra\u010dunalnik\"},{\"@type\":\"BreadcrumbList\",\"@id\":\"https:\\\/\\\/www.sportshine.eu\\\/trgovina\\\/kolesarski-racunalnik-bryton-rider-650\\\/#breadcrumb\",\"itemListElement\":[{\"@type\":\"ListItem\",\"position\":1,\"name\":\"Home\",\"item\":\"https:\\\/\\\/www.sportshine.eu\\\/\"},{\"@type\":\"ListItem\",\"position\":2,\"name\":\"Trgovina\",\"item\":\"https:\\\/\\\/www.sportshine.eu\\\/trgovina\\\/\"},{\"@type\":\"ListItem\",\"position\":3,\"name\":\"Kolesarski ra\u010dunalnik Bryton Rider 650\"}]},{\"@type\":\"WebSite\",\"@id\":\"https:\\\/\\\/www.sportshine.eu\\\/#website\",\"url\":\"https:\\\/\\\/www.sportshine.eu\\\/\",\"name\":\"Sportshine\",\"description\":\"Top spletna trgovina kolesarskih in naglavnih svetilk ter opreme\",\"publisher\":{\"@id\":\"https:\\\/\\\/www.sportshine.eu\\\/#organization\"},\"potentialAction\":[{\"@type\":\"SearchAction\",\"target\":{\"@type\":\"EntryPoint\",\"urlTemplate\":\"https:\\\/\\\/www.sportshine.eu\\\/?s={search_term_string}\"},\"query-input\":{\"@type\":\"PropertyValueSpecification\",\"valueRequired\":true,\"valueName\":\"search_term_string\"}}],\"inLanguage\":\"it-IT\"},{\"@type\":\"Organization\",\"@id\":\"https:\\\/\\\/www.sportshine.eu\\\/#organization\",\"name\":\"Sportshine\",\"url\":\"https:\\\/\\\/www.sportshine.eu\\\/\",\"logo\":{\"@type\":\"ImageObject\",\"inLanguage\":\"it-IT\",\"@id\":\"https:\\\/\\\/www.sportshine.eu\\\/#\\\/schema\\\/logo\\\/image\\\/\",\"url\":\"https:\\\/\\\/www.sportshine.eu\\\/wp-content\\\/uploads\\\/2026\\\/01\\\/cropped-Sportshine.webp\",\"contentUrl\":\"https:\\\/\\\/www.sportshine.eu\\\/wp-content\\\/uploads\\\/2026\\\/01\\\/cropped-Sportshine.webp\",\"width\":295,\"height\":128,\"caption\":\"Sportshine\"},\"image\":{\"@id\":\"https:\\\/\\\/www.sportshine.eu\\\/#\\\/schema\\\/logo\\\/image\\\/\"},\"sameAs\":[\"https:\\\/\\\/www.facebook.com\\\/sportshine.eu\\\/\"]}]}<\/script>\n<!-- \/ Yoast SEO plugin. -->","yoast_head_json":{"title":"Ciclocomputer Bryton Rider 650","description":"Il ciclocomputer Bryton Rider 650 \u00e8 un dispositivo premium per chi desidera il massimo dalla propria pedalata. \u00c8 compatibile con e-bike, radar e sensori.","robots":{"index":"index","follow":"follow","max-snippet":"max-snippet:-1","max-image-preview":"max-image-preview:large","max-video-preview":"max-video-preview:-1"},"canonical":"https:\/\/www.sportshine.eu\/it\/negozio\/ciclocomputer-bryton-rider-650\/","og_locale":"it_IT","og_type":"article","og_title":"Kolesarski ra\u010dunalnik Bryton Rider 650","og_description":"Kolesarski ra\u010dunalnik Bryton Rider 650 je vrhunska naprava za vse, ki \u017eelijo ve\u010d od svoje vo\u017enje. Zdru\u017eljiv je z e-kolesi, radarji in senzorji.","og_url":"https:\/\/www.sportshine.eu\/it\/negozio\/ciclocomputer-bryton-rider-650\/","og_site_name":"Sportshine","article_publisher":"https:\/\/www.facebook.com\/sportshine.eu\/","article_modified_time":"2025-08-03T20:05:45+00:00","og_image":[{"width":800,"height":800,"url":"https:\/\/www.sportshine.eu\/wp-content\/uploads\/2025\/08\/Bryton-650-racunalnik.webp","type":"image\/webp"}],"twitter_card":"summary_large_image","twitter_misc":{"Tempo di lettura stimato":"3 minuti"},"schema":{"@context":"https:\/\/schema.org","@graph":[{"@type":"WebPage","@id":"https:\/\/www.sportshine.eu\/trgovina\/kolesarski-racunalnik-bryton-rider-650\/","url":"https:\/\/www.sportshine.eu\/trgovina\/kolesarski-racunalnik-bryton-rider-650\/","name":"Ciclocomputer Bryton Rider 650","isPartOf":{"@id":"https:\/\/www.sportshine.eu\/#website"},"primaryImageOfPage":{"@id":"https:\/\/www.sportshine.eu\/trgovina\/kolesarski-racunalnik-bryton-rider-650\/#primaryimage"},"image":{"@id":"https:\/\/www.sportshine.eu\/trgovina\/kolesarski-racunalnik-bryton-rider-650\/#primaryimage"},"thumbnailUrl":"https:\/\/www.sportshine.eu\/wp-content\/uploads\/2025\/08\/Bryton-650-racunalnik.webp","datePublished":"2025-08-03T19:31:39+00:00","dateModified":"2025-08-03T20:05:45+00:00","description":"Il ciclocomputer Bryton Rider 650 \u00e8 un dispositivo premium per chi desidera il massimo dalla propria pedalata. \u00c8 compatibile con e-bike, radar e sensori.","breadcrumb":{"@id":"https:\/\/www.sportshine.eu\/trgovina\/kolesarski-racunalnik-bryton-rider-650\/#breadcrumb"},"inLanguage":"it-IT","potentialAction":[{"@type":"ReadAction","target":["https:\/\/www.sportshine.eu\/trgovina\/kolesarski-racunalnik-bryton-rider-650\/"]}]},{"@type":"ImageObject","inLanguage":"it-IT","@id":"https:\/\/www.sportshine.eu\/trgovina\/kolesarski-racunalnik-bryton-rider-650\/#primaryimage","url":"https:\/\/www.sportshine.eu\/wp-content\/uploads\/2025\/08\/Bryton-650-racunalnik.webp","contentUrl":"https:\/\/www.sportshine.eu\/wp-content\/uploads\/2025\/08\/Bryton-650-racunalnik.webp","width":800,"height":800,"caption":"Bryton 650 ra\u010dunalnik"},{"@type":"BreadcrumbList","@id":"https:\/\/www.sportshine.eu\/trgovina\/kolesarski-racunalnik-bryton-rider-650\/#breadcrumb","itemListElement":[{"@type":"ListItem","position":1,"name":"Home","item":"https:\/\/www.sportshine.eu\/"},{"@type":"ListItem","position":2,"name":"Trgovina","item":"https:\/\/www.sportshine.eu\/trgovina\/"},{"@type":"ListItem","position":3,"name":"Kolesarski ra\u010dunalnik Bryton Rider 650"}]},{"@type":"WebSite","@id":"https:\/\/www.sportshine.eu\/#website","url":"https:\/\/www.sportshine.eu\/","name":"Sportshine","description":"Il miglior negozio online per ciclismo, lampade frontali e attrezzature","publisher":{"@id":"https:\/\/www.sportshine.eu\/#organization"},"potentialAction":[{"@type":"SearchAction","target":{"@type":"EntryPoint","urlTemplate":"https:\/\/www.sportshine.eu\/?s={search_term_string}"},"query-input":{"@type":"PropertyValueSpecification","valueRequired":true,"valueName":"search_term_string"}}],"inLanguage":"it-IT"},{"@type":"Organization","@id":"https:\/\/www.sportshine.eu\/#organization","name":"Sportshine","url":"https:\/\/www.sportshine.eu\/","logo":{"@type":"ImageObject","inLanguage":"it-IT","@id":"https:\/\/www.sportshine.eu\/#\/schema\/logo\/image\/","url":"https:\/\/www.sportshine.eu\/wp-content\/uploads\/2026\/01\/cropped-Sportshine.webp","contentUrl":"https:\/\/www.sportshine.eu\/wp-content\/uploads\/2026\/01\/cropped-Sportshine.webp","width":295,"height":128,"caption":"Sportshine"},"image":{"@id":"https:\/\/www.sportshine.eu\/#\/schema\/logo\/image\/"},"sameAs":["https:\/\/www.facebook.com\/sportshine.eu\/"]}]}},"_links":{"self":[{"href":"https:\/\/www.sportshine.eu\/it\/wp-json\/wp\/v2\/product\/7731","targetHints":{"allow":["GET"]}}],"collection":[{"href":"https:\/\/www.sportshine.eu\/it\/wp-json\/wp\/v2\/product"}],"about":[{"href":"https:\/\/www.sportshine.eu\/it\/wp-json\/wp\/v2\/types\/product"}],"replies":[{"embeddable":true,"href":"https:\/\/www.sportshine.eu\/it\/wp-json\/wp\/v2\/comments?post=7731"}],"version-history":[{"count":0,"href":"https:\/\/www.sportshine.eu\/it\/wp-json\/wp\/v2\/product\/7731\/revisions"}],"wp:featuredmedia":[{"embeddable":true,"href":"https:\/\/www.sportshine.eu\/it\/wp-json\/wp\/v2\/media\/7733"}],"wp:attachment":[{"href":"https:\/\/www.sportshine.eu\/it\/wp-json\/wp\/v2\/media?parent=7731"}],"wp:term":[{"taxonomy":"product_brand","embeddable":true,"href":"https:\/\/www.sportshine.eu\/it\/wp-json\/wp\/v2\/product_brand?post=7731"},{"taxonomy":"product_cat","embeddable":true,"href":"https:\/\/www.sportshine.eu\/it\/wp-json\/wp\/v2\/product_cat?post=7731"},{"taxonomy":"product_tag","embeddable":true,"href":"https:\/\/www.sportshine.eu\/it\/wp-json\/wp\/v2\/product_tag?post=7731"}],"curies":[{"name":"parola chiave","href":"https:\/\/api.w.org\/{rel}","templated":true}]}}