{"id":7724,"date":"2025-08-03T19:15:04","date_gmt":"2025-08-03T19:15:04","guid":{"rendered":"https:\/\/www.sportshine.eu\/?post_type=product&#038;p=7724"},"modified":"2026-01-20T09:59:13","modified_gmt":"2026-01-20T09:59:13","slug":"pacchetto-computer-bryton-rider-s510","status":"publish","type":"product","link":"https:\/\/www.sportshine.eu\/it\/negozio\/pacchetto-computer-bryton-rider-s510\/","title":{"rendered":"Pacchetto computer Bryton Rider S510"},"content":{"rendered":"<h3 style=\"text-align: center;\">PRESENTAZIONE VIDEO BRYTON RIDER S510<\/h3>\n<p><iframe loading=\"lazy\" title=\"Bryton Rider S510\" width=\"500\" height=\"281\" src=\"https:\/\/www.youtube.com\/embed\/lEKtFCwdEPc?feature=oembed\" frameborder=\"0\" allow=\"accelerometer; autoplay; clipboard-write; encrypted-media; gyroscope; picture-in-picture; web-share\" referrerpolicy=\"strict-origin-when-cross-origin\" allowfullscreen><\/iframe><\/p>\n<h3 style=\"text-align: center;\">RICERCA VOCALE<\/h3>\n<p style=\"text-align: center;\">Con una connessione internet, puoi cercare posizioni usando la tua voce. Riconosce oltre 100 lingue per ricerche rapide su Google.<\/p>\n<p><img decoding=\"async\" class=\"aligncenter wp-image-5653 size-full\" src=\"https:\/\/www.sportshine.eu\/wp-content\/uploads\/2025\/07\/Bryton-rider-s510-E-4.webp\" alt=\"\" width=\"800\" height=\"800\" srcset=\"https:\/\/www.sportshine.eu\/wp-content\/uploads\/2025\/07\/Bryton-rider-s510-E-4.webp 800w, https:\/\/www.sportshine.eu\/wp-content\/uploads\/2025\/07\/Bryton-rider-s510-E-4-768x768.webp 768w, https:\/\/www.sportshine.eu\/wp-content\/uploads\/2025\/07\/Bryton-rider-s510-E-4-600x600.webp 600w\" sizes=\"(max-width: 800px) 100vw, 800px\" \/><\/p>\n<h3 style=\"text-align: center;\">NAVIGAZIONE<\/h3>\n<p style=\"text-align: center;\">Il ciclocomputer Rider S510 offre una navigazione turn-by-turn senza pensieri, con nomi delle strade, punti di interesse, nomi delle vette, distanze e molto altro sulle mappe precaricate sul dispositivo. Le mappe possono anche essere modificate o aggiornate.<\/p>\n<p><img decoding=\"async\" class=\"wp-image-7710 size-full aligncenter\" src=\"https:\/\/www.sportshine.eu\/wp-content\/uploads\/2025\/07\/Kolesarski-stevec-Brytom-7.webp\" alt=\"\" width=\"800\" height=\"600\" srcset=\"https:\/\/www.sportshine.eu\/wp-content\/uploads\/2025\/07\/Kolesarski-stevec-Brytom-7.webp 800w, https:\/\/www.sportshine.eu\/wp-content\/uploads\/2025\/07\/Kolesarski-stevec-Brytom-7-768x576.webp 768w, https:\/\/www.sportshine.eu\/wp-content\/uploads\/2025\/07\/Kolesarski-stevec-Brytom-7-600x450.webp 600w\" sizes=\"(max-width: 800px) 100vw, 800px\" \/><\/p>\n<h3 style=\"text-align: center;\">ALLENAMENTI AVANZATI<\/h3>\n<div>\n<p style=\"text-align: center;\">In combinazione con l&#039;app Bryton Active, il ciclocomputer consente di creare e importare allenamenti pianificati. Durante l&#039;allenamento, i livelli vengono visualizzati visivamente per un facile orientamento. Permette anche la connessione agli smart trainer.<\/p>\n<p><img decoding=\"async\" class=\"aligncenter wp-image-7711\" src=\"https:\/\/www.sportshine.eu\/wp-content\/uploads\/2025\/07\/Stevec-za-kolo.webp\" alt=\"\" width=\"800\" height=\"600\" srcset=\"https:\/\/www.sportshine.eu\/wp-content\/uploads\/2025\/07\/Stevec-za-kolo-768x576.webp 768w, https:\/\/www.sportshine.eu\/wp-content\/uploads\/2025\/07\/Stevec-za-kolo-600x450.webp 600w\" sizes=\"(max-width: 800px) 100vw, 800px\" \/><\/p>\n<\/div>\n<h3 style=\"text-align: center;\">RADAR PER CICLISMO<\/h3>\n<div>\n<p style=\"text-align: center;\">Il computer supporta i radar per biciclette come Gardia R300L, Garmin Varia e Magichsine R300. Il radar rileva i veicoli dietro di te, li avvisa con una luce e mostra la distanza dal veicolo sullo schermo del computer.<\/p>\n<p><img decoding=\"async\" class=\"aligncenter wp-image-5654 size-full\" src=\"https:\/\/www.sportshine.eu\/wp-content\/uploads\/2025\/07\/Bryton-rider-s510-E-5.webp\" alt=\"\" width=\"800\" height=\"800\" srcset=\"https:\/\/www.sportshine.eu\/wp-content\/uploads\/2025\/07\/Bryton-rider-s510-E-5.webp 800w, https:\/\/www.sportshine.eu\/wp-content\/uploads\/2025\/07\/Bryton-rider-s510-E-5-768x768.webp 768w, https:\/\/www.sportshine.eu\/wp-content\/uploads\/2025\/07\/Bryton-rider-s510-E-5-600x600.webp 600w\" sizes=\"(max-width: 800px) 100vw, 800px\" \/><\/p>\n<h3 style=\"text-align: center;\">TRACCE DAL VIVO<\/h3>\n<p style=\"text-align: center;\">Condividi il tuo percorso con amici o familiari. Potranno seguirti durante il tuo giro, aggiungendo un ulteriore senso di sicurezza per te e i tuoi cari.<\/p>\n<p><img decoding=\"async\" class=\"aligncenter wp-image-7712\" src=\"https:\/\/www.sportshine.eu\/wp-content\/uploads\/2025\/07\/stevec-za-kolo-Bryton.webp\" alt=\"\" width=\"800\" height=\"600\" srcset=\"https:\/\/www.sportshine.eu\/wp-content\/uploads\/2025\/07\/stevec-za-kolo-Bryton-768x576.webp 768w, https:\/\/www.sportshine.eu\/wp-content\/uploads\/2025\/07\/stevec-za-kolo-Bryton-600x450.webp 600w\" sizes=\"(max-width: 800px) 100vw, 800px\" \/><\/p>\n<\/div>","protected":false},"excerpt":{"rendered":"<p>Il ciclocomputer Bryton Rider S510 con touchscreen LCD a colori consente la connessione a fari radar, la navigazione GPS con mappe precaricate, allenamenti intelligenti, Climb Challenge 2.0 e una facile sincronizzazione con l&#039;applicazione Bryton Active. La batteria offre 30 ore di funzionamento e si ricarica tramite un cavo USB-C. Il set include anche un supporto base per manubrio, sensori di frequenza cardiaca, velocit\u00e0 e cadenza, cavo di ricarica e anello di sicurezza.<\/p>","protected":false},"featured_media":7728,"comment_status":"open","ping_status":"closed","template":"","meta":[],"product_brand":[],"product_cat":[95,94],"product_tag":[],"class_list":{"0":"post-7724","1":"product","2":"type-product","3":"status-publish","4":"has-post-thumbnail","6":"product_cat-kolesarska-oprema","7":"product_cat-kolesarski-stevci","9":"first","10":"instock","11":"taxable","12":"shipping-taxable","13":"purchasable","14":"product-type-simple"},"yoast_head":"<!-- This site is optimized with the Yoast SEO plugin v27.3 - https:\/\/yoast.com\/product\/yoast-seo-wordpress\/ -->\n<title>Bryton ra\u010dunalnik Rider S510 bundle<\/title>\n<meta name=\"description\" content=\"Bryton ra\u010dunalnik Rider S510 bundle ima ogromno funkcij, je preprost za uporabo in je primeren za vse kolesarje. V paket vklju\u010deni senzorji.\" \/>\n<meta name=\"robots\" content=\"index, follow, max-snippet:-1, max-image-preview:large, max-video-preview:-1\" \/>\n<link rel=\"canonical\" href=\"https:\/\/www.sportshine.eu\/it\/negozio\/pacchetto-computer-bryton-rider-s510\/\" \/>\n<meta property=\"og:locale\" content=\"it_IT\" \/>\n<meta property=\"og:type\" content=\"article\" \/>\n<meta property=\"og:title\" content=\"Bryton ra\u010dunalnik Rider S510 bundle\" \/>\n<meta property=\"og:description\" content=\"Bryton ra\u010dunalnik Rider S510 bundle ima ogromno funkcij, je preprost za uporabo in je primeren za vse kolesarje. V paket vklju\u010deni senzorji.\" \/>\n<meta property=\"og:url\" content=\"https:\/\/www.sportshine.eu\/it\/negozio\/pacchetto-computer-bryton-rider-s510\/\" \/>\n<meta property=\"og:site_name\" content=\"Sportshine\" \/>\n<meta property=\"article:publisher\" content=\"https:\/\/www.facebook.com\/sportshine.eu\/\" \/>\n<meta property=\"article:modified_time\" content=\"2026-01-20T09:59:13+00:00\" \/>\n<meta property=\"og:image\" content=\"https:\/\/www.sportshine.eu\/wp-content\/uploads\/2025\/08\/Bryton-S510-bundle-2.webp\" \/>\n\t<meta property=\"og:image:width\" content=\"800\" \/>\n\t<meta property=\"og:image:height\" content=\"800\" \/>\n\t<meta property=\"og:image:type\" content=\"image\/webp\" \/>\n<meta name=\"twitter:card\" content=\"summary_large_image\" \/>\n<meta name=\"twitter:label1\" content=\"Tempo di lettura stimato\" \/>\n\t<meta name=\"twitter:data1\" content=\"2 minuti\" \/>\n<script type=\"application\/ld+json\" class=\"yoast-schema-graph\">{\"@context\":\"https:\\\/\\\/schema.org\",\"@graph\":[{\"@type\":\"WebPage\",\"@id\":\"https:\\\/\\\/www.sportshine.eu\\\/trgovina\\\/bryton-racunalnik-rider-s510-bundle\\\/\",\"url\":\"https:\\\/\\\/www.sportshine.eu\\\/trgovina\\\/bryton-racunalnik-rider-s510-bundle\\\/\",\"name\":\"Bryton ra\u010dunalnik Rider S510 bundle\",\"isPartOf\":{\"@id\":\"https:\\\/\\\/www.sportshine.eu\\\/#website\"},\"primaryImageOfPage\":{\"@id\":\"https:\\\/\\\/www.sportshine.eu\\\/trgovina\\\/bryton-racunalnik-rider-s510-bundle\\\/#primaryimage\"},\"image\":{\"@id\":\"https:\\\/\\\/www.sportshine.eu\\\/trgovina\\\/bryton-racunalnik-rider-s510-bundle\\\/#primaryimage\"},\"thumbnailUrl\":\"https:\\\/\\\/www.sportshine.eu\\\/wp-content\\\/uploads\\\/2025\\\/08\\\/Bryton-S510-bundle-2.webp\",\"datePublished\":\"2025-08-03T19:15:04+00:00\",\"dateModified\":\"2026-01-20T09:59:13+00:00\",\"description\":\"Bryton ra\u010dunalnik Rider S510 bundle ima ogromno funkcij, je preprost za uporabo in je primeren za vse kolesarje. V paket vklju\u010deni senzorji.\",\"breadcrumb\":{\"@id\":\"https:\\\/\\\/www.sportshine.eu\\\/trgovina\\\/bryton-racunalnik-rider-s510-bundle\\\/#breadcrumb\"},\"inLanguage\":\"it-IT\",\"potentialAction\":[{\"@type\":\"ReadAction\",\"target\":[\"https:\\\/\\\/www.sportshine.eu\\\/trgovina\\\/bryton-racunalnik-rider-s510-bundle\\\/\"]}]},{\"@type\":\"ImageObject\",\"inLanguage\":\"it-IT\",\"@id\":\"https:\\\/\\\/www.sportshine.eu\\\/trgovina\\\/bryton-racunalnik-rider-s510-bundle\\\/#primaryimage\",\"url\":\"https:\\\/\\\/www.sportshine.eu\\\/wp-content\\\/uploads\\\/2025\\\/08\\\/Bryton-S510-bundle-2.webp\",\"contentUrl\":\"https:\\\/\\\/www.sportshine.eu\\\/wp-content\\\/uploads\\\/2025\\\/08\\\/Bryton-S510-bundle-2.webp\",\"width\":800,\"height\":800,\"caption\":\"Bryton S510 bundle\"},{\"@type\":\"BreadcrumbList\",\"@id\":\"https:\\\/\\\/www.sportshine.eu\\\/trgovina\\\/bryton-racunalnik-rider-s510-bundle\\\/#breadcrumb\",\"itemListElement\":[{\"@type\":\"ListItem\",\"position\":1,\"name\":\"Home\",\"item\":\"https:\\\/\\\/www.sportshine.eu\\\/\"},{\"@type\":\"ListItem\",\"position\":2,\"name\":\"Trgovina\",\"item\":\"https:\\\/\\\/www.sportshine.eu\\\/trgovina\\\/\"},{\"@type\":\"ListItem\",\"position\":3,\"name\":\"Bryton ra\u010dunalnik Rider S510 bundle\"}]},{\"@type\":\"WebSite\",\"@id\":\"https:\\\/\\\/www.sportshine.eu\\\/#website\",\"url\":\"https:\\\/\\\/www.sportshine.eu\\\/\",\"name\":\"Sportshine\",\"description\":\"Top spletna trgovina kolesarskih in naglavnih svetilk ter opreme\",\"publisher\":{\"@id\":\"https:\\\/\\\/www.sportshine.eu\\\/#organization\"},\"potentialAction\":[{\"@type\":\"SearchAction\",\"target\":{\"@type\":\"EntryPoint\",\"urlTemplate\":\"https:\\\/\\\/www.sportshine.eu\\\/?s={search_term_string}\"},\"query-input\":{\"@type\":\"PropertyValueSpecification\",\"valueRequired\":true,\"valueName\":\"search_term_string\"}}],\"inLanguage\":\"it-IT\"},{\"@type\":\"Organization\",\"@id\":\"https:\\\/\\\/www.sportshine.eu\\\/#organization\",\"name\":\"Sportshine\",\"url\":\"https:\\\/\\\/www.sportshine.eu\\\/\",\"logo\":{\"@type\":\"ImageObject\",\"inLanguage\":\"it-IT\",\"@id\":\"https:\\\/\\\/www.sportshine.eu\\\/#\\\/schema\\\/logo\\\/image\\\/\",\"url\":\"https:\\\/\\\/www.sportshine.eu\\\/wp-content\\\/uploads\\\/2026\\\/01\\\/cropped-Sportshine.webp\",\"contentUrl\":\"https:\\\/\\\/www.sportshine.eu\\\/wp-content\\\/uploads\\\/2026\\\/01\\\/cropped-Sportshine.webp\",\"width\":295,\"height\":128,\"caption\":\"Sportshine\"},\"image\":{\"@id\":\"https:\\\/\\\/www.sportshine.eu\\\/#\\\/schema\\\/logo\\\/image\\\/\"},\"sameAs\":[\"https:\\\/\\\/www.facebook.com\\\/sportshine.eu\\\/\"]}]}<\/script>\n<!-- \/ Yoast SEO plugin. -->","yoast_head_json":{"title":"Pacchetto computer Bryton Rider S510","description":"Il ciclocomputer Bryton Rider S510 \u00e8 ricco di funzionalit\u00e0, facile da usare e adatto a tutti i ciclisti. Sensori inclusi nella confezione.","robots":{"index":"index","follow":"follow","max-snippet":"max-snippet:-1","max-image-preview":"max-image-preview:large","max-video-preview":"max-video-preview:-1"},"canonical":"https:\/\/www.sportshine.eu\/it\/negozio\/pacchetto-computer-bryton-rider-s510\/","og_locale":"it_IT","og_type":"article","og_title":"Bryton ra\u010dunalnik Rider S510 bundle","og_description":"Bryton ra\u010dunalnik Rider S510 bundle ima ogromno funkcij, je preprost za uporabo in je primeren za vse kolesarje. V paket vklju\u010deni senzorji.","og_url":"https:\/\/www.sportshine.eu\/it\/negozio\/pacchetto-computer-bryton-rider-s510\/","og_site_name":"Sportshine","article_publisher":"https:\/\/www.facebook.com\/sportshine.eu\/","article_modified_time":"2026-01-20T09:59:13+00:00","og_image":[{"width":800,"height":800,"url":"https:\/\/www.sportshine.eu\/wp-content\/uploads\/2025\/08\/Bryton-S510-bundle-2.webp","type":"image\/webp"}],"twitter_card":"summary_large_image","twitter_misc":{"Tempo di lettura stimato":"2 minuti"},"schema":{"@context":"https:\/\/schema.org","@graph":[{"@type":"WebPage","@id":"https:\/\/www.sportshine.eu\/trgovina\/bryton-racunalnik-rider-s510-bundle\/","url":"https:\/\/www.sportshine.eu\/trgovina\/bryton-racunalnik-rider-s510-bundle\/","name":"Pacchetto computer Bryton Rider S510","isPartOf":{"@id":"https:\/\/www.sportshine.eu\/#website"},"primaryImageOfPage":{"@id":"https:\/\/www.sportshine.eu\/trgovina\/bryton-racunalnik-rider-s510-bundle\/#primaryimage"},"image":{"@id":"https:\/\/www.sportshine.eu\/trgovina\/bryton-racunalnik-rider-s510-bundle\/#primaryimage"},"thumbnailUrl":"https:\/\/www.sportshine.eu\/wp-content\/uploads\/2025\/08\/Bryton-S510-bundle-2.webp","datePublished":"2025-08-03T19:15:04+00:00","dateModified":"2026-01-20T09:59:13+00:00","description":"Il ciclocomputer Bryton Rider S510 \u00e8 ricco di funzionalit\u00e0, facile da usare e adatto a tutti i ciclisti. Sensori inclusi nella confezione.","breadcrumb":{"@id":"https:\/\/www.sportshine.eu\/trgovina\/bryton-racunalnik-rider-s510-bundle\/#breadcrumb"},"inLanguage":"it-IT","potentialAction":[{"@type":"ReadAction","target":["https:\/\/www.sportshine.eu\/trgovina\/bryton-racunalnik-rider-s510-bundle\/"]}]},{"@type":"ImageObject","inLanguage":"it-IT","@id":"https:\/\/www.sportshine.eu\/trgovina\/bryton-racunalnik-rider-s510-bundle\/#primaryimage","url":"https:\/\/www.sportshine.eu\/wp-content\/uploads\/2025\/08\/Bryton-S510-bundle-2.webp","contentUrl":"https:\/\/www.sportshine.eu\/wp-content\/uploads\/2025\/08\/Bryton-S510-bundle-2.webp","width":800,"height":800,"caption":"Bryton S510 bundle"},{"@type":"BreadcrumbList","@id":"https:\/\/www.sportshine.eu\/trgovina\/bryton-racunalnik-rider-s510-bundle\/#breadcrumb","itemListElement":[{"@type":"ListItem","position":1,"name":"Home","item":"https:\/\/www.sportshine.eu\/"},{"@type":"ListItem","position":2,"name":"Trgovina","item":"https:\/\/www.sportshine.eu\/trgovina\/"},{"@type":"ListItem","position":3,"name":"Bryton ra\u010dunalnik Rider S510 bundle"}]},{"@type":"WebSite","@id":"https:\/\/www.sportshine.eu\/#website","url":"https:\/\/www.sportshine.eu\/","name":"Sportshine","description":"Il miglior negozio online per ciclismo, lampade frontali e attrezzature","publisher":{"@id":"https:\/\/www.sportshine.eu\/#organization"},"potentialAction":[{"@type":"SearchAction","target":{"@type":"EntryPoint","urlTemplate":"https:\/\/www.sportshine.eu\/?s={search_term_string}"},"query-input":{"@type":"PropertyValueSpecification","valueRequired":true,"valueName":"search_term_string"}}],"inLanguage":"it-IT"},{"@type":"Organization","@id":"https:\/\/www.sportshine.eu\/#organization","name":"Sportshine","url":"https:\/\/www.sportshine.eu\/","logo":{"@type":"ImageObject","inLanguage":"it-IT","@id":"https:\/\/www.sportshine.eu\/#\/schema\/logo\/image\/","url":"https:\/\/www.sportshine.eu\/wp-content\/uploads\/2026\/01\/cropped-Sportshine.webp","contentUrl":"https:\/\/www.sportshine.eu\/wp-content\/uploads\/2026\/01\/cropped-Sportshine.webp","width":295,"height":128,"caption":"Sportshine"},"image":{"@id":"https:\/\/www.sportshine.eu\/#\/schema\/logo\/image\/"},"sameAs":["https:\/\/www.facebook.com\/sportshine.eu\/"]}]}},"_links":{"self":[{"href":"https:\/\/www.sportshine.eu\/it\/wp-json\/wp\/v2\/product\/7724","targetHints":{"allow":["GET"]}}],"collection":[{"href":"https:\/\/www.sportshine.eu\/it\/wp-json\/wp\/v2\/product"}],"about":[{"href":"https:\/\/www.sportshine.eu\/it\/wp-json\/wp\/v2\/types\/product"}],"replies":[{"embeddable":true,"href":"https:\/\/www.sportshine.eu\/it\/wp-json\/wp\/v2\/comments?post=7724"}],"version-history":[{"count":0,"href":"https:\/\/www.sportshine.eu\/it\/wp-json\/wp\/v2\/product\/7724\/revisions"}],"wp:featuredmedia":[{"embeddable":true,"href":"https:\/\/www.sportshine.eu\/it\/wp-json\/wp\/v2\/media\/7728"}],"wp:attachment":[{"href":"https:\/\/www.sportshine.eu\/it\/wp-json\/wp\/v2\/media?parent=7724"}],"wp:term":[{"taxonomy":"product_brand","embeddable":true,"href":"https:\/\/www.sportshine.eu\/it\/wp-json\/wp\/v2\/product_brand?post=7724"},{"taxonomy":"product_cat","embeddable":true,"href":"https:\/\/www.sportshine.eu\/it\/wp-json\/wp\/v2\/product_cat?post=7724"},{"taxonomy":"product_tag","embeddable":true,"href":"https:\/\/www.sportshine.eu\/it\/wp-json\/wp\/v2\/product_tag?post=7724"}],"curies":[{"name":"parola chiave","href":"https:\/\/api.w.org\/{rel}","templated":true}]}}