{"id":6692,"date":"2025-07-07T09:28:06","date_gmt":"2025-07-07T09:28:06","guid":{"rendered":"https:\/\/www.sportshine.eu\/?post_type=product&#038;p=6692"},"modified":"2025-08-04T08:53:57","modified_gmt":"2025-08-04T08:53:57","slug":"giacca-invernale-da-ciclismo-giallo-brn","status":"publish","type":"product","link":"https:\/\/www.sportshine.eu\/it\/negozio\/giacca-invernale-da-ciclismo-giallo-brn\/","title":{"rendered":"Giacca invernale da ciclismo BRN gialla"},"content":{"rendered":"<ul>\n<li><strong>Design ergonomico e traspirabilit\u00e0<\/strong>: La giacca \u00e8 realizzata con materiali di alta qualit\u00e0 che assicurano una vestibilit\u00e0 perfetta e un&#039;eccellente traspirabilit\u00e0 per rendere la tua pedalata confortevole anche sulle lunghe distanze.<\/li>\n<li><strong>Ideale per temperature da 0\u00b0 a 7\u00b0C<\/strong>: Perfetto per i periodi di transizione quando le temperature oscillano, poich\u00e9 protegge dal freddo ma consente una traspirabilit\u00e0 sufficiente per evitare il surriscaldamento.<\/li>\n<li><strong>Tessuto ad asciugatura rapida<\/strong>:Il materiale consente un&#039;asciugatura rapida, garantendovi di rimanere asciutti e liberi dalla sgradevole sensazione di umidit\u00e0.<\/li>\n<li><strong>Cerniera nascosta<\/strong>:La lunga cerniera \u00e8 nascosta in modo discreto, mantenendo un aspetto elegante e offrendo ulteriore protezione dal vento.<\/li>\n<li><strong>Protezione UV<\/strong>:Il tessuto \u00e8 resistente ai raggi UV, il che significa che sarai protetto dai raggi del sole mentre pedali.<\/li>\n<li><strong>Materiale in lycra<\/strong>:Il Lycra offre una perfetta flessibilit\u00e0 e previene l&#039;accumulo di calore, garantendo una temperatura corporea confortevole durante la guida.<\/li>\n<li><strong>3 pratiche tasche<\/strong>: La giacca ha tre ampie tasche dove puoi riporre oggetti essenziali come barrette energetiche o il tuo telefono<\/li>\n<li><strong>Impermeabile e antivento<\/strong><\/li>\n<\/ul>","protected":false},"excerpt":{"rendered":"<p><img decoding=\"async\" class=\"alignnone wp-image-7764\" src=\"https:\/\/www.sportshine.eu\/wp-content\/uploads\/2025\/07\/00-italijanski-produkt.webp\" alt=\"\" width=\"190\" height=\"26\" \/><\/p>\n<p>La giacca invernale da ciclismo BRN premium ti offrir\u00e0 comfort e prestazioni ottimali anche con temperature fredde. La giacca \u00e8 interamente progettata e realizzata in Italia. Pensata per gli appassionati di ciclismo che non vogliono scendere a compromessi in termini di comfort e funzionalit\u00e0.<\/p>","protected":false},"featured_media":5561,"comment_status":"open","ping_status":"closed","template":"","meta":[],"product_brand":[],"product_cat":[113,114,115],"product_tag":[],"class_list":{"0":"post-6692","1":"product","2":"type-product","3":"status-publish","4":"has-post-thumbnail","6":"product_cat-kolesarska-oblacila","7":"product_cat-moska","8":"product_cat-moske-kolesarske-jakne","10":"first","11":"instock","12":"taxable","13":"shipping-taxable","14":"purchasable","15":"product-type-variable"},"yoast_head":"<!-- This site is optimized with the Yoast SEO plugin v27.4 - https:\/\/yoast.com\/product\/yoast-seo-wordpress\/ -->\n<title>Zimska kolesarska jakna BRN yellow<\/title>\n<meta name=\"description\" content=\"Vrhunska zimska kolesarska jakna BRN, vam bo zagotovila udobje in optimalno zmogljivost v hladnih temperaturah. Izdelana v Italiji z vrhunskimi materiali.\" \/>\n<meta name=\"robots\" content=\"index, follow, max-snippet:-1, max-image-preview:large, max-video-preview:-1\" \/>\n<link rel=\"canonical\" href=\"https:\/\/www.sportshine.eu\/it\/negozio\/giacca-invernale-da-ciclismo-giallo-brn\/\" \/>\n<meta property=\"og:locale\" content=\"it_IT\" \/>\n<meta property=\"og:type\" content=\"article\" \/>\n<meta property=\"og:title\" content=\"Zimska kolesarska jakna BRN yellow\" \/>\n<meta property=\"og:description\" content=\"Vrhunska zimska kolesarska jakna BRN, vam bo zagotovila udobje in optimalno zmogljivost v hladnih temperaturah. Izdelana v Italiji z vrhunskimi materiali.\" \/>\n<meta property=\"og:url\" content=\"https:\/\/www.sportshine.eu\/it\/negozio\/giacca-invernale-da-ciclismo-giallo-brn\/\" \/>\n<meta property=\"og:site_name\" content=\"Sportshine\" \/>\n<meta property=\"article:publisher\" content=\"https:\/\/www.facebook.com\/sportshine.eu\/\" \/>\n<meta property=\"article:modified_time\" content=\"2025-08-04T08:53:57+00:00\" \/>\n<meta property=\"og:image\" content=\"https:\/\/www.sportshine.eu\/wp-content\/uploads\/2025\/07\/Zimska-kolesarska-jakna-BRN.webp\" \/>\n\t<meta property=\"og:image:width\" content=\"800\" \/>\n\t<meta property=\"og:image:height\" content=\"800\" \/>\n\t<meta property=\"og:image:type\" content=\"image\/webp\" \/>\n<meta name=\"twitter:card\" content=\"summary_large_image\" \/>\n<meta name=\"twitter:label1\" content=\"Tempo di lettura stimato\" \/>\n\t<meta name=\"twitter:data1\" content=\"1 minuto\" \/>\n<script type=\"application\/ld+json\" class=\"yoast-schema-graph\">{\"@context\":\"https:\\\/\\\/schema.org\",\"@graph\":[{\"@type\":\"WebPage\",\"@id\":\"https:\\\/\\\/www.sportshine.eu\\\/trgovina\\\/zimska-kolesarska-jakna-brn-yellow\\\/\",\"url\":\"https:\\\/\\\/www.sportshine.eu\\\/trgovina\\\/zimska-kolesarska-jakna-brn-yellow\\\/\",\"name\":\"Zimska kolesarska jakna BRN yellow\",\"isPartOf\":{\"@id\":\"https:\\\/\\\/www.sportshine.eu\\\/#website\"},\"primaryImageOfPage\":{\"@id\":\"https:\\\/\\\/www.sportshine.eu\\\/trgovina\\\/zimska-kolesarska-jakna-brn-yellow\\\/#primaryimage\"},\"image\":{\"@id\":\"https:\\\/\\\/www.sportshine.eu\\\/trgovina\\\/zimska-kolesarska-jakna-brn-yellow\\\/#primaryimage\"},\"thumbnailUrl\":\"https:\\\/\\\/www.sportshine.eu\\\/wp-content\\\/uploads\\\/2025\\\/07\\\/Zimska-kolesarska-jakna-BRN.webp\",\"datePublished\":\"2025-07-07T09:28:06+00:00\",\"dateModified\":\"2025-08-04T08:53:57+00:00\",\"description\":\"Vrhunska zimska kolesarska jakna BRN, vam bo zagotovila udobje in optimalno zmogljivost v hladnih temperaturah. Izdelana v Italiji z vrhunskimi materiali.\",\"breadcrumb\":{\"@id\":\"https:\\\/\\\/www.sportshine.eu\\\/trgovina\\\/zimska-kolesarska-jakna-brn-yellow\\\/#breadcrumb\"},\"inLanguage\":\"it-IT\",\"potentialAction\":[{\"@type\":\"ReadAction\",\"target\":[\"https:\\\/\\\/www.sportshine.eu\\\/trgovina\\\/zimska-kolesarska-jakna-brn-yellow\\\/\"]}]},{\"@type\":\"ImageObject\",\"inLanguage\":\"it-IT\",\"@id\":\"https:\\\/\\\/www.sportshine.eu\\\/trgovina\\\/zimska-kolesarska-jakna-brn-yellow\\\/#primaryimage\",\"url\":\"https:\\\/\\\/www.sportshine.eu\\\/wp-content\\\/uploads\\\/2025\\\/07\\\/Zimska-kolesarska-jakna-BRN.webp\",\"contentUrl\":\"https:\\\/\\\/www.sportshine.eu\\\/wp-content\\\/uploads\\\/2025\\\/07\\\/Zimska-kolesarska-jakna-BRN.webp\",\"width\":800,\"height\":800},{\"@type\":\"BreadcrumbList\",\"@id\":\"https:\\\/\\\/www.sportshine.eu\\\/trgovina\\\/zimska-kolesarska-jakna-brn-yellow\\\/#breadcrumb\",\"itemListElement\":[{\"@type\":\"ListItem\",\"position\":1,\"name\":\"Home\",\"item\":\"https:\\\/\\\/www.sportshine.eu\\\/\"},{\"@type\":\"ListItem\",\"position\":2,\"name\":\"Trgovina\",\"item\":\"https:\\\/\\\/www.sportshine.eu\\\/trgovina\\\/\"},{\"@type\":\"ListItem\",\"position\":3,\"name\":\"Zimska kolesarska jakna BRN yellow\"}]},{\"@type\":\"WebSite\",\"@id\":\"https:\\\/\\\/www.sportshine.eu\\\/#website\",\"url\":\"https:\\\/\\\/www.sportshine.eu\\\/\",\"name\":\"Sportshine\",\"description\":\"Top spletna trgovina kolesarskih in naglavnih svetilk ter opreme\",\"publisher\":{\"@id\":\"https:\\\/\\\/www.sportshine.eu\\\/#organization\"},\"potentialAction\":[{\"@type\":\"SearchAction\",\"target\":{\"@type\":\"EntryPoint\",\"urlTemplate\":\"https:\\\/\\\/www.sportshine.eu\\\/?s={search_term_string}\"},\"query-input\":{\"@type\":\"PropertyValueSpecification\",\"valueRequired\":true,\"valueName\":\"search_term_string\"}}],\"inLanguage\":\"it-IT\"},{\"@type\":\"Organization\",\"@id\":\"https:\\\/\\\/www.sportshine.eu\\\/#organization\",\"name\":\"Sportshine\",\"url\":\"https:\\\/\\\/www.sportshine.eu\\\/\",\"logo\":{\"@type\":\"ImageObject\",\"inLanguage\":\"it-IT\",\"@id\":\"https:\\\/\\\/www.sportshine.eu\\\/#\\\/schema\\\/logo\\\/image\\\/\",\"url\":\"https:\\\/\\\/www.sportshine.eu\\\/wp-content\\\/uploads\\\/2026\\\/01\\\/cropped-Sportshine.webp\",\"contentUrl\":\"https:\\\/\\\/www.sportshine.eu\\\/wp-content\\\/uploads\\\/2026\\\/01\\\/cropped-Sportshine.webp\",\"width\":295,\"height\":128,\"caption\":\"Sportshine\"},\"image\":{\"@id\":\"https:\\\/\\\/www.sportshine.eu\\\/#\\\/schema\\\/logo\\\/image\\\/\"},\"sameAs\":[\"https:\\\/\\\/www.facebook.com\\\/sportshine.eu\\\/\"]}]}<\/script>\n<!-- \/ Yoast SEO plugin. -->","yoast_head_json":{"title":"Giacca invernale da ciclismo BRN gialla","description":"La giacca invernale da ciclismo BRN premium ti offrir\u00e0 comfort e prestazioni ottimali anche con le temperature pi\u00f9 fredde. Realizzata in Italia con materiali di alta qualit\u00e0.","robots":{"index":"index","follow":"follow","max-snippet":"max-snippet:-1","max-image-preview":"max-image-preview:large","max-video-preview":"max-video-preview:-1"},"canonical":"https:\/\/www.sportshine.eu\/it\/negozio\/giacca-invernale-da-ciclismo-giallo-brn\/","og_locale":"it_IT","og_type":"article","og_title":"Zimska kolesarska jakna BRN yellow","og_description":"Vrhunska zimska kolesarska jakna BRN, vam bo zagotovila udobje in optimalno zmogljivost v hladnih temperaturah. Izdelana v Italiji z vrhunskimi materiali.","og_url":"https:\/\/www.sportshine.eu\/it\/negozio\/giacca-invernale-da-ciclismo-giallo-brn\/","og_site_name":"Sportshine","article_publisher":"https:\/\/www.facebook.com\/sportshine.eu\/","article_modified_time":"2025-08-04T08:53:57+00:00","og_image":[{"width":800,"height":800,"url":"https:\/\/www.sportshine.eu\/wp-content\/uploads\/2025\/07\/Zimska-kolesarska-jakna-BRN.webp","type":"image\/webp"}],"twitter_card":"summary_large_image","twitter_misc":{"Tempo di lettura stimato":"1 minuto"},"schema":{"@context":"https:\/\/schema.org","@graph":[{"@type":"WebPage","@id":"https:\/\/www.sportshine.eu\/trgovina\/zimska-kolesarska-jakna-brn-yellow\/","url":"https:\/\/www.sportshine.eu\/trgovina\/zimska-kolesarska-jakna-brn-yellow\/","name":"Giacca invernale da ciclismo BRN gialla","isPartOf":{"@id":"https:\/\/www.sportshine.eu\/#website"},"primaryImageOfPage":{"@id":"https:\/\/www.sportshine.eu\/trgovina\/zimska-kolesarska-jakna-brn-yellow\/#primaryimage"},"image":{"@id":"https:\/\/www.sportshine.eu\/trgovina\/zimska-kolesarska-jakna-brn-yellow\/#primaryimage"},"thumbnailUrl":"https:\/\/www.sportshine.eu\/wp-content\/uploads\/2025\/07\/Zimska-kolesarska-jakna-BRN.webp","datePublished":"2025-07-07T09:28:06+00:00","dateModified":"2025-08-04T08:53:57+00:00","description":"La giacca invernale da ciclismo BRN premium ti offrir\u00e0 comfort e prestazioni ottimali anche con le temperature pi\u00f9 fredde. Realizzata in Italia con materiali di alta qualit\u00e0.","breadcrumb":{"@id":"https:\/\/www.sportshine.eu\/trgovina\/zimska-kolesarska-jakna-brn-yellow\/#breadcrumb"},"inLanguage":"it-IT","potentialAction":[{"@type":"ReadAction","target":["https:\/\/www.sportshine.eu\/trgovina\/zimska-kolesarska-jakna-brn-yellow\/"]}]},{"@type":"ImageObject","inLanguage":"it-IT","@id":"https:\/\/www.sportshine.eu\/trgovina\/zimska-kolesarska-jakna-brn-yellow\/#primaryimage","url":"https:\/\/www.sportshine.eu\/wp-content\/uploads\/2025\/07\/Zimska-kolesarska-jakna-BRN.webp","contentUrl":"https:\/\/www.sportshine.eu\/wp-content\/uploads\/2025\/07\/Zimska-kolesarska-jakna-BRN.webp","width":800,"height":800},{"@type":"BreadcrumbList","@id":"https:\/\/www.sportshine.eu\/trgovina\/zimska-kolesarska-jakna-brn-yellow\/#breadcrumb","itemListElement":[{"@type":"ListItem","position":1,"name":"Home","item":"https:\/\/www.sportshine.eu\/"},{"@type":"ListItem","position":2,"name":"Trgovina","item":"https:\/\/www.sportshine.eu\/trgovina\/"},{"@type":"ListItem","position":3,"name":"Zimska kolesarska jakna BRN yellow"}]},{"@type":"WebSite","@id":"https:\/\/www.sportshine.eu\/#website","url":"https:\/\/www.sportshine.eu\/","name":"Sportshine","description":"Il miglior negozio online per ciclismo, lampade frontali e attrezzature","publisher":{"@id":"https:\/\/www.sportshine.eu\/#organization"},"potentialAction":[{"@type":"SearchAction","target":{"@type":"EntryPoint","urlTemplate":"https:\/\/www.sportshine.eu\/?s={search_term_string}"},"query-input":{"@type":"PropertyValueSpecification","valueRequired":true,"valueName":"search_term_string"}}],"inLanguage":"it-IT"},{"@type":"Organization","@id":"https:\/\/www.sportshine.eu\/#organization","name":"Sportshine","url":"https:\/\/www.sportshine.eu\/","logo":{"@type":"ImageObject","inLanguage":"it-IT","@id":"https:\/\/www.sportshine.eu\/#\/schema\/logo\/image\/","url":"https:\/\/www.sportshine.eu\/wp-content\/uploads\/2026\/01\/cropped-Sportshine.webp","contentUrl":"https:\/\/www.sportshine.eu\/wp-content\/uploads\/2026\/01\/cropped-Sportshine.webp","width":295,"height":128,"caption":"Sportshine"},"image":{"@id":"https:\/\/www.sportshine.eu\/#\/schema\/logo\/image\/"},"sameAs":["https:\/\/www.facebook.com\/sportshine.eu\/"]}]}},"_links":{"self":[{"href":"https:\/\/www.sportshine.eu\/it\/wp-json\/wp\/v2\/product\/6692","targetHints":{"allow":["GET"]}}],"collection":[{"href":"https:\/\/www.sportshine.eu\/it\/wp-json\/wp\/v2\/product"}],"about":[{"href":"https:\/\/www.sportshine.eu\/it\/wp-json\/wp\/v2\/types\/product"}],"replies":[{"embeddable":true,"href":"https:\/\/www.sportshine.eu\/it\/wp-json\/wp\/v2\/comments?post=6692"}],"version-history":[{"count":0,"href":"https:\/\/www.sportshine.eu\/it\/wp-json\/wp\/v2\/product\/6692\/revisions"}],"wp:featuredmedia":[{"embeddable":true,"href":"https:\/\/www.sportshine.eu\/it\/wp-json\/wp\/v2\/media\/5561"}],"wp:attachment":[{"href":"https:\/\/www.sportshine.eu\/it\/wp-json\/wp\/v2\/media?parent=6692"}],"wp:term":[{"taxonomy":"product_brand","embeddable":true,"href":"https:\/\/www.sportshine.eu\/it\/wp-json\/wp\/v2\/product_brand?post=6692"},{"taxonomy":"product_cat","embeddable":true,"href":"https:\/\/www.sportshine.eu\/it\/wp-json\/wp\/v2\/product_cat?post=6692"},{"taxonomy":"product_tag","embeddable":true,"href":"https:\/\/www.sportshine.eu\/it\/wp-json\/wp\/v2\/product_tag?post=6692"}],"curies":[{"name":"parola chiave","href":"https:\/\/api.w.org\/{rel}","templated":true}]}}