{"id":6642,"date":"2025-07-07T08:59:14","date_gmt":"2025-07-07T08:59:14","guid":{"rendered":"https:\/\/www.sportshine.eu\/?post_type=product&#038;p=6642"},"modified":"2026-01-22T13:17:46","modified_gmt":"2026-01-22T13:17:46","slug":"occhiali-brn-max-polarizzati-neri","status":"publish","type":"product","link":"https:\/\/www.sportshine.eu\/it\/negozio\/occhiali-brn-max-polarizzati-neri\/","title":{"rendered":"Occhiali da sole polarizzati BRN MAX neri"},"content":{"rendered":"<p class=\"\" data-start=\"98\" data-end=\"318\">Gli occhiali polarizzati BRN MAX sono la scelta ideale per chi cerca occhiali dinamici e funzionali. Sono particolarmente adatti anche a chi indossa occhiali da vista, poich\u00e9 sono dotati di una montatura in cui \u00e8 possibile inserire lenti graduate.<\/p>\n<p class=\"\" data-start=\"320\" data-end=\"615\">Le lenti polarizzate sono realizzate con una tecnica di stampaggio a iniezione, che garantisce un&#039;eccezionale precisione ottica, riduce l&#039;affaticamento degli occhi e aumenta il comfort. Queste lenti avanzate bloccano efficacemente il 100% dei raggi UVA, UVB e UVC, nonch\u00e9 la luce blu fino a 400 nm, offrendo una protezione superiore per i tuoi occhi.<\/p>\n<p class=\"\" data-start=\"617\" data-end=\"937\">La montatura in TR90 Grilamid \u00e8 estremamente leggera, resistente e progettata per il massimo comfort. Le aste in gomma antiscivolo ipoallergenica e il nasello regolabile ipoallergenico garantiscono una perfetta stabilit\u00e0 e un perfetto adattamento al viso. Nonostante le sue caratteristiche superiori, gli occhiali pesano solo 28 grammi, quindi quasi non ti accorgerai di indossarli!<\/p>\n<p class=\"\" data-start=\"939\" data-end=\"1162\">Gli occhiali sono custoditi in un&#039;elegante e spaziosa custodia rigida, e una morbida custodia in microfibra \u00e8 inclusa per proteggere le lenti. La confezione include anche un adattatore per lenti graduate, rendendoli ancora pi\u00f9 pratici per tutti.<\/p>","protected":false},"excerpt":{"rendered":"<p>Occhiali da sole polarizzati BRN MAX: la combinazione perfetta di protezione, comfort e versatilit\u00e0.<\/p>","protected":false},"featured_media":5475,"comment_status":"open","ping_status":"closed","template":"","meta":[],"product_brand":[133],"product_cat":[103,123],"product_tag":[],"class_list":{"0":"post-6642","1":"product","2":"type-product","3":"status-publish","4":"has-post-thumbnail","6":"product_brand-brn","7":"product_cat-kolesarska-ocala","8":"product_cat-polarizirana-ocala","10":"first","11":"instock","12":"taxable","13":"shipping-taxable","14":"purchasable","15":"product-type-simple"},"yoast_head":"<!-- This site is optimized with the Yoast SEO plugin v27.3 - https:\/\/yoast.com\/product\/yoast-seo-wordpress\/ -->\n<title>O\u010dala BRN MAX polarizirana \u010drna<\/title>\n<meta name=\"description\" content=\"BRN MAX polarizirana son\u010dna o\u010dala \u2013 popolna kombinacija za\u0161\u010dite, udobja in vsestranskosti. Preveri na\u0161o ponudbo o\u010dal in izberi jasen pogled.\" \/>\n<meta name=\"robots\" content=\"index, follow, max-snippet:-1, max-image-preview:large, max-video-preview:-1\" \/>\n<link rel=\"canonical\" href=\"https:\/\/www.sportshine.eu\/it\/negozio\/occhiali-brn-max-polarizzati-neri\/\" \/>\n<meta property=\"og:locale\" content=\"it_IT\" \/>\n<meta property=\"og:type\" content=\"article\" \/>\n<meta property=\"og:title\" content=\"O\u010dala BRN MAX polarizirana \u010drna\" \/>\n<meta property=\"og:description\" content=\"BRN MAX polarizirana son\u010dna o\u010dala \u2013 popolna kombinacija za\u0161\u010dite, udobja in vsestranskosti. Preveri na\u0161o ponudbo o\u010dal in izberi jasen pogled.\" \/>\n<meta property=\"og:url\" content=\"https:\/\/www.sportshine.eu\/it\/negozio\/occhiali-brn-max-polarizzati-neri\/\" \/>\n<meta property=\"og:site_name\" content=\"Sportshine\" \/>\n<meta property=\"article:publisher\" content=\"https:\/\/www.facebook.com\/sportshine.eu\/\" \/>\n<meta property=\"article:modified_time\" content=\"2026-01-22T13:17:46+00:00\" \/>\n<meta property=\"og:image\" content=\"https:\/\/www.sportshine.eu\/wp-content\/uploads\/2025\/07\/BRN-MAX-polarized.webp\" \/>\n\t<meta property=\"og:image:width\" content=\"800\" \/>\n\t<meta property=\"og:image:height\" content=\"800\" \/>\n\t<meta property=\"og:image:type\" content=\"image\/webp\" \/>\n<meta name=\"twitter:card\" content=\"summary_large_image\" \/>\n<meta name=\"twitter:label1\" content=\"Tempo di lettura stimato\" \/>\n\t<meta name=\"twitter:data1\" content=\"2 minuti\" \/>\n<script type=\"application\/ld+json\" class=\"yoast-schema-graph\">{\"@context\":\"https:\\\/\\\/schema.org\",\"@graph\":[{\"@type\":\"WebPage\",\"@id\":\"https:\\\/\\\/www.sportshine.eu\\\/trgovina\\\/ocala-brn-max-polarizirana-crna\\\/\",\"url\":\"https:\\\/\\\/www.sportshine.eu\\\/trgovina\\\/ocala-brn-max-polarizirana-crna\\\/\",\"name\":\"O\u010dala BRN MAX polarizirana \u010drna\",\"isPartOf\":{\"@id\":\"https:\\\/\\\/www.sportshine.eu\\\/#website\"},\"primaryImageOfPage\":{\"@id\":\"https:\\\/\\\/www.sportshine.eu\\\/trgovina\\\/ocala-brn-max-polarizirana-crna\\\/#primaryimage\"},\"image\":{\"@id\":\"https:\\\/\\\/www.sportshine.eu\\\/trgovina\\\/ocala-brn-max-polarizirana-crna\\\/#primaryimage\"},\"thumbnailUrl\":\"https:\\\/\\\/www.sportshine.eu\\\/wp-content\\\/uploads\\\/2025\\\/07\\\/BRN-MAX-polarized.webp\",\"datePublished\":\"2025-07-07T08:59:14+00:00\",\"dateModified\":\"2026-01-22T13:17:46+00:00\",\"description\":\"BRN MAX polarizirana son\u010dna o\u010dala \u2013 popolna kombinacija za\u0161\u010dite, udobja in vsestranskosti. Preveri na\u0161o ponudbo o\u010dal in izberi jasen pogled.\",\"breadcrumb\":{\"@id\":\"https:\\\/\\\/www.sportshine.eu\\\/trgovina\\\/ocala-brn-max-polarizirana-crna\\\/#breadcrumb\"},\"inLanguage\":\"it-IT\",\"potentialAction\":[{\"@type\":\"ReadAction\",\"target\":[\"https:\\\/\\\/www.sportshine.eu\\\/trgovina\\\/ocala-brn-max-polarizirana-crna\\\/\"]}]},{\"@type\":\"ImageObject\",\"inLanguage\":\"it-IT\",\"@id\":\"https:\\\/\\\/www.sportshine.eu\\\/trgovina\\\/ocala-brn-max-polarizirana-crna\\\/#primaryimage\",\"url\":\"https:\\\/\\\/www.sportshine.eu\\\/wp-content\\\/uploads\\\/2025\\\/07\\\/BRN-MAX-polarized.webp\",\"contentUrl\":\"https:\\\/\\\/www.sportshine.eu\\\/wp-content\\\/uploads\\\/2025\\\/07\\\/BRN-MAX-polarized.webp\",\"width\":800,\"height\":800},{\"@type\":\"BreadcrumbList\",\"@id\":\"https:\\\/\\\/www.sportshine.eu\\\/trgovina\\\/ocala-brn-max-polarizirana-crna\\\/#breadcrumb\",\"itemListElement\":[{\"@type\":\"ListItem\",\"position\":1,\"name\":\"Home\",\"item\":\"https:\\\/\\\/www.sportshine.eu\\\/\"},{\"@type\":\"ListItem\",\"position\":2,\"name\":\"Trgovina\",\"item\":\"https:\\\/\\\/www.sportshine.eu\\\/trgovina\\\/\"},{\"@type\":\"ListItem\",\"position\":3,\"name\":\"O\u010dala BRN MAX polarizirana \u010drna\"}]},{\"@type\":\"WebSite\",\"@id\":\"https:\\\/\\\/www.sportshine.eu\\\/#website\",\"url\":\"https:\\\/\\\/www.sportshine.eu\\\/\",\"name\":\"Sportshine\",\"description\":\"Top spletna trgovina kolesarskih in naglavnih svetilk ter opreme\",\"publisher\":{\"@id\":\"https:\\\/\\\/www.sportshine.eu\\\/#organization\"},\"potentialAction\":[{\"@type\":\"SearchAction\",\"target\":{\"@type\":\"EntryPoint\",\"urlTemplate\":\"https:\\\/\\\/www.sportshine.eu\\\/?s={search_term_string}\"},\"query-input\":{\"@type\":\"PropertyValueSpecification\",\"valueRequired\":true,\"valueName\":\"search_term_string\"}}],\"inLanguage\":\"it-IT\"},{\"@type\":\"Organization\",\"@id\":\"https:\\\/\\\/www.sportshine.eu\\\/#organization\",\"name\":\"Sportshine\",\"url\":\"https:\\\/\\\/www.sportshine.eu\\\/\",\"logo\":{\"@type\":\"ImageObject\",\"inLanguage\":\"it-IT\",\"@id\":\"https:\\\/\\\/www.sportshine.eu\\\/#\\\/schema\\\/logo\\\/image\\\/\",\"url\":\"https:\\\/\\\/www.sportshine.eu\\\/wp-content\\\/uploads\\\/2026\\\/01\\\/cropped-Sportshine.webp\",\"contentUrl\":\"https:\\\/\\\/www.sportshine.eu\\\/wp-content\\\/uploads\\\/2026\\\/01\\\/cropped-Sportshine.webp\",\"width\":295,\"height\":128,\"caption\":\"Sportshine\"},\"image\":{\"@id\":\"https:\\\/\\\/www.sportshine.eu\\\/#\\\/schema\\\/logo\\\/image\\\/\"},\"sameAs\":[\"https:\\\/\\\/www.facebook.com\\\/sportshine.eu\\\/\"]}]}<\/script>\n<!-- \/ Yoast SEO plugin. -->","yoast_head_json":{"title":"Occhiali da sole polarizzati BRN MAX neri","description":"Occhiali da sole polarizzati BRN MAX: la combinazione perfetta di protezione, comfort e versatilit\u00e0. Scopri la nostra gamma di occhiali e scegli una visione chiara.","robots":{"index":"index","follow":"follow","max-snippet":"max-snippet:-1","max-image-preview":"max-image-preview:large","max-video-preview":"max-video-preview:-1"},"canonical":"https:\/\/www.sportshine.eu\/it\/negozio\/occhiali-brn-max-polarizzati-neri\/","og_locale":"it_IT","og_type":"article","og_title":"O\u010dala BRN MAX polarizirana \u010drna","og_description":"BRN MAX polarizirana son\u010dna o\u010dala \u2013 popolna kombinacija za\u0161\u010dite, udobja in vsestranskosti. Preveri na\u0161o ponudbo o\u010dal in izberi jasen pogled.","og_url":"https:\/\/www.sportshine.eu\/it\/negozio\/occhiali-brn-max-polarizzati-neri\/","og_site_name":"Sportshine","article_publisher":"https:\/\/www.facebook.com\/sportshine.eu\/","article_modified_time":"2026-01-22T13:17:46+00:00","og_image":[{"width":800,"height":800,"url":"https:\/\/www.sportshine.eu\/wp-content\/uploads\/2025\/07\/BRN-MAX-polarized.webp","type":"image\/webp"}],"twitter_card":"summary_large_image","twitter_misc":{"Tempo di lettura stimato":"2 minuti"},"schema":{"@context":"https:\/\/schema.org","@graph":[{"@type":"WebPage","@id":"https:\/\/www.sportshine.eu\/trgovina\/ocala-brn-max-polarizirana-crna\/","url":"https:\/\/www.sportshine.eu\/trgovina\/ocala-brn-max-polarizirana-crna\/","name":"Occhiali da sole polarizzati BRN MAX neri","isPartOf":{"@id":"https:\/\/www.sportshine.eu\/#website"},"primaryImageOfPage":{"@id":"https:\/\/www.sportshine.eu\/trgovina\/ocala-brn-max-polarizirana-crna\/#primaryimage"},"image":{"@id":"https:\/\/www.sportshine.eu\/trgovina\/ocala-brn-max-polarizirana-crna\/#primaryimage"},"thumbnailUrl":"https:\/\/www.sportshine.eu\/wp-content\/uploads\/2025\/07\/BRN-MAX-polarized.webp","datePublished":"2025-07-07T08:59:14+00:00","dateModified":"2026-01-22T13:17:46+00:00","description":"Occhiali da sole polarizzati BRN MAX: la combinazione perfetta di protezione, comfort e versatilit\u00e0. Scopri la nostra gamma di occhiali e scegli una visione chiara.","breadcrumb":{"@id":"https:\/\/www.sportshine.eu\/trgovina\/ocala-brn-max-polarizirana-crna\/#breadcrumb"},"inLanguage":"it-IT","potentialAction":[{"@type":"ReadAction","target":["https:\/\/www.sportshine.eu\/trgovina\/ocala-brn-max-polarizirana-crna\/"]}]},{"@type":"ImageObject","inLanguage":"it-IT","@id":"https:\/\/www.sportshine.eu\/trgovina\/ocala-brn-max-polarizirana-crna\/#primaryimage","url":"https:\/\/www.sportshine.eu\/wp-content\/uploads\/2025\/07\/BRN-MAX-polarized.webp","contentUrl":"https:\/\/www.sportshine.eu\/wp-content\/uploads\/2025\/07\/BRN-MAX-polarized.webp","width":800,"height":800},{"@type":"BreadcrumbList","@id":"https:\/\/www.sportshine.eu\/trgovina\/ocala-brn-max-polarizirana-crna\/#breadcrumb","itemListElement":[{"@type":"ListItem","position":1,"name":"Home","item":"https:\/\/www.sportshine.eu\/"},{"@type":"ListItem","position":2,"name":"Trgovina","item":"https:\/\/www.sportshine.eu\/trgovina\/"},{"@type":"ListItem","position":3,"name":"O\u010dala BRN MAX polarizirana \u010drna"}]},{"@type":"WebSite","@id":"https:\/\/www.sportshine.eu\/#website","url":"https:\/\/www.sportshine.eu\/","name":"Sportshine","description":"Il miglior negozio online per ciclismo, lampade frontali e attrezzature","publisher":{"@id":"https:\/\/www.sportshine.eu\/#organization"},"potentialAction":[{"@type":"SearchAction","target":{"@type":"EntryPoint","urlTemplate":"https:\/\/www.sportshine.eu\/?s={search_term_string}"},"query-input":{"@type":"PropertyValueSpecification","valueRequired":true,"valueName":"search_term_string"}}],"inLanguage":"it-IT"},{"@type":"Organization","@id":"https:\/\/www.sportshine.eu\/#organization","name":"Sportshine","url":"https:\/\/www.sportshine.eu\/","logo":{"@type":"ImageObject","inLanguage":"it-IT","@id":"https:\/\/www.sportshine.eu\/#\/schema\/logo\/image\/","url":"https:\/\/www.sportshine.eu\/wp-content\/uploads\/2026\/01\/cropped-Sportshine.webp","contentUrl":"https:\/\/www.sportshine.eu\/wp-content\/uploads\/2026\/01\/cropped-Sportshine.webp","width":295,"height":128,"caption":"Sportshine"},"image":{"@id":"https:\/\/www.sportshine.eu\/#\/schema\/logo\/image\/"},"sameAs":["https:\/\/www.facebook.com\/sportshine.eu\/"]}]}},"_links":{"self":[{"href":"https:\/\/www.sportshine.eu\/it\/wp-json\/wp\/v2\/product\/6642","targetHints":{"allow":["GET"]}}],"collection":[{"href":"https:\/\/www.sportshine.eu\/it\/wp-json\/wp\/v2\/product"}],"about":[{"href":"https:\/\/www.sportshine.eu\/it\/wp-json\/wp\/v2\/types\/product"}],"replies":[{"embeddable":true,"href":"https:\/\/www.sportshine.eu\/it\/wp-json\/wp\/v2\/comments?post=6642"}],"version-history":[{"count":0,"href":"https:\/\/www.sportshine.eu\/it\/wp-json\/wp\/v2\/product\/6642\/revisions"}],"wp:featuredmedia":[{"embeddable":true,"href":"https:\/\/www.sportshine.eu\/it\/wp-json\/wp\/v2\/media\/5475"}],"wp:attachment":[{"href":"https:\/\/www.sportshine.eu\/it\/wp-json\/wp\/v2\/media?parent=6642"}],"wp:term":[{"taxonomy":"product_brand","embeddable":true,"href":"https:\/\/www.sportshine.eu\/it\/wp-json\/wp\/v2\/product_brand?post=6642"},{"taxonomy":"product_cat","embeddable":true,"href":"https:\/\/www.sportshine.eu\/it\/wp-json\/wp\/v2\/product_cat?post=6642"},{"taxonomy":"product_tag","embeddable":true,"href":"https:\/\/www.sportshine.eu\/it\/wp-json\/wp\/v2\/product_tag?post=6642"}],"curies":[{"name":"parola chiave","href":"https:\/\/api.w.org\/{rel}","templated":true}]}}