{"id":6622,"date":"2025-07-07T08:55:51","date_gmt":"2025-07-07T08:55:51","guid":{"rendered":"https:\/\/www.sportshine.eu\/?post_type=product&#038;p=6622"},"modified":"2025-08-02T17:04:01","modified_gmt":"2025-08-02T17:04:01","slug":"passeggino-per-bambini-brn-vola-50-azzurro","status":"publish","type":"product","link":"https:\/\/www.sportshine.eu\/it\/negozio\/passeggino-per-bambini-brn-vola-50-azzurro\/","title":{"rendered":"Monopattino per bambini BRN VOLA 50 azzurro"},"content":{"rendered":"<h3 style=\"text-align: left;\" data-start=\"0\" data-end=\"55\">BRN VOLA 50 \u2013 LA PRIMA BICICLETTA PERFETTA PER I PICCOLI CICLISTI<\/h3>\n<p class=\"\" style=\"text-align: left;\" data-start=\"57\" data-end=\"438\">Booster per bambini\u00a0 <strong data-start=\"73\" data-end=\"88\">BRN Ox 50<\/strong> combina materiali naturali, comfort e sicurezza per offrire al tuo bambino la migliore prima esperienza in bicicletta. \u00c8 realizzato in <strong data-start=\"212\" data-end=\"238\">legno naturale<\/strong>, che non \u00e8 solo resistente, ma anche esteticamente gradevole. \u00c8 progettato affinch\u00e9 i bambini sviluppino il senso dell&#039;equilibrio e la sicurezza sulle due ruote attraverso il gioco, consentendo loro di passare pi\u00f9 facilmente a una vera bicicletta.<\/p>\n<h3 class=\"\" style=\"text-align: left;\" data-start=\"440\" data-end=\"472\">CRESCI CON IL TUO BAMBINO<\/h3>\n<p class=\"\" style=\"text-align: left;\" data-start=\"473\" data-end=\"628\">SEDILE REGOLABILE \u2013 L&#039;altezza regolabile del sedile consente un utilizzo confortevole durante le diverse fasi di crescita, il che significa che la bici accompagner\u00e0 il tuo bambino per molti anni. Il sedile \u00e8 regolabile da 29 a 36 cm.<\/p>\n<h3 class=\"\" style=\"text-align: left;\" data-start=\"630\" data-end=\"665\">GUIDA STABILE E CONFORTEVOLE<\/h3>\n<p class=\"\" style=\"text-align: left;\" data-start=\"666\" data-end=\"802\">RUOTE IN PVC DA 8\u201d \u2013 Garantiscono una guida fluida e stabile su diverse superfici, dal cortile ai parchi e ai sentieri pedonali.<\/p>\n<h3 class=\"\" style=\"text-align: left;\" data-start=\"804\" data-end=\"845\">LEGGERO E FACILE DA USARE<\/h3>\n<p class=\"\" style=\"text-align: left;\" data-start=\"846\" data-end=\"997\">ESTREMAMENTE LEGGERA - Con un peso di soli 2,8 kg, la bicicletta \u00e8 facile da trasportare e maneggiare, il che significa che un bambino pu\u00f2 sollevarla o spostarla senza problemi.<\/p>\n<h3 class=\"\" style=\"text-align: left;\" data-start=\"999\" data-end=\"1041\">COMPAGNO SICURO E AFFIDABILE<\/h3>\n<p class=\"\" style=\"text-align: left;\" data-start=\"1042\" data-end=\"1198\">CAPACIT\u00c0 DI CARICO MASSIMA 30 KG \u2013 La bici \u00e8 progettata per una guida sicura e stabile, adatta ai piccoli avventurieri ciclisti che hanno appena iniziato il loro viaggio.<\/p>","protected":false},"excerpt":{"rendered":"<p class=\"\" data-start=\"50\" data-end=\"222\">Booster per bambini <strong data-start=\"66\" data-end=\"81\">BRN Ox 50<\/strong> \u00e8 realizzato in legno naturale e coniuga eleganza, resistenza e leggerezza, per offrire al tuo bambino la prima esperienza ciclistica perfetta. <strong data-start=\"1204\" data-end=\"1219\">BRN Ox 50<\/strong> Regala al tuo bambino la gioia del movimento e della libert\u00e0 su due ruote! \ud83d\udeb4\u200d\u2642\ufe0f\u2728<\/p>","protected":false},"featured_media":5379,"comment_status":"open","ping_status":"closed","template":"","meta":[],"product_brand":[],"product_cat":[124],"product_tag":[],"class_list":{"0":"post-6622","1":"product","2":"type-product","3":"status-publish","4":"has-post-thumbnail","6":"product_cat-otroski-poganjalci","8":"first","9":"instock","10":"taxable","11":"shipping-taxable","12":"purchasable","13":"product-type-simple"},"yoast_head":"<!-- This site is optimized with the Yoast SEO plugin v27.3 - https:\/\/yoast.com\/product\/yoast-seo-wordpress\/ -->\n<title>Otro\u0161ki poganjalec BRN VOLA 50 light blue<\/title>\n<meta name=\"robots\" content=\"index, follow, max-snippet:-1, max-image-preview:large, max-video-preview:-1\" \/>\n<link rel=\"canonical\" href=\"https:\/\/www.sportshine.eu\/it\/negozio\/passeggino-per-bambini-brn-vola-50-azzurro\/\" \/>\n<meta property=\"og:locale\" content=\"it_IT\" \/>\n<meta property=\"og:type\" content=\"article\" \/>\n<meta property=\"og:title\" content=\"Otro\u0161ki poganjalec BRN VOLA 50 light blue\" \/>\n<meta property=\"og:description\" content=\"Otro\u0161ki poganjalec BRN Vola 50 je izdelan iz naravnega lesa, ki zdru\u017euje eleganco, vzdr\u017eljivost in lahkotnost za popolno prvo kolesarsko izku\u0161njo va\u0161ega otroka. Naj BRN Vola 50 va\u0161emu otroku podari veselje do gibanja in svobode na dveh kolesih! \ud83d\udeb4\u200d\u2642\ufe0f\u2728\" \/>\n<meta property=\"og:url\" content=\"https:\/\/www.sportshine.eu\/it\/negozio\/passeggino-per-bambini-brn-vola-50-azzurro\/\" \/>\n<meta property=\"og:site_name\" content=\"Sportshine\" \/>\n<meta property=\"article:publisher\" content=\"https:\/\/www.facebook.com\/sportshine.eu\/\" \/>\n<meta property=\"article:modified_time\" content=\"2025-08-02T17:04:01+00:00\" \/>\n<meta property=\"og:image\" content=\"https:\/\/www.sportshine.eu\/wp-content\/uploads\/2025\/07\/poganjalec-BRN.webp\" \/>\n\t<meta property=\"og:image:width\" content=\"800\" \/>\n\t<meta property=\"og:image:height\" content=\"800\" \/>\n\t<meta property=\"og:image:type\" content=\"image\/webp\" \/>\n<meta name=\"twitter:card\" content=\"summary_large_image\" \/>\n<meta name=\"twitter:label1\" content=\"Tempo di lettura stimato\" \/>\n\t<meta name=\"twitter:data1\" content=\"1 minuto\" \/>\n<script type=\"application\/ld+json\" class=\"yoast-schema-graph\">{\"@context\":\"https:\\\/\\\/schema.org\",\"@graph\":[{\"@type\":\"WebPage\",\"@id\":\"https:\\\/\\\/www.sportshine.eu\\\/trgovina\\\/otroski-poganjalec-brn-vola-50-light-blue\\\/\",\"url\":\"https:\\\/\\\/www.sportshine.eu\\\/trgovina\\\/otroski-poganjalec-brn-vola-50-light-blue\\\/\",\"name\":\"Otro\u0161ki poganjalec BRN VOLA 50 light blue\",\"isPartOf\":{\"@id\":\"https:\\\/\\\/www.sportshine.eu\\\/#website\"},\"primaryImageOfPage\":{\"@id\":\"https:\\\/\\\/www.sportshine.eu\\\/trgovina\\\/otroski-poganjalec-brn-vola-50-light-blue\\\/#primaryimage\"},\"image\":{\"@id\":\"https:\\\/\\\/www.sportshine.eu\\\/trgovina\\\/otroski-poganjalec-brn-vola-50-light-blue\\\/#primaryimage\"},\"thumbnailUrl\":\"https:\\\/\\\/www.sportshine.eu\\\/wp-content\\\/uploads\\\/2025\\\/07\\\/poganjalec-BRN.webp\",\"datePublished\":\"2025-07-07T08:55:51+00:00\",\"dateModified\":\"2025-08-02T17:04:01+00:00\",\"breadcrumb\":{\"@id\":\"https:\\\/\\\/www.sportshine.eu\\\/trgovina\\\/otroski-poganjalec-brn-vola-50-light-blue\\\/#breadcrumb\"},\"inLanguage\":\"it-IT\",\"potentialAction\":[{\"@type\":\"ReadAction\",\"target\":[\"https:\\\/\\\/www.sportshine.eu\\\/trgovina\\\/otroski-poganjalec-brn-vola-50-light-blue\\\/\"]}]},{\"@type\":\"ImageObject\",\"inLanguage\":\"it-IT\",\"@id\":\"https:\\\/\\\/www.sportshine.eu\\\/trgovina\\\/otroski-poganjalec-brn-vola-50-light-blue\\\/#primaryimage\",\"url\":\"https:\\\/\\\/www.sportshine.eu\\\/wp-content\\\/uploads\\\/2025\\\/07\\\/poganjalec-BRN.webp\",\"contentUrl\":\"https:\\\/\\\/www.sportshine.eu\\\/wp-content\\\/uploads\\\/2025\\\/07\\\/poganjalec-BRN.webp\",\"width\":800,\"height\":800},{\"@type\":\"BreadcrumbList\",\"@id\":\"https:\\\/\\\/www.sportshine.eu\\\/trgovina\\\/otroski-poganjalec-brn-vola-50-light-blue\\\/#breadcrumb\",\"itemListElement\":[{\"@type\":\"ListItem\",\"position\":1,\"name\":\"Home\",\"item\":\"https:\\\/\\\/www.sportshine.eu\\\/\"},{\"@type\":\"ListItem\",\"position\":2,\"name\":\"Trgovina\",\"item\":\"https:\\\/\\\/www.sportshine.eu\\\/trgovina\\\/\"},{\"@type\":\"ListItem\",\"position\":3,\"name\":\"Otro\u0161ki poganjalec BRN VOLA 50 light blue\"}]},{\"@type\":\"WebSite\",\"@id\":\"https:\\\/\\\/www.sportshine.eu\\\/#website\",\"url\":\"https:\\\/\\\/www.sportshine.eu\\\/\",\"name\":\"Sportshine\",\"description\":\"Top spletna trgovina kolesarskih in naglavnih svetilk ter opreme\",\"publisher\":{\"@id\":\"https:\\\/\\\/www.sportshine.eu\\\/#organization\"},\"potentialAction\":[{\"@type\":\"SearchAction\",\"target\":{\"@type\":\"EntryPoint\",\"urlTemplate\":\"https:\\\/\\\/www.sportshine.eu\\\/?s={search_term_string}\"},\"query-input\":{\"@type\":\"PropertyValueSpecification\",\"valueRequired\":true,\"valueName\":\"search_term_string\"}}],\"inLanguage\":\"it-IT\"},{\"@type\":\"Organization\",\"@id\":\"https:\\\/\\\/www.sportshine.eu\\\/#organization\",\"name\":\"Sportshine\",\"url\":\"https:\\\/\\\/www.sportshine.eu\\\/\",\"logo\":{\"@type\":\"ImageObject\",\"inLanguage\":\"it-IT\",\"@id\":\"https:\\\/\\\/www.sportshine.eu\\\/#\\\/schema\\\/logo\\\/image\\\/\",\"url\":\"https:\\\/\\\/www.sportshine.eu\\\/wp-content\\\/uploads\\\/2026\\\/01\\\/cropped-Sportshine.webp\",\"contentUrl\":\"https:\\\/\\\/www.sportshine.eu\\\/wp-content\\\/uploads\\\/2026\\\/01\\\/cropped-Sportshine.webp\",\"width\":295,\"height\":128,\"caption\":\"Sportshine\"},\"image\":{\"@id\":\"https:\\\/\\\/www.sportshine.eu\\\/#\\\/schema\\\/logo\\\/image\\\/\"},\"sameAs\":[\"https:\\\/\\\/www.facebook.com\\\/sportshine.eu\\\/\"]}]}<\/script>\n<!-- \/ Yoast SEO plugin. -->","yoast_head_json":{"title":"Monopattino per bambini BRN VOLA 50 azzurro","robots":{"index":"index","follow":"follow","max-snippet":"max-snippet:-1","max-image-preview":"max-image-preview:large","max-video-preview":"max-video-preview:-1"},"canonical":"https:\/\/www.sportshine.eu\/it\/negozio\/passeggino-per-bambini-brn-vola-50-azzurro\/","og_locale":"it_IT","og_type":"article","og_title":"Otro\u0161ki poganjalec BRN VOLA 50 light blue","og_description":"Otro\u0161ki poganjalec BRN Vola 50 je izdelan iz naravnega lesa, ki zdru\u017euje eleganco, vzdr\u017eljivost in lahkotnost za popolno prvo kolesarsko izku\u0161njo va\u0161ega otroka. Naj BRN Vola 50 va\u0161emu otroku podari veselje do gibanja in svobode na dveh kolesih! \ud83d\udeb4\u200d\u2642\ufe0f\u2728","og_url":"https:\/\/www.sportshine.eu\/it\/negozio\/passeggino-per-bambini-brn-vola-50-azzurro\/","og_site_name":"Sportshine","article_publisher":"https:\/\/www.facebook.com\/sportshine.eu\/","article_modified_time":"2025-08-02T17:04:01+00:00","og_image":[{"width":800,"height":800,"url":"https:\/\/www.sportshine.eu\/wp-content\/uploads\/2025\/07\/poganjalec-BRN.webp","type":"image\/webp"}],"twitter_card":"summary_large_image","twitter_misc":{"Tempo di lettura stimato":"1 minuto"},"schema":{"@context":"https:\/\/schema.org","@graph":[{"@type":"WebPage","@id":"https:\/\/www.sportshine.eu\/trgovina\/otroski-poganjalec-brn-vola-50-light-blue\/","url":"https:\/\/www.sportshine.eu\/trgovina\/otroski-poganjalec-brn-vola-50-light-blue\/","name":"Monopattino per bambini BRN VOLA 50 azzurro","isPartOf":{"@id":"https:\/\/www.sportshine.eu\/#website"},"primaryImageOfPage":{"@id":"https:\/\/www.sportshine.eu\/trgovina\/otroski-poganjalec-brn-vola-50-light-blue\/#primaryimage"},"image":{"@id":"https:\/\/www.sportshine.eu\/trgovina\/otroski-poganjalec-brn-vola-50-light-blue\/#primaryimage"},"thumbnailUrl":"https:\/\/www.sportshine.eu\/wp-content\/uploads\/2025\/07\/poganjalec-BRN.webp","datePublished":"2025-07-07T08:55:51+00:00","dateModified":"2025-08-02T17:04:01+00:00","breadcrumb":{"@id":"https:\/\/www.sportshine.eu\/trgovina\/otroski-poganjalec-brn-vola-50-light-blue\/#breadcrumb"},"inLanguage":"it-IT","potentialAction":[{"@type":"ReadAction","target":["https:\/\/www.sportshine.eu\/trgovina\/otroski-poganjalec-brn-vola-50-light-blue\/"]}]},{"@type":"ImageObject","inLanguage":"it-IT","@id":"https:\/\/www.sportshine.eu\/trgovina\/otroski-poganjalec-brn-vola-50-light-blue\/#primaryimage","url":"https:\/\/www.sportshine.eu\/wp-content\/uploads\/2025\/07\/poganjalec-BRN.webp","contentUrl":"https:\/\/www.sportshine.eu\/wp-content\/uploads\/2025\/07\/poganjalec-BRN.webp","width":800,"height":800},{"@type":"BreadcrumbList","@id":"https:\/\/www.sportshine.eu\/trgovina\/otroski-poganjalec-brn-vola-50-light-blue\/#breadcrumb","itemListElement":[{"@type":"ListItem","position":1,"name":"Home","item":"https:\/\/www.sportshine.eu\/"},{"@type":"ListItem","position":2,"name":"Trgovina","item":"https:\/\/www.sportshine.eu\/trgovina\/"},{"@type":"ListItem","position":3,"name":"Otro\u0161ki poganjalec BRN VOLA 50 light blue"}]},{"@type":"WebSite","@id":"https:\/\/www.sportshine.eu\/#website","url":"https:\/\/www.sportshine.eu\/","name":"Sportshine","description":"Il miglior negozio online per ciclismo, lampade frontali e attrezzature","publisher":{"@id":"https:\/\/www.sportshine.eu\/#organization"},"potentialAction":[{"@type":"SearchAction","target":{"@type":"EntryPoint","urlTemplate":"https:\/\/www.sportshine.eu\/?s={search_term_string}"},"query-input":{"@type":"PropertyValueSpecification","valueRequired":true,"valueName":"search_term_string"}}],"inLanguage":"it-IT"},{"@type":"Organization","@id":"https:\/\/www.sportshine.eu\/#organization","name":"Sportshine","url":"https:\/\/www.sportshine.eu\/","logo":{"@type":"ImageObject","inLanguage":"it-IT","@id":"https:\/\/www.sportshine.eu\/#\/schema\/logo\/image\/","url":"https:\/\/www.sportshine.eu\/wp-content\/uploads\/2026\/01\/cropped-Sportshine.webp","contentUrl":"https:\/\/www.sportshine.eu\/wp-content\/uploads\/2026\/01\/cropped-Sportshine.webp","width":295,"height":128,"caption":"Sportshine"},"image":{"@id":"https:\/\/www.sportshine.eu\/#\/schema\/logo\/image\/"},"sameAs":["https:\/\/www.facebook.com\/sportshine.eu\/"]}]}},"_links":{"self":[{"href":"https:\/\/www.sportshine.eu\/it\/wp-json\/wp\/v2\/product\/6622","targetHints":{"allow":["GET"]}}],"collection":[{"href":"https:\/\/www.sportshine.eu\/it\/wp-json\/wp\/v2\/product"}],"about":[{"href":"https:\/\/www.sportshine.eu\/it\/wp-json\/wp\/v2\/types\/product"}],"replies":[{"embeddable":true,"href":"https:\/\/www.sportshine.eu\/it\/wp-json\/wp\/v2\/comments?post=6622"}],"version-history":[{"count":0,"href":"https:\/\/www.sportshine.eu\/it\/wp-json\/wp\/v2\/product\/6622\/revisions"}],"wp:featuredmedia":[{"embeddable":true,"href":"https:\/\/www.sportshine.eu\/it\/wp-json\/wp\/v2\/media\/5379"}],"wp:attachment":[{"href":"https:\/\/www.sportshine.eu\/it\/wp-json\/wp\/v2\/media?parent=6622"}],"wp:term":[{"taxonomy":"product_brand","embeddable":true,"href":"https:\/\/www.sportshine.eu\/it\/wp-json\/wp\/v2\/product_brand?post=6622"},{"taxonomy":"product_cat","embeddable":true,"href":"https:\/\/www.sportshine.eu\/it\/wp-json\/wp\/v2\/product_cat?post=6622"},{"taxonomy":"product_tag","embeddable":true,"href":"https:\/\/www.sportshine.eu\/it\/wp-json\/wp\/v2\/product_tag?post=6622"}],"curies":[{"name":"parola chiave","href":"https:\/\/api.w.org\/{rel}","templated":true}]}}