{"id":6610,"date":"2025-07-07T08:55:37","date_gmt":"2025-07-07T08:55:37","guid":{"rendered":"https:\/\/www.sportshine.eu\/?post_type=product&#038;p=6610"},"modified":"2026-01-22T13:18:07","modified_gmt":"2026-01-22T13:18:07","slug":"occhiali-da-ciclismo-brn-wide-nero-giallo-fluo","status":"publish","type":"product","link":"https:\/\/www.sportshine.eu\/it\/negozio\/occhiali-da-ciclismo-brn-wide-nero-giallo-fluo\/","title":{"rendered":"Occhiali da ciclismo BRN WIDE nero\/giallo fluo"},"content":{"rendered":"<p class=\"\" data-start=\"62\" data-end=\"364\">Gli occhiali BRN Max Wide combinano una protezione ottica avanzata con una durata eccezionale. Sono dotati di lenti in policarbonato fum\u00e9 3 resistenti agli urti e offrono una protezione UV completa, nel rispetto dei pi\u00f9 severi standard di sicurezza (ANSI Z80.3 \/ EN 1836 \/ EN ISO 12312-1 \/ AS\/NZS1067.1).<\/p>\n<p class=\"\" data-start=\"366\" data-end=\"621\">La montatura in TR90 Grilamid \u00e8 estremamente leggera ma robusta, garantendo un comfort duraturo. Le aste gommate antiscivolo e ipoallergeniche e il ponte nasale imbottito assicurano che gli occhiali rimangano in posizione anche durante un uso intensivo.<\/p>\n<p class=\"\" data-start=\"623\" data-end=\"865\">Con un peso di soli 34 grammi, sono quasi invisibili sul viso, pur offrendo protezione e stabilit\u00e0 superiori. Una custodia rigida e una morbida custodia in microfibra sono incluse per garantire una conservazione sicura e proteggere le lenti dai graffi.<\/p>\n<p class=\"\" data-start=\"867\" data-end=\"991\">La scelta perfetta per chi cerca occhiali affidabili per tutte le condizioni: dalle strade cittadine alle avventure all&#039;aria aperta piene di adrenalina!<\/p>","protected":false},"excerpt":{"rendered":"<p>BRN Max Wide o\u010dala zdru\u017eujejo napredno opti\u010dno za\u0161\u010dito in izjemno trpe\u017enost. Opremljena so z dimnimi 3 polikarbonatnimi le\u010dami, ki so odporne na udarce in zagotavljajo popolno UV za\u0161\u010dito, skladno z najstro\u017ejimi varnostnimi standardi (ANSI Z80.3 \/ EN 1836 \/ EN ISO 12312-1 \/ AS\/NZS1067.1). Njihov TR90 Grilamid okvir je izjemno lahek, a hkrati robusten, kar [&hellip;]<\/p>\n","protected":false},"featured_media":5360,"comment_status":"open","ping_status":"closed","template":"","meta":[],"product_brand":[133],"product_cat":[104,103],"product_tag":[],"class_list":{"0":"post-6610","1":"product","2":"type-product","3":"status-publish","4":"has-post-thumbnail","6":"product_brand-brn","7":"product_cat-klasicna-kolesarska-ocala","8":"product_cat-kolesarska-ocala","10":"first","11":"instock","12":"taxable","13":"shipping-taxable","14":"purchasable","15":"product-type-simple"},"yoast_head":"<!-- This site is optimized with the Yoast SEO plugin v27.3 - https:\/\/yoast.com\/product\/yoast-seo-wordpress\/ -->\n<title>Kolesarska o\u010dala BRN WIDE black\/fluo yellow<\/title>\n<meta name=\"description\" content=\"Kolesarska o\u010dala BRN RX BRN RX Wide o\u010dala predstavljajo vrhunsko tehnologijo v svojem razredu. Izdelana so iz 3\u00a0polikarbonatnih le\u010d, ki so odporne na udarce\" \/>\n<meta name=\"robots\" content=\"index, follow, max-snippet:-1, max-image-preview:large, max-video-preview:-1\" \/>\n<link rel=\"canonical\" href=\"https:\/\/www.sportshine.eu\/it\/negozio\/occhiali-da-ciclismo-brn-wide-nero-giallo-fluo\/\" \/>\n<meta property=\"og:locale\" content=\"it_IT\" \/>\n<meta property=\"og:type\" content=\"article\" \/>\n<meta property=\"og:title\" content=\"Kolesarska o\u010dala BRN WIDE black\/fluo yellow\" \/>\n<meta property=\"og:description\" content=\"Kolesarska o\u010dala BRN RX BRN RX Wide o\u010dala predstavljajo vrhunsko tehnologijo v svojem razredu. Izdelana so iz 3\u00a0polikarbonatnih le\u010d, ki so odporne na udarce\" \/>\n<meta property=\"og:url\" content=\"https:\/\/www.sportshine.eu\/it\/negozio\/occhiali-da-ciclismo-brn-wide-nero-giallo-fluo\/\" \/>\n<meta property=\"og:site_name\" content=\"Sportshine\" \/>\n<meta property=\"article:publisher\" content=\"https:\/\/www.facebook.com\/sportshine.eu\/\" \/>\n<meta property=\"article:modified_time\" content=\"2026-01-22T13:18:07+00:00\" \/>\n<meta property=\"og:image\" content=\"https:\/\/www.sportshine.eu\/wp-content\/uploads\/2025\/07\/Ocala-BRN-WIDE.webp\" \/>\n\t<meta property=\"og:image:width\" content=\"800\" \/>\n\t<meta property=\"og:image:height\" content=\"800\" \/>\n\t<meta property=\"og:image:type\" content=\"image\/webp\" \/>\n<meta name=\"twitter:card\" content=\"summary_large_image\" \/>\n<meta name=\"twitter:label1\" content=\"Tempo di lettura stimato\" \/>\n\t<meta name=\"twitter:data1\" content=\"1 minuto\" \/>\n<script type=\"application\/ld+json\" class=\"yoast-schema-graph\">{\"@context\":\"https:\\\/\\\/schema.org\",\"@graph\":[{\"@type\":\"WebPage\",\"@id\":\"https:\\\/\\\/www.sportshine.eu\\\/trgovina\\\/kolesarska-ocala-brn-wide-black-fluo-yellow\\\/\",\"url\":\"https:\\\/\\\/www.sportshine.eu\\\/trgovina\\\/kolesarska-ocala-brn-wide-black-fluo-yellow\\\/\",\"name\":\"Kolesarska o\u010dala BRN WIDE black\\\/fluo yellow\",\"isPartOf\":{\"@id\":\"https:\\\/\\\/www.sportshine.eu\\\/#website\"},\"primaryImageOfPage\":{\"@id\":\"https:\\\/\\\/www.sportshine.eu\\\/trgovina\\\/kolesarska-ocala-brn-wide-black-fluo-yellow\\\/#primaryimage\"},\"image\":{\"@id\":\"https:\\\/\\\/www.sportshine.eu\\\/trgovina\\\/kolesarska-ocala-brn-wide-black-fluo-yellow\\\/#primaryimage\"},\"thumbnailUrl\":\"https:\\\/\\\/www.sportshine.eu\\\/wp-content\\\/uploads\\\/2025\\\/07\\\/Ocala-BRN-WIDE.webp\",\"datePublished\":\"2025-07-07T08:55:37+00:00\",\"dateModified\":\"2026-01-22T13:18:07+00:00\",\"description\":\"Kolesarska o\u010dala BRN RX BRN RX Wide o\u010dala predstavljajo vrhunsko tehnologijo v svojem razredu. Izdelana so iz 3\u00a0polikarbonatnih le\u010d, ki so odporne na udarce\",\"breadcrumb\":{\"@id\":\"https:\\\/\\\/www.sportshine.eu\\\/trgovina\\\/kolesarska-ocala-brn-wide-black-fluo-yellow\\\/#breadcrumb\"},\"inLanguage\":\"it-IT\",\"potentialAction\":[{\"@type\":\"ReadAction\",\"target\":[\"https:\\\/\\\/www.sportshine.eu\\\/trgovina\\\/kolesarska-ocala-brn-wide-black-fluo-yellow\\\/\"]}]},{\"@type\":\"ImageObject\",\"inLanguage\":\"it-IT\",\"@id\":\"https:\\\/\\\/www.sportshine.eu\\\/trgovina\\\/kolesarska-ocala-brn-wide-black-fluo-yellow\\\/#primaryimage\",\"url\":\"https:\\\/\\\/www.sportshine.eu\\\/wp-content\\\/uploads\\\/2025\\\/07\\\/Ocala-BRN-WIDE.webp\",\"contentUrl\":\"https:\\\/\\\/www.sportshine.eu\\\/wp-content\\\/uploads\\\/2025\\\/07\\\/Ocala-BRN-WIDE.webp\",\"width\":800,\"height\":800},{\"@type\":\"BreadcrumbList\",\"@id\":\"https:\\\/\\\/www.sportshine.eu\\\/trgovina\\\/kolesarska-ocala-brn-wide-black-fluo-yellow\\\/#breadcrumb\",\"itemListElement\":[{\"@type\":\"ListItem\",\"position\":1,\"name\":\"Home\",\"item\":\"https:\\\/\\\/www.sportshine.eu\\\/\"},{\"@type\":\"ListItem\",\"position\":2,\"name\":\"Trgovina\",\"item\":\"https:\\\/\\\/www.sportshine.eu\\\/trgovina\\\/\"},{\"@type\":\"ListItem\",\"position\":3,\"name\":\"Kolesarska o\u010dala BRN WIDE black\\\/fluo yellow\"}]},{\"@type\":\"WebSite\",\"@id\":\"https:\\\/\\\/www.sportshine.eu\\\/#website\",\"url\":\"https:\\\/\\\/www.sportshine.eu\\\/\",\"name\":\"Sportshine\",\"description\":\"Top spletna trgovina kolesarskih in naglavnih svetilk ter opreme\",\"publisher\":{\"@id\":\"https:\\\/\\\/www.sportshine.eu\\\/#organization\"},\"potentialAction\":[{\"@type\":\"SearchAction\",\"target\":{\"@type\":\"EntryPoint\",\"urlTemplate\":\"https:\\\/\\\/www.sportshine.eu\\\/?s={search_term_string}\"},\"query-input\":{\"@type\":\"PropertyValueSpecification\",\"valueRequired\":true,\"valueName\":\"search_term_string\"}}],\"inLanguage\":\"it-IT\"},{\"@type\":\"Organization\",\"@id\":\"https:\\\/\\\/www.sportshine.eu\\\/#organization\",\"name\":\"Sportshine\",\"url\":\"https:\\\/\\\/www.sportshine.eu\\\/\",\"logo\":{\"@type\":\"ImageObject\",\"inLanguage\":\"it-IT\",\"@id\":\"https:\\\/\\\/www.sportshine.eu\\\/#\\\/schema\\\/logo\\\/image\\\/\",\"url\":\"https:\\\/\\\/www.sportshine.eu\\\/wp-content\\\/uploads\\\/2026\\\/01\\\/cropped-Sportshine.webp\",\"contentUrl\":\"https:\\\/\\\/www.sportshine.eu\\\/wp-content\\\/uploads\\\/2026\\\/01\\\/cropped-Sportshine.webp\",\"width\":295,\"height\":128,\"caption\":\"Sportshine\"},\"image\":{\"@id\":\"https:\\\/\\\/www.sportshine.eu\\\/#\\\/schema\\\/logo\\\/image\\\/\"},\"sameAs\":[\"https:\\\/\\\/www.facebook.com\\\/sportshine.eu\\\/\"]}]}<\/script>\n<!-- \/ Yoast SEO plugin. -->","yoast_head_json":{"title":"Occhiali da ciclismo BRN WIDE nero\/giallo fluo","description":"Gli occhiali da ciclismo BRN RX Wide rappresentano la migliore tecnologia della loro categoria. Sono realizzati con 3 lenti in policarbonato antiurto.","robots":{"index":"index","follow":"follow","max-snippet":"max-snippet:-1","max-image-preview":"max-image-preview:large","max-video-preview":"max-video-preview:-1"},"canonical":"https:\/\/www.sportshine.eu\/it\/negozio\/occhiali-da-ciclismo-brn-wide-nero-giallo-fluo\/","og_locale":"it_IT","og_type":"article","og_title":"Kolesarska o\u010dala BRN WIDE black\/fluo yellow","og_description":"Kolesarska o\u010dala BRN RX BRN RX Wide o\u010dala predstavljajo vrhunsko tehnologijo v svojem razredu. Izdelana so iz 3\u00a0polikarbonatnih le\u010d, ki so odporne na udarce","og_url":"https:\/\/www.sportshine.eu\/it\/negozio\/occhiali-da-ciclismo-brn-wide-nero-giallo-fluo\/","og_site_name":"Sportshine","article_publisher":"https:\/\/www.facebook.com\/sportshine.eu\/","article_modified_time":"2026-01-22T13:18:07+00:00","og_image":[{"width":800,"height":800,"url":"https:\/\/www.sportshine.eu\/wp-content\/uploads\/2025\/07\/Ocala-BRN-WIDE.webp","type":"image\/webp"}],"twitter_card":"summary_large_image","twitter_misc":{"Tempo di lettura stimato":"1 minuto"},"schema":{"@context":"https:\/\/schema.org","@graph":[{"@type":"WebPage","@id":"https:\/\/www.sportshine.eu\/trgovina\/kolesarska-ocala-brn-wide-black-fluo-yellow\/","url":"https:\/\/www.sportshine.eu\/trgovina\/kolesarska-ocala-brn-wide-black-fluo-yellow\/","name":"Occhiali da ciclismo BRN WIDE nero\/giallo fluo","isPartOf":{"@id":"https:\/\/www.sportshine.eu\/#website"},"primaryImageOfPage":{"@id":"https:\/\/www.sportshine.eu\/trgovina\/kolesarska-ocala-brn-wide-black-fluo-yellow\/#primaryimage"},"image":{"@id":"https:\/\/www.sportshine.eu\/trgovina\/kolesarska-ocala-brn-wide-black-fluo-yellow\/#primaryimage"},"thumbnailUrl":"https:\/\/www.sportshine.eu\/wp-content\/uploads\/2025\/07\/Ocala-BRN-WIDE.webp","datePublished":"2025-07-07T08:55:37+00:00","dateModified":"2026-01-22T13:18:07+00:00","description":"Gli occhiali da ciclismo BRN RX Wide rappresentano la migliore tecnologia della loro categoria. Sono realizzati con 3 lenti in policarbonato antiurto.","breadcrumb":{"@id":"https:\/\/www.sportshine.eu\/trgovina\/kolesarska-ocala-brn-wide-black-fluo-yellow\/#breadcrumb"},"inLanguage":"it-IT","potentialAction":[{"@type":"ReadAction","target":["https:\/\/www.sportshine.eu\/trgovina\/kolesarska-ocala-brn-wide-black-fluo-yellow\/"]}]},{"@type":"ImageObject","inLanguage":"it-IT","@id":"https:\/\/www.sportshine.eu\/trgovina\/kolesarska-ocala-brn-wide-black-fluo-yellow\/#primaryimage","url":"https:\/\/www.sportshine.eu\/wp-content\/uploads\/2025\/07\/Ocala-BRN-WIDE.webp","contentUrl":"https:\/\/www.sportshine.eu\/wp-content\/uploads\/2025\/07\/Ocala-BRN-WIDE.webp","width":800,"height":800},{"@type":"BreadcrumbList","@id":"https:\/\/www.sportshine.eu\/trgovina\/kolesarska-ocala-brn-wide-black-fluo-yellow\/#breadcrumb","itemListElement":[{"@type":"ListItem","position":1,"name":"Home","item":"https:\/\/www.sportshine.eu\/"},{"@type":"ListItem","position":2,"name":"Trgovina","item":"https:\/\/www.sportshine.eu\/trgovina\/"},{"@type":"ListItem","position":3,"name":"Kolesarska o\u010dala BRN WIDE black\/fluo yellow"}]},{"@type":"WebSite","@id":"https:\/\/www.sportshine.eu\/#website","url":"https:\/\/www.sportshine.eu\/","name":"Sportshine","description":"Il miglior negozio online per ciclismo, lampade frontali e attrezzature","publisher":{"@id":"https:\/\/www.sportshine.eu\/#organization"},"potentialAction":[{"@type":"SearchAction","target":{"@type":"EntryPoint","urlTemplate":"https:\/\/www.sportshine.eu\/?s={search_term_string}"},"query-input":{"@type":"PropertyValueSpecification","valueRequired":true,"valueName":"search_term_string"}}],"inLanguage":"it-IT"},{"@type":"Organization","@id":"https:\/\/www.sportshine.eu\/#organization","name":"Sportshine","url":"https:\/\/www.sportshine.eu\/","logo":{"@type":"ImageObject","inLanguage":"it-IT","@id":"https:\/\/www.sportshine.eu\/#\/schema\/logo\/image\/","url":"https:\/\/www.sportshine.eu\/wp-content\/uploads\/2026\/01\/cropped-Sportshine.webp","contentUrl":"https:\/\/www.sportshine.eu\/wp-content\/uploads\/2026\/01\/cropped-Sportshine.webp","width":295,"height":128,"caption":"Sportshine"},"image":{"@id":"https:\/\/www.sportshine.eu\/#\/schema\/logo\/image\/"},"sameAs":["https:\/\/www.facebook.com\/sportshine.eu\/"]}]}},"_links":{"self":[{"href":"https:\/\/www.sportshine.eu\/it\/wp-json\/wp\/v2\/product\/6610","targetHints":{"allow":["GET"]}}],"collection":[{"href":"https:\/\/www.sportshine.eu\/it\/wp-json\/wp\/v2\/product"}],"about":[{"href":"https:\/\/www.sportshine.eu\/it\/wp-json\/wp\/v2\/types\/product"}],"replies":[{"embeddable":true,"href":"https:\/\/www.sportshine.eu\/it\/wp-json\/wp\/v2\/comments?post=6610"}],"version-history":[{"count":0,"href":"https:\/\/www.sportshine.eu\/it\/wp-json\/wp\/v2\/product\/6610\/revisions"}],"wp:featuredmedia":[{"embeddable":true,"href":"https:\/\/www.sportshine.eu\/it\/wp-json\/wp\/v2\/media\/5360"}],"wp:attachment":[{"href":"https:\/\/www.sportshine.eu\/it\/wp-json\/wp\/v2\/media?parent=6610"}],"wp:term":[{"taxonomy":"product_brand","embeddable":true,"href":"https:\/\/www.sportshine.eu\/it\/wp-json\/wp\/v2\/product_brand?post=6610"},{"taxonomy":"product_cat","embeddable":true,"href":"https:\/\/www.sportshine.eu\/it\/wp-json\/wp\/v2\/product_cat?post=6610"},{"taxonomy":"product_tag","embeddable":true,"href":"https:\/\/www.sportshine.eu\/it\/wp-json\/wp\/v2\/product_tag?post=6610"}],"curies":[{"name":"parola chiave","href":"https:\/\/api.w.org\/{rel}","templated":true}]}}