{"id":6606,"date":"2025-07-07T08:55:33","date_gmt":"2025-07-07T08:55:33","guid":{"rendered":"https:\/\/www.sportshine.eu\/?post_type=product&#038;p=6606"},"modified":"2026-01-22T13:18:34","modified_gmt":"2026-01-22T13:18:34","slug":"occhiali-da-ciclismo-brn-rxph-nero-giallo-fluo","status":"publish","type":"product","link":"https:\/\/www.sportshine.eu\/it\/negozio\/occhiali-da-ciclismo-brn-rxph-nero-giallo-fluo\/","title":{"rendered":"Occhiali da ciclismo BRN RXPH nero\/giallo fluo"},"content":{"rendered":"<p class=\"\" data-start=\"59\" data-end=\"433\"><strong data-start=\"59\" data-end=\"78\">Occhiali BRN RX PH<\/strong> sono progettati con un telaio in <strong data-start=\"106\" data-end=\"124\">TR90 Grilamid<\/strong>, che garantisce durata e comfort. Gli occhiali hanno <strong data-start=\"174\" data-end=\"203\">ponte nasale regolabile<\/strong>, <strong data-start=\"205\" data-end=\"233\" data-is-only-node=\"\">maniglie gommate antiscivolo<\/strong> e sono adatti a tale <strong data-start=\"257\" data-end=\"269\">interno<\/strong> COME <strong data-start=\"274\" data-end=\"285\">esterno<\/strong> Grazie a queste caratteristiche, gli occhiali sono stabili, comodi e sempre al loro posto, sia all&#039;aperto che al chiuso.<\/p>\n<p class=\"\" data-start=\"435\" data-end=\"814\"><strong data-start=\"435\" data-end=\"460\">Lente fotocromatica BRN<\/strong> con <strong data-start=\"463\" data-end=\"491\">Tecnologia Smart Vision<\/strong> usi <strong data-start=\"502\" data-end=\"536\">processo di polimerizzazione termica<\/strong>, che consente alle lenti di diventare pi\u00f9 scure quando esposte ai raggi UVA della luce solare. <strong data-start=\"626\" data-end=\"650\" data-is-only-node=\"\">Gamma fotocromatica<\/strong> queste lenti sono <strong data-start=\"662\" data-end=\"669\">78%<\/strong>, il che significa che le lenti passano da <strong data-start=\"703\" data-end=\"715\">trasparente<\/strong> In <strong data-start=\"718\" data-end=\"727\">buio<\/strong> stato di essere soli <strong data-start=\"742\" data-end=\"757\">30 secondi<\/strong>, che garantisce un rapido adattamento alle condizioni di illuminazione.<\/p>\n<p class=\"\" data-start=\"816\" data-end=\"1106\">Nonostante la tecnologia avanzata, gli occhiali pesano solo <strong data-start=\"860\" data-end=\"868\">36 grammi<\/strong>, il che significa che li indosserai senza alcun fastidio o disagio. Questa \u00e8 la scelta perfetta per chi desidera occhiali che offrano protezione solare, un rapido adattamento alle condizioni di luce e un comfort eccezionale, il tutto in un design leggero ed elegante.<\/p>","protected":false},"excerpt":{"rendered":"<p>BRN RX PH o\u010dala so zasnovana z okvirjem iz TR90 Grilamida, kar zagotavlja trpe\u017enost in udobje. O\u010dala imajo nastavljiv nosni mosti\u010dek, nedrse\u010de gumirane ro\u010daje in so primerna za tako notranjo kot zunanjo uporabo. Te lastnosti poskrbijo, da so o\u010dala stabilna, udobna in vedno na svojem mestu, ne glede na to, ali ste na prostem ali [&hellip;]<\/p>\n","protected":false},"featured_media":5350,"comment_status":"open","ping_status":"closed","template":"","meta":[],"product_brand":[133],"product_cat":[106,103],"product_tag":[],"class_list":{"0":"post-6606","1":"product","2":"type-product","3":"status-publish","4":"has-post-thumbnail","6":"product_brand-brn","7":"product_cat-fotokromatska-ocala","8":"product_cat-kolesarska-ocala","10":"first","11":"instock","12":"taxable","13":"shipping-taxable","14":"purchasable","15":"product-type-simple"},"yoast_head":"<!-- This site is optimized with the Yoast SEO plugin v27.3 - https:\/\/yoast.com\/product\/yoast-seo-wordpress\/ -->\n<title>Kolesarska o\u010dala BRN RXPH black\/fluo yellow<\/title>\n<meta name=\"description\" content=\"BRN RX PH o\u010dala so zasnovana z okvirjem iz TR90 Grilamida, kar zagotavlja trpe\u017enost in udobje. Kljub napredni tehnologiji o\u010dala tehtajo le 36 g, kar pomeni, da jih boste nosili brez te\u017eav in nelagodja.\" \/>\n<meta name=\"robots\" content=\"index, follow, max-snippet:-1, max-image-preview:large, max-video-preview:-1\" \/>\n<link rel=\"canonical\" href=\"https:\/\/www.sportshine.eu\/it\/negozio\/occhiali-da-ciclismo-brn-rxph-nero-giallo-fluo\/\" \/>\n<meta property=\"og:locale\" content=\"it_IT\" \/>\n<meta property=\"og:type\" content=\"article\" \/>\n<meta property=\"og:title\" content=\"Kolesarska o\u010dala BRN RXPH black\/fluo yellow\" \/>\n<meta property=\"og:description\" content=\"BRN RX PH o\u010dala so zasnovana z okvirjem iz TR90 Grilamida, kar zagotavlja trpe\u017enost in udobje. Kljub napredni tehnologiji o\u010dala tehtajo le 36 g, kar pomeni, da jih boste nosili brez te\u017eav in nelagodja.\" \/>\n<meta property=\"og:url\" content=\"https:\/\/www.sportshine.eu\/it\/negozio\/occhiali-da-ciclismo-brn-rxph-nero-giallo-fluo\/\" \/>\n<meta property=\"og:site_name\" content=\"Sportshine\" \/>\n<meta property=\"article:publisher\" content=\"https:\/\/www.facebook.com\/sportshine.eu\/\" \/>\n<meta property=\"article:modified_time\" content=\"2026-01-22T13:18:34+00:00\" \/>\n<meta property=\"og:image\" content=\"https:\/\/www.sportshine.eu\/wp-content\/uploads\/2025\/07\/ocala-BRN-fluo-yellow.webp\" \/>\n\t<meta property=\"og:image:width\" content=\"800\" \/>\n\t<meta property=\"og:image:height\" content=\"800\" \/>\n\t<meta property=\"og:image:type\" content=\"image\/webp\" \/>\n<meta name=\"twitter:card\" content=\"summary_large_image\" \/>\n<meta name=\"twitter:label1\" content=\"Tempo di lettura stimato\" \/>\n\t<meta name=\"twitter:data1\" content=\"2 minuti\" \/>\n<script type=\"application\/ld+json\" class=\"yoast-schema-graph\">{\"@context\":\"https:\\\/\\\/schema.org\",\"@graph\":[{\"@type\":\"WebPage\",\"@id\":\"https:\\\/\\\/www.sportshine.eu\\\/trgovina\\\/kolesarska-ocala-brn-rxph-black-fluo-yellow\\\/\",\"url\":\"https:\\\/\\\/www.sportshine.eu\\\/trgovina\\\/kolesarska-ocala-brn-rxph-black-fluo-yellow\\\/\",\"name\":\"Kolesarska o\u010dala BRN RXPH black\\\/fluo yellow\",\"isPartOf\":{\"@id\":\"https:\\\/\\\/www.sportshine.eu\\\/#website\"},\"primaryImageOfPage\":{\"@id\":\"https:\\\/\\\/www.sportshine.eu\\\/trgovina\\\/kolesarska-ocala-brn-rxph-black-fluo-yellow\\\/#primaryimage\"},\"image\":{\"@id\":\"https:\\\/\\\/www.sportshine.eu\\\/trgovina\\\/kolesarska-ocala-brn-rxph-black-fluo-yellow\\\/#primaryimage\"},\"thumbnailUrl\":\"https:\\\/\\\/www.sportshine.eu\\\/wp-content\\\/uploads\\\/2025\\\/07\\\/ocala-BRN-fluo-yellow.webp\",\"datePublished\":\"2025-07-07T08:55:33+00:00\",\"dateModified\":\"2026-01-22T13:18:34+00:00\",\"description\":\"BRN RX PH o\u010dala so zasnovana z okvirjem iz TR90 Grilamida, kar zagotavlja trpe\u017enost in udobje. Kljub napredni tehnologiji o\u010dala tehtajo le 36 g, kar pomeni, da jih boste nosili brez te\u017eav in nelagodja.\",\"breadcrumb\":{\"@id\":\"https:\\\/\\\/www.sportshine.eu\\\/trgovina\\\/kolesarska-ocala-brn-rxph-black-fluo-yellow\\\/#breadcrumb\"},\"inLanguage\":\"it-IT\",\"potentialAction\":[{\"@type\":\"ReadAction\",\"target\":[\"https:\\\/\\\/www.sportshine.eu\\\/trgovina\\\/kolesarska-ocala-brn-rxph-black-fluo-yellow\\\/\"]}]},{\"@type\":\"ImageObject\",\"inLanguage\":\"it-IT\",\"@id\":\"https:\\\/\\\/www.sportshine.eu\\\/trgovina\\\/kolesarska-ocala-brn-rxph-black-fluo-yellow\\\/#primaryimage\",\"url\":\"https:\\\/\\\/www.sportshine.eu\\\/wp-content\\\/uploads\\\/2025\\\/07\\\/ocala-BRN-fluo-yellow.webp\",\"contentUrl\":\"https:\\\/\\\/www.sportshine.eu\\\/wp-content\\\/uploads\\\/2025\\\/07\\\/ocala-BRN-fluo-yellow.webp\",\"width\":800,\"height\":800},{\"@type\":\"BreadcrumbList\",\"@id\":\"https:\\\/\\\/www.sportshine.eu\\\/trgovina\\\/kolesarska-ocala-brn-rxph-black-fluo-yellow\\\/#breadcrumb\",\"itemListElement\":[{\"@type\":\"ListItem\",\"position\":1,\"name\":\"Home\",\"item\":\"https:\\\/\\\/www.sportshine.eu\\\/\"},{\"@type\":\"ListItem\",\"position\":2,\"name\":\"Trgovina\",\"item\":\"https:\\\/\\\/www.sportshine.eu\\\/trgovina\\\/\"},{\"@type\":\"ListItem\",\"position\":3,\"name\":\"Kolesarska o\u010dala BRN RXPH black\\\/fluo yellow\"}]},{\"@type\":\"WebSite\",\"@id\":\"https:\\\/\\\/www.sportshine.eu\\\/#website\",\"url\":\"https:\\\/\\\/www.sportshine.eu\\\/\",\"name\":\"Sportshine\",\"description\":\"Top spletna trgovina kolesarskih in naglavnih svetilk ter opreme\",\"publisher\":{\"@id\":\"https:\\\/\\\/www.sportshine.eu\\\/#organization\"},\"potentialAction\":[{\"@type\":\"SearchAction\",\"target\":{\"@type\":\"EntryPoint\",\"urlTemplate\":\"https:\\\/\\\/www.sportshine.eu\\\/?s={search_term_string}\"},\"query-input\":{\"@type\":\"PropertyValueSpecification\",\"valueRequired\":true,\"valueName\":\"search_term_string\"}}],\"inLanguage\":\"it-IT\"},{\"@type\":\"Organization\",\"@id\":\"https:\\\/\\\/www.sportshine.eu\\\/#organization\",\"name\":\"Sportshine\",\"url\":\"https:\\\/\\\/www.sportshine.eu\\\/\",\"logo\":{\"@type\":\"ImageObject\",\"inLanguage\":\"it-IT\",\"@id\":\"https:\\\/\\\/www.sportshine.eu\\\/#\\\/schema\\\/logo\\\/image\\\/\",\"url\":\"https:\\\/\\\/www.sportshine.eu\\\/wp-content\\\/uploads\\\/2026\\\/01\\\/cropped-Sportshine.webp\",\"contentUrl\":\"https:\\\/\\\/www.sportshine.eu\\\/wp-content\\\/uploads\\\/2026\\\/01\\\/cropped-Sportshine.webp\",\"width\":295,\"height\":128,\"caption\":\"Sportshine\"},\"image\":{\"@id\":\"https:\\\/\\\/www.sportshine.eu\\\/#\\\/schema\\\/logo\\\/image\\\/\"},\"sameAs\":[\"https:\\\/\\\/www.facebook.com\\\/sportshine.eu\\\/\"]}]}<\/script>\n<!-- \/ Yoast SEO plugin. -->","yoast_head_json":{"title":"Occhiali da ciclismo BRN RXPH nero\/giallo fluo","description":"Gli occhiali BRN RX PH sono progettati con una montatura in TR90 Grilamid, che garantisce resistenza e comfort. Nonostante la tecnologia avanzata, gli occhiali pesano solo 36 g, il che significa che li indosserai senza problemi o fastidi.","robots":{"index":"index","follow":"follow","max-snippet":"max-snippet:-1","max-image-preview":"max-image-preview:large","max-video-preview":"max-video-preview:-1"},"canonical":"https:\/\/www.sportshine.eu\/it\/negozio\/occhiali-da-ciclismo-brn-rxph-nero-giallo-fluo\/","og_locale":"it_IT","og_type":"article","og_title":"Kolesarska o\u010dala BRN RXPH black\/fluo yellow","og_description":"BRN RX PH o\u010dala so zasnovana z okvirjem iz TR90 Grilamida, kar zagotavlja trpe\u017enost in udobje. Kljub napredni tehnologiji o\u010dala tehtajo le 36 g, kar pomeni, da jih boste nosili brez te\u017eav in nelagodja.","og_url":"https:\/\/www.sportshine.eu\/it\/negozio\/occhiali-da-ciclismo-brn-rxph-nero-giallo-fluo\/","og_site_name":"Sportshine","article_publisher":"https:\/\/www.facebook.com\/sportshine.eu\/","article_modified_time":"2026-01-22T13:18:34+00:00","og_image":[{"width":800,"height":800,"url":"https:\/\/www.sportshine.eu\/wp-content\/uploads\/2025\/07\/ocala-BRN-fluo-yellow.webp","type":"image\/webp"}],"twitter_card":"summary_large_image","twitter_misc":{"Tempo di lettura stimato":"2 minuti"},"schema":{"@context":"https:\/\/schema.org","@graph":[{"@type":"WebPage","@id":"https:\/\/www.sportshine.eu\/trgovina\/kolesarska-ocala-brn-rxph-black-fluo-yellow\/","url":"https:\/\/www.sportshine.eu\/trgovina\/kolesarska-ocala-brn-rxph-black-fluo-yellow\/","name":"Occhiali da ciclismo BRN RXPH nero\/giallo fluo","isPartOf":{"@id":"https:\/\/www.sportshine.eu\/#website"},"primaryImageOfPage":{"@id":"https:\/\/www.sportshine.eu\/trgovina\/kolesarska-ocala-brn-rxph-black-fluo-yellow\/#primaryimage"},"image":{"@id":"https:\/\/www.sportshine.eu\/trgovina\/kolesarska-ocala-brn-rxph-black-fluo-yellow\/#primaryimage"},"thumbnailUrl":"https:\/\/www.sportshine.eu\/wp-content\/uploads\/2025\/07\/ocala-BRN-fluo-yellow.webp","datePublished":"2025-07-07T08:55:33+00:00","dateModified":"2026-01-22T13:18:34+00:00","description":"Gli occhiali BRN RX PH sono progettati con una montatura in TR90 Grilamid, che garantisce resistenza e comfort. Nonostante la tecnologia avanzata, gli occhiali pesano solo 36 g, il che significa che li indosserai senza problemi o fastidi.","breadcrumb":{"@id":"https:\/\/www.sportshine.eu\/trgovina\/kolesarska-ocala-brn-rxph-black-fluo-yellow\/#breadcrumb"},"inLanguage":"it-IT","potentialAction":[{"@type":"ReadAction","target":["https:\/\/www.sportshine.eu\/trgovina\/kolesarska-ocala-brn-rxph-black-fluo-yellow\/"]}]},{"@type":"ImageObject","inLanguage":"it-IT","@id":"https:\/\/www.sportshine.eu\/trgovina\/kolesarska-ocala-brn-rxph-black-fluo-yellow\/#primaryimage","url":"https:\/\/www.sportshine.eu\/wp-content\/uploads\/2025\/07\/ocala-BRN-fluo-yellow.webp","contentUrl":"https:\/\/www.sportshine.eu\/wp-content\/uploads\/2025\/07\/ocala-BRN-fluo-yellow.webp","width":800,"height":800},{"@type":"BreadcrumbList","@id":"https:\/\/www.sportshine.eu\/trgovina\/kolesarska-ocala-brn-rxph-black-fluo-yellow\/#breadcrumb","itemListElement":[{"@type":"ListItem","position":1,"name":"Home","item":"https:\/\/www.sportshine.eu\/"},{"@type":"ListItem","position":2,"name":"Trgovina","item":"https:\/\/www.sportshine.eu\/trgovina\/"},{"@type":"ListItem","position":3,"name":"Kolesarska o\u010dala BRN RXPH black\/fluo yellow"}]},{"@type":"WebSite","@id":"https:\/\/www.sportshine.eu\/#website","url":"https:\/\/www.sportshine.eu\/","name":"Sportshine","description":"Il miglior negozio online per ciclismo, lampade frontali e attrezzature","publisher":{"@id":"https:\/\/www.sportshine.eu\/#organization"},"potentialAction":[{"@type":"SearchAction","target":{"@type":"EntryPoint","urlTemplate":"https:\/\/www.sportshine.eu\/?s={search_term_string}"},"query-input":{"@type":"PropertyValueSpecification","valueRequired":true,"valueName":"search_term_string"}}],"inLanguage":"it-IT"},{"@type":"Organization","@id":"https:\/\/www.sportshine.eu\/#organization","name":"Sportshine","url":"https:\/\/www.sportshine.eu\/","logo":{"@type":"ImageObject","inLanguage":"it-IT","@id":"https:\/\/www.sportshine.eu\/#\/schema\/logo\/image\/","url":"https:\/\/www.sportshine.eu\/wp-content\/uploads\/2026\/01\/cropped-Sportshine.webp","contentUrl":"https:\/\/www.sportshine.eu\/wp-content\/uploads\/2026\/01\/cropped-Sportshine.webp","width":295,"height":128,"caption":"Sportshine"},"image":{"@id":"https:\/\/www.sportshine.eu\/#\/schema\/logo\/image\/"},"sameAs":["https:\/\/www.facebook.com\/sportshine.eu\/"]}]}},"_links":{"self":[{"href":"https:\/\/www.sportshine.eu\/it\/wp-json\/wp\/v2\/product\/6606","targetHints":{"allow":["GET"]}}],"collection":[{"href":"https:\/\/www.sportshine.eu\/it\/wp-json\/wp\/v2\/product"}],"about":[{"href":"https:\/\/www.sportshine.eu\/it\/wp-json\/wp\/v2\/types\/product"}],"replies":[{"embeddable":true,"href":"https:\/\/www.sportshine.eu\/it\/wp-json\/wp\/v2\/comments?post=6606"}],"version-history":[{"count":0,"href":"https:\/\/www.sportshine.eu\/it\/wp-json\/wp\/v2\/product\/6606\/revisions"}],"wp:featuredmedia":[{"embeddable":true,"href":"https:\/\/www.sportshine.eu\/it\/wp-json\/wp\/v2\/media\/5350"}],"wp:attachment":[{"href":"https:\/\/www.sportshine.eu\/it\/wp-json\/wp\/v2\/media?parent=6606"}],"wp:term":[{"taxonomy":"product_brand","embeddable":true,"href":"https:\/\/www.sportshine.eu\/it\/wp-json\/wp\/v2\/product_brand?post=6606"},{"taxonomy":"product_cat","embeddable":true,"href":"https:\/\/www.sportshine.eu\/it\/wp-json\/wp\/v2\/product_cat?post=6606"},{"taxonomy":"product_tag","embeddable":true,"href":"https:\/\/www.sportshine.eu\/it\/wp-json\/wp\/v2\/product_tag?post=6606"}],"curies":[{"name":"parola chiave","href":"https:\/\/api.w.org\/{rel}","templated":true}]}}