{"id":6540,"date":"2025-07-05T21:48:56","date_gmt":"2025-07-05T21:48:56","guid":{"rendered":"https:\/\/www.sportshine.eu\/?post_type=product&#038;p=6540"},"modified":"2025-10-20T18:21:11","modified_gmt":"2025-10-20T18:21:11","slug":"lampada-frontale-nitecore-ut27-pro","status":"publish","type":"product","link":"https:\/\/www.sportshine.eu\/it\/negozio\/lampada-frontale-nitecore-ut27-pro\/","title":{"rendered":"Lampada frontale NITECORE UT27 PRO"},"content":{"rendered":"<h3 style=\"text-align: center;\">TECNOLOGIA TrueVision+<\/h3>\n<p style=\"text-align: center;\">Grazie alla tecnologia TrueVision e al sistema a doppia lente multistrato, la luce dell&#039;UT27 pu\u00f2 essere diffusa su lunghe distanze, garantendo al contempo un&#039;ampia visibilit\u00e0. La luce \u00e8 uniforme e morbida, il che riduce l&#039;affaticamento degli occhi dovuto a un uso prolungato.<\/p>\n<p><img decoding=\"async\" class=\"aligncenter wp-image-6566 size-full\" src=\"https:\/\/www.sportshine.eu\/wp-content\/uploads\/2025\/07\/tekaska-svetilka-nitecore-ut27-1.webp\" alt=\"\" width=\"800\" height=\"800\" srcset=\"https:\/\/www.sportshine.eu\/wp-content\/uploads\/2025\/07\/tekaska-svetilka-nitecore-ut27-1.webp 800w, https:\/\/www.sportshine.eu\/wp-content\/uploads\/2025\/07\/tekaska-svetilka-nitecore-ut27-1-768x768.webp 768w, https:\/\/www.sportshine.eu\/wp-content\/uploads\/2025\/07\/tekaska-svetilka-nitecore-ut27-1-600x600.webp 600w\" sizes=\"(max-width: 800px) 100vw, 800px\" \/><\/p>\n<p>&nbsp;<\/p>\n<h3 style=\"text-align: center;\">PRESENTAZIONE VIDEO DELLA LUCE FRONTALE NITECORE UT27<\/h3>\n<p><iframe loading=\"lazy\" title=\"Scelta perfetta per i runner professionisti di trail: lampada frontale ultraleggera Dual Beam Elite: NITECORE UT27 800L\" width=\"500\" height=\"281\" src=\"https:\/\/www.youtube.com\/embed\/WH4GM5m-KPg?feature=oembed\" frameborder=\"0\" allow=\"accelerometer; autoplay; clipboard-write; encrypted-media; gyroscope; picture-in-picture; web-share\" referrerpolicy=\"strict-origin-when-cross-origin\" allowfullscreen><\/iframe><\/p>\n<p>&nbsp;<\/p>\n<h3 style=\"text-align: center;\">FARO ESTREMAMENTE LEGGERO<\/h3>\n<p style=\"text-align: center;\">Il nuovo modello UT27, con pi\u00f9 potenza rispetto al suo predecessore e miglioramenti nella lente della lampada stessa, pesa comunque solo 74 g (inclusi staffa, fascia e batteria inclusi)<\/p>\n<p><img decoding=\"async\" class=\"wp-image-7123 size-full aligncenter\" src=\"https:\/\/www.sportshine.eu\/wp-content\/uploads\/2025\/07\/tekaska-naglavna-svetilka-UT27.webp\" alt=\"lampada frontale da corsa UT27\" width=\"800\" height=\"800\" srcset=\"https:\/\/www.sportshine.eu\/wp-content\/uploads\/2025\/07\/tekaska-naglavna-svetilka-UT27.webp 800w, https:\/\/www.sportshine.eu\/wp-content\/uploads\/2025\/07\/tekaska-naglavna-svetilka-UT27-768x768.webp 768w, https:\/\/www.sportshine.eu\/wp-content\/uploads\/2025\/07\/tekaska-naglavna-svetilka-UT27-600x600.webp 600w\" sizes=\"(max-width: 800px) 100vw, 800px\" \/><\/p>\n<h3 style=\"text-align: center;\">OTTIMO PER IL CAMPEGGIO<\/h3>\n<p style=\"text-align: center;\">Dai sfogo alla tua creativit\u00e0 e trasforma la tua lampada frontale in una luce da campeggio o in un&#039;illuminazione ambientale grazie alla custodia per il trasporto inclusa.<\/p>\n<p><img decoding=\"async\" class=\"aligncenter wp-image-7124 size-full\" src=\"https:\/\/www.sportshine.eu\/wp-content\/uploads\/2025\/07\/Nitecore-ut27-kampiranje.webp\" alt=\"Nitecore-ut27-campeggio\" width=\"588\" height=\"720\" \/><\/p>\n<h3 style=\"text-align: center;\">LUCE BIANCA + LUCE CALDA<\/h3>\n<p style=\"text-align: center;\">Entrambe le lampadine a LED offrono un effetto combinato di luce e abbaglianti.<\/p>\n<p>&nbsp;<\/p>\n<p><img decoding=\"async\" class=\"aligncenter wp-image-16648\" src=\"https:\/\/www.sportshine.eu\/originalstran\/wp-content\/uploads\/2022\/04\/Nitecore-ut27.webp\" alt=\"\" width=\"800\" height=\"450\" \/><\/p>\n<h3 style=\"text-align: center;\">DOPPIA FONTE DI ALIMENTAZIONE<\/h3>\n<p style=\"text-align: center;\">Oltre alla torcia, riceverai due batterie ricaricabili (capacit\u00e0 1300 mAh), che consentono oltre 500 cicli di ricarica. Se hai bisogno di un&#039;autonomia ancora maggiore, puoi anche installare 3 batterie AAA.<\/p>\n<p><img decoding=\"async\" class=\"aligncenter wp-image-7126 size-full\" src=\"https:\/\/www.sportshine.eu\/wp-content\/uploads\/2025\/07\/tekaska-celna-svetilka-Nitecore-UT27-2.webp\" alt=\"lampada frontale da corsa Nitecore UT27\" width=\"800\" height=\"800\" srcset=\"https:\/\/www.sportshine.eu\/wp-content\/uploads\/2025\/07\/tekaska-celna-svetilka-Nitecore-UT27-2.webp 800w, https:\/\/www.sportshine.eu\/wp-content\/uploads\/2025\/07\/tekaska-celna-svetilka-Nitecore-UT27-2-768x768.webp 768w, https:\/\/www.sportshine.eu\/wp-content\/uploads\/2025\/07\/tekaska-celna-svetilka-Nitecore-UT27-2-600x600.webp 600w\" sizes=\"(max-width: 800px) 100vw, 800px\" \/><\/p>\n<p>&nbsp;<\/p>\n<h3 style=\"text-align: center;\">NITECORE UT27<\/h3>\n<p style=\"text-align: center;\">La lampada frontale \u00e8 dotata di un fascio luminoso di 90 gradi, di un vano batteria completamente apribile e di una funzione di bloccaggio.<\/p>\n<p><img decoding=\"async\" class=\"aligncenter wp-image-7127\" src=\"https:\/\/www.sportshine.eu\/wp-content\/uploads\/2025\/07\/Celna-svetilka-4.webp\" alt=\"Lampada frontale\" width=\"800\" height=\"450\" srcset=\"https:\/\/www.sportshine.eu\/wp-content\/uploads\/2025\/07\/Celna-svetilka-4-768x432.webp 768w, https:\/\/www.sportshine.eu\/wp-content\/uploads\/2025\/07\/Celna-svetilka-4-600x338.webp 600w\" sizes=\"(max-width: 800px) 100vw, 800px\" \/><\/p>\n<p>&nbsp;<\/p>\n<h3 style=\"text-align: center;\">LUCE ROSSA INCORPORATA<\/h3>\n<p style=\"text-align: center;\">Ideale per interventi di emergenza, avvisi e altri utilizzi.<\/p>\n<p><img decoding=\"async\" class=\"aligncenter wp-image-7129 size-full\" src=\"https:\/\/www.sportshine.eu\/wp-content\/uploads\/2025\/07\/tekaska-celna-svetilka-Nitecore-1.webp\" alt=\"\" width=\"800\" height=\"800\" srcset=\"https:\/\/www.sportshine.eu\/wp-content\/uploads\/2025\/07\/tekaska-celna-svetilka-Nitecore-1.webp 800w, https:\/\/www.sportshine.eu\/wp-content\/uploads\/2025\/07\/tekaska-celna-svetilka-Nitecore-1-768x768.webp 768w, https:\/\/www.sportshine.eu\/wp-content\/uploads\/2025\/07\/tekaska-celna-svetilka-Nitecore-1-600x600.webp 600w\" sizes=\"(max-width: 800px) 100vw, 800px\" \/><\/p>\n<p>&nbsp;<\/p>\n<p>&nbsp;<\/p>\n<h3 style=\"text-align: center;\">FASCIA PER LA TESTA DI ALTISSIMA QUALIT\u00c0 E COMODA<\/h3>\n<p style=\"text-align: center;\">La fascia \u00e8 stata migliorata con una nuova struttura intrecciata, che la rende pi\u00f9 elastica e traspirante. Rimane stabile sulla testa, assorbe il sudore e garantisce comfort anche per un uso prolungato.<\/p>\n<p><img decoding=\"async\" class=\"aligncenter wp-image-7130 size-full\" src=\"https:\/\/www.sportshine.eu\/wp-content\/uploads\/2025\/07\/tekaska-naglavna-svetilka-Nitecore-UT27-3.webp\" alt=\"lampada frontale da corsa Nitecore UT27-3\" width=\"800\" height=\"800\" srcset=\"https:\/\/www.sportshine.eu\/wp-content\/uploads\/2025\/07\/tekaska-naglavna-svetilka-Nitecore-UT27-3.webp 800w, https:\/\/www.sportshine.eu\/wp-content\/uploads\/2025\/07\/tekaska-naglavna-svetilka-Nitecore-UT27-3-768x768.webp 768w, https:\/\/www.sportshine.eu\/wp-content\/uploads\/2025\/07\/tekaska-naglavna-svetilka-Nitecore-UT27-3-600x600.webp 600w\" sizes=\"(max-width: 800px) 100vw, 800px\" \/><\/p>\n<p>&nbsp;<\/p>\n<h3 style=\"text-align: center;\">IL VANO BATTERIA SI ILLUMINA AL BUIO<\/h3>\n<p style=\"text-align: center;\">Abbiamo a cuore la tua sicurezza. Grazie alle etichette di polarit\u00e0 facilmente visibili al buio, puoi trovare e sostituire la batteria senza problemi.<\/p>\n<p><img decoding=\"async\" class=\"aligncenter wp-image-7131 size-full\" src=\"https:\/\/www.sportshine.eu\/wp-content\/uploads\/2025\/07\/tekaska-celna-svetilka-Nitecore-UT27-PRO.webp\" alt=\"lampada frontale da corsa Nitecore UT27 PRO\" width=\"800\" height=\"800\" srcset=\"https:\/\/www.sportshine.eu\/wp-content\/uploads\/2025\/07\/tekaska-celna-svetilka-Nitecore-UT27-PRO.webp 800w, https:\/\/www.sportshine.eu\/wp-content\/uploads\/2025\/07\/tekaska-celna-svetilka-Nitecore-UT27-PRO-768x768.webp 768w, https:\/\/www.sportshine.eu\/wp-content\/uploads\/2025\/07\/tekaska-celna-svetilka-Nitecore-UT27-PRO-600x600.webp 600w\" sizes=\"(max-width: 800px) 100vw, 800px\" \/><\/p>\n<p>&nbsp;<\/p>\n<h3 style=\"text-align: center;\">RESISTENZA ALL&#039;ACQUA IP66<\/h3>\n<p style=\"text-align: center;\">Impermeabile secondo lo standard IP66, il che significa che \u00e8 completamente protetto da particelle di polvere e acqua.<\/p>\n<p><img decoding=\"async\" class=\"wp-image-7132 aligncenter\" src=\"https:\/\/www.sportshine.eu\/wp-content\/uploads\/2025\/07\/UT27-Nitecore.webp\" alt=\"UT27-Nitecore\" width=\"800\" height=\"450\" srcset=\"https:\/\/www.sportshine.eu\/wp-content\/uploads\/2025\/07\/UT27-Nitecore-768x432.webp 768w, https:\/\/www.sportshine.eu\/wp-content\/uploads\/2025\/07\/UT27-Nitecore-600x338.webp 600w\" sizes=\"(max-width: 800px) 100vw, 800px\" \/><\/p>\n<p>&nbsp;<\/p>","protected":false},"excerpt":{"rendered":"<p>La nuova generazione della lampada frontale ricaricabile Nitecore UT27 offre una luminosit\u00e0 superiore con 800 lumen, rendendola una compagna eccezionale sia per i runner che per gli escursionisti. Con il suo peso estremamente ridotto, solo 74 grammi, e il design compatto, \u00e8 ideale per essere indossata comodamente durante l&#039;attivit\u00e0 sportiva. \u00c8 stata testata per prestazioni eccellenti durante la corsa. La consigliamo anche come lampada frontale per tutti i tipi di escursioni e gite nella natura. Il cinturino \u00e8 realizzato in tessuto morbido e resistente, delicato sulla pelle. Oltre alla lampada frontale, la confezione include due batterie ricaricabili e una borsa che, con un po&#039; di fantasia, \u00e8 possibile utilizzare per trasformare la lampada frontale in una luce da campeggio.<\/p>","protected":false},"featured_media":6566,"comment_status":"open","ping_status":"closed","template":"","meta":[],"product_brand":[],"product_cat":[89],"product_tag":[],"class_list":{"0":"post-6540","1":"product","2":"type-product","3":"status-publish","4":"has-post-thumbnail","6":"product_cat-naglavne-svetilke","7":"product_shipping_class-stroski-dostave","9":"first","10":"instock","11":"taxable","12":"shipping-taxable","13":"purchasable","14":"product-type-simple"},"yoast_head":"<!-- This site is optimized with the Yoast SEO plugin v27.3 - https:\/\/yoast.com\/product\/yoast-seo-wordpress\/ -->\n<title>Naglavna svetilka NITECORE UT27 PRO<\/title>\n<meta name=\"description\" content=\"Naglavna svetilka Nitecore UT27 je izdelana prav posebej za teka\u010de in vse, ki radi pre\u017eivljajo \u010das v naravi tudi, ko se zno\u010di.\" \/>\n<meta name=\"robots\" content=\"index, follow, max-snippet:-1, max-image-preview:large, max-video-preview:-1\" \/>\n<link rel=\"canonical\" href=\"https:\/\/www.sportshine.eu\/it\/negozio\/lampada-frontale-nitecore-ut27-pro\/\" \/>\n<meta property=\"og:locale\" content=\"it_IT\" \/>\n<meta property=\"og:type\" content=\"article\" \/>\n<meta property=\"og:title\" content=\"Naglavna svetilka NITECORE UT27 PRO\" \/>\n<meta property=\"og:description\" content=\"Naglavna svetilka Nitecore UT27 je izdelana prav posebej za teka\u010de in vse, ki radi pre\u017eivljajo \u010das v naravi tudi, ko se zno\u010di.\" \/>\n<meta property=\"og:url\" content=\"https:\/\/www.sportshine.eu\/it\/negozio\/lampada-frontale-nitecore-ut27-pro\/\" \/>\n<meta property=\"og:site_name\" content=\"Sportshine\" \/>\n<meta property=\"article:publisher\" content=\"https:\/\/www.facebook.com\/sportshine.eu\/\" \/>\n<meta property=\"article:modified_time\" content=\"2025-10-20T18:21:11+00:00\" \/>\n<meta property=\"og:image\" content=\"https:\/\/www.sportshine.eu\/wp-content\/uploads\/2025\/07\/tekaska-svetilka-nitecore-ut27-1.webp\" \/>\n\t<meta property=\"og:image:width\" content=\"800\" \/>\n\t<meta property=\"og:image:height\" content=\"800\" \/>\n\t<meta property=\"og:image:type\" content=\"image\/webp\" \/>\n<meta name=\"twitter:card\" content=\"summary_large_image\" \/>\n<meta name=\"twitter:label1\" content=\"Tempo di lettura stimato\" \/>\n\t<meta name=\"twitter:data1\" content=\"4 minuti\" \/>\n<script type=\"application\/ld+json\" class=\"yoast-schema-graph\">{\"@context\":\"https:\\\/\\\/schema.org\",\"@graph\":[{\"@type\":\"WebPage\",\"@id\":\"https:\\\/\\\/www.sportshine.eu\\\/trgovina\\\/naglavna-svetilka-nitecore-ut27-pro\\\/\",\"url\":\"https:\\\/\\\/www.sportshine.eu\\\/trgovina\\\/naglavna-svetilka-nitecore-ut27-pro\\\/\",\"name\":\"Naglavna svetilka NITECORE UT27 PRO\",\"isPartOf\":{\"@id\":\"https:\\\/\\\/www.sportshine.eu\\\/#website\"},\"primaryImageOfPage\":{\"@id\":\"https:\\\/\\\/www.sportshine.eu\\\/trgovina\\\/naglavna-svetilka-nitecore-ut27-pro\\\/#primaryimage\"},\"image\":{\"@id\":\"https:\\\/\\\/www.sportshine.eu\\\/trgovina\\\/naglavna-svetilka-nitecore-ut27-pro\\\/#primaryimage\"},\"thumbnailUrl\":\"https:\\\/\\\/www.sportshine.eu\\\/wp-content\\\/uploads\\\/2025\\\/07\\\/tekaska-svetilka-nitecore-ut27-1.webp\",\"datePublished\":\"2025-07-05T21:48:56+00:00\",\"dateModified\":\"2025-10-20T18:21:11+00:00\",\"description\":\"Naglavna svetilka Nitecore UT27 je izdelana prav posebej za teka\u010de in vse, ki radi pre\u017eivljajo \u010das v naravi tudi, ko se zno\u010di.\",\"breadcrumb\":{\"@id\":\"https:\\\/\\\/www.sportshine.eu\\\/trgovina\\\/naglavna-svetilka-nitecore-ut27-pro\\\/#breadcrumb\"},\"inLanguage\":\"it-IT\",\"potentialAction\":[{\"@type\":\"ReadAction\",\"target\":[\"https:\\\/\\\/www.sportshine.eu\\\/trgovina\\\/naglavna-svetilka-nitecore-ut27-pro\\\/\"]}]},{\"@type\":\"ImageObject\",\"inLanguage\":\"it-IT\",\"@id\":\"https:\\\/\\\/www.sportshine.eu\\\/trgovina\\\/naglavna-svetilka-nitecore-ut27-pro\\\/#primaryimage\",\"url\":\"https:\\\/\\\/www.sportshine.eu\\\/wp-content\\\/uploads\\\/2025\\\/07\\\/tekaska-svetilka-nitecore-ut27-1.webp\",\"contentUrl\":\"https:\\\/\\\/www.sportshine.eu\\\/wp-content\\\/uploads\\\/2025\\\/07\\\/tekaska-svetilka-nitecore-ut27-1.webp\",\"width\":800,\"height\":800},{\"@type\":\"BreadcrumbList\",\"@id\":\"https:\\\/\\\/www.sportshine.eu\\\/trgovina\\\/naglavna-svetilka-nitecore-ut27-pro\\\/#breadcrumb\",\"itemListElement\":[{\"@type\":\"ListItem\",\"position\":1,\"name\":\"Home\",\"item\":\"https:\\\/\\\/www.sportshine.eu\\\/\"},{\"@type\":\"ListItem\",\"position\":2,\"name\":\"Trgovina\",\"item\":\"https:\\\/\\\/www.sportshine.eu\\\/trgovina\\\/\"},{\"@type\":\"ListItem\",\"position\":3,\"name\":\"Naglavna svetilka NITECORE UT27 PRO\"}]},{\"@type\":\"WebSite\",\"@id\":\"https:\\\/\\\/www.sportshine.eu\\\/#website\",\"url\":\"https:\\\/\\\/www.sportshine.eu\\\/\",\"name\":\"Sportshine\",\"description\":\"Top spletna trgovina kolesarskih in naglavnih svetilk ter opreme\",\"publisher\":{\"@id\":\"https:\\\/\\\/www.sportshine.eu\\\/#organization\"},\"potentialAction\":[{\"@type\":\"SearchAction\",\"target\":{\"@type\":\"EntryPoint\",\"urlTemplate\":\"https:\\\/\\\/www.sportshine.eu\\\/?s={search_term_string}\"},\"query-input\":{\"@type\":\"PropertyValueSpecification\",\"valueRequired\":true,\"valueName\":\"search_term_string\"}}],\"inLanguage\":\"it-IT\"},{\"@type\":\"Organization\",\"@id\":\"https:\\\/\\\/www.sportshine.eu\\\/#organization\",\"name\":\"Sportshine\",\"url\":\"https:\\\/\\\/www.sportshine.eu\\\/\",\"logo\":{\"@type\":\"ImageObject\",\"inLanguage\":\"it-IT\",\"@id\":\"https:\\\/\\\/www.sportshine.eu\\\/#\\\/schema\\\/logo\\\/image\\\/\",\"url\":\"https:\\\/\\\/www.sportshine.eu\\\/wp-content\\\/uploads\\\/2026\\\/01\\\/cropped-Sportshine.webp\",\"contentUrl\":\"https:\\\/\\\/www.sportshine.eu\\\/wp-content\\\/uploads\\\/2026\\\/01\\\/cropped-Sportshine.webp\",\"width\":295,\"height\":128,\"caption\":\"Sportshine\"},\"image\":{\"@id\":\"https:\\\/\\\/www.sportshine.eu\\\/#\\\/schema\\\/logo\\\/image\\\/\"},\"sameAs\":[\"https:\\\/\\\/www.facebook.com\\\/sportshine.eu\\\/\"]}]}<\/script>\n<!-- \/ Yoast SEO plugin. -->","yoast_head_json":{"title":"Lampada frontale NITECORE UT27 PRO","description":"La lampada frontale Nitecore UT27 \u00e8 progettata appositamente per i runner e per chiunque ami trascorrere del tempo nella natura anche dopo il tramonto.","robots":{"index":"index","follow":"follow","max-snippet":"max-snippet:-1","max-image-preview":"max-image-preview:large","max-video-preview":"max-video-preview:-1"},"canonical":"https:\/\/www.sportshine.eu\/it\/negozio\/lampada-frontale-nitecore-ut27-pro\/","og_locale":"it_IT","og_type":"article","og_title":"Naglavna svetilka NITECORE UT27 PRO","og_description":"Naglavna svetilka Nitecore UT27 je izdelana prav posebej za teka\u010de in vse, ki radi pre\u017eivljajo \u010das v naravi tudi, ko se zno\u010di.","og_url":"https:\/\/www.sportshine.eu\/it\/negozio\/lampada-frontale-nitecore-ut27-pro\/","og_site_name":"Sportshine","article_publisher":"https:\/\/www.facebook.com\/sportshine.eu\/","article_modified_time":"2025-10-20T18:21:11+00:00","og_image":[{"width":800,"height":800,"url":"https:\/\/www.sportshine.eu\/wp-content\/uploads\/2025\/07\/tekaska-svetilka-nitecore-ut27-1.webp","type":"image\/webp"}],"twitter_card":"summary_large_image","twitter_misc":{"Tempo di lettura stimato":"4 minuti"},"schema":{"@context":"https:\/\/schema.org","@graph":[{"@type":"WebPage","@id":"https:\/\/www.sportshine.eu\/trgovina\/naglavna-svetilka-nitecore-ut27-pro\/","url":"https:\/\/www.sportshine.eu\/trgovina\/naglavna-svetilka-nitecore-ut27-pro\/","name":"Lampada frontale NITECORE UT27 PRO","isPartOf":{"@id":"https:\/\/www.sportshine.eu\/#website"},"primaryImageOfPage":{"@id":"https:\/\/www.sportshine.eu\/trgovina\/naglavna-svetilka-nitecore-ut27-pro\/#primaryimage"},"image":{"@id":"https:\/\/www.sportshine.eu\/trgovina\/naglavna-svetilka-nitecore-ut27-pro\/#primaryimage"},"thumbnailUrl":"https:\/\/www.sportshine.eu\/wp-content\/uploads\/2025\/07\/tekaska-svetilka-nitecore-ut27-1.webp","datePublished":"2025-07-05T21:48:56+00:00","dateModified":"2025-10-20T18:21:11+00:00","description":"La lampada frontale Nitecore UT27 \u00e8 progettata appositamente per i runner e per chiunque ami trascorrere del tempo nella natura anche dopo il tramonto.","breadcrumb":{"@id":"https:\/\/www.sportshine.eu\/trgovina\/naglavna-svetilka-nitecore-ut27-pro\/#breadcrumb"},"inLanguage":"it-IT","potentialAction":[{"@type":"ReadAction","target":["https:\/\/www.sportshine.eu\/trgovina\/naglavna-svetilka-nitecore-ut27-pro\/"]}]},{"@type":"ImageObject","inLanguage":"it-IT","@id":"https:\/\/www.sportshine.eu\/trgovina\/naglavna-svetilka-nitecore-ut27-pro\/#primaryimage","url":"https:\/\/www.sportshine.eu\/wp-content\/uploads\/2025\/07\/tekaska-svetilka-nitecore-ut27-1.webp","contentUrl":"https:\/\/www.sportshine.eu\/wp-content\/uploads\/2025\/07\/tekaska-svetilka-nitecore-ut27-1.webp","width":800,"height":800},{"@type":"BreadcrumbList","@id":"https:\/\/www.sportshine.eu\/trgovina\/naglavna-svetilka-nitecore-ut27-pro\/#breadcrumb","itemListElement":[{"@type":"ListItem","position":1,"name":"Home","item":"https:\/\/www.sportshine.eu\/"},{"@type":"ListItem","position":2,"name":"Trgovina","item":"https:\/\/www.sportshine.eu\/trgovina\/"},{"@type":"ListItem","position":3,"name":"Naglavna svetilka NITECORE UT27 PRO"}]},{"@type":"WebSite","@id":"https:\/\/www.sportshine.eu\/#website","url":"https:\/\/www.sportshine.eu\/","name":"Sportshine","description":"Il miglior negozio online per ciclismo, lampade frontali e attrezzature","publisher":{"@id":"https:\/\/www.sportshine.eu\/#organization"},"potentialAction":[{"@type":"SearchAction","target":{"@type":"EntryPoint","urlTemplate":"https:\/\/www.sportshine.eu\/?s={search_term_string}"},"query-input":{"@type":"PropertyValueSpecification","valueRequired":true,"valueName":"search_term_string"}}],"inLanguage":"it-IT"},{"@type":"Organization","@id":"https:\/\/www.sportshine.eu\/#organization","name":"Sportshine","url":"https:\/\/www.sportshine.eu\/","logo":{"@type":"ImageObject","inLanguage":"it-IT","@id":"https:\/\/www.sportshine.eu\/#\/schema\/logo\/image\/","url":"https:\/\/www.sportshine.eu\/wp-content\/uploads\/2026\/01\/cropped-Sportshine.webp","contentUrl":"https:\/\/www.sportshine.eu\/wp-content\/uploads\/2026\/01\/cropped-Sportshine.webp","width":295,"height":128,"caption":"Sportshine"},"image":{"@id":"https:\/\/www.sportshine.eu\/#\/schema\/logo\/image\/"},"sameAs":["https:\/\/www.facebook.com\/sportshine.eu\/"]}]}},"_links":{"self":[{"href":"https:\/\/www.sportshine.eu\/it\/wp-json\/wp\/v2\/product\/6540","targetHints":{"allow":["GET"]}}],"collection":[{"href":"https:\/\/www.sportshine.eu\/it\/wp-json\/wp\/v2\/product"}],"about":[{"href":"https:\/\/www.sportshine.eu\/it\/wp-json\/wp\/v2\/types\/product"}],"replies":[{"embeddable":true,"href":"https:\/\/www.sportshine.eu\/it\/wp-json\/wp\/v2\/comments?post=6540"}],"version-history":[{"count":0,"href":"https:\/\/www.sportshine.eu\/it\/wp-json\/wp\/v2\/product\/6540\/revisions"}],"wp:featuredmedia":[{"embeddable":true,"href":"https:\/\/www.sportshine.eu\/it\/wp-json\/wp\/v2\/media\/6566"}],"wp:attachment":[{"href":"https:\/\/www.sportshine.eu\/it\/wp-json\/wp\/v2\/media?parent=6540"}],"wp:term":[{"taxonomy":"product_brand","embeddable":true,"href":"https:\/\/www.sportshine.eu\/it\/wp-json\/wp\/v2\/product_brand?post=6540"},{"taxonomy":"product_cat","embeddable":true,"href":"https:\/\/www.sportshine.eu\/it\/wp-json\/wp\/v2\/product_cat?post=6540"},{"taxonomy":"product_tag","embeddable":true,"href":"https:\/\/www.sportshine.eu\/it\/wp-json\/wp\/v2\/product_tag?post=6540"}],"curies":[{"name":"parola chiave","href":"https:\/\/api.w.org\/{rel}","templated":true}]}}