{"id":6538,"date":"2025-07-05T21:48:54","date_gmt":"2025-07-05T21:48:54","guid":{"rendered":"https:\/\/www.sportshine.eu\/?post_type=product&#038;p=6538"},"modified":"2025-12-29T15:53:14","modified_gmt":"2025-12-29T15:53:14","slug":"lampada-frontale-nitecore-hc60-v2","status":"publish","type":"product","link":"https:\/\/www.sportshine.eu\/it\/negozio\/lampada-frontale-nitecore-hc60-v2\/","title":{"rendered":"Lampada frontale NITECORE HC60 V2"},"content":{"rendered":"<p><strong>Lampada frontale<\/strong> La Nitecore HC60 V2 \u00e8 una lampada frontale di alta qualit\u00e0 con una potenza di 1200 lumen. \u00c8 dotata di una batteria agli ioni di litio da 3400 mAh inclusa, ricaricabile tramite USB-C. Quando la batteria si esaurisce dopo un po&#039; di tempo, \u00e8 possibile sostituirla facilmente, garantendo alla lampada frontale HC60 V2 una durata di molti anni. \u00c8 realizzata interamente in alluminio resistente e pesa solo un...<strong> 108 grammi<\/strong>.<\/p>\n<p>Ha una lampadina LED P9 integrata della rinomata <strong>aziende OSRAM<\/strong>La lampada frontale ha 5 livelli di funzionamento. \u00c8 possibile passare facilmente da un livello all&#039;altro premendo un singolo pulsante. La lampada ha una funzione di memoria e si accende allo stesso livello di accensione di quando \u00e8 stata spenta. La lampada frontale pu\u00f2 essere ruotata di 180 gradi. La fascia \u00e8 realizzata in materiale di alta qualit\u00e0 che la rende comoda da indossare. Offriamo una garanzia di 60 mesi per la lampada.<\/p>\n<p>Sito ufficiale del produttore:<\/p>\n<p><a href=\"https:\/\/flashlight.nitecore.com\/product\/hc60v2\">https:\/\/flashlight.nitecore.com\/product\/hc60v2\u00a0<\/a><\/p>","protected":false},"excerpt":{"rendered":"<p>Naglavna svetilka Nitecore HC60 V2 je vrhunska svetilka z mo\u010djo 1200 lumnov. Ima prilo\u017eeno litij-ionsko baterijo s 3400 mAh, ki jo polnite prek povezave USB-C. Ko se baterija \u010dez nekaj \u010dasa izrabi, jo enostavno zamenjate, zato \u017eivljenjska doba naglavne svetilke HC60 V2 traja vrsto let. V celoti je izdelana iz trpe\u017enega aluminija in tehta le [&hellip;]<\/p>\n","protected":false},"featured_media":6557,"comment_status":"open","ping_status":"closed","template":"","meta":[],"product_brand":[],"product_cat":[89],"product_tag":[],"class_list":{"0":"post-6538","1":"product","2":"type-product","3":"status-publish","4":"has-post-thumbnail","6":"product_cat-naglavne-svetilke","7":"product_shipping_class-stroski-dostave","9":"first","10":"outofstock","11":"taxable","12":"shipping-taxable","13":"purchasable","14":"product-type-simple"},"yoast_head":"<!-- This site is optimized with the Yoast SEO plugin v27.3 - https:\/\/yoast.com\/product\/yoast-seo-wordpress\/ -->\n<title>Naglavna svetilka NITECORE HC60 V2<\/title>\n<meta name=\"description\" content=\"Naglavna svetilka proizvajalca Nitecore z mo\u010djo 1200 lumnov in litij-ionsko baterijo z zmogljivostjo 3400 mAh. Izdelana iz trpe\u017enega aluminija.\" \/>\n<meta name=\"robots\" content=\"index, follow, max-snippet:-1, max-image-preview:large, max-video-preview:-1\" \/>\n<link rel=\"canonical\" href=\"https:\/\/www.sportshine.eu\/it\/negozio\/lampada-frontale-nitecore-hc60-v2\/\" \/>\n<meta property=\"og:locale\" content=\"it_IT\" \/>\n<meta property=\"og:type\" content=\"article\" \/>\n<meta property=\"og:title\" content=\"Naglavna svetilka NITECORE HC60 V2\" \/>\n<meta property=\"og:description\" content=\"Naglavna svetilka proizvajalca Nitecore z mo\u010djo 1200 lumnov in litij-ionsko baterijo z zmogljivostjo 3400 mAh. Izdelana iz trpe\u017enega aluminija.\" \/>\n<meta property=\"og:url\" content=\"https:\/\/www.sportshine.eu\/it\/negozio\/lampada-frontale-nitecore-hc60-v2\/\" \/>\n<meta property=\"og:site_name\" content=\"Sportshine\" \/>\n<meta property=\"article:publisher\" content=\"https:\/\/www.facebook.com\/sportshine.eu\/\" \/>\n<meta property=\"article:modified_time\" content=\"2025-12-29T15:53:14+00:00\" \/>\n<meta property=\"og:image\" content=\"https:\/\/www.sportshine.eu\/wp-content\/uploads\/2025\/07\/202107151014243034-1-1-1.png\" \/>\n\t<meta property=\"og:image:width\" content=\"1200\" \/>\n\t<meta property=\"og:image:height\" content=\"1200\" \/>\n\t<meta property=\"og:image:type\" content=\"image\/png\" \/>\n<meta name=\"twitter:card\" content=\"summary_large_image\" \/>\n<meta name=\"twitter:label1\" content=\"Tempo di lettura stimato\" \/>\n\t<meta name=\"twitter:data1\" content=\"1 minuto\" \/>\n<script type=\"application\/ld+json\" class=\"yoast-schema-graph\">{\"@context\":\"https:\\\/\\\/schema.org\",\"@graph\":[{\"@type\":\"WebPage\",\"@id\":\"https:\\\/\\\/www.sportshine.eu\\\/trgovina\\\/naglavna-svetilka-nitecore-hc60-v2\\\/\",\"url\":\"https:\\\/\\\/www.sportshine.eu\\\/trgovina\\\/naglavna-svetilka-nitecore-hc60-v2\\\/\",\"name\":\"Naglavna svetilka NITECORE HC60 V2\",\"isPartOf\":{\"@id\":\"https:\\\/\\\/www.sportshine.eu\\\/#website\"},\"primaryImageOfPage\":{\"@id\":\"https:\\\/\\\/www.sportshine.eu\\\/trgovina\\\/naglavna-svetilka-nitecore-hc60-v2\\\/#primaryimage\"},\"image\":{\"@id\":\"https:\\\/\\\/www.sportshine.eu\\\/trgovina\\\/naglavna-svetilka-nitecore-hc60-v2\\\/#primaryimage\"},\"thumbnailUrl\":\"https:\\\/\\\/www.sportshine.eu\\\/wp-content\\\/uploads\\\/2025\\\/07\\\/202107151014243034-1-1-1.png\",\"datePublished\":\"2025-07-05T21:48:54+00:00\",\"dateModified\":\"2025-12-29T15:53:14+00:00\",\"description\":\"Naglavna svetilka proizvajalca Nitecore z mo\u010djo 1200 lumnov in litij-ionsko baterijo z zmogljivostjo 3400 mAh. Izdelana iz trpe\u017enega aluminija.\",\"breadcrumb\":{\"@id\":\"https:\\\/\\\/www.sportshine.eu\\\/trgovina\\\/naglavna-svetilka-nitecore-hc60-v2\\\/#breadcrumb\"},\"inLanguage\":\"it-IT\",\"potentialAction\":[{\"@type\":\"ReadAction\",\"target\":[\"https:\\\/\\\/www.sportshine.eu\\\/trgovina\\\/naglavna-svetilka-nitecore-hc60-v2\\\/\"]}]},{\"@type\":\"ImageObject\",\"inLanguage\":\"it-IT\",\"@id\":\"https:\\\/\\\/www.sportshine.eu\\\/trgovina\\\/naglavna-svetilka-nitecore-hc60-v2\\\/#primaryimage\",\"url\":\"https:\\\/\\\/www.sportshine.eu\\\/wp-content\\\/uploads\\\/2025\\\/07\\\/202107151014243034-1-1-1.png\",\"contentUrl\":\"https:\\\/\\\/www.sportshine.eu\\\/wp-content\\\/uploads\\\/2025\\\/07\\\/202107151014243034-1-1-1.png\",\"width\":1200,\"height\":1200},{\"@type\":\"BreadcrumbList\",\"@id\":\"https:\\\/\\\/www.sportshine.eu\\\/trgovina\\\/naglavna-svetilka-nitecore-hc60-v2\\\/#breadcrumb\",\"itemListElement\":[{\"@type\":\"ListItem\",\"position\":1,\"name\":\"Home\",\"item\":\"https:\\\/\\\/www.sportshine.eu\\\/\"},{\"@type\":\"ListItem\",\"position\":2,\"name\":\"Trgovina\",\"item\":\"https:\\\/\\\/www.sportshine.eu\\\/trgovina\\\/\"},{\"@type\":\"ListItem\",\"position\":3,\"name\":\"Naglavna svetilka NITECORE HC60 V2\"}]},{\"@type\":\"WebSite\",\"@id\":\"https:\\\/\\\/www.sportshine.eu\\\/#website\",\"url\":\"https:\\\/\\\/www.sportshine.eu\\\/\",\"name\":\"Sportshine\",\"description\":\"Top spletna trgovina kolesarskih in naglavnih svetilk ter opreme\",\"publisher\":{\"@id\":\"https:\\\/\\\/www.sportshine.eu\\\/#organization\"},\"potentialAction\":[{\"@type\":\"SearchAction\",\"target\":{\"@type\":\"EntryPoint\",\"urlTemplate\":\"https:\\\/\\\/www.sportshine.eu\\\/?s={search_term_string}\"},\"query-input\":{\"@type\":\"PropertyValueSpecification\",\"valueRequired\":true,\"valueName\":\"search_term_string\"}}],\"inLanguage\":\"it-IT\"},{\"@type\":\"Organization\",\"@id\":\"https:\\\/\\\/www.sportshine.eu\\\/#organization\",\"name\":\"Sportshine\",\"url\":\"https:\\\/\\\/www.sportshine.eu\\\/\",\"logo\":{\"@type\":\"ImageObject\",\"inLanguage\":\"it-IT\",\"@id\":\"https:\\\/\\\/www.sportshine.eu\\\/#\\\/schema\\\/logo\\\/image\\\/\",\"url\":\"https:\\\/\\\/www.sportshine.eu\\\/wp-content\\\/uploads\\\/2026\\\/01\\\/cropped-Sportshine.webp\",\"contentUrl\":\"https:\\\/\\\/www.sportshine.eu\\\/wp-content\\\/uploads\\\/2026\\\/01\\\/cropped-Sportshine.webp\",\"width\":295,\"height\":128,\"caption\":\"Sportshine\"},\"image\":{\"@id\":\"https:\\\/\\\/www.sportshine.eu\\\/#\\\/schema\\\/logo\\\/image\\\/\"},\"sameAs\":[\"https:\\\/\\\/www.facebook.com\\\/sportshine.eu\\\/\"]}]}<\/script>\n<!-- \/ Yoast SEO plugin. -->","yoast_head_json":{"title":"Lampada frontale NITECORE HC60 V2","description":"Lampada frontale Nitecore con 1200 lumen e batteria agli ioni di litio da 3400 mAh. Realizzata in alluminio resistente.","robots":{"index":"index","follow":"follow","max-snippet":"max-snippet:-1","max-image-preview":"max-image-preview:large","max-video-preview":"max-video-preview:-1"},"canonical":"https:\/\/www.sportshine.eu\/it\/negozio\/lampada-frontale-nitecore-hc60-v2\/","og_locale":"it_IT","og_type":"article","og_title":"Naglavna svetilka NITECORE HC60 V2","og_description":"Naglavna svetilka proizvajalca Nitecore z mo\u010djo 1200 lumnov in litij-ionsko baterijo z zmogljivostjo 3400 mAh. Izdelana iz trpe\u017enega aluminija.","og_url":"https:\/\/www.sportshine.eu\/it\/negozio\/lampada-frontale-nitecore-hc60-v2\/","og_site_name":"Sportshine","article_publisher":"https:\/\/www.facebook.com\/sportshine.eu\/","article_modified_time":"2025-12-29T15:53:14+00:00","og_image":[{"width":1200,"height":1200,"url":"https:\/\/www.sportshine.eu\/wp-content\/uploads\/2025\/07\/202107151014243034-1-1-1.png","type":"image\/png"}],"twitter_card":"summary_large_image","twitter_misc":{"Tempo di lettura stimato":"1 minuto"},"schema":{"@context":"https:\/\/schema.org","@graph":[{"@type":"WebPage","@id":"https:\/\/www.sportshine.eu\/trgovina\/naglavna-svetilka-nitecore-hc60-v2\/","url":"https:\/\/www.sportshine.eu\/trgovina\/naglavna-svetilka-nitecore-hc60-v2\/","name":"Lampada frontale NITECORE HC60 V2","isPartOf":{"@id":"https:\/\/www.sportshine.eu\/#website"},"primaryImageOfPage":{"@id":"https:\/\/www.sportshine.eu\/trgovina\/naglavna-svetilka-nitecore-hc60-v2\/#primaryimage"},"image":{"@id":"https:\/\/www.sportshine.eu\/trgovina\/naglavna-svetilka-nitecore-hc60-v2\/#primaryimage"},"thumbnailUrl":"https:\/\/www.sportshine.eu\/wp-content\/uploads\/2025\/07\/202107151014243034-1-1-1.png","datePublished":"2025-07-05T21:48:54+00:00","dateModified":"2025-12-29T15:53:14+00:00","description":"Lampada frontale Nitecore con 1200 lumen e batteria agli ioni di litio da 3400 mAh. Realizzata in alluminio resistente.","breadcrumb":{"@id":"https:\/\/www.sportshine.eu\/trgovina\/naglavna-svetilka-nitecore-hc60-v2\/#breadcrumb"},"inLanguage":"it-IT","potentialAction":[{"@type":"ReadAction","target":["https:\/\/www.sportshine.eu\/trgovina\/naglavna-svetilka-nitecore-hc60-v2\/"]}]},{"@type":"ImageObject","inLanguage":"it-IT","@id":"https:\/\/www.sportshine.eu\/trgovina\/naglavna-svetilka-nitecore-hc60-v2\/#primaryimage","url":"https:\/\/www.sportshine.eu\/wp-content\/uploads\/2025\/07\/202107151014243034-1-1-1.png","contentUrl":"https:\/\/www.sportshine.eu\/wp-content\/uploads\/2025\/07\/202107151014243034-1-1-1.png","width":1200,"height":1200},{"@type":"BreadcrumbList","@id":"https:\/\/www.sportshine.eu\/trgovina\/naglavna-svetilka-nitecore-hc60-v2\/#breadcrumb","itemListElement":[{"@type":"ListItem","position":1,"name":"Home","item":"https:\/\/www.sportshine.eu\/"},{"@type":"ListItem","position":2,"name":"Trgovina","item":"https:\/\/www.sportshine.eu\/trgovina\/"},{"@type":"ListItem","position":3,"name":"Naglavna svetilka NITECORE HC60 V2"}]},{"@type":"WebSite","@id":"https:\/\/www.sportshine.eu\/#website","url":"https:\/\/www.sportshine.eu\/","name":"Sportshine","description":"Il miglior negozio online per ciclismo, lampade frontali e attrezzature","publisher":{"@id":"https:\/\/www.sportshine.eu\/#organization"},"potentialAction":[{"@type":"SearchAction","target":{"@type":"EntryPoint","urlTemplate":"https:\/\/www.sportshine.eu\/?s={search_term_string}"},"query-input":{"@type":"PropertyValueSpecification","valueRequired":true,"valueName":"search_term_string"}}],"inLanguage":"it-IT"},{"@type":"Organization","@id":"https:\/\/www.sportshine.eu\/#organization","name":"Sportshine","url":"https:\/\/www.sportshine.eu\/","logo":{"@type":"ImageObject","inLanguage":"it-IT","@id":"https:\/\/www.sportshine.eu\/#\/schema\/logo\/image\/","url":"https:\/\/www.sportshine.eu\/wp-content\/uploads\/2026\/01\/cropped-Sportshine.webp","contentUrl":"https:\/\/www.sportshine.eu\/wp-content\/uploads\/2026\/01\/cropped-Sportshine.webp","width":295,"height":128,"caption":"Sportshine"},"image":{"@id":"https:\/\/www.sportshine.eu\/#\/schema\/logo\/image\/"},"sameAs":["https:\/\/www.facebook.com\/sportshine.eu\/"]}]}},"_links":{"self":[{"href":"https:\/\/www.sportshine.eu\/it\/wp-json\/wp\/v2\/product\/6538","targetHints":{"allow":["GET"]}}],"collection":[{"href":"https:\/\/www.sportshine.eu\/it\/wp-json\/wp\/v2\/product"}],"about":[{"href":"https:\/\/www.sportshine.eu\/it\/wp-json\/wp\/v2\/types\/product"}],"replies":[{"embeddable":true,"href":"https:\/\/www.sportshine.eu\/it\/wp-json\/wp\/v2\/comments?post=6538"}],"version-history":[{"count":0,"href":"https:\/\/www.sportshine.eu\/it\/wp-json\/wp\/v2\/product\/6538\/revisions"}],"wp:featuredmedia":[{"embeddable":true,"href":"https:\/\/www.sportshine.eu\/it\/wp-json\/wp\/v2\/media\/6557"}],"wp:attachment":[{"href":"https:\/\/www.sportshine.eu\/it\/wp-json\/wp\/v2\/media?parent=6538"}],"wp:term":[{"taxonomy":"product_brand","embeddable":true,"href":"https:\/\/www.sportshine.eu\/it\/wp-json\/wp\/v2\/product_brand?post=6538"},{"taxonomy":"product_cat","embeddable":true,"href":"https:\/\/www.sportshine.eu\/it\/wp-json\/wp\/v2\/product_cat?post=6538"},{"taxonomy":"product_tag","embeddable":true,"href":"https:\/\/www.sportshine.eu\/it\/wp-json\/wp\/v2\/product_tag?post=6538"}],"curies":[{"name":"parola chiave","href":"https:\/\/api.w.org\/{rel}","templated":true}]}}