{"id":6472,"date":"2025-07-05T19:57:31","date_gmt":"2025-07-05T19:57:31","guid":{"rendered":"https:\/\/www.sportshine.eu\/?post_type=product&#038;p=6472"},"modified":"2026-01-21T16:42:37","modified_gmt":"2026-01-21T16:42:37","slug":"faro-anteriore-magicshine-evo-1700","status":"publish","type":"product","link":"https:\/\/www.sportshine.eu\/it\/negozio\/faro-anteriore-magicshine-evo-1700\/","title":{"rendered":"Fanale anteriore Magicshine EVO 1700"},"content":{"rendered":"<h3 style=\"text-align: center;\">PRESENTAZIONE VIDEO DEL FARO MAGICSHINE EVO 1700<\/h3>\n<p><iframe loading=\"lazy\" title=\"Luce per bicicletta MAGICSHINE EVO 1700 montata sotto\" width=\"500\" height=\"281\" src=\"https:\/\/www.youtube.com\/embed\/TylYBCr-Dnc?feature=oembed\" frameborder=\"0\" allow=\"accelerometer; autoplay; clipboard-write; encrypted-media; gyroscope; picture-in-picture; web-share\" referrerpolicy=\"strict-origin-when-cross-origin\" allowfullscreen><\/iframe><\/p>\n<h3 style=\"text-align: center;\">ILLUMINA IL TUO CAMMINO<\/h3>\n<p style=\"text-align: center;\">Con un&#039;emissione luminosa impressionante di 1700 lumen in un formato incredibilmente compatto, la EVO 1700 \u00e8 progettata specificamente per la guida quotidiana in ambienti urbani.<\/p>\n<p><img decoding=\"async\" class=\"aligncenter wp-image-7162\" src=\"https:\/\/www.sportshine.eu\/wp-content\/uploads\/2025\/07\/SPREDNJA-LUC-EVO-1700.webp\" alt=\"\" width=\"800\" height=\"600\" \/><\/p>\n<h3 style=\"text-align: center;\">MAGICSHINE EVO 1700 SUPPORTO LUCE BICICLETTA SOTTO LA STAFFA<\/h3>\n<p style=\"text-align: center;\">Il leggero supporto a sgancio rapido (GoPro) consente di montare la luce sotto il manubrio e crea spazio per un ciclocomputer.<\/p>\n<p><img decoding=\"async\" class=\"aligncenter wp-image-7163\" src=\"https:\/\/www.sportshine.eu\/wp-content\/uploads\/2025\/07\/EVO_1700_10.webp\" alt=\"\" width=\"800\" height=\"600\" \/><\/p>\n<h3 style=\"text-align: center;\">FUNZIONE ABBAGLIANTI E ANABBAGLIANTI<\/h3>\n<p style=\"text-align: center;\">Basta premere il pulsante due volte per passare da anabbaglianti ad abbaglianti. L&#039;esclusiva combinazione di anabbaglianti e abbaglianti per una visibilit\u00e0 ottimale in diverse condizioni.<\/p>\n<p style=\"text-align: center;\">(Nota: la modalit\u00e0 flash giorno e notte \u00e8 accessibile solo tramite telecomando.)<\/p>\n<p><img decoding=\"async\" class=\"aligncenter wp-image-7165\" src=\"https:\/\/www.sportshine.eu\/wp-content\/uploads\/2025\/07\/EVO_1700_1.webp\" alt=\"\" width=\"800\" height=\"600\" \/><\/p>\n<h3 style=\"text-align: center;\">ANABBAGLIANTI SENZA ABBAGLIAMENTO PER IL TRAFFICO IN AVANTI<\/h3>\n<p style=\"text-align: center;\">Gli anabbaglianti regolati con precisione emettono una linea di luce nitida che dirige la luce direttamente sulla strada, evitando di abbagliare i veicoli provenienti in senso contrario.<\/p>\n<p><img decoding=\"async\" class=\"aligncenter wp-image-7166\" src=\"https:\/\/www.sportshine.eu\/wp-content\/uploads\/2025\/07\/EVO_1700_4.jpg\" alt=\"\" width=\"800\" height=\"600\" \/><\/p>\n<h3 style=\"text-align: center;\">IMPOSTAZIONI DEL FASCIO TRAMITE L&#039;APP<\/h3>\n<p style=\"text-align: center;\">Collega la luce all&#039;app Magicshine, aggiungi nuove modalit\u00e0 o regola la luminosit\u00e0 per trovare l&#039;illuminazione perfetta per le tue esigenze.<\/p>\n<p><img decoding=\"async\" class=\"aligncenter wp-image-7167\" src=\"https:\/\/www.sportshine.eu\/wp-content\/uploads\/2025\/07\/EVO_1300_4.webp\" alt=\"\" width=\"800\" height=\"600\" \/><\/p>\n<h3 style=\"text-align: center;\">TELECOMANDO SENZA FILI<\/h3>\n<p style=\"text-align: center;\">Accesso immediato all&#039;accensione\/spegnimento e al cambio di modalit\u00e0 senza dover lasciare il manubrio.<\/p>\n<p><img decoding=\"async\" class=\"aligncenter wp-image-7168\" src=\"https:\/\/www.sportshine.eu\/wp-content\/uploads\/2025\/07\/EVO_1700_6.webp\" alt=\"\" width=\"800\" height=\"600\" \/><\/p>\n<h3 style=\"text-align: center;\">FUNZIONE DI BLOCCO<\/h3>\n<p style=\"text-align: center;\">Una funzione di blocco impedisce l&#039;accensione accidentale della luce. La luce \u00e8 inoltre dotata di un indicatore di batteria di facile lettura e di una funzione di memorizzazione della modalit\u00e0 per un avvio rapido.<\/p>\n<p><img decoding=\"async\" class=\"aligncenter wp-image-7169\" src=\"https:\/\/www.sportshine.eu\/wp-content\/uploads\/2025\/07\/EVO_1700_13.webp\" alt=\"\" width=\"800\" height=\"600\" \/><\/p>\n<h3 style=\"text-align: center;\">BATTERIA POTENTE CON CONNETTORE USB-C<\/h3>\n<p style=\"text-align: center;\">La lampada frontale EVO 1700 \u00e8 dotata di una batteria da 4000 mAh che garantisce un&#039;autonomia affidabile di 11 ore. La batteria pu\u00f2 essere facilmente ricaricata tramite la porta USB-C.<\/p>\n<p><img decoding=\"async\" class=\"aligncenter wp-image-7170\" src=\"https:\/\/www.sportshine.eu\/wp-content\/uploads\/2025\/07\/EVO_1700_8.webp\" alt=\"\" width=\"800\" height=\"600\" \/><\/p>\n<h3 style=\"text-align: center;\">IMPERMEABILE SECONDO LO STANDARD IPX6<\/h3>\n<p style=\"text-align: center;\">Grazie al grado di impermeabilit\u00e0 IPX7, la luce pu\u00f2 resistere a condizioni difficili e illuminare il percorso anche sotto la pioggia battente.<\/p>\n<p><img decoding=\"async\" class=\"aligncenter wp-image-7171\" src=\"https:\/\/www.sportshine.eu\/wp-content\/uploads\/2025\/07\/EVO_1700_9.webp\" alt=\"\" width=\"800\" height=\"600\" \/><\/p>\n<h3 style=\"text-align: center;\">COSA CONTENUTI NEL PACCHETTO?<\/h3>\n<p><img decoding=\"async\" class=\"aligncenter wp-image-7172\" src=\"https:\/\/www.sportshine.eu\/wp-content\/uploads\/2025\/07\/EVO_1700_pl.webp\" alt=\"\" width=\"800\" height=\"600\" \/><\/p>","protected":false},"excerpt":{"rendered":"<p>La luce anteriore Magicshine EVO 1700 vanta 1700 lumen di luce racchiusi in un corpo estremamente compatto. \u00c8 la prima luce per bici Magicshine progettata per essere montata sotto una staffa. Supporta funzioni come anabbaglianti e abbaglianti riflettenti, controllo dell&#039;adattatore e consente di regolare la luminosit\u00e0 tramite l&#039;app. Con una durata massima di 11 ore e una resistenza all&#039;acqua IPX6, \u00e8 pronta per tutte le condizioni atmosferiche. \u00c8 possibile ricaricarla tramite un cavo di ricarica USB-C.<\/p>","protected":false},"featured_media":6075,"comment_status":"open","ping_status":"closed","template":"","meta":[],"product_brand":[131],"product_cat":[82,150],"product_tag":[],"class_list":{"0":"post-6472","1":"product","2":"type-product","3":"status-publish","4":"has-post-thumbnail","6":"product_brand-magicshine","7":"product_cat-kolesarske-luci","8":"product_cat-sprednje-kolesarske-luci","10":"first","11":"instock","12":"taxable","13":"shipping-taxable","14":"purchasable","15":"product-type-simple"},"yoast_head":"<!-- This site is optimized with the Yoast SEO plugin v27.3 - https:\/\/yoast.com\/product\/yoast-seo-wordpress\/ -->\n<title>Magicshine EVO 1700 sprednja lu\u010d<\/title>\n<meta name=\"description\" content=\"Z mo\u010djo 1700 lumnov v kompaktnem ohi\u0161ju je EVO 1700 prva kolesarska lu\u010d podjetja Magicshine, zasnovana za monta\u017eo pod krmilo.\" \/>\n<meta name=\"robots\" content=\"index, follow, max-snippet:-1, max-image-preview:large, max-video-preview:-1\" \/>\n<link rel=\"canonical\" href=\"https:\/\/www.sportshine.eu\/it\/negozio\/faro-anteriore-magicshine-evo-1700\/\" \/>\n<meta property=\"og:locale\" content=\"it_IT\" \/>\n<meta property=\"og:type\" content=\"article\" \/>\n<meta property=\"og:title\" content=\"Magicshine EVO 1700 sprednja lu\u010d\" \/>\n<meta property=\"og:description\" content=\"Z mo\u010djo 1700 lumnov v kompaktnem ohi\u0161ju je EVO 1700 prva kolesarska lu\u010d podjetja Magicshine, zasnovana za monta\u017eo pod krmilo.\" \/>\n<meta property=\"og:url\" content=\"https:\/\/www.sportshine.eu\/it\/negozio\/faro-anteriore-magicshine-evo-1700\/\" \/>\n<meta property=\"og:site_name\" content=\"Sportshine\" \/>\n<meta property=\"article:publisher\" content=\"https:\/\/www.facebook.com\/sportshine.eu\/\" \/>\n<meta property=\"article:modified_time\" content=\"2026-01-21T16:42:37+00:00\" \/>\n<meta property=\"og:image\" content=\"https:\/\/www.sportshine.eu\/wp-content\/uploads\/2025\/07\/Magicshine-EVO-1700-sprednja-luc.webp\" \/>\n\t<meta property=\"og:image:width\" content=\"800\" \/>\n\t<meta property=\"og:image:height\" content=\"800\" \/>\n\t<meta property=\"og:image:type\" content=\"image\/webp\" \/>\n<meta name=\"twitter:card\" content=\"summary_large_image\" \/>\n<meta name=\"twitter:label1\" content=\"Tempo di lettura stimato\" \/>\n\t<meta name=\"twitter:data1\" content=\"4 minuti\" \/>\n<script type=\"application\/ld+json\" class=\"yoast-schema-graph\">{\"@context\":\"https:\\\/\\\/schema.org\",\"@graph\":[{\"@type\":\"WebPage\",\"@id\":\"https:\\\/\\\/www.sportshine.eu\\\/trgovina\\\/magicshine-evo-1700-sprednja-luc\\\/\",\"url\":\"https:\\\/\\\/www.sportshine.eu\\\/trgovina\\\/magicshine-evo-1700-sprednja-luc\\\/\",\"name\":\"Magicshine EVO 1700 sprednja lu\u010d\",\"isPartOf\":{\"@id\":\"https:\\\/\\\/www.sportshine.eu\\\/#website\"},\"primaryImageOfPage\":{\"@id\":\"https:\\\/\\\/www.sportshine.eu\\\/trgovina\\\/magicshine-evo-1700-sprednja-luc\\\/#primaryimage\"},\"image\":{\"@id\":\"https:\\\/\\\/www.sportshine.eu\\\/trgovina\\\/magicshine-evo-1700-sprednja-luc\\\/#primaryimage\"},\"thumbnailUrl\":\"https:\\\/\\\/www.sportshine.eu\\\/wp-content\\\/uploads\\\/2025\\\/07\\\/Magicshine-EVO-1700-sprednja-luc.webp\",\"datePublished\":\"2025-07-05T19:57:31+00:00\",\"dateModified\":\"2026-01-21T16:42:37+00:00\",\"description\":\"Z mo\u010djo 1700 lumnov v kompaktnem ohi\u0161ju je EVO 1700 prva kolesarska lu\u010d podjetja Magicshine, zasnovana za monta\u017eo pod krmilo.\",\"breadcrumb\":{\"@id\":\"https:\\\/\\\/www.sportshine.eu\\\/trgovina\\\/magicshine-evo-1700-sprednja-luc\\\/#breadcrumb\"},\"inLanguage\":\"it-IT\",\"potentialAction\":[{\"@type\":\"ReadAction\",\"target\":[\"https:\\\/\\\/www.sportshine.eu\\\/trgovina\\\/magicshine-evo-1700-sprednja-luc\\\/\"]}]},{\"@type\":\"ImageObject\",\"inLanguage\":\"it-IT\",\"@id\":\"https:\\\/\\\/www.sportshine.eu\\\/trgovina\\\/magicshine-evo-1700-sprednja-luc\\\/#primaryimage\",\"url\":\"https:\\\/\\\/www.sportshine.eu\\\/wp-content\\\/uploads\\\/2025\\\/07\\\/Magicshine-EVO-1700-sprednja-luc.webp\",\"contentUrl\":\"https:\\\/\\\/www.sportshine.eu\\\/wp-content\\\/uploads\\\/2025\\\/07\\\/Magicshine-EVO-1700-sprednja-luc.webp\",\"width\":800,\"height\":800},{\"@type\":\"BreadcrumbList\",\"@id\":\"https:\\\/\\\/www.sportshine.eu\\\/trgovina\\\/magicshine-evo-1700-sprednja-luc\\\/#breadcrumb\",\"itemListElement\":[{\"@type\":\"ListItem\",\"position\":1,\"name\":\"Home\",\"item\":\"https:\\\/\\\/www.sportshine.eu\\\/\"},{\"@type\":\"ListItem\",\"position\":2,\"name\":\"Trgovina\",\"item\":\"https:\\\/\\\/www.sportshine.eu\\\/trgovina\\\/\"},{\"@type\":\"ListItem\",\"position\":3,\"name\":\"Magicshine EVO 1700 sprednja lu\u010d\"}]},{\"@type\":\"WebSite\",\"@id\":\"https:\\\/\\\/www.sportshine.eu\\\/#website\",\"url\":\"https:\\\/\\\/www.sportshine.eu\\\/\",\"name\":\"Sportshine\",\"description\":\"Top spletna trgovina kolesarskih in naglavnih svetilk ter opreme\",\"publisher\":{\"@id\":\"https:\\\/\\\/www.sportshine.eu\\\/#organization\"},\"potentialAction\":[{\"@type\":\"SearchAction\",\"target\":{\"@type\":\"EntryPoint\",\"urlTemplate\":\"https:\\\/\\\/www.sportshine.eu\\\/?s={search_term_string}\"},\"query-input\":{\"@type\":\"PropertyValueSpecification\",\"valueRequired\":true,\"valueName\":\"search_term_string\"}}],\"inLanguage\":\"it-IT\"},{\"@type\":\"Organization\",\"@id\":\"https:\\\/\\\/www.sportshine.eu\\\/#organization\",\"name\":\"Sportshine\",\"url\":\"https:\\\/\\\/www.sportshine.eu\\\/\",\"logo\":{\"@type\":\"ImageObject\",\"inLanguage\":\"it-IT\",\"@id\":\"https:\\\/\\\/www.sportshine.eu\\\/#\\\/schema\\\/logo\\\/image\\\/\",\"url\":\"https:\\\/\\\/www.sportshine.eu\\\/wp-content\\\/uploads\\\/2026\\\/01\\\/cropped-Sportshine.webp\",\"contentUrl\":\"https:\\\/\\\/www.sportshine.eu\\\/wp-content\\\/uploads\\\/2026\\\/01\\\/cropped-Sportshine.webp\",\"width\":295,\"height\":128,\"caption\":\"Sportshine\"},\"image\":{\"@id\":\"https:\\\/\\\/www.sportshine.eu\\\/#\\\/schema\\\/logo\\\/image\\\/\"},\"sameAs\":[\"https:\\\/\\\/www.facebook.com\\\/sportshine.eu\\\/\"]}]}<\/script>\n<!-- \/ Yoast SEO plugin. -->","yoast_head_json":{"title":"Fanale anteriore Magicshine EVO 1700","description":"Con 1700 lumen in un formato compatto, la EVO 1700 \u00e8 la prima luce per bici di Magicshine progettata per essere montata sotto il manubrio.","robots":{"index":"index","follow":"follow","max-snippet":"max-snippet:-1","max-image-preview":"max-image-preview:large","max-video-preview":"max-video-preview:-1"},"canonical":"https:\/\/www.sportshine.eu\/it\/negozio\/faro-anteriore-magicshine-evo-1700\/","og_locale":"it_IT","og_type":"article","og_title":"Magicshine EVO 1700 sprednja lu\u010d","og_description":"Z mo\u010djo 1700 lumnov v kompaktnem ohi\u0161ju je EVO 1700 prva kolesarska lu\u010d podjetja Magicshine, zasnovana za monta\u017eo pod krmilo.","og_url":"https:\/\/www.sportshine.eu\/it\/negozio\/faro-anteriore-magicshine-evo-1700\/","og_site_name":"Sportshine","article_publisher":"https:\/\/www.facebook.com\/sportshine.eu\/","article_modified_time":"2026-01-21T16:42:37+00:00","og_image":[{"width":800,"height":800,"url":"https:\/\/www.sportshine.eu\/wp-content\/uploads\/2025\/07\/Magicshine-EVO-1700-sprednja-luc.webp","type":"image\/webp"}],"twitter_card":"summary_large_image","twitter_misc":{"Tempo di lettura stimato":"4 minuti"},"schema":{"@context":"https:\/\/schema.org","@graph":[{"@type":"WebPage","@id":"https:\/\/www.sportshine.eu\/trgovina\/magicshine-evo-1700-sprednja-luc\/","url":"https:\/\/www.sportshine.eu\/trgovina\/magicshine-evo-1700-sprednja-luc\/","name":"Fanale anteriore Magicshine EVO 1700","isPartOf":{"@id":"https:\/\/www.sportshine.eu\/#website"},"primaryImageOfPage":{"@id":"https:\/\/www.sportshine.eu\/trgovina\/magicshine-evo-1700-sprednja-luc\/#primaryimage"},"image":{"@id":"https:\/\/www.sportshine.eu\/trgovina\/magicshine-evo-1700-sprednja-luc\/#primaryimage"},"thumbnailUrl":"https:\/\/www.sportshine.eu\/wp-content\/uploads\/2025\/07\/Magicshine-EVO-1700-sprednja-luc.webp","datePublished":"2025-07-05T19:57:31+00:00","dateModified":"2026-01-21T16:42:37+00:00","description":"Con 1700 lumen in un formato compatto, la EVO 1700 \u00e8 la prima luce per bici di Magicshine progettata per essere montata sotto il manubrio.","breadcrumb":{"@id":"https:\/\/www.sportshine.eu\/trgovina\/magicshine-evo-1700-sprednja-luc\/#breadcrumb"},"inLanguage":"it-IT","potentialAction":[{"@type":"ReadAction","target":["https:\/\/www.sportshine.eu\/trgovina\/magicshine-evo-1700-sprednja-luc\/"]}]},{"@type":"ImageObject","inLanguage":"it-IT","@id":"https:\/\/www.sportshine.eu\/trgovina\/magicshine-evo-1700-sprednja-luc\/#primaryimage","url":"https:\/\/www.sportshine.eu\/wp-content\/uploads\/2025\/07\/Magicshine-EVO-1700-sprednja-luc.webp","contentUrl":"https:\/\/www.sportshine.eu\/wp-content\/uploads\/2025\/07\/Magicshine-EVO-1700-sprednja-luc.webp","width":800,"height":800},{"@type":"BreadcrumbList","@id":"https:\/\/www.sportshine.eu\/trgovina\/magicshine-evo-1700-sprednja-luc\/#breadcrumb","itemListElement":[{"@type":"ListItem","position":1,"name":"Home","item":"https:\/\/www.sportshine.eu\/"},{"@type":"ListItem","position":2,"name":"Trgovina","item":"https:\/\/www.sportshine.eu\/trgovina\/"},{"@type":"ListItem","position":3,"name":"Magicshine EVO 1700 sprednja lu\u010d"}]},{"@type":"WebSite","@id":"https:\/\/www.sportshine.eu\/#website","url":"https:\/\/www.sportshine.eu\/","name":"Sportshine","description":"Il miglior negozio online per ciclismo, lampade frontali e attrezzature","publisher":{"@id":"https:\/\/www.sportshine.eu\/#organization"},"potentialAction":[{"@type":"SearchAction","target":{"@type":"EntryPoint","urlTemplate":"https:\/\/www.sportshine.eu\/?s={search_term_string}"},"query-input":{"@type":"PropertyValueSpecification","valueRequired":true,"valueName":"search_term_string"}}],"inLanguage":"it-IT"},{"@type":"Organization","@id":"https:\/\/www.sportshine.eu\/#organization","name":"Sportshine","url":"https:\/\/www.sportshine.eu\/","logo":{"@type":"ImageObject","inLanguage":"it-IT","@id":"https:\/\/www.sportshine.eu\/#\/schema\/logo\/image\/","url":"https:\/\/www.sportshine.eu\/wp-content\/uploads\/2026\/01\/cropped-Sportshine.webp","contentUrl":"https:\/\/www.sportshine.eu\/wp-content\/uploads\/2026\/01\/cropped-Sportshine.webp","width":295,"height":128,"caption":"Sportshine"},"image":{"@id":"https:\/\/www.sportshine.eu\/#\/schema\/logo\/image\/"},"sameAs":["https:\/\/www.facebook.com\/sportshine.eu\/"]}]}},"_links":{"self":[{"href":"https:\/\/www.sportshine.eu\/it\/wp-json\/wp\/v2\/product\/6472","targetHints":{"allow":["GET"]}}],"collection":[{"href":"https:\/\/www.sportshine.eu\/it\/wp-json\/wp\/v2\/product"}],"about":[{"href":"https:\/\/www.sportshine.eu\/it\/wp-json\/wp\/v2\/types\/product"}],"replies":[{"embeddable":true,"href":"https:\/\/www.sportshine.eu\/it\/wp-json\/wp\/v2\/comments?post=6472"}],"version-history":[{"count":0,"href":"https:\/\/www.sportshine.eu\/it\/wp-json\/wp\/v2\/product\/6472\/revisions"}],"wp:featuredmedia":[{"embeddable":true,"href":"https:\/\/www.sportshine.eu\/it\/wp-json\/wp\/v2\/media\/6075"}],"wp:attachment":[{"href":"https:\/\/www.sportshine.eu\/it\/wp-json\/wp\/v2\/media?parent=6472"}],"wp:term":[{"taxonomy":"product_brand","embeddable":true,"href":"https:\/\/www.sportshine.eu\/it\/wp-json\/wp\/v2\/product_brand?post=6472"},{"taxonomy":"product_cat","embeddable":true,"href":"https:\/\/www.sportshine.eu\/it\/wp-json\/wp\/v2\/product_cat?post=6472"},{"taxonomy":"product_tag","embeddable":true,"href":"https:\/\/www.sportshine.eu\/it\/wp-json\/wp\/v2\/product_tag?post=6472"}],"curies":[{"name":"parola chiave","href":"https:\/\/api.w.org\/{rel}","templated":true}]}}