{"id":6470,"date":"2025-07-05T19:57:29","date_gmt":"2025-07-05T19:57:29","guid":{"rendered":"https:\/\/www.sportshine.eu\/?post_type=product&#038;p=6470"},"modified":"2026-04-14T10:46:41","modified_gmt":"2026-04-14T10:46:41","slug":"luce-per-mountain-bike-magicshine-monteer-12000","status":"publish","type":"product","link":"https:\/\/www.sportshine.eu\/it\/negozio\/luce-per-mountain-bike-magicshine-monteer-12000\/","title":{"rendered":"Luce per mountain bike Magicshine MONTEER 12000"},"content":{"rendered":"<h3 style=\"text-align: center;\">PRESENTAZIONE VIDEO MAGICSHINE MONTEER 12000<\/h3>\n<p><iframe loading=\"lazy\" title=\"Luce per mountain bike MAGICSHINE MONTEER 12000\" width=\"500\" height=\"281\" src=\"https:\/\/www.youtube.com\/embed\/XN-63CZaG7s?feature=oembed\" frameborder=\"0\" allow=\"accelerometer; autoplay; clipboard-write; encrypted-media; gyroscope; picture-in-picture; web-share\" referrerpolicy=\"strict-origin-when-cross-origin\" allowfullscreen><\/iframe><\/p>\n<h3><\/h3>\n<h3 style=\"text-align: center;\">CAMBIA ARGOMENTO IN GIORNO<\/h3>\n<p style=\"text-align: center;\">Dotata di due sistemi ottici separati con cinque LED di alta qualit\u00e0, emette ben 12.000 lumen per illuminare anche i sentieri pi\u00f9 impegnativi.<\/p>\n<p><img decoding=\"async\" class=\"aligncenter wp-image-7181\" src=\"https:\/\/www.sportshine.eu\/wp-content\/uploads\/2025\/07\/Monteer-12000-kolesarska-luc.webp\" alt=\"\" width=\"800\" height=\"600\" \/><\/p>\n<p>&nbsp;<\/p>\n<h3 style=\"text-align: center;\">FASCIO DI LUCE ANTIABBAGLIAMENTO E FASCIO DI LUCE MULTIANGOLARE<\/h3>\n<p style=\"text-align: center;\">Il fascio luminoso antiabbagliante viene regolato con precisione tramite una linea di interruzione, consentendo di guidare in sicurezza nel traffico cittadino senza abbagliare i veicoli provenienti in senso opposto.<br \/>\nUn fascio luminoso appositamente progettato con pi\u00f9 di quattro angoli di visione garantisce una copertura e una portata estese, pi\u00f9 che sufficienti per i terreni pi\u00f9 impegnativi.<\/p>\n<p><img decoding=\"async\" class=\"aligncenter wp-image-7182\" src=\"https:\/\/www.sportshine.eu\/wp-content\/uploads\/2025\/07\/MONTEER_12000_3.webp\" alt=\"\" width=\"800\" height=\"600\" \/><\/p>\n<p>&nbsp;<\/p>\n<h3 style=\"text-align: center;\">BATTERIA A LUNGA DURATA CON RICARICA E SCARICA RAPIDA TRAMITE USB-C<\/h3>\n<p style=\"text-align: center;\">Grazie al potente pacco batteria da 14,4 V e 10.000 mAh, il Monteer 12000 vanta un&#039;autonomia di ben 121 ore.<br \/>\nIl connettore USB-C integrato supporta l&#039;ingresso e l&#039;uscita di potenza rapida da 60 W, consentendoti di caricare comodamente la batteria o alimentare il computer, lo smartphone e altri dispositivi mentre sei in viaggio.<\/p>\n<p><img decoding=\"async\" class=\"aligncenter wp-image-7184 size-full\" src=\"https:\/\/www.sportshine.eu\/wp-content\/uploads\/2025\/07\/MONTEER12000_7-1.webp\" alt=\"\" width=\"800\" height=\"800\" srcset=\"https:\/\/www.sportshine.eu\/wp-content\/uploads\/2025\/07\/MONTEER12000_7-1.webp 800w, https:\/\/www.sportshine.eu\/wp-content\/uploads\/2025\/07\/MONTEER12000_7-1-768x768.webp 768w, https:\/\/www.sportshine.eu\/wp-content\/uploads\/2025\/07\/MONTEER12000_7-1-600x600.webp 600w\" sizes=\"(max-width: 800px) 100vw, 800px\" \/><\/p>\n<p>&nbsp;<\/p>\n<h3 style=\"text-align: center;\">INDICATORE DI FACILE LETTURA<\/h3>\n<p style=\"text-align: center;\">La luce della bicicletta, la batteria e il telecomando sono tutti dotati di un indicatore dello stato della batteria di facile lettura.<\/p>\n<p><img decoding=\"async\" class=\"aligncenter wp-image-7185\" src=\"https:\/\/www.sportshine.eu\/wp-content\/uploads\/2025\/07\/MONTEER_12000_1.webp\" alt=\"\" width=\"800\" height=\"600\" \/><\/p>\n<p>&nbsp;<\/p>\n<h3 style=\"text-align: center;\">TELECOMANDO SENZA FILI<\/h3>\n<p style=\"text-align: center;\">Controlla la luce tramite il telecomando wireless e passa alla modalit\u00e0 di massima luminosit\u00e0 semplicemente premendo un pulsante.<\/p>\n<p><img decoding=\"async\" class=\"aligncenter wp-image-7186\" src=\"https:\/\/www.sportshine.eu\/wp-content\/uploads\/2025\/07\/MONTEER_12000_4.webp\" alt=\"\" width=\"800\" height=\"600\" \/><\/p>\n<p>&nbsp;<\/p>\n<h3 style=\"text-align: center;\">FUNZIONA CON L&#039;APP<\/h3>\n<p style=\"text-align: center;\">Collega la lampada all&#039;app MAGICSHINE e regola le impostazioni di illuminazione in base alle tue esigenze.<\/p>\n<p><img decoding=\"async\" class=\"aligncenter wp-image-7187 size-full\" src=\"https:\/\/www.sportshine.eu\/wp-content\/uploads\/2025\/07\/MONTEER12000_6-1.webp\" alt=\"\" width=\"800\" height=\"800\" srcset=\"https:\/\/www.sportshine.eu\/wp-content\/uploads\/2025\/07\/MONTEER12000_6-1.webp 800w, https:\/\/www.sportshine.eu\/wp-content\/uploads\/2025\/07\/MONTEER12000_6-1-768x768.webp 768w, https:\/\/www.sportshine.eu\/wp-content\/uploads\/2025\/07\/MONTEER12000_6-1-600x600.webp 600w\" sizes=\"(max-width: 800px) 100vw, 800px\" \/><\/p>\n<p>&nbsp;<\/p>\n<h3 style=\"text-align: center;\">LUCE REGOLABILE CON SUPPORTO SICURO<\/h3>\n<p style=\"text-align: center;\">La testa regolabile della luce consente di regolare facilmente la luce senza attrezzi, mentre il supporto per manubrio bifacciale mantiene la luce della bici saldamente in posizione, anche quando si guida su terreni molto impegnativi.<\/p>\n<p><img decoding=\"async\" class=\"aligncenter wp-image-7188\" src=\"https:\/\/www.sportshine.eu\/wp-content\/uploads\/2025\/07\/MONTEER_12000_10.webp\" alt=\"\" width=\"800\" height=\"600\" \/><\/p>\n<p>&nbsp;<\/p>\n<h3 style=\"text-align: center;\">LUCE PER CASCO DA CICLISMO<\/h3>\n<p style=\"text-align: center;\">\u00c8 disponibile un versatile supporto per casco che fissa saldamente la luce al casco.<\/p>\n<p><img decoding=\"async\" class=\"aligncenter wp-image-7189\" src=\"https:\/\/www.sportshine.eu\/wp-content\/uploads\/2025\/07\/MONTEER_12000_6.webp\" alt=\"\" width=\"800\" height=\"600\" \/><\/p>\n<p>&nbsp;<\/p>\n<h3 style=\"text-align: center;\">RAFFREDDAMENTO EFFICIENTE DELLA LUCE DA BICICLETTA<\/h3>\n<p style=\"text-align: center;\">Un innovativo sistema di raffreddamento con canalizzazione fisica dell&#039;aria, gestione termica interna e alette di raffreddamento garantisce prestazioni ottimali durante l&#039;intero periodo di funzionamento.<\/p>\n<p><img decoding=\"async\" class=\"aligncenter wp-image-7190 size-full\" src=\"https:\/\/www.sportshine.eu\/wp-content\/uploads\/2025\/07\/MONTEER12000_8-1.webp\" alt=\"\" width=\"800\" height=\"800\" srcset=\"https:\/\/www.sportshine.eu\/wp-content\/uploads\/2025\/07\/MONTEER12000_8-1.webp 800w, https:\/\/www.sportshine.eu\/wp-content\/uploads\/2025\/07\/MONTEER12000_8-1-768x768.webp 768w, https:\/\/www.sportshine.eu\/wp-content\/uploads\/2025\/07\/MONTEER12000_8-1-600x600.webp 600w\" sizes=\"(max-width: 800px) 100vw, 800px\" \/><\/p>\n<p>&nbsp;<\/p>\n<h3 style=\"text-align: center;\">RESISTENZA ALL&#039;ACQUA IPX6<\/h3>\n<p style=\"text-align: center;\">Grazie all&#039;impermeabilit\u00e0 secondo lo standard IPX6, Magicshine MONTEER 12000 \u00e8 pronto ad affrontare tutte le condizioni atmosferiche.<\/p>\n<p><img decoding=\"async\" class=\"aligncenter wp-image-7191\" src=\"https:\/\/www.sportshine.eu\/wp-content\/uploads\/2025\/07\/Monteer_8000V2.0_5.webp\" alt=\"\" width=\"800\" height=\"600\" \/><\/p>\n<p>&nbsp;<\/p>\n<h3 style=\"text-align: center;\">RICEVERAI NEL PACCO<\/h3>\n<p style=\"text-align: center;\">MONTATORE 12000 *1<br \/>\nPacco batteria MJ-6398 *1<br \/>\nTelecomando MJ-6508 (incluso cinturino) *1<br \/>\nPortacasco *1<br \/>\nSupporto manubrio bifacciale *1<br \/>\nDistanziatori in nylon *4<br \/>\nProlunga del cavo *1<br \/>\nCinghie di fissaggio per casco *2<br \/>\nCinghie di fissaggio della batteria *2<br \/>\nCavo di ricarica USB-C *1<br \/>\nChiave esagonale da 3 mm di spessore *1<br \/>\nCertificato di garanzia *1<\/p>\n<p><img decoding=\"async\" class=\"aligncenter wp-image-7192\" src=\"https:\/\/www.sportshine.eu\/wp-content\/uploads\/2025\/07\/Monteer_12000_packinglist_2.webp\" alt=\"\" width=\"800\" height=\"600\" \/><\/p>\n<p>&nbsp;<\/p>\n<p>&nbsp;<\/p>","protected":false},"excerpt":{"rendered":"<p>La nuova MONTEER 12000 \u00e8 la nostra luce per bici pi\u00f9 potente di sempre, progettata specificamente per mountain bike, trail riding, corse su strada e percorsi in citt\u00e0.<\/p>\n<p style=\"text-align: left;\">Caratteristiche principali:<br \/>\n\u2714 Lumen massimi: 12000 LM<br \/>\n\u2714 Capacit\u00e0 della batteria: 14,4 V\/10.000 mAh (144 Wh)<br \/>\n\u2714 Tempo massimo di funzionamento: 121 ore<br \/>\n\u2714 Portata massima della luce: 360 metri<br \/>\n\u2714 Flood con linea di taglio e riflettore: Supporto<br \/>\n\u2714 Resistenza all&#039;acqua: IPX6<br \/>\n\u2714 Caricabatterie: USB-C (carica e scarica)<br \/>\n\u2714 Controllo remoto: Supporto<br \/>\n\u2714 Personalizzazione tramite app: Supporto<\/p>\n<p>&nbsp;<\/p>","protected":false},"featured_media":6061,"comment_status":"open","ping_status":"closed","template":"","meta":[],"product_brand":[131],"product_cat":[82,150],"product_tag":[],"class_list":{"0":"post-6470","1":"product","2":"type-product","3":"status-publish","4":"has-post-thumbnail","6":"product_brand-magicshine","7":"product_cat-kolesarske-luci","8":"product_cat-sprednje-kolesarske-luci","10":"first","11":"instock","12":"sale","13":"taxable","14":"shipping-taxable","15":"purchasable","16":"product-type-simple"},"yoast_head":"<!-- This site is optimized with the Yoast SEO plugin v27.3 - https:\/\/yoast.com\/product\/yoast-seo-wordpress\/ -->\n<title>Magicshine MONTEER 12000 | Najmo\u010dnej\u0161a kolesarska lu\u010d<\/title>\n<meta name=\"description\" content=\"Gorska kolesarska lu\u010d MONTEER 12000 je na\u0161a najmo\u010dnej\u0161a kolesarska lu\u010d do zdaj, zasnovana posebej za gorsko kolesarstvo in pre\u010dkanje gorskih poti.\" \/>\n<meta name=\"robots\" content=\"index, follow, max-snippet:-1, max-image-preview:large, max-video-preview:-1\" \/>\n<link rel=\"canonical\" href=\"https:\/\/www.sportshine.eu\/it\/negozio\/luce-per-mountain-bike-magicshine-monteer-12000\/\" \/>\n<meta property=\"og:locale\" content=\"it_IT\" \/>\n<meta property=\"og:type\" content=\"article\" \/>\n<meta property=\"og:title\" content=\"Magicshine MONTEER 12000 | Najmo\u010dnej\u0161a kolesarska lu\u010d\" \/>\n<meta property=\"og:description\" content=\"Gorska kolesarska lu\u010d MONTEER 12000 je na\u0161a najmo\u010dnej\u0161a kolesarska lu\u010d do zdaj, zasnovana posebej za gorsko kolesarstvo in pre\u010dkanje gorskih poti.\" \/>\n<meta property=\"og:url\" content=\"https:\/\/www.sportshine.eu\/it\/negozio\/luce-per-mountain-bike-magicshine-monteer-12000\/\" \/>\n<meta property=\"og:site_name\" content=\"Sportshine\" \/>\n<meta property=\"article:publisher\" content=\"https:\/\/www.facebook.com\/sportshine.eu\/\" \/>\n<meta property=\"article:modified_time\" content=\"2026-04-14T10:46:41+00:00\" \/>\n<meta property=\"og:image\" content=\"https:\/\/www.sportshine.eu\/wp-content\/uploads\/2025\/07\/MONTEER12000bikeradar.webp\" \/>\n\t<meta property=\"og:image:width\" content=\"800\" \/>\n\t<meta property=\"og:image:height\" content=\"800\" \/>\n\t<meta property=\"og:image:type\" content=\"image\/webp\" \/>\n<meta name=\"twitter:card\" content=\"summary_large_image\" \/>\n<meta name=\"twitter:label1\" content=\"Tempo di lettura stimato\" \/>\n\t<meta name=\"twitter:data1\" content=\"5 minuti\" \/>\n<script type=\"application\/ld+json\" class=\"yoast-schema-graph\">{\"@context\":\"https:\\\/\\\/schema.org\",\"@graph\":[{\"@type\":\"WebPage\",\"@id\":\"https:\\\/\\\/www.sportshine.eu\\\/trgovina\\\/magicshine-monteer-12000-gorska-kolesarska-luc\\\/\",\"url\":\"https:\\\/\\\/www.sportshine.eu\\\/trgovina\\\/magicshine-monteer-12000-gorska-kolesarska-luc\\\/\",\"name\":\"Magicshine MONTEER 12000 | Najmo\u010dnej\u0161a kolesarska lu\u010d\",\"isPartOf\":{\"@id\":\"https:\\\/\\\/www.sportshine.eu\\\/#website\"},\"primaryImageOfPage\":{\"@id\":\"https:\\\/\\\/www.sportshine.eu\\\/trgovina\\\/magicshine-monteer-12000-gorska-kolesarska-luc\\\/#primaryimage\"},\"image\":{\"@id\":\"https:\\\/\\\/www.sportshine.eu\\\/trgovina\\\/magicshine-monteer-12000-gorska-kolesarska-luc\\\/#primaryimage\"},\"thumbnailUrl\":\"https:\\\/\\\/www.sportshine.eu\\\/wp-content\\\/uploads\\\/2025\\\/07\\\/MONTEER12000bikeradar.webp\",\"datePublished\":\"2025-07-05T19:57:29+00:00\",\"dateModified\":\"2026-04-14T10:46:41+00:00\",\"description\":\"Gorska kolesarska lu\u010d MONTEER 12000 je na\u0161a najmo\u010dnej\u0161a kolesarska lu\u010d do zdaj, zasnovana posebej za gorsko kolesarstvo in pre\u010dkanje gorskih poti.\",\"breadcrumb\":{\"@id\":\"https:\\\/\\\/www.sportshine.eu\\\/trgovina\\\/magicshine-monteer-12000-gorska-kolesarska-luc\\\/#breadcrumb\"},\"inLanguage\":\"it-IT\",\"potentialAction\":[{\"@type\":\"ReadAction\",\"target\":[\"https:\\\/\\\/www.sportshine.eu\\\/trgovina\\\/magicshine-monteer-12000-gorska-kolesarska-luc\\\/\"]}]},{\"@type\":\"ImageObject\",\"inLanguage\":\"it-IT\",\"@id\":\"https:\\\/\\\/www.sportshine.eu\\\/trgovina\\\/magicshine-monteer-12000-gorska-kolesarska-luc\\\/#primaryimage\",\"url\":\"https:\\\/\\\/www.sportshine.eu\\\/wp-content\\\/uploads\\\/2025\\\/07\\\/MONTEER12000bikeradar.webp\",\"contentUrl\":\"https:\\\/\\\/www.sportshine.eu\\\/wp-content\\\/uploads\\\/2025\\\/07\\\/MONTEER12000bikeradar.webp\",\"width\":800,\"height\":800},{\"@type\":\"BreadcrumbList\",\"@id\":\"https:\\\/\\\/www.sportshine.eu\\\/trgovina\\\/magicshine-monteer-12000-gorska-kolesarska-luc\\\/#breadcrumb\",\"itemListElement\":[{\"@type\":\"ListItem\",\"position\":1,\"name\":\"Home\",\"item\":\"https:\\\/\\\/www.sportshine.eu\\\/\"},{\"@type\":\"ListItem\",\"position\":2,\"name\":\"Trgovina\",\"item\":\"https:\\\/\\\/www.sportshine.eu\\\/trgovina\\\/\"},{\"@type\":\"ListItem\",\"position\":3,\"name\":\"Magicshine MONTEER 12000 gorska kolesarska lu\u010d\"}]},{\"@type\":\"WebSite\",\"@id\":\"https:\\\/\\\/www.sportshine.eu\\\/#website\",\"url\":\"https:\\\/\\\/www.sportshine.eu\\\/\",\"name\":\"Sportshine\",\"description\":\"Top spletna trgovina kolesarskih in naglavnih svetilk ter opreme\",\"publisher\":{\"@id\":\"https:\\\/\\\/www.sportshine.eu\\\/#organization\"},\"potentialAction\":[{\"@type\":\"SearchAction\",\"target\":{\"@type\":\"EntryPoint\",\"urlTemplate\":\"https:\\\/\\\/www.sportshine.eu\\\/?s={search_term_string}\"},\"query-input\":{\"@type\":\"PropertyValueSpecification\",\"valueRequired\":true,\"valueName\":\"search_term_string\"}}],\"inLanguage\":\"it-IT\"},{\"@type\":\"Organization\",\"@id\":\"https:\\\/\\\/www.sportshine.eu\\\/#organization\",\"name\":\"Sportshine\",\"url\":\"https:\\\/\\\/www.sportshine.eu\\\/\",\"logo\":{\"@type\":\"ImageObject\",\"inLanguage\":\"it-IT\",\"@id\":\"https:\\\/\\\/www.sportshine.eu\\\/#\\\/schema\\\/logo\\\/image\\\/\",\"url\":\"https:\\\/\\\/www.sportshine.eu\\\/wp-content\\\/uploads\\\/2026\\\/01\\\/cropped-Sportshine.webp\",\"contentUrl\":\"https:\\\/\\\/www.sportshine.eu\\\/wp-content\\\/uploads\\\/2026\\\/01\\\/cropped-Sportshine.webp\",\"width\":295,\"height\":128,\"caption\":\"Sportshine\"},\"image\":{\"@id\":\"https:\\\/\\\/www.sportshine.eu\\\/#\\\/schema\\\/logo\\\/image\\\/\"},\"sameAs\":[\"https:\\\/\\\/www.facebook.com\\\/sportshine.eu\\\/\"]}]}<\/script>\n<!-- \/ Yoast SEO plugin. -->","yoast_head_json":{"title":"Magicshine MONTEER 12000 | La luce per bici pi\u00f9 potente","description":"La luce per mountain bike MONTEER 12000 \u00e8 la nostra luce per bici pi\u00f9 potente in assoluto, progettata specificamente per la mountain bike e per percorrere sentieri montani.","robots":{"index":"index","follow":"follow","max-snippet":"max-snippet:-1","max-image-preview":"max-image-preview:large","max-video-preview":"max-video-preview:-1"},"canonical":"https:\/\/www.sportshine.eu\/it\/negozio\/luce-per-mountain-bike-magicshine-monteer-12000\/","og_locale":"it_IT","og_type":"article","og_title":"Magicshine MONTEER 12000 | Najmo\u010dnej\u0161a kolesarska lu\u010d","og_description":"Gorska kolesarska lu\u010d MONTEER 12000 je na\u0161a najmo\u010dnej\u0161a kolesarska lu\u010d do zdaj, zasnovana posebej za gorsko kolesarstvo in pre\u010dkanje gorskih poti.","og_url":"https:\/\/www.sportshine.eu\/it\/negozio\/luce-per-mountain-bike-magicshine-monteer-12000\/","og_site_name":"Sportshine","article_publisher":"https:\/\/www.facebook.com\/sportshine.eu\/","article_modified_time":"2026-04-14T10:46:41+00:00","og_image":[{"width":800,"height":800,"url":"https:\/\/www.sportshine.eu\/wp-content\/uploads\/2025\/07\/MONTEER12000bikeradar.webp","type":"image\/webp"}],"twitter_card":"summary_large_image","twitter_misc":{"Tempo di lettura stimato":"5 minuti"},"schema":{"@context":"https:\/\/schema.org","@graph":[{"@type":"WebPage","@id":"https:\/\/www.sportshine.eu\/trgovina\/magicshine-monteer-12000-gorska-kolesarska-luc\/","url":"https:\/\/www.sportshine.eu\/trgovina\/magicshine-monteer-12000-gorska-kolesarska-luc\/","name":"Magicshine MONTEER 12000 | La luce per bici pi\u00f9 potente","isPartOf":{"@id":"https:\/\/www.sportshine.eu\/#website"},"primaryImageOfPage":{"@id":"https:\/\/www.sportshine.eu\/trgovina\/magicshine-monteer-12000-gorska-kolesarska-luc\/#primaryimage"},"image":{"@id":"https:\/\/www.sportshine.eu\/trgovina\/magicshine-monteer-12000-gorska-kolesarska-luc\/#primaryimage"},"thumbnailUrl":"https:\/\/www.sportshine.eu\/wp-content\/uploads\/2025\/07\/MONTEER12000bikeradar.webp","datePublished":"2025-07-05T19:57:29+00:00","dateModified":"2026-04-14T10:46:41+00:00","description":"La luce per mountain bike MONTEER 12000 \u00e8 la nostra luce per bici pi\u00f9 potente in assoluto, progettata specificamente per la mountain bike e per percorrere sentieri montani.","breadcrumb":{"@id":"https:\/\/www.sportshine.eu\/trgovina\/magicshine-monteer-12000-gorska-kolesarska-luc\/#breadcrumb"},"inLanguage":"it-IT","potentialAction":[{"@type":"ReadAction","target":["https:\/\/www.sportshine.eu\/trgovina\/magicshine-monteer-12000-gorska-kolesarska-luc\/"]}]},{"@type":"ImageObject","inLanguage":"it-IT","@id":"https:\/\/www.sportshine.eu\/trgovina\/magicshine-monteer-12000-gorska-kolesarska-luc\/#primaryimage","url":"https:\/\/www.sportshine.eu\/wp-content\/uploads\/2025\/07\/MONTEER12000bikeradar.webp","contentUrl":"https:\/\/www.sportshine.eu\/wp-content\/uploads\/2025\/07\/MONTEER12000bikeradar.webp","width":800,"height":800},{"@type":"BreadcrumbList","@id":"https:\/\/www.sportshine.eu\/trgovina\/magicshine-monteer-12000-gorska-kolesarska-luc\/#breadcrumb","itemListElement":[{"@type":"ListItem","position":1,"name":"Home","item":"https:\/\/www.sportshine.eu\/"},{"@type":"ListItem","position":2,"name":"Trgovina","item":"https:\/\/www.sportshine.eu\/trgovina\/"},{"@type":"ListItem","position":3,"name":"Magicshine MONTEER 12000 gorska kolesarska lu\u010d"}]},{"@type":"WebSite","@id":"https:\/\/www.sportshine.eu\/#website","url":"https:\/\/www.sportshine.eu\/","name":"Sportshine","description":"Il miglior negozio online per ciclismo, lampade frontali e attrezzature","publisher":{"@id":"https:\/\/www.sportshine.eu\/#organization"},"potentialAction":[{"@type":"SearchAction","target":{"@type":"EntryPoint","urlTemplate":"https:\/\/www.sportshine.eu\/?s={search_term_string}"},"query-input":{"@type":"PropertyValueSpecification","valueRequired":true,"valueName":"search_term_string"}}],"inLanguage":"it-IT"},{"@type":"Organization","@id":"https:\/\/www.sportshine.eu\/#organization","name":"Sportshine","url":"https:\/\/www.sportshine.eu\/","logo":{"@type":"ImageObject","inLanguage":"it-IT","@id":"https:\/\/www.sportshine.eu\/#\/schema\/logo\/image\/","url":"https:\/\/www.sportshine.eu\/wp-content\/uploads\/2026\/01\/cropped-Sportshine.webp","contentUrl":"https:\/\/www.sportshine.eu\/wp-content\/uploads\/2026\/01\/cropped-Sportshine.webp","width":295,"height":128,"caption":"Sportshine"},"image":{"@id":"https:\/\/www.sportshine.eu\/#\/schema\/logo\/image\/"},"sameAs":["https:\/\/www.facebook.com\/sportshine.eu\/"]}]}},"_links":{"self":[{"href":"https:\/\/www.sportshine.eu\/it\/wp-json\/wp\/v2\/product\/6470","targetHints":{"allow":["GET"]}}],"collection":[{"href":"https:\/\/www.sportshine.eu\/it\/wp-json\/wp\/v2\/product"}],"about":[{"href":"https:\/\/www.sportshine.eu\/it\/wp-json\/wp\/v2\/types\/product"}],"replies":[{"embeddable":true,"href":"https:\/\/www.sportshine.eu\/it\/wp-json\/wp\/v2\/comments?post=6470"}],"version-history":[{"count":1,"href":"https:\/\/www.sportshine.eu\/it\/wp-json\/wp\/v2\/product\/6470\/revisions"}],"predecessor-version":[{"id":10362,"href":"https:\/\/www.sportshine.eu\/it\/wp-json\/wp\/v2\/product\/6470\/revisions\/10362"}],"wp:featuredmedia":[{"embeddable":true,"href":"https:\/\/www.sportshine.eu\/it\/wp-json\/wp\/v2\/media\/6061"}],"wp:attachment":[{"href":"https:\/\/www.sportshine.eu\/it\/wp-json\/wp\/v2\/media?parent=6470"}],"wp:term":[{"taxonomy":"product_brand","embeddable":true,"href":"https:\/\/www.sportshine.eu\/it\/wp-json\/wp\/v2\/product_brand?post=6470"},{"taxonomy":"product_cat","embeddable":true,"href":"https:\/\/www.sportshine.eu\/it\/wp-json\/wp\/v2\/product_cat?post=6470"},{"taxonomy":"product_tag","embeddable":true,"href":"https:\/\/www.sportshine.eu\/it\/wp-json\/wp\/v2\/product_tag?post=6470"}],"curies":[{"name":"parola chiave","href":"https:\/\/api.w.org\/{rel}","templated":true}]}}