{"id":6468,"date":"2025-07-05T19:57:27","date_gmt":"2025-07-05T19:57:27","guid":{"rendered":"https:\/\/www.sportshine.eu\/?post_type=product&#038;p=6468"},"modified":"2026-04-19T09:15:42","modified_gmt":"2026-04-19T09:15:42","slug":"luce-per-bicicletta-magicshine-ray-2600b","status":"publish","type":"product","link":"https:\/\/www.sportshine.eu\/it\/negozio\/luce-per-bicicletta-magicshine-ray-2600b\/","title":{"rendered":"Luce per bicicletta Magicshine RAY 2600B"},"content":{"rendered":"<p><img decoding=\"async\" class=\"wp-image-7195 size-full aligncenter\" src=\"https:\/\/www.sportshine.eu\/wp-content\/uploads\/2025\/07\/magicshine_bike_light_ray_2600.webp\" alt=\"\" width=\"1024\" height=\"439\" srcset=\"https:\/\/www.sportshine.eu\/wp-content\/uploads\/2025\/07\/magicshine_bike_light_ray_2600.webp 1024w, https:\/\/www.sportshine.eu\/wp-content\/uploads\/2025\/07\/magicshine_bike_light_ray_2600-768x329.webp 768w, https:\/\/www.sportshine.eu\/wp-content\/uploads\/2025\/07\/magicshine_bike_light_ray_2600-600x257.webp 600w\" sizes=\"(max-width: 1024px) 100vw, 1024px\" \/><\/p>\n<h3 style=\"text-align: center;\">PRESENTAZIONE VIDEO DI MAGICSHINE RAY 2600B<\/h3>\n<p><iframe loading=\"lazy\" title=\"Luce anteriore per bicicletta MAGICSHINE RAY 1600B e RAY 2600B (versione con telecomando wireless)\" width=\"500\" height=\"281\" src=\"https:\/\/www.youtube.com\/embed\/PZxC-ykV2Lw?feature=oembed\" frameborder=\"0\" allow=\"accelerometer; autoplay; clipboard-write; encrypted-media; gyroscope; picture-in-picture; web-share\" referrerpolicy=\"strict-origin-when-cross-origin\" allowfullscreen><\/iframe><\/p>\n<h3 style=\"text-align: center;\">ILLUMINA IL TUO CAMMINO<\/h3>\n<p style=\"text-align: center;\">Grazie ai due fari a LED che emettono fino a 2600 lumen, il RAY 2600B ti aiuta a superare in sicurezza qualsiasi situazione.<\/p>\n<p><img decoding=\"async\" class=\"aligncenter wp-image-7196 size-full\" src=\"https:\/\/www.sportshine.eu\/wp-content\/uploads\/2025\/07\/2600B2-1.webp\" alt=\"\" width=\"800\" height=\"800\" srcset=\"https:\/\/www.sportshine.eu\/wp-content\/uploads\/2025\/07\/2600B2-1.webp 800w, https:\/\/www.sportshine.eu\/wp-content\/uploads\/2025\/07\/2600B2-1-768x768.webp 768w, https:\/\/www.sportshine.eu\/wp-content\/uploads\/2025\/07\/2600B2-1-600x600.webp 600w\" sizes=\"(max-width: 800px) 100vw, 800px\" \/><\/p>\n<h3 style=\"text-align: center;\">FUNZIONAMENTO COMBINATO DI MODALIT\u00c0 SPOTLIGHT E IBRIDA<\/h3>\n<p style=\"text-align: center;\">Il faro a corto raggio e l&#039;ibrido a lungo raggio offrono un&#039;eccellente copertura del percorso. Pi\u00f9 che sufficiente per affrontare strade cittadine e terreni impegnativi.<\/p>\n<p><img decoding=\"async\" class=\"aligncenter wp-image-7197\" src=\"https:\/\/www.sportshine.eu\/wp-content\/uploads\/2025\/07\/RAY_2600B_1.webp\" alt=\"\" width=\"800\" height=\"600\" \/><\/p>\n<h3 style=\"text-align: center;\">INSTALLA L&#039;APP<\/h3>\n<p style=\"text-align: center;\">Collega la luce per bici RAY 2600B all&#039;app Magicshine, aggiungi nuove modalit\u00e0 o regola la luminosit\u00e0 a tuo piacimento.<\/p>\n<p><img decoding=\"async\" class=\"aligncenter wp-image-7198 size-full\" src=\"https:\/\/www.sportshine.eu\/wp-content\/uploads\/2025\/07\/RAY_2600B_3-1.webp\" alt=\"\" width=\"800\" height=\"800\" srcset=\"https:\/\/www.sportshine.eu\/wp-content\/uploads\/2025\/07\/RAY_2600B_3-1.webp 800w, https:\/\/www.sportshine.eu\/wp-content\/uploads\/2025\/07\/RAY_2600B_3-1-768x768.webp 768w, https:\/\/www.sportshine.eu\/wp-content\/uploads\/2025\/07\/RAY_2600B_3-1-600x600.webp 600w\" sizes=\"(max-width: 800px) 100vw, 800px\" \/><\/p>\n<h3 style=\"text-align: center;\">SENSORE INTELLIGENTE INTEGRATO<\/h3>\n<p style=\"text-align: center;\">Grazie al sensore intelligente integrato, la luce passer\u00e0 automaticamente a un fascio pi\u00f9 luminoso quando si entra in una galleria o passer\u00e0 alla modalit\u00e0 di sospensione durante una sosta per risparmiare energia.<\/p>\n<p><img decoding=\"async\" class=\"aligncenter wp-image-7199\" src=\"https:\/\/www.sportshine.eu\/wp-content\/uploads\/2025\/07\/RAY_2600B_3-1-1.webp\" alt=\"\" width=\"800\" height=\"600\" \/><\/p>\n<h3 style=\"text-align: center;\">TELECOMANDO SENZA FILI<\/h3>\n<p style=\"text-align: center;\">Utilizza il telecomando wireless per regolare le modalit\u00e0 di luminosit\u00e0 o passare immediatamente alla modalit\u00e0 di potenza massima semplicemente premendo un pulsante, tenendo le mani dove dovrebbero stare: sul manubrio!<\/p>\n<p><img decoding=\"async\" class=\"aligncenter wp-image-7200 size-full\" src=\"https:\/\/www.sportshine.eu\/wp-content\/uploads\/2025\/07\/Ray-luc-1.webp\" alt=\"\" width=\"800\" height=\"800\" srcset=\"https:\/\/www.sportshine.eu\/wp-content\/uploads\/2025\/07\/Ray-luc-1.webp 800w, https:\/\/www.sportshine.eu\/wp-content\/uploads\/2025\/07\/Ray-luc-1-768x768.webp 768w, https:\/\/www.sportshine.eu\/wp-content\/uploads\/2025\/07\/Ray-luc-1-600x600.webp 600w\" sizes=\"(max-width: 800px) 100vw, 800px\" \/><\/p>\n<h3 style=\"text-align: center;\">BATTERIA A LUNGA DURATA CON RICARICA USB-C<\/h3>\n<p style=\"text-align: center;\">Grazie alla batteria integrata da 6700 mAh, il RAY 2600B vanta un&#039;autonomia di ben 14,5 ore. Grazie alla porta di ricarica USB-C, puoi ricaricare la batteria o dispositivi esterni come ciclocomputer o smartphone mentre sei in movimento.<\/p>\n<p><img decoding=\"async\" class=\"aligncenter wp-image-7201\" src=\"https:\/\/www.sportshine.eu\/wp-content\/uploads\/2025\/07\/RAY_2600B_5.webp\" alt=\"\" width=\"800\" height=\"600\" \/><\/p>\n<h3 style=\"text-align: center;\">UN&#039;OTTIMA SCELTA PER MONTARE UNA LUCE SUL CASCO<\/h3>\n<p style=\"text-align: center;\">La luce RAY 2600B pu\u00f2 essere utilizzata anche come luce per casco, rendendo pi\u00f9 sicura la guida notturna.<\/p>\n<p><img decoding=\"async\" class=\"aligncenter wp-image-7202 size-full\" src=\"https:\/\/www.sportshine.eu\/wp-content\/uploads\/2025\/07\/led-svetilka-1.webp\" alt=\"\" width=\"800\" height=\"800\" srcset=\"https:\/\/www.sportshine.eu\/wp-content\/uploads\/2025\/07\/led-svetilka-1.webp 800w, https:\/\/www.sportshine.eu\/wp-content\/uploads\/2025\/07\/led-svetilka-1-768x768.webp 768w, https:\/\/www.sportshine.eu\/wp-content\/uploads\/2025\/07\/led-svetilka-1-600x600.webp 600w\" sizes=\"(max-width: 800px) 100vw, 800px\" \/><\/p>\n<h3 style=\"text-align: center;\">RESISTENZA ALL&#039;ACQUA IPX6<\/h3>\n<p style=\"text-align: center;\">L&#039;alloggiamento in alluminio dissipa efficacemente il calore, resiste agli agenti atmosferici e protegge la lampada anche in caso di pioggia intensa o condizioni di bagnato.<\/p>\n<p><img decoding=\"async\" class=\"aligncenter wp-image-7203 size-full\" src=\"https:\/\/www.sportshine.eu\/wp-content\/uploads\/2025\/07\/kolesarska-luc-9.webp\" alt=\"\" width=\"800\" height=\"800\" srcset=\"https:\/\/www.sportshine.eu\/wp-content\/uploads\/2025\/07\/kolesarska-luc-9.webp 800w, https:\/\/www.sportshine.eu\/wp-content\/uploads\/2025\/07\/kolesarska-luc-9-768x768.webp 768w, https:\/\/www.sportshine.eu\/wp-content\/uploads\/2025\/07\/kolesarska-luc-9-600x600.webp 600w\" sizes=\"(max-width: 800px) 100vw, 800px\" \/><\/p>\n<h3 style=\"text-align: center;\">PULSANTE DI CONTROLLO DELLA LUMINOSIT\u00c0 SU E GI\u00d9 CON INDICATORI CHIARAMENTE LEGGIBILE<\/h3>\n<p style=\"text-align: center;\">Regola la luminosit\u00e0 al livello desiderato utilizzando la manopola di controllo della luminosit\u00e0 sulla lampada stessa. Indicatori precisi sull&#039;unit\u00e0 luminosa e sul telecomando mostrano la carica residua della batteria. La funzione di memorizzazione della modalit\u00e0 ti consente di immergerti rapidamente nella tua prossima esperienza ciclistica.<\/p>\n<p><img decoding=\"async\" class=\"aligncenter wp-image-7204\" src=\"https:\/\/www.sportshine.eu\/wp-content\/uploads\/2025\/07\/kolesarska-luc-Magicshine.webp\" alt=\"\" width=\"800\" height=\"600\" \/><\/p>\n<h3 style=\"text-align: center;\">RICEVERAI NEL PACCO<\/h3>\n<p style=\"text-align: center;\">Luce per bicicletta RAY 2600B *1<br \/>\nAdattatore GoPro *1<br \/>\nTelecomando MJ-6508 (incluso cinturino) *1<br \/>\nNastri compatibili *4<br \/>\nChiave esagonale da 3 mm *1<br \/>\nCavo USB-C *1<\/p>\n<p><img decoding=\"async\" class=\"aligncenter wp-image-7205\" src=\"https:\/\/www.sportshine.eu\/wp-content\/uploads\/2025\/07\/RAY_2600B_pl.webp\" alt=\"\" width=\"800\" height=\"600\" \/><\/p>","protected":false},"excerpt":{"rendered":"<p>\u2714 Lumen massimi: 2600 LM<br \/>\n\u2714 Tempo massimo di funzionamento: 14,5 ore<br \/>\n\u2714 Caricabatterie: USB-C<br \/>\n\u2714 Resistenza all&#039;acqua: IPX6<br \/>\n\u2714 Applicazioni: S\u00ec, utilizzo supportato<br \/>\n\u2714 Telecomando wireless: S\u00cc<\/p>\n<p>La Magicshine RAY 2600B \u00e8 una potente luce per bici con un sistema a doppio LED che eroga 2600 lumen di potenza. \u00c8 adatta per mountain bike, ciclismo su strada e per gli spostamenti quotidiani.<\/p>","protected":false},"featured_media":6052,"comment_status":"open","ping_status":"closed","template":"","meta":[],"product_brand":[131],"product_cat":[82,150],"product_tag":[],"class_list":{"0":"post-6468","1":"product","2":"type-product","3":"status-publish","4":"has-post-thumbnail","6":"product_brand-magicshine","7":"product_cat-kolesarske-luci","8":"product_cat-sprednje-kolesarske-luci","10":"first","11":"instock","12":"sale","13":"taxable","14":"shipping-taxable","15":"purchasable","16":"product-type-simple"},"yoast_head":"<!-- This site is optimized with the Yoast SEO plugin v27.3 - https:\/\/yoast.com\/product\/yoast-seo-wordpress\/ -->\n<title>Magicshine RAY 2600B kolesarska lu\u010d<\/title>\n<meta name=\"description\" content=\"Magicshine RAY 2600B kolesarska lu\u010d je zmogljiva lu\u010d z dvojnim LED-sistemom. Primerna za gorsko kolesarjenje, cestno kolesarjenje in vsakodnevno vo\u017enjo.\" \/>\n<meta name=\"robots\" content=\"index, follow, max-snippet:-1, max-image-preview:large, max-video-preview:-1\" \/>\n<link rel=\"canonical\" href=\"https:\/\/www.sportshine.eu\/it\/negozio\/luce-per-bicicletta-magicshine-ray-2600b\/\" \/>\n<meta property=\"og:locale\" content=\"it_IT\" \/>\n<meta property=\"og:type\" content=\"article\" \/>\n<meta property=\"og:title\" content=\"Magicshine RAY 2600B kolesarska lu\u010d\" \/>\n<meta property=\"og:description\" content=\"Magicshine RAY 2600B kolesarska lu\u010d je zmogljiva lu\u010d z dvojnim LED-sistemom. Primerna za gorsko kolesarjenje, cestno kolesarjenje in vsakodnevno vo\u017enjo.\" \/>\n<meta property=\"og:url\" content=\"https:\/\/www.sportshine.eu\/it\/negozio\/luce-per-bicicletta-magicshine-ray-2600b\/\" \/>\n<meta property=\"og:site_name\" content=\"Sportshine\" \/>\n<meta property=\"article:publisher\" content=\"https:\/\/www.facebook.com\/sportshine.eu\/\" \/>\n<meta property=\"article:modified_time\" content=\"2026-04-19T09:15:42+00:00\" \/>\n<meta property=\"og:image\" content=\"https:\/\/www.sportshine.eu\/wp-content\/uploads\/2025\/07\/Magicshine-RAY2600B-kolesarska-luc.webp\" \/>\n\t<meta property=\"og:image:width\" content=\"800\" \/>\n\t<meta property=\"og:image:height\" content=\"800\" \/>\n\t<meta property=\"og:image:type\" content=\"image\/webp\" \/>\n<meta name=\"twitter:card\" content=\"summary_large_image\" \/>\n<meta name=\"twitter:label1\" content=\"Tempo di lettura stimato\" \/>\n\t<meta name=\"twitter:data1\" content=\"5 minuti\" \/>\n<script type=\"application\/ld+json\" class=\"yoast-schema-graph\">{\"@context\":\"https:\\\/\\\/schema.org\",\"@graph\":[{\"@type\":\"WebPage\",\"@id\":\"https:\\\/\\\/www.sportshine.eu\\\/trgovina\\\/magicshine-ray-2600b-kolesarska-luc\\\/\",\"url\":\"https:\\\/\\\/www.sportshine.eu\\\/trgovina\\\/magicshine-ray-2600b-kolesarska-luc\\\/\",\"name\":\"Magicshine RAY 2600B kolesarska lu\u010d\",\"isPartOf\":{\"@id\":\"https:\\\/\\\/www.sportshine.eu\\\/#website\"},\"primaryImageOfPage\":{\"@id\":\"https:\\\/\\\/www.sportshine.eu\\\/trgovina\\\/magicshine-ray-2600b-kolesarska-luc\\\/#primaryimage\"},\"image\":{\"@id\":\"https:\\\/\\\/www.sportshine.eu\\\/trgovina\\\/magicshine-ray-2600b-kolesarska-luc\\\/#primaryimage\"},\"thumbnailUrl\":\"https:\\\/\\\/www.sportshine.eu\\\/wp-content\\\/uploads\\\/2025\\\/07\\\/Magicshine-RAY2600B-kolesarska-luc.webp\",\"datePublished\":\"2025-07-05T19:57:27+00:00\",\"dateModified\":\"2026-04-19T09:15:42+00:00\",\"description\":\"Magicshine RAY 2600B kolesarska lu\u010d je zmogljiva lu\u010d z dvojnim LED-sistemom. Primerna za gorsko kolesarjenje, cestno kolesarjenje in vsakodnevno vo\u017enjo.\",\"breadcrumb\":{\"@id\":\"https:\\\/\\\/www.sportshine.eu\\\/trgovina\\\/magicshine-ray-2600b-kolesarska-luc\\\/#breadcrumb\"},\"inLanguage\":\"it-IT\",\"potentialAction\":[{\"@type\":\"ReadAction\",\"target\":[\"https:\\\/\\\/www.sportshine.eu\\\/trgovina\\\/magicshine-ray-2600b-kolesarska-luc\\\/\"]}]},{\"@type\":\"ImageObject\",\"inLanguage\":\"it-IT\",\"@id\":\"https:\\\/\\\/www.sportshine.eu\\\/trgovina\\\/magicshine-ray-2600b-kolesarska-luc\\\/#primaryimage\",\"url\":\"https:\\\/\\\/www.sportshine.eu\\\/wp-content\\\/uploads\\\/2025\\\/07\\\/Magicshine-RAY2600B-kolesarska-luc.webp\",\"contentUrl\":\"https:\\\/\\\/www.sportshine.eu\\\/wp-content\\\/uploads\\\/2025\\\/07\\\/Magicshine-RAY2600B-kolesarska-luc.webp\",\"width\":800,\"height\":800},{\"@type\":\"BreadcrumbList\",\"@id\":\"https:\\\/\\\/www.sportshine.eu\\\/trgovina\\\/magicshine-ray-2600b-kolesarska-luc\\\/#breadcrumb\",\"itemListElement\":[{\"@type\":\"ListItem\",\"position\":1,\"name\":\"Home\",\"item\":\"https:\\\/\\\/www.sportshine.eu\\\/\"},{\"@type\":\"ListItem\",\"position\":2,\"name\":\"Trgovina\",\"item\":\"https:\\\/\\\/www.sportshine.eu\\\/trgovina\\\/\"},{\"@type\":\"ListItem\",\"position\":3,\"name\":\"Magicshine RAY 2600B kolesarska lu\u010d\"}]},{\"@type\":\"WebSite\",\"@id\":\"https:\\\/\\\/www.sportshine.eu\\\/#website\",\"url\":\"https:\\\/\\\/www.sportshine.eu\\\/\",\"name\":\"Sportshine\",\"description\":\"Top spletna trgovina kolesarskih in naglavnih svetilk ter opreme\",\"publisher\":{\"@id\":\"https:\\\/\\\/www.sportshine.eu\\\/#organization\"},\"potentialAction\":[{\"@type\":\"SearchAction\",\"target\":{\"@type\":\"EntryPoint\",\"urlTemplate\":\"https:\\\/\\\/www.sportshine.eu\\\/?s={search_term_string}\"},\"query-input\":{\"@type\":\"PropertyValueSpecification\",\"valueRequired\":true,\"valueName\":\"search_term_string\"}}],\"inLanguage\":\"it-IT\"},{\"@type\":\"Organization\",\"@id\":\"https:\\\/\\\/www.sportshine.eu\\\/#organization\",\"name\":\"Sportshine\",\"url\":\"https:\\\/\\\/www.sportshine.eu\\\/\",\"logo\":{\"@type\":\"ImageObject\",\"inLanguage\":\"it-IT\",\"@id\":\"https:\\\/\\\/www.sportshine.eu\\\/#\\\/schema\\\/logo\\\/image\\\/\",\"url\":\"https:\\\/\\\/www.sportshine.eu\\\/wp-content\\\/uploads\\\/2026\\\/01\\\/cropped-Sportshine.webp\",\"contentUrl\":\"https:\\\/\\\/www.sportshine.eu\\\/wp-content\\\/uploads\\\/2026\\\/01\\\/cropped-Sportshine.webp\",\"width\":295,\"height\":128,\"caption\":\"Sportshine\"},\"image\":{\"@id\":\"https:\\\/\\\/www.sportshine.eu\\\/#\\\/schema\\\/logo\\\/image\\\/\"},\"sameAs\":[\"https:\\\/\\\/www.facebook.com\\\/sportshine.eu\\\/\"]}]}<\/script>\n<!-- \/ Yoast SEO plugin. -->","yoast_head_json":{"title":"Luce per bicicletta Magicshine RAY 2600B","description":"La luce per bici Magicshine RAY 2600B \u00e8 una luce potente con sistema a doppio LED. Adatta per mountain bike, ciclismo su strada e per l&#039;uso quotidiano.","robots":{"index":"index","follow":"follow","max-snippet":"max-snippet:-1","max-image-preview":"max-image-preview:large","max-video-preview":"max-video-preview:-1"},"canonical":"https:\/\/www.sportshine.eu\/it\/negozio\/luce-per-bicicletta-magicshine-ray-2600b\/","og_locale":"it_IT","og_type":"article","og_title":"Magicshine RAY 2600B kolesarska lu\u010d","og_description":"Magicshine RAY 2600B kolesarska lu\u010d je zmogljiva lu\u010d z dvojnim LED-sistemom. Primerna za gorsko kolesarjenje, cestno kolesarjenje in vsakodnevno vo\u017enjo.","og_url":"https:\/\/www.sportshine.eu\/it\/negozio\/luce-per-bicicletta-magicshine-ray-2600b\/","og_site_name":"Sportshine","article_publisher":"https:\/\/www.facebook.com\/sportshine.eu\/","article_modified_time":"2026-04-19T09:15:42+00:00","og_image":[{"width":800,"height":800,"url":"https:\/\/www.sportshine.eu\/wp-content\/uploads\/2025\/07\/Magicshine-RAY2600B-kolesarska-luc.webp","type":"image\/webp"}],"twitter_card":"summary_large_image","twitter_misc":{"Tempo di lettura stimato":"5 minuti"},"schema":{"@context":"https:\/\/schema.org","@graph":[{"@type":"WebPage","@id":"https:\/\/www.sportshine.eu\/trgovina\/magicshine-ray-2600b-kolesarska-luc\/","url":"https:\/\/www.sportshine.eu\/trgovina\/magicshine-ray-2600b-kolesarska-luc\/","name":"Luce per bicicletta Magicshine RAY 2600B","isPartOf":{"@id":"https:\/\/www.sportshine.eu\/#website"},"primaryImageOfPage":{"@id":"https:\/\/www.sportshine.eu\/trgovina\/magicshine-ray-2600b-kolesarska-luc\/#primaryimage"},"image":{"@id":"https:\/\/www.sportshine.eu\/trgovina\/magicshine-ray-2600b-kolesarska-luc\/#primaryimage"},"thumbnailUrl":"https:\/\/www.sportshine.eu\/wp-content\/uploads\/2025\/07\/Magicshine-RAY2600B-kolesarska-luc.webp","datePublished":"2025-07-05T19:57:27+00:00","dateModified":"2026-04-19T09:15:42+00:00","description":"La luce per bici Magicshine RAY 2600B \u00e8 una luce potente con sistema a doppio LED. Adatta per mountain bike, ciclismo su strada e per l&#039;uso quotidiano.","breadcrumb":{"@id":"https:\/\/www.sportshine.eu\/trgovina\/magicshine-ray-2600b-kolesarska-luc\/#breadcrumb"},"inLanguage":"it-IT","potentialAction":[{"@type":"ReadAction","target":["https:\/\/www.sportshine.eu\/trgovina\/magicshine-ray-2600b-kolesarska-luc\/"]}]},{"@type":"ImageObject","inLanguage":"it-IT","@id":"https:\/\/www.sportshine.eu\/trgovina\/magicshine-ray-2600b-kolesarska-luc\/#primaryimage","url":"https:\/\/www.sportshine.eu\/wp-content\/uploads\/2025\/07\/Magicshine-RAY2600B-kolesarska-luc.webp","contentUrl":"https:\/\/www.sportshine.eu\/wp-content\/uploads\/2025\/07\/Magicshine-RAY2600B-kolesarska-luc.webp","width":800,"height":800},{"@type":"BreadcrumbList","@id":"https:\/\/www.sportshine.eu\/trgovina\/magicshine-ray-2600b-kolesarska-luc\/#breadcrumb","itemListElement":[{"@type":"ListItem","position":1,"name":"Home","item":"https:\/\/www.sportshine.eu\/"},{"@type":"ListItem","position":2,"name":"Trgovina","item":"https:\/\/www.sportshine.eu\/trgovina\/"},{"@type":"ListItem","position":3,"name":"Magicshine RAY 2600B kolesarska lu\u010d"}]},{"@type":"WebSite","@id":"https:\/\/www.sportshine.eu\/#website","url":"https:\/\/www.sportshine.eu\/","name":"Sportshine","description":"Il miglior negozio online per ciclismo, lampade frontali e attrezzature","publisher":{"@id":"https:\/\/www.sportshine.eu\/#organization"},"potentialAction":[{"@type":"SearchAction","target":{"@type":"EntryPoint","urlTemplate":"https:\/\/www.sportshine.eu\/?s={search_term_string}"},"query-input":{"@type":"PropertyValueSpecification","valueRequired":true,"valueName":"search_term_string"}}],"inLanguage":"it-IT"},{"@type":"Organization","@id":"https:\/\/www.sportshine.eu\/#organization","name":"Sportshine","url":"https:\/\/www.sportshine.eu\/","logo":{"@type":"ImageObject","inLanguage":"it-IT","@id":"https:\/\/www.sportshine.eu\/#\/schema\/logo\/image\/","url":"https:\/\/www.sportshine.eu\/wp-content\/uploads\/2026\/01\/cropped-Sportshine.webp","contentUrl":"https:\/\/www.sportshine.eu\/wp-content\/uploads\/2026\/01\/cropped-Sportshine.webp","width":295,"height":128,"caption":"Sportshine"},"image":{"@id":"https:\/\/www.sportshine.eu\/#\/schema\/logo\/image\/"},"sameAs":["https:\/\/www.facebook.com\/sportshine.eu\/"]}]}},"_links":{"self":[{"href":"https:\/\/www.sportshine.eu\/it\/wp-json\/wp\/v2\/product\/6468","targetHints":{"allow":["GET"]}}],"collection":[{"href":"https:\/\/www.sportshine.eu\/it\/wp-json\/wp\/v2\/product"}],"about":[{"href":"https:\/\/www.sportshine.eu\/it\/wp-json\/wp\/v2\/types\/product"}],"replies":[{"embeddable":true,"href":"https:\/\/www.sportshine.eu\/it\/wp-json\/wp\/v2\/comments?post=6468"}],"version-history":[{"count":1,"href":"https:\/\/www.sportshine.eu\/it\/wp-json\/wp\/v2\/product\/6468\/revisions"}],"predecessor-version":[{"id":10397,"href":"https:\/\/www.sportshine.eu\/it\/wp-json\/wp\/v2\/product\/6468\/revisions\/10397"}],"wp:featuredmedia":[{"embeddable":true,"href":"https:\/\/www.sportshine.eu\/it\/wp-json\/wp\/v2\/media\/6052"}],"wp:attachment":[{"href":"https:\/\/www.sportshine.eu\/it\/wp-json\/wp\/v2\/media?parent=6468"}],"wp:term":[{"taxonomy":"product_brand","embeddable":true,"href":"https:\/\/www.sportshine.eu\/it\/wp-json\/wp\/v2\/product_brand?post=6468"},{"taxonomy":"product_cat","embeddable":true,"href":"https:\/\/www.sportshine.eu\/it\/wp-json\/wp\/v2\/product_cat?post=6468"},{"taxonomy":"product_tag","embeddable":true,"href":"https:\/\/www.sportshine.eu\/it\/wp-json\/wp\/v2\/product_tag?post=6468"}],"curies":[{"name":"parola chiave","href":"https:\/\/api.w.org\/{rel}","templated":true}]}}