{"id":6467,"date":"2025-07-05T19:57:26","date_gmt":"2025-07-05T19:57:26","guid":{"rendered":"https:\/\/www.sportshine.eu\/?post_type=product&#038;p=6467"},"modified":"2026-03-10T08:16:41","modified_gmt":"2026-03-10T08:16:41","slug":"luci-per-bici-magicshine-rn-3000","status":"publish","type":"product","link":"https:\/\/www.sportshine.eu\/it\/negozio\/luci-per-bici-magicshine-rn-3000\/","title":{"rendered":"Luce per bicicletta Magicshine RN 3000"},"content":{"rendered":"<p>&nbsp;<\/p>\n<p><img decoding=\"async\" class=\"aligncenter wp-image-7206 size-full\" src=\"https:\/\/www.sportshine.eu\/wp-content\/uploads\/2025\/07\/Magicshine-luc-za-kolo-2-1024x643-1.webp\" alt=\"\" width=\"1024\" height=\"643\" srcset=\"https:\/\/www.sportshine.eu\/wp-content\/uploads\/2025\/07\/Magicshine-luc-za-kolo-2-1024x643-1.webp 1024w, https:\/\/www.sportshine.eu\/wp-content\/uploads\/2025\/07\/Magicshine-luc-za-kolo-2-1024x643-1-768x482.webp 768w, https:\/\/www.sportshine.eu\/wp-content\/uploads\/2025\/07\/Magicshine-luc-za-kolo-2-1024x643-1-600x377.webp 600w\" sizes=\"(max-width: 1024px) 100vw, 1024px\" \/><\/p>\n<h3 style=\"text-align: center;\">COME USARE LA LUCE PER BICICLETTA MAGICSHINE RN3000?<\/h3>\n<p><iframe loading=\"lazy\" title=\"Tutorial sul funzionamento della potente luce per bici Magicshine RN 3000\" width=\"500\" height=\"281\" src=\"https:\/\/www.youtube.com\/embed\/VhZvNY6c0TU?feature=oembed\" frameborder=\"0\" allow=\"accelerometer; autoplay; clipboard-write; encrypted-media; gyroscope; picture-in-picture; web-share\" referrerpolicy=\"strict-origin-when-cross-origin\" allowfullscreen><\/iframe><\/p>\n<p>&nbsp;<\/p>\n<h3 style=\"text-align: center;\">POTENZA ELEVATA E LUNGA DURATA DELLA BATTERIA<\/h3>\n<p style=\"text-align: center;\">Magicshine RN 3000 \u00e8 una potente luce per bici che utilizza due batterie 21700 integrate con un&#039;elevata capacit\u00e0 di 10.000 mAh. \u00c8 dotata di due LED estremamente luminosi ed efficienti dal punto di vista energetico, con una potenza massima verificata di 3.000 lumen. La durata massima di funzionamento \u00e8 fino a 62 ore. \u00c8 la scelta ideale per il ciclismo su lunghe distanze e le sfide estreme.<\/p>\n<p>&nbsp;<\/p>\n<p><img decoding=\"async\" class=\"aligncenter wp-image-7207\" src=\"https:\/\/www.sportshine.eu\/wp-content\/uploads\/2025\/07\/Magicshine-RN300-luc.webp\" alt=\"\" width=\"800\" height=\"600\" \/><\/p>\n<p>&nbsp;<\/p>\n<h3 style=\"text-align: center;\">GUIDA PI\u00d9 SICURA CON LENTI ANTIRIFLESSO<\/h3>\n<p style=\"text-align: center;\">Il design delle lenti con tecnologia antiriflesso impedisce l&#039;abbagliamento dei conducenti provenienti dalla direzione opposta. Illuminazione laterale per una migliore visibilit\u00e0 laterale.<\/p>\n<p><img decoding=\"async\" class=\"aligncenter wp-image-7209\" src=\"https:\/\/www.sportshine.eu\/wp-content\/uploads\/2025\/07\/RN_3000_2.webp\" alt=\"\" width=\"800\" height=\"600\" \/><\/p>\n<p>&nbsp;<\/p>\n<h3 style=\"text-align: center;\">INDICATORE BATTERIA INTEGRATO<\/h3>\n<p style=\"text-align: center;\">In modalit\u00e0 standby, \u00e8 sufficiente premere il pulsante di accensione per attivare l&#039;indicatore della batteria. Il colore dell&#039;indicatore mostra diversi livelli di carica.<\/p>\n<p><img decoding=\"async\" class=\"aligncenter wp-image-7210\" src=\"https:\/\/www.sportshine.eu\/wp-content\/uploads\/2025\/07\/RN_3000_4.webp\" alt=\"\" width=\"800\" height=\"600\" \/><\/p>\n<p>&nbsp;<\/p>\n<h3 style=\"text-align: center;\">ALLOGGIAMENTO IN ALLUMINIO MONOBLOCCO CON CONTROLLO TERMICO INTEGRATO<\/h3>\n<p style=\"text-align: center;\">Il sistema di controllo termico intelligente integrato e l&#039;alloggiamento monoblocco in alluminio senza giunzioni mantengono la temperatura di esercizio dell&#039;RN 3000 a un livello ottimale, proteggendo i circuiti interni e mantenendo la massima potenza.<\/p>\n<p><img decoding=\"async\" class=\"aligncenter wp-image-7211\" src=\"https:\/\/www.sportshine.eu\/wp-content\/uploads\/2025\/07\/RN3000-1.webp\" alt=\"\" width=\"800\" height=\"800\" srcset=\"https:\/\/www.sportshine.eu\/wp-content\/uploads\/2025\/07\/RN3000-1-768x768.webp 768w, https:\/\/www.sportshine.eu\/wp-content\/uploads\/2025\/07\/RN3000-1-600x600.webp 600w\" sizes=\"(max-width: 800px) 100vw, 800px\" \/><\/p>\n<p>&nbsp;<\/p>\n<h3 style=\"text-align: center;\">OPZIONE DI BLOCCO PER LA LAMPADA RN 3000<\/h3>\n<p style=\"text-align: center;\">\u00c8 possibile bloccare la luce della bici per evitare che l&#039;interruttore venga premuto inutilmente. Quando la luce \u00e8 spenta, per attivarla, tenere premuto il pulsante di accensione per circa 5 secondi finch\u00e9 l&#039;indicatore luminoso non inizia a lampeggiare in rosso.<\/p>\n<p><img decoding=\"async\" class=\"aligncenter wp-image-7212\" src=\"https:\/\/www.sportshine.eu\/wp-content\/uploads\/2025\/07\/RN_3000_3.webp\" alt=\"\" width=\"800\" height=\"600\" \/><\/p>\n<p>&nbsp;<\/p>\n<h3 style=\"text-align: center;\">RICEVERAI NEL PACCO<\/h3>\n<p style=\"text-align: center;\">Luce per bicicletta RN 3000 *1<br \/>\nPortalampada * 1<br \/>\nNastri compatibili *4<br \/>\nChiave esagonale da 3 mm *1<br \/>\nCavo USB-C *1<\/p>\n<h3 style=\"text-align: center;\">PRESENTAZIONE VIDEO DELLA LUCE MAGICSHINE RN3000<\/h3>\n<p><iframe loading=\"lazy\" title=\"Recensione della luce Magicshine RN3000\" width=\"500\" height=\"281\" src=\"https:\/\/www.youtube.com\/embed\/1vo8ftWgvRQ?feature=oembed\" frameborder=\"0\" allow=\"accelerometer; autoplay; clipboard-write; encrypted-media; gyroscope; picture-in-picture; web-share\" referrerpolicy=\"strict-origin-when-cross-origin\" allowfullscreen><\/iframe><\/p>\n<p>&nbsp;<\/p>\n<p><iframe loading=\"lazy\" title=\"Recensione del faro anteriore per bici Magicshine RN 3000 - con 3000 lumen + doppi LED + supporto Garmin\" width=\"500\" height=\"281\" src=\"https:\/\/www.youtube.com\/embed\/RpY-tGZyr54?feature=oembed\" frameborder=\"0\" allow=\"accelerometer; autoplay; clipboard-write; encrypted-media; gyroscope; picture-in-picture; web-share\" referrerpolicy=\"strict-origin-when-cross-origin\" allowfullscreen><\/iframe><\/p>\n<p>&nbsp;<\/p>","protected":false},"excerpt":{"rendered":"<p>\u2714 Lumen massimi: 3000 LM<br \/>\n\u2714 Tempo massimo di funzionamento: 62 ore<br \/>\n\u2714 Caricabatterie: USB-C<br \/>\n\u2714 Resistenza all&#039;acqua: IPX6<br \/>\n\u2714 Lente antiriflesso: S\u00ec<br \/>\n\u2714 Capacit\u00e0 della batteria: 10,00 mAh<\/p>\n<p>Magicshine RN 3000 \u00e8 una potente luce per bicicletta ad alta luminosit\u00e0 e lunga durata. \u00c8 realizzata interamente in alluminio. \u00c8 dotata di due lampadine LED integrate che forniscono fino a 3000 lumen di luminosit\u00e0. \u00c8 adatta a tutti i ciclisti che necessitano di un&#039;illuminazione affidabile. Pu\u00f2 essere montata anche su manubri aerodinamici.<\/p>","protected":false},"featured_media":6046,"comment_status":"open","ping_status":"closed","template":"","meta":[],"product_brand":[131],"product_cat":[82,150],"product_tag":[],"class_list":{"0":"post-6467","1":"product","2":"type-product","3":"status-publish","4":"has-post-thumbnail","6":"product_brand-magicshine","7":"product_cat-kolesarske-luci","8":"product_cat-sprednje-kolesarske-luci","10":"first","11":"instock","12":"sale","13":"taxable","14":"shipping-taxable","15":"purchasable","16":"product-type-simple"},"yoast_head":"<!-- This site is optimized with the Yoast SEO plugin v27.3 - https:\/\/yoast.com\/product\/yoast-seo-wordpress\/ -->\n<title>Magicshine RN 3000 lu\u010d za kolo - 3000 lumnov<\/title>\n<meta name=\"description\" content=\"Magicshine RN 3000 je zmogljiva lu\u010d za kolo, ki uporablja bateriji z visoko kapaciteto 10.000 mAh. Vgrajeni ima dve LED \u017earnici z mo\u010djo 3.000 lumnov.\" \/>\n<meta name=\"robots\" content=\"index, follow, max-snippet:-1, max-image-preview:large, max-video-preview:-1\" \/>\n<link rel=\"canonical\" href=\"https:\/\/www.sportshine.eu\/it\/negozio\/luci-per-bici-magicshine-rn-3000\/\" \/>\n<meta property=\"og:locale\" content=\"it_IT\" \/>\n<meta property=\"og:type\" content=\"article\" \/>\n<meta property=\"og:title\" content=\"Magicshine RN 3000 lu\u010d za kolo - 3000 lumnov\" \/>\n<meta property=\"og:description\" content=\"Magicshine RN 3000 je zmogljiva lu\u010d za kolo, ki uporablja bateriji z visoko kapaciteto 10.000 mAh. Vgrajeni ima dve LED \u017earnici z mo\u010djo 3.000 lumnov.\" \/>\n<meta property=\"og:url\" content=\"https:\/\/www.sportshine.eu\/it\/negozio\/luci-per-bici-magicshine-rn-3000\/\" \/>\n<meta property=\"og:site_name\" content=\"Sportshine\" \/>\n<meta property=\"article:publisher\" content=\"https:\/\/www.facebook.com\/sportshine.eu\/\" \/>\n<meta property=\"article:modified_time\" content=\"2026-03-10T08:16:41+00:00\" \/>\n<meta property=\"og:image\" content=\"https:\/\/www.sportshine.eu\/wp-content\/uploads\/2025\/07\/RN3000_MJ-6512-ezgif.com-jpg-to-webp-converter-1.webp\" \/>\n\t<meta property=\"og:image:width\" content=\"800\" \/>\n\t<meta property=\"og:image:height\" content=\"800\" \/>\n\t<meta property=\"og:image:type\" content=\"image\/webp\" \/>\n<meta name=\"twitter:card\" content=\"summary_large_image\" \/>\n<meta name=\"twitter:label1\" content=\"Tempo di lettura stimato\" \/>\n\t<meta name=\"twitter:data1\" content=\"3 minuti\" \/>\n<script type=\"application\/ld+json\" class=\"yoast-schema-graph\">{\"@context\":\"https:\\\/\\\/schema.org\",\"@graph\":[{\"@type\":\"WebPage\",\"@id\":\"https:\\\/\\\/www.sportshine.eu\\\/trgovina\\\/magicshine-rn-3000-luc-za-kolo\\\/\",\"url\":\"https:\\\/\\\/www.sportshine.eu\\\/trgovina\\\/magicshine-rn-3000-luc-za-kolo\\\/\",\"name\":\"Magicshine RN 3000 lu\u010d za kolo - 3000 lumnov\",\"isPartOf\":{\"@id\":\"https:\\\/\\\/www.sportshine.eu\\\/#website\"},\"primaryImageOfPage\":{\"@id\":\"https:\\\/\\\/www.sportshine.eu\\\/trgovina\\\/magicshine-rn-3000-luc-za-kolo\\\/#primaryimage\"},\"image\":{\"@id\":\"https:\\\/\\\/www.sportshine.eu\\\/trgovina\\\/magicshine-rn-3000-luc-za-kolo\\\/#primaryimage\"},\"thumbnailUrl\":\"https:\\\/\\\/www.sportshine.eu\\\/wp-content\\\/uploads\\\/2025\\\/07\\\/RN3000_MJ-6512-ezgif.com-jpg-to-webp-converter-1.webp\",\"datePublished\":\"2025-07-05T19:57:26+00:00\",\"dateModified\":\"2026-03-10T08:16:41+00:00\",\"description\":\"Magicshine RN 3000 je zmogljiva lu\u010d za kolo, ki uporablja bateriji z visoko kapaciteto 10.000 mAh. Vgrajeni ima dve LED \u017earnici z mo\u010djo 3.000 lumnov.\",\"breadcrumb\":{\"@id\":\"https:\\\/\\\/www.sportshine.eu\\\/trgovina\\\/magicshine-rn-3000-luc-za-kolo\\\/#breadcrumb\"},\"inLanguage\":\"it-IT\",\"potentialAction\":[{\"@type\":\"ReadAction\",\"target\":[\"https:\\\/\\\/www.sportshine.eu\\\/trgovina\\\/magicshine-rn-3000-luc-za-kolo\\\/\"]}]},{\"@type\":\"ImageObject\",\"inLanguage\":\"it-IT\",\"@id\":\"https:\\\/\\\/www.sportshine.eu\\\/trgovina\\\/magicshine-rn-3000-luc-za-kolo\\\/#primaryimage\",\"url\":\"https:\\\/\\\/www.sportshine.eu\\\/wp-content\\\/uploads\\\/2025\\\/07\\\/RN3000_MJ-6512-ezgif.com-jpg-to-webp-converter-1.webp\",\"contentUrl\":\"https:\\\/\\\/www.sportshine.eu\\\/wp-content\\\/uploads\\\/2025\\\/07\\\/RN3000_MJ-6512-ezgif.com-jpg-to-webp-converter-1.webp\",\"width\":800,\"height\":800},{\"@type\":\"BreadcrumbList\",\"@id\":\"https:\\\/\\\/www.sportshine.eu\\\/trgovina\\\/magicshine-rn-3000-luc-za-kolo\\\/#breadcrumb\",\"itemListElement\":[{\"@type\":\"ListItem\",\"position\":1,\"name\":\"Home\",\"item\":\"https:\\\/\\\/www.sportshine.eu\\\/\"},{\"@type\":\"ListItem\",\"position\":2,\"name\":\"Trgovina\",\"item\":\"https:\\\/\\\/www.sportshine.eu\\\/trgovina\\\/\"},{\"@type\":\"ListItem\",\"position\":3,\"name\":\"Magicshine RN 3000 lu\u010d za kolo\"}]},{\"@type\":\"WebSite\",\"@id\":\"https:\\\/\\\/www.sportshine.eu\\\/#website\",\"url\":\"https:\\\/\\\/www.sportshine.eu\\\/\",\"name\":\"Sportshine\",\"description\":\"Top spletna trgovina kolesarskih in naglavnih svetilk ter opreme\",\"publisher\":{\"@id\":\"https:\\\/\\\/www.sportshine.eu\\\/#organization\"},\"potentialAction\":[{\"@type\":\"SearchAction\",\"target\":{\"@type\":\"EntryPoint\",\"urlTemplate\":\"https:\\\/\\\/www.sportshine.eu\\\/?s={search_term_string}\"},\"query-input\":{\"@type\":\"PropertyValueSpecification\",\"valueRequired\":true,\"valueName\":\"search_term_string\"}}],\"inLanguage\":\"it-IT\"},{\"@type\":\"Organization\",\"@id\":\"https:\\\/\\\/www.sportshine.eu\\\/#organization\",\"name\":\"Sportshine\",\"url\":\"https:\\\/\\\/www.sportshine.eu\\\/\",\"logo\":{\"@type\":\"ImageObject\",\"inLanguage\":\"it-IT\",\"@id\":\"https:\\\/\\\/www.sportshine.eu\\\/#\\\/schema\\\/logo\\\/image\\\/\",\"url\":\"https:\\\/\\\/www.sportshine.eu\\\/wp-content\\\/uploads\\\/2026\\\/01\\\/cropped-Sportshine.webp\",\"contentUrl\":\"https:\\\/\\\/www.sportshine.eu\\\/wp-content\\\/uploads\\\/2026\\\/01\\\/cropped-Sportshine.webp\",\"width\":295,\"height\":128,\"caption\":\"Sportshine\"},\"image\":{\"@id\":\"https:\\\/\\\/www.sportshine.eu\\\/#\\\/schema\\\/logo\\\/image\\\/\"},\"sameAs\":[\"https:\\\/\\\/www.facebook.com\\\/sportshine.eu\\\/\"]}]}<\/script>\n<!-- \/ Yoast SEO plugin. -->","yoast_head_json":{"title":"Luce per bici Magicshine RN 3000 - 3000 lumen","description":"La Magicshine RN 3000 \u00e8 una potente luce per bici che utilizza una batteria ad alta capacit\u00e0 da 10.000 mAh. \u00c8 dotata di due lampadine LED integrate con una potenza di 3.000 lumen.","robots":{"index":"index","follow":"follow","max-snippet":"max-snippet:-1","max-image-preview":"max-image-preview:large","max-video-preview":"max-video-preview:-1"},"canonical":"https:\/\/www.sportshine.eu\/it\/negozio\/luci-per-bici-magicshine-rn-3000\/","og_locale":"it_IT","og_type":"article","og_title":"Magicshine RN 3000 lu\u010d za kolo - 3000 lumnov","og_description":"Magicshine RN 3000 je zmogljiva lu\u010d za kolo, ki uporablja bateriji z visoko kapaciteto 10.000 mAh. Vgrajeni ima dve LED \u017earnici z mo\u010djo 3.000 lumnov.","og_url":"https:\/\/www.sportshine.eu\/it\/negozio\/luci-per-bici-magicshine-rn-3000\/","og_site_name":"Sportshine","article_publisher":"https:\/\/www.facebook.com\/sportshine.eu\/","article_modified_time":"2026-03-10T08:16:41+00:00","og_image":[{"width":800,"height":800,"url":"https:\/\/www.sportshine.eu\/wp-content\/uploads\/2025\/07\/RN3000_MJ-6512-ezgif.com-jpg-to-webp-converter-1.webp","type":"image\/webp"}],"twitter_card":"summary_large_image","twitter_misc":{"Tempo di lettura stimato":"3 minuti"},"schema":{"@context":"https:\/\/schema.org","@graph":[{"@type":"WebPage","@id":"https:\/\/www.sportshine.eu\/trgovina\/magicshine-rn-3000-luc-za-kolo\/","url":"https:\/\/www.sportshine.eu\/trgovina\/magicshine-rn-3000-luc-za-kolo\/","name":"Luce per bici Magicshine RN 3000 - 3000 lumen","isPartOf":{"@id":"https:\/\/www.sportshine.eu\/#website"},"primaryImageOfPage":{"@id":"https:\/\/www.sportshine.eu\/trgovina\/magicshine-rn-3000-luc-za-kolo\/#primaryimage"},"image":{"@id":"https:\/\/www.sportshine.eu\/trgovina\/magicshine-rn-3000-luc-za-kolo\/#primaryimage"},"thumbnailUrl":"https:\/\/www.sportshine.eu\/wp-content\/uploads\/2025\/07\/RN3000_MJ-6512-ezgif.com-jpg-to-webp-converter-1.webp","datePublished":"2025-07-05T19:57:26+00:00","dateModified":"2026-03-10T08:16:41+00:00","description":"La Magicshine RN 3000 \u00e8 una potente luce per bici che utilizza una batteria ad alta capacit\u00e0 da 10.000 mAh. \u00c8 dotata di due lampadine LED integrate con una potenza di 3.000 lumen.","breadcrumb":{"@id":"https:\/\/www.sportshine.eu\/trgovina\/magicshine-rn-3000-luc-za-kolo\/#breadcrumb"},"inLanguage":"it-IT","potentialAction":[{"@type":"ReadAction","target":["https:\/\/www.sportshine.eu\/trgovina\/magicshine-rn-3000-luc-za-kolo\/"]}]},{"@type":"ImageObject","inLanguage":"it-IT","@id":"https:\/\/www.sportshine.eu\/trgovina\/magicshine-rn-3000-luc-za-kolo\/#primaryimage","url":"https:\/\/www.sportshine.eu\/wp-content\/uploads\/2025\/07\/RN3000_MJ-6512-ezgif.com-jpg-to-webp-converter-1.webp","contentUrl":"https:\/\/www.sportshine.eu\/wp-content\/uploads\/2025\/07\/RN3000_MJ-6512-ezgif.com-jpg-to-webp-converter-1.webp","width":800,"height":800},{"@type":"BreadcrumbList","@id":"https:\/\/www.sportshine.eu\/trgovina\/magicshine-rn-3000-luc-za-kolo\/#breadcrumb","itemListElement":[{"@type":"ListItem","position":1,"name":"Home","item":"https:\/\/www.sportshine.eu\/"},{"@type":"ListItem","position":2,"name":"Trgovina","item":"https:\/\/www.sportshine.eu\/trgovina\/"},{"@type":"ListItem","position":3,"name":"Magicshine RN 3000 lu\u010d za kolo"}]},{"@type":"WebSite","@id":"https:\/\/www.sportshine.eu\/#website","url":"https:\/\/www.sportshine.eu\/","name":"Sportshine","description":"Il miglior negozio online per ciclismo, lampade frontali e attrezzature","publisher":{"@id":"https:\/\/www.sportshine.eu\/#organization"},"potentialAction":[{"@type":"SearchAction","target":{"@type":"EntryPoint","urlTemplate":"https:\/\/www.sportshine.eu\/?s={search_term_string}"},"query-input":{"@type":"PropertyValueSpecification","valueRequired":true,"valueName":"search_term_string"}}],"inLanguage":"it-IT"},{"@type":"Organization","@id":"https:\/\/www.sportshine.eu\/#organization","name":"Sportshine","url":"https:\/\/www.sportshine.eu\/","logo":{"@type":"ImageObject","inLanguage":"it-IT","@id":"https:\/\/www.sportshine.eu\/#\/schema\/logo\/image\/","url":"https:\/\/www.sportshine.eu\/wp-content\/uploads\/2026\/01\/cropped-Sportshine.webp","contentUrl":"https:\/\/www.sportshine.eu\/wp-content\/uploads\/2026\/01\/cropped-Sportshine.webp","width":295,"height":128,"caption":"Sportshine"},"image":{"@id":"https:\/\/www.sportshine.eu\/#\/schema\/logo\/image\/"},"sameAs":["https:\/\/www.facebook.com\/sportshine.eu\/"]}]}},"_links":{"self":[{"href":"https:\/\/www.sportshine.eu\/it\/wp-json\/wp\/v2\/product\/6467","targetHints":{"allow":["GET"]}}],"collection":[{"href":"https:\/\/www.sportshine.eu\/it\/wp-json\/wp\/v2\/product"}],"about":[{"href":"https:\/\/www.sportshine.eu\/it\/wp-json\/wp\/v2\/types\/product"}],"replies":[{"embeddable":true,"href":"https:\/\/www.sportshine.eu\/it\/wp-json\/wp\/v2\/comments?post=6467"}],"version-history":[{"count":0,"href":"https:\/\/www.sportshine.eu\/it\/wp-json\/wp\/v2\/product\/6467\/revisions"}],"wp:featuredmedia":[{"embeddable":true,"href":"https:\/\/www.sportshine.eu\/it\/wp-json\/wp\/v2\/media\/6046"}],"wp:attachment":[{"href":"https:\/\/www.sportshine.eu\/it\/wp-json\/wp\/v2\/media?parent=6467"}],"wp:term":[{"taxonomy":"product_brand","embeddable":true,"href":"https:\/\/www.sportshine.eu\/it\/wp-json\/wp\/v2\/product_brand?post=6467"},{"taxonomy":"product_cat","embeddable":true,"href":"https:\/\/www.sportshine.eu\/it\/wp-json\/wp\/v2\/product_cat?post=6467"},{"taxonomy":"product_tag","embeddable":true,"href":"https:\/\/www.sportshine.eu\/it\/wp-json\/wp\/v2\/product_tag?post=6467"}],"curies":[{"name":"parola chiave","href":"https:\/\/api.w.org\/{rel}","templated":true}]}}