{"id":6465,"date":"2025-07-05T19:57:24","date_gmt":"2025-07-05T19:57:24","guid":{"rendered":"https:\/\/www.sportshine.eu\/?post_type=product&#038;p=6465"},"modified":"2025-11-14T22:26:56","modified_gmt":"2025-11-14T22:26:56","slug":"luce-per-bicicletta-magicshine-allty-1500s","status":"publish","type":"product","link":"https:\/\/www.sportshine.eu\/it\/negozio\/luce-per-bicicletta-magicshine-allty-1500s\/","title":{"rendered":"Luce per bicicletta Magicshine ALLTY 1500S"},"content":{"rendered":"<h3 style=\"text-align: center;\">VIDEO<\/h3>\n<p><iframe loading=\"lazy\" title=\"Luce per bicicletta MAGICSHINE ALLTY1500S\" width=\"500\" height=\"281\" src=\"https:\/\/www.youtube.com\/embed\/9Nmtg-7bCJY?feature=oembed\" frameborder=\"0\" allow=\"accelerometer; autoplay; clipboard-write; encrypted-media; gyroscope; picture-in-picture; web-share\" referrerpolicy=\"strict-origin-when-cross-origin\" allowfullscreen><\/iframe><\/p>\n<h3 style=\"text-align: center;\">ILLUMINA IL TUO CAMMINO<\/h3>\n<p style=\"text-align: center;\">Il faro principale proietta un fascio luminoso potente da 1500 lumen ed \u00e8 dotato anche di luce diurna sempre accesa, garantendo un&#039;eccellente visibilit\u00e0 anche di giorno.<\/p>\n<p><img decoding=\"async\" class=\"aligncenter wp-image-7230\" src=\"https:\/\/www.sportshine.eu\/wp-content\/uploads\/2025\/07\/Kolesarska-luc-Magicshine-ALLTY-1500S-7.webp\" alt=\"\" width=\"800\" height=\"600\" \/><\/p>\n<h3 style=\"text-align: center;\">DISPLAY OLED<\/h3>\n<p style=\"text-align: center;\">Visualizza il livello rimanente della batteria, la modalit\u00e0 e il tempo di funzionamento disponibile con precisione minuto per minuto, semplificando la pianificazione.<\/p>\n<p><img decoding=\"async\" class=\"aligncenter wp-image-7231\" src=\"https:\/\/www.sportshine.eu\/wp-content\/uploads\/2025\/07\/Kolesarska-luc-Magicshine-ALLTY-1500S-8.webp\" alt=\"\" width=\"800\" height=\"600\" \/><\/p>\n<h3 style=\"text-align: center;\">BATTERIA RIMOVIBILE A LUNGA DURATA<\/h3>\n<p style=\"text-align: center;\">La batteria pu\u00f2 essere facilmente rimossa o sostituita senza attrezzi, semplicemente premendo un pulsante. \u00c8 alimentato da una batteria sostituibile da 5000 mAh che si ricarica tramite USB-C e offre fino a 31 ore di autonomia massima.<\/p>\n<p><img decoding=\"async\" class=\"aligncenter wp-image-7232\" src=\"https:\/\/www.sportshine.eu\/wp-content\/uploads\/2025\/07\/Kolesarska-luc-Magicshine-ALLTY-1500S9.webp\" alt=\"\" width=\"800\" height=\"600\" \/><\/p>\n<h3 style=\"text-align: center;\">TELECOMANDO SENZA FILI<\/h3>\n<p style=\"text-align: center;\">Il telecomando senza fili consente un controllo semplice e preciso e passa alla modalit\u00e0 a piena potenza con il semplice clic di un pulsante.<\/p>\n<p><img decoding=\"async\" class=\"aligncenter wp-image-7233\" src=\"https:\/\/www.sportshine.eu\/wp-content\/uploads\/2025\/07\/ALLTY_1500S_4.webp\" alt=\"\" width=\"800\" height=\"600\" \/><\/p>\n<h3 style=\"text-align: center;\">PERSONALIZZAZIONE TRAMITE L&#039;APPLICAZIONE<\/h3>\n<p style=\"text-align: center;\">Personalizza le modalit\u00e0 operative, attiva il sensore luminoso\/vibrazione o imposta i modelli di lampeggiamento SOS preferiti tramite l&#039;app.<br \/>\n*L&#039;app supporta fino a 20 modalit\u00e0 personalizzate.<\/p>\n<p><img decoding=\"async\" class=\"aligncenter wp-image-7234\" src=\"https:\/\/www.sportshine.eu\/wp-content\/uploads\/2025\/07\/ALLTY_1500S_5.webp\" alt=\"\" width=\"800\" height=\"600\" \/><\/p>\n<h3 style=\"text-align: center;\">TORNA A CASA SALVO<\/h3>\n<p style=\"text-align: center;\">Quando la batteria \u00e8 scarica, si attiva la modalit\u00e0 di risparmio energetico, che mantiene la luce accesa e ti consente di arrivare a casa in sicurezza.<\/p>\n<p><img decoding=\"async\" class=\"aligncenter wp-image-7235\" src=\"https:\/\/www.sportshine.eu\/wp-content\/uploads\/2025\/07\/ALLTY_1500S_7.webp\" alt=\"\" width=\"800\" height=\"600\" \/><\/p>","protected":false},"excerpt":{"rendered":"<p>La luce per bicicletta ALLTY 1500S riprende il design classico ed elegante del vecchio modello ALLTY 1500 e vanta un faro ad alta potenza con una luminosit\u00e0 massima di 1500 lumen e una luce diurna sempre accesa, garantendo la tua sicurezza di giorno e di notte.<\/p>\n<p><span style=\"color: #008000;\">\u2714<\/span> Luminosit\u00e0 massima: 1500 lumen<br \/>\n<span style=\"color: #008000;\">\u2714<\/span> Durata massima: 31 ore<br \/>\n<span style=\"color: #008000;\">\u2714<\/span> Batteria rimovibile: 3,6 V 5000 mAh<br \/>\n<span style=\"color: #008000;\">\u2714<\/span> Display OLED: S\u00ec<br \/>\n<span style=\"color: #008000;\">\u2714<\/span> Telecomando wireless: S\u00ec<br \/>\n<span style=\"color: #008000;\">\u2714<\/span> Personalizzazione tramite app: S\u00ec<br \/>\n<span style=\"color: #008000;\">\u2714<\/span> Luce diurna: S\u00ec<br \/>\n<span style=\"color: #008000;\">\u2714<\/span> Caricabatterie: USB-C<\/p>\n<p>&nbsp;<\/p>","protected":false},"featured_media":5999,"comment_status":"open","ping_status":"closed","template":"","meta":[],"product_brand":[131],"product_cat":[82,150],"product_tag":[],"class_list":{"0":"post-6465","1":"product","2":"type-product","3":"status-publish","4":"has-post-thumbnail","6":"product_brand-magicshine","7":"product_cat-kolesarske-luci","8":"product_cat-sprednje-kolesarske-luci","10":"first","11":"instock","12":"sale","13":"taxable","14":"shipping-taxable","15":"purchasable","16":"product-type-simple"},"yoast_head":"<!-- This site is optimized with the Yoast SEO plugin v27.3 - https:\/\/yoast.com\/product\/yoast-seo-wordpress\/ -->\n<title>Kolesarska lu\u010d Magicshine ALLTY 1500S<\/title>\n<meta name=\"description\" content=\"Kolesarska lu\u010d Magicshine ALLTY 1500S nadaljuje klasi\u010den, eleganten dizajn prej\u0161njega modela in se pona\u0161a z glavno lu\u010djo, ki uporablja visoko mo\u010d.\" \/>\n<meta name=\"robots\" content=\"index, follow, max-snippet:-1, max-image-preview:large, max-video-preview:-1\" \/>\n<link rel=\"canonical\" href=\"https:\/\/www.sportshine.eu\/it\/negozio\/luce-per-bicicletta-magicshine-allty-1500s\/\" \/>\n<meta property=\"og:locale\" content=\"it_IT\" \/>\n<meta property=\"og:type\" content=\"article\" \/>\n<meta property=\"og:title\" content=\"Kolesarska lu\u010d Magicshine ALLTY 1500S\" \/>\n<meta property=\"og:description\" content=\"Kolesarska lu\u010d Magicshine ALLTY 1500S nadaljuje klasi\u010den, eleganten dizajn prej\u0161njega modela in se pona\u0161a z glavno lu\u010djo, ki uporablja visoko mo\u010d.\" \/>\n<meta property=\"og:url\" content=\"https:\/\/www.sportshine.eu\/it\/negozio\/luce-per-bicicletta-magicshine-allty-1500s\/\" \/>\n<meta property=\"og:site_name\" content=\"Sportshine\" \/>\n<meta property=\"article:publisher\" content=\"https:\/\/www.facebook.com\/sportshine.eu\/\" \/>\n<meta property=\"article:modified_time\" content=\"2025-11-14T22:26:56+00:00\" \/>\n<meta property=\"og:image\" content=\"https:\/\/www.sportshine.eu\/wp-content\/uploads\/2025\/07\/Kolesarska-luc-Magicshine-ALLTY-1500S.webp\" \/>\n\t<meta property=\"og:image:width\" content=\"800\" \/>\n\t<meta property=\"og:image:height\" content=\"800\" \/>\n\t<meta property=\"og:image:type\" content=\"image\/webp\" \/>\n<meta name=\"twitter:card\" content=\"summary_large_image\" \/>\n<meta name=\"twitter:label1\" content=\"Tempo di lettura stimato\" \/>\n\t<meta name=\"twitter:data1\" content=\"3 minuti\" \/>\n<script type=\"application\/ld+json\" class=\"yoast-schema-graph\">{\"@context\":\"https:\\\/\\\/schema.org\",\"@graph\":[{\"@type\":\"WebPage\",\"@id\":\"https:\\\/\\\/www.sportshine.eu\\\/trgovina\\\/kolesarska-luc-magicshine-allty-1500s\\\/\",\"url\":\"https:\\\/\\\/www.sportshine.eu\\\/trgovina\\\/kolesarska-luc-magicshine-allty-1500s\\\/\",\"name\":\"Kolesarska lu\u010d Magicshine ALLTY 1500S\",\"isPartOf\":{\"@id\":\"https:\\\/\\\/www.sportshine.eu\\\/#website\"},\"primaryImageOfPage\":{\"@id\":\"https:\\\/\\\/www.sportshine.eu\\\/trgovina\\\/kolesarska-luc-magicshine-allty-1500s\\\/#primaryimage\"},\"image\":{\"@id\":\"https:\\\/\\\/www.sportshine.eu\\\/trgovina\\\/kolesarska-luc-magicshine-allty-1500s\\\/#primaryimage\"},\"thumbnailUrl\":\"https:\\\/\\\/www.sportshine.eu\\\/wp-content\\\/uploads\\\/2025\\\/07\\\/Kolesarska-luc-Magicshine-ALLTY-1500S.webp\",\"datePublished\":\"2025-07-05T19:57:24+00:00\",\"dateModified\":\"2025-11-14T22:26:56+00:00\",\"description\":\"Kolesarska lu\u010d Magicshine ALLTY 1500S nadaljuje klasi\u010den, eleganten dizajn prej\u0161njega modela in se pona\u0161a z glavno lu\u010djo, ki uporablja visoko mo\u010d.\",\"breadcrumb\":{\"@id\":\"https:\\\/\\\/www.sportshine.eu\\\/trgovina\\\/kolesarska-luc-magicshine-allty-1500s\\\/#breadcrumb\"},\"inLanguage\":\"it-IT\",\"potentialAction\":[{\"@type\":\"ReadAction\",\"target\":[\"https:\\\/\\\/www.sportshine.eu\\\/trgovina\\\/kolesarska-luc-magicshine-allty-1500s\\\/\"]}]},{\"@type\":\"ImageObject\",\"inLanguage\":\"it-IT\",\"@id\":\"https:\\\/\\\/www.sportshine.eu\\\/trgovina\\\/kolesarska-luc-magicshine-allty-1500s\\\/#primaryimage\",\"url\":\"https:\\\/\\\/www.sportshine.eu\\\/wp-content\\\/uploads\\\/2025\\\/07\\\/Kolesarska-luc-Magicshine-ALLTY-1500S.webp\",\"contentUrl\":\"https:\\\/\\\/www.sportshine.eu\\\/wp-content\\\/uploads\\\/2025\\\/07\\\/Kolesarska-luc-Magicshine-ALLTY-1500S.webp\",\"width\":800,\"height\":800},{\"@type\":\"BreadcrumbList\",\"@id\":\"https:\\\/\\\/www.sportshine.eu\\\/trgovina\\\/kolesarska-luc-magicshine-allty-1500s\\\/#breadcrumb\",\"itemListElement\":[{\"@type\":\"ListItem\",\"position\":1,\"name\":\"Home\",\"item\":\"https:\\\/\\\/www.sportshine.eu\\\/\"},{\"@type\":\"ListItem\",\"position\":2,\"name\":\"Trgovina\",\"item\":\"https:\\\/\\\/www.sportshine.eu\\\/trgovina\\\/\"},{\"@type\":\"ListItem\",\"position\":3,\"name\":\"Kolesarska lu\u010d Magicshine ALLTY 1500S\"}]},{\"@type\":\"WebSite\",\"@id\":\"https:\\\/\\\/www.sportshine.eu\\\/#website\",\"url\":\"https:\\\/\\\/www.sportshine.eu\\\/\",\"name\":\"Sportshine\",\"description\":\"Top spletna trgovina kolesarskih in naglavnih svetilk ter opreme\",\"publisher\":{\"@id\":\"https:\\\/\\\/www.sportshine.eu\\\/#organization\"},\"potentialAction\":[{\"@type\":\"SearchAction\",\"target\":{\"@type\":\"EntryPoint\",\"urlTemplate\":\"https:\\\/\\\/www.sportshine.eu\\\/?s={search_term_string}\"},\"query-input\":{\"@type\":\"PropertyValueSpecification\",\"valueRequired\":true,\"valueName\":\"search_term_string\"}}],\"inLanguage\":\"it-IT\"},{\"@type\":\"Organization\",\"@id\":\"https:\\\/\\\/www.sportshine.eu\\\/#organization\",\"name\":\"Sportshine\",\"url\":\"https:\\\/\\\/www.sportshine.eu\\\/\",\"logo\":{\"@type\":\"ImageObject\",\"inLanguage\":\"it-IT\",\"@id\":\"https:\\\/\\\/www.sportshine.eu\\\/#\\\/schema\\\/logo\\\/image\\\/\",\"url\":\"https:\\\/\\\/www.sportshine.eu\\\/wp-content\\\/uploads\\\/2026\\\/01\\\/cropped-Sportshine.webp\",\"contentUrl\":\"https:\\\/\\\/www.sportshine.eu\\\/wp-content\\\/uploads\\\/2026\\\/01\\\/cropped-Sportshine.webp\",\"width\":295,\"height\":128,\"caption\":\"Sportshine\"},\"image\":{\"@id\":\"https:\\\/\\\/www.sportshine.eu\\\/#\\\/schema\\\/logo\\\/image\\\/\"},\"sameAs\":[\"https:\\\/\\\/www.facebook.com\\\/sportshine.eu\\\/\"]}]}<\/script>\n<!-- \/ Yoast SEO plugin. -->","yoast_head_json":{"title":"Luce per bicicletta Magicshine ALLTY 1500S","description":"La luce per bici Magicshine ALLTY 1500S ripropone il design classico ed elegante del modello precedente e vanta un faro ad alta potenza.","robots":{"index":"index","follow":"follow","max-snippet":"max-snippet:-1","max-image-preview":"max-image-preview:large","max-video-preview":"max-video-preview:-1"},"canonical":"https:\/\/www.sportshine.eu\/it\/negozio\/luce-per-bicicletta-magicshine-allty-1500s\/","og_locale":"it_IT","og_type":"article","og_title":"Kolesarska lu\u010d Magicshine ALLTY 1500S","og_description":"Kolesarska lu\u010d Magicshine ALLTY 1500S nadaljuje klasi\u010den, eleganten dizajn prej\u0161njega modela in se pona\u0161a z glavno lu\u010djo, ki uporablja visoko mo\u010d.","og_url":"https:\/\/www.sportshine.eu\/it\/negozio\/luce-per-bicicletta-magicshine-allty-1500s\/","og_site_name":"Sportshine","article_publisher":"https:\/\/www.facebook.com\/sportshine.eu\/","article_modified_time":"2025-11-14T22:26:56+00:00","og_image":[{"width":800,"height":800,"url":"https:\/\/www.sportshine.eu\/wp-content\/uploads\/2025\/07\/Kolesarska-luc-Magicshine-ALLTY-1500S.webp","type":"image\/webp"}],"twitter_card":"summary_large_image","twitter_misc":{"Tempo di lettura stimato":"3 minuti"},"schema":{"@context":"https:\/\/schema.org","@graph":[{"@type":"WebPage","@id":"https:\/\/www.sportshine.eu\/trgovina\/kolesarska-luc-magicshine-allty-1500s\/","url":"https:\/\/www.sportshine.eu\/trgovina\/kolesarska-luc-magicshine-allty-1500s\/","name":"Luce per bicicletta Magicshine ALLTY 1500S","isPartOf":{"@id":"https:\/\/www.sportshine.eu\/#website"},"primaryImageOfPage":{"@id":"https:\/\/www.sportshine.eu\/trgovina\/kolesarska-luc-magicshine-allty-1500s\/#primaryimage"},"image":{"@id":"https:\/\/www.sportshine.eu\/trgovina\/kolesarska-luc-magicshine-allty-1500s\/#primaryimage"},"thumbnailUrl":"https:\/\/www.sportshine.eu\/wp-content\/uploads\/2025\/07\/Kolesarska-luc-Magicshine-ALLTY-1500S.webp","datePublished":"2025-07-05T19:57:24+00:00","dateModified":"2025-11-14T22:26:56+00:00","description":"La luce per bici Magicshine ALLTY 1500S ripropone il design classico ed elegante del modello precedente e vanta un faro ad alta potenza.","breadcrumb":{"@id":"https:\/\/www.sportshine.eu\/trgovina\/kolesarska-luc-magicshine-allty-1500s\/#breadcrumb"},"inLanguage":"it-IT","potentialAction":[{"@type":"ReadAction","target":["https:\/\/www.sportshine.eu\/trgovina\/kolesarska-luc-magicshine-allty-1500s\/"]}]},{"@type":"ImageObject","inLanguage":"it-IT","@id":"https:\/\/www.sportshine.eu\/trgovina\/kolesarska-luc-magicshine-allty-1500s\/#primaryimage","url":"https:\/\/www.sportshine.eu\/wp-content\/uploads\/2025\/07\/Kolesarska-luc-Magicshine-ALLTY-1500S.webp","contentUrl":"https:\/\/www.sportshine.eu\/wp-content\/uploads\/2025\/07\/Kolesarska-luc-Magicshine-ALLTY-1500S.webp","width":800,"height":800},{"@type":"BreadcrumbList","@id":"https:\/\/www.sportshine.eu\/trgovina\/kolesarska-luc-magicshine-allty-1500s\/#breadcrumb","itemListElement":[{"@type":"ListItem","position":1,"name":"Home","item":"https:\/\/www.sportshine.eu\/"},{"@type":"ListItem","position":2,"name":"Trgovina","item":"https:\/\/www.sportshine.eu\/trgovina\/"},{"@type":"ListItem","position":3,"name":"Kolesarska lu\u010d Magicshine ALLTY 1500S"}]},{"@type":"WebSite","@id":"https:\/\/www.sportshine.eu\/#website","url":"https:\/\/www.sportshine.eu\/","name":"Sportshine","description":"Il miglior negozio online per ciclismo, lampade frontali e attrezzature","publisher":{"@id":"https:\/\/www.sportshine.eu\/#organization"},"potentialAction":[{"@type":"SearchAction","target":{"@type":"EntryPoint","urlTemplate":"https:\/\/www.sportshine.eu\/?s={search_term_string}"},"query-input":{"@type":"PropertyValueSpecification","valueRequired":true,"valueName":"search_term_string"}}],"inLanguage":"it-IT"},{"@type":"Organization","@id":"https:\/\/www.sportshine.eu\/#organization","name":"Sportshine","url":"https:\/\/www.sportshine.eu\/","logo":{"@type":"ImageObject","inLanguage":"it-IT","@id":"https:\/\/www.sportshine.eu\/#\/schema\/logo\/image\/","url":"https:\/\/www.sportshine.eu\/wp-content\/uploads\/2026\/01\/cropped-Sportshine.webp","contentUrl":"https:\/\/www.sportshine.eu\/wp-content\/uploads\/2026\/01\/cropped-Sportshine.webp","width":295,"height":128,"caption":"Sportshine"},"image":{"@id":"https:\/\/www.sportshine.eu\/#\/schema\/logo\/image\/"},"sameAs":["https:\/\/www.facebook.com\/sportshine.eu\/"]}]}},"_links":{"self":[{"href":"https:\/\/www.sportshine.eu\/it\/wp-json\/wp\/v2\/product\/6465","targetHints":{"allow":["GET"]}}],"collection":[{"href":"https:\/\/www.sportshine.eu\/it\/wp-json\/wp\/v2\/product"}],"about":[{"href":"https:\/\/www.sportshine.eu\/it\/wp-json\/wp\/v2\/types\/product"}],"replies":[{"embeddable":true,"href":"https:\/\/www.sportshine.eu\/it\/wp-json\/wp\/v2\/comments?post=6465"}],"version-history":[{"count":0,"href":"https:\/\/www.sportshine.eu\/it\/wp-json\/wp\/v2\/product\/6465\/revisions"}],"wp:featuredmedia":[{"embeddable":true,"href":"https:\/\/www.sportshine.eu\/it\/wp-json\/wp\/v2\/media\/5999"}],"wp:attachment":[{"href":"https:\/\/www.sportshine.eu\/it\/wp-json\/wp\/v2\/media?parent=6465"}],"wp:term":[{"taxonomy":"product_brand","embeddable":true,"href":"https:\/\/www.sportshine.eu\/it\/wp-json\/wp\/v2\/product_brand?post=6465"},{"taxonomy":"product_cat","embeddable":true,"href":"https:\/\/www.sportshine.eu\/it\/wp-json\/wp\/v2\/product_cat?post=6465"},{"taxonomy":"product_tag","embeddable":true,"href":"https:\/\/www.sportshine.eu\/it\/wp-json\/wp\/v2\/product_tag?post=6465"}],"curies":[{"name":"parola chiave","href":"https:\/\/api.w.org\/{rel}","templated":true}]}}