{"id":6463,"date":"2025-07-05T19:57:22","date_gmt":"2025-07-05T19:57:22","guid":{"rendered":"https:\/\/www.sportshine.eu\/?post_type=product&#038;p=6463"},"modified":"2026-04-19T09:15:18","modified_gmt":"2026-04-19T09:15:18","slug":"fanale-posteriore-per-bicicletta-con-telecamera-magicshine-seemee-dv","status":"publish","type":"product","link":"https:\/\/www.sportshine.eu\/it\/negozio\/fanale-posteriore-per-bicicletta-con-telecamera-magicshine-seemee-dv\/","title":{"rendered":"Luce posteriore per bicicletta con telecamera MAGICSHINE SEEMEE DV"},"content":{"rendered":"<h3 style=\"text-align: center;\">SEMPRE IN REGISTRAZIONE, ANCHE IN CASO DI INCIDENTE<\/h3>\n<p style=\"text-align: center;\">Dimentica lo spazio insufficiente sulla scheda SD (inclusa) grazie alla registrazione intelligente che ti permette di catturare pi\u00f9 dettagli del tuo viaggio. Seemee DV pu\u00f2 anche bloccare automaticamente le riprese degli incidenti, aiutandoti a identificare i responsabili quando ne hai pi\u00f9 bisogno. Puoi regolare la sensibilit\u00e0 del sensore tramite l&#039;app per evitare attivazioni inaspettate.<\/p>\n<p><img decoding=\"async\" class=\"aligncenter wp-image-7345\" src=\"https:\/\/www.sportshine.eu\/wp-content\/uploads\/2025\/07\/Seemee-dv-Magicshine.webp\" alt=\"Seemee dv Magicshine\" width=\"800\" height=\"600\" \/><\/p>\n<h3 style=\"text-align: center;\">REGISTRAZIONE 1080P CON OBIETTIVO GRANDANGOLARE E ANGOLO DI VISUALIZZAZIONE DI 146\u00b0<\/h3>\n<p style=\"text-align: center;\">Non perderti neanche un dettaglio della strada: l&#039;obiettivo ultra-grandangolare della SEEMEE DV con angolo di visione di 146\u00b0 cattura ogni dettaglio con una straordinaria risoluzione di 1080p a 30 fotogrammi al secondo.<\/p>\n<p><img decoding=\"async\" class=\"aligncenter wp-image-7346\" src=\"https:\/\/www.sportshine.eu\/wp-content\/uploads\/2025\/07\/Magicshine-SEEMEE-DV-luc.webp\" alt=\"\" width=\"1000\" height=\"563\" srcset=\"https:\/\/www.sportshine.eu\/wp-content\/uploads\/2025\/07\/Magicshine-SEEMEE-DV-luc-768x432.webp 768w, https:\/\/www.sportshine.eu\/wp-content\/uploads\/2025\/07\/Magicshine-SEEMEE-DV-luc-600x338.webp 600w\" sizes=\"(max-width: 1000px) 100vw, 1000px\" \/><\/p>\n<h3 style=\"text-align: center;\">PRESENTAZIONE VIDEO DI MAGICSHINE SEEMEE DV<\/h3>\n<p><iframe loading=\"lazy\" title=\"Fanale posteriore per telecamera DV MAGICHSINE SEEMEE\" width=\"500\" height=\"281\" src=\"https:\/\/www.youtube.com\/embed\/Y81hEKbTRsw?feature=oembed\" frameborder=\"0\" allow=\"accelerometer; autoplay; clipboard-write; encrypted-media; gyroscope; picture-in-picture; web-share\" referrerpolicy=\"strict-origin-when-cross-origin\" allowfullscreen><\/iframe><\/p>\n<h3 style=\"text-align: center;\">FUNZIONA CON L&#039;APP<\/h3>\n<p style=\"text-align: center;\">Accedi facilmente ai tuoi filmati, condividi video o regola le impostazioni della videocamera, come la sensibilit\u00e0 del sensore, tramite l&#039;app. Collega SEEMEE DV al tuo smartphone tramite Wi-Fi; consulta il manuale incluso per le istruzioni di connessione.<\/p>\n<p><img decoding=\"async\" class=\"aligncenter wp-image-7347 size-full\" src=\"https:\/\/www.sportshine.eu\/wp-content\/uploads\/2025\/07\/Seemee-dv-Magicshine-1.webp\" alt=\"\" width=\"800\" height=\"800\" srcset=\"https:\/\/www.sportshine.eu\/wp-content\/uploads\/2025\/07\/Seemee-dv-Magicshine-1.webp 800w, https:\/\/www.sportshine.eu\/wp-content\/uploads\/2025\/07\/Seemee-dv-Magicshine-1-768x768.webp 768w, https:\/\/www.sportshine.eu\/wp-content\/uploads\/2025\/07\/Seemee-dv-Magicshine-1-600x600.webp 600w\" sizes=\"(max-width: 800px) 100vw, 800px\" \/><\/p>\n<h3 style=\"text-align: center;\">DOPPIA AZIONE<\/h3>\n<p style=\"text-align: center;\">Ci sono due interruttori sulla parte superiore. Uno per la luce posteriore e l&#039;altro per la registrazione. Quando la luce \u00e8 spenta, premere il pulsante di accensione per 3 secondi per visualizzare il livello di carica rimanente della batteria. I diversi colori dell&#039;indicatore indicano diversi livelli di carica. Quando la carica rimanente della batteria \u00e8 inferiore a 10%, la modalit\u00e0 di illuminazione passa alla modalit\u00e0 ECO FLASH. Durante questo periodo, la funzione DV \u00e8 disattivata.<\/p>\n<p style=\"text-align: center;\">VERDE: 21% \u2013 100%<br \/>\nROSSO: 11% \u2013 20%<br \/>\nROSSO LAMPEGGIANTE: 1% \u2013 10%<\/p>\n<p><img decoding=\"async\" class=\"aligncenter wp-image-7348\" src=\"https:\/\/www.sportshine.eu\/wp-content\/uploads\/2025\/07\/Seemee-dv-Magicshine-kolo.webp\" alt=\"\" width=\"800\" height=\"600\" \/><\/p>\n<h3 style=\"text-align: center;\">ALLOGGIAMENTO IN ALLUMINIO<\/h3>\n<p style=\"text-align: center;\">L&#039;alloggiamento in alluminio con parti in plastica contribuisce a realizzare una costruzione leggera ma robusta.<\/p>\n<p><img decoding=\"async\" class=\"aligncenter wp-image-7349 size-full\" src=\"https:\/\/www.sportshine.eu\/wp-content\/uploads\/2025\/07\/ZADNJA-KOLESARSKA-ZMOGLJIVA-LUC-1024x576-1.webp\" alt=\"\" width=\"1024\" height=\"576\" srcset=\"https:\/\/www.sportshine.eu\/wp-content\/uploads\/2025\/07\/ZADNJA-KOLESARSKA-ZMOGLJIVA-LUC-1024x576-1.webp 1024w, https:\/\/www.sportshine.eu\/wp-content\/uploads\/2025\/07\/ZADNJA-KOLESARSKA-ZMOGLJIVA-LUC-1024x576-1-768x432.webp 768w, https:\/\/www.sportshine.eu\/wp-content\/uploads\/2025\/07\/ZADNJA-KOLESARSKA-ZMOGLJIVA-LUC-1024x576-1-600x338.webp 600w\" sizes=\"(max-width: 1024px) 100vw, 1024px\" \/><\/p>\n<h3 style=\"text-align: center;\">IMPERMEABILE SECONDO LO STANDARD IPX6 \u2013 PER TUTTE LE CONDIZIONI ATMOSFERICHE<\/h3>\n<p><img decoding=\"async\" class=\"aligncenter wp-image-7350\" src=\"https:\/\/www.sportshine.eu\/wp-content\/uploads\/2025\/07\/Seemee-DV-Magicshine-kolo-luc.webp\" alt=\"\" width=\"800\" height=\"600\" \/><\/p>\n<h3 style=\"text-align: center;\">RICEVERAI NEL PACCO<\/h3>\n<p style=\"text-align: center;\">1 * Fanale posteriore SEEMEE DV<br \/>\n1 scheda microSD da 16 GB<br \/>\n1 * staffa di montaggio<br \/>\n1 * cavo di ricarica USB-C<\/p>\n<p><img decoding=\"async\" class=\"aligncenter wp-image-7351\" src=\"https:\/\/www.sportshine.eu\/wp-content\/uploads\/2025\/07\/Zadnja-kolesarska-svetilka-Magicshine-SEEMEE-DV.webp\" alt=\"\" width=\"800\" height=\"600\" \/><\/p>\n<h3 style=\"text-align: center;\">ISTRUZIONI VIDEO PER L&#039;USO DI MAGICSHINE SEEMEE DV<\/h3>\n<p><iframe loading=\"lazy\" title=\"Tutorial sul funzionamento di MAGICSHINE SEEMEE DV\" width=\"500\" height=\"281\" src=\"https:\/\/www.youtube.com\/embed\/DNRsbgROYIQ?feature=oembed\" frameborder=\"0\" allow=\"accelerometer; autoplay; clipboard-write; encrypted-media; gyroscope; picture-in-picture; web-share\" referrerpolicy=\"strict-origin-when-cross-origin\" allowfullscreen><\/iframe><\/p>\n<h3><\/h3>\n<h3 style=\"text-align: center;\">TEST VIDEO DELLA LUCE PER BICICLETTE MAGICSHINE SEEMEE DV<\/h3>\n<p><iframe loading=\"lazy\" title=\"La combinazione conveniente di telecamera e fanale posteriore - Recensione della telecamera per bici Magicshine Seemee DV\" width=\"500\" height=\"281\" src=\"https:\/\/www.youtube.com\/embed\/KRrzR6Xz-fE?feature=oembed\" frameborder=\"0\" allow=\"accelerometer; autoplay; clipboard-write; encrypted-media; gyroscope; picture-in-picture; web-share\" referrerpolicy=\"strict-origin-when-cross-origin\" allowfullscreen><\/iframe><\/p>","protected":false},"excerpt":{"rendered":"<p>La luce per bici premium della rinomata azienda Magicshine con telecamera HD integrata ti mantiene visibile e pi\u00f9 sicuro sulla strada, permettendoti anche di registrare il traffico dietro di te. \u00c8 dotata di una batteria agli ioni di litio da 3400 mAh integrata, una telecamera HD 1080P e una luce posteriore da 30 lumen.<\/p>","protected":false},"featured_media":5986,"comment_status":"open","ping_status":"closed","template":"","meta":[],"product_brand":[131],"product_cat":[82,86],"product_tag":[],"class_list":{"0":"post-6463","1":"product","2":"type-product","3":"status-publish","4":"has-post-thumbnail","6":"product_brand-magicshine","7":"product_cat-kolesarske-luci","8":"product_cat-zadnje-kolesarske-luci","10":"first","11":"instock","12":"taxable","13":"shipping-taxable","14":"purchasable","15":"product-type-simple"},"yoast_head":"<!-- This site is optimized with the Yoast SEO plugin v27.3 - https:\/\/yoast.com\/product\/yoast-seo-wordpress\/ -->\n<title>Zadnja kolesarska lu\u010d s kamero MAGICSHINE SEEMEE DV<\/title>\n<meta name=\"description\" content=\"Zadnja kolesarska lu\u010d s kamero MAGICSHINE SEEMEE DV snema promet, ki se dogaja za vami. Vgrajeno ima HD kamero in svetilko z mo\u010djo 30 lumnov.\" \/>\n<meta name=\"robots\" content=\"index, follow, max-snippet:-1, max-image-preview:large, max-video-preview:-1\" \/>\n<link rel=\"canonical\" href=\"https:\/\/www.sportshine.eu\/it\/negozio\/fanale-posteriore-per-bicicletta-con-telecamera-magicshine-seemee-dv\/\" \/>\n<meta property=\"og:locale\" content=\"it_IT\" \/>\n<meta property=\"og:type\" content=\"article\" \/>\n<meta property=\"og:title\" content=\"Zadnja kolesarska lu\u010d s kamero MAGICSHINE SEEMEE DV\" \/>\n<meta property=\"og:description\" content=\"Zadnja kolesarska lu\u010d s kamero MAGICSHINE SEEMEE DV snema promet, ki se dogaja za vami. Vgrajeno ima HD kamero in svetilko z mo\u010djo 30 lumnov.\" \/>\n<meta property=\"og:url\" content=\"https:\/\/www.sportshine.eu\/it\/negozio\/fanale-posteriore-per-bicicletta-con-telecamera-magicshine-seemee-dv\/\" \/>\n<meta property=\"og:site_name\" content=\"Sportshine\" \/>\n<meta property=\"article:publisher\" content=\"https:\/\/www.facebook.com\/sportshine.eu\/\" \/>\n<meta property=\"article:modified_time\" content=\"2026-04-19T09:15:18+00:00\" \/>\n<meta property=\"og:image\" content=\"https:\/\/www.sportshine.eu\/wp-content\/uploads\/2025\/07\/kolesarska-luc-s-kamero.webp\" \/>\n\t<meta property=\"og:image:width\" content=\"720\" \/>\n\t<meta property=\"og:image:height\" content=\"720\" \/>\n\t<meta property=\"og:image:type\" content=\"image\/webp\" \/>\n<meta name=\"twitter:card\" content=\"summary_large_image\" \/>\n<meta name=\"twitter:label1\" content=\"Tempo di lettura stimato\" \/>\n\t<meta name=\"twitter:data1\" content=\"4 minuti\" \/>\n<script type=\"application\/ld+json\" class=\"yoast-schema-graph\">{\"@context\":\"https:\\\/\\\/schema.org\",\"@graph\":[{\"@type\":\"WebPage\",\"@id\":\"https:\\\/\\\/www.sportshine.eu\\\/trgovina\\\/zadnja-kolesarska-luc-s-kamero-magicshine-seemee-dv\\\/\",\"url\":\"https:\\\/\\\/www.sportshine.eu\\\/trgovina\\\/zadnja-kolesarska-luc-s-kamero-magicshine-seemee-dv\\\/\",\"name\":\"Zadnja kolesarska lu\u010d s kamero MAGICSHINE SEEMEE DV\",\"isPartOf\":{\"@id\":\"https:\\\/\\\/www.sportshine.eu\\\/#website\"},\"primaryImageOfPage\":{\"@id\":\"https:\\\/\\\/www.sportshine.eu\\\/trgovina\\\/zadnja-kolesarska-luc-s-kamero-magicshine-seemee-dv\\\/#primaryimage\"},\"image\":{\"@id\":\"https:\\\/\\\/www.sportshine.eu\\\/trgovina\\\/zadnja-kolesarska-luc-s-kamero-magicshine-seemee-dv\\\/#primaryimage\"},\"thumbnailUrl\":\"https:\\\/\\\/www.sportshine.eu\\\/wp-content\\\/uploads\\\/2025\\\/07\\\/kolesarska-luc-s-kamero.webp\",\"datePublished\":\"2025-07-05T19:57:22+00:00\",\"dateModified\":\"2026-04-19T09:15:18+00:00\",\"description\":\"Zadnja kolesarska lu\u010d s kamero MAGICSHINE SEEMEE DV snema promet, ki se dogaja za vami. Vgrajeno ima HD kamero in svetilko z mo\u010djo 30 lumnov.\",\"breadcrumb\":{\"@id\":\"https:\\\/\\\/www.sportshine.eu\\\/trgovina\\\/zadnja-kolesarska-luc-s-kamero-magicshine-seemee-dv\\\/#breadcrumb\"},\"inLanguage\":\"it-IT\",\"potentialAction\":[{\"@type\":\"ReadAction\",\"target\":[\"https:\\\/\\\/www.sportshine.eu\\\/trgovina\\\/zadnja-kolesarska-luc-s-kamero-magicshine-seemee-dv\\\/\"]}]},{\"@type\":\"ImageObject\",\"inLanguage\":\"it-IT\",\"@id\":\"https:\\\/\\\/www.sportshine.eu\\\/trgovina\\\/zadnja-kolesarska-luc-s-kamero-magicshine-seemee-dv\\\/#primaryimage\",\"url\":\"https:\\\/\\\/www.sportshine.eu\\\/wp-content\\\/uploads\\\/2025\\\/07\\\/kolesarska-luc-s-kamero.webp\",\"contentUrl\":\"https:\\\/\\\/www.sportshine.eu\\\/wp-content\\\/uploads\\\/2025\\\/07\\\/kolesarska-luc-s-kamero.webp\",\"width\":720,\"height\":720},{\"@type\":\"BreadcrumbList\",\"@id\":\"https:\\\/\\\/www.sportshine.eu\\\/trgovina\\\/zadnja-kolesarska-luc-s-kamero-magicshine-seemee-dv\\\/#breadcrumb\",\"itemListElement\":[{\"@type\":\"ListItem\",\"position\":1,\"name\":\"Home\",\"item\":\"https:\\\/\\\/www.sportshine.eu\\\/\"},{\"@type\":\"ListItem\",\"position\":2,\"name\":\"Trgovina\",\"item\":\"https:\\\/\\\/www.sportshine.eu\\\/trgovina\\\/\"},{\"@type\":\"ListItem\",\"position\":3,\"name\":\"Zadnja kolesarska lu\u010d s kamero MAGICSHINE SEEMEE DV\"}]},{\"@type\":\"WebSite\",\"@id\":\"https:\\\/\\\/www.sportshine.eu\\\/#website\",\"url\":\"https:\\\/\\\/www.sportshine.eu\\\/\",\"name\":\"Sportshine\",\"description\":\"Top spletna trgovina kolesarskih in naglavnih svetilk ter opreme\",\"publisher\":{\"@id\":\"https:\\\/\\\/www.sportshine.eu\\\/#organization\"},\"potentialAction\":[{\"@type\":\"SearchAction\",\"target\":{\"@type\":\"EntryPoint\",\"urlTemplate\":\"https:\\\/\\\/www.sportshine.eu\\\/?s={search_term_string}\"},\"query-input\":{\"@type\":\"PropertyValueSpecification\",\"valueRequired\":true,\"valueName\":\"search_term_string\"}}],\"inLanguage\":\"it-IT\"},{\"@type\":\"Organization\",\"@id\":\"https:\\\/\\\/www.sportshine.eu\\\/#organization\",\"name\":\"Sportshine\",\"url\":\"https:\\\/\\\/www.sportshine.eu\\\/\",\"logo\":{\"@type\":\"ImageObject\",\"inLanguage\":\"it-IT\",\"@id\":\"https:\\\/\\\/www.sportshine.eu\\\/#\\\/schema\\\/logo\\\/image\\\/\",\"url\":\"https:\\\/\\\/www.sportshine.eu\\\/wp-content\\\/uploads\\\/2026\\\/01\\\/cropped-Sportshine.webp\",\"contentUrl\":\"https:\\\/\\\/www.sportshine.eu\\\/wp-content\\\/uploads\\\/2026\\\/01\\\/cropped-Sportshine.webp\",\"width\":295,\"height\":128,\"caption\":\"Sportshine\"},\"image\":{\"@id\":\"https:\\\/\\\/www.sportshine.eu\\\/#\\\/schema\\\/logo\\\/image\\\/\"},\"sameAs\":[\"https:\\\/\\\/www.facebook.com\\\/sportshine.eu\\\/\"]}]}<\/script>\n<!-- \/ Yoast SEO plugin. -->","yoast_head_json":{"title":"Luce posteriore per bicicletta con telecamera MAGICSHINE SEEMEE DV","description":"La luce posteriore per bici MAGICSHINE SEEMEE DV registra il traffico dietro di te. \u00c8 dotata di una telecamera HD integrata e di una torcia da 30 lumen.","robots":{"index":"index","follow":"follow","max-snippet":"max-snippet:-1","max-image-preview":"max-image-preview:large","max-video-preview":"max-video-preview:-1"},"canonical":"https:\/\/www.sportshine.eu\/it\/negozio\/fanale-posteriore-per-bicicletta-con-telecamera-magicshine-seemee-dv\/","og_locale":"it_IT","og_type":"article","og_title":"Zadnja kolesarska lu\u010d s kamero MAGICSHINE SEEMEE DV","og_description":"Zadnja kolesarska lu\u010d s kamero MAGICSHINE SEEMEE DV snema promet, ki se dogaja za vami. Vgrajeno ima HD kamero in svetilko z mo\u010djo 30 lumnov.","og_url":"https:\/\/www.sportshine.eu\/it\/negozio\/fanale-posteriore-per-bicicletta-con-telecamera-magicshine-seemee-dv\/","og_site_name":"Sportshine","article_publisher":"https:\/\/www.facebook.com\/sportshine.eu\/","article_modified_time":"2026-04-19T09:15:18+00:00","og_image":[{"width":720,"height":720,"url":"https:\/\/www.sportshine.eu\/wp-content\/uploads\/2025\/07\/kolesarska-luc-s-kamero.webp","type":"image\/webp"}],"twitter_card":"summary_large_image","twitter_misc":{"Tempo di lettura stimato":"4 minuti"},"schema":{"@context":"https:\/\/schema.org","@graph":[{"@type":"WebPage","@id":"https:\/\/www.sportshine.eu\/trgovina\/zadnja-kolesarska-luc-s-kamero-magicshine-seemee-dv\/","url":"https:\/\/www.sportshine.eu\/trgovina\/zadnja-kolesarska-luc-s-kamero-magicshine-seemee-dv\/","name":"Luce posteriore per bicicletta con telecamera MAGICSHINE SEEMEE DV","isPartOf":{"@id":"https:\/\/www.sportshine.eu\/#website"},"primaryImageOfPage":{"@id":"https:\/\/www.sportshine.eu\/trgovina\/zadnja-kolesarska-luc-s-kamero-magicshine-seemee-dv\/#primaryimage"},"image":{"@id":"https:\/\/www.sportshine.eu\/trgovina\/zadnja-kolesarska-luc-s-kamero-magicshine-seemee-dv\/#primaryimage"},"thumbnailUrl":"https:\/\/www.sportshine.eu\/wp-content\/uploads\/2025\/07\/kolesarska-luc-s-kamero.webp","datePublished":"2025-07-05T19:57:22+00:00","dateModified":"2026-04-19T09:15:18+00:00","description":"La luce posteriore per bici MAGICSHINE SEEMEE DV registra il traffico dietro di te. \u00c8 dotata di una telecamera HD integrata e di una torcia da 30 lumen.","breadcrumb":{"@id":"https:\/\/www.sportshine.eu\/trgovina\/zadnja-kolesarska-luc-s-kamero-magicshine-seemee-dv\/#breadcrumb"},"inLanguage":"it-IT","potentialAction":[{"@type":"ReadAction","target":["https:\/\/www.sportshine.eu\/trgovina\/zadnja-kolesarska-luc-s-kamero-magicshine-seemee-dv\/"]}]},{"@type":"ImageObject","inLanguage":"it-IT","@id":"https:\/\/www.sportshine.eu\/trgovina\/zadnja-kolesarska-luc-s-kamero-magicshine-seemee-dv\/#primaryimage","url":"https:\/\/www.sportshine.eu\/wp-content\/uploads\/2025\/07\/kolesarska-luc-s-kamero.webp","contentUrl":"https:\/\/www.sportshine.eu\/wp-content\/uploads\/2025\/07\/kolesarska-luc-s-kamero.webp","width":720,"height":720},{"@type":"BreadcrumbList","@id":"https:\/\/www.sportshine.eu\/trgovina\/zadnja-kolesarska-luc-s-kamero-magicshine-seemee-dv\/#breadcrumb","itemListElement":[{"@type":"ListItem","position":1,"name":"Home","item":"https:\/\/www.sportshine.eu\/"},{"@type":"ListItem","position":2,"name":"Trgovina","item":"https:\/\/www.sportshine.eu\/trgovina\/"},{"@type":"ListItem","position":3,"name":"Zadnja kolesarska lu\u010d s kamero MAGICSHINE SEEMEE DV"}]},{"@type":"WebSite","@id":"https:\/\/www.sportshine.eu\/#website","url":"https:\/\/www.sportshine.eu\/","name":"Sportshine","description":"Il miglior negozio online per ciclismo, lampade frontali e attrezzature","publisher":{"@id":"https:\/\/www.sportshine.eu\/#organization"},"potentialAction":[{"@type":"SearchAction","target":{"@type":"EntryPoint","urlTemplate":"https:\/\/www.sportshine.eu\/?s={search_term_string}"},"query-input":{"@type":"PropertyValueSpecification","valueRequired":true,"valueName":"search_term_string"}}],"inLanguage":"it-IT"},{"@type":"Organization","@id":"https:\/\/www.sportshine.eu\/#organization","name":"Sportshine","url":"https:\/\/www.sportshine.eu\/","logo":{"@type":"ImageObject","inLanguage":"it-IT","@id":"https:\/\/www.sportshine.eu\/#\/schema\/logo\/image\/","url":"https:\/\/www.sportshine.eu\/wp-content\/uploads\/2026\/01\/cropped-Sportshine.webp","contentUrl":"https:\/\/www.sportshine.eu\/wp-content\/uploads\/2026\/01\/cropped-Sportshine.webp","width":295,"height":128,"caption":"Sportshine"},"image":{"@id":"https:\/\/www.sportshine.eu\/#\/schema\/logo\/image\/"},"sameAs":["https:\/\/www.facebook.com\/sportshine.eu\/"]}]}},"_links":{"self":[{"href":"https:\/\/www.sportshine.eu\/it\/wp-json\/wp\/v2\/product\/6463","targetHints":{"allow":["GET"]}}],"collection":[{"href":"https:\/\/www.sportshine.eu\/it\/wp-json\/wp\/v2\/product"}],"about":[{"href":"https:\/\/www.sportshine.eu\/it\/wp-json\/wp\/v2\/types\/product"}],"replies":[{"embeddable":true,"href":"https:\/\/www.sportshine.eu\/it\/wp-json\/wp\/v2\/comments?post=6463"}],"version-history":[{"count":2,"href":"https:\/\/www.sportshine.eu\/it\/wp-json\/wp\/v2\/product\/6463\/revisions"}],"predecessor-version":[{"id":10396,"href":"https:\/\/www.sportshine.eu\/it\/wp-json\/wp\/v2\/product\/6463\/revisions\/10396"}],"wp:featuredmedia":[{"embeddable":true,"href":"https:\/\/www.sportshine.eu\/it\/wp-json\/wp\/v2\/media\/5986"}],"wp:attachment":[{"href":"https:\/\/www.sportshine.eu\/it\/wp-json\/wp\/v2\/media?parent=6463"}],"wp:term":[{"taxonomy":"product_brand","embeddable":true,"href":"https:\/\/www.sportshine.eu\/it\/wp-json\/wp\/v2\/product_brand?post=6463"},{"taxonomy":"product_cat","embeddable":true,"href":"https:\/\/www.sportshine.eu\/it\/wp-json\/wp\/v2\/product_cat?post=6463"},{"taxonomy":"product_tag","embeddable":true,"href":"https:\/\/www.sportshine.eu\/it\/wp-json\/wp\/v2\/product_tag?post=6463"}],"curies":[{"name":"parola chiave","href":"https:\/\/api.w.org\/{rel}","templated":true}]}}