{"id":6454,"date":"2025-07-05T19:45:18","date_gmt":"2025-07-05T19:45:18","guid":{"rendered":"https:\/\/www.sportshine.eu\/?post_type=product&#038;p=6454"},"modified":"2026-04-15T22:32:00","modified_gmt":"2026-04-15T22:32:00","slug":"fanale-posteriore-magicshine-seemee-200-v3-0","status":"publish","type":"product","link":"https:\/\/www.sportshine.eu\/it\/negozio\/fanale-posteriore-magicshine-seemee-200-v3-0\/","title":{"rendered":"Fanale posteriore Magicshine SEEMEE 200 V3.0"},"content":{"rendered":"<h3 style=\"text-align: center;\">VIDEO<\/h3>\n<p><iframe loading=\"lazy\" title=\"Magicshine Seemee 200\" width=\"500\" height=\"281\" src=\"https:\/\/www.youtube.com\/embed\/39vjp4qnaJ0?feature=oembed\" frameborder=\"0\" allow=\"accelerometer; autoplay; clipboard-write; encrypted-media; gyroscope; picture-in-picture; web-share\" referrerpolicy=\"strict-origin-when-cross-origin\" allowfullscreen><\/iframe><\/p>\n<h3 style=\"text-align: center;\">INCREDIBILMENTE LUMINOSO<\/h3>\n<p style=\"text-align: center;\">Design accattivante con lavorazione di qualit\u00e0 e luminosit\u00e0 fino a 200 lumen.<\/p>\n<p><img decoding=\"async\" class=\"aligncenter wp-image-7365 size-full\" src=\"https:\/\/www.sportshine.eu\/wp-content\/uploads\/2025\/07\/Magicshine-SEEMEE-200-1.webp\" alt=\"\" width=\"800\" height=\"800\" srcset=\"https:\/\/www.sportshine.eu\/wp-content\/uploads\/2025\/07\/Magicshine-SEEMEE-200-1.webp 800w, https:\/\/www.sportshine.eu\/wp-content\/uploads\/2025\/07\/Magicshine-SEEMEE-200-1-768x768.webp 768w, https:\/\/www.sportshine.eu\/wp-content\/uploads\/2025\/07\/Magicshine-SEEMEE-200-1-600x600.webp 600w\" sizes=\"(max-width: 800px) 100vw, 800px\" \/><\/p>\n<h3 style=\"text-align: center;\">ANGOLO DI ILLUMINAZIONE DI 360 GRADI<\/h3>\n<p style=\"text-align: center;\">Proietta una luce rossa a 360\u00b0 sulla strada, aumentando notevolmente la visibilit\u00e0.<\/p>\n<p><img decoding=\"async\" class=\"aligncenter wp-image-7366 size-full\" src=\"https:\/\/www.sportshine.eu\/wp-content\/uploads\/2025\/07\/Magicshine-seemee-200-v3.0.webp\" alt=\"Magicshine SEEMEE 200 \" width=\"800\" height=\"800\" srcset=\"https:\/\/www.sportshine.eu\/wp-content\/uploads\/2025\/07\/Magicshine-seemee-200-v3.0.webp 800w, https:\/\/www.sportshine.eu\/wp-content\/uploads\/2025\/07\/Magicshine-seemee-200-v3.0-768x768.webp 768w, https:\/\/www.sportshine.eu\/wp-content\/uploads\/2025\/07\/Magicshine-seemee-200-v3.0-600x600.webp 600w\" sizes=\"(max-width: 800px) 100vw, 800px\" \/><\/p>\n<h3 style=\"text-align: center;\">SENSORE DI MOVIMENTO INTELLIGENTE<\/h3>\n<p style=\"text-align: center;\">Il sensore di movimento integrato passa automaticamente alla massima luminosit\u00e0 quando si preme il freno.<\/p>\n<p style=\"text-align: center;\">*SENSORE DI MOVIMENTO ATTIVO: quando il fanale posteriore \u00e8 spento, tenere premuto l&#039;interruttore per 3 secondi finch\u00e9 il fanale posteriore non si accende con la massima luminosit\u00e0 costante.<\/p>\n<p style=\"text-align: center;\">*SENSORE DI MOVIMENTO DISATTIVATO: quando la luce posteriore \u00e8 spenta, tenere premuto l&#039;interruttore per 3 secondi finch\u00e9 la luce non inizia a lampeggiare rapidamente alla massima luminosit\u00e0.<\/p>\n<p style=\"text-align: center;\">Ogni volta che accendi la luce, questa rilever\u00e0 automaticamente se il sensore di movimento \u00e8 attivo. Se il sensore di movimento \u00e8 attivo, l&#039;indicatore si illuminer\u00e0 di blu per 3 secondi. Se il sensore di movimento \u00e8 spento, l&#039;indicatore non si illuminer\u00e0.<\/p>\n<p><img decoding=\"async\" class=\"aligncenter wp-image-7368 size-full\" src=\"https:\/\/www.sportshine.eu\/wp-content\/uploads\/2025\/07\/Magicshine-SEEMEE-200-2.webp\" alt=\"Magicshine SEEMEE 200 \" width=\"800\" height=\"800\" srcset=\"https:\/\/www.sportshine.eu\/wp-content\/uploads\/2025\/07\/Magicshine-SEEMEE-200-2.webp 800w, https:\/\/www.sportshine.eu\/wp-content\/uploads\/2025\/07\/Magicshine-SEEMEE-200-2-768x768.webp 768w, https:\/\/www.sportshine.eu\/wp-content\/uploads\/2025\/07\/Magicshine-SEEMEE-200-2-600x600.webp 600w\" sizes=\"(max-width: 800px) 100vw, 800px\" \/><\/p>\n<h3 style=\"text-align: center;\">REGOLAZIONE AUTOMATICA DELLA LUMINOSIT\u00c0<\/h3>\n<p style=\"text-align: center;\">Il sensore di luce integrato regola automaticamente la luminosit\u00e0 in base alla luce ambientale e ti garantisce sempre la visibilit\u00e0.<\/p>\n<p><img decoding=\"async\" class=\"aligncenter wp-image-7369 size-full\" src=\"https:\/\/www.sportshine.eu\/wp-content\/uploads\/2025\/07\/Magicshine-SEEMEE-200-3.webp\" alt=\"Magicshine SEEMEE 200 \" width=\"800\" height=\"800\" srcset=\"https:\/\/www.sportshine.eu\/wp-content\/uploads\/2025\/07\/Magicshine-SEEMEE-200-3.webp 800w, https:\/\/www.sportshine.eu\/wp-content\/uploads\/2025\/07\/Magicshine-SEEMEE-200-3-768x768.webp 768w, https:\/\/www.sportshine.eu\/wp-content\/uploads\/2025\/07\/Magicshine-SEEMEE-200-3-600x600.webp 600w\" sizes=\"(max-width: 800px) 100vw, 800px\" \/><\/p>\n<h3 style=\"text-align: center;\">MODALIT\u00c0 A BASSO CONSUMO<\/h3>\n<p style=\"text-align: center;\">Quando la carica residua scende sotto 10%, passa automaticamente alla modalit\u00e0 ECO, che non pu\u00f2 essere regolata.<\/p>\n<p><img decoding=\"async\" class=\"aligncenter wp-image-7370 size-full\" src=\"https:\/\/www.sportshine.eu\/wp-content\/uploads\/2025\/07\/Magicshine-SEEMEE-200-4.webp\" alt=\"\" width=\"800\" height=\"800\" srcset=\"https:\/\/www.sportshine.eu\/wp-content\/uploads\/2025\/07\/Magicshine-SEEMEE-200-4.webp 800w, https:\/\/www.sportshine.eu\/wp-content\/uploads\/2025\/07\/Magicshine-SEEMEE-200-4-768x768.webp 768w, https:\/\/www.sportshine.eu\/wp-content\/uploads\/2025\/07\/Magicshine-SEEMEE-200-4-600x600.webp 600w\" sizes=\"(max-width: 800px) 100vw, 800px\" \/><\/p>","protected":false},"excerpt":{"rendered":"<p>Magicshine SEEMEE 200 V3.0 \u00e8 una potente luce per bicicletta progettata per tutti gli appassionati di ciclismo. Con una luminosit\u00e0 massima di 200 lumen e una visibilit\u00e0 di 260\u00b0, garantisce una visibilit\u00e0 eccezionale su strada. La luce di tracciamento a 360\u00b0 aumenta significativamente l&#039;efficacia dell&#039;avvertimento. Il sensore di movimento integrato passa automaticamente alla massima luminosit\u00e0 in frenata, mentre il sensore di luce regola l&#039;intensit\u00e0 in base alla luce del giorno. La luce ha una funzione di memoria e un indicatore di batteria e si ricarica tramite USB-C. \u00c8 impermeabile con un grado di protezione IPX6. In modalit\u00e0 di risparmio energetico, passa automaticamente alla modalit\u00e0 ECO quando la carica residua \u00e8 inferiore a 10%.<\/p>","protected":false},"featured_media":6015,"comment_status":"open","ping_status":"closed","template":"","meta":[],"product_brand":[131],"product_cat":[86],"product_tag":[],"class_list":{"0":"post-6454","1":"product","2":"type-product","3":"status-publish","4":"has-post-thumbnail","6":"product_brand-magicshine","7":"product_cat-zadnje-kolesarske-luci","9":"first","10":"instock","11":"taxable","12":"shipping-taxable","13":"purchasable","14":"product-type-simple"},"yoast_head":"<!-- This site is optimized with the Yoast SEO plugin v27.3 - https:\/\/yoast.com\/product\/yoast-seo-wordpress\/ -->\n<title>Magicshine SEEMEE 200 V3.0 zadnja lu\u010d<\/title>\n<meta name=\"robots\" content=\"index, follow, max-snippet:-1, max-image-preview:large, max-video-preview:-1\" \/>\n<link rel=\"canonical\" href=\"https:\/\/www.sportshine.eu\/it\/negozio\/fanale-posteriore-magicshine-seemee-200-v3-0\/\" \/>\n<meta property=\"og:locale\" content=\"it_IT\" \/>\n<meta property=\"og:type\" content=\"article\" \/>\n<meta property=\"og:title\" content=\"Magicshine SEEMEE 200 V3.0 zadnja lu\u010d\" \/>\n<meta property=\"og:description\" content=\"Magicshine SEEMEE 200 V3.0 je zmogljiva kolesarska lu\u010d namenjena vsem ljubiteljem kolesarjena. Z maksimalno svetilnostjo 200 lumnov in vidljivostjo osvetlitve 260\u00b0 zagotavlja izjemno vidnost na poti. 360\u00b0 sledilna lu\u010d znatno pove\u010duje u\u010dinkovitost opozarjanja. Vgrajeni senzor gibanja samodejno preklopi na najve\u010djo svetilnost ob zaviranju, medtem ko svetlobni senzor prilagaja svetilnost glede na svetlobo \u010dez dan. Lu\u010d ima funkcijo spomina in indikator baterije ter se polni prek USB-C. Vodoodporna je z oceno IPX 6. V na\u010dinu nizke porabe se pri preostali mo\u010di pod 10% samodejno preklopi na ECO na\u010din.\" \/>\n<meta property=\"og:url\" content=\"https:\/\/www.sportshine.eu\/it\/negozio\/fanale-posteriore-magicshine-seemee-200-v3-0\/\" \/>\n<meta property=\"og:site_name\" content=\"Sportshine\" \/>\n<meta property=\"article:publisher\" content=\"https:\/\/www.facebook.com\/sportshine.eu\/\" \/>\n<meta property=\"article:modified_time\" content=\"2026-04-15T22:32:00+00:00\" \/>\n<meta property=\"og:image\" content=\"https:\/\/www.sportshine.eu\/wp-content\/uploads\/2025\/07\/Magicshine-Seemee-200.webp\" \/>\n\t<meta property=\"og:image:width\" content=\"800\" \/>\n\t<meta property=\"og:image:height\" content=\"800\" \/>\n\t<meta property=\"og:image:type\" content=\"image\/webp\" \/>\n<meta name=\"twitter:card\" content=\"summary_large_image\" \/>\n<meta name=\"twitter:label1\" content=\"Tempo di lettura stimato\" \/>\n\t<meta name=\"twitter:data1\" content=\"2 minuti\" \/>\n<script type=\"application\/ld+json\" class=\"yoast-schema-graph\">{\"@context\":\"https:\\\/\\\/schema.org\",\"@graph\":[{\"@type\":\"WebPage\",\"@id\":\"https:\\\/\\\/www.sportshine.eu\\\/trgovina\\\/magicshine-seemee-200-v3-0-zadnja-luc\\\/\",\"url\":\"https:\\\/\\\/www.sportshine.eu\\\/trgovina\\\/magicshine-seemee-200-v3-0-zadnja-luc\\\/\",\"name\":\"Magicshine SEEMEE 200 V3.0 zadnja lu\u010d\",\"isPartOf\":{\"@id\":\"https:\\\/\\\/www.sportshine.eu\\\/#website\"},\"primaryImageOfPage\":{\"@id\":\"https:\\\/\\\/www.sportshine.eu\\\/trgovina\\\/magicshine-seemee-200-v3-0-zadnja-luc\\\/#primaryimage\"},\"image\":{\"@id\":\"https:\\\/\\\/www.sportshine.eu\\\/trgovina\\\/magicshine-seemee-200-v3-0-zadnja-luc\\\/#primaryimage\"},\"thumbnailUrl\":\"https:\\\/\\\/www.sportshine.eu\\\/wp-content\\\/uploads\\\/2025\\\/07\\\/Magicshine-Seemee-200.webp\",\"datePublished\":\"2025-07-05T19:45:18+00:00\",\"dateModified\":\"2026-04-15T22:32:00+00:00\",\"breadcrumb\":{\"@id\":\"https:\\\/\\\/www.sportshine.eu\\\/trgovina\\\/magicshine-seemee-200-v3-0-zadnja-luc\\\/#breadcrumb\"},\"inLanguage\":\"it-IT\",\"potentialAction\":[{\"@type\":\"ReadAction\",\"target\":[\"https:\\\/\\\/www.sportshine.eu\\\/trgovina\\\/magicshine-seemee-200-v3-0-zadnja-luc\\\/\"]}]},{\"@type\":\"ImageObject\",\"inLanguage\":\"it-IT\",\"@id\":\"https:\\\/\\\/www.sportshine.eu\\\/trgovina\\\/magicshine-seemee-200-v3-0-zadnja-luc\\\/#primaryimage\",\"url\":\"https:\\\/\\\/www.sportshine.eu\\\/wp-content\\\/uploads\\\/2025\\\/07\\\/Magicshine-Seemee-200.webp\",\"contentUrl\":\"https:\\\/\\\/www.sportshine.eu\\\/wp-content\\\/uploads\\\/2025\\\/07\\\/Magicshine-Seemee-200.webp\",\"width\":800,\"height\":800},{\"@type\":\"BreadcrumbList\",\"@id\":\"https:\\\/\\\/www.sportshine.eu\\\/trgovina\\\/magicshine-seemee-200-v3-0-zadnja-luc\\\/#breadcrumb\",\"itemListElement\":[{\"@type\":\"ListItem\",\"position\":1,\"name\":\"Home\",\"item\":\"https:\\\/\\\/www.sportshine.eu\\\/\"},{\"@type\":\"ListItem\",\"position\":2,\"name\":\"Trgovina\",\"item\":\"https:\\\/\\\/www.sportshine.eu\\\/trgovina\\\/\"},{\"@type\":\"ListItem\",\"position\":3,\"name\":\"Magicshine SEEMEE 200 V3.0 zadnja lu\u010d\"}]},{\"@type\":\"WebSite\",\"@id\":\"https:\\\/\\\/www.sportshine.eu\\\/#website\",\"url\":\"https:\\\/\\\/www.sportshine.eu\\\/\",\"name\":\"Sportshine\",\"description\":\"Top spletna trgovina kolesarskih in naglavnih svetilk ter opreme\",\"publisher\":{\"@id\":\"https:\\\/\\\/www.sportshine.eu\\\/#organization\"},\"potentialAction\":[{\"@type\":\"SearchAction\",\"target\":{\"@type\":\"EntryPoint\",\"urlTemplate\":\"https:\\\/\\\/www.sportshine.eu\\\/?s={search_term_string}\"},\"query-input\":{\"@type\":\"PropertyValueSpecification\",\"valueRequired\":true,\"valueName\":\"search_term_string\"}}],\"inLanguage\":\"it-IT\"},{\"@type\":\"Organization\",\"@id\":\"https:\\\/\\\/www.sportshine.eu\\\/#organization\",\"name\":\"Sportshine\",\"url\":\"https:\\\/\\\/www.sportshine.eu\\\/\",\"logo\":{\"@type\":\"ImageObject\",\"inLanguage\":\"it-IT\",\"@id\":\"https:\\\/\\\/www.sportshine.eu\\\/#\\\/schema\\\/logo\\\/image\\\/\",\"url\":\"https:\\\/\\\/www.sportshine.eu\\\/wp-content\\\/uploads\\\/2026\\\/01\\\/cropped-Sportshine.webp\",\"contentUrl\":\"https:\\\/\\\/www.sportshine.eu\\\/wp-content\\\/uploads\\\/2026\\\/01\\\/cropped-Sportshine.webp\",\"width\":295,\"height\":128,\"caption\":\"Sportshine\"},\"image\":{\"@id\":\"https:\\\/\\\/www.sportshine.eu\\\/#\\\/schema\\\/logo\\\/image\\\/\"},\"sameAs\":[\"https:\\\/\\\/www.facebook.com\\\/sportshine.eu\\\/\"]}]}<\/script>\n<!-- \/ Yoast SEO plugin. -->","yoast_head_json":{"title":"Fanale posteriore Magicshine SEEMEE 200 V3.0","robots":{"index":"index","follow":"follow","max-snippet":"max-snippet:-1","max-image-preview":"max-image-preview:large","max-video-preview":"max-video-preview:-1"},"canonical":"https:\/\/www.sportshine.eu\/it\/negozio\/fanale-posteriore-magicshine-seemee-200-v3-0\/","og_locale":"it_IT","og_type":"article","og_title":"Magicshine SEEMEE 200 V3.0 zadnja lu\u010d","og_description":"Magicshine SEEMEE 200 V3.0 je zmogljiva kolesarska lu\u010d namenjena vsem ljubiteljem kolesarjena. Z maksimalno svetilnostjo 200 lumnov in vidljivostjo osvetlitve 260\u00b0 zagotavlja izjemno vidnost na poti. 360\u00b0 sledilna lu\u010d znatno pove\u010duje u\u010dinkovitost opozarjanja. Vgrajeni senzor gibanja samodejno preklopi na najve\u010djo svetilnost ob zaviranju, medtem ko svetlobni senzor prilagaja svetilnost glede na svetlobo \u010dez dan. Lu\u010d ima funkcijo spomina in indikator baterije ter se polni prek USB-C. Vodoodporna je z oceno IPX 6. V na\u010dinu nizke porabe se pri preostali mo\u010di pod 10% samodejno preklopi na ECO na\u010din.","og_url":"https:\/\/www.sportshine.eu\/it\/negozio\/fanale-posteriore-magicshine-seemee-200-v3-0\/","og_site_name":"Sportshine","article_publisher":"https:\/\/www.facebook.com\/sportshine.eu\/","article_modified_time":"2026-04-15T22:32:00+00:00","og_image":[{"width":800,"height":800,"url":"https:\/\/www.sportshine.eu\/wp-content\/uploads\/2025\/07\/Magicshine-Seemee-200.webp","type":"image\/webp"}],"twitter_card":"summary_large_image","twitter_misc":{"Tempo di lettura stimato":"2 minuti"},"schema":{"@context":"https:\/\/schema.org","@graph":[{"@type":"WebPage","@id":"https:\/\/www.sportshine.eu\/trgovina\/magicshine-seemee-200-v3-0-zadnja-luc\/","url":"https:\/\/www.sportshine.eu\/trgovina\/magicshine-seemee-200-v3-0-zadnja-luc\/","name":"Fanale posteriore Magicshine SEEMEE 200 V3.0","isPartOf":{"@id":"https:\/\/www.sportshine.eu\/#website"},"primaryImageOfPage":{"@id":"https:\/\/www.sportshine.eu\/trgovina\/magicshine-seemee-200-v3-0-zadnja-luc\/#primaryimage"},"image":{"@id":"https:\/\/www.sportshine.eu\/trgovina\/magicshine-seemee-200-v3-0-zadnja-luc\/#primaryimage"},"thumbnailUrl":"https:\/\/www.sportshine.eu\/wp-content\/uploads\/2025\/07\/Magicshine-Seemee-200.webp","datePublished":"2025-07-05T19:45:18+00:00","dateModified":"2026-04-15T22:32:00+00:00","breadcrumb":{"@id":"https:\/\/www.sportshine.eu\/trgovina\/magicshine-seemee-200-v3-0-zadnja-luc\/#breadcrumb"},"inLanguage":"it-IT","potentialAction":[{"@type":"ReadAction","target":["https:\/\/www.sportshine.eu\/trgovina\/magicshine-seemee-200-v3-0-zadnja-luc\/"]}]},{"@type":"ImageObject","inLanguage":"it-IT","@id":"https:\/\/www.sportshine.eu\/trgovina\/magicshine-seemee-200-v3-0-zadnja-luc\/#primaryimage","url":"https:\/\/www.sportshine.eu\/wp-content\/uploads\/2025\/07\/Magicshine-Seemee-200.webp","contentUrl":"https:\/\/www.sportshine.eu\/wp-content\/uploads\/2025\/07\/Magicshine-Seemee-200.webp","width":800,"height":800},{"@type":"BreadcrumbList","@id":"https:\/\/www.sportshine.eu\/trgovina\/magicshine-seemee-200-v3-0-zadnja-luc\/#breadcrumb","itemListElement":[{"@type":"ListItem","position":1,"name":"Home","item":"https:\/\/www.sportshine.eu\/"},{"@type":"ListItem","position":2,"name":"Trgovina","item":"https:\/\/www.sportshine.eu\/trgovina\/"},{"@type":"ListItem","position":3,"name":"Magicshine SEEMEE 200 V3.0 zadnja lu\u010d"}]},{"@type":"WebSite","@id":"https:\/\/www.sportshine.eu\/#website","url":"https:\/\/www.sportshine.eu\/","name":"Sportshine","description":"Il miglior negozio online per ciclismo, lampade frontali e attrezzature","publisher":{"@id":"https:\/\/www.sportshine.eu\/#organization"},"potentialAction":[{"@type":"SearchAction","target":{"@type":"EntryPoint","urlTemplate":"https:\/\/www.sportshine.eu\/?s={search_term_string}"},"query-input":{"@type":"PropertyValueSpecification","valueRequired":true,"valueName":"search_term_string"}}],"inLanguage":"it-IT"},{"@type":"Organization","@id":"https:\/\/www.sportshine.eu\/#organization","name":"Sportshine","url":"https:\/\/www.sportshine.eu\/","logo":{"@type":"ImageObject","inLanguage":"it-IT","@id":"https:\/\/www.sportshine.eu\/#\/schema\/logo\/image\/","url":"https:\/\/www.sportshine.eu\/wp-content\/uploads\/2026\/01\/cropped-Sportshine.webp","contentUrl":"https:\/\/www.sportshine.eu\/wp-content\/uploads\/2026\/01\/cropped-Sportshine.webp","width":295,"height":128,"caption":"Sportshine"},"image":{"@id":"https:\/\/www.sportshine.eu\/#\/schema\/logo\/image\/"},"sameAs":["https:\/\/www.facebook.com\/sportshine.eu\/"]}]}},"_links":{"self":[{"href":"https:\/\/www.sportshine.eu\/it\/wp-json\/wp\/v2\/product\/6454","targetHints":{"allow":["GET"]}}],"collection":[{"href":"https:\/\/www.sportshine.eu\/it\/wp-json\/wp\/v2\/product"}],"about":[{"href":"https:\/\/www.sportshine.eu\/it\/wp-json\/wp\/v2\/types\/product"}],"replies":[{"embeddable":true,"href":"https:\/\/www.sportshine.eu\/it\/wp-json\/wp\/v2\/comments?post=6454"}],"version-history":[{"count":0,"href":"https:\/\/www.sportshine.eu\/it\/wp-json\/wp\/v2\/product\/6454\/revisions"}],"wp:featuredmedia":[{"embeddable":true,"href":"https:\/\/www.sportshine.eu\/it\/wp-json\/wp\/v2\/media\/6015"}],"wp:attachment":[{"href":"https:\/\/www.sportshine.eu\/it\/wp-json\/wp\/v2\/media?parent=6454"}],"wp:term":[{"taxonomy":"product_brand","embeddable":true,"href":"https:\/\/www.sportshine.eu\/it\/wp-json\/wp\/v2\/product_brand?post=6454"},{"taxonomy":"product_cat","embeddable":true,"href":"https:\/\/www.sportshine.eu\/it\/wp-json\/wp\/v2\/product_cat?post=6454"},{"taxonomy":"product_tag","embeddable":true,"href":"https:\/\/www.sportshine.eu\/it\/wp-json\/wp\/v2\/product_tag?post=6454"}],"curies":[{"name":"parola chiave","href":"https:\/\/api.w.org\/{rel}","templated":true}]}}