{"id":6453,"date":"2025-07-05T19:45:16","date_gmt":"2025-07-05T19:45:16","guid":{"rendered":"https:\/\/www.sportshine.eu\/?post_type=product&#038;p=6453"},"modified":"2025-11-25T11:02:07","modified_gmt":"2025-11-25T11:02:07","slug":"luce-per-bicicletta-magicshine-seemee-50-mag","status":"publish","type":"product","link":"https:\/\/www.sportshine.eu\/it\/negozio\/luce-per-bicicletta-magicshine-seemee-50-mag\/","title":{"rendered":"Luce per bicicletta Magicshine SEEMEE 50 MAG"},"content":{"rendered":"<h3 style=\"text-align: center;\">PRESENTAZIONE DELLA LUCE PER BICICLETTE MAGICSHINE SEEMEE 50MAG<\/h3>\n<p><iframe loading=\"lazy\" title=\"Fanale posteriore magnetico intelligente MAGICSHINE SEEMEE 50 MAG\" width=\"500\" height=\"281\" src=\"https:\/\/www.youtube.com\/embed\/3OLk8T18VUY?feature=oembed\" frameborder=\"0\" allow=\"accelerometer; autoplay; clipboard-write; encrypted-media; gyroscope; picture-in-picture; web-share\" referrerpolicy=\"strict-origin-when-cross-origin\" allowfullscreen><\/iframe><\/p>\n<h3><\/h3>\n<h3 style=\"text-align: center;\">SINCRONIZZAZIONE LAMPEGGIANTE PELETON<\/h3>\n<p style=\"text-align: center;\">La tecnologia PelotonSync, integrata nella luce per bici SEEMEE 50MAG, offre un nuovo livello di sicurezza ai ciclisti. Quando due o pi\u00f9 luci si avvicinano, il loro lampeggio viene sincronizzato, creando un effetto visivo di grande impatto. Queste luci sincronizzate emettono quindi un unico segnale rosso, pi\u00f9 visibile agli altri utenti della strada, aumentando la sicurezza dei ciclisti.<\/p>\n<p><img decoding=\"async\" class=\"aligncenter wp-image-7373\" src=\"https:\/\/www.sportshine.eu\/wp-content\/uploads\/2025\/07\/Magicshine-SEEMEE-50MAG-kolesarska-luc.webp\" alt=\"Luce per bicicletta Magicshine SEEMEE 50MAG\" width=\"800\" height=\"600\" srcset=\"https:\/\/www.sportshine.eu\/wp-content\/uploads\/2025\/07\/Magicshine-SEEMEE-50MAG-kolesarska-luc-768x576.webp 768w, https:\/\/www.sportshine.eu\/wp-content\/uploads\/2025\/07\/Magicshine-SEEMEE-50MAG-kolesarska-luc-600x450.webp 600w\" sizes=\"(max-width: 800px) 100vw, 800px\" \/><\/p>\n<p>&nbsp;<\/p>\n<h3 style=\"text-align: center;\">ATTACCO MAGNETICO INNOVATIVO<\/h3>\n<p style=\"text-align: center;\">Adatto ai caschi LUMOS Ultra Fly\/Aero, attacco magnetico. Il supporto a sgancio rapido Garmin consente un facile montaggio su selle o reggisella.<\/p>\n<p><img decoding=\"async\" class=\"aligncenter wp-image-7375\" src=\"https:\/\/www.sportshine.eu\/wp-content\/uploads\/2025\/07\/Magicshine-SEEMEE-50MAG-kolesarska-luc-1.webp\" alt=\"\" width=\"800\" height=\"600\" srcset=\"https:\/\/www.sportshine.eu\/wp-content\/uploads\/2025\/07\/Magicshine-SEEMEE-50MAG-kolesarska-luc-1-768x576.webp 768w, https:\/\/www.sportshine.eu\/wp-content\/uploads\/2025\/07\/Magicshine-SEEMEE-50MAG-kolesarska-luc-1-600x450.webp 600w\" sizes=\"(max-width: 800px) 100vw, 800px\" \/><\/p>\n<p>&nbsp;<\/p>\n<h3 style=\"text-align: center;\">DOPPIA FONTE DI LUCE<\/h3>\n<p style=\"text-align: center;\">Dotata di luce rossa e bianca da 50 lumen, la SEEMEE 50MAG funziona come luce diurna (DRL) e luce posteriore, garantendo sicurezza in ogni momento.<\/p>\n<p><img decoding=\"async\" class=\"aligncenter wp-image-7376\" src=\"https:\/\/www.sportshine.eu\/wp-content\/uploads\/2025\/07\/Magicshine-SEEMEE-50MAG-kolesarska-luc-2.webp\" alt=\"Luce per bicicletta Magicshine SEEMEE 50MAG\" width=\"800\" height=\"600\" srcset=\"https:\/\/www.sportshine.eu\/wp-content\/uploads\/2025\/07\/Magicshine-SEEMEE-50MAG-kolesarska-luc-2-768x576.webp 768w, https:\/\/www.sportshine.eu\/wp-content\/uploads\/2025\/07\/Magicshine-SEEMEE-50MAG-kolesarska-luc-2-600x450.webp 600w\" sizes=\"(max-width: 800px) 100vw, 800px\" \/><\/p>\n<p>&nbsp;<\/p>\n<h3 style=\"text-align: center;\">INDICATORE DI FACILE LETTURA<\/h3>\n<p style=\"text-align: center;\">Basta premere l&#039;interruttore per visualizzare la carica residua. Quando la luce \u00e8 spenta, premere il pulsante per 3 secondi per visualizzare il livello di carica rimanente della batteria.<\/p>\n<p><img decoding=\"async\" class=\"aligncenter wp-image-7377\" src=\"https:\/\/www.sportshine.eu\/wp-content\/uploads\/2025\/07\/Magicshine-SEEMEE-50MAG-kolesarska-luc-3.webp\" alt=\"Luce per bicicletta Magicshine SEEMEE 50MAG\" width=\"800\" height=\"600\" srcset=\"https:\/\/www.sportshine.eu\/wp-content\/uploads\/2025\/07\/Magicshine-SEEMEE-50MAG-kolesarska-luc-3-768x576.webp 768w, https:\/\/www.sportshine.eu\/wp-content\/uploads\/2025\/07\/Magicshine-SEEMEE-50MAG-kolesarska-luc-3-600x450.webp 600w\" sizes=\"(max-width: 800px) 100vw, 800px\" \/><\/p>\n<p>&nbsp;<\/p>\n<h3 style=\"text-align: center;\">PROTEZIONE INTELLIGENTE CON BLOCCAGGIO<\/h3>\n<p style=\"text-align: center;\">Un innovativo sistema di bloccaggio impedisce l&#039;attivazione accidentale, garantendo un trasporto e una conservazione senza preoccupazioni e preservando la durata della batteria.<\/p>\n<p><img decoding=\"async\" class=\"aligncenter wp-image-7378\" src=\"https:\/\/www.sportshine.eu\/wp-content\/uploads\/2025\/07\/Magicshine-SEEMEE-50MAG-kolesarska-luc-4.webp\" alt=\"Luce per bicicletta Magicshine SEEMEE 50MAG\" width=\"800\" height=\"600\" srcset=\"https:\/\/www.sportshine.eu\/wp-content\/uploads\/2025\/07\/Magicshine-SEEMEE-50MAG-kolesarska-luc-4-768x576.webp 768w, https:\/\/www.sportshine.eu\/wp-content\/uploads\/2025\/07\/Magicshine-SEEMEE-50MAG-kolesarska-luc-4-600x450.webp 600w\" sizes=\"(max-width: 800px) 100vw, 800px\" \/><\/p>\n<p>&nbsp;<\/p>\n<h3 style=\"text-align: center;\">BATTERIA A LUNGA DURATA<\/h3>\n<p style=\"text-align: center;\">Alimentato da una batteria da 350 mAh, garantisce fino a 28,5 ore di riproduzione e pu\u00f2 essere completamente caricato in sole 1,5 ore tramite USB-C.<\/p>\n<p><img decoding=\"async\" class=\"aligncenter wp-image-7379\" src=\"https:\/\/www.sportshine.eu\/wp-content\/uploads\/2025\/07\/Magicshine-SEEMEE-50MAG-kolesarska-luc-5.webp\" alt=\"Luce per bicicletta Magicshine SEEMEE 50MAG\" width=\"800\" height=\"600\" srcset=\"https:\/\/www.sportshine.eu\/wp-content\/uploads\/2025\/07\/Magicshine-SEEMEE-50MAG-kolesarska-luc-5-768x576.webp 768w, https:\/\/www.sportshine.eu\/wp-content\/uploads\/2025\/07\/Magicshine-SEEMEE-50MAG-kolesarska-luc-5-600x450.webp 600w\" sizes=\"(max-width: 800px) 100vw, 800px\" \/><\/p>\n<h3 style=\"text-align: center;\"><\/h3>\n<h3 style=\"text-align: center;\">IMPERMEABILE SECONDO LO STANDARD IPX6<\/h3>\n<p style=\"text-align: center;\">Grazie alla certificazione IPX6, SEEMEE 50MAG \u00e8 resistente alla pioggia e alle condizioni atmosferiche avverse, garantendo un funzionamento affidabile.<\/p>\n<p><img decoding=\"async\" class=\"aligncenter wp-image-7380\" src=\"https:\/\/www.sportshine.eu\/wp-content\/uploads\/2025\/07\/Magicshine-SEEMEE-50MAG-kolesarska-luc-6.webp\" alt=\"Luce per bicicletta Magicshine SEEMEE 50MAG\" width=\"800\" height=\"600\" srcset=\"https:\/\/www.sportshine.eu\/wp-content\/uploads\/2025\/07\/Magicshine-SEEMEE-50MAG-kolesarska-luc-6-768x576.webp 768w, https:\/\/www.sportshine.eu\/wp-content\/uploads\/2025\/07\/Magicshine-SEEMEE-50MAG-kolesarska-luc-6-600x450.webp 600w\" sizes=\"(max-width: 800px) 100vw, 800px\" \/><\/p>\n<p>&nbsp;<\/p>\n<h3 style=\"text-align: center;\">COSA CONTENUTI NEL PACCHETTO?<\/h3>\n<p><img decoding=\"async\" class=\"aligncenter wp-image-7381\" src=\"https:\/\/www.sportshine.eu\/wp-content\/uploads\/2025\/07\/Magicshine-SEEMEE-50MAG-kolesarska-luc-7.webp\" alt=\"Luce per bicicletta Magicshine SEEMEE 50MAG\" width=\"800\" height=\"600\" \/><\/p>\n<p>&nbsp;<\/p>\n<p style=\"text-align: center;\">Luce per bicicletta SEEMEE 50MAG * 1<br \/>\nAdattatore a sgancio rapido * 1<br \/>\nSupporto del sedile (include cinghia) * 1<br \/>\nSupporto reggisella * 1<br \/>\nCavo di ricarica USB-C * 1<br \/>\nManuale utente * 1<\/p>","protected":false},"excerpt":{"rendered":"<p>La luce per bici Magicshine SEEMEE 50MAG \u00e8 un nuovissimo prodotto di Magicshine. L&#039;innovativa luce per bici con funzione integrata pu\u00f2 essere utilizzata come luce anteriore bianca o come luce posteriore rossa.<\/p>\n<p><span style=\"color: #99cc00;\">\u2714<\/span> La lampadina LED ad alta efficienza fornisce una potenza massima di 50 lumen.<br \/>\n<span style=\"color: #99cc00;\">\u2714 <\/span>La doppia sorgente luminosa rossa e bianca pu\u00f2 essere utilizzata come luce diurna (DRL) o come luce posteriore.<br \/>\n<span style=\"color: #99cc00;\">\u2714<\/span> Tecnologia PelotonSync Flash, compatibile con le luci posteriori dello stesso modello o SEEMEE 50 V2.0 per maggiore sicurezza e spirito di squadra.<br \/>\n<span style=\"color: #99cc00;\">\u2714<\/span> Tecnologia FTR LightSync Control, compatibile con le luci anteriori ALLTY 800 V2.0\/1200\/1200U\/3000 e con il telecomando MJ-6558 per un controllo intelligente con un solo dito.<br \/>\n<span style=\"color: #99cc00;\">\u2714<\/span> Supporto magnetico e sgancio rapido in stile Garmin.<br \/>\n<span style=\"color: #99cc00;\">\u2714 <\/span>Compatibile con i caschi LUMOS serie Ultra Fly e Ultra Aero.<br \/>\n<span style=\"color: #99cc00;\">\u2714<\/span> La funzione di blocco impedisce l&#039;attivazione accidentale.<br \/>\n<span style=\"color: #99cc00;\">\u2714<\/span> Funzione di memoria, indicatore della batteria di facile lettura e ricarica tramite USB-C.<br \/>\n<span style=\"color: #99cc00;\">\u2714<\/span> IPX6 resistente alla pioggia intensa.<\/p>","protected":false},"featured_media":6006,"comment_status":"open","ping_status":"closed","template":"","meta":[],"product_brand":[131],"product_cat":[86],"product_tag":[],"class_list":{"0":"post-6453","1":"product","2":"type-product","3":"status-publish","4":"has-post-thumbnail","6":"product_brand-magicshine","7":"product_cat-zadnje-kolesarske-luci","9":"first","10":"instock","11":"taxable","12":"shipping-taxable","13":"purchasable","14":"product-type-simple"},"yoast_head":"<!-- This site is optimized with the Yoast SEO plugin v27.3 - https:\/\/yoast.com\/product\/yoast-seo-wordpress\/ -->\n<title>Magicshine SEEMEE 50 MAG kolesarska lu\u010d<\/title>\n<meta name=\"description\" content=\"Magicshine SEEMEE 50MAG kolesarska lu\u010d z magnetnim zapenjajem, mo\u017enost namestitve pod sede\u017e in sinhronizacije svetlobe z drugo lu\u010djo.\" \/>\n<meta name=\"robots\" content=\"index, follow, max-snippet:-1, max-image-preview:large, max-video-preview:-1\" \/>\n<link rel=\"canonical\" href=\"https:\/\/www.sportshine.eu\/it\/negozio\/luce-per-bicicletta-magicshine-seemee-50-mag\/\" \/>\n<meta property=\"og:locale\" content=\"it_IT\" \/>\n<meta property=\"og:type\" content=\"article\" \/>\n<meta property=\"og:title\" content=\"Magicshine SEEMEE 50 MAG kolesarska lu\u010d\" \/>\n<meta property=\"og:description\" content=\"Magicshine SEEMEE 50MAG kolesarska lu\u010d z magnetnim zapenjajem, mo\u017enost namestitve pod sede\u017e in sinhronizacije svetlobe z drugo lu\u010djo.\" \/>\n<meta property=\"og:url\" content=\"https:\/\/www.sportshine.eu\/it\/negozio\/luce-per-bicicletta-magicshine-seemee-50-mag\/\" \/>\n<meta property=\"og:site_name\" content=\"Sportshine\" \/>\n<meta property=\"article:publisher\" content=\"https:\/\/www.facebook.com\/sportshine.eu\/\" \/>\n<meta property=\"article:modified_time\" content=\"2025-11-25T11:02:07+00:00\" \/>\n<meta property=\"og:image\" content=\"https:\/\/www.sportshine.eu\/wp-content\/uploads\/2025\/07\/Magicshine-SEEMEE-50-MAG-kolesarska-luc.webp\" \/>\n\t<meta property=\"og:image:width\" content=\"800\" \/>\n\t<meta property=\"og:image:height\" content=\"800\" \/>\n\t<meta property=\"og:image:type\" content=\"image\/webp\" \/>\n<meta name=\"twitter:card\" content=\"summary_large_image\" \/>\n<meta name=\"twitter:label1\" content=\"Tempo di lettura stimato\" \/>\n\t<meta name=\"twitter:data1\" content=\"3 minuti\" \/>\n<script type=\"application\/ld+json\" class=\"yoast-schema-graph\">{\"@context\":\"https:\\\/\\\/schema.org\",\"@graph\":[{\"@type\":\"WebPage\",\"@id\":\"https:\\\/\\\/www.sportshine.eu\\\/trgovina\\\/magicshine-seemee-50-mag-kolesarska-luc\\\/\",\"url\":\"https:\\\/\\\/www.sportshine.eu\\\/trgovina\\\/magicshine-seemee-50-mag-kolesarska-luc\\\/\",\"name\":\"Magicshine SEEMEE 50 MAG kolesarska lu\u010d\",\"isPartOf\":{\"@id\":\"https:\\\/\\\/www.sportshine.eu\\\/#website\"},\"primaryImageOfPage\":{\"@id\":\"https:\\\/\\\/www.sportshine.eu\\\/trgovina\\\/magicshine-seemee-50-mag-kolesarska-luc\\\/#primaryimage\"},\"image\":{\"@id\":\"https:\\\/\\\/www.sportshine.eu\\\/trgovina\\\/magicshine-seemee-50-mag-kolesarska-luc\\\/#primaryimage\"},\"thumbnailUrl\":\"https:\\\/\\\/www.sportshine.eu\\\/wp-content\\\/uploads\\\/2025\\\/07\\\/Magicshine-SEEMEE-50-MAG-kolesarska-luc.webp\",\"datePublished\":\"2025-07-05T19:45:16+00:00\",\"dateModified\":\"2025-11-25T11:02:07+00:00\",\"description\":\"Magicshine SEEMEE 50MAG kolesarska lu\u010d z magnetnim zapenjajem, mo\u017enost namestitve pod sede\u017e in sinhronizacije svetlobe z drugo lu\u010djo.\",\"breadcrumb\":{\"@id\":\"https:\\\/\\\/www.sportshine.eu\\\/trgovina\\\/magicshine-seemee-50-mag-kolesarska-luc\\\/#breadcrumb\"},\"inLanguage\":\"it-IT\",\"potentialAction\":[{\"@type\":\"ReadAction\",\"target\":[\"https:\\\/\\\/www.sportshine.eu\\\/trgovina\\\/magicshine-seemee-50-mag-kolesarska-luc\\\/\"]}]},{\"@type\":\"ImageObject\",\"inLanguage\":\"it-IT\",\"@id\":\"https:\\\/\\\/www.sportshine.eu\\\/trgovina\\\/magicshine-seemee-50-mag-kolesarska-luc\\\/#primaryimage\",\"url\":\"https:\\\/\\\/www.sportshine.eu\\\/wp-content\\\/uploads\\\/2025\\\/07\\\/Magicshine-SEEMEE-50-MAG-kolesarska-luc.webp\",\"contentUrl\":\"https:\\\/\\\/www.sportshine.eu\\\/wp-content\\\/uploads\\\/2025\\\/07\\\/Magicshine-SEEMEE-50-MAG-kolesarska-luc.webp\",\"width\":800,\"height\":800},{\"@type\":\"BreadcrumbList\",\"@id\":\"https:\\\/\\\/www.sportshine.eu\\\/trgovina\\\/magicshine-seemee-50-mag-kolesarska-luc\\\/#breadcrumb\",\"itemListElement\":[{\"@type\":\"ListItem\",\"position\":1,\"name\":\"Home\",\"item\":\"https:\\\/\\\/www.sportshine.eu\\\/\"},{\"@type\":\"ListItem\",\"position\":2,\"name\":\"Trgovina\",\"item\":\"https:\\\/\\\/www.sportshine.eu\\\/trgovina\\\/\"},{\"@type\":\"ListItem\",\"position\":3,\"name\":\"Magicshine SEEMEE 50 MAG kolesarska lu\u010d\"}]},{\"@type\":\"WebSite\",\"@id\":\"https:\\\/\\\/www.sportshine.eu\\\/#website\",\"url\":\"https:\\\/\\\/www.sportshine.eu\\\/\",\"name\":\"Sportshine\",\"description\":\"Top spletna trgovina kolesarskih in naglavnih svetilk ter opreme\",\"publisher\":{\"@id\":\"https:\\\/\\\/www.sportshine.eu\\\/#organization\"},\"potentialAction\":[{\"@type\":\"SearchAction\",\"target\":{\"@type\":\"EntryPoint\",\"urlTemplate\":\"https:\\\/\\\/www.sportshine.eu\\\/?s={search_term_string}\"},\"query-input\":{\"@type\":\"PropertyValueSpecification\",\"valueRequired\":true,\"valueName\":\"search_term_string\"}}],\"inLanguage\":\"it-IT\"},{\"@type\":\"Organization\",\"@id\":\"https:\\\/\\\/www.sportshine.eu\\\/#organization\",\"name\":\"Sportshine\",\"url\":\"https:\\\/\\\/www.sportshine.eu\\\/\",\"logo\":{\"@type\":\"ImageObject\",\"inLanguage\":\"it-IT\",\"@id\":\"https:\\\/\\\/www.sportshine.eu\\\/#\\\/schema\\\/logo\\\/image\\\/\",\"url\":\"https:\\\/\\\/www.sportshine.eu\\\/wp-content\\\/uploads\\\/2026\\\/01\\\/cropped-Sportshine.webp\",\"contentUrl\":\"https:\\\/\\\/www.sportshine.eu\\\/wp-content\\\/uploads\\\/2026\\\/01\\\/cropped-Sportshine.webp\",\"width\":295,\"height\":128,\"caption\":\"Sportshine\"},\"image\":{\"@id\":\"https:\\\/\\\/www.sportshine.eu\\\/#\\\/schema\\\/logo\\\/image\\\/\"},\"sameAs\":[\"https:\\\/\\\/www.facebook.com\\\/sportshine.eu\\\/\"]}]}<\/script>\n<!-- \/ Yoast SEO plugin. -->","yoast_head_json":{"title":"Luce per bicicletta Magicshine SEEMEE 50 MAG","description":"Luce per bicicletta Magicshine SEEMEE 50MAG con fissaggio magnetico, possibilit\u00e0 di installazione sotto la sella e sincronizzazione della luce con un&#039;altra luce.","robots":{"index":"index","follow":"follow","max-snippet":"max-snippet:-1","max-image-preview":"max-image-preview:large","max-video-preview":"max-video-preview:-1"},"canonical":"https:\/\/www.sportshine.eu\/it\/negozio\/luce-per-bicicletta-magicshine-seemee-50-mag\/","og_locale":"it_IT","og_type":"article","og_title":"Magicshine SEEMEE 50 MAG kolesarska lu\u010d","og_description":"Magicshine SEEMEE 50MAG kolesarska lu\u010d z magnetnim zapenjajem, mo\u017enost namestitve pod sede\u017e in sinhronizacije svetlobe z drugo lu\u010djo.","og_url":"https:\/\/www.sportshine.eu\/it\/negozio\/luce-per-bicicletta-magicshine-seemee-50-mag\/","og_site_name":"Sportshine","article_publisher":"https:\/\/www.facebook.com\/sportshine.eu\/","article_modified_time":"2025-11-25T11:02:07+00:00","og_image":[{"width":800,"height":800,"url":"https:\/\/www.sportshine.eu\/wp-content\/uploads\/2025\/07\/Magicshine-SEEMEE-50-MAG-kolesarska-luc.webp","type":"image\/webp"}],"twitter_card":"summary_large_image","twitter_misc":{"Tempo di lettura stimato":"3 minuti"},"schema":{"@context":"https:\/\/schema.org","@graph":[{"@type":"WebPage","@id":"https:\/\/www.sportshine.eu\/trgovina\/magicshine-seemee-50-mag-kolesarska-luc\/","url":"https:\/\/www.sportshine.eu\/trgovina\/magicshine-seemee-50-mag-kolesarska-luc\/","name":"Luce per bicicletta Magicshine SEEMEE 50 MAG","isPartOf":{"@id":"https:\/\/www.sportshine.eu\/#website"},"primaryImageOfPage":{"@id":"https:\/\/www.sportshine.eu\/trgovina\/magicshine-seemee-50-mag-kolesarska-luc\/#primaryimage"},"image":{"@id":"https:\/\/www.sportshine.eu\/trgovina\/magicshine-seemee-50-mag-kolesarska-luc\/#primaryimage"},"thumbnailUrl":"https:\/\/www.sportshine.eu\/wp-content\/uploads\/2025\/07\/Magicshine-SEEMEE-50-MAG-kolesarska-luc.webp","datePublished":"2025-07-05T19:45:16+00:00","dateModified":"2025-11-25T11:02:07+00:00","description":"Luce per bicicletta Magicshine SEEMEE 50MAG con fissaggio magnetico, possibilit\u00e0 di installazione sotto la sella e sincronizzazione della luce con un&#039;altra luce.","breadcrumb":{"@id":"https:\/\/www.sportshine.eu\/trgovina\/magicshine-seemee-50-mag-kolesarska-luc\/#breadcrumb"},"inLanguage":"it-IT","potentialAction":[{"@type":"ReadAction","target":["https:\/\/www.sportshine.eu\/trgovina\/magicshine-seemee-50-mag-kolesarska-luc\/"]}]},{"@type":"ImageObject","inLanguage":"it-IT","@id":"https:\/\/www.sportshine.eu\/trgovina\/magicshine-seemee-50-mag-kolesarska-luc\/#primaryimage","url":"https:\/\/www.sportshine.eu\/wp-content\/uploads\/2025\/07\/Magicshine-SEEMEE-50-MAG-kolesarska-luc.webp","contentUrl":"https:\/\/www.sportshine.eu\/wp-content\/uploads\/2025\/07\/Magicshine-SEEMEE-50-MAG-kolesarska-luc.webp","width":800,"height":800},{"@type":"BreadcrumbList","@id":"https:\/\/www.sportshine.eu\/trgovina\/magicshine-seemee-50-mag-kolesarska-luc\/#breadcrumb","itemListElement":[{"@type":"ListItem","position":1,"name":"Home","item":"https:\/\/www.sportshine.eu\/"},{"@type":"ListItem","position":2,"name":"Trgovina","item":"https:\/\/www.sportshine.eu\/trgovina\/"},{"@type":"ListItem","position":3,"name":"Magicshine SEEMEE 50 MAG kolesarska lu\u010d"}]},{"@type":"WebSite","@id":"https:\/\/www.sportshine.eu\/#website","url":"https:\/\/www.sportshine.eu\/","name":"Sportshine","description":"Il miglior negozio online per ciclismo, lampade frontali e attrezzature","publisher":{"@id":"https:\/\/www.sportshine.eu\/#organization"},"potentialAction":[{"@type":"SearchAction","target":{"@type":"EntryPoint","urlTemplate":"https:\/\/www.sportshine.eu\/?s={search_term_string}"},"query-input":{"@type":"PropertyValueSpecification","valueRequired":true,"valueName":"search_term_string"}}],"inLanguage":"it-IT"},{"@type":"Organization","@id":"https:\/\/www.sportshine.eu\/#organization","name":"Sportshine","url":"https:\/\/www.sportshine.eu\/","logo":{"@type":"ImageObject","inLanguage":"it-IT","@id":"https:\/\/www.sportshine.eu\/#\/schema\/logo\/image\/","url":"https:\/\/www.sportshine.eu\/wp-content\/uploads\/2026\/01\/cropped-Sportshine.webp","contentUrl":"https:\/\/www.sportshine.eu\/wp-content\/uploads\/2026\/01\/cropped-Sportshine.webp","width":295,"height":128,"caption":"Sportshine"},"image":{"@id":"https:\/\/www.sportshine.eu\/#\/schema\/logo\/image\/"},"sameAs":["https:\/\/www.facebook.com\/sportshine.eu\/"]}]}},"_links":{"self":[{"href":"https:\/\/www.sportshine.eu\/it\/wp-json\/wp\/v2\/product\/6453","targetHints":{"allow":["GET"]}}],"collection":[{"href":"https:\/\/www.sportshine.eu\/it\/wp-json\/wp\/v2\/product"}],"about":[{"href":"https:\/\/www.sportshine.eu\/it\/wp-json\/wp\/v2\/types\/product"}],"replies":[{"embeddable":true,"href":"https:\/\/www.sportshine.eu\/it\/wp-json\/wp\/v2\/comments?post=6453"}],"version-history":[{"count":0,"href":"https:\/\/www.sportshine.eu\/it\/wp-json\/wp\/v2\/product\/6453\/revisions"}],"wp:featuredmedia":[{"embeddable":true,"href":"https:\/\/www.sportshine.eu\/it\/wp-json\/wp\/v2\/media\/6006"}],"wp:attachment":[{"href":"https:\/\/www.sportshine.eu\/it\/wp-json\/wp\/v2\/media?parent=6453"}],"wp:term":[{"taxonomy":"product_brand","embeddable":true,"href":"https:\/\/www.sportshine.eu\/it\/wp-json\/wp\/v2\/product_brand?post=6453"},{"taxonomy":"product_cat","embeddable":true,"href":"https:\/\/www.sportshine.eu\/it\/wp-json\/wp\/v2\/product_cat?post=6453"},{"taxonomy":"product_tag","embeddable":true,"href":"https:\/\/www.sportshine.eu\/it\/wp-json\/wp\/v2\/product_tag?post=6453"}],"curies":[{"name":"parola chiave","href":"https:\/\/api.w.org\/{rel}","templated":true}]}}