{"id":6452,"date":"2025-07-05T19:45:15","date_gmt":"2025-07-05T19:45:15","guid":{"rendered":"https:\/\/www.sportshine.eu\/?post_type=product&#038;p=6452"},"modified":"2025-11-25T23:15:55","modified_gmt":"2025-11-25T23:15:55","slug":"luce-per-bicicletta-magicshine-evo-1700sd-shimano-di2","status":"publish","type":"product","link":"https:\/\/www.sportshine.eu\/it\/negozio\/luce-per-bicicletta-magicshine-evo-1700sd-shimano-di2\/","title":{"rendered":"Luce per bicicletta Magicshine EVO 1700SD SHIMANO Di2"},"content":{"rendered":"<h3 style=\"text-align: center;\">PRESENTIAMO LA LUCE PER BICICLETTA MAGICSHINE EVO 1700SD SHIMANO Di2<\/h3>\n<p><iframe loading=\"lazy\" title=\"Magicshine EVO 1700SD Shimano Di2\" width=\"500\" height=\"281\" src=\"https:\/\/www.youtube.com\/embed\/ulkRGIFUv-E?feature=oembed\" frameborder=\"0\" allow=\"accelerometer; autoplay; clipboard-write; encrypted-media; gyroscope; picture-in-picture; web-share\" referrerpolicy=\"strict-origin-when-cross-origin\" allowfullscreen><\/iframe><\/p>\n<h3 style=\"text-align: center;\">ILLUMINA IL TUO CAMMINO<\/h3>\n<p style=\"text-align: center;\">Con un&#039;emissione luminosa impressionante di 1700 lumen in un formato incredibilmente compatto, la EVO 1700SD \u00e8 progettata specificamente per la guida quotidiana in ambienti urbani.<\/p>\n<p><img decoding=\"async\" class=\"aligncenter wp-image-7387 size-full\" src=\"https:\/\/www.sportshine.eu\/wp-content\/uploads\/2025\/07\/Magicshine-EVO-1700SD-SHIMANO-Di2-kolesarska-luc-1.webp\" alt=\"Magicshine EVO 1700SD SHIMANO Di2 \" width=\"800\" height=\"800\" srcset=\"https:\/\/www.sportshine.eu\/wp-content\/uploads\/2025\/07\/Magicshine-EVO-1700SD-SHIMANO-Di2-kolesarska-luc-1.webp 800w, https:\/\/www.sportshine.eu\/wp-content\/uploads\/2025\/07\/Magicshine-EVO-1700SD-SHIMANO-Di2-kolesarska-luc-1-768x768.webp 768w, https:\/\/www.sportshine.eu\/wp-content\/uploads\/2025\/07\/Magicshine-EVO-1700SD-SHIMANO-Di2-kolesarska-luc-1-600x600.webp 600w\" sizes=\"(max-width: 800px) 100vw, 800px\" \/><\/p>\n<h3 style=\"text-align: center;\">MAGICSHINE EVO 1700SD SUPPORTO LUCE BICICLETTA SOTTO LA STAFFA<\/h3>\n<p style=\"text-align: center;\">Grazie alla potenza del sistema Shimano Di2, la EVO 1700SD pu\u00f2 essere facilmente controllata con i comandi cambio Di2. Accendete e spegnete la luce, regolate l&#039;intensit\u00e0, cambiate modalit\u00e0 o liberate tutta la potenza dei 1700 lumen con un semplice tocco sui pulsanti del cambio, senza dover mai staccare le mani dal manubrio.<\/p>\n<p><img decoding=\"async\" class=\"aligncenter wp-image-7389 size-full\" src=\"https:\/\/www.sportshine.eu\/wp-content\/uploads\/2025\/07\/Magicshine-EVO-1700SD-SHIMANO-Di2.webp\" alt=\"Magicshine EVO 1700SD SHIMANO Di2 \" width=\"800\" height=\"800\" srcset=\"https:\/\/www.sportshine.eu\/wp-content\/uploads\/2025\/07\/Magicshine-EVO-1700SD-SHIMANO-Di2.webp 800w, https:\/\/www.sportshine.eu\/wp-content\/uploads\/2025\/07\/Magicshine-EVO-1700SD-SHIMANO-Di2-768x768.webp 768w, https:\/\/www.sportshine.eu\/wp-content\/uploads\/2025\/07\/Magicshine-EVO-1700SD-SHIMANO-Di2-600x600.webp 600w\" sizes=\"(max-width: 800px) 100vw, 800px\" \/><\/p>\n<h3 style=\"text-align: center;\">FUNZIONE ABBAGLIANTI E ANABBAGLIANTI<\/h3>\n<p style=\"text-align: center;\">Basta premere il pulsante due volte per passare da anabbaglianti ad abbaglianti. L&#039;esclusiva combinazione di anabbaglianti e abbaglianti per una visibilit\u00e0 ottimale in diverse condizioni.<\/p>\n<p><img decoding=\"async\" class=\"aligncenter wp-image-7390\" src=\"https:\/\/www.sportshine.eu\/wp-content\/uploads\/2025\/07\/Magicshine-EVO-1700SD-SHIMANO-Di2-1.webp\" alt=\"Magicshine EVO 1700SD SHIMANO Di2 \" width=\"800\" height=\"600\" \/><\/p>\n<h3 style=\"text-align: center;\">ANABBAGLIANTI SENZA ABBAGLIAMENTO PER IL TRAFFICO IN AVANTI<\/h3>\n<p style=\"text-align: center;\">Gli anabbaglianti regolati con precisione emettono una linea di luce nitida che dirige la luce direttamente sulla strada, evitando di abbagliare i veicoli provenienti in senso contrario.<\/p>\n<p><img decoding=\"async\" class=\"aligncenter wp-image-7391\" src=\"https:\/\/www.sportshine.eu\/wp-content\/uploads\/2025\/07\/Magicshine-EVO-1700SD-SHIMANO-Di2.jpg\" alt=\"Magicshine EVO 1700SD SHIMANO Di2 \" width=\"800\" height=\"600\" \/><\/p>\n<h3 style=\"text-align: center;\">BATTERIA POTENTE CON CONNETTORE USB-C<\/h3>\n<p style=\"text-align: center;\">La lampada frontale EVO 1700 \u00e8 dotata di una batteria da 4000 mAh che garantisce un&#039;autonomia affidabile di 11 ore. La batteria pu\u00f2 essere facilmente ricaricata tramite la porta USB-C.<\/p>\n<p><img decoding=\"async\" class=\"aligncenter wp-image-7392 size-full\" src=\"https:\/\/www.sportshine.eu\/wp-content\/uploads\/2025\/07\/Magicshine-EVO-1700SD-SHIMANO-Di2-2.webp\" alt=\"Magicshine EVO 1700SD SHIMANO Di2 \" width=\"800\" height=\"800\" srcset=\"https:\/\/www.sportshine.eu\/wp-content\/uploads\/2025\/07\/Magicshine-EVO-1700SD-SHIMANO-Di2-2.webp 800w, https:\/\/www.sportshine.eu\/wp-content\/uploads\/2025\/07\/Magicshine-EVO-1700SD-SHIMANO-Di2-2-768x768.webp 768w, https:\/\/www.sportshine.eu\/wp-content\/uploads\/2025\/07\/Magicshine-EVO-1700SD-SHIMANO-Di2-2-600x600.webp 600w\" sizes=\"(max-width: 800px) 100vw, 800px\" \/><\/p>\n<h3 style=\"text-align: center;\">IMPERMEABILE SECONDO LO STANDARD IPX6<\/h3>\n<p style=\"text-align: center;\">Grazie al grado di impermeabilit\u00e0 IPX7, la luce pu\u00f2 resistere a condizioni difficili e illuminare il percorso anche sotto la pioggia battente.<\/p>\n<p><img decoding=\"async\" class=\"aligncenter wp-image-7393 size-full\" src=\"https:\/\/www.sportshine.eu\/wp-content\/uploads\/2025\/07\/Magicshine-EVO-1700SD-SHIMANO-Di2-3.webp\" alt=\"Magicshine EVO 1700SD SHIMANO Di2 \" width=\"800\" height=\"800\" srcset=\"https:\/\/www.sportshine.eu\/wp-content\/uploads\/2025\/07\/Magicshine-EVO-1700SD-SHIMANO-Di2-3.webp 800w, https:\/\/www.sportshine.eu\/wp-content\/uploads\/2025\/07\/Magicshine-EVO-1700SD-SHIMANO-Di2-3-768x768.webp 768w, https:\/\/www.sportshine.eu\/wp-content\/uploads\/2025\/07\/Magicshine-EVO-1700SD-SHIMANO-Di2-3-600x600.webp 600w\" sizes=\"(max-width: 800px) 100vw, 800px\" \/><\/p>\n<h3 style=\"text-align: center;\">INTEGRAZIONE SHIMANO DI2<\/h3>\n<p style=\"text-align: center;\">Regola senza sforzo le impostazioni della luce tramite i pulsanti Shimano Di2, facile come cambiare marcia.<\/p>\n<p style=\"text-align: center;\">Guida all&#039;associazione: Associazione iniziale: premere una volta un pulsante qualsiasi sul comando cambio per attivare il sistema SHIMANO Di2, quindi premere a lungo il pulsante luce per 1 secondo finch\u00e9 l&#039;indicatore non lampeggia in blu per entrare in modalit\u00e0 di associazione. Posizionare la luce vicino al deragliatore posteriore entro 30 cm. L&#039;indicatore si illuminer\u00e0 in blu fisso per 3 secondi per confermare l&#039;associazione avvenuta correttamente.<\/p>\n<p><img decoding=\"async\" class=\"aligncenter wp-image-7394 size-full\" src=\"https:\/\/www.sportshine.eu\/wp-content\/uploads\/2025\/07\/Magicshine-EVO-1700SD-SHIMANO-Di2-4.webp\" alt=\"Magicshine EVO 1700SD SHIMANO Di2 \" width=\"800\" height=\"800\" srcset=\"https:\/\/www.sportshine.eu\/wp-content\/uploads\/2025\/07\/Magicshine-EVO-1700SD-SHIMANO-Di2-4.webp 800w, https:\/\/www.sportshine.eu\/wp-content\/uploads\/2025\/07\/Magicshine-EVO-1700SD-SHIMANO-Di2-4-768x768.webp 768w, https:\/\/www.sportshine.eu\/wp-content\/uploads\/2025\/07\/Magicshine-EVO-1700SD-SHIMANO-Di2-4-600x600.webp 600w\" sizes=\"(max-width: 800px) 100vw, 800px\" \/><\/p>\n<h3 style=\"text-align: center;\">COSA CONTENUTI NEL PACCHETTO?<\/h3>\n<p><img decoding=\"async\" class=\"aligncenter wp-image-7395\" src=\"https:\/\/www.sportshine.eu\/wp-content\/uploads\/2025\/07\/Magicshine-EVO-1700SD-SHIMANO-Di2-5.webp\" alt=\"Magicshine EVO 1700SD SHIMANO Di2 \" width=\"800\" height=\"600\" \/><\/p>\n<p>&nbsp;<\/p>","protected":false},"excerpt":{"rendered":"<p>La luce per bici Magicshine Evo 1700SD \u00e8 la soluzione di illuminazione definitiva per i ciclisti che richiedono prestazioni elevate e una perfetta integrazione con i componenti della propria bici. La Magicshine EVO 1700SD mantiene il corpo ultracompatto della EVO 1700 e offre 1700 lumen per illuminare il tuo percorso. La differenza sta nella sua integrazione semplificata. Senza bisogno di un telecomando, la EVO 1700SD si collega direttamente al sistema Shimano Di2 della tua bici (unit\u00e0 wireless).<\/p>","protected":false},"featured_media":5991,"comment_status":"open","ping_status":"closed","template":"","meta":[],"product_brand":[131],"product_cat":[82,150],"product_tag":[],"class_list":{"0":"post-6452","1":"product","2":"type-product","3":"status-publish","4":"has-post-thumbnail","6":"product_brand-magicshine","7":"product_cat-kolesarske-luci","8":"product_cat-sprednje-kolesarske-luci","10":"first","11":"instock","12":"sale","13":"taxable","14":"shipping-taxable","15":"purchasable","16":"product-type-simple"},"yoast_head":"<!-- This site is optimized with the Yoast SEO plugin v27.3 - https:\/\/yoast.com\/product\/yoast-seo-wordpress\/ -->\n<title>Magicshine EVO 1700SD SHIMANO Di2 kolesarska lu\u010d<\/title>\n<meta name=\"description\" content=\"Magicshine EVO 1700SD SHIMANO Di2 je prva kolesarska lu\u010d, ki omogo\u010da povezavo z Di2 menjalnikom. Vgrajenih 1700 lumnov mo\u010di.\" \/>\n<meta name=\"robots\" content=\"index, follow, max-snippet:-1, max-image-preview:large, max-video-preview:-1\" \/>\n<link rel=\"canonical\" href=\"https:\/\/www.sportshine.eu\/it\/negozio\/luce-per-bicicletta-magicshine-evo-1700sd-shimano-di2\/\" \/>\n<meta property=\"og:locale\" content=\"it_IT\" \/>\n<meta property=\"og:type\" content=\"article\" \/>\n<meta property=\"og:title\" content=\"Magicshine EVO 1700SD SHIMANO Di2 kolesarska lu\u010d\" \/>\n<meta property=\"og:description\" content=\"Magicshine EVO 1700SD SHIMANO Di2 je prva kolesarska lu\u010d, ki omogo\u010da povezavo z Di2 menjalnikom. Vgrajenih 1700 lumnov mo\u010di.\" \/>\n<meta property=\"og:url\" content=\"https:\/\/www.sportshine.eu\/it\/negozio\/luce-per-bicicletta-magicshine-evo-1700sd-shimano-di2\/\" \/>\n<meta property=\"og:site_name\" content=\"Sportshine\" \/>\n<meta property=\"article:publisher\" content=\"https:\/\/www.facebook.com\/sportshine.eu\/\" \/>\n<meta property=\"article:modified_time\" content=\"2025-11-25T23:15:55+00:00\" \/>\n<meta property=\"og:image\" content=\"https:\/\/www.sportshine.eu\/wp-content\/uploads\/2025\/07\/Magicshine-EVO-1700SD-SHIMANO-Di2-kolesarska-luc.webp\" \/>\n\t<meta property=\"og:image:width\" content=\"800\" \/>\n\t<meta property=\"og:image:height\" content=\"800\" \/>\n\t<meta property=\"og:image:type\" content=\"image\/webp\" \/>\n<meta name=\"twitter:card\" content=\"summary_large_image\" \/>\n<meta name=\"twitter:label1\" content=\"Tempo di lettura stimato\" \/>\n\t<meta name=\"twitter:data1\" content=\"4 minuti\" \/>\n<script type=\"application\/ld+json\" class=\"yoast-schema-graph\">{\"@context\":\"https:\\\/\\\/schema.org\",\"@graph\":[{\"@type\":\"WebPage\",\"@id\":\"https:\\\/\\\/www.sportshine.eu\\\/trgovina\\\/magicshine-evo-1700sd-shimano-di2-kolesarska-luc\\\/\",\"url\":\"https:\\\/\\\/www.sportshine.eu\\\/trgovina\\\/magicshine-evo-1700sd-shimano-di2-kolesarska-luc\\\/\",\"name\":\"Magicshine EVO 1700SD SHIMANO Di2 kolesarska lu\u010d\",\"isPartOf\":{\"@id\":\"https:\\\/\\\/www.sportshine.eu\\\/#website\"},\"primaryImageOfPage\":{\"@id\":\"https:\\\/\\\/www.sportshine.eu\\\/trgovina\\\/magicshine-evo-1700sd-shimano-di2-kolesarska-luc\\\/#primaryimage\"},\"image\":{\"@id\":\"https:\\\/\\\/www.sportshine.eu\\\/trgovina\\\/magicshine-evo-1700sd-shimano-di2-kolesarska-luc\\\/#primaryimage\"},\"thumbnailUrl\":\"https:\\\/\\\/www.sportshine.eu\\\/wp-content\\\/uploads\\\/2025\\\/07\\\/Magicshine-EVO-1700SD-SHIMANO-Di2-kolesarska-luc.webp\",\"datePublished\":\"2025-07-05T19:45:15+00:00\",\"dateModified\":\"2025-11-25T23:15:55+00:00\",\"description\":\"Magicshine EVO 1700SD SHIMANO Di2 je prva kolesarska lu\u010d, ki omogo\u010da povezavo z Di2 menjalnikom. Vgrajenih 1700 lumnov mo\u010di.\",\"breadcrumb\":{\"@id\":\"https:\\\/\\\/www.sportshine.eu\\\/trgovina\\\/magicshine-evo-1700sd-shimano-di2-kolesarska-luc\\\/#breadcrumb\"},\"inLanguage\":\"it-IT\",\"potentialAction\":[{\"@type\":\"ReadAction\",\"target\":[\"https:\\\/\\\/www.sportshine.eu\\\/trgovina\\\/magicshine-evo-1700sd-shimano-di2-kolesarska-luc\\\/\"]}]},{\"@type\":\"ImageObject\",\"inLanguage\":\"it-IT\",\"@id\":\"https:\\\/\\\/www.sportshine.eu\\\/trgovina\\\/magicshine-evo-1700sd-shimano-di2-kolesarska-luc\\\/#primaryimage\",\"url\":\"https:\\\/\\\/www.sportshine.eu\\\/wp-content\\\/uploads\\\/2025\\\/07\\\/Magicshine-EVO-1700SD-SHIMANO-Di2-kolesarska-luc.webp\",\"contentUrl\":\"https:\\\/\\\/www.sportshine.eu\\\/wp-content\\\/uploads\\\/2025\\\/07\\\/Magicshine-EVO-1700SD-SHIMANO-Di2-kolesarska-luc.webp\",\"width\":800,\"height\":800},{\"@type\":\"BreadcrumbList\",\"@id\":\"https:\\\/\\\/www.sportshine.eu\\\/trgovina\\\/magicshine-evo-1700sd-shimano-di2-kolesarska-luc\\\/#breadcrumb\",\"itemListElement\":[{\"@type\":\"ListItem\",\"position\":1,\"name\":\"Home\",\"item\":\"https:\\\/\\\/www.sportshine.eu\\\/\"},{\"@type\":\"ListItem\",\"position\":2,\"name\":\"Trgovina\",\"item\":\"https:\\\/\\\/www.sportshine.eu\\\/trgovina\\\/\"},{\"@type\":\"ListItem\",\"position\":3,\"name\":\"Magicshine EVO 1700SD SHIMANO Di2 kolesarska lu\u010d\"}]},{\"@type\":\"WebSite\",\"@id\":\"https:\\\/\\\/www.sportshine.eu\\\/#website\",\"url\":\"https:\\\/\\\/www.sportshine.eu\\\/\",\"name\":\"Sportshine\",\"description\":\"Top spletna trgovina kolesarskih in naglavnih svetilk ter opreme\",\"publisher\":{\"@id\":\"https:\\\/\\\/www.sportshine.eu\\\/#organization\"},\"potentialAction\":[{\"@type\":\"SearchAction\",\"target\":{\"@type\":\"EntryPoint\",\"urlTemplate\":\"https:\\\/\\\/www.sportshine.eu\\\/?s={search_term_string}\"},\"query-input\":{\"@type\":\"PropertyValueSpecification\",\"valueRequired\":true,\"valueName\":\"search_term_string\"}}],\"inLanguage\":\"it-IT\"},{\"@type\":\"Organization\",\"@id\":\"https:\\\/\\\/www.sportshine.eu\\\/#organization\",\"name\":\"Sportshine\",\"url\":\"https:\\\/\\\/www.sportshine.eu\\\/\",\"logo\":{\"@type\":\"ImageObject\",\"inLanguage\":\"it-IT\",\"@id\":\"https:\\\/\\\/www.sportshine.eu\\\/#\\\/schema\\\/logo\\\/image\\\/\",\"url\":\"https:\\\/\\\/www.sportshine.eu\\\/wp-content\\\/uploads\\\/2026\\\/01\\\/cropped-Sportshine.webp\",\"contentUrl\":\"https:\\\/\\\/www.sportshine.eu\\\/wp-content\\\/uploads\\\/2026\\\/01\\\/cropped-Sportshine.webp\",\"width\":295,\"height\":128,\"caption\":\"Sportshine\"},\"image\":{\"@id\":\"https:\\\/\\\/www.sportshine.eu\\\/#\\\/schema\\\/logo\\\/image\\\/\"},\"sameAs\":[\"https:\\\/\\\/www.facebook.com\\\/sportshine.eu\\\/\"]}]}<\/script>\n<!-- \/ Yoast SEO plugin. -->","yoast_head_json":{"title":"Luce per bicicletta Magicshine EVO 1700SD SHIMANO Di2","description":"Magicshine EVO 1700SD SHIMANO Di2 \u00e8 la prima luce per bici che pu\u00f2 essere collegata a un deragliatore Di2. 1700 lumen di potenza integrati.","robots":{"index":"index","follow":"follow","max-snippet":"max-snippet:-1","max-image-preview":"max-image-preview:large","max-video-preview":"max-video-preview:-1"},"canonical":"https:\/\/www.sportshine.eu\/it\/negozio\/luce-per-bicicletta-magicshine-evo-1700sd-shimano-di2\/","og_locale":"it_IT","og_type":"article","og_title":"Magicshine EVO 1700SD SHIMANO Di2 kolesarska lu\u010d","og_description":"Magicshine EVO 1700SD SHIMANO Di2 je prva kolesarska lu\u010d, ki omogo\u010da povezavo z Di2 menjalnikom. Vgrajenih 1700 lumnov mo\u010di.","og_url":"https:\/\/www.sportshine.eu\/it\/negozio\/luce-per-bicicletta-magicshine-evo-1700sd-shimano-di2\/","og_site_name":"Sportshine","article_publisher":"https:\/\/www.facebook.com\/sportshine.eu\/","article_modified_time":"2025-11-25T23:15:55+00:00","og_image":[{"width":800,"height":800,"url":"https:\/\/www.sportshine.eu\/wp-content\/uploads\/2025\/07\/Magicshine-EVO-1700SD-SHIMANO-Di2-kolesarska-luc.webp","type":"image\/webp"}],"twitter_card":"summary_large_image","twitter_misc":{"Tempo di lettura stimato":"4 minuti"},"schema":{"@context":"https:\/\/schema.org","@graph":[{"@type":"WebPage","@id":"https:\/\/www.sportshine.eu\/trgovina\/magicshine-evo-1700sd-shimano-di2-kolesarska-luc\/","url":"https:\/\/www.sportshine.eu\/trgovina\/magicshine-evo-1700sd-shimano-di2-kolesarska-luc\/","name":"Luce per bicicletta Magicshine EVO 1700SD SHIMANO Di2","isPartOf":{"@id":"https:\/\/www.sportshine.eu\/#website"},"primaryImageOfPage":{"@id":"https:\/\/www.sportshine.eu\/trgovina\/magicshine-evo-1700sd-shimano-di2-kolesarska-luc\/#primaryimage"},"image":{"@id":"https:\/\/www.sportshine.eu\/trgovina\/magicshine-evo-1700sd-shimano-di2-kolesarska-luc\/#primaryimage"},"thumbnailUrl":"https:\/\/www.sportshine.eu\/wp-content\/uploads\/2025\/07\/Magicshine-EVO-1700SD-SHIMANO-Di2-kolesarska-luc.webp","datePublished":"2025-07-05T19:45:15+00:00","dateModified":"2025-11-25T23:15:55+00:00","description":"Magicshine EVO 1700SD SHIMANO Di2 \u00e8 la prima luce per bici che pu\u00f2 essere collegata a un deragliatore Di2. 1700 lumen di potenza integrati.","breadcrumb":{"@id":"https:\/\/www.sportshine.eu\/trgovina\/magicshine-evo-1700sd-shimano-di2-kolesarska-luc\/#breadcrumb"},"inLanguage":"it-IT","potentialAction":[{"@type":"ReadAction","target":["https:\/\/www.sportshine.eu\/trgovina\/magicshine-evo-1700sd-shimano-di2-kolesarska-luc\/"]}]},{"@type":"ImageObject","inLanguage":"it-IT","@id":"https:\/\/www.sportshine.eu\/trgovina\/magicshine-evo-1700sd-shimano-di2-kolesarska-luc\/#primaryimage","url":"https:\/\/www.sportshine.eu\/wp-content\/uploads\/2025\/07\/Magicshine-EVO-1700SD-SHIMANO-Di2-kolesarska-luc.webp","contentUrl":"https:\/\/www.sportshine.eu\/wp-content\/uploads\/2025\/07\/Magicshine-EVO-1700SD-SHIMANO-Di2-kolesarska-luc.webp","width":800,"height":800},{"@type":"BreadcrumbList","@id":"https:\/\/www.sportshine.eu\/trgovina\/magicshine-evo-1700sd-shimano-di2-kolesarska-luc\/#breadcrumb","itemListElement":[{"@type":"ListItem","position":1,"name":"Home","item":"https:\/\/www.sportshine.eu\/"},{"@type":"ListItem","position":2,"name":"Trgovina","item":"https:\/\/www.sportshine.eu\/trgovina\/"},{"@type":"ListItem","position":3,"name":"Magicshine EVO 1700SD SHIMANO Di2 kolesarska lu\u010d"}]},{"@type":"WebSite","@id":"https:\/\/www.sportshine.eu\/#website","url":"https:\/\/www.sportshine.eu\/","name":"Sportshine","description":"Il miglior negozio online per ciclismo, lampade frontali e attrezzature","publisher":{"@id":"https:\/\/www.sportshine.eu\/#organization"},"potentialAction":[{"@type":"SearchAction","target":{"@type":"EntryPoint","urlTemplate":"https:\/\/www.sportshine.eu\/?s={search_term_string}"},"query-input":{"@type":"PropertyValueSpecification","valueRequired":true,"valueName":"search_term_string"}}],"inLanguage":"it-IT"},{"@type":"Organization","@id":"https:\/\/www.sportshine.eu\/#organization","name":"Sportshine","url":"https:\/\/www.sportshine.eu\/","logo":{"@type":"ImageObject","inLanguage":"it-IT","@id":"https:\/\/www.sportshine.eu\/#\/schema\/logo\/image\/","url":"https:\/\/www.sportshine.eu\/wp-content\/uploads\/2026\/01\/cropped-Sportshine.webp","contentUrl":"https:\/\/www.sportshine.eu\/wp-content\/uploads\/2026\/01\/cropped-Sportshine.webp","width":295,"height":128,"caption":"Sportshine"},"image":{"@id":"https:\/\/www.sportshine.eu\/#\/schema\/logo\/image\/"},"sameAs":["https:\/\/www.facebook.com\/sportshine.eu\/"]}]}},"_links":{"self":[{"href":"https:\/\/www.sportshine.eu\/it\/wp-json\/wp\/v2\/product\/6452","targetHints":{"allow":["GET"]}}],"collection":[{"href":"https:\/\/www.sportshine.eu\/it\/wp-json\/wp\/v2\/product"}],"about":[{"href":"https:\/\/www.sportshine.eu\/it\/wp-json\/wp\/v2\/types\/product"}],"replies":[{"embeddable":true,"href":"https:\/\/www.sportshine.eu\/it\/wp-json\/wp\/v2\/comments?post=6452"}],"version-history":[{"count":0,"href":"https:\/\/www.sportshine.eu\/it\/wp-json\/wp\/v2\/product\/6452\/revisions"}],"wp:featuredmedia":[{"embeddable":true,"href":"https:\/\/www.sportshine.eu\/it\/wp-json\/wp\/v2\/media\/5991"}],"wp:attachment":[{"href":"https:\/\/www.sportshine.eu\/it\/wp-json\/wp\/v2\/media?parent=6452"}],"wp:term":[{"taxonomy":"product_brand","embeddable":true,"href":"https:\/\/www.sportshine.eu\/it\/wp-json\/wp\/v2\/product_brand?post=6452"},{"taxonomy":"product_cat","embeddable":true,"href":"https:\/\/www.sportshine.eu\/it\/wp-json\/wp\/v2\/product_cat?post=6452"},{"taxonomy":"product_tag","embeddable":true,"href":"https:\/\/www.sportshine.eu\/it\/wp-json\/wp\/v2\/product_tag?post=6452"}],"curies":[{"name":"parola chiave","href":"https:\/\/api.w.org\/{rel}","templated":true}]}}