{"id":6443,"date":"2025-07-08T19:45:03","date_gmt":"2025-07-08T19:45:03","guid":{"rendered":"https:\/\/www.sportshine.eu\/?post_type=product&#038;p=6443"},"modified":"2026-01-23T22:12:53","modified_gmt":"2026-01-23T22:12:53","slug":"occhiali-magicshine-antivento-neri","status":"publish","type":"product","link":"https:\/\/www.sportshine.eu\/it\/negozio\/occhiali-magicshine-antivento-neri\/","title":{"rendered":"Occhiali Magicshine Windbreaker neri"},"content":{"rendered":"<p>Gli occhiali da ciclismo Magicshine Windbreaker sono un&#039;ottima scelta per i ciclisti, combinando protezione, comfort e leggerezza a un prezzo accessibile. La loro forma si adatta a diverse forme del viso e li rende comodi da indossare.<\/p>\n<p>Le lenti in policarbonato presentano un rivestimento esterno REVO che riduce i riflessi e migliora il contrasto. Il rivestimento interno OAR riduce ulteriormente i riflessi. Gli occhiali offrono un comfort eccezionale, in quanto non premono sulle ombre, indipendentemente dal fatto che si indossi o meno il casco. Il nasello regolabile consente una perfetta aderenza al viso e gli occhiali rimangono stabili e saldamente in posizione durante la guida.<\/p>\n<p>Le lenti non si appannano, grazie ai canali di ventilazione nella parte inferiore delle lenti e alla loro forma aperta, che consente un migliore flusso d&#039;aria. Le macchie, impediscono l&#039;accumulo di sporco e unto, garantendo una manutenzione delle lenti senza pensieri.<\/p>\n<p>Grazie al design completamente senza montatura e alle ampie lenti curve, gli occhiali sono eleganti e sportivi, e offrono un&#039;eccellente visibilit\u00e0. Garantiscono una protezione completa dai dannosi raggi UV e proteggono gli occhi da vento, polvere e agenti atmosferici.<\/p>\n<p>Cos&#039;\u00e8 il rivestimento REVO? Clicca <span style=\"color: #339966;\"><a style=\"color: #339966;\" href=\"https:\/\/www.sportshine.eu\/it\/originalstran\/copertura-revo\/\">Qui<\/a><\/span><\/p>\n<p><iframe loading=\"lazy\" title=\"Magicshine GIACCA A VENTO\" width=\"500\" height=\"281\" src=\"https:\/\/www.youtube.com\/embed\/aeMY_kcMBAE?feature=oembed\" frameborder=\"0\" allow=\"accelerometer; autoplay; clipboard-write; encrypted-media; gyroscope; picture-in-picture; web-share\" referrerpolicy=\"strict-origin-when-cross-origin\" allowfullscreen><\/iframe><\/p>","protected":false},"excerpt":{"rendered":"<p>Gli occhiali Windbreaker sono una serie professionale di occhiali da ciclismo firmati MAGICSHINE, caratterizzati da una nitidezza eccezionale. Sono adatti sia al ciclismo professionistico che a quello quotidiano. Hanno ricevuto ottime recensioni dal portale online indipendente e di fama mondiale road.cc. &quot;Hanno lenti eccellenti, un peso ridotto e una buona qualit\u00e0 costruttiva. Il tutto a un prezzo molto competitivo&quot;.<\/p>","protected":false},"featured_media":5898,"comment_status":"open","ping_status":"closed","template":"","meta":[],"product_brand":[131],"product_cat":[104,103],"product_tag":[],"class_list":{"0":"post-6443","1":"product","2":"type-product","3":"status-publish","4":"has-post-thumbnail","6":"product_brand-magicshine","7":"product_cat-klasicna-kolesarska-ocala","8":"product_cat-kolesarska-ocala","10":"first","11":"outofstock","12":"taxable","13":"shipping-taxable","14":"purchasable","15":"product-type-simple"},"yoast_head":"<!-- This site is optimized with the Yoast SEO plugin v27.3 - https:\/\/yoast.com\/product\/yoast-seo-wordpress\/ -->\n<title>O\u010dala Magicshine Windbreaker black<\/title>\n<meta name=\"robots\" content=\"index, follow, max-snippet:-1, max-image-preview:large, max-video-preview:-1\" \/>\n<link rel=\"canonical\" href=\"https:\/\/www.sportshine.eu\/it\/negozio\/occhiali-magicshine-antivento-neri\/\" \/>\n<meta property=\"og:locale\" content=\"it_IT\" \/>\n<meta property=\"og:type\" content=\"article\" \/>\n<meta property=\"og:title\" content=\"O\u010dala Magicshine Windbreaker black\" \/>\n<meta property=\"og:description\" content=\"O\u010dala Windbreaker so profesionalna serija kolesarskih son\u010dnih o\u010dal podjetja MAGICSHINE z izjemno jasnostjo. Prilagojena so tako profesionalnemu kolesarjenju kot vsakodnevnim kolesarskim vo\u017enjam. V neodvisnem in svetovno priznanem spletnem portalu road.cc so dobile odli\u010dne ocene. \u201d have an excellent lens, a low weight and a good build quality. And all at a very competitive price, too\u201d\" \/>\n<meta property=\"og:url\" content=\"https:\/\/www.sportshine.eu\/it\/negozio\/occhiali-magicshine-antivento-neri\/\" \/>\n<meta property=\"og:site_name\" content=\"Sportshine\" \/>\n<meta property=\"article:publisher\" content=\"https:\/\/www.facebook.com\/sportshine.eu\/\" \/>\n<meta property=\"article:modified_time\" content=\"2026-01-23T22:12:53+00:00\" \/>\n<meta property=\"og:image\" content=\"https:\/\/www.sportshine.eu\/wp-content\/uploads\/2025\/07\/kolesarska-ocala-crna.webp\" \/>\n\t<meta property=\"og:image:width\" content=\"800\" \/>\n\t<meta property=\"og:image:height\" content=\"800\" \/>\n\t<meta property=\"og:image:type\" content=\"image\/webp\" \/>\n<meta name=\"twitter:card\" content=\"summary_large_image\" \/>\n<meta name=\"twitter:label1\" content=\"Tempo di lettura stimato\" \/>\n\t<meta name=\"twitter:data1\" content=\"2 minuti\" \/>\n<script type=\"application\/ld+json\" class=\"yoast-schema-graph\">{\"@context\":\"https:\\\/\\\/schema.org\",\"@graph\":[{\"@type\":\"WebPage\",\"@id\":\"https:\\\/\\\/www.sportshine.eu\\\/trgovina\\\/ocala-magicshine-windbreaker-black\\\/\",\"url\":\"https:\\\/\\\/www.sportshine.eu\\\/trgovina\\\/ocala-magicshine-windbreaker-black\\\/\",\"name\":\"O\u010dala Magicshine Windbreaker black\",\"isPartOf\":{\"@id\":\"https:\\\/\\\/www.sportshine.eu\\\/#website\"},\"primaryImageOfPage\":{\"@id\":\"https:\\\/\\\/www.sportshine.eu\\\/trgovina\\\/ocala-magicshine-windbreaker-black\\\/#primaryimage\"},\"image\":{\"@id\":\"https:\\\/\\\/www.sportshine.eu\\\/trgovina\\\/ocala-magicshine-windbreaker-black\\\/#primaryimage\"},\"thumbnailUrl\":\"https:\\\/\\\/www.sportshine.eu\\\/wp-content\\\/uploads\\\/2025\\\/07\\\/kolesarska-ocala-crna.webp\",\"datePublished\":\"2025-07-08T19:45:03+00:00\",\"dateModified\":\"2026-01-23T22:12:53+00:00\",\"breadcrumb\":{\"@id\":\"https:\\\/\\\/www.sportshine.eu\\\/trgovina\\\/ocala-magicshine-windbreaker-black\\\/#breadcrumb\"},\"inLanguage\":\"it-IT\",\"potentialAction\":[{\"@type\":\"ReadAction\",\"target\":[\"https:\\\/\\\/www.sportshine.eu\\\/trgovina\\\/ocala-magicshine-windbreaker-black\\\/\"]}]},{\"@type\":\"ImageObject\",\"inLanguage\":\"it-IT\",\"@id\":\"https:\\\/\\\/www.sportshine.eu\\\/trgovina\\\/ocala-magicshine-windbreaker-black\\\/#primaryimage\",\"url\":\"https:\\\/\\\/www.sportshine.eu\\\/wp-content\\\/uploads\\\/2025\\\/07\\\/kolesarska-ocala-crna.webp\",\"contentUrl\":\"https:\\\/\\\/www.sportshine.eu\\\/wp-content\\\/uploads\\\/2025\\\/07\\\/kolesarska-ocala-crna.webp\",\"width\":800,\"height\":800},{\"@type\":\"BreadcrumbList\",\"@id\":\"https:\\\/\\\/www.sportshine.eu\\\/trgovina\\\/ocala-magicshine-windbreaker-black\\\/#breadcrumb\",\"itemListElement\":[{\"@type\":\"ListItem\",\"position\":1,\"name\":\"Home\",\"item\":\"https:\\\/\\\/www.sportshine.eu\\\/\"},{\"@type\":\"ListItem\",\"position\":2,\"name\":\"Trgovina\",\"item\":\"https:\\\/\\\/www.sportshine.eu\\\/trgovina\\\/\"},{\"@type\":\"ListItem\",\"position\":3,\"name\":\"O\u010dala Magicshine Windbreaker black\"}]},{\"@type\":\"WebSite\",\"@id\":\"https:\\\/\\\/www.sportshine.eu\\\/#website\",\"url\":\"https:\\\/\\\/www.sportshine.eu\\\/\",\"name\":\"Sportshine\",\"description\":\"Top spletna trgovina kolesarskih in naglavnih svetilk ter opreme\",\"publisher\":{\"@id\":\"https:\\\/\\\/www.sportshine.eu\\\/#organization\"},\"potentialAction\":[{\"@type\":\"SearchAction\",\"target\":{\"@type\":\"EntryPoint\",\"urlTemplate\":\"https:\\\/\\\/www.sportshine.eu\\\/?s={search_term_string}\"},\"query-input\":{\"@type\":\"PropertyValueSpecification\",\"valueRequired\":true,\"valueName\":\"search_term_string\"}}],\"inLanguage\":\"it-IT\"},{\"@type\":\"Organization\",\"@id\":\"https:\\\/\\\/www.sportshine.eu\\\/#organization\",\"name\":\"Sportshine\",\"url\":\"https:\\\/\\\/www.sportshine.eu\\\/\",\"logo\":{\"@type\":\"ImageObject\",\"inLanguage\":\"it-IT\",\"@id\":\"https:\\\/\\\/www.sportshine.eu\\\/#\\\/schema\\\/logo\\\/image\\\/\",\"url\":\"https:\\\/\\\/www.sportshine.eu\\\/wp-content\\\/uploads\\\/2026\\\/01\\\/cropped-Sportshine.webp\",\"contentUrl\":\"https:\\\/\\\/www.sportshine.eu\\\/wp-content\\\/uploads\\\/2026\\\/01\\\/cropped-Sportshine.webp\",\"width\":295,\"height\":128,\"caption\":\"Sportshine\"},\"image\":{\"@id\":\"https:\\\/\\\/www.sportshine.eu\\\/#\\\/schema\\\/logo\\\/image\\\/\"},\"sameAs\":[\"https:\\\/\\\/www.facebook.com\\\/sportshine.eu\\\/\"]}]}<\/script>\n<!-- \/ Yoast SEO plugin. -->","yoast_head_json":{"title":"Occhiali Magicshine Windbreaker neri","robots":{"index":"index","follow":"follow","max-snippet":"max-snippet:-1","max-image-preview":"max-image-preview:large","max-video-preview":"max-video-preview:-1"},"canonical":"https:\/\/www.sportshine.eu\/it\/negozio\/occhiali-magicshine-antivento-neri\/","og_locale":"it_IT","og_type":"article","og_title":"O\u010dala Magicshine Windbreaker black","og_description":"O\u010dala Windbreaker so profesionalna serija kolesarskih son\u010dnih o\u010dal podjetja MAGICSHINE z izjemno jasnostjo. Prilagojena so tako profesionalnemu kolesarjenju kot vsakodnevnim kolesarskim vo\u017enjam. V neodvisnem in svetovno priznanem spletnem portalu road.cc so dobile odli\u010dne ocene. \u201d have an excellent lens, a low weight and a good build quality. And all at a very competitive price, too\u201d","og_url":"https:\/\/www.sportshine.eu\/it\/negozio\/occhiali-magicshine-antivento-neri\/","og_site_name":"Sportshine","article_publisher":"https:\/\/www.facebook.com\/sportshine.eu\/","article_modified_time":"2026-01-23T22:12:53+00:00","og_image":[{"width":800,"height":800,"url":"https:\/\/www.sportshine.eu\/wp-content\/uploads\/2025\/07\/kolesarska-ocala-crna.webp","type":"image\/webp"}],"twitter_card":"summary_large_image","twitter_misc":{"Tempo di lettura stimato":"2 minuti"},"schema":{"@context":"https:\/\/schema.org","@graph":[{"@type":"WebPage","@id":"https:\/\/www.sportshine.eu\/trgovina\/ocala-magicshine-windbreaker-black\/","url":"https:\/\/www.sportshine.eu\/trgovina\/ocala-magicshine-windbreaker-black\/","name":"Occhiali Magicshine Windbreaker neri","isPartOf":{"@id":"https:\/\/www.sportshine.eu\/#website"},"primaryImageOfPage":{"@id":"https:\/\/www.sportshine.eu\/trgovina\/ocala-magicshine-windbreaker-black\/#primaryimage"},"image":{"@id":"https:\/\/www.sportshine.eu\/trgovina\/ocala-magicshine-windbreaker-black\/#primaryimage"},"thumbnailUrl":"https:\/\/www.sportshine.eu\/wp-content\/uploads\/2025\/07\/kolesarska-ocala-crna.webp","datePublished":"2025-07-08T19:45:03+00:00","dateModified":"2026-01-23T22:12:53+00:00","breadcrumb":{"@id":"https:\/\/www.sportshine.eu\/trgovina\/ocala-magicshine-windbreaker-black\/#breadcrumb"},"inLanguage":"it-IT","potentialAction":[{"@type":"ReadAction","target":["https:\/\/www.sportshine.eu\/trgovina\/ocala-magicshine-windbreaker-black\/"]}]},{"@type":"ImageObject","inLanguage":"it-IT","@id":"https:\/\/www.sportshine.eu\/trgovina\/ocala-magicshine-windbreaker-black\/#primaryimage","url":"https:\/\/www.sportshine.eu\/wp-content\/uploads\/2025\/07\/kolesarska-ocala-crna.webp","contentUrl":"https:\/\/www.sportshine.eu\/wp-content\/uploads\/2025\/07\/kolesarska-ocala-crna.webp","width":800,"height":800},{"@type":"BreadcrumbList","@id":"https:\/\/www.sportshine.eu\/trgovina\/ocala-magicshine-windbreaker-black\/#breadcrumb","itemListElement":[{"@type":"ListItem","position":1,"name":"Home","item":"https:\/\/www.sportshine.eu\/"},{"@type":"ListItem","position":2,"name":"Trgovina","item":"https:\/\/www.sportshine.eu\/trgovina\/"},{"@type":"ListItem","position":3,"name":"O\u010dala Magicshine Windbreaker black"}]},{"@type":"WebSite","@id":"https:\/\/www.sportshine.eu\/#website","url":"https:\/\/www.sportshine.eu\/","name":"Sportshine","description":"Il miglior negozio online per ciclismo, lampade frontali e attrezzature","publisher":{"@id":"https:\/\/www.sportshine.eu\/#organization"},"potentialAction":[{"@type":"SearchAction","target":{"@type":"EntryPoint","urlTemplate":"https:\/\/www.sportshine.eu\/?s={search_term_string}"},"query-input":{"@type":"PropertyValueSpecification","valueRequired":true,"valueName":"search_term_string"}}],"inLanguage":"it-IT"},{"@type":"Organization","@id":"https:\/\/www.sportshine.eu\/#organization","name":"Sportshine","url":"https:\/\/www.sportshine.eu\/","logo":{"@type":"ImageObject","inLanguage":"it-IT","@id":"https:\/\/www.sportshine.eu\/#\/schema\/logo\/image\/","url":"https:\/\/www.sportshine.eu\/wp-content\/uploads\/2026\/01\/cropped-Sportshine.webp","contentUrl":"https:\/\/www.sportshine.eu\/wp-content\/uploads\/2026\/01\/cropped-Sportshine.webp","width":295,"height":128,"caption":"Sportshine"},"image":{"@id":"https:\/\/www.sportshine.eu\/#\/schema\/logo\/image\/"},"sameAs":["https:\/\/www.facebook.com\/sportshine.eu\/"]}]}},"_links":{"self":[{"href":"https:\/\/www.sportshine.eu\/it\/wp-json\/wp\/v2\/product\/6443","targetHints":{"allow":["GET"]}}],"collection":[{"href":"https:\/\/www.sportshine.eu\/it\/wp-json\/wp\/v2\/product"}],"about":[{"href":"https:\/\/www.sportshine.eu\/it\/wp-json\/wp\/v2\/types\/product"}],"replies":[{"embeddable":true,"href":"https:\/\/www.sportshine.eu\/it\/wp-json\/wp\/v2\/comments?post=6443"}],"version-history":[{"count":0,"href":"https:\/\/www.sportshine.eu\/it\/wp-json\/wp\/v2\/product\/6443\/revisions"}],"wp:featuredmedia":[{"embeddable":true,"href":"https:\/\/www.sportshine.eu\/it\/wp-json\/wp\/v2\/media\/5898"}],"wp:attachment":[{"href":"https:\/\/www.sportshine.eu\/it\/wp-json\/wp\/v2\/media?parent=6443"}],"wp:term":[{"taxonomy":"product_brand","embeddable":true,"href":"https:\/\/www.sportshine.eu\/it\/wp-json\/wp\/v2\/product_brand?post=6443"},{"taxonomy":"product_cat","embeddable":true,"href":"https:\/\/www.sportshine.eu\/it\/wp-json\/wp\/v2\/product_cat?post=6443"},{"taxonomy":"product_tag","embeddable":true,"href":"https:\/\/www.sportshine.eu\/it\/wp-json\/wp\/v2\/product_tag?post=6443"}],"curies":[{"name":"parola chiave","href":"https:\/\/api.w.org\/{rel}","templated":true}]}}