{"id":6434,"date":"2025-07-05T19:43:45","date_gmt":"2025-07-05T19:43:45","guid":{"rendered":"https:\/\/www.sportshine.eu\/?post_type=product&#038;p=6434"},"modified":"2026-04-24T07:49:56","modified_gmt":"2026-04-24T07:49:56","slug":"fanale-posteriore-radar-magicshine-seemee-r300-2","status":"publish","type":"product","link":"https:\/\/www.sportshine.eu\/it\/negozio\/fanale-posteriore-radar-magicshine-seemee-r300-2\/","title":{"rendered":"Fanale posteriore radar Magicshine SEEMEE R300"},"content":{"rendered":"<h3 style=\"text-align: center;\">ASSICURATI DI SAPERE COSA SUCCEDE SULLA STRADA. FAI ATTENZIONE AL TRAFFICO DIETRO DI TE.<\/h3>\n<p style=\"text-align: center;\">Magicshine SEEMEE R300 emette un avviso con un massimo di 300 lumen quando un veicolo si avvicina a una distanza di 70 m.<\/p>\n<p><img decoding=\"async\" class=\"aligncenter wp-image-7429\" src=\"https:\/\/www.sportshine.eu\/wp-content\/uploads\/2025\/07\/Magicshine-Seemee-r300-8.webp\" alt=\"Magicshine SEEMEE R300 \" width=\"800\" height=\"600\" srcset=\"https:\/\/www.sportshine.eu\/wp-content\/uploads\/2025\/07\/Magicshine-Seemee-r300-8-768x576.webp 768w, https:\/\/www.sportshine.eu\/wp-content\/uploads\/2025\/07\/Magicshine-Seemee-r300-8-600x450.webp 600w\" sizes=\"(max-width: 800px) 100vw, 800px\" \/><\/p>\n<h3 style=\"text-align: center;\">ELIMINA IL PUNTO CIECO E PROTEGGITI AD OGNI PASSO<\/h3>\n<p style=\"text-align: center;\">Avvisa con avvisi visivi e acustici della presenza di veicoli in arrivo da una distanza di 140 m. Monitora anche i veicoli in curva.<\/p>\n<p><img decoding=\"async\" class=\"aligncenter wp-image-7430\" src=\"https:\/\/www.sportshine.eu\/wp-content\/uploads\/2025\/07\/Magicshine-Seemee-r300-9.webp\" alt=\"Magicshine SEEMEE R300 \" width=\"800\" height=\"600\" srcset=\"https:\/\/www.sportshine.eu\/wp-content\/uploads\/2025\/07\/Magicshine-Seemee-r300-9-768x576.webp 768w, https:\/\/www.sportshine.eu\/wp-content\/uploads\/2025\/07\/Magicshine-Seemee-r300-9-600x450.webp 600w\" sizes=\"(max-width: 800px) 100vw, 800px\" \/><\/p>\n<h3 style=\"text-align: center;\">PRESENTAZIONE VIDEO DI MAGICSHINE SEEMEE R300<\/h3>\n<h3 style=\"text-align: center;\"><\/h3>\n<p><iframe loading=\"lazy\" title=\"Fanale posteriore radar intelligente MAGICSHINE SEEMEE R300\" width=\"500\" height=\"281\" src=\"https:\/\/www.youtube.com\/embed\/zqCq_Qfmf50?feature=oembed\" frameborder=\"0\" allow=\"accelerometer; autoplay; clipboard-write; encrypted-media; gyroscope; picture-in-picture; web-share\" referrerpolicy=\"strict-origin-when-cross-origin\" allowfullscreen><\/iframe><\/p>\n<h3 style=\"text-align: center;\">VISIBILIT\u00c0 ECCEZIONALE<\/h3>\n<p style=\"text-align: center;\">Magicshine SEEMEE R300 ti mantiene visibile e al sicuro anche a una distanza di 2,4 chilometri.<\/p>\n<p><img decoding=\"async\" class=\"aligncenter wp-image-7431\" src=\"https:\/\/www.sportshine.eu\/wp-content\/uploads\/2025\/07\/Magicshine-Seemee-r300-10.webp\" alt=\"Magicshine SEEMEE R300 \" width=\"800\" height=\"600\" srcset=\"https:\/\/www.sportshine.eu\/wp-content\/uploads\/2025\/07\/Magicshine-Seemee-r300-10-768x576.webp 768w, https:\/\/www.sportshine.eu\/wp-content\/uploads\/2025\/07\/Magicshine-Seemee-r300-10-600x450.webp 600w\" sizes=\"(max-width: 800px) 100vw, 800px\" \/><\/p>\n<h3 style=\"text-align: center;\">COMPUTER PER BICICLETTE COMPATIBILI<\/h3>\n<p style=\"text-align: center;\">Si collega perfettamente ai principali ciclocomputer come Garmin, Magene, Wahoo, Sigma, Bontrager, Pioneer e Hammerhead.<\/p>\n<p><img decoding=\"async\" class=\"aligncenter wp-image-7432\" src=\"https:\/\/www.sportshine.eu\/wp-content\/uploads\/2025\/07\/Radarska-luc-SEEMEE_R300.webp\" alt=\"Magicshine SEEMEE R300 \" width=\"800\" height=\"600\" srcset=\"https:\/\/www.sportshine.eu\/wp-content\/uploads\/2025\/07\/Radarska-luc-SEEMEE_R300-768x576.webp 768w, https:\/\/www.sportshine.eu\/wp-content\/uploads\/2025\/07\/Radarska-luc-SEEMEE_R300-600x450.webp 600w\" sizes=\"(max-width: 800px) 100vw, 800px\" \/><\/p>\n<h3 style=\"text-align: center;\">BATTERIA POTENTE<\/h3>\n<p style=\"text-align: center;\">La potente batteria da 3350 mAh offre ben 100 ore di utilizzo. Si ricarica rapidamente tramite USB-C in sole 2,15 ore.<\/p>\n<p><img decoding=\"async\" class=\"aligncenter wp-image-7434 size-full\" src=\"https:\/\/www.sportshine.eu\/wp-content\/uploads\/2025\/07\/Magicshine-seemee-r300-11.webp\" alt=\"Magicshine SEEMEE R300 \" width=\"800\" height=\"800\" srcset=\"https:\/\/www.sportshine.eu\/wp-content\/uploads\/2025\/07\/Magicshine-seemee-r300-11.webp 800w, https:\/\/www.sportshine.eu\/wp-content\/uploads\/2025\/07\/Magicshine-seemee-r300-11-768x768.webp 768w, https:\/\/www.sportshine.eu\/wp-content\/uploads\/2025\/07\/Magicshine-seemee-r300-11-600x600.webp 600w\" sizes=\"(max-width: 800px) 100vw, 800px\" \/><\/p>\n<h3 style=\"text-align: center;\">PELOTONSYNC LAMPEGGIANTE<\/h3>\n<p style=\"text-align: center;\">Coordina automaticamente i modelli di lampeggiamento tra le luci posteriori compatibili, aumentando la visibilit\u00e0 e valorizzando lo stile di squadra sulla strada.<\/p>\n<p><img decoding=\"async\" class=\"aligncenter wp-image-7435\" src=\"https:\/\/www.sportshine.eu\/wp-content\/uploads\/2025\/07\/Magicshine-Seemee-r300-12.webp\" alt=\"Magicshine SEEMEE R300 \" width=\"800\" height=\"600\" srcset=\"https:\/\/www.sportshine.eu\/wp-content\/uploads\/2025\/07\/Magicshine-Seemee-r300-12-768x576.webp 768w, https:\/\/www.sportshine.eu\/wp-content\/uploads\/2025\/07\/Magicshine-Seemee-r300-12-600x450.webp 600w\" sizes=\"(max-width: 800px) 100vw, 800px\" \/><\/p>\n<h3 style=\"text-align: center;\">DOPPIO PULSANTE DI CONTROLLO<\/h3>\n<p style=\"text-align: center;\">Semplice, efficiente e divertente, con pulsanti separati per il controllo delle funzioni delle luci posteriori e del radar.<\/p>\n<p><img decoding=\"async\" class=\"aligncenter wp-image-7436\" src=\"https:\/\/www.sportshine.eu\/wp-content\/uploads\/2025\/07\/Magicshine-Seemee-r300-13.webp\" alt=\"Magicshine SEEMEE R300 \" width=\"800\" height=\"600\" srcset=\"https:\/\/www.sportshine.eu\/wp-content\/uploads\/2025\/07\/Magicshine-Seemee-r300-13-768x576.webp 768w, https:\/\/www.sportshine.eu\/wp-content\/uploads\/2025\/07\/Magicshine-Seemee-r300-13-600x450.webp 600w\" sizes=\"(max-width: 800px) 100vw, 800px\" \/><\/p>\n<h3 style=\"text-align: center;\">SISTEMA DI BLOCCAGGIO INTELLIGENTE<\/h3>\n<p style=\"text-align: center;\">La funzione di blocco impedisce l&#039;attivazione accidentale e prolunga notevolmente la durata della batteria.<\/p>\n<p><img decoding=\"async\" class=\"aligncenter wp-image-7437\" src=\"https:\/\/www.sportshine.eu\/wp-content\/uploads\/2025\/07\/Magicshine-Seemee-r300-14.webp\" alt=\"Magicshine Seemee r300\" width=\"800\" height=\"600\" srcset=\"https:\/\/www.sportshine.eu\/wp-content\/uploads\/2025\/07\/Magicshine-Seemee-r300-14-768x576.webp 768w, https:\/\/www.sportshine.eu\/wp-content\/uploads\/2025\/07\/Magicshine-Seemee-r300-14-600x450.webp 600w\" sizes=\"(max-width: 800px) 100vw, 800px\" \/><\/p>\n<h3 style=\"text-align: center;\">ACCENSIONE AUTOMATICA<\/h3>\n<p style=\"text-align: center;\">La luce radar Magicshine SEEMEE R300 si spegne automaticamente dopo 5 minuti di inattivit\u00e0 e si riaccende in caso di vibrazione.<\/p>\n<p><img decoding=\"async\" class=\"aligncenter wp-image-7438\" src=\"https:\/\/www.sportshine.eu\/wp-content\/uploads\/2025\/07\/Magicshine-SEEMEE-R300-radar-4.webp\" alt=\"Magicshine Seemee r300\" width=\"800\" height=\"600\" srcset=\"https:\/\/www.sportshine.eu\/wp-content\/uploads\/2025\/07\/Magicshine-SEEMEE-R300-radar-4-768x576.webp 768w, https:\/\/www.sportshine.eu\/wp-content\/uploads\/2025\/07\/Magicshine-SEEMEE-R300-radar-4-600x450.webp 600w\" sizes=\"(max-width: 800px) 100vw, 800px\" \/><\/p>\n<h3 style=\"text-align: center;\">FACILE INSTALLAZIONE<\/h3>\n<p><img decoding=\"async\" class=\"aligncenter wp-image-7439\" src=\"https:\/\/www.sportshine.eu\/wp-content\/uploads\/2025\/07\/Magicshine-SEEMEE-R300-radar-3.webp\" alt=\"Magicshine Seemee r300\" width=\"800\" height=\"600\" srcset=\"https:\/\/www.sportshine.eu\/wp-content\/uploads\/2025\/07\/Magicshine-SEEMEE-R300-radar-3-768x576.webp 768w, https:\/\/www.sportshine.eu\/wp-content\/uploads\/2025\/07\/Magicshine-SEEMEE-R300-radar-3-600x450.webp 600w\" sizes=\"(max-width: 800px) 100vw, 800px\" \/><\/p>\n<h3 style=\"text-align: center;\">IMPERMEABILE SECONDO LO STANDARD IPX6<\/h3>\n<p style=\"text-align: center;\">La luce radar Magicshine \u00e8 progettata per resistere agli agenti atmosferici: lo standard IPX6 garantisce un funzionamento impeccabile anche sotto pioggia o temporali.<\/p>\n<p><img decoding=\"async\" class=\"aligncenter wp-image-7440\" src=\"https:\/\/www.sportshine.eu\/wp-content\/uploads\/2025\/07\/Radarska-luc-Magicshine-2.webp\" alt=\"Magicshine Seemee r300\" width=\"800\" height=\"600\" srcset=\"https:\/\/www.sportshine.eu\/wp-content\/uploads\/2025\/07\/Radarska-luc-Magicshine-2-768x576.webp 768w, https:\/\/www.sportshine.eu\/wp-content\/uploads\/2025\/07\/Radarska-luc-Magicshine-2-600x450.webp 600w\" sizes=\"(max-width: 800px) 100vw, 800px\" \/><\/p>\n<h3 style=\"text-align: center;\">COSA RICEVI NELLA SCATOLA<\/h3>\n<p style=\"text-align: center;\">Oltre alla luce radar Magicshine SEEMEE R300, la confezione include anche una staffa di montaggio resistente, un supporto aerodinamico, un cavo di ricarica e le istruzioni.<\/p>\n<p style=\"text-align: center;\"><img decoding=\"async\" class=\"aligncenter wp-image-7441\" src=\"https:\/\/www.sportshine.eu\/wp-content\/uploads\/2025\/07\/Magicshine-Seemee-r300-15.webp\" alt=\"Magicshine Seemee r300\" width=\"800\" height=\"450\" srcset=\"https:\/\/www.sportshine.eu\/wp-content\/uploads\/2025\/07\/Magicshine-Seemee-r300-15-768x432.webp 768w, https:\/\/www.sportshine.eu\/wp-content\/uploads\/2025\/07\/Magicshine-Seemee-r300-15-600x337.webp 600w\" sizes=\"(max-width: 800px) 100vw, 800px\" \/><\/p>","protected":false},"excerpt":{"rendered":"<p>Magicshine SEEMEE R300, con la sua tecnologia radar all&#039;avanguardia, non \u00e8 solo un fanale posteriore: \u00e8 un dispositivo di sicurezza avanzato. In grado di rilevare i veicoli in arrivo fino a 140 metri di distanza, monitora la velocit\u00e0 da 5 a 100 km\/h, offrendoti una visione precisa di ci\u00f2 che accade intorno a te. Questo approccio proattivo al monitoraggio del traffico riduce significativamente il rischio di tamponamenti, che si tratti di veicoli, biciclette elettriche o altri ciclisti, offrendoti maggiore sicurezza e tranquillit\u00e0 sulla strada.<\/p>\n<p><strong>Caratteristiche principali:<\/strong><\/p>\n<p>\u2714 Sistema radar ANT+<br \/>\n\u2714 Compatibilit\u00e0 con i ciclocomputer<br \/>\n\u2714 Potenza massima: 300 lumen<br \/>\n\u2714 Tempo massimo di funzionamento: 100 ore<br \/>\n\u2714 Visibilit\u00e0: 2400 m<br \/>\n\u2714 Distanza massima di rilevamento: 140 m<br \/>\n\u2714 Ampio angolo di visione: 270\u00b0<br \/>\n\u2714 Adattatore largo per montaggio su reggisella + adattatore per reggisella aerodinamico<\/p>\n<p>&nbsp;<\/p>","protected":false},"featured_media":5820,"comment_status":"open","ping_status":"closed","template":"","meta":[],"product_brand":[131],"product_cat":[86],"product_tag":[],"class_list":{"0":"post-6434","1":"product","2":"type-product","3":"status-publish","4":"has-post-thumbnail","6":"product_brand-magicshine","7":"product_cat-zadnje-kolesarske-luci","9":"first","10":"instock","11":"sale","12":"taxable","13":"shipping-taxable","14":"purchasable","15":"product-type-simple"},"yoast_head":"<!-- This site is optimized with the Yoast SEO plugin v27.4 - https:\/\/yoast.com\/product\/yoast-seo-wordpress\/ -->\n<title>Magicshine SEEMEE R300 radarska zadnja lu\u010d<\/title>\n<meta name=\"description\" content=\"Magicshine SEEMEE R300 je vrhunska radarska lu\u010d za kolesarje. S svojo radar tehnologijo zazna vozila do 140 metrov in sveti z mo\u010djo 300 lumnov.\" \/>\n<meta name=\"robots\" content=\"index, follow, max-snippet:-1, max-image-preview:large, max-video-preview:-1\" \/>\n<link rel=\"canonical\" href=\"https:\/\/www.sportshine.eu\/it\/originalstran\/negozio\/magene_l508\/\" \/>\n<meta property=\"og:locale\" content=\"it_IT\" \/>\n<meta property=\"og:type\" content=\"article\" \/>\n<meta property=\"og:title\" content=\"Magicshine SEEMEE R300 radarska zadnja lu\u010d\" \/>\n<meta property=\"og:description\" content=\"Magicshine SEEMEE R300 je vrhunska radarska lu\u010d za kolesarje. S svojo radar tehnologijo zazna vozila do 140 metrov in sveti z mo\u010djo 300 lumnov.\" \/>\n<meta property=\"og:url\" content=\"https:\/\/www.sportshine.eu\/it\/originalstran\/negozio\/magene_l508\/\" \/>\n<meta property=\"og:site_name\" content=\"Sportshine\" \/>\n<meta property=\"article:publisher\" content=\"https:\/\/www.facebook.com\/sportshine.eu\/\" \/>\n<meta property=\"article:modified_time\" content=\"2026-04-24T07:49:56+00:00\" \/>\n<meta property=\"og:image\" content=\"https:\/\/www.sportshine.eu\/wp-content\/uploads\/2025\/07\/Magicshine-seemee-r300-1.webp\" \/>\n\t<meta property=\"og:image:width\" content=\"800\" \/>\n\t<meta property=\"og:image:height\" content=\"800\" \/>\n\t<meta property=\"og:image:type\" content=\"image\/webp\" \/>\n<meta name=\"twitter:card\" content=\"summary_large_image\" \/>\n<meta name=\"twitter:label1\" content=\"Tempo di lettura stimato\" \/>\n\t<meta name=\"twitter:data1\" content=\"4 minuti\" \/>\n<script type=\"application\/ld+json\" class=\"yoast-schema-graph\">{\"@context\":\"https:\\\/\\\/schema.org\",\"@graph\":[{\"@type\":\"WebPage\",\"@id\":\"https:\\\/\\\/www.sportshine.eu\\\/trgovina\\\/magicshine-seemee-r300-radarska-zadnja-luc-2\\\/\",\"url\":\"https:\\\/\\\/www.sportshine.eu\\\/originalstran\\\/trgovina\\\/magene_l508\\\/\",\"name\":\"Magicshine SEEMEE R300 radarska zadnja lu\u010d\",\"isPartOf\":{\"@id\":\"https:\\\/\\\/www.sportshine.eu\\\/#website\"},\"primaryImageOfPage\":{\"@id\":\"https:\\\/\\\/www.sportshine.eu\\\/originalstran\\\/trgovina\\\/magene_l508\\\/#primaryimage\"},\"image\":{\"@id\":\"https:\\\/\\\/www.sportshine.eu\\\/originalstran\\\/trgovina\\\/magene_l508\\\/#primaryimage\"},\"thumbnailUrl\":\"https:\\\/\\\/www.sportshine.eu\\\/wp-content\\\/uploads\\\/2025\\\/07\\\/Magicshine-seemee-r300-1.webp\",\"datePublished\":\"2025-07-05T19:43:45+00:00\",\"dateModified\":\"2026-04-24T07:49:56+00:00\",\"description\":\"Magicshine SEEMEE R300 je vrhunska radarska lu\u010d za kolesarje. S svojo radar tehnologijo zazna vozila do 140 metrov in sveti z mo\u010djo 300 lumnov.\",\"breadcrumb\":{\"@id\":\"https:\\\/\\\/www.sportshine.eu\\\/originalstran\\\/trgovina\\\/magene_l508\\\/#breadcrumb\"},\"inLanguage\":\"it-IT\",\"potentialAction\":[{\"@type\":\"ReadAction\",\"target\":[\"https:\\\/\\\/www.sportshine.eu\\\/originalstran\\\/trgovina\\\/magene_l508\\\/\"]}]},{\"@type\":\"ImageObject\",\"inLanguage\":\"it-IT\",\"@id\":\"https:\\\/\\\/www.sportshine.eu\\\/originalstran\\\/trgovina\\\/magene_l508\\\/#primaryimage\",\"url\":\"https:\\\/\\\/www.sportshine.eu\\\/wp-content\\\/uploads\\\/2025\\\/07\\\/Magicshine-seemee-r300-1.webp\",\"contentUrl\":\"https:\\\/\\\/www.sportshine.eu\\\/wp-content\\\/uploads\\\/2025\\\/07\\\/Magicshine-seemee-r300-1.webp\",\"width\":800,\"height\":800},{\"@type\":\"BreadcrumbList\",\"@id\":\"https:\\\/\\\/www.sportshine.eu\\\/originalstran\\\/trgovina\\\/magene_l508\\\/#breadcrumb\",\"itemListElement\":[{\"@type\":\"ListItem\",\"position\":1,\"name\":\"Home\",\"item\":\"https:\\\/\\\/www.sportshine.eu\\\/\"},{\"@type\":\"ListItem\",\"position\":2,\"name\":\"Trgovina\",\"item\":\"https:\\\/\\\/www.sportshine.eu\\\/trgovina\\\/\"},{\"@type\":\"ListItem\",\"position\":3,\"name\":\"Magicshine SEEMEE R300 radarska zadnja lu\u010d\"}]},{\"@type\":\"WebSite\",\"@id\":\"https:\\\/\\\/www.sportshine.eu\\\/#website\",\"url\":\"https:\\\/\\\/www.sportshine.eu\\\/\",\"name\":\"Sportshine\",\"description\":\"Top spletna trgovina kolesarskih in naglavnih svetilk ter opreme\",\"publisher\":{\"@id\":\"https:\\\/\\\/www.sportshine.eu\\\/#organization\"},\"potentialAction\":[{\"@type\":\"SearchAction\",\"target\":{\"@type\":\"EntryPoint\",\"urlTemplate\":\"https:\\\/\\\/www.sportshine.eu\\\/?s={search_term_string}\"},\"query-input\":{\"@type\":\"PropertyValueSpecification\",\"valueRequired\":true,\"valueName\":\"search_term_string\"}}],\"inLanguage\":\"it-IT\"},{\"@type\":\"Organization\",\"@id\":\"https:\\\/\\\/www.sportshine.eu\\\/#organization\",\"name\":\"Sportshine\",\"url\":\"https:\\\/\\\/www.sportshine.eu\\\/\",\"logo\":{\"@type\":\"ImageObject\",\"inLanguage\":\"it-IT\",\"@id\":\"https:\\\/\\\/www.sportshine.eu\\\/#\\\/schema\\\/logo\\\/image\\\/\",\"url\":\"https:\\\/\\\/www.sportshine.eu\\\/wp-content\\\/uploads\\\/2026\\\/01\\\/cropped-Sportshine.webp\",\"contentUrl\":\"https:\\\/\\\/www.sportshine.eu\\\/wp-content\\\/uploads\\\/2026\\\/01\\\/cropped-Sportshine.webp\",\"width\":295,\"height\":128,\"caption\":\"Sportshine\"},\"image\":{\"@id\":\"https:\\\/\\\/www.sportshine.eu\\\/#\\\/schema\\\/logo\\\/image\\\/\"},\"sameAs\":[\"https:\\\/\\\/www.facebook.com\\\/sportshine.eu\\\/\"]}]}<\/script>\n<!-- \/ Yoast SEO plugin. -->","yoast_head_json":{"title":"Fanale posteriore radar Magicshine SEEMEE R300","description":"Magicshine SEEMEE R300 \u00e8 una luce radar di alta gamma per ciclisti. Utilizza la tecnologia radar per rilevare veicoli fino a 140 metri di distanza e illumina con una potenza di 300 lumen.","robots":{"index":"index","follow":"follow","max-snippet":"max-snippet:-1","max-image-preview":"max-image-preview:large","max-video-preview":"max-video-preview:-1"},"canonical":"https:\/\/www.sportshine.eu\/it\/originalstran\/negozio\/magene_l508\/","og_locale":"it_IT","og_type":"article","og_title":"Magicshine SEEMEE R300 radarska zadnja lu\u010d","og_description":"Magicshine SEEMEE R300 je vrhunska radarska lu\u010d za kolesarje. S svojo radar tehnologijo zazna vozila do 140 metrov in sveti z mo\u010djo 300 lumnov.","og_url":"https:\/\/www.sportshine.eu\/it\/originalstran\/negozio\/magene_l508\/","og_site_name":"Sportshine","article_publisher":"https:\/\/www.facebook.com\/sportshine.eu\/","article_modified_time":"2026-04-24T07:49:56+00:00","og_image":[{"width":800,"height":800,"url":"https:\/\/www.sportshine.eu\/wp-content\/uploads\/2025\/07\/Magicshine-seemee-r300-1.webp","type":"image\/webp"}],"twitter_card":"summary_large_image","twitter_misc":{"Tempo di lettura stimato":"4 minuti"},"schema":{"@context":"https:\/\/schema.org","@graph":[{"@type":"WebPage","@id":"https:\/\/www.sportshine.eu\/trgovina\/magicshine-seemee-r300-radarska-zadnja-luc-2\/","url":"https:\/\/www.sportshine.eu\/originalstran\/trgovina\/magene_l508\/","name":"Fanale posteriore radar Magicshine SEEMEE R300","isPartOf":{"@id":"https:\/\/www.sportshine.eu\/#website"},"primaryImageOfPage":{"@id":"https:\/\/www.sportshine.eu\/originalstran\/trgovina\/magene_l508\/#primaryimage"},"image":{"@id":"https:\/\/www.sportshine.eu\/originalstran\/trgovina\/magene_l508\/#primaryimage"},"thumbnailUrl":"https:\/\/www.sportshine.eu\/wp-content\/uploads\/2025\/07\/Magicshine-seemee-r300-1.webp","datePublished":"2025-07-05T19:43:45+00:00","dateModified":"2026-04-24T07:49:56+00:00","description":"Magicshine SEEMEE R300 \u00e8 una luce radar di alta gamma per ciclisti. Utilizza la tecnologia radar per rilevare veicoli fino a 140 metri di distanza e illumina con una potenza di 300 lumen.","breadcrumb":{"@id":"https:\/\/www.sportshine.eu\/originalstran\/trgovina\/magene_l508\/#breadcrumb"},"inLanguage":"it-IT","potentialAction":[{"@type":"ReadAction","target":["https:\/\/www.sportshine.eu\/originalstran\/trgovina\/magene_l508\/"]}]},{"@type":"ImageObject","inLanguage":"it-IT","@id":"https:\/\/www.sportshine.eu\/originalstran\/trgovina\/magene_l508\/#primaryimage","url":"https:\/\/www.sportshine.eu\/wp-content\/uploads\/2025\/07\/Magicshine-seemee-r300-1.webp","contentUrl":"https:\/\/www.sportshine.eu\/wp-content\/uploads\/2025\/07\/Magicshine-seemee-r300-1.webp","width":800,"height":800},{"@type":"BreadcrumbList","@id":"https:\/\/www.sportshine.eu\/originalstran\/trgovina\/magene_l508\/#breadcrumb","itemListElement":[{"@type":"ListItem","position":1,"name":"Home","item":"https:\/\/www.sportshine.eu\/"},{"@type":"ListItem","position":2,"name":"Trgovina","item":"https:\/\/www.sportshine.eu\/trgovina\/"},{"@type":"ListItem","position":3,"name":"Magicshine SEEMEE R300 radarska zadnja lu\u010d"}]},{"@type":"WebSite","@id":"https:\/\/www.sportshine.eu\/#website","url":"https:\/\/www.sportshine.eu\/","name":"Sportshine","description":"Il miglior negozio online per ciclismo, lampade frontali e attrezzature","publisher":{"@id":"https:\/\/www.sportshine.eu\/#organization"},"potentialAction":[{"@type":"SearchAction","target":{"@type":"EntryPoint","urlTemplate":"https:\/\/www.sportshine.eu\/?s={search_term_string}"},"query-input":{"@type":"PropertyValueSpecification","valueRequired":true,"valueName":"search_term_string"}}],"inLanguage":"it-IT"},{"@type":"Organization","@id":"https:\/\/www.sportshine.eu\/#organization","name":"Sportshine","url":"https:\/\/www.sportshine.eu\/","logo":{"@type":"ImageObject","inLanguage":"it-IT","@id":"https:\/\/www.sportshine.eu\/#\/schema\/logo\/image\/","url":"https:\/\/www.sportshine.eu\/wp-content\/uploads\/2026\/01\/cropped-Sportshine.webp","contentUrl":"https:\/\/www.sportshine.eu\/wp-content\/uploads\/2026\/01\/cropped-Sportshine.webp","width":295,"height":128,"caption":"Sportshine"},"image":{"@id":"https:\/\/www.sportshine.eu\/#\/schema\/logo\/image\/"},"sameAs":["https:\/\/www.facebook.com\/sportshine.eu\/"]}]}},"_links":{"self":[{"href":"https:\/\/www.sportshine.eu\/it\/wp-json\/wp\/v2\/product\/6434","targetHints":{"allow":["GET"]}}],"collection":[{"href":"https:\/\/www.sportshine.eu\/it\/wp-json\/wp\/v2\/product"}],"about":[{"href":"https:\/\/www.sportshine.eu\/it\/wp-json\/wp\/v2\/types\/product"}],"replies":[{"embeddable":true,"href":"https:\/\/www.sportshine.eu\/it\/wp-json\/wp\/v2\/comments?post=6434"}],"version-history":[{"count":0,"href":"https:\/\/www.sportshine.eu\/it\/wp-json\/wp\/v2\/product\/6434\/revisions"}],"wp:featuredmedia":[{"embeddable":true,"href":"https:\/\/www.sportshine.eu\/it\/wp-json\/wp\/v2\/media\/5820"}],"wp:attachment":[{"href":"https:\/\/www.sportshine.eu\/it\/wp-json\/wp\/v2\/media?parent=6434"}],"wp:term":[{"taxonomy":"product_brand","embeddable":true,"href":"https:\/\/www.sportshine.eu\/it\/wp-json\/wp\/v2\/product_brand?post=6434"},{"taxonomy":"product_cat","embeddable":true,"href":"https:\/\/www.sportshine.eu\/it\/wp-json\/wp\/v2\/product_cat?post=6434"},{"taxonomy":"product_tag","embeddable":true,"href":"https:\/\/www.sportshine.eu\/it\/wp-json\/wp\/v2\/product_tag?post=6434"}],"curies":[{"name":"parola chiave","href":"https:\/\/api.w.org\/{rel}","templated":true}]}}