{"id":6412,"date":"2025-07-05T19:40:04","date_gmt":"2025-07-05T19:40:04","guid":{"rendered":"https:\/\/www.sportshine.eu\/?post_type=product&#038;p=6412"},"modified":"2026-03-11T14:36:43","modified_gmt":"2026-03-11T14:36:43","slug":"pacchetto-ciclismo-luci-magicshine-allty-800-seemee-50","status":"publish","type":"product","link":"https:\/\/www.sportshine.eu\/it\/negozio\/pacchetto-ciclismo-luci-magicshine-allty-800-seemee-50\/","title":{"rendered":"Pacchetto luci per bici Magicshine Allty 800 + SEEMEE 50"},"content":{"rendered":"<h3 style=\"text-align: center;\">VIDEO FARO ANTERIORE ALLTY 800<\/h3>\n<p><iframe loading=\"lazy\" title=\"ISTRUZIONI PER L&#039;USO MAGICSHINE ALLTY 800\" width=\"500\" height=\"281\" src=\"https:\/\/www.youtube.com\/embed\/FkGIK-Vw-Uk?feature=oembed\" frameborder=\"0\" allow=\"accelerometer; autoplay; clipboard-write; encrypted-media; gyroscope; picture-in-picture; web-share\" referrerpolicy=\"strict-origin-when-cross-origin\" allowfullscreen><\/iframe><\/p>\n<h3 style=\"text-align: center;\">VIDEO FANALE POSTERIORE SEEMEE 50<\/h3>\n<p><iframe loading=\"lazy\" title=\"MAGICHSINE SEEMEE 50 Istruzioni per l&#039;uso\" width=\"500\" height=\"281\" src=\"https:\/\/www.youtube.com\/embed\/weqjgAF7ZZc?feature=oembed\" frameborder=\"0\" allow=\"accelerometer; autoplay; clipboard-write; encrypted-media; gyroscope; picture-in-picture; web-share\" referrerpolicy=\"strict-origin-when-cross-origin\" allowfullscreen><\/iframe><\/p>\n<h3 style=\"text-align: center;\">LENTE OTTICA AD ALTE PRESTAZIONI<\/h3>\n<p style=\"text-align: center;\">L&#039;ALLTY 800 utilizza una lente ottica ad alta efficienza per fornire un flusso luminoso massimo di 800 lumen. Il design studiato dell&#039;illuminazione laterale garantisce maggiore attenzione da parte dei conducenti.<\/p>\n<p><img decoding=\"async\" class=\"aligncenter wp-image-7173\" src=\"https:\/\/www.sportshine.eu\/wp-content\/uploads\/2025\/07\/luc-za-kolo-1-3.webp\" alt=\"\" width=\"800\" height=\"600\" \/><\/p>\n<h3 style=\"text-align: center;\">LA POTENZA SUPERA LE DIMENSIONI DELLA LAMPADA<\/h3>\n<p style=\"text-align: center;\">La luce per bicicletta Allty 800 \u00e8 dotata di una batteria ad alte prestazioni (4000 mAh) e garantisce una lunga durata e un&#039;illuminazione affidabile.<\/p>\n<p><img decoding=\"async\" class=\"aligncenter wp-image-7156\" src=\"https:\/\/www.sportshine.eu\/wp-content\/uploads\/2025\/07\/allty-800-kolesarska-luc-1.webp\" alt=\"\" width=\"800\" height=\"600\" \/><\/p>\n<h3 style=\"text-align: center;\">CARICA TRAMITE INGRESSO USB C<\/h3>\n<p style=\"text-align: center;\">Grazie alla porta di ricarica rapida USB-C, ALLTY 800 consente una ricarica rapida. La particolarit\u00e0 di questa lampada \u00e8 che funge anche da stazione di ricarica, cos\u00ec puoi ricaricare il tuo telefono o il tuo contatore mentre sei in giro.<\/p>\n<p><img decoding=\"async\" class=\"aligncenter wp-image-7157\" src=\"https:\/\/www.sportshine.eu\/wp-content\/uploads\/2025\/07\/luc-allty-800.webp\" alt=\"\" width=\"800\" height=\"600\" \/><\/p>\n<h3 style=\"text-align: center;\">INDICATORE DI ALIMENTAZIONE DI FACILE LETTURA<\/h3>\n<p style=\"text-align: center;\">Quando il dispositivo \u00e8 acceso, la spia sul pulsante di accensione indicher\u00e0 il livello della batteria. Quando il dispositivo \u00e8 spento, premere brevemente il pulsante di accensione per attivare la spia (che si spegner\u00e0 automaticamente dopo 3 secondi).<\/p>\n<p style=\"text-align: center;\">VERDE: 21%-100%<br \/>\nROSSO: 11%-20%<br \/>\nROSSO LAMPEGGIANTE: 0%-10%<\/p>\n<p><img decoding=\"async\" class=\"aligncenter wp-image-7158\" src=\"https:\/\/www.sportshine.eu\/wp-content\/uploads\/2025\/07\/allty-800-luc-za-kolo.webp\" alt=\"\" width=\"800\" height=\"600\" \/><\/p>\n<h3 style=\"text-align: center;\">IMPERMEABILE SECONDO LO STANDARD IPX7<\/h3>\n<p style=\"text-align: center;\">Le prestazioni di impermeabilit\u00e0 della luce per bicicletta ALLTY 800 sono classificate IPX7 secondo IEC 60529, il che significa che ALLTY 800 pu\u00f2 rimanere in acqua fino a una profondit\u00e0 di 1 m per 30 minuti senza che le prestazioni del prodotto ne risentano.<\/p>\n<p><img decoding=\"async\" class=\"aligncenter wp-image-7159\" src=\"https:\/\/www.sportshine.eu\/wp-content\/uploads\/2025\/07\/allty-800-kolesarska-luc-2.webp\" alt=\"\" width=\"800\" height=\"600\" \/><\/p>\n<h3 style=\"text-align: center;\">CUSTODIA IN METALLO E QUALIT\u00c0 DUREVOLE<\/h3>\n<p style=\"text-align: center;\">L&#039;intero corpo in lega di alluminio garantisce una lunga durata.<\/p>\n<p><img decoding=\"async\" class=\"aligncenter wp-image-7180\" src=\"https:\/\/www.sportshine.eu\/wp-content\/uploads\/2025\/07\/Allty-luc-za-kolo.webp\" alt=\"\" width=\"800\" height=\"600\" \/><\/p>\n<h3 style=\"text-align: center;\">LENTE ECCEZIONALE<\/h3>\n<p style=\"text-align: center;\">Offre una luce di segnalazione impressionante fino a 50 lumen, rendendoti estremamente visibile lateralmente.<\/p>\n<p><img decoding=\"async\" class=\"aligncenter wp-image-7541\" src=\"https:\/\/www.sportshine.eu\/wp-content\/uploads\/2025\/07\/SEEMEE_50_1.webp\" alt=\"\" width=\"800\" height=\"600\" \/><\/p>\n<h3 style=\"text-align: center;\">SINCRONIZZAZIONE AUTOMATICA DI GRUPPO<\/h3>\n<p style=\"text-align: center;\">La modalit\u00e0 GROUP RIDE include un&#039;innovativa funzione di sincronizzazione automatica che ti consente di impostare tutti i dispositivi SEEMEE 50 del tuo gruppo sullo stesso schema di lampeggio senza impostazioni complicate, aumentando la visibilit\u00e0 su strada e rafforzando lo spirito di squadra. *Mantieni la distanza tra i fanali posteriori entro 10 metri per una connessione stabile e un effetto di avviso ottimale.<\/p>\n<p><img decoding=\"async\" class=\"aligncenter wp-image-7542\" src=\"https:\/\/www.sportshine.eu\/wp-content\/uploads\/2025\/07\/SEEMEE_50_2_gif.webp\" alt=\"\" width=\"800\" height=\"600\" \/><\/p>\n<h3 style=\"text-align: center;\">INDICATORE DI FACILE LETTURA<\/h3>\n<p style=\"text-align: center;\">Basta premere l&#039;interruttore per visualizzare la capacit\u00e0 residua.<\/p>\n<p><img decoding=\"async\" class=\"aligncenter wp-image-7543\" src=\"https:\/\/www.sportshine.eu\/wp-content\/uploads\/2025\/07\/SEEMEE_50_3.webp\" alt=\"\" width=\"800\" height=\"600\" \/><\/p>\n<h3 style=\"text-align: center;\">FACILE INSTALLAZIONE<\/h3>\n<p style=\"text-align: center;\">Il cinturino universale in silicone consente un fissaggio rapido, facile e sicuro alla maggior parte dei reggisella.<\/p>\n<p><img decoding=\"async\" class=\"aligncenter wp-image-7544\" src=\"https:\/\/www.sportshine.eu\/wp-content\/uploads\/2025\/07\/SEEMEE_50_5.webp\" alt=\"\" width=\"800\" height=\"600\" \/><\/p>","protected":false},"excerpt":{"rendered":"<p>La luce anteriore Magicshine Allty 800 e il gruppo luce posteriore Seemee 50 si ricaricano tramite porta USB-C. Con i suoi 800 lumen di luminosit\u00e0, una portata fino a 141 metri e una lunga autonomia (fino a 11 ore), la luce anteriore \u00e8 il compagno ideale per pedalare in sicurezza e comfort in qualsiasi condizione atmosferica. Inoltre, \u00e8 impermeabile con un elevato grado di protezione IPX7, che garantisce affidabilit\u00e0 anche sotto la pioggia. La luce posteriore consente fino a 21 ore di funzionamento in modalit\u00e0 SMART. Con una luminosit\u00e0 massima di 50 lumen, vi garantir\u00e0 un&#039;ottima visibilit\u00e0 sulla strada.<\/p>","protected":false},"featured_media":5676,"comment_status":"open","ping_status":"closed","template":"","meta":[],"product_brand":[131],"product_cat":[82,93],"product_tag":[],"class_list":{"0":"post-6412","1":"product","2":"type-product","3":"status-publish","4":"has-post-thumbnail","6":"product_brand-magicshine","7":"product_cat-kolesarske-luci","8":"product_cat-kolesarske-svetilke-paketi","10":"first","11":"instock","12":"sale","13":"taxable","14":"shipping-taxable","15":"purchasable","16":"product-type-simple"},"yoast_head":"<!-- This site is optimized with the Yoast SEO plugin v27.3 - https:\/\/yoast.com\/product\/yoast-seo-wordpress\/ -->\n<title>Kolesarski paket lu\u010di Magicshine Allty 800 + SEEMEE 50<\/title>\n<meta name=\"robots\" content=\"index, follow, max-snippet:-1, max-image-preview:large, max-video-preview:-1\" \/>\n<link rel=\"canonical\" href=\"https:\/\/www.sportshine.eu\/it\/negozio\/pacchetto-ciclismo-luci-magicshine-allty-800-seemee-50\/\" \/>\n<meta property=\"og:locale\" content=\"it_IT\" \/>\n<meta property=\"og:type\" content=\"article\" \/>\n<meta property=\"og:title\" content=\"Kolesarski paket lu\u010di Magicshine Allty 800 + SEEMEE 50\" \/>\n<meta property=\"og:description\" content=\"Kolesarski paket sprednje lu\u010di Magicshine Allty 800 in zadnje Seemee 50 se polni preko USB-C vhoda. Sprednja lu\u010d je s svojimi 800 lumnov svetilnosti, dosegom do 141 metrov in dolgim \u010dasom delovanja ( do 11 ur) idealna sopotnica za varno in udobno kolesarjenje v vseh vremenskih razmerah. Poleg tega je vodoodporna z visoko oceno IPX7, kar zagotavlja zanesljivost tudi v de\u017eju. Zadnja lu\u010d omogo\u010da do 21 ur delovanja v SMART na\u010dinu. Z max svetilnostjo do 50 lumnov bo poskrbela, da boste na cesti dobro vidni.\" \/>\n<meta property=\"og:url\" content=\"https:\/\/www.sportshine.eu\/it\/negozio\/pacchetto-ciclismo-luci-magicshine-allty-800-seemee-50\/\" \/>\n<meta property=\"og:site_name\" content=\"Sportshine\" \/>\n<meta property=\"article:publisher\" content=\"https:\/\/www.facebook.com\/sportshine.eu\/\" \/>\n<meta property=\"article:modified_time\" content=\"2026-03-11T14:36:43+00:00\" \/>\n<meta property=\"og:image\" content=\"https:\/\/www.sportshine.eu\/wp-content\/uploads\/2025\/07\/Kolesarski-paket-luci-Magicshine-Allty-800-SEEMEE-50.webp\" \/>\n\t<meta property=\"og:image:width\" content=\"800\" \/>\n\t<meta property=\"og:image:height\" content=\"800\" \/>\n\t<meta property=\"og:image:type\" content=\"image\/webp\" \/>\n<meta name=\"twitter:card\" content=\"summary_large_image\" \/>\n<meta name=\"twitter:label1\" content=\"Tempo di lettura stimato\" \/>\n\t<meta name=\"twitter:data1\" content=\"4 minuti\" \/>\n<script type=\"application\/ld+json\" class=\"yoast-schema-graph\">{\"@context\":\"https:\\\/\\\/schema.org\",\"@graph\":[{\"@type\":\"WebPage\",\"@id\":\"https:\\\/\\\/www.sportshine.eu\\\/trgovina\\\/kolesarski-paket-luci-magicshine-allty-800-seemee-50\\\/\",\"url\":\"https:\\\/\\\/www.sportshine.eu\\\/trgovina\\\/kolesarski-paket-luci-magicshine-allty-800-seemee-50\\\/\",\"name\":\"Kolesarski paket lu\u010di Magicshine Allty 800 + SEEMEE 50\",\"isPartOf\":{\"@id\":\"https:\\\/\\\/www.sportshine.eu\\\/#website\"},\"primaryImageOfPage\":{\"@id\":\"https:\\\/\\\/www.sportshine.eu\\\/trgovina\\\/kolesarski-paket-luci-magicshine-allty-800-seemee-50\\\/#primaryimage\"},\"image\":{\"@id\":\"https:\\\/\\\/www.sportshine.eu\\\/trgovina\\\/kolesarski-paket-luci-magicshine-allty-800-seemee-50\\\/#primaryimage\"},\"thumbnailUrl\":\"https:\\\/\\\/www.sportshine.eu\\\/wp-content\\\/uploads\\\/2025\\\/07\\\/Kolesarski-paket-luci-Magicshine-Allty-800-SEEMEE-50.webp\",\"datePublished\":\"2025-07-05T19:40:04+00:00\",\"dateModified\":\"2026-03-11T14:36:43+00:00\",\"breadcrumb\":{\"@id\":\"https:\\\/\\\/www.sportshine.eu\\\/trgovina\\\/kolesarski-paket-luci-magicshine-allty-800-seemee-50\\\/#breadcrumb\"},\"inLanguage\":\"it-IT\",\"potentialAction\":[{\"@type\":\"ReadAction\",\"target\":[\"https:\\\/\\\/www.sportshine.eu\\\/trgovina\\\/kolesarski-paket-luci-magicshine-allty-800-seemee-50\\\/\"]}]},{\"@type\":\"ImageObject\",\"inLanguage\":\"it-IT\",\"@id\":\"https:\\\/\\\/www.sportshine.eu\\\/trgovina\\\/kolesarski-paket-luci-magicshine-allty-800-seemee-50\\\/#primaryimage\",\"url\":\"https:\\\/\\\/www.sportshine.eu\\\/wp-content\\\/uploads\\\/2025\\\/07\\\/Kolesarski-paket-luci-Magicshine-Allty-800-SEEMEE-50.webp\",\"contentUrl\":\"https:\\\/\\\/www.sportshine.eu\\\/wp-content\\\/uploads\\\/2025\\\/07\\\/Kolesarski-paket-luci-Magicshine-Allty-800-SEEMEE-50.webp\",\"width\":800,\"height\":800},{\"@type\":\"BreadcrumbList\",\"@id\":\"https:\\\/\\\/www.sportshine.eu\\\/trgovina\\\/kolesarski-paket-luci-magicshine-allty-800-seemee-50\\\/#breadcrumb\",\"itemListElement\":[{\"@type\":\"ListItem\",\"position\":1,\"name\":\"Home\",\"item\":\"https:\\\/\\\/www.sportshine.eu\\\/\"},{\"@type\":\"ListItem\",\"position\":2,\"name\":\"Trgovina\",\"item\":\"https:\\\/\\\/www.sportshine.eu\\\/trgovina\\\/\"},{\"@type\":\"ListItem\",\"position\":3,\"name\":\"Kolesarski paket lu\u010di Magicshine Allty 800 + SEEMEE 50\"}]},{\"@type\":\"WebSite\",\"@id\":\"https:\\\/\\\/www.sportshine.eu\\\/#website\",\"url\":\"https:\\\/\\\/www.sportshine.eu\\\/\",\"name\":\"Sportshine\",\"description\":\"Top spletna trgovina kolesarskih in naglavnih svetilk ter opreme\",\"publisher\":{\"@id\":\"https:\\\/\\\/www.sportshine.eu\\\/#organization\"},\"potentialAction\":[{\"@type\":\"SearchAction\",\"target\":{\"@type\":\"EntryPoint\",\"urlTemplate\":\"https:\\\/\\\/www.sportshine.eu\\\/?s={search_term_string}\"},\"query-input\":{\"@type\":\"PropertyValueSpecification\",\"valueRequired\":true,\"valueName\":\"search_term_string\"}}],\"inLanguage\":\"it-IT\"},{\"@type\":\"Organization\",\"@id\":\"https:\\\/\\\/www.sportshine.eu\\\/#organization\",\"name\":\"Sportshine\",\"url\":\"https:\\\/\\\/www.sportshine.eu\\\/\",\"logo\":{\"@type\":\"ImageObject\",\"inLanguage\":\"it-IT\",\"@id\":\"https:\\\/\\\/www.sportshine.eu\\\/#\\\/schema\\\/logo\\\/image\\\/\",\"url\":\"https:\\\/\\\/www.sportshine.eu\\\/wp-content\\\/uploads\\\/2026\\\/01\\\/cropped-Sportshine.webp\",\"contentUrl\":\"https:\\\/\\\/www.sportshine.eu\\\/wp-content\\\/uploads\\\/2026\\\/01\\\/cropped-Sportshine.webp\",\"width\":295,\"height\":128,\"caption\":\"Sportshine\"},\"image\":{\"@id\":\"https:\\\/\\\/www.sportshine.eu\\\/#\\\/schema\\\/logo\\\/image\\\/\"},\"sameAs\":[\"https:\\\/\\\/www.facebook.com\\\/sportshine.eu\\\/\"]}]}<\/script>\n<!-- \/ Yoast SEO plugin. -->","yoast_head_json":{"title":"Pacchetto luci per bici Magicshine Allty 800 + SEEMEE 50","robots":{"index":"index","follow":"follow","max-snippet":"max-snippet:-1","max-image-preview":"max-image-preview:large","max-video-preview":"max-video-preview:-1"},"canonical":"https:\/\/www.sportshine.eu\/it\/negozio\/pacchetto-ciclismo-luci-magicshine-allty-800-seemee-50\/","og_locale":"it_IT","og_type":"article","og_title":"Kolesarski paket lu\u010di Magicshine Allty 800 + SEEMEE 50","og_description":"Kolesarski paket sprednje lu\u010di Magicshine Allty 800 in zadnje Seemee 50 se polni preko USB-C vhoda. Sprednja lu\u010d je s svojimi 800 lumnov svetilnosti, dosegom do 141 metrov in dolgim \u010dasom delovanja ( do 11 ur) idealna sopotnica za varno in udobno kolesarjenje v vseh vremenskih razmerah. Poleg tega je vodoodporna z visoko oceno IPX7, kar zagotavlja zanesljivost tudi v de\u017eju. Zadnja lu\u010d omogo\u010da do 21 ur delovanja v SMART na\u010dinu. Z max svetilnostjo do 50 lumnov bo poskrbela, da boste na cesti dobro vidni.","og_url":"https:\/\/www.sportshine.eu\/it\/negozio\/pacchetto-ciclismo-luci-magicshine-allty-800-seemee-50\/","og_site_name":"Sportshine","article_publisher":"https:\/\/www.facebook.com\/sportshine.eu\/","article_modified_time":"2026-03-11T14:36:43+00:00","og_image":[{"width":800,"height":800,"url":"https:\/\/www.sportshine.eu\/wp-content\/uploads\/2025\/07\/Kolesarski-paket-luci-Magicshine-Allty-800-SEEMEE-50.webp","type":"image\/webp"}],"twitter_card":"summary_large_image","twitter_misc":{"Tempo di lettura stimato":"4 minuti"},"schema":{"@context":"https:\/\/schema.org","@graph":[{"@type":"WebPage","@id":"https:\/\/www.sportshine.eu\/trgovina\/kolesarski-paket-luci-magicshine-allty-800-seemee-50\/","url":"https:\/\/www.sportshine.eu\/trgovina\/kolesarski-paket-luci-magicshine-allty-800-seemee-50\/","name":"Pacchetto luci per bici Magicshine Allty 800 + SEEMEE 50","isPartOf":{"@id":"https:\/\/www.sportshine.eu\/#website"},"primaryImageOfPage":{"@id":"https:\/\/www.sportshine.eu\/trgovina\/kolesarski-paket-luci-magicshine-allty-800-seemee-50\/#primaryimage"},"image":{"@id":"https:\/\/www.sportshine.eu\/trgovina\/kolesarski-paket-luci-magicshine-allty-800-seemee-50\/#primaryimage"},"thumbnailUrl":"https:\/\/www.sportshine.eu\/wp-content\/uploads\/2025\/07\/Kolesarski-paket-luci-Magicshine-Allty-800-SEEMEE-50.webp","datePublished":"2025-07-05T19:40:04+00:00","dateModified":"2026-03-11T14:36:43+00:00","breadcrumb":{"@id":"https:\/\/www.sportshine.eu\/trgovina\/kolesarski-paket-luci-magicshine-allty-800-seemee-50\/#breadcrumb"},"inLanguage":"it-IT","potentialAction":[{"@type":"ReadAction","target":["https:\/\/www.sportshine.eu\/trgovina\/kolesarski-paket-luci-magicshine-allty-800-seemee-50\/"]}]},{"@type":"ImageObject","inLanguage":"it-IT","@id":"https:\/\/www.sportshine.eu\/trgovina\/kolesarski-paket-luci-magicshine-allty-800-seemee-50\/#primaryimage","url":"https:\/\/www.sportshine.eu\/wp-content\/uploads\/2025\/07\/Kolesarski-paket-luci-Magicshine-Allty-800-SEEMEE-50.webp","contentUrl":"https:\/\/www.sportshine.eu\/wp-content\/uploads\/2025\/07\/Kolesarski-paket-luci-Magicshine-Allty-800-SEEMEE-50.webp","width":800,"height":800},{"@type":"BreadcrumbList","@id":"https:\/\/www.sportshine.eu\/trgovina\/kolesarski-paket-luci-magicshine-allty-800-seemee-50\/#breadcrumb","itemListElement":[{"@type":"ListItem","position":1,"name":"Home","item":"https:\/\/www.sportshine.eu\/"},{"@type":"ListItem","position":2,"name":"Trgovina","item":"https:\/\/www.sportshine.eu\/trgovina\/"},{"@type":"ListItem","position":3,"name":"Kolesarski paket lu\u010di Magicshine Allty 800 + SEEMEE 50"}]},{"@type":"WebSite","@id":"https:\/\/www.sportshine.eu\/#website","url":"https:\/\/www.sportshine.eu\/","name":"Sportshine","description":"Il miglior negozio online per ciclismo, lampade frontali e attrezzature","publisher":{"@id":"https:\/\/www.sportshine.eu\/#organization"},"potentialAction":[{"@type":"SearchAction","target":{"@type":"EntryPoint","urlTemplate":"https:\/\/www.sportshine.eu\/?s={search_term_string}"},"query-input":{"@type":"PropertyValueSpecification","valueRequired":true,"valueName":"search_term_string"}}],"inLanguage":"it-IT"},{"@type":"Organization","@id":"https:\/\/www.sportshine.eu\/#organization","name":"Sportshine","url":"https:\/\/www.sportshine.eu\/","logo":{"@type":"ImageObject","inLanguage":"it-IT","@id":"https:\/\/www.sportshine.eu\/#\/schema\/logo\/image\/","url":"https:\/\/www.sportshine.eu\/wp-content\/uploads\/2026\/01\/cropped-Sportshine.webp","contentUrl":"https:\/\/www.sportshine.eu\/wp-content\/uploads\/2026\/01\/cropped-Sportshine.webp","width":295,"height":128,"caption":"Sportshine"},"image":{"@id":"https:\/\/www.sportshine.eu\/#\/schema\/logo\/image\/"},"sameAs":["https:\/\/www.facebook.com\/sportshine.eu\/"]}]}},"_links":{"self":[{"href":"https:\/\/www.sportshine.eu\/it\/wp-json\/wp\/v2\/product\/6412","targetHints":{"allow":["GET"]}}],"collection":[{"href":"https:\/\/www.sportshine.eu\/it\/wp-json\/wp\/v2\/product"}],"about":[{"href":"https:\/\/www.sportshine.eu\/it\/wp-json\/wp\/v2\/types\/product"}],"replies":[{"embeddable":true,"href":"https:\/\/www.sportshine.eu\/it\/wp-json\/wp\/v2\/comments?post=6412"}],"version-history":[{"count":0,"href":"https:\/\/www.sportshine.eu\/it\/wp-json\/wp\/v2\/product\/6412\/revisions"}],"wp:featuredmedia":[{"embeddable":true,"href":"https:\/\/www.sportshine.eu\/it\/wp-json\/wp\/v2\/media\/5676"}],"wp:attachment":[{"href":"https:\/\/www.sportshine.eu\/it\/wp-json\/wp\/v2\/media?parent=6412"}],"wp:term":[{"taxonomy":"product_brand","embeddable":true,"href":"https:\/\/www.sportshine.eu\/it\/wp-json\/wp\/v2\/product_brand?post=6412"},{"taxonomy":"product_cat","embeddable":true,"href":"https:\/\/www.sportshine.eu\/it\/wp-json\/wp\/v2\/product_cat?post=6412"},{"taxonomy":"product_tag","embeddable":true,"href":"https:\/\/www.sportshine.eu\/it\/wp-json\/wp\/v2\/product_tag?post=6412"}],"curies":[{"name":"parola chiave","href":"https:\/\/api.w.org\/{rel}","templated":true}]}}