{"id":6406,"date":"2025-07-05T19:32:28","date_gmt":"2025-07-05T19:32:28","guid":{"rendered":"https:\/\/www.sportshine.eu\/?post_type=product&#038;p=6406"},"modified":"2026-04-01T06:33:14","modified_gmt":"2026-04-01T06:33:14","slug":"luce-posteriore-radar-bryton-garda-r300l","status":"publish","type":"product","link":"https:\/\/www.sportshine.eu\/it\/negozio\/luce-posteriore-radar-bryton-garda-r300l\/","title":{"rendered":"Fanale posteriore radar Bryton Gardia R300L"},"content":{"rendered":"<h3 style=\"text-align: center;\">FANALE POSTERIORE RADAR BRYTON GARDIA R300L<\/h3>\n<p><iframe loading=\"lazy\" title=\"Bryton Guardia R300L\" width=\"500\" height=\"281\" src=\"https:\/\/www.youtube.com\/embed\/H5y0CNTwkbA?feature=oembed\" frameborder=\"0\" allow=\"accelerometer; autoplay; clipboard-write; encrypted-media; gyroscope; picture-in-picture; web-share\" referrerpolicy=\"strict-origin-when-cross-origin\" allowfullscreen><\/iframe><\/p>\n<h3 style=\"text-align: center;\">PROTEZIONE POSTERIORE<\/h3>\n<p style=\"text-align: center;\">Pedalare con il radar Gardia R300L \u00e8 pi\u00f9 sicuro. Il radar rileva i veicoli fino a 190 m dietro il ciclista. Pu\u00f2 essere collegato a diversi ciclocomputer supportati, che visualizzano avvisi visivi e acustici dei veicoli in avvicinamento.<\/p>\n<p><img decoding=\"async\" class=\"aligncenter wp-image-7746\" src=\"https:\/\/www.sportshine.eu\/wp-content\/uploads\/2025\/07\/radarska-luc-bryton.webp\" alt=\"\" width=\"800\" height=\"600\" srcset=\"https:\/\/www.sportshine.eu\/wp-content\/uploads\/2025\/07\/radarska-luc-bryton-768x576.webp 768w, https:\/\/www.sportshine.eu\/wp-content\/uploads\/2025\/07\/radarska-luc-bryton-600x450.webp 600w\" sizes=\"(max-width: 800px) 100vw, 800px\" \/><\/p>\n<h3 style=\"text-align: center;\">LUCI DI AVVERTIMENTO<\/h3>\n<p style=\"text-align: center;\">Il radar \u00e8 dotato di una luce LED rossa brillante. Quando Gardia rileva un veicolo dietro il ciclista, inizia a lampeggiare in base alla velocit\u00e0 del veicolo in avvicinamento. Se Gardia \u00e8 collegato a un ciclocomputer Bryton, l&#039;intensit\u00e0 della luce viene regolata anche in base all&#039;ora del giorno. Il radar \u00e8 inoltre dotato di un sensore di forza G integrato, che consente di utilizzare la luce come luce di stop. Inoltre, \u00e8 possibile regolare l&#039;intensit\u00e0 del lampeggio e della luce per risparmiare la batteria.<\/p>\n<p><img decoding=\"async\" class=\"aligncenter wp-image-7747\" src=\"https:\/\/www.sportshine.eu\/wp-content\/uploads\/2025\/07\/radarska-luc.webp\" alt=\"\" width=\"800\" height=\"600\" srcset=\"https:\/\/www.sportshine.eu\/wp-content\/uploads\/2025\/07\/radarska-luc-768x576.webp 768w, https:\/\/www.sportshine.eu\/wp-content\/uploads\/2025\/07\/radarska-luc-600x450.webp 600w\" sizes=\"(max-width: 800px) 100vw, 800px\" \/><\/p>\n<h3 style=\"text-align: center;\">COMPATIBILIT\u00c0 ANT+ E BLUETOOTH<\/h3>\n<div>\n<p style=\"text-align: center;\">Gardia \u00e8 dotato di connettivit\u00e0 wireless ANT+, che gli consente di connettersi a luci e ciclocomputer compatibili. Pu\u00f2 anche connettersi a uno smartphone e all&#039;app Bryton Gardia. L&#039;app consente inoltre di personalizzare le funzioni di radar e luci, aggiornare il software e monitorare la carica della batteria.<\/p>\n<p><img decoding=\"async\" class=\"aligncenter wp-image-7749\" src=\"https:\/\/www.sportshine.eu\/wp-content\/uploads\/2025\/07\/radar.webp\" alt=\"\" width=\"800\" height=\"600\" srcset=\"https:\/\/www.sportshine.eu\/wp-content\/uploads\/2025\/07\/radar-768x576.webp 768w, https:\/\/www.sportshine.eu\/wp-content\/uploads\/2025\/07\/radar-600x450.webp 600w\" sizes=\"(max-width: 800px) 100vw, 800px\" \/><\/p>\n<\/div>\n<h3 style=\"text-align: center;\">BATTERIA POTENTE<\/h3>\n<div>\n<p style=\"text-align: center;\">La batteria del Bryton Gardia R300L offre fino a 17 ore di utilizzo in modalit\u00e0 lampeggiante diurna e fino a 12 ore in modalit\u00e0 continua. Quando il livello della batteria \u00e8 basso, la luminosit\u00e0 della luce si riduce automaticamente, contribuendo a prolungare l&#039;utilizzo. La batteria si ricarica tramite un cavo USB-C.<\/p>\n<p><img decoding=\"async\" class=\"aligncenter wp-image-7750\" src=\"https:\/\/www.sportshine.eu\/wp-content\/uploads\/2025\/07\/bryton-radar.webp\" alt=\"\" width=\"800\" height=\"600\" srcset=\"https:\/\/www.sportshine.eu\/wp-content\/uploads\/2025\/07\/bryton-radar-768x576.webp 768w, https:\/\/www.sportshine.eu\/wp-content\/uploads\/2025\/07\/bryton-radar-600x450.webp 600w\" sizes=\"(max-width: 800px) 100vw, 800px\" \/><\/p>\n<h3 style=\"text-align: center;\">FACILE INSTALLAZIONE<\/h3>\n<p style=\"text-align: center;\">Il pacchetto include tutto il necessario per un&#039;installazione facile e veloce sulla bici. L&#039;installazione avviene tramite un supporto in gomma che si installa una sola volta, in quanto il Gardia si fissa facilmente e saldamente al supporto. Permette l&#039;installazione su reggisella classici, aerodinamici e di tipo D da 27,2 mm, 30,9 mm e 31,6 mm.<\/p>\n<p><img decoding=\"async\" class=\"aligncenter wp-image-7751\" src=\"https:\/\/www.sportshine.eu\/wp-content\/uploads\/2025\/07\/bryton-r300.webp\" alt=\"\" width=\"800\" height=\"600\" srcset=\"https:\/\/www.sportshine.eu\/wp-content\/uploads\/2025\/07\/bryton-r300-768x576.webp 768w, https:\/\/www.sportshine.eu\/wp-content\/uploads\/2025\/07\/bryton-r300-600x450.webp 600w\" sizes=\"(max-width: 800px) 100vw, 800px\" \/><\/p>\n<\/div>","protected":false},"excerpt":{"rendered":"<p>La luce posteriore radar Bryton Gardia R300L \u00e8 compatibile con i ciclocomputer con protocollo ANT+ e con gli smartphone tramite connessione Bluetooth. Il radar avvisa il ciclista della presenza di veicoli in avvicinamento da dietro, mentre la luce lampeggiante con una luminosit\u00e0 fino a 73 lumen avvisa i veicoli dietro il ciclista della loro presenza sulla strada. Il radar \u00e8 resistente all&#039;acqua (IPX7), ha un angolo di rilevamento di 220\u00b0, \u00e8 compatto e leggero, pesa solo 66 g. La batteria consente fino a 17 ore di utilizzo durante il giorno e si ricarica tramite il cavo USB-C incluso. Staffa inclusa con adattatori per diversi tipi di reggisella.<\/p>","protected":false},"featured_media":5642,"comment_status":"open","ping_status":"closed","template":"","meta":[],"product_brand":[],"product_cat":[86],"product_tag":[],"class_list":{"0":"post-6406","1":"product","2":"type-product","3":"status-publish","4":"has-post-thumbnail","6":"product_cat-zadnje-kolesarske-luci","8":"first","9":"outofstock","10":"taxable","11":"shipping-taxable","12":"purchasable","13":"product-type-simple"},"yoast_head":"<!-- This site is optimized with the Yoast SEO plugin v27.3 - https:\/\/yoast.com\/product\/yoast-seo-wordpress\/ -->\n<title>Radarska zadnja lu\u010d Bryton Gardia R300L<\/title>\n<meta name=\"description\" content=\"Radarska zadnja lu\u010d Bryton Gardia R300L je vrhunska kolesarska lu\u010d, zasnovana za kolesarje, ki cenijo varnost in zanesljivost.\" \/>\n<meta name=\"robots\" content=\"index, follow, max-snippet:-1, max-image-preview:large, max-video-preview:-1\" \/>\n<link rel=\"canonical\" href=\"https:\/\/www.sportshine.eu\/it\/negozio\/luce-posteriore-radar-bryton-garda-r300l\/\" \/>\n<meta property=\"og:locale\" content=\"it_IT\" \/>\n<meta property=\"og:type\" content=\"article\" \/>\n<meta property=\"og:title\" content=\"Radarska zadnja lu\u010d Bryton Gardia R300L\" \/>\n<meta property=\"og:description\" content=\"Radarska zadnja lu\u010d Bryton Gardia R300L je vrhunska kolesarska lu\u010d, zasnovana za kolesarje, ki cenijo varnost in zanesljivost.\" \/>\n<meta property=\"og:url\" content=\"https:\/\/www.sportshine.eu\/it\/negozio\/luce-posteriore-radar-bryton-garda-r300l\/\" \/>\n<meta property=\"og:site_name\" content=\"Sportshine\" \/>\n<meta property=\"article:publisher\" content=\"https:\/\/www.facebook.com\/sportshine.eu\/\" \/>\n<meta property=\"article:modified_time\" content=\"2026-04-01T06:33:14+00:00\" \/>\n<meta property=\"og:image\" content=\"https:\/\/www.sportshine.eu\/wp-content\/uploads\/2025\/07\/Radarska-zadnja-luc-Bryton-Gardia-R300L.webp\" \/>\n\t<meta property=\"og:image:width\" content=\"800\" \/>\n\t<meta property=\"og:image:height\" content=\"600\" \/>\n\t<meta property=\"og:image:type\" content=\"image\/webp\" \/>\n<meta name=\"twitter:card\" content=\"summary_large_image\" \/>\n<meta name=\"twitter:label1\" content=\"Tempo di lettura stimato\" \/>\n\t<meta name=\"twitter:data1\" content=\"3 minuti\" \/>\n<script type=\"application\/ld+json\" class=\"yoast-schema-graph\">{\"@context\":\"https:\\\/\\\/schema.org\",\"@graph\":[{\"@type\":\"WebPage\",\"@id\":\"https:\\\/\\\/www.sportshine.eu\\\/trgovina\\\/bryton-gardia-r300l-radarska-zadnja-luc\\\/\",\"url\":\"https:\\\/\\\/www.sportshine.eu\\\/trgovina\\\/bryton-gardia-r300l-radarska-zadnja-luc\\\/\",\"name\":\"Radarska zadnja lu\u010d Bryton Gardia R300L\",\"isPartOf\":{\"@id\":\"https:\\\/\\\/www.sportshine.eu\\\/#website\"},\"primaryImageOfPage\":{\"@id\":\"https:\\\/\\\/www.sportshine.eu\\\/trgovina\\\/bryton-gardia-r300l-radarska-zadnja-luc\\\/#primaryimage\"},\"image\":{\"@id\":\"https:\\\/\\\/www.sportshine.eu\\\/trgovina\\\/bryton-gardia-r300l-radarska-zadnja-luc\\\/#primaryimage\"},\"thumbnailUrl\":\"https:\\\/\\\/www.sportshine.eu\\\/wp-content\\\/uploads\\\/2025\\\/07\\\/Radarska-zadnja-luc-Bryton-Gardia-R300L.webp\",\"datePublished\":\"2025-07-05T19:32:28+00:00\",\"dateModified\":\"2026-04-01T06:33:14+00:00\",\"description\":\"Radarska zadnja lu\u010d Bryton Gardia R300L je vrhunska kolesarska lu\u010d, zasnovana za kolesarje, ki cenijo varnost in zanesljivost.\",\"breadcrumb\":{\"@id\":\"https:\\\/\\\/www.sportshine.eu\\\/trgovina\\\/bryton-gardia-r300l-radarska-zadnja-luc\\\/#breadcrumb\"},\"inLanguage\":\"it-IT\",\"potentialAction\":[{\"@type\":\"ReadAction\",\"target\":[\"https:\\\/\\\/www.sportshine.eu\\\/trgovina\\\/bryton-gardia-r300l-radarska-zadnja-luc\\\/\"]}]},{\"@type\":\"ImageObject\",\"inLanguage\":\"it-IT\",\"@id\":\"https:\\\/\\\/www.sportshine.eu\\\/trgovina\\\/bryton-gardia-r300l-radarska-zadnja-luc\\\/#primaryimage\",\"url\":\"https:\\\/\\\/www.sportshine.eu\\\/wp-content\\\/uploads\\\/2025\\\/07\\\/Radarska-zadnja-luc-Bryton-Gardia-R300L.webp\",\"contentUrl\":\"https:\\\/\\\/www.sportshine.eu\\\/wp-content\\\/uploads\\\/2025\\\/07\\\/Radarska-zadnja-luc-Bryton-Gardia-R300L.webp\",\"width\":800,\"height\":600},{\"@type\":\"BreadcrumbList\",\"@id\":\"https:\\\/\\\/www.sportshine.eu\\\/trgovina\\\/bryton-gardia-r300l-radarska-zadnja-luc\\\/#breadcrumb\",\"itemListElement\":[{\"@type\":\"ListItem\",\"position\":1,\"name\":\"Home\",\"item\":\"https:\\\/\\\/www.sportshine.eu\\\/\"},{\"@type\":\"ListItem\",\"position\":2,\"name\":\"Trgovina\",\"item\":\"https:\\\/\\\/www.sportshine.eu\\\/trgovina\\\/\"},{\"@type\":\"ListItem\",\"position\":3,\"name\":\"Bryton Gardia R300L radarska zadnja lu\u010d\"}]},{\"@type\":\"WebSite\",\"@id\":\"https:\\\/\\\/www.sportshine.eu\\\/#website\",\"url\":\"https:\\\/\\\/www.sportshine.eu\\\/\",\"name\":\"Sportshine\",\"description\":\"Top spletna trgovina kolesarskih in naglavnih svetilk ter opreme\",\"publisher\":{\"@id\":\"https:\\\/\\\/www.sportshine.eu\\\/#organization\"},\"potentialAction\":[{\"@type\":\"SearchAction\",\"target\":{\"@type\":\"EntryPoint\",\"urlTemplate\":\"https:\\\/\\\/www.sportshine.eu\\\/?s={search_term_string}\"},\"query-input\":{\"@type\":\"PropertyValueSpecification\",\"valueRequired\":true,\"valueName\":\"search_term_string\"}}],\"inLanguage\":\"it-IT\"},{\"@type\":\"Organization\",\"@id\":\"https:\\\/\\\/www.sportshine.eu\\\/#organization\",\"name\":\"Sportshine\",\"url\":\"https:\\\/\\\/www.sportshine.eu\\\/\",\"logo\":{\"@type\":\"ImageObject\",\"inLanguage\":\"it-IT\",\"@id\":\"https:\\\/\\\/www.sportshine.eu\\\/#\\\/schema\\\/logo\\\/image\\\/\",\"url\":\"https:\\\/\\\/www.sportshine.eu\\\/wp-content\\\/uploads\\\/2026\\\/01\\\/cropped-Sportshine.webp\",\"contentUrl\":\"https:\\\/\\\/www.sportshine.eu\\\/wp-content\\\/uploads\\\/2026\\\/01\\\/cropped-Sportshine.webp\",\"width\":295,\"height\":128,\"caption\":\"Sportshine\"},\"image\":{\"@id\":\"https:\\\/\\\/www.sportshine.eu\\\/#\\\/schema\\\/logo\\\/image\\\/\"},\"sameAs\":[\"https:\\\/\\\/www.facebook.com\\\/sportshine.eu\\\/\"]}]}<\/script>\n<!-- \/ Yoast SEO plugin. -->","yoast_head_json":{"title":"Fanale posteriore radar Bryton Gardia R300L","description":"La luce posteriore radar Bryton Gardia R300L \u00e8 una luce per bicicletta di alta qualit\u00e0, progettata per i ciclisti che danno valore alla sicurezza e all&#039;affidabilit\u00e0.","robots":{"index":"index","follow":"follow","max-snippet":"max-snippet:-1","max-image-preview":"max-image-preview:large","max-video-preview":"max-video-preview:-1"},"canonical":"https:\/\/www.sportshine.eu\/it\/negozio\/luce-posteriore-radar-bryton-garda-r300l\/","og_locale":"it_IT","og_type":"article","og_title":"Radarska zadnja lu\u010d Bryton Gardia R300L","og_description":"Radarska zadnja lu\u010d Bryton Gardia R300L je vrhunska kolesarska lu\u010d, zasnovana za kolesarje, ki cenijo varnost in zanesljivost.","og_url":"https:\/\/www.sportshine.eu\/it\/negozio\/luce-posteriore-radar-bryton-garda-r300l\/","og_site_name":"Sportshine","article_publisher":"https:\/\/www.facebook.com\/sportshine.eu\/","article_modified_time":"2026-04-01T06:33:14+00:00","og_image":[{"width":800,"height":600,"url":"https:\/\/www.sportshine.eu\/wp-content\/uploads\/2025\/07\/Radarska-zadnja-luc-Bryton-Gardia-R300L.webp","type":"image\/webp"}],"twitter_card":"summary_large_image","twitter_misc":{"Tempo di lettura stimato":"3 minuti"},"schema":{"@context":"https:\/\/schema.org","@graph":[{"@type":"WebPage","@id":"https:\/\/www.sportshine.eu\/trgovina\/bryton-gardia-r300l-radarska-zadnja-luc\/","url":"https:\/\/www.sportshine.eu\/trgovina\/bryton-gardia-r300l-radarska-zadnja-luc\/","name":"Fanale posteriore radar Bryton Gardia R300L","isPartOf":{"@id":"https:\/\/www.sportshine.eu\/#website"},"primaryImageOfPage":{"@id":"https:\/\/www.sportshine.eu\/trgovina\/bryton-gardia-r300l-radarska-zadnja-luc\/#primaryimage"},"image":{"@id":"https:\/\/www.sportshine.eu\/trgovina\/bryton-gardia-r300l-radarska-zadnja-luc\/#primaryimage"},"thumbnailUrl":"https:\/\/www.sportshine.eu\/wp-content\/uploads\/2025\/07\/Radarska-zadnja-luc-Bryton-Gardia-R300L.webp","datePublished":"2025-07-05T19:32:28+00:00","dateModified":"2026-04-01T06:33:14+00:00","description":"La luce posteriore radar Bryton Gardia R300L \u00e8 una luce per bicicletta di alta qualit\u00e0, progettata per i ciclisti che danno valore alla sicurezza e all&#039;affidabilit\u00e0.","breadcrumb":{"@id":"https:\/\/www.sportshine.eu\/trgovina\/bryton-gardia-r300l-radarska-zadnja-luc\/#breadcrumb"},"inLanguage":"it-IT","potentialAction":[{"@type":"ReadAction","target":["https:\/\/www.sportshine.eu\/trgovina\/bryton-gardia-r300l-radarska-zadnja-luc\/"]}]},{"@type":"ImageObject","inLanguage":"it-IT","@id":"https:\/\/www.sportshine.eu\/trgovina\/bryton-gardia-r300l-radarska-zadnja-luc\/#primaryimage","url":"https:\/\/www.sportshine.eu\/wp-content\/uploads\/2025\/07\/Radarska-zadnja-luc-Bryton-Gardia-R300L.webp","contentUrl":"https:\/\/www.sportshine.eu\/wp-content\/uploads\/2025\/07\/Radarska-zadnja-luc-Bryton-Gardia-R300L.webp","width":800,"height":600},{"@type":"BreadcrumbList","@id":"https:\/\/www.sportshine.eu\/trgovina\/bryton-gardia-r300l-radarska-zadnja-luc\/#breadcrumb","itemListElement":[{"@type":"ListItem","position":1,"name":"Home","item":"https:\/\/www.sportshine.eu\/"},{"@type":"ListItem","position":2,"name":"Trgovina","item":"https:\/\/www.sportshine.eu\/trgovina\/"},{"@type":"ListItem","position":3,"name":"Bryton Gardia R300L radarska zadnja lu\u010d"}]},{"@type":"WebSite","@id":"https:\/\/www.sportshine.eu\/#website","url":"https:\/\/www.sportshine.eu\/","name":"Sportshine","description":"Il miglior negozio online per ciclismo, lampade frontali e attrezzature","publisher":{"@id":"https:\/\/www.sportshine.eu\/#organization"},"potentialAction":[{"@type":"SearchAction","target":{"@type":"EntryPoint","urlTemplate":"https:\/\/www.sportshine.eu\/?s={search_term_string}"},"query-input":{"@type":"PropertyValueSpecification","valueRequired":true,"valueName":"search_term_string"}}],"inLanguage":"it-IT"},{"@type":"Organization","@id":"https:\/\/www.sportshine.eu\/#organization","name":"Sportshine","url":"https:\/\/www.sportshine.eu\/","logo":{"@type":"ImageObject","inLanguage":"it-IT","@id":"https:\/\/www.sportshine.eu\/#\/schema\/logo\/image\/","url":"https:\/\/www.sportshine.eu\/wp-content\/uploads\/2026\/01\/cropped-Sportshine.webp","contentUrl":"https:\/\/www.sportshine.eu\/wp-content\/uploads\/2026\/01\/cropped-Sportshine.webp","width":295,"height":128,"caption":"Sportshine"},"image":{"@id":"https:\/\/www.sportshine.eu\/#\/schema\/logo\/image\/"},"sameAs":["https:\/\/www.facebook.com\/sportshine.eu\/"]}]}},"_links":{"self":[{"href":"https:\/\/www.sportshine.eu\/it\/wp-json\/wp\/v2\/product\/6406","targetHints":{"allow":["GET"]}}],"collection":[{"href":"https:\/\/www.sportshine.eu\/it\/wp-json\/wp\/v2\/product"}],"about":[{"href":"https:\/\/www.sportshine.eu\/it\/wp-json\/wp\/v2\/types\/product"}],"replies":[{"embeddable":true,"href":"https:\/\/www.sportshine.eu\/it\/wp-json\/wp\/v2\/comments?post=6406"}],"version-history":[{"count":1,"href":"https:\/\/www.sportshine.eu\/it\/wp-json\/wp\/v2\/product\/6406\/revisions"}],"predecessor-version":[{"id":10337,"href":"https:\/\/www.sportshine.eu\/it\/wp-json\/wp\/v2\/product\/6406\/revisions\/10337"}],"wp:featuredmedia":[{"embeddable":true,"href":"https:\/\/www.sportshine.eu\/it\/wp-json\/wp\/v2\/media\/5642"}],"wp:attachment":[{"href":"https:\/\/www.sportshine.eu\/it\/wp-json\/wp\/v2\/media?parent=6406"}],"wp:term":[{"taxonomy":"product_brand","embeddable":true,"href":"https:\/\/www.sportshine.eu\/it\/wp-json\/wp\/v2\/product_brand?post=6406"},{"taxonomy":"product_cat","embeddable":true,"href":"https:\/\/www.sportshine.eu\/it\/wp-json\/wp\/v2\/product_cat?post=6406"},{"taxonomy":"product_tag","embeddable":true,"href":"https:\/\/www.sportshine.eu\/it\/wp-json\/wp\/v2\/product_tag?post=6406"}],"curies":[{"name":"parola chiave","href":"https:\/\/api.w.org\/{rel}","templated":true}]}}