{"id":6405,"date":"2025-07-05T19:32:27","date_gmt":"2025-07-05T19:32:27","guid":{"rendered":"https:\/\/www.sportshine.eu\/?post_type=product&#038;p=6405"},"modified":"2026-04-01T06:34:08","modified_gmt":"2026-04-01T06:34:08","slug":"ciclocomputer-bryton-rider-s810-e","status":"publish","type":"product","link":"https:\/\/www.sportshine.eu\/it\/negozio\/ciclocomputer-bryton-rider-s810-e\/","title":{"rendered":"Ciclocomputer Bryton Rider S810"},"content":{"rendered":"<h3 style=\"text-align: center;\">PRESENTAZIONE VIDEO BRYTON RIDER S810<\/h3>\n<p><iframe loading=\"lazy\" title=\"Bryton Rider S810 | La potenza resa semplice\" width=\"500\" height=\"281\" src=\"https:\/\/www.youtube.com\/embed\/apLoD1vYq-o?feature=oembed\" frameborder=\"0\" allow=\"accelerometer; autoplay; clipboard-write; encrypted-media; gyroscope; picture-in-picture; web-share\" referrerpolicy=\"strict-origin-when-cross-origin\" allowfullscreen><\/iframe><\/p>\n<h3 style=\"text-align: center;\">SCHERMO TOUCH A COLORI<\/h3>\n<p style=\"text-align: center;\">Il Rider S810 E \u00e8 dotato di un display touchscreen a colori da 8,6 cm, con un&#039;interfaccia grafica intuitiva e icone chiare. \u00c8 dotato di un sensore di luce ambientale che regola la luminosit\u00e0 dello schermo in base al livello di luce ambientale. Il display utilizza la tecnologia MIP (Memory in Pixel) che, combinata con uno strato antiriflesso, garantisce un&#039;eccellente visualizzazione dei contenuti visualizzati in tutte le condizioni atmosferiche.<\/p>\n<p>\u00a0\u00a0 <img decoding=\"async\" class=\"aligncenter wp-image-5641 size-full\" src=\"https:\/\/www.sportshine.eu\/wp-content\/uploads\/2025\/07\/Kolesarski-stevec-Brytom-10-1.webp\" alt=\"\" width=\"800\" height=\"600\" srcset=\"https:\/\/www.sportshine.eu\/wp-content\/uploads\/2025\/07\/Kolesarski-stevec-Brytom-10-1.webp 800w, https:\/\/www.sportshine.eu\/wp-content\/uploads\/2025\/07\/Kolesarski-stevec-Brytom-10-1-768x576.webp 768w, https:\/\/www.sportshine.eu\/wp-content\/uploads\/2025\/07\/Kolesarski-stevec-Brytom-10-1-600x450.webp 600w\" sizes=\"(max-width: 800px) 100vw, 800px\" \/><\/p>\n<h3 style=\"text-align: center;\">NAVIGAZIONE CON MAPPE<\/h3>\n<p style=\"text-align: center;\">Il ciclocomputer Rider S810 offre una navigazione turn-by-turn senza pensieri, con nomi delle strade, punti di interesse, nomi delle vette, distanze e molto altro sulle mappe precaricate sul dispositivo. Le mappe possono anche essere modificate o aggiornate.<\/p>\n<p><img decoding=\"async\" class=\"aligncenter wp-image-7710 size-full\" src=\"https:\/\/www.sportshine.eu\/wp-content\/uploads\/2025\/07\/Kolesarski-stevec-Brytom-7.webp\" alt=\"\" width=\"800\" height=\"600\" srcset=\"https:\/\/www.sportshine.eu\/wp-content\/uploads\/2025\/07\/Kolesarski-stevec-Brytom-7.webp 800w, https:\/\/www.sportshine.eu\/wp-content\/uploads\/2025\/07\/Kolesarski-stevec-Brytom-7-768x576.webp 768w, https:\/\/www.sportshine.eu\/wp-content\/uploads\/2025\/07\/Kolesarski-stevec-Brytom-7-600x450.webp 600w\" sizes=\"(max-width: 800px) 100vw, 800px\" \/><\/p>\n<h3 style=\"text-align: center;\">ALLENAMENTI INTELLIGENTI<\/h3>\n<div>\n<div>\n<p style=\"text-align: center;\">Il computer consente programmi di allenamento avanzati, regolazione dell&#039;intensit\u00e0 e supporta TrainingPeaks. \u00c8 compatibile con i rulli smart con tecnologia ANT+ FE-C per simulare percorsi virtuali e allenamenti smart. Gli allenamenti sono facilmente gestibili tramite l&#039;app Bryton Active.<\/p>\n<p><img decoding=\"async\" class=\"aligncenter wp-image-7711\" src=\"https:\/\/www.sportshine.eu\/wp-content\/uploads\/2025\/07\/Stevec-za-kolo.webp\" alt=\"\" width=\"800\" height=\"600\" srcset=\"https:\/\/www.sportshine.eu\/wp-content\/uploads\/2025\/07\/Stevec-za-kolo-768x576.webp 768w, https:\/\/www.sportshine.eu\/wp-content\/uploads\/2025\/07\/Stevec-za-kolo-600x450.webp 600w\" sizes=\"(max-width: 800px) 100vw, 800px\" \/><\/p>\n<\/div>\n<\/div>\n<h3 style=\"text-align: center;\">OGNI SALITA \u00c8 REALIZZABILE<\/h3>\n<div>\n<div>\n<p style=\"text-align: center;\">Avvicinandosi a una salita, sullo schermo viene visualizzato un grafico con colori vivaci che ne mostra la difficolt\u00e0. Mentre il ciclista si avvicina a una salita sul percorso, un contatore visualizza il dislivello, il tempo di salita, la distanza rimanente e la difficolt\u00e0. Quando si importano percorsi, l&#039;app Bryton Active genera automaticamente i dati relativi alla salita, che possono essere importati sul computer Bryton e su app come Strava o Komoot.<\/p>\n<p><img decoding=\"async\" class=\"aligncenter wp-image-7712\" src=\"https:\/\/www.sportshine.eu\/wp-content\/uploads\/2025\/07\/stevec-za-kolo-Bryton.webp\" alt=\"\" width=\"800\" height=\"600\" srcset=\"https:\/\/www.sportshine.eu\/wp-content\/uploads\/2025\/07\/stevec-za-kolo-Bryton-768x576.webp 768w, https:\/\/www.sportshine.eu\/wp-content\/uploads\/2025\/07\/stevec-za-kolo-Bryton-600x450.webp 600w\" sizes=\"(max-width: 800px) 100vw, 800px\" \/><\/p>\n<h3 style=\"text-align: center;\">FUNZIONI DI SICUREZZA AVANZATE<\/h3>\n<p style=\"text-align: center;\">L&#039;S810 E ti permette di condividere la tua posizione in tempo reale con parenti o amici semplicemente condividendo la connessione. \u00c8 compatibile con i radar ANT+ (ad esempio Bryton Gardia R300L), rendendo la guida su strade trafficate pi\u00f9 sicura e semplice. Quando \u00e8 connesso a uno smartphone, pu\u00f2 anche visualizzare le notifiche per chiamate e messaggi in arrivo.<\/p>\n<p><img decoding=\"async\" class=\"aligncenter wp-image-7713\" src=\"https:\/\/www.sportshine.eu\/wp-content\/uploads\/2025\/07\/stevci-za-kolo.webp\" alt=\"\" width=\"800\" height=\"600\" srcset=\"https:\/\/www.sportshine.eu\/wp-content\/uploads\/2025\/07\/stevci-za-kolo-768x576.webp 768w, https:\/\/www.sportshine.eu\/wp-content\/uploads\/2025\/07\/stevci-za-kolo-600x450.webp 600w\" sizes=\"(max-width: 800px) 100vw, 800px\" \/><\/p>\n<\/div>\n<\/div>","protected":false},"excerpt":{"rendered":"<p>Ciclocomputer con touchscreen TFT MIP a colori da 8,6 cm, mappe precaricate, visualizzazione di navigazione, ascesa e allenamento e allenamenti avanzati. Adatto a tutti i tipi di bici e per la connessione a smart trainer e bici elettriche. Compatibile con sensori e radar ESS e ANT+. La batteria offre fino a 36 ore di funzionamento. Ricarica tramite cavo USB-C.<\/p>","protected":false},"featured_media":7721,"comment_status":"open","ping_status":"closed","template":"","meta":[],"product_brand":[],"product_cat":[94],"product_tag":[],"class_list":{"0":"post-6405","1":"product","2":"type-product","3":"status-publish","4":"has-post-thumbnail","6":"product_cat-kolesarski-stevci","8":"first","9":"instock","10":"taxable","11":"shipping-taxable","12":"purchasable","13":"product-type-simple"},"yoast_head":"<!-- This site is optimized with the Yoast SEO plugin v27.3 - https:\/\/yoast.com\/product\/yoast-seo-wordpress\/ -->\n<title>Bryton Rider S810 E kolesarski \u0161tevec<\/title>\n<meta name=\"description\" content=\"Bryton Rider S810 je najve\u010dji Brytonov kolesarski ra\u010dunalnik s preglednim zaslonom. Je preprost za uporabo in podpira ogromno funkcij.\" \/>\n<meta name=\"robots\" content=\"index, follow, max-snippet:-1, max-image-preview:large, max-video-preview:-1\" \/>\n<link rel=\"canonical\" href=\"https:\/\/www.sportshine.eu\/it\/negozio\/ciclocomputer-bryton-rider-s810-e\/\" \/>\n<meta property=\"og:locale\" content=\"it_IT\" \/>\n<meta property=\"og:type\" content=\"article\" \/>\n<meta property=\"og:title\" content=\"Bryton Rider S810 E kolesarski \u0161tevec\" \/>\n<meta property=\"og:description\" content=\"Bryton Rider S810 je najve\u010dji Brytonov kolesarski ra\u010dunalnik s preglednim zaslonom. Je preprost za uporabo in podpira ogromno funkcij.\" \/>\n<meta property=\"og:url\" content=\"https:\/\/www.sportshine.eu\/it\/negozio\/ciclocomputer-bryton-rider-s810-e\/\" \/>\n<meta property=\"og:site_name\" content=\"Sportshine\" \/>\n<meta property=\"article:publisher\" content=\"https:\/\/www.facebook.com\/sportshine.eu\/\" \/>\n<meta property=\"article:modified_time\" content=\"2026-04-01T06:34:08+00:00\" \/>\n<meta property=\"og:image\" content=\"https:\/\/www.sportshine.eu\/wp-content\/uploads\/2025\/07\/Bryton-S510.webp\" \/>\n\t<meta property=\"og:image:width\" content=\"800\" \/>\n\t<meta property=\"og:image:height\" content=\"800\" \/>\n\t<meta property=\"og:image:type\" content=\"image\/webp\" \/>\n<meta name=\"twitter:card\" content=\"summary_large_image\" \/>\n<meta name=\"twitter:label1\" content=\"Tempo di lettura stimato\" \/>\n\t<meta name=\"twitter:data1\" content=\"3 minuti\" \/>\n<script type=\"application\/ld+json\" class=\"yoast-schema-graph\">{\"@context\":\"https:\\\/\\\/schema.org\",\"@graph\":[{\"@type\":\"WebPage\",\"@id\":\"https:\\\/\\\/www.sportshine.eu\\\/trgovina\\\/bryton-rider-s810-e-kolesarski-stevec\\\/\",\"url\":\"https:\\\/\\\/www.sportshine.eu\\\/trgovina\\\/bryton-rider-s810-e-kolesarski-stevec\\\/\",\"name\":\"Bryton Rider S810 E kolesarski \u0161tevec\",\"isPartOf\":{\"@id\":\"https:\\\/\\\/www.sportshine.eu\\\/#website\"},\"primaryImageOfPage\":{\"@id\":\"https:\\\/\\\/www.sportshine.eu\\\/trgovina\\\/bryton-rider-s810-e-kolesarski-stevec\\\/#primaryimage\"},\"image\":{\"@id\":\"https:\\\/\\\/www.sportshine.eu\\\/trgovina\\\/bryton-rider-s810-e-kolesarski-stevec\\\/#primaryimage\"},\"thumbnailUrl\":\"https:\\\/\\\/www.sportshine.eu\\\/wp-content\\\/uploads\\\/2025\\\/07\\\/Bryton-S510.webp\",\"datePublished\":\"2025-07-05T19:32:27+00:00\",\"dateModified\":\"2026-04-01T06:34:08+00:00\",\"description\":\"Bryton Rider S810 je najve\u010dji Brytonov kolesarski ra\u010dunalnik s preglednim zaslonom. Je preprost za uporabo in podpira ogromno funkcij.\",\"breadcrumb\":{\"@id\":\"https:\\\/\\\/www.sportshine.eu\\\/trgovina\\\/bryton-rider-s810-e-kolesarski-stevec\\\/#breadcrumb\"},\"inLanguage\":\"it-IT\",\"potentialAction\":[{\"@type\":\"ReadAction\",\"target\":[\"https:\\\/\\\/www.sportshine.eu\\\/trgovina\\\/bryton-rider-s810-e-kolesarski-stevec\\\/\"]}]},{\"@type\":\"ImageObject\",\"inLanguage\":\"it-IT\",\"@id\":\"https:\\\/\\\/www.sportshine.eu\\\/trgovina\\\/bryton-rider-s810-e-kolesarski-stevec\\\/#primaryimage\",\"url\":\"https:\\\/\\\/www.sportshine.eu\\\/wp-content\\\/uploads\\\/2025\\\/07\\\/Bryton-S510.webp\",\"contentUrl\":\"https:\\\/\\\/www.sportshine.eu\\\/wp-content\\\/uploads\\\/2025\\\/07\\\/Bryton-S510.webp\",\"width\":800,\"height\":800},{\"@type\":\"BreadcrumbList\",\"@id\":\"https:\\\/\\\/www.sportshine.eu\\\/trgovina\\\/bryton-rider-s810-e-kolesarski-stevec\\\/#breadcrumb\",\"itemListElement\":[{\"@type\":\"ListItem\",\"position\":1,\"name\":\"Home\",\"item\":\"https:\\\/\\\/www.sportshine.eu\\\/\"},{\"@type\":\"ListItem\",\"position\":2,\"name\":\"Trgovina\",\"item\":\"https:\\\/\\\/www.sportshine.eu\\\/trgovina\\\/\"},{\"@type\":\"ListItem\",\"position\":3,\"name\":\"Bryton Rider S810 kolesarski \u0161tevec\"}]},{\"@type\":\"WebSite\",\"@id\":\"https:\\\/\\\/www.sportshine.eu\\\/#website\",\"url\":\"https:\\\/\\\/www.sportshine.eu\\\/\",\"name\":\"Sportshine\",\"description\":\"Top spletna trgovina kolesarskih in naglavnih svetilk ter opreme\",\"publisher\":{\"@id\":\"https:\\\/\\\/www.sportshine.eu\\\/#organization\"},\"potentialAction\":[{\"@type\":\"SearchAction\",\"target\":{\"@type\":\"EntryPoint\",\"urlTemplate\":\"https:\\\/\\\/www.sportshine.eu\\\/?s={search_term_string}\"},\"query-input\":{\"@type\":\"PropertyValueSpecification\",\"valueRequired\":true,\"valueName\":\"search_term_string\"}}],\"inLanguage\":\"it-IT\"},{\"@type\":\"Organization\",\"@id\":\"https:\\\/\\\/www.sportshine.eu\\\/#organization\",\"name\":\"Sportshine\",\"url\":\"https:\\\/\\\/www.sportshine.eu\\\/\",\"logo\":{\"@type\":\"ImageObject\",\"inLanguage\":\"it-IT\",\"@id\":\"https:\\\/\\\/www.sportshine.eu\\\/#\\\/schema\\\/logo\\\/image\\\/\",\"url\":\"https:\\\/\\\/www.sportshine.eu\\\/wp-content\\\/uploads\\\/2026\\\/01\\\/cropped-Sportshine.webp\",\"contentUrl\":\"https:\\\/\\\/www.sportshine.eu\\\/wp-content\\\/uploads\\\/2026\\\/01\\\/cropped-Sportshine.webp\",\"width\":295,\"height\":128,\"caption\":\"Sportshine\"},\"image\":{\"@id\":\"https:\\\/\\\/www.sportshine.eu\\\/#\\\/schema\\\/logo\\\/image\\\/\"},\"sameAs\":[\"https:\\\/\\\/www.facebook.com\\\/sportshine.eu\\\/\"]}]}<\/script>\n<!-- \/ Yoast SEO plugin. -->","yoast_head_json":{"title":"Ciclocomputer Bryton Rider S810 E","description":"Bryton Rider S810 \u00e8 il ciclocomputer pi\u00f9 grande di Bryton, con un display nitido. \u00c8 facile da usare e supporta un&#039;ampia gamma di funzioni.","robots":{"index":"index","follow":"follow","max-snippet":"max-snippet:-1","max-image-preview":"max-image-preview:large","max-video-preview":"max-video-preview:-1"},"canonical":"https:\/\/www.sportshine.eu\/it\/negozio\/ciclocomputer-bryton-rider-s810-e\/","og_locale":"it_IT","og_type":"article","og_title":"Bryton Rider S810 E kolesarski \u0161tevec","og_description":"Bryton Rider S810 je najve\u010dji Brytonov kolesarski ra\u010dunalnik s preglednim zaslonom. Je preprost za uporabo in podpira ogromno funkcij.","og_url":"https:\/\/www.sportshine.eu\/it\/negozio\/ciclocomputer-bryton-rider-s810-e\/","og_site_name":"Sportshine","article_publisher":"https:\/\/www.facebook.com\/sportshine.eu\/","article_modified_time":"2026-04-01T06:34:08+00:00","og_image":[{"width":800,"height":800,"url":"https:\/\/www.sportshine.eu\/wp-content\/uploads\/2025\/07\/Bryton-S510.webp","type":"image\/webp"}],"twitter_card":"summary_large_image","twitter_misc":{"Tempo di lettura stimato":"3 minuti"},"schema":{"@context":"https:\/\/schema.org","@graph":[{"@type":"WebPage","@id":"https:\/\/www.sportshine.eu\/trgovina\/bryton-rider-s810-e-kolesarski-stevec\/","url":"https:\/\/www.sportshine.eu\/trgovina\/bryton-rider-s810-e-kolesarski-stevec\/","name":"Ciclocomputer Bryton Rider S810 E","isPartOf":{"@id":"https:\/\/www.sportshine.eu\/#website"},"primaryImageOfPage":{"@id":"https:\/\/www.sportshine.eu\/trgovina\/bryton-rider-s810-e-kolesarski-stevec\/#primaryimage"},"image":{"@id":"https:\/\/www.sportshine.eu\/trgovina\/bryton-rider-s810-e-kolesarski-stevec\/#primaryimage"},"thumbnailUrl":"https:\/\/www.sportshine.eu\/wp-content\/uploads\/2025\/07\/Bryton-S510.webp","datePublished":"2025-07-05T19:32:27+00:00","dateModified":"2026-04-01T06:34:08+00:00","description":"Bryton Rider S810 \u00e8 il ciclocomputer pi\u00f9 grande di Bryton, con un display nitido. \u00c8 facile da usare e supporta un&#039;ampia gamma di funzioni.","breadcrumb":{"@id":"https:\/\/www.sportshine.eu\/trgovina\/bryton-rider-s810-e-kolesarski-stevec\/#breadcrumb"},"inLanguage":"it-IT","potentialAction":[{"@type":"ReadAction","target":["https:\/\/www.sportshine.eu\/trgovina\/bryton-rider-s810-e-kolesarski-stevec\/"]}]},{"@type":"ImageObject","inLanguage":"it-IT","@id":"https:\/\/www.sportshine.eu\/trgovina\/bryton-rider-s810-e-kolesarski-stevec\/#primaryimage","url":"https:\/\/www.sportshine.eu\/wp-content\/uploads\/2025\/07\/Bryton-S510.webp","contentUrl":"https:\/\/www.sportshine.eu\/wp-content\/uploads\/2025\/07\/Bryton-S510.webp","width":800,"height":800},{"@type":"BreadcrumbList","@id":"https:\/\/www.sportshine.eu\/trgovina\/bryton-rider-s810-e-kolesarski-stevec\/#breadcrumb","itemListElement":[{"@type":"ListItem","position":1,"name":"Home","item":"https:\/\/www.sportshine.eu\/"},{"@type":"ListItem","position":2,"name":"Trgovina","item":"https:\/\/www.sportshine.eu\/trgovina\/"},{"@type":"ListItem","position":3,"name":"Bryton Rider S810 kolesarski \u0161tevec"}]},{"@type":"WebSite","@id":"https:\/\/www.sportshine.eu\/#website","url":"https:\/\/www.sportshine.eu\/","name":"Sportshine","description":"Il miglior negozio online per ciclismo, lampade frontali e attrezzature","publisher":{"@id":"https:\/\/www.sportshine.eu\/#organization"},"potentialAction":[{"@type":"SearchAction","target":{"@type":"EntryPoint","urlTemplate":"https:\/\/www.sportshine.eu\/?s={search_term_string}"},"query-input":{"@type":"PropertyValueSpecification","valueRequired":true,"valueName":"search_term_string"}}],"inLanguage":"it-IT"},{"@type":"Organization","@id":"https:\/\/www.sportshine.eu\/#organization","name":"Sportshine","url":"https:\/\/www.sportshine.eu\/","logo":{"@type":"ImageObject","inLanguage":"it-IT","@id":"https:\/\/www.sportshine.eu\/#\/schema\/logo\/image\/","url":"https:\/\/www.sportshine.eu\/wp-content\/uploads\/2026\/01\/cropped-Sportshine.webp","contentUrl":"https:\/\/www.sportshine.eu\/wp-content\/uploads\/2026\/01\/cropped-Sportshine.webp","width":295,"height":128,"caption":"Sportshine"},"image":{"@id":"https:\/\/www.sportshine.eu\/#\/schema\/logo\/image\/"},"sameAs":["https:\/\/www.facebook.com\/sportshine.eu\/"]}]}},"_links":{"self":[{"href":"https:\/\/www.sportshine.eu\/it\/wp-json\/wp\/v2\/product\/6405","targetHints":{"allow":["GET"]}}],"collection":[{"href":"https:\/\/www.sportshine.eu\/it\/wp-json\/wp\/v2\/product"}],"about":[{"href":"https:\/\/www.sportshine.eu\/it\/wp-json\/wp\/v2\/types\/product"}],"replies":[{"embeddable":true,"href":"https:\/\/www.sportshine.eu\/it\/wp-json\/wp\/v2\/comments?post=6405"}],"version-history":[{"count":1,"href":"https:\/\/www.sportshine.eu\/it\/wp-json\/wp\/v2\/product\/6405\/revisions"}],"predecessor-version":[{"id":10340,"href":"https:\/\/www.sportshine.eu\/it\/wp-json\/wp\/v2\/product\/6405\/revisions\/10340"}],"wp:featuredmedia":[{"embeddable":true,"href":"https:\/\/www.sportshine.eu\/it\/wp-json\/wp\/v2\/media\/7721"}],"wp:attachment":[{"href":"https:\/\/www.sportshine.eu\/it\/wp-json\/wp\/v2\/media?parent=6405"}],"wp:term":[{"taxonomy":"product_brand","embeddable":true,"href":"https:\/\/www.sportshine.eu\/it\/wp-json\/wp\/v2\/product_brand?post=6405"},{"taxonomy":"product_cat","embeddable":true,"href":"https:\/\/www.sportshine.eu\/it\/wp-json\/wp\/v2\/product_cat?post=6405"},{"taxonomy":"product_tag","embeddable":true,"href":"https:\/\/www.sportshine.eu\/it\/wp-json\/wp\/v2\/product_tag?post=6405"}],"curies":[{"name":"parola chiave","href":"https:\/\/api.w.org\/{rel}","templated":true}]}}