{"id":6351,"date":"2025-07-04T21:22:33","date_gmt":"2025-07-04T21:22:33","guid":{"rendered":"https:\/\/www.sportshine.eu\/?post_type=product&#038;p=6351"},"modified":"2025-08-03T12:45:38","modified_gmt":"2025-08-03T12:45:38","slug":"portabici-gaciron-h15p","status":"publish","type":"product","link":"https:\/\/www.sportshine.eu\/it\/negozio\/portabici-gaciron-h15p\/","title":{"rendered":"Portabiciclette Gaciron H15P"},"content":{"rendered":"<p>Il supporto per bicicletta Gaciron H15P \u00e8 un supporto eccellente per chiunque desideri avere una luce fissata al casco durante la pedalata. \u00c8 estremamente leggero e mantiene saldamente la luce fissata. Il supporto \u00e8 realizzato in nylon di alta qualit\u00e0, elastico ed estremamente resistente.<\/p>\n<p>&nbsp;<\/p>\n<p>&nbsp;<\/p>\n<p>&nbsp;<\/p>","protected":false},"excerpt":{"rendered":"<p>Marca: Gaciron<br \/>\nModello: H15P<br \/>\nPeso: 43 g<br \/>\nDimensioni: 61*52*38 mm<\/p>","protected":false},"featured_media":5244,"comment_status":"closed","ping_status":"closed","template":"","meta":[],"product_brand":[132],"product_cat":[87],"product_tag":[],"class_list":{"0":"post-6351","1":"product","2":"type-product","3":"status-publish","4":"has-post-thumbnail","6":"product_brand-gaciron","7":"product_cat-kolesarski-nosilci","9":"first","10":"instock","11":"taxable","12":"shipping-taxable","13":"purchasable","14":"product-type-simple"},"yoast_head":"<!-- This site is optimized with the Yoast SEO plugin v27.3 - https:\/\/yoast.com\/product\/yoast-seo-wordpress\/ -->\n<title>Kolesarski nosilec Gaciron H15P<\/title>\n<meta name=\"description\" content=\"Kolesarski nosilec Gaciron H15P je izvrsten nosilec za vse, ki bi med vo\u017enjo imeli kolesarsko lu\u010d Gaciron na \u010deladi.\" \/>\n<meta name=\"robots\" content=\"index, follow, max-snippet:-1, max-image-preview:large, max-video-preview:-1\" \/>\n<link rel=\"canonical\" href=\"https:\/\/www.sportshine.eu\/it\/negozio\/portabici-gaciron-h15p\/\" \/>\n<meta property=\"og:locale\" content=\"it_IT\" \/>\n<meta property=\"og:type\" content=\"article\" \/>\n<meta property=\"og:title\" content=\"Kolesarski nosilec Gaciron H15P\" \/>\n<meta property=\"og:description\" content=\"Kolesarski nosilec Gaciron H15P je izvrsten nosilec za vse, ki bi med vo\u017enjo imeli kolesarsko lu\u010d Gaciron na \u010deladi.\" \/>\n<meta property=\"og:url\" content=\"https:\/\/www.sportshine.eu\/it\/negozio\/portabici-gaciron-h15p\/\" \/>\n<meta property=\"og:site_name\" content=\"Sportshine\" \/>\n<meta property=\"article:publisher\" content=\"https:\/\/www.facebook.com\/sportshine.eu\/\" \/>\n<meta property=\"article:modified_time\" content=\"2025-08-03T12:45:38+00:00\" \/>\n<meta property=\"og:image\" content=\"https:\/\/www.sportshine.eu\/wp-content\/uploads\/2025\/07\/download-main-images-download-variant-ima_main-0-5-1.jpg\" \/>\n\t<meta property=\"og:image:width\" content=\"1000\" \/>\n\t<meta property=\"og:image:height\" content=\"1000\" \/>\n\t<meta property=\"og:image:type\" content=\"image\/jpeg\" \/>\n<meta name=\"twitter:card\" content=\"summary_large_image\" \/>\n<meta name=\"twitter:label1\" content=\"Tempo di lettura stimato\" \/>\n\t<meta name=\"twitter:data1\" content=\"1 minuto\" \/>\n<script type=\"application\/ld+json\" class=\"yoast-schema-graph\">{\"@context\":\"https:\\\/\\\/schema.org\",\"@graph\":[{\"@type\":\"WebPage\",\"@id\":\"https:\\\/\\\/www.sportshine.eu\\\/trgovina\\\/kolesarski-nosilec-gaciron-h15p\\\/\",\"url\":\"https:\\\/\\\/www.sportshine.eu\\\/trgovina\\\/kolesarski-nosilec-gaciron-h15p\\\/\",\"name\":\"Kolesarski nosilec Gaciron H15P\",\"isPartOf\":{\"@id\":\"https:\\\/\\\/www.sportshine.eu\\\/#website\"},\"primaryImageOfPage\":{\"@id\":\"https:\\\/\\\/www.sportshine.eu\\\/trgovina\\\/kolesarski-nosilec-gaciron-h15p\\\/#primaryimage\"},\"image\":{\"@id\":\"https:\\\/\\\/www.sportshine.eu\\\/trgovina\\\/kolesarski-nosilec-gaciron-h15p\\\/#primaryimage\"},\"thumbnailUrl\":\"https:\\\/\\\/www.sportshine.eu\\\/wp-content\\\/uploads\\\/2025\\\/07\\\/download-main-images-download-variant-ima_main-0-5-1.jpg\",\"datePublished\":\"2025-07-04T21:22:33+00:00\",\"dateModified\":\"2025-08-03T12:45:38+00:00\",\"description\":\"Kolesarski nosilec Gaciron H15P je izvrsten nosilec za vse, ki bi med vo\u017enjo imeli kolesarsko lu\u010d Gaciron na \u010deladi.\",\"breadcrumb\":{\"@id\":\"https:\\\/\\\/www.sportshine.eu\\\/trgovina\\\/kolesarski-nosilec-gaciron-h15p\\\/#breadcrumb\"},\"inLanguage\":\"it-IT\",\"potentialAction\":[{\"@type\":\"ReadAction\",\"target\":[\"https:\\\/\\\/www.sportshine.eu\\\/trgovina\\\/kolesarski-nosilec-gaciron-h15p\\\/\"]}]},{\"@type\":\"ImageObject\",\"inLanguage\":\"it-IT\",\"@id\":\"https:\\\/\\\/www.sportshine.eu\\\/trgovina\\\/kolesarski-nosilec-gaciron-h15p\\\/#primaryimage\",\"url\":\"https:\\\/\\\/www.sportshine.eu\\\/wp-content\\\/uploads\\\/2025\\\/07\\\/download-main-images-download-variant-ima_main-0-5-1.jpg\",\"contentUrl\":\"https:\\\/\\\/www.sportshine.eu\\\/wp-content\\\/uploads\\\/2025\\\/07\\\/download-main-images-download-variant-ima_main-0-5-1.jpg\",\"width\":1000,\"height\":1000},{\"@type\":\"BreadcrumbList\",\"@id\":\"https:\\\/\\\/www.sportshine.eu\\\/trgovina\\\/kolesarski-nosilec-gaciron-h15p\\\/#breadcrumb\",\"itemListElement\":[{\"@type\":\"ListItem\",\"position\":1,\"name\":\"Home\",\"item\":\"https:\\\/\\\/www.sportshine.eu\\\/\"},{\"@type\":\"ListItem\",\"position\":2,\"name\":\"Trgovina\",\"item\":\"https:\\\/\\\/www.sportshine.eu\\\/trgovina\\\/\"},{\"@type\":\"ListItem\",\"position\":3,\"name\":\"Kolesarski nosilec Gaciron H15P\"}]},{\"@type\":\"WebSite\",\"@id\":\"https:\\\/\\\/www.sportshine.eu\\\/#website\",\"url\":\"https:\\\/\\\/www.sportshine.eu\\\/\",\"name\":\"Sportshine\",\"description\":\"Top spletna trgovina kolesarskih in naglavnih svetilk ter opreme\",\"publisher\":{\"@id\":\"https:\\\/\\\/www.sportshine.eu\\\/#organization\"},\"potentialAction\":[{\"@type\":\"SearchAction\",\"target\":{\"@type\":\"EntryPoint\",\"urlTemplate\":\"https:\\\/\\\/www.sportshine.eu\\\/?s={search_term_string}\"},\"query-input\":{\"@type\":\"PropertyValueSpecification\",\"valueRequired\":true,\"valueName\":\"search_term_string\"}}],\"inLanguage\":\"it-IT\"},{\"@type\":\"Organization\",\"@id\":\"https:\\\/\\\/www.sportshine.eu\\\/#organization\",\"name\":\"Sportshine\",\"url\":\"https:\\\/\\\/www.sportshine.eu\\\/\",\"logo\":{\"@type\":\"ImageObject\",\"inLanguage\":\"it-IT\",\"@id\":\"https:\\\/\\\/www.sportshine.eu\\\/#\\\/schema\\\/logo\\\/image\\\/\",\"url\":\"https:\\\/\\\/www.sportshine.eu\\\/wp-content\\\/uploads\\\/2026\\\/01\\\/cropped-Sportshine.webp\",\"contentUrl\":\"https:\\\/\\\/www.sportshine.eu\\\/wp-content\\\/uploads\\\/2026\\\/01\\\/cropped-Sportshine.webp\",\"width\":295,\"height\":128,\"caption\":\"Sportshine\"},\"image\":{\"@id\":\"https:\\\/\\\/www.sportshine.eu\\\/#\\\/schema\\\/logo\\\/image\\\/\"},\"sameAs\":[\"https:\\\/\\\/www.facebook.com\\\/sportshine.eu\\\/\"]}]}<\/script>\n<!-- \/ Yoast SEO plugin. -->","yoast_head_json":{"title":"Portabiciclette Gaciron H15P","description":"Il supporto per bicicletta Gaciron H15P \u00e8 un supporto eccellente per chiunque desideri avere una luce per bicicletta Gaciron sul proprio casco mentre pedala.","robots":{"index":"index","follow":"follow","max-snippet":"max-snippet:-1","max-image-preview":"max-image-preview:large","max-video-preview":"max-video-preview:-1"},"canonical":"https:\/\/www.sportshine.eu\/it\/negozio\/portabici-gaciron-h15p\/","og_locale":"it_IT","og_type":"article","og_title":"Kolesarski nosilec Gaciron H15P","og_description":"Kolesarski nosilec Gaciron H15P je izvrsten nosilec za vse, ki bi med vo\u017enjo imeli kolesarsko lu\u010d Gaciron na \u010deladi.","og_url":"https:\/\/www.sportshine.eu\/it\/negozio\/portabici-gaciron-h15p\/","og_site_name":"Sportshine","article_publisher":"https:\/\/www.facebook.com\/sportshine.eu\/","article_modified_time":"2025-08-03T12:45:38+00:00","og_image":[{"width":1000,"height":1000,"url":"https:\/\/www.sportshine.eu\/wp-content\/uploads\/2025\/07\/download-main-images-download-variant-ima_main-0-5-1.jpg","type":"image\/jpeg"}],"twitter_card":"summary_large_image","twitter_misc":{"Tempo di lettura stimato":"1 minuto"},"schema":{"@context":"https:\/\/schema.org","@graph":[{"@type":"WebPage","@id":"https:\/\/www.sportshine.eu\/trgovina\/kolesarski-nosilec-gaciron-h15p\/","url":"https:\/\/www.sportshine.eu\/trgovina\/kolesarski-nosilec-gaciron-h15p\/","name":"Portabiciclette Gaciron H15P","isPartOf":{"@id":"https:\/\/www.sportshine.eu\/#website"},"primaryImageOfPage":{"@id":"https:\/\/www.sportshine.eu\/trgovina\/kolesarski-nosilec-gaciron-h15p\/#primaryimage"},"image":{"@id":"https:\/\/www.sportshine.eu\/trgovina\/kolesarski-nosilec-gaciron-h15p\/#primaryimage"},"thumbnailUrl":"https:\/\/www.sportshine.eu\/wp-content\/uploads\/2025\/07\/download-main-images-download-variant-ima_main-0-5-1.jpg","datePublished":"2025-07-04T21:22:33+00:00","dateModified":"2025-08-03T12:45:38+00:00","description":"Il supporto per bicicletta Gaciron H15P \u00e8 un supporto eccellente per chiunque desideri avere una luce per bicicletta Gaciron sul proprio casco mentre pedala.","breadcrumb":{"@id":"https:\/\/www.sportshine.eu\/trgovina\/kolesarski-nosilec-gaciron-h15p\/#breadcrumb"},"inLanguage":"it-IT","potentialAction":[{"@type":"ReadAction","target":["https:\/\/www.sportshine.eu\/trgovina\/kolesarski-nosilec-gaciron-h15p\/"]}]},{"@type":"ImageObject","inLanguage":"it-IT","@id":"https:\/\/www.sportshine.eu\/trgovina\/kolesarski-nosilec-gaciron-h15p\/#primaryimage","url":"https:\/\/www.sportshine.eu\/wp-content\/uploads\/2025\/07\/download-main-images-download-variant-ima_main-0-5-1.jpg","contentUrl":"https:\/\/www.sportshine.eu\/wp-content\/uploads\/2025\/07\/download-main-images-download-variant-ima_main-0-5-1.jpg","width":1000,"height":1000},{"@type":"BreadcrumbList","@id":"https:\/\/www.sportshine.eu\/trgovina\/kolesarski-nosilec-gaciron-h15p\/#breadcrumb","itemListElement":[{"@type":"ListItem","position":1,"name":"Home","item":"https:\/\/www.sportshine.eu\/"},{"@type":"ListItem","position":2,"name":"Trgovina","item":"https:\/\/www.sportshine.eu\/trgovina\/"},{"@type":"ListItem","position":3,"name":"Kolesarski nosilec Gaciron H15P"}]},{"@type":"WebSite","@id":"https:\/\/www.sportshine.eu\/#website","url":"https:\/\/www.sportshine.eu\/","name":"Sportshine","description":"Il miglior negozio online per ciclismo, lampade frontali e attrezzature","publisher":{"@id":"https:\/\/www.sportshine.eu\/#organization"},"potentialAction":[{"@type":"SearchAction","target":{"@type":"EntryPoint","urlTemplate":"https:\/\/www.sportshine.eu\/?s={search_term_string}"},"query-input":{"@type":"PropertyValueSpecification","valueRequired":true,"valueName":"search_term_string"}}],"inLanguage":"it-IT"},{"@type":"Organization","@id":"https:\/\/www.sportshine.eu\/#organization","name":"Sportshine","url":"https:\/\/www.sportshine.eu\/","logo":{"@type":"ImageObject","inLanguage":"it-IT","@id":"https:\/\/www.sportshine.eu\/#\/schema\/logo\/image\/","url":"https:\/\/www.sportshine.eu\/wp-content\/uploads\/2026\/01\/cropped-Sportshine.webp","contentUrl":"https:\/\/www.sportshine.eu\/wp-content\/uploads\/2026\/01\/cropped-Sportshine.webp","width":295,"height":128,"caption":"Sportshine"},"image":{"@id":"https:\/\/www.sportshine.eu\/#\/schema\/logo\/image\/"},"sameAs":["https:\/\/www.facebook.com\/sportshine.eu\/"]}]}},"_links":{"self":[{"href":"https:\/\/www.sportshine.eu\/it\/wp-json\/wp\/v2\/product\/6351","targetHints":{"allow":["GET"]}}],"collection":[{"href":"https:\/\/www.sportshine.eu\/it\/wp-json\/wp\/v2\/product"}],"about":[{"href":"https:\/\/www.sportshine.eu\/it\/wp-json\/wp\/v2\/types\/product"}],"replies":[{"embeddable":true,"href":"https:\/\/www.sportshine.eu\/it\/wp-json\/wp\/v2\/comments?post=6351"}],"version-history":[{"count":0,"href":"https:\/\/www.sportshine.eu\/it\/wp-json\/wp\/v2\/product\/6351\/revisions"}],"wp:featuredmedia":[{"embeddable":true,"href":"https:\/\/www.sportshine.eu\/it\/wp-json\/wp\/v2\/media\/5244"}],"wp:attachment":[{"href":"https:\/\/www.sportshine.eu\/it\/wp-json\/wp\/v2\/media?parent=6351"}],"wp:term":[{"taxonomy":"product_brand","embeddable":true,"href":"https:\/\/www.sportshine.eu\/it\/wp-json\/wp\/v2\/product_brand?post=6351"},{"taxonomy":"product_cat","embeddable":true,"href":"https:\/\/www.sportshine.eu\/it\/wp-json\/wp\/v2\/product_cat?post=6351"},{"taxonomy":"product_tag","embeddable":true,"href":"https:\/\/www.sportshine.eu\/it\/wp-json\/wp\/v2\/product_tag?post=6351"}],"curies":[{"name":"parola chiave","href":"https:\/\/api.w.org\/{rel}","templated":true}]}}