{"id":6333,"date":"2026-04-10T21:09:28","date_gmt":"2026-04-10T21:09:28","guid":{"rendered":"https:\/\/www.sportshine.eu\/?post_type=product&#038;p=6333"},"modified":"2026-05-06T20:22:36","modified_gmt":"2026-05-06T20:22:36","slug":"luce-posteriore-per-bicicletta-gacilon-w15a-100","status":"publish","type":"product","link":"https:\/\/www.sportshine.eu\/it\/negozio\/luce-posteriore-per-bicicletta-gacilon-w15a-100\/","title":{"rendered":"Luce posteriore per bicicletta Gaciron W15A-100"},"content":{"rendered":"<h3 style=\"text-align: center;\">100 LUMEN DI LUMINOSIT\u00c0 CON SENSORE FRENO INTEGRATO E ATTACCO DI MONTAGGIO MAGNETICO<\/h3>\n<p><img decoding=\"async\" class=\"aligncenter wp-image-7584 size-full\" src=\"https:\/\/www.sportshine.eu\/wp-content\/uploads\/2025\/07\/Gaciron-W15A-100.webp\" alt=\"\" width=\"800\" height=\"600\" srcset=\"https:\/\/www.sportshine.eu\/wp-content\/uploads\/2025\/07\/Gaciron-W15A-100.webp 800w, https:\/\/www.sportshine.eu\/wp-content\/uploads\/2025\/07\/Gaciron-W15A-100-768x576.webp 768w, https:\/\/www.sportshine.eu\/wp-content\/uploads\/2025\/07\/Gaciron-W15A-100-600x450.webp 600w\" sizes=\"(max-width: 800px) 100vw, 800px\" \/><\/p>\n<h3 style=\"text-align: center;\">IL SENSORE DI FRENATA FUNZIONA CON UNA PRECISIONE INCREDIBILE<\/h3>\n<p style=\"text-align: center;\">Quando la luce rileva una frenata, una spia luminosa con una luminosit\u00e0 di 100 lumen si accende per 3 secondi. Sul pulsante di accensione, una pressione prolungata per 3 secondi attiva o disattiva la funzione di frenata.<\/p>\n<p><img decoding=\"async\" class=\"aligncenter wp-image-7585 size-full\" src=\"https:\/\/www.sportshine.eu\/wp-content\/uploads\/2025\/07\/Gaciron-W15A-100-1.webp\" alt=\"\" width=\"800\" height=\"600\" srcset=\"https:\/\/www.sportshine.eu\/wp-content\/uploads\/2025\/07\/Gaciron-W15A-100-1.webp 800w, https:\/\/www.sportshine.eu\/wp-content\/uploads\/2025\/07\/Gaciron-W15A-100-1-768x576.webp 768w, https:\/\/www.sportshine.eu\/wp-content\/uploads\/2025\/07\/Gaciron-W15A-100-1-600x450.webp 600w\" sizes=\"(max-width: 800px) 100vw, 800px\" \/><\/p>\n<h3 style=\"text-align: center;\">CORPO REALIZZATO INTERAMENTE IN ALLUMINIO<\/h3>\n<p style=\"text-align: center;\">La lavorazione CNC garantisce la massima precisione dell&#039;alloggiamento per una durata ottimale. Il risultato \u00e8 un design accattivante che valorizza l&#039;aspetto generale della bici.<\/p>\n<p><img decoding=\"async\" class=\"aligncenter wp-image-7587 size-full\" src=\"https:\/\/www.sportshine.eu\/wp-content\/uploads\/2025\/07\/Gaciron-W15A-100-2.webp\" alt=\"Gaciron W15A-100 \" width=\"800\" height=\"600\" srcset=\"https:\/\/www.sportshine.eu\/wp-content\/uploads\/2025\/07\/Gaciron-W15A-100-2.webp 800w, https:\/\/www.sportshine.eu\/wp-content\/uploads\/2025\/07\/Gaciron-W15A-100-2-768x576.webp 768w, https:\/\/www.sportshine.eu\/wp-content\/uploads\/2025\/07\/Gaciron-W15A-100-2-600x450.webp 600w\" sizes=\"(max-width: 800px) 100vw, 800px\" \/><\/p>\n<h3 style=\"text-align: center;\">POSSIBILE INSTALLAZIONE SU SEDILE O SUPPORTO SEDILE<\/h3>\n<p style=\"text-align: center;\">Il kit comprende reggisella e supporti reggisella standard.<\/p>\n<p><img decoding=\"async\" class=\"aligncenter wp-image-7588 size-full\" src=\"https:\/\/www.sportshine.eu\/wp-content\/uploads\/2025\/07\/Gaciron-W15A-100-3.webp\" alt=\"\" width=\"800\" height=\"600\" srcset=\"https:\/\/www.sportshine.eu\/wp-content\/uploads\/2025\/07\/Gaciron-W15A-100-3.webp 800w, https:\/\/www.sportshine.eu\/wp-content\/uploads\/2025\/07\/Gaciron-W15A-100-3-768x576.webp 768w, https:\/\/www.sportshine.eu\/wp-content\/uploads\/2025\/07\/Gaciron-W15A-100-3-600x450.webp 600w\" sizes=\"(max-width: 800px) 100vw, 800px\" \/><\/p>\n<h3 style=\"text-align: center;\">IMPERMEABILE SECONDO LO STANDARD IPX6<\/h3>\n<p style=\"text-align: center;\">\u00c8 realizzato con materiali resistenti all&#039;acqua e all&#039;umidit\u00e0. Permette di pedalare in sicurezza anche sotto la pioggia battente.<\/p>\n<p><img decoding=\"async\" class=\"aligncenter wp-image-7589 size-full\" src=\"https:\/\/www.sportshine.eu\/wp-content\/uploads\/2025\/07\/Gaciron-W15A-100-4.webp\" alt=\"\" width=\"800\" height=\"600\" srcset=\"https:\/\/www.sportshine.eu\/wp-content\/uploads\/2025\/07\/Gaciron-W15A-100-4.webp 800w, https:\/\/www.sportshine.eu\/wp-content\/uploads\/2025\/07\/Gaciron-W15A-100-4-768x576.webp 768w, https:\/\/www.sportshine.eu\/wp-content\/uploads\/2025\/07\/Gaciron-W15A-100-4-600x450.webp 600w\" sizes=\"(max-width: 800px) 100vw, 800px\" \/><\/p>\n<h3 style=\"text-align: center;\">RILEVAMENTO INTELLIGENTE DELLE VIBRAZIONI<\/h3>\n<p style=\"text-align: center;\">Dopo l&#039;accensione, la luce passa in modalit\u00e0 sospensione dopo 120 secondi di inattivit\u00e0. Quando viene rilevato un movimento, la luce torna alla modalit\u00e0 di funzionamento precedente, riducendo notevolmente il consumo energetico.<\/p>\n<p><img decoding=\"async\" class=\"aligncenter wp-image-7590 size-full\" src=\"https:\/\/www.sportshine.eu\/wp-content\/uploads\/2025\/07\/Gaciron-W15A-100-5.webp\" alt=\"Gaciron W15A-100 \" width=\"800\" height=\"600\" srcset=\"https:\/\/www.sportshine.eu\/wp-content\/uploads\/2025\/07\/Gaciron-W15A-100-5.webp 800w, https:\/\/www.sportshine.eu\/wp-content\/uploads\/2025\/07\/Gaciron-W15A-100-5-768x576.webp 768w, https:\/\/www.sportshine.eu\/wp-content\/uploads\/2025\/07\/Gaciron-W15A-100-5-600x450.webp 600w\" sizes=\"(max-width: 800px) 100vw, 800px\" \/><\/p>\n<h3 style=\"text-align: center;\">PRESENTAZIONE VIDEO DELLA LUCE CICLO<\/h3>\n<p><iframe loading=\"lazy\" title=\"GACIRON W15A-100\" width=\"500\" height=\"281\" src=\"https:\/\/www.youtube.com\/embed\/YEcB6oaU11Y?feature=oembed\" frameborder=\"0\" allow=\"accelerometer; autoplay; clipboard-write; encrypted-media; gyroscope; picture-in-picture; web-share\" referrerpolicy=\"strict-origin-when-cross-origin\" allowfullscreen><\/iframe><\/p>\n<h3 style=\"text-align: center;\">INNOVATIVO MONTAGGIO MAGNETICO DELLA LUCE DELLA BICICLETTA<\/h3>\n<p style=\"text-align: center;\">Il supporto magnetico rende l&#039;installazione e la rimozione del fanale posteriore molto rapide. Il supporto magnetico blocca il fanale sul supporto e garantisce una tenuta sicura e stabile.<\/p>\n<p><img decoding=\"async\" class=\"aligncenter wp-image-7591 size-full\" src=\"https:\/\/www.sportshine.eu\/wp-content\/uploads\/2025\/07\/Gaciron-W15A-100-6.webp\" alt=\"\" width=\"800\" height=\"600\" srcset=\"https:\/\/www.sportshine.eu\/wp-content\/uploads\/2025\/07\/Gaciron-W15A-100-6.webp 800w, https:\/\/www.sportshine.eu\/wp-content\/uploads\/2025\/07\/Gaciron-W15A-100-6-768x576.webp 768w, https:\/\/www.sportshine.eu\/wp-content\/uploads\/2025\/07\/Gaciron-W15A-100-6-600x450.webp 600w\" sizes=\"(max-width: 800px) 100vw, 800px\" \/><\/p>\n<h3 style=\"text-align: center;\">RICARICA DELLA LUCE POSTERIORE DELLA BICICLETTA<\/h3>\n<p style=\"text-align: center;\">Una luce rossa lampeggiante indica che la lampada \u00e8 ancora in carica, mentre una luce blu fissa indica che la luce della bicicletta \u00e8 carica e pronta all&#039;uso.<\/p>\n<p><img decoding=\"async\" class=\"aligncenter wp-image-7592 size-full\" src=\"https:\/\/www.sportshine.eu\/wp-content\/uploads\/2025\/07\/Gaciron-W15A-100-7.webp\" alt=\"Gaciron W15A-100 \" width=\"800\" height=\"600\" srcset=\"https:\/\/www.sportshine.eu\/wp-content\/uploads\/2025\/07\/Gaciron-W15A-100-7.webp 800w, https:\/\/www.sportshine.eu\/wp-content\/uploads\/2025\/07\/Gaciron-W15A-100-7-768x576.webp 768w, https:\/\/www.sportshine.eu\/wp-content\/uploads\/2025\/07\/Gaciron-W15A-100-7-600x450.webp 600w\" sizes=\"(max-width: 800px) 100vw, 800px\" \/><\/p>\n<h3 style=\"text-align: center;\">RICEVERAI NEL PACCO<\/h3>\n<p><img decoding=\"async\" class=\"aligncenter wp-image-7593\" src=\"https:\/\/www.sportshine.eu\/wp-content\/uploads\/2025\/07\/Gaciron-W15A-100-8.webp\" alt=\"\" width=\"800\" height=\"800\" srcset=\"https:\/\/www.sportshine.eu\/wp-content\/uploads\/2025\/07\/Gaciron-W15A-100-8.webp 750w, https:\/\/www.sportshine.eu\/wp-content\/uploads\/2025\/07\/Gaciron-W15A-100-8-600x600.webp 600w\" sizes=\"(max-width: 800px) 100vw, 800px\" \/><\/p>\n<h3 style=\"text-align: center;\">IMMAGINI DAL VIVO<\/h3>\n<p><img decoding=\"async\" class=\"aligncenter wp-image-7594\" src=\"https:\/\/www.sportshine.eu\/wp-content\/uploads\/2025\/07\/Gaciron-W15A-100-9.webp\" alt=\"\" width=\"800\" height=\"1418\" srcset=\"https:\/\/www.sportshine.eu\/wp-content\/uploads\/2025\/07\/Gaciron-W15A-100-9.webp 750w, https:\/\/www.sportshine.eu\/wp-content\/uploads\/2025\/07\/Gaciron-W15A-100-9-600x1063.webp 600w\" sizes=\"(max-width: 800px) 100vw, 800px\" \/><\/p>\n<h3 style=\"text-align: center;\">QUANTO \u00c8 FORTE LA SUA LUCE?<\/h3>\n<p><iframe loading=\"lazy\" title=\"Gaciron w15A\" width=\"422\" height=\"750\" src=\"https:\/\/www.youtube.com\/embed\/F_QcltXCxcY?feature=oembed\" frameborder=\"0\" allow=\"accelerometer; autoplay; clipboard-write; encrypted-media; gyroscope; picture-in-picture; web-share\" referrerpolicy=\"strict-origin-when-cross-origin\" allowfullscreen><\/iframe><\/p>","protected":false},"excerpt":{"rendered":"<p>La luce posteriore per bicicletta Gaciron W15A-100 \u00e8 realizzata in alluminio resistente ed \u00e8 impermeabile secondo lo standard IPX6. Emette una potenza massima di 100 lumen ed \u00e8 dotata di un sensore di frenata preciso integrato che rileva perfettamente la frenata (pu\u00f2 anche essere spento manualmente). La consigliamo a tutti i ciclisti che desiderano essere ben visibili anche di giorno.<\/p>\n<p>Per la versione in carbonio del modello Gaciron W15A-100<span style=\"color: #ff0000;\"> <a style=\"color: #ff0000;\" href=\"https:\/\/www.sportshine.eu\/it\/negozio\/luce-posteriore-per-bicicletta-led-gaciron-w15a-100-carbonio\/\">clicca qui.<\/a><\/span><\/p>","protected":false},"featured_media":8016,"comment_status":"open","ping_status":"closed","template":"","meta":[],"product_brand":[132],"product_cat":[86],"product_tag":[],"class_list":{"0":"post-6333","1":"product","2":"type-product","3":"status-publish","4":"has-post-thumbnail","6":"product_brand-gaciron","7":"product_cat-zadnje-kolesarske-luci","9":"first","10":"instock","11":"sale","12":"taxable","13":"shipping-taxable","14":"purchasable","15":"product-type-simple"},"yoast_head":"<!-- This site is optimized with the Yoast SEO plugin v27.4 - https:\/\/yoast.com\/product\/yoast-seo-wordpress\/ -->\n<title>Gaciron W15A-100 zadnja lu\u010d za kolo<\/title>\n<meta name=\"description\" content=\"Zmogljiva zadnja lu\u010d za kolo z vgrajenim natan\u010dnim senzorjem za zaviranje. Do 40 ur delovanja in do 100 lumnov mo\u010di. Vgrajeno inovativno magneto zapenjalo.\" \/>\n<meta name=\"robots\" content=\"index, follow, max-snippet:-1, max-image-preview:large, max-video-preview:-1\" \/>\n<link rel=\"canonical\" href=\"https:\/\/www.sportshine.eu\/it\/negozio\/luce-posteriore-per-bicicletta-gacilon-w15a-100\/\" \/>\n<meta property=\"og:locale\" content=\"it_IT\" \/>\n<meta property=\"og:type\" content=\"article\" \/>\n<meta property=\"og:title\" content=\"Gaciron W15A-100 zadnja lu\u010d za kolo\" \/>\n<meta property=\"og:description\" content=\"Zmogljiva zadnja lu\u010d za kolo z vgrajenim natan\u010dnim senzorjem za zaviranje. Do 40 ur delovanja in do 100 lumnov mo\u010di. Vgrajeno inovativno magneto zapenjalo.\" \/>\n<meta property=\"og:url\" content=\"https:\/\/www.sportshine.eu\/it\/negozio\/luce-posteriore-per-bicicletta-gacilon-w15a-100\/\" \/>\n<meta property=\"og:site_name\" content=\"Sportshine\" \/>\n<meta property=\"article:publisher\" content=\"https:\/\/www.facebook.com\/sportshine.eu\/\" \/>\n<meta property=\"article:modified_time\" content=\"2026-05-06T20:22:36+00:00\" \/>\n<meta property=\"og:image\" content=\"https:\/\/www.sportshine.eu\/wp-content\/uploads\/2025\/07\/Gaciron-W15A-zadnja-luc-3.webp\" \/>\n\t<meta property=\"og:image:width\" content=\"800\" \/>\n\t<meta property=\"og:image:height\" content=\"800\" \/>\n\t<meta property=\"og:image:type\" content=\"image\/webp\" \/>\n<meta name=\"twitter:card\" content=\"summary_large_image\" \/>\n<meta name=\"twitter:label1\" content=\"Tempo di lettura stimato\" \/>\n\t<meta name=\"twitter:data1\" content=\"4 minuti\" \/>\n<script type=\"application\/ld+json\" class=\"yoast-schema-graph\">{\"@context\":\"https:\\\/\\\/schema.org\",\"@graph\":[{\"@type\":\"WebPage\",\"@id\":\"https:\\\/\\\/www.sportshine.eu\\\/trgovina\\\/gaciron-w15a-100-zadnja-luc-za-kolo\\\/\",\"url\":\"https:\\\/\\\/www.sportshine.eu\\\/trgovina\\\/gaciron-w15a-100-zadnja-luc-za-kolo\\\/\",\"name\":\"Gaciron W15A-100 zadnja lu\u010d za kolo\",\"isPartOf\":{\"@id\":\"https:\\\/\\\/www.sportshine.eu\\\/#website\"},\"primaryImageOfPage\":{\"@id\":\"https:\\\/\\\/www.sportshine.eu\\\/trgovina\\\/gaciron-w15a-100-zadnja-luc-za-kolo\\\/#primaryimage\"},\"image\":{\"@id\":\"https:\\\/\\\/www.sportshine.eu\\\/trgovina\\\/gaciron-w15a-100-zadnja-luc-za-kolo\\\/#primaryimage\"},\"thumbnailUrl\":\"https:\\\/\\\/www.sportshine.eu\\\/wp-content\\\/uploads\\\/2025\\\/07\\\/Gaciron-W15A-zadnja-luc-3.webp\",\"datePublished\":\"2026-04-10T21:09:28+00:00\",\"dateModified\":\"2026-05-06T20:22:36+00:00\",\"description\":\"Zmogljiva zadnja lu\u010d za kolo z vgrajenim natan\u010dnim senzorjem za zaviranje. Do 40 ur delovanja in do 100 lumnov mo\u010di. Vgrajeno inovativno magneto zapenjalo.\",\"breadcrumb\":{\"@id\":\"https:\\\/\\\/www.sportshine.eu\\\/trgovina\\\/gaciron-w15a-100-zadnja-luc-za-kolo\\\/#breadcrumb\"},\"inLanguage\":\"it-IT\",\"potentialAction\":[{\"@type\":\"ReadAction\",\"target\":[\"https:\\\/\\\/www.sportshine.eu\\\/trgovina\\\/gaciron-w15a-100-zadnja-luc-za-kolo\\\/\"]}]},{\"@type\":\"ImageObject\",\"inLanguage\":\"it-IT\",\"@id\":\"https:\\\/\\\/www.sportshine.eu\\\/trgovina\\\/gaciron-w15a-100-zadnja-luc-za-kolo\\\/#primaryimage\",\"url\":\"https:\\\/\\\/www.sportshine.eu\\\/wp-content\\\/uploads\\\/2025\\\/07\\\/Gaciron-W15A-zadnja-luc-3.webp\",\"contentUrl\":\"https:\\\/\\\/www.sportshine.eu\\\/wp-content\\\/uploads\\\/2025\\\/07\\\/Gaciron-W15A-zadnja-luc-3.webp\",\"width\":800,\"height\":800,\"caption\":\"Gaciron W15A zadnja lu\u010d\"},{\"@type\":\"BreadcrumbList\",\"@id\":\"https:\\\/\\\/www.sportshine.eu\\\/trgovina\\\/gaciron-w15a-100-zadnja-luc-za-kolo\\\/#breadcrumb\",\"itemListElement\":[{\"@type\":\"ListItem\",\"position\":1,\"name\":\"Home\",\"item\":\"https:\\\/\\\/www.sportshine.eu\\\/\"},{\"@type\":\"ListItem\",\"position\":2,\"name\":\"Trgovina\",\"item\":\"https:\\\/\\\/www.sportshine.eu\\\/trgovina\\\/\"},{\"@type\":\"ListItem\",\"position\":3,\"name\":\"Gaciron W15A-100 zadnja lu\u010d za kolo\"}]},{\"@type\":\"WebSite\",\"@id\":\"https:\\\/\\\/www.sportshine.eu\\\/#website\",\"url\":\"https:\\\/\\\/www.sportshine.eu\\\/\",\"name\":\"Sportshine\",\"description\":\"Top spletna trgovina kolesarskih in naglavnih svetilk ter opreme\",\"publisher\":{\"@id\":\"https:\\\/\\\/www.sportshine.eu\\\/#organization\"},\"potentialAction\":[{\"@type\":\"SearchAction\",\"target\":{\"@type\":\"EntryPoint\",\"urlTemplate\":\"https:\\\/\\\/www.sportshine.eu\\\/?s={search_term_string}\"},\"query-input\":{\"@type\":\"PropertyValueSpecification\",\"valueRequired\":true,\"valueName\":\"search_term_string\"}}],\"inLanguage\":\"it-IT\"},{\"@type\":\"Organization\",\"@id\":\"https:\\\/\\\/www.sportshine.eu\\\/#organization\",\"name\":\"Sportshine\",\"url\":\"https:\\\/\\\/www.sportshine.eu\\\/\",\"logo\":{\"@type\":\"ImageObject\",\"inLanguage\":\"it-IT\",\"@id\":\"https:\\\/\\\/www.sportshine.eu\\\/#\\\/schema\\\/logo\\\/image\\\/\",\"url\":\"https:\\\/\\\/www.sportshine.eu\\\/wp-content\\\/uploads\\\/2026\\\/01\\\/cropped-Sportshine.webp\",\"contentUrl\":\"https:\\\/\\\/www.sportshine.eu\\\/wp-content\\\/uploads\\\/2026\\\/01\\\/cropped-Sportshine.webp\",\"width\":295,\"height\":128,\"caption\":\"Sportshine\"},\"image\":{\"@id\":\"https:\\\/\\\/www.sportshine.eu\\\/#\\\/schema\\\/logo\\\/image\\\/\"},\"sameAs\":[\"https:\\\/\\\/www.facebook.com\\\/sportshine.eu\\\/\"]}]}<\/script>\n<!-- \/ Yoast SEO plugin. -->","yoast_head_json":{"title":"Luce posteriore per bicicletta Gaciron W15A-100","description":"Potente luce posteriore per bici con sensore di frenata preciso integrato. Fino a 40 ore di funzionamento e fino a 100 lumen di potenza. Innovativo sistema di fissaggio magnetico integrato.","robots":{"index":"index","follow":"follow","max-snippet":"max-snippet:-1","max-image-preview":"max-image-preview:large","max-video-preview":"max-video-preview:-1"},"canonical":"https:\/\/www.sportshine.eu\/it\/negozio\/luce-posteriore-per-bicicletta-gacilon-w15a-100\/","og_locale":"it_IT","og_type":"article","og_title":"Gaciron W15A-100 zadnja lu\u010d za kolo","og_description":"Zmogljiva zadnja lu\u010d za kolo z vgrajenim natan\u010dnim senzorjem za zaviranje. Do 40 ur delovanja in do 100 lumnov mo\u010di. Vgrajeno inovativno magneto zapenjalo.","og_url":"https:\/\/www.sportshine.eu\/it\/negozio\/luce-posteriore-per-bicicletta-gacilon-w15a-100\/","og_site_name":"Sportshine","article_publisher":"https:\/\/www.facebook.com\/sportshine.eu\/","article_modified_time":"2026-05-06T20:22:36+00:00","og_image":[{"width":800,"height":800,"url":"https:\/\/www.sportshine.eu\/wp-content\/uploads\/2025\/07\/Gaciron-W15A-zadnja-luc-3.webp","type":"image\/webp"}],"twitter_card":"summary_large_image","twitter_misc":{"Tempo di lettura stimato":"4 minuti"},"schema":{"@context":"https:\/\/schema.org","@graph":[{"@type":"WebPage","@id":"https:\/\/www.sportshine.eu\/trgovina\/gaciron-w15a-100-zadnja-luc-za-kolo\/","url":"https:\/\/www.sportshine.eu\/trgovina\/gaciron-w15a-100-zadnja-luc-za-kolo\/","name":"Luce posteriore per bicicletta Gaciron W15A-100","isPartOf":{"@id":"https:\/\/www.sportshine.eu\/#website"},"primaryImageOfPage":{"@id":"https:\/\/www.sportshine.eu\/trgovina\/gaciron-w15a-100-zadnja-luc-za-kolo\/#primaryimage"},"image":{"@id":"https:\/\/www.sportshine.eu\/trgovina\/gaciron-w15a-100-zadnja-luc-za-kolo\/#primaryimage"},"thumbnailUrl":"https:\/\/www.sportshine.eu\/wp-content\/uploads\/2025\/07\/Gaciron-W15A-zadnja-luc-3.webp","datePublished":"2026-04-10T21:09:28+00:00","dateModified":"2026-05-06T20:22:36+00:00","description":"Potente luce posteriore per bici con sensore di frenata preciso integrato. Fino a 40 ore di funzionamento e fino a 100 lumen di potenza. Innovativo sistema di fissaggio magnetico integrato.","breadcrumb":{"@id":"https:\/\/www.sportshine.eu\/trgovina\/gaciron-w15a-100-zadnja-luc-za-kolo\/#breadcrumb"},"inLanguage":"it-IT","potentialAction":[{"@type":"ReadAction","target":["https:\/\/www.sportshine.eu\/trgovina\/gaciron-w15a-100-zadnja-luc-za-kolo\/"]}]},{"@type":"ImageObject","inLanguage":"it-IT","@id":"https:\/\/www.sportshine.eu\/trgovina\/gaciron-w15a-100-zadnja-luc-za-kolo\/#primaryimage","url":"https:\/\/www.sportshine.eu\/wp-content\/uploads\/2025\/07\/Gaciron-W15A-zadnja-luc-3.webp","contentUrl":"https:\/\/www.sportshine.eu\/wp-content\/uploads\/2025\/07\/Gaciron-W15A-zadnja-luc-3.webp","width":800,"height":800,"caption":"Gaciron W15A zadnja lu\u010d"},{"@type":"BreadcrumbList","@id":"https:\/\/www.sportshine.eu\/trgovina\/gaciron-w15a-100-zadnja-luc-za-kolo\/#breadcrumb","itemListElement":[{"@type":"ListItem","position":1,"name":"Home","item":"https:\/\/www.sportshine.eu\/"},{"@type":"ListItem","position":2,"name":"Trgovina","item":"https:\/\/www.sportshine.eu\/trgovina\/"},{"@type":"ListItem","position":3,"name":"Gaciron W15A-100 zadnja lu\u010d za kolo"}]},{"@type":"WebSite","@id":"https:\/\/www.sportshine.eu\/#website","url":"https:\/\/www.sportshine.eu\/","name":"Sportshine","description":"Il miglior negozio online per ciclismo, lampade frontali e attrezzature","publisher":{"@id":"https:\/\/www.sportshine.eu\/#organization"},"potentialAction":[{"@type":"SearchAction","target":{"@type":"EntryPoint","urlTemplate":"https:\/\/www.sportshine.eu\/?s={search_term_string}"},"query-input":{"@type":"PropertyValueSpecification","valueRequired":true,"valueName":"search_term_string"}}],"inLanguage":"it-IT"},{"@type":"Organization","@id":"https:\/\/www.sportshine.eu\/#organization","name":"Sportshine","url":"https:\/\/www.sportshine.eu\/","logo":{"@type":"ImageObject","inLanguage":"it-IT","@id":"https:\/\/www.sportshine.eu\/#\/schema\/logo\/image\/","url":"https:\/\/www.sportshine.eu\/wp-content\/uploads\/2026\/01\/cropped-Sportshine.webp","contentUrl":"https:\/\/www.sportshine.eu\/wp-content\/uploads\/2026\/01\/cropped-Sportshine.webp","width":295,"height":128,"caption":"Sportshine"},"image":{"@id":"https:\/\/www.sportshine.eu\/#\/schema\/logo\/image\/"},"sameAs":["https:\/\/www.facebook.com\/sportshine.eu\/"]}]}},"_links":{"self":[{"href":"https:\/\/www.sportshine.eu\/it\/wp-json\/wp\/v2\/product\/6333","targetHints":{"allow":["GET"]}}],"collection":[{"href":"https:\/\/www.sportshine.eu\/it\/wp-json\/wp\/v2\/product"}],"about":[{"href":"https:\/\/www.sportshine.eu\/it\/wp-json\/wp\/v2\/types\/product"}],"replies":[{"embeddable":true,"href":"https:\/\/www.sportshine.eu\/it\/wp-json\/wp\/v2\/comments?post=6333"}],"version-history":[{"count":2,"href":"https:\/\/www.sportshine.eu\/it\/wp-json\/wp\/v2\/product\/6333\/revisions"}],"predecessor-version":[{"id":10385,"href":"https:\/\/www.sportshine.eu\/it\/wp-json\/wp\/v2\/product\/6333\/revisions\/10385"}],"wp:featuredmedia":[{"embeddable":true,"href":"https:\/\/www.sportshine.eu\/it\/wp-json\/wp\/v2\/media\/8016"}],"wp:attachment":[{"href":"https:\/\/www.sportshine.eu\/it\/wp-json\/wp\/v2\/media?parent=6333"}],"wp:term":[{"taxonomy":"product_brand","embeddable":true,"href":"https:\/\/www.sportshine.eu\/it\/wp-json\/wp\/v2\/product_brand?post=6333"},{"taxonomy":"product_cat","embeddable":true,"href":"https:\/\/www.sportshine.eu\/it\/wp-json\/wp\/v2\/product_cat?post=6333"},{"taxonomy":"product_tag","embeddable":true,"href":"https:\/\/www.sportshine.eu\/it\/wp-json\/wp\/v2\/product_tag?post=6333"}],"curies":[{"name":"parola chiave","href":"https:\/\/api.w.org\/{rel}","templated":true}]}}