{"id":6331,"date":"2026-01-29T21:09:25","date_gmt":"2026-01-29T21:09:25","guid":{"rendered":"https:\/\/www.sportshine.eu\/?post_type=product&#038;p=6331"},"modified":"2026-01-30T19:29:36","modified_gmt":"2026-01-30T19:29:36","slug":"borsa-per-bicicletta-a-nido-duccello-gaciron","status":"publish","type":"product","link":"https:\/\/www.sportshine.eu\/it\/negozio\/borsa-per-bicicletta-a-nido-duccello-gaciron\/","title":{"rendered":"Borsa da bici Gaciron Bird Nest"},"content":{"rendered":"<h3 style=\"text-align: center;\">PRESENTAZIONE VIDEO<\/h3>\n<p><iframe loading=\"lazy\" title=\"Nido di uccello Gaciron\" width=\"500\" height=\"281\" src=\"https:\/\/www.youtube.com\/embed\/_-QYexfpjfY?feature=oembed\" frameborder=\"0\" allow=\"accelerometer; autoplay; clipboard-write; encrypted-media; gyroscope; picture-in-picture; web-share\" referrerpolicy=\"strict-origin-when-cross-origin\" allowfullscreen><\/iframe><\/p>\n<h3 style=\"text-align: center;\">METODO DI INSTALLAZIONE INNOVATIVO<\/h3>\n<p style=\"text-align: center;\">La borsa da ciclismo Gaciron \u00e8 dotata di un innovativo sistema di fissaggio, cos\u00ec non si muover\u00e0 mai durante la pedalata.<\/p>\n<p><iframe loading=\"lazy\" title=\"Borsa da ciclismo Gaciron Nest Bird\" width=\"500\" height=\"281\" src=\"https:\/\/www.youtube.com\/embed\/L80PS2g5_RU?feature=oembed\" frameborder=\"0\" allow=\"accelerometer; autoplay; clipboard-write; encrypted-media; gyroscope; picture-in-picture; web-share\" referrerpolicy=\"strict-origin-when-cross-origin\" allowfullscreen><\/iframe><\/p>\n<h3 style=\"text-align: center;\">LUCE POSTERIORE MAGNETICA INTEGRATA<\/h3>\n<p style=\"text-align: center;\">Sul retro della borsa \u00e8 integrata un&#039;innovativa luce magnetica per bicicletta.<\/p>\n<p><img decoding=\"async\" class=\"aligncenter wp-image-7607 size-full\" src=\"https:\/\/www.sportshine.eu\/wp-content\/uploads\/2025\/07\/kolesarska-torbica.webp\" alt=\"\" width=\"800\" height=\"800\" srcset=\"https:\/\/www.sportshine.eu\/wp-content\/uploads\/2025\/07\/kolesarska-torbica.webp 800w, https:\/\/www.sportshine.eu\/wp-content\/uploads\/2025\/07\/kolesarska-torbica-768x768.webp 768w, https:\/\/www.sportshine.eu\/wp-content\/uploads\/2025\/07\/kolesarska-torbica-600x600.webp 600w\" sizes=\"(max-width: 800px) 100vw, 800px\" \/><\/p>\n<h3 style=\"text-align: center;\">FACILE DA USARE<\/h3>\n<p style=\"text-align: center;\">Risolve i problemi delle borse laterali convenzionali che non hanno luci posteriori o che hanno queste luci fissate sul retro delle borse.<\/p>\n<p><img decoding=\"async\" class=\"aligncenter wp-image-7609 size-full\" src=\"https:\/\/www.sportshine.eu\/wp-content\/uploads\/2025\/07\/kolesarska-torbica-1.webp\" alt=\"\" width=\"800\" height=\"800\" srcset=\"https:\/\/www.sportshine.eu\/wp-content\/uploads\/2025\/07\/kolesarska-torbica-1.webp 800w, https:\/\/www.sportshine.eu\/wp-content\/uploads\/2025\/07\/kolesarska-torbica-1-768x768.webp 768w, https:\/\/www.sportshine.eu\/wp-content\/uploads\/2025\/07\/kolesarska-torbica-1-600x600.webp 600w\" sizes=\"(max-width: 800px) 100vw, 800px\" \/><\/p>\n<h3 style=\"text-align: center;\">DESIGN MAGNETICO INNOVATIVO DI FANALE POSTERIORE E BORSA<\/h3>\n<p style=\"text-align: center;\">Permette una facile installazione e rimozione. Un&#039;installazione stabile rende il ciclismo pi\u00f9 piacevole.<\/p>\n<p><img decoding=\"async\" class=\"aligncenter wp-image-7610 size-full\" src=\"https:\/\/www.sportshine.eu\/wp-content\/uploads\/2025\/07\/kolesarska-torbica-2.webp\" alt=\"\" width=\"800\" height=\"800\" srcset=\"https:\/\/www.sportshine.eu\/wp-content\/uploads\/2025\/07\/kolesarska-torbica-2.webp 800w, https:\/\/www.sportshine.eu\/wp-content\/uploads\/2025\/07\/kolesarska-torbica-2-768x768.webp 768w, https:\/\/www.sportshine.eu\/wp-content\/uploads\/2025\/07\/kolesarska-torbica-2-600x600.webp 600w\" sizes=\"(max-width: 800px) 100vw, 800px\" \/><\/p>\n<h3 style=\"text-align: center;\">ADATTAMENTO PERFETTO AL SEDILE DELLA BICICLETTA<\/h3>\n<p><img decoding=\"async\" class=\"aligncenter wp-image-7611 size-full\" src=\"https:\/\/www.sportshine.eu\/wp-content\/uploads\/2025\/07\/kolesarska-torbica-3.webp\" alt=\"\" width=\"800\" height=\"800\" srcset=\"https:\/\/www.sportshine.eu\/wp-content\/uploads\/2025\/07\/kolesarska-torbica-3.webp 800w, https:\/\/www.sportshine.eu\/wp-content\/uploads\/2025\/07\/kolesarska-torbica-3-768x768.webp 768w, https:\/\/www.sportshine.eu\/wp-content\/uploads\/2025\/07\/kolesarska-torbica-3-600x600.webp 600w\" sizes=\"(max-width: 800px) 100vw, 800px\" \/><\/p>\n<h3 style=\"text-align: center;\">RICARICA USB-C<\/h3>\n<p style=\"text-align: center;\">Una volta completamente carica, la torcia elettrica garantisce fino a 34 ore di utilizzo. * In modalit\u00e0 di risparmio energetico.<\/p>\n<p><img decoding=\"async\" class=\"aligncenter wp-image-7612 size-full\" src=\"https:\/\/www.sportshine.eu\/wp-content\/uploads\/2025\/07\/kolesarska-torbica-4.webp\" alt=\"\" width=\"800\" height=\"800\" srcset=\"https:\/\/www.sportshine.eu\/wp-content\/uploads\/2025\/07\/kolesarska-torbica-4.webp 800w, https:\/\/www.sportshine.eu\/wp-content\/uploads\/2025\/07\/kolesarska-torbica-4-768x768.webp 768w, https:\/\/www.sportshine.eu\/wp-content\/uploads\/2025\/07\/kolesarska-torbica-4-600x600.webp 600w\" sizes=\"(max-width: 800px) 100vw, 800px\" \/><\/p>\n<h3 style=\"text-align: center;\">MATERIALE IMPERMEABILE<\/h3>\n<p style=\"text-align: center;\">Realizzata in materiale idrorepellente per mantenere i tuoi effetti personali asciutti. La luce per bici \u00e8 impermeabile secondo lo standard IPX6.<\/p>\n<p><img decoding=\"async\" class=\"aligncenter wp-image-7613 size-full\" src=\"https:\/\/www.sportshine.eu\/wp-content\/uploads\/2025\/07\/kolesarska-torbica-5.webp\" alt=\"\" width=\"800\" height=\"800\" srcset=\"https:\/\/www.sportshine.eu\/wp-content\/uploads\/2025\/07\/kolesarska-torbica-5.webp 800w, https:\/\/www.sportshine.eu\/wp-content\/uploads\/2025\/07\/kolesarska-torbica-5-768x768.webp 768w, https:\/\/www.sportshine.eu\/wp-content\/uploads\/2025\/07\/kolesarska-torbica-5-600x600.webp 600w\" sizes=\"(max-width: 800px) 100vw, 800px\" \/><\/p>\n<h3 style=\"text-align: center;\">ESTENSIONE INCLUSA PER LA CORRETTA INSTALLAZIONE DELLA BORSA DA BICI<\/h3>\n<p><img decoding=\"async\" class=\"aligncenter wp-image-7614 size-full\" src=\"https:\/\/www.sportshine.eu\/wp-content\/uploads\/2025\/07\/kolesarska-torbica-6.webp\" alt=\"\" width=\"750\" height=\"297\" srcset=\"https:\/\/www.sportshine.eu\/wp-content\/uploads\/2025\/07\/kolesarska-torbica-6.webp 750w, https:\/\/www.sportshine.eu\/wp-content\/uploads\/2025\/07\/kolesarska-torbica-6-600x238.webp 600w\" sizes=\"(max-width: 750px) 100vw, 750px\" \/><\/p>\n<h3 style=\"text-align: center;\">RICEVERAI NEL PACCO<\/h3>\n<p style=\"text-align: center;\">Borsa per bici e strumento di installazione.<\/p>\n<p><img decoding=\"async\" class=\"aligncenter wp-image-7615 size-full\" src=\"https:\/\/www.sportshine.eu\/wp-content\/uploads\/2025\/07\/kolesarska-torbica-7.webp\" alt=\"\" width=\"800\" height=\"800\" srcset=\"https:\/\/www.sportshine.eu\/wp-content\/uploads\/2025\/07\/kolesarska-torbica-7.webp 800w, https:\/\/www.sportshine.eu\/wp-content\/uploads\/2025\/07\/kolesarska-torbica-7-768x768.webp 768w, https:\/\/www.sportshine.eu\/wp-content\/uploads\/2025\/07\/kolesarska-torbica-7-600x600.webp 600w\" sizes=\"(max-width: 800px) 100vw, 800px\" \/><\/p>\n<h3 style=\"text-align: center;\">IMMAGINE DAL VIVO<\/h3>\n<p><img decoding=\"async\" class=\"aligncenter wp-image-7616\" src=\"https:\/\/www.sportshine.eu\/wp-content\/uploads\/2025\/07\/kolesarska-torbica-8.webp\" alt=\"\" width=\"800\" height=\"775\" srcset=\"https:\/\/www.sportshine.eu\/wp-content\/uploads\/2025\/07\/kolesarska-torbica-8.webp 618w, https:\/\/www.sportshine.eu\/wp-content\/uploads\/2025\/07\/kolesarska-torbica-8-600x582.webp 600w\" sizes=\"(max-width: 800px) 100vw, 800px\" \/><\/p>","protected":false},"excerpt":{"rendered":"<p dir=\"ltr\" data-pm-slice=\"1 1 []\">Scopri la rivoluzionaria borsa da bici Gaciron Bird Nest! Con l&#039;esclusivo brevetto Fitgo Knob per una vestibilit\u00e0 aderente e sicura al sellino di qualsiasi bici e l&#039;estensione inclusa per una vestibilit\u00e0 perfetta. La luce magnetica integrata garantisce sicurezza con un&#039;autonomia fino a 34 ore, e il materiale impermeabile protegge i tuoi effetti personali in qualsiasi condizione atmosferica. Qualit\u00e0 eccezionale, stabilit\u00e0 e stile: tutto in un&#039;unica borsa!<\/p>\n<p>&nbsp;<\/p>","protected":false},"featured_media":7620,"comment_status":"open","ping_status":"closed","template":"","meta":[],"product_brand":[132],"product_cat":[112,86],"product_tag":[],"class_list":{"0":"post-6331","1":"product","2":"type-product","3":"status-publish","4":"has-post-thumbnail","6":"product_brand-gaciron","7":"product_cat-kolesarske-torbice","8":"product_cat-zadnje-kolesarske-luci","10":"first","11":"instock","12":"sale","13":"taxable","14":"shipping-taxable","15":"purchasable","16":"product-type-simple"},"yoast_head":"<!-- This site is optimized with the Yoast SEO plugin v27.3 - https:\/\/yoast.com\/product\/yoast-seo-wordpress\/ -->\n<title>Kolesarska torba Gaciron Bird Nest<\/title>\n<meta name=\"description\" content=\"Popolna kolesarska torbica z vgrajeno magnetno kolesarsko lu\u010djo. Inovativno zapenjanje poskrbi, da je med vo\u017enjo vedno na mestu.\" \/>\n<meta name=\"robots\" content=\"index, follow, max-snippet:-1, max-image-preview:large, max-video-preview:-1\" \/>\n<link rel=\"canonical\" href=\"https:\/\/www.sportshine.eu\/it\/negozio\/borsa-per-bicicletta-a-nido-duccello-gaciron\/\" \/>\n<meta property=\"og:locale\" content=\"it_IT\" \/>\n<meta property=\"og:type\" content=\"article\" \/>\n<meta property=\"og:title\" content=\"Kolesarska torba Gaciron Bird Nest\" \/>\n<meta property=\"og:description\" content=\"Popolna kolesarska torbica z vgrajeno magnetno kolesarsko lu\u010djo. Inovativno zapenjanje poskrbi, da je med vo\u017enjo vedno na mestu.\" \/>\n<meta property=\"og:url\" content=\"https:\/\/www.sportshine.eu\/it\/negozio\/borsa-per-bicicletta-a-nido-duccello-gaciron\/\" \/>\n<meta property=\"og:site_name\" content=\"Sportshine\" \/>\n<meta property=\"article:publisher\" content=\"https:\/\/www.facebook.com\/sportshine.eu\/\" \/>\n<meta property=\"article:modified_time\" content=\"2026-01-30T19:29:36+00:00\" \/>\n<meta property=\"og:image\" content=\"https:\/\/www.sportshine.eu\/wp-content\/uploads\/2025\/07\/Kolesarska-torbica-Gaciron-Nest-Bird-200-1.webp\" \/>\n\t<meta property=\"og:image:width\" content=\"800\" \/>\n\t<meta property=\"og:image:height\" content=\"800\" \/>\n\t<meta property=\"og:image:type\" content=\"image\/webp\" \/>\n<meta name=\"twitter:card\" content=\"summary_large_image\" \/>\n<meta name=\"twitter:label1\" content=\"Tempo di lettura stimato\" \/>\n\t<meta name=\"twitter:data1\" content=\"3 minuti\" \/>\n<script type=\"application\/ld+json\" class=\"yoast-schema-graph\">{\"@context\":\"https:\\\/\\\/schema.org\",\"@graph\":[{\"@type\":\"WebPage\",\"@id\":\"https:\\\/\\\/www.sportshine.eu\\\/trgovina\\\/kolesarska-torba-gaciron-bird-nest\\\/\",\"url\":\"https:\\\/\\\/www.sportshine.eu\\\/trgovina\\\/kolesarska-torba-gaciron-bird-nest\\\/\",\"name\":\"Kolesarska torba Gaciron Bird Nest\",\"isPartOf\":{\"@id\":\"https:\\\/\\\/www.sportshine.eu\\\/#website\"},\"primaryImageOfPage\":{\"@id\":\"https:\\\/\\\/www.sportshine.eu\\\/trgovina\\\/kolesarska-torba-gaciron-bird-nest\\\/#primaryimage\"},\"image\":{\"@id\":\"https:\\\/\\\/www.sportshine.eu\\\/trgovina\\\/kolesarska-torba-gaciron-bird-nest\\\/#primaryimage\"},\"thumbnailUrl\":\"https:\\\/\\\/www.sportshine.eu\\\/wp-content\\\/uploads\\\/2025\\\/07\\\/Kolesarska-torbica-Gaciron-Nest-Bird-200-1.webp\",\"datePublished\":\"2026-01-29T21:09:25+00:00\",\"dateModified\":\"2026-01-30T19:29:36+00:00\",\"description\":\"Popolna kolesarska torbica z vgrajeno magnetno kolesarsko lu\u010djo. Inovativno zapenjanje poskrbi, da je med vo\u017enjo vedno na mestu.\",\"breadcrumb\":{\"@id\":\"https:\\\/\\\/www.sportshine.eu\\\/trgovina\\\/kolesarska-torba-gaciron-bird-nest\\\/#breadcrumb\"},\"inLanguage\":\"it-IT\",\"potentialAction\":[{\"@type\":\"ReadAction\",\"target\":[\"https:\\\/\\\/www.sportshine.eu\\\/trgovina\\\/kolesarska-torba-gaciron-bird-nest\\\/\"]}]},{\"@type\":\"ImageObject\",\"inLanguage\":\"it-IT\",\"@id\":\"https:\\\/\\\/www.sportshine.eu\\\/trgovina\\\/kolesarska-torba-gaciron-bird-nest\\\/#primaryimage\",\"url\":\"https:\\\/\\\/www.sportshine.eu\\\/wp-content\\\/uploads\\\/2025\\\/07\\\/Kolesarska-torbica-Gaciron-Nest-Bird-200-1.webp\",\"contentUrl\":\"https:\\\/\\\/www.sportshine.eu\\\/wp-content\\\/uploads\\\/2025\\\/07\\\/Kolesarska-torbica-Gaciron-Nest-Bird-200-1.webp\",\"width\":800,\"height\":800,\"caption\":\"Kolesarska-torbica-Gaciron-Nest-Bird-200\"},{\"@type\":\"BreadcrumbList\",\"@id\":\"https:\\\/\\\/www.sportshine.eu\\\/trgovina\\\/kolesarska-torba-gaciron-bird-nest\\\/#breadcrumb\",\"itemListElement\":[{\"@type\":\"ListItem\",\"position\":1,\"name\":\"Home\",\"item\":\"https:\\\/\\\/www.sportshine.eu\\\/\"},{\"@type\":\"ListItem\",\"position\":2,\"name\":\"Trgovina\",\"item\":\"https:\\\/\\\/www.sportshine.eu\\\/trgovina\\\/\"},{\"@type\":\"ListItem\",\"position\":3,\"name\":\"Kolesarska torba Gaciron Bird Nest\"}]},{\"@type\":\"WebSite\",\"@id\":\"https:\\\/\\\/www.sportshine.eu\\\/#website\",\"url\":\"https:\\\/\\\/www.sportshine.eu\\\/\",\"name\":\"Sportshine\",\"description\":\"Top spletna trgovina kolesarskih in naglavnih svetilk ter opreme\",\"publisher\":{\"@id\":\"https:\\\/\\\/www.sportshine.eu\\\/#organization\"},\"potentialAction\":[{\"@type\":\"SearchAction\",\"target\":{\"@type\":\"EntryPoint\",\"urlTemplate\":\"https:\\\/\\\/www.sportshine.eu\\\/?s={search_term_string}\"},\"query-input\":{\"@type\":\"PropertyValueSpecification\",\"valueRequired\":true,\"valueName\":\"search_term_string\"}}],\"inLanguage\":\"it-IT\"},{\"@type\":\"Organization\",\"@id\":\"https:\\\/\\\/www.sportshine.eu\\\/#organization\",\"name\":\"Sportshine\",\"url\":\"https:\\\/\\\/www.sportshine.eu\\\/\",\"logo\":{\"@type\":\"ImageObject\",\"inLanguage\":\"it-IT\",\"@id\":\"https:\\\/\\\/www.sportshine.eu\\\/#\\\/schema\\\/logo\\\/image\\\/\",\"url\":\"https:\\\/\\\/www.sportshine.eu\\\/wp-content\\\/uploads\\\/2026\\\/01\\\/cropped-Sportshine.webp\",\"contentUrl\":\"https:\\\/\\\/www.sportshine.eu\\\/wp-content\\\/uploads\\\/2026\\\/01\\\/cropped-Sportshine.webp\",\"width\":295,\"height\":128,\"caption\":\"Sportshine\"},\"image\":{\"@id\":\"https:\\\/\\\/www.sportshine.eu\\\/#\\\/schema\\\/logo\\\/image\\\/\"},\"sameAs\":[\"https:\\\/\\\/www.facebook.com\\\/sportshine.eu\\\/\"]}]}<\/script>\n<!-- \/ Yoast SEO plugin. -->","yoast_head_json":{"title":"Borsa da bici Gaciron Bird Nest","description":"La borsa da ciclismo perfetta con luce magnetica integrata. L&#039;innovativa chiusura assicura che rimanga sempre in posizione durante la pedalata.","robots":{"index":"index","follow":"follow","max-snippet":"max-snippet:-1","max-image-preview":"max-image-preview:large","max-video-preview":"max-video-preview:-1"},"canonical":"https:\/\/www.sportshine.eu\/it\/negozio\/borsa-per-bicicletta-a-nido-duccello-gaciron\/","og_locale":"it_IT","og_type":"article","og_title":"Kolesarska torba Gaciron Bird Nest","og_description":"Popolna kolesarska torbica z vgrajeno magnetno kolesarsko lu\u010djo. Inovativno zapenjanje poskrbi, da je med vo\u017enjo vedno na mestu.","og_url":"https:\/\/www.sportshine.eu\/it\/negozio\/borsa-per-bicicletta-a-nido-duccello-gaciron\/","og_site_name":"Sportshine","article_publisher":"https:\/\/www.facebook.com\/sportshine.eu\/","article_modified_time":"2026-01-30T19:29:36+00:00","og_image":[{"width":800,"height":800,"url":"https:\/\/www.sportshine.eu\/wp-content\/uploads\/2025\/07\/Kolesarska-torbica-Gaciron-Nest-Bird-200-1.webp","type":"image\/webp"}],"twitter_card":"summary_large_image","twitter_misc":{"Tempo di lettura stimato":"3 minuti"},"schema":{"@context":"https:\/\/schema.org","@graph":[{"@type":"WebPage","@id":"https:\/\/www.sportshine.eu\/trgovina\/kolesarska-torba-gaciron-bird-nest\/","url":"https:\/\/www.sportshine.eu\/trgovina\/kolesarska-torba-gaciron-bird-nest\/","name":"Borsa da bici Gaciron Bird Nest","isPartOf":{"@id":"https:\/\/www.sportshine.eu\/#website"},"primaryImageOfPage":{"@id":"https:\/\/www.sportshine.eu\/trgovina\/kolesarska-torba-gaciron-bird-nest\/#primaryimage"},"image":{"@id":"https:\/\/www.sportshine.eu\/trgovina\/kolesarska-torba-gaciron-bird-nest\/#primaryimage"},"thumbnailUrl":"https:\/\/www.sportshine.eu\/wp-content\/uploads\/2025\/07\/Kolesarska-torbica-Gaciron-Nest-Bird-200-1.webp","datePublished":"2026-01-29T21:09:25+00:00","dateModified":"2026-01-30T19:29:36+00:00","description":"La borsa da ciclismo perfetta con luce magnetica integrata. L&#039;innovativa chiusura assicura che rimanga sempre in posizione durante la pedalata.","breadcrumb":{"@id":"https:\/\/www.sportshine.eu\/trgovina\/kolesarska-torba-gaciron-bird-nest\/#breadcrumb"},"inLanguage":"it-IT","potentialAction":[{"@type":"ReadAction","target":["https:\/\/www.sportshine.eu\/trgovina\/kolesarska-torba-gaciron-bird-nest\/"]}]},{"@type":"ImageObject","inLanguage":"it-IT","@id":"https:\/\/www.sportshine.eu\/trgovina\/kolesarska-torba-gaciron-bird-nest\/#primaryimage","url":"https:\/\/www.sportshine.eu\/wp-content\/uploads\/2025\/07\/Kolesarska-torbica-Gaciron-Nest-Bird-200-1.webp","contentUrl":"https:\/\/www.sportshine.eu\/wp-content\/uploads\/2025\/07\/Kolesarska-torbica-Gaciron-Nest-Bird-200-1.webp","width":800,"height":800,"caption":"Kolesarska-torbica-Gaciron-Nest-Bird-200"},{"@type":"BreadcrumbList","@id":"https:\/\/www.sportshine.eu\/trgovina\/kolesarska-torba-gaciron-bird-nest\/#breadcrumb","itemListElement":[{"@type":"ListItem","position":1,"name":"Home","item":"https:\/\/www.sportshine.eu\/"},{"@type":"ListItem","position":2,"name":"Trgovina","item":"https:\/\/www.sportshine.eu\/trgovina\/"},{"@type":"ListItem","position":3,"name":"Kolesarska torba Gaciron Bird Nest"}]},{"@type":"WebSite","@id":"https:\/\/www.sportshine.eu\/#website","url":"https:\/\/www.sportshine.eu\/","name":"Sportshine","description":"Il miglior negozio online per ciclismo, lampade frontali e attrezzature","publisher":{"@id":"https:\/\/www.sportshine.eu\/#organization"},"potentialAction":[{"@type":"SearchAction","target":{"@type":"EntryPoint","urlTemplate":"https:\/\/www.sportshine.eu\/?s={search_term_string}"},"query-input":{"@type":"PropertyValueSpecification","valueRequired":true,"valueName":"search_term_string"}}],"inLanguage":"it-IT"},{"@type":"Organization","@id":"https:\/\/www.sportshine.eu\/#organization","name":"Sportshine","url":"https:\/\/www.sportshine.eu\/","logo":{"@type":"ImageObject","inLanguage":"it-IT","@id":"https:\/\/www.sportshine.eu\/#\/schema\/logo\/image\/","url":"https:\/\/www.sportshine.eu\/wp-content\/uploads\/2026\/01\/cropped-Sportshine.webp","contentUrl":"https:\/\/www.sportshine.eu\/wp-content\/uploads\/2026\/01\/cropped-Sportshine.webp","width":295,"height":128,"caption":"Sportshine"},"image":{"@id":"https:\/\/www.sportshine.eu\/#\/schema\/logo\/image\/"},"sameAs":["https:\/\/www.facebook.com\/sportshine.eu\/"]}]}},"_links":{"self":[{"href":"https:\/\/www.sportshine.eu\/it\/wp-json\/wp\/v2\/product\/6331","targetHints":{"allow":["GET"]}}],"collection":[{"href":"https:\/\/www.sportshine.eu\/it\/wp-json\/wp\/v2\/product"}],"about":[{"href":"https:\/\/www.sportshine.eu\/it\/wp-json\/wp\/v2\/types\/product"}],"replies":[{"embeddable":true,"href":"https:\/\/www.sportshine.eu\/it\/wp-json\/wp\/v2\/comments?post=6331"}],"version-history":[{"count":0,"href":"https:\/\/www.sportshine.eu\/it\/wp-json\/wp\/v2\/product\/6331\/revisions"}],"wp:featuredmedia":[{"embeddable":true,"href":"https:\/\/www.sportshine.eu\/it\/wp-json\/wp\/v2\/media\/7620"}],"wp:attachment":[{"href":"https:\/\/www.sportshine.eu\/it\/wp-json\/wp\/v2\/media?parent=6331"}],"wp:term":[{"taxonomy":"product_brand","embeddable":true,"href":"https:\/\/www.sportshine.eu\/it\/wp-json\/wp\/v2\/product_brand?post=6331"},{"taxonomy":"product_cat","embeddable":true,"href":"https:\/\/www.sportshine.eu\/it\/wp-json\/wp\/v2\/product_cat?post=6331"},{"taxonomy":"product_tag","embeddable":true,"href":"https:\/\/www.sportshine.eu\/it\/wp-json\/wp\/v2\/product_tag?post=6331"}],"curies":[{"name":"parola chiave","href":"https:\/\/api.w.org\/{rel}","templated":true}]}}