{"id":6328,"date":"2026-01-29T21:09:22","date_gmt":"2026-01-29T21:09:22","guid":{"rendered":"https:\/\/www.sportshine.eu\/?post_type=product&#038;p=6328"},"modified":"2026-03-06T12:25:45","modified_gmt":"2026-03-06T12:25:45","slug":"luce-per-bicicletta-gaciron-raptor-3000","status":"publish","type":"product","link":"https:\/\/www.sportshine.eu\/it\/negozio\/luce-per-bicicletta-gaciron-raptor-3000\/","title":{"rendered":"Luce per bicicletta Gaciron Raptor 3000"},"content":{"rendered":"<h3 style=\"text-align: center;\">ALTA LUMINOSIT\u00c0 CON 3000 LUMEN<\/h3>\n<p style=\"text-align: center;\">La luce per bicicletta Gaciron Raptor 3000 offre una luminosit\u00e0 eccezionale, rendendola ideale per la mountain bike e le escursioni nei boschi. \u00c8 dotata di tre luci LED integrate del rinomato marchio Luminos.<\/p>\n<p><img decoding=\"async\" class=\"aligncenter wp-image-7635 size-full\" src=\"https:\/\/www.sportshine.eu\/wp-content\/uploads\/2025\/07\/Gaciron-Raptor-3000.webp\" alt=\"\" width=\"800\" height=\"600\" srcset=\"https:\/\/www.sportshine.eu\/wp-content\/uploads\/2025\/07\/Gaciron-Raptor-3000.webp 800w, https:\/\/www.sportshine.eu\/wp-content\/uploads\/2025\/07\/Gaciron-Raptor-3000-768x576.webp 768w, https:\/\/www.sportshine.eu\/wp-content\/uploads\/2025\/07\/Gaciron-Raptor-3000-600x450.webp 600w\" sizes=\"(max-width: 800px) 100vw, 800px\" \/><\/p>\n<h3 style=\"text-align: center;\">CONFRONTO LUMINOSIT\u00c0<\/h3>\n<p><img decoding=\"async\" class=\"aligncenter wp-image-7636 size-full\" src=\"https:\/\/www.sportshine.eu\/wp-content\/uploads\/2025\/07\/Gaciron-Raptor-3000-1.webp\" alt=\"\" width=\"800\" height=\"453\" srcset=\"https:\/\/www.sportshine.eu\/wp-content\/uploads\/2025\/07\/Gaciron-Raptor-3000-1.webp 800w, https:\/\/www.sportshine.eu\/wp-content\/uploads\/2025\/07\/Gaciron-Raptor-3000-1-768x435.webp 768w, https:\/\/www.sportshine.eu\/wp-content\/uploads\/2025\/07\/Gaciron-Raptor-3000-1-600x340.webp 600w\" sizes=\"(max-width: 800px) 100vw, 800px\" \/><\/p>\n<h3 style=\"text-align: center;\">POSSIBILE INSTALLAZIONE SUL MANUBRIO O SOTTO IL PIANO DI LAVORO<\/h3>\n<p style=\"text-align: center;\">La luce per bicicletta \u00e8 facile da installare sulla staffa inclusa. Se si desidera installare la luce sotto il ciclocomputer, \u00e8 possibile installarla sulla staffa del computer utilizzando l&#039;adattatore incluso (GoPro).<\/p>\n<p style=\"text-align: center;\">(** Supporto del misuratore non incluso nella confezione)<\/p>\n<p><img decoding=\"async\" class=\"aligncenter wp-image-7637\" src=\"https:\/\/www.sportshine.eu\/wp-content\/uploads\/2025\/07\/Gaciron-Raptor-3000-2.webp\" alt=\"\" width=\"800\" height=\"495\" srcset=\"https:\/\/www.sportshine.eu\/wp-content\/uploads\/2025\/07\/Gaciron-Raptor-3000-2-768x475.webp 768w, https:\/\/www.sportshine.eu\/wp-content\/uploads\/2025\/07\/Gaciron-Raptor-3000-2-600x371.webp 600w\" sizes=\"(max-width: 800px) 100vw, 800px\" \/><\/p>\n<h3 style=\"text-align: center;\">IMPERMEABILE SECONDO LO STANDARD IPX6<\/h3>\n<p style=\"text-align: center;\">Grazie alla protezione impermeabile, puoi utilizzare la torcia senza preoccupazioni anche quando piove.<\/p>\n<p><img decoding=\"async\" class=\"aligncenter wp-image-7638 size-full\" src=\"https:\/\/www.sportshine.eu\/wp-content\/uploads\/2025\/07\/Gaciron-Raptor-3000-3.webp\" alt=\"\" width=\"800\" height=\"600\" srcset=\"https:\/\/www.sportshine.eu\/wp-content\/uploads\/2025\/07\/Gaciron-Raptor-3000-3.webp 800w, https:\/\/www.sportshine.eu\/wp-content\/uploads\/2025\/07\/Gaciron-Raptor-3000-3-768x576.webp 768w, https:\/\/www.sportshine.eu\/wp-content\/uploads\/2025\/07\/Gaciron-Raptor-3000-3-600x450.webp 600w\" sizes=\"(max-width: 800px) 100vw, 800px\" \/><\/p>\n<h3 style=\"text-align: center;\">FUNZIONE RICARICABILE DELLA BATTERIA<\/h3>\n<p style=\"text-align: center;\">La luce \u00e8 dotata di una batteria integrata da 10.000 mAh con la quale \u00e8 possibile caricare il telefono, il contatore o altri dispositivi elettronici.<\/p>\n<p><img decoding=\"async\" class=\"aligncenter wp-image-7639 size-full\" src=\"https:\/\/www.sportshine.eu\/wp-content\/uploads\/2025\/07\/Gaciron-Raptor-3000-4.webp\" alt=\"\" width=\"800\" height=\"453\" srcset=\"https:\/\/www.sportshine.eu\/wp-content\/uploads\/2025\/07\/Gaciron-Raptor-3000-4.webp 800w, https:\/\/www.sportshine.eu\/wp-content\/uploads\/2025\/07\/Gaciron-Raptor-3000-4-768x435.webp 768w, https:\/\/www.sportshine.eu\/wp-content\/uploads\/2025\/07\/Gaciron-Raptor-3000-4-600x340.webp 600w\" sizes=\"(max-width: 800px) 100vw, 800px\" \/><\/p>\n<h3 style=\"text-align: center;\">PRESENTAZIONE VIDEO GACIRON RAPTOR 3000<\/h3>\n<p><iframe loading=\"lazy\" title=\"Gaciron Raptor 3000\" width=\"500\" height=\"281\" src=\"https:\/\/www.youtube.com\/embed\/zXWPq8BUDjw?feature=oembed\" frameborder=\"0\" allow=\"accelerometer; autoplay; clipboard-write; encrypted-media; gyroscope; picture-in-picture; web-share\" referrerpolicy=\"strict-origin-when-cross-origin\" allowfullscreen><\/iframe><\/p>\n<h3 style=\"text-align: center;\">TELECOMANDO SENZA FILI<\/h3>\n<p style=\"text-align: center;\">Questo \u00e8 un telecomando wireless con un design luminescente. Assorbe abbastanza luce solare durante il giorno ed emette una luce verde di notte. Quando si pedala di notte, \u00e8 possibile individuare facilmente la posizione dei pulsanti sul telecomando. In caso di emergenza, \u00e8 possibile reagire rapidamente, accendere e regolare la luce per garantire la sicurezza durante la pedalata.<\/p>\n<p style=\"text-align: center;\">Contiene una batteria a lunga durata che ha una durata di oltre 8.000 pressioni.<\/p>\n<p><img decoding=\"async\" class=\"aligncenter wp-image-7628 size-full\" src=\"https:\/\/www.sportshine.eu\/wp-content\/uploads\/2025\/07\/Kolesarska-luc-Gaciron-Raptor-1800-4.webp\" alt=\"\" width=\"800\" height=\"453\" srcset=\"https:\/\/www.sportshine.eu\/wp-content\/uploads\/2025\/07\/Kolesarska-luc-Gaciron-Raptor-1800-4.webp 800w, https:\/\/www.sportshine.eu\/wp-content\/uploads\/2025\/07\/Kolesarska-luc-Gaciron-Raptor-1800-4-768x435.webp 768w, https:\/\/www.sportshine.eu\/wp-content\/uploads\/2025\/07\/Kolesarska-luc-Gaciron-Raptor-1800-4-600x340.webp 600w\" sizes=\"(max-width: 800px) 100vw, 800px\" \/><\/p>\n<h3 style=\"text-align: center;\">NEL PACCHETTO CYCLE LIGHT RICEVI<\/h3>\n<p style=\"text-align: center;\">Torcia Gaciron Raptor 3000<br \/>\nPortabiciclette<br \/>\nStrumento di rimontaggio della lampada<br \/>\nCavo di ricarica USB-C<br \/>\nAdattatore per il controllo della luce e adattatore GoPro<\/p>\n<p><img decoding=\"async\" class=\"aligncenter wp-image-7631 size-full\" src=\"https:\/\/www.sportshine.eu\/wp-content\/uploads\/2025\/07\/Kolesarska-luc-Gaciron-Raptor-1800-7.webp\" alt=\"\" width=\"800\" height=\"600\" srcset=\"https:\/\/www.sportshine.eu\/wp-content\/uploads\/2025\/07\/Kolesarska-luc-Gaciron-Raptor-1800-7.webp 800w, https:\/\/www.sportshine.eu\/wp-content\/uploads\/2025\/07\/Kolesarska-luc-Gaciron-Raptor-1800-7-768x576.webp 768w, https:\/\/www.sportshine.eu\/wp-content\/uploads\/2025\/07\/Kolesarska-luc-Gaciron-Raptor-1800-7-600x450.webp 600w\" sizes=\"(max-width: 800px) 100vw, 800px\" \/><\/p>","protected":false},"excerpt":{"rendered":"<p>La luce per bici Raptor 3000 di Gaciron \u00e8 una delle luci pi\u00f9 potenti sul mercato, con una potenza effettiva di 3.000 lumen, fari abbaglianti e anabbaglianti, una batteria integrata che si ricarica tramite USB-C con una capacit\u00e0 di 10.000 mAh e persino una potente funzione di batteria portatile.<\/p>","protected":false},"featured_media":5179,"comment_status":"open","ping_status":"closed","template":"","meta":[],"product_brand":[132],"product_cat":[82,150],"product_tag":[],"class_list":{"0":"post-6328","1":"product","2":"type-product","3":"status-publish","4":"has-post-thumbnail","6":"product_brand-gaciron","7":"product_cat-kolesarske-luci","8":"product_cat-sprednje-kolesarske-luci","10":"first","11":"instock","12":"sale","13":"taxable","14":"shipping-taxable","15":"purchasable","16":"product-type-simple"},"yoast_head":"<!-- This site is optimized with the Yoast SEO plugin v27.4 - https:\/\/yoast.com\/product\/yoast-seo-wordpress\/ -->\n<title>Kolesarska lu\u010d Gaciron Raptor 3000<\/title>\n<meta name=\"description\" content=\"Kolesarska lu\u010d Gaciron Raptor 3000 z neverjetno mo\u010djo 3000 lumnov. Za svojo mo\u010d uporablja 10.000 mAh litij-ionsko baterijo. Vodoodporna po standardu IPX6.\" \/>\n<meta name=\"robots\" content=\"index, follow, max-snippet:-1, max-image-preview:large, max-video-preview:-1\" \/>\n<link rel=\"canonical\" href=\"https:\/\/www.sportshine.eu\/it\/negozio\/luce-per-bicicletta-gaciron-raptor-3000\/\" \/>\n<meta property=\"og:locale\" content=\"it_IT\" \/>\n<meta property=\"og:type\" content=\"article\" \/>\n<meta property=\"og:title\" content=\"Kolesarska lu\u010d Gaciron Raptor 3000\" \/>\n<meta property=\"og:description\" content=\"Kolesarska lu\u010d Gaciron Raptor 3000 z neverjetno mo\u010djo 3000 lumnov. Za svojo mo\u010d uporablja 10.000 mAh litij-ionsko baterijo. Vodoodporna po standardu IPX6.\" \/>\n<meta property=\"og:url\" content=\"https:\/\/www.sportshine.eu\/it\/negozio\/luce-per-bicicletta-gaciron-raptor-3000\/\" \/>\n<meta property=\"og:site_name\" content=\"Sportshine\" \/>\n<meta property=\"article:publisher\" content=\"https:\/\/www.facebook.com\/sportshine.eu\/\" \/>\n<meta property=\"article:modified_time\" content=\"2026-03-06T12:25:45+00:00\" \/>\n<meta property=\"og:image\" content=\"https:\/\/www.sportshine.eu\/wp-content\/uploads\/2025\/07\/Kolesarska-luc-Gaciron-Raptor-3000.webp\" \/>\n\t<meta property=\"og:image:width\" content=\"800\" \/>\n\t<meta property=\"og:image:height\" content=\"800\" \/>\n\t<meta property=\"og:image:type\" content=\"image\/webp\" \/>\n<meta name=\"twitter:card\" content=\"summary_large_image\" \/>\n<meta name=\"twitter:label1\" content=\"Tempo di lettura stimato\" \/>\n\t<meta name=\"twitter:data1\" content=\"3 minuti\" \/>\n<script type=\"application\/ld+json\" class=\"yoast-schema-graph\">{\"@context\":\"https:\\\/\\\/schema.org\",\"@graph\":[{\"@type\":\"WebPage\",\"@id\":\"https:\\\/\\\/www.sportshine.eu\\\/trgovina\\\/kolesarska-luc-gaciron-raptor-3000\\\/\",\"url\":\"https:\\\/\\\/www.sportshine.eu\\\/trgovina\\\/kolesarska-luc-gaciron-raptor-3000\\\/\",\"name\":\"Kolesarska lu\u010d Gaciron Raptor 3000\",\"isPartOf\":{\"@id\":\"https:\\\/\\\/www.sportshine.eu\\\/#website\"},\"primaryImageOfPage\":{\"@id\":\"https:\\\/\\\/www.sportshine.eu\\\/trgovina\\\/kolesarska-luc-gaciron-raptor-3000\\\/#primaryimage\"},\"image\":{\"@id\":\"https:\\\/\\\/www.sportshine.eu\\\/trgovina\\\/kolesarska-luc-gaciron-raptor-3000\\\/#primaryimage\"},\"thumbnailUrl\":\"https:\\\/\\\/www.sportshine.eu\\\/wp-content\\\/uploads\\\/2025\\\/07\\\/Kolesarska-luc-Gaciron-Raptor-3000.webp\",\"datePublished\":\"2026-01-29T21:09:22+00:00\",\"dateModified\":\"2026-03-06T12:25:45+00:00\",\"description\":\"Kolesarska lu\u010d Gaciron Raptor 3000 z neverjetno mo\u010djo 3000 lumnov. Za svojo mo\u010d uporablja 10.000 mAh litij-ionsko baterijo. Vodoodporna po standardu IPX6.\",\"breadcrumb\":{\"@id\":\"https:\\\/\\\/www.sportshine.eu\\\/trgovina\\\/kolesarska-luc-gaciron-raptor-3000\\\/#breadcrumb\"},\"inLanguage\":\"it-IT\",\"potentialAction\":[{\"@type\":\"ReadAction\",\"target\":[\"https:\\\/\\\/www.sportshine.eu\\\/trgovina\\\/kolesarska-luc-gaciron-raptor-3000\\\/\"]}]},{\"@type\":\"ImageObject\",\"inLanguage\":\"it-IT\",\"@id\":\"https:\\\/\\\/www.sportshine.eu\\\/trgovina\\\/kolesarska-luc-gaciron-raptor-3000\\\/#primaryimage\",\"url\":\"https:\\\/\\\/www.sportshine.eu\\\/wp-content\\\/uploads\\\/2025\\\/07\\\/Kolesarska-luc-Gaciron-Raptor-3000.webp\",\"contentUrl\":\"https:\\\/\\\/www.sportshine.eu\\\/wp-content\\\/uploads\\\/2025\\\/07\\\/Kolesarska-luc-Gaciron-Raptor-3000.webp\",\"width\":800,\"height\":800},{\"@type\":\"BreadcrumbList\",\"@id\":\"https:\\\/\\\/www.sportshine.eu\\\/trgovina\\\/kolesarska-luc-gaciron-raptor-3000\\\/#breadcrumb\",\"itemListElement\":[{\"@type\":\"ListItem\",\"position\":1,\"name\":\"Home\",\"item\":\"https:\\\/\\\/www.sportshine.eu\\\/\"},{\"@type\":\"ListItem\",\"position\":2,\"name\":\"Trgovina\",\"item\":\"https:\\\/\\\/www.sportshine.eu\\\/trgovina\\\/\"},{\"@type\":\"ListItem\",\"position\":3,\"name\":\"Kolesarska lu\u010d Gaciron Raptor 3000\"}]},{\"@type\":\"WebSite\",\"@id\":\"https:\\\/\\\/www.sportshine.eu\\\/#website\",\"url\":\"https:\\\/\\\/www.sportshine.eu\\\/\",\"name\":\"Sportshine\",\"description\":\"Top spletna trgovina kolesarskih in naglavnih svetilk ter opreme\",\"publisher\":{\"@id\":\"https:\\\/\\\/www.sportshine.eu\\\/#organization\"},\"potentialAction\":[{\"@type\":\"SearchAction\",\"target\":{\"@type\":\"EntryPoint\",\"urlTemplate\":\"https:\\\/\\\/www.sportshine.eu\\\/?s={search_term_string}\"},\"query-input\":{\"@type\":\"PropertyValueSpecification\",\"valueRequired\":true,\"valueName\":\"search_term_string\"}}],\"inLanguage\":\"it-IT\"},{\"@type\":\"Organization\",\"@id\":\"https:\\\/\\\/www.sportshine.eu\\\/#organization\",\"name\":\"Sportshine\",\"url\":\"https:\\\/\\\/www.sportshine.eu\\\/\",\"logo\":{\"@type\":\"ImageObject\",\"inLanguage\":\"it-IT\",\"@id\":\"https:\\\/\\\/www.sportshine.eu\\\/#\\\/schema\\\/logo\\\/image\\\/\",\"url\":\"https:\\\/\\\/www.sportshine.eu\\\/wp-content\\\/uploads\\\/2026\\\/01\\\/cropped-Sportshine.webp\",\"contentUrl\":\"https:\\\/\\\/www.sportshine.eu\\\/wp-content\\\/uploads\\\/2026\\\/01\\\/cropped-Sportshine.webp\",\"width\":295,\"height\":128,\"caption\":\"Sportshine\"},\"image\":{\"@id\":\"https:\\\/\\\/www.sportshine.eu\\\/#\\\/schema\\\/logo\\\/image\\\/\"},\"sameAs\":[\"https:\\\/\\\/www.facebook.com\\\/sportshine.eu\\\/\"]}]}<\/script>\n<!-- \/ Yoast SEO plugin. -->","yoast_head_json":{"title":"Luce per bicicletta Gaciron Raptor 3000","description":"Luce per bici Gaciron Raptor 3000 con ben 3000 lumen. Alimentata da una batteria agli ioni di litio da 10.000 mAh. Impermeabile secondo lo standard IPX6.","robots":{"index":"index","follow":"follow","max-snippet":"max-snippet:-1","max-image-preview":"max-image-preview:large","max-video-preview":"max-video-preview:-1"},"canonical":"https:\/\/www.sportshine.eu\/it\/negozio\/luce-per-bicicletta-gaciron-raptor-3000\/","og_locale":"it_IT","og_type":"article","og_title":"Kolesarska lu\u010d Gaciron Raptor 3000","og_description":"Kolesarska lu\u010d Gaciron Raptor 3000 z neverjetno mo\u010djo 3000 lumnov. Za svojo mo\u010d uporablja 10.000 mAh litij-ionsko baterijo. Vodoodporna po standardu IPX6.","og_url":"https:\/\/www.sportshine.eu\/it\/negozio\/luce-per-bicicletta-gaciron-raptor-3000\/","og_site_name":"Sportshine","article_publisher":"https:\/\/www.facebook.com\/sportshine.eu\/","article_modified_time":"2026-03-06T12:25:45+00:00","og_image":[{"width":800,"height":800,"url":"https:\/\/www.sportshine.eu\/wp-content\/uploads\/2025\/07\/Kolesarska-luc-Gaciron-Raptor-3000.webp","type":"image\/webp"}],"twitter_card":"summary_large_image","twitter_misc":{"Tempo di lettura stimato":"3 minuti"},"schema":{"@context":"https:\/\/schema.org","@graph":[{"@type":"WebPage","@id":"https:\/\/www.sportshine.eu\/trgovina\/kolesarska-luc-gaciron-raptor-3000\/","url":"https:\/\/www.sportshine.eu\/trgovina\/kolesarska-luc-gaciron-raptor-3000\/","name":"Luce per bicicletta Gaciron Raptor 3000","isPartOf":{"@id":"https:\/\/www.sportshine.eu\/#website"},"primaryImageOfPage":{"@id":"https:\/\/www.sportshine.eu\/trgovina\/kolesarska-luc-gaciron-raptor-3000\/#primaryimage"},"image":{"@id":"https:\/\/www.sportshine.eu\/trgovina\/kolesarska-luc-gaciron-raptor-3000\/#primaryimage"},"thumbnailUrl":"https:\/\/www.sportshine.eu\/wp-content\/uploads\/2025\/07\/Kolesarska-luc-Gaciron-Raptor-3000.webp","datePublished":"2026-01-29T21:09:22+00:00","dateModified":"2026-03-06T12:25:45+00:00","description":"Luce per bici Gaciron Raptor 3000 con ben 3000 lumen. Alimentata da una batteria agli ioni di litio da 10.000 mAh. Impermeabile secondo lo standard IPX6.","breadcrumb":{"@id":"https:\/\/www.sportshine.eu\/trgovina\/kolesarska-luc-gaciron-raptor-3000\/#breadcrumb"},"inLanguage":"it-IT","potentialAction":[{"@type":"ReadAction","target":["https:\/\/www.sportshine.eu\/trgovina\/kolesarska-luc-gaciron-raptor-3000\/"]}]},{"@type":"ImageObject","inLanguage":"it-IT","@id":"https:\/\/www.sportshine.eu\/trgovina\/kolesarska-luc-gaciron-raptor-3000\/#primaryimage","url":"https:\/\/www.sportshine.eu\/wp-content\/uploads\/2025\/07\/Kolesarska-luc-Gaciron-Raptor-3000.webp","contentUrl":"https:\/\/www.sportshine.eu\/wp-content\/uploads\/2025\/07\/Kolesarska-luc-Gaciron-Raptor-3000.webp","width":800,"height":800},{"@type":"BreadcrumbList","@id":"https:\/\/www.sportshine.eu\/trgovina\/kolesarska-luc-gaciron-raptor-3000\/#breadcrumb","itemListElement":[{"@type":"ListItem","position":1,"name":"Home","item":"https:\/\/www.sportshine.eu\/"},{"@type":"ListItem","position":2,"name":"Trgovina","item":"https:\/\/www.sportshine.eu\/trgovina\/"},{"@type":"ListItem","position":3,"name":"Kolesarska lu\u010d Gaciron Raptor 3000"}]},{"@type":"WebSite","@id":"https:\/\/www.sportshine.eu\/#website","url":"https:\/\/www.sportshine.eu\/","name":"Sportshine","description":"Il miglior negozio online per ciclismo, lampade frontali e attrezzature","publisher":{"@id":"https:\/\/www.sportshine.eu\/#organization"},"potentialAction":[{"@type":"SearchAction","target":{"@type":"EntryPoint","urlTemplate":"https:\/\/www.sportshine.eu\/?s={search_term_string}"},"query-input":{"@type":"PropertyValueSpecification","valueRequired":true,"valueName":"search_term_string"}}],"inLanguage":"it-IT"},{"@type":"Organization","@id":"https:\/\/www.sportshine.eu\/#organization","name":"Sportshine","url":"https:\/\/www.sportshine.eu\/","logo":{"@type":"ImageObject","inLanguage":"it-IT","@id":"https:\/\/www.sportshine.eu\/#\/schema\/logo\/image\/","url":"https:\/\/www.sportshine.eu\/wp-content\/uploads\/2026\/01\/cropped-Sportshine.webp","contentUrl":"https:\/\/www.sportshine.eu\/wp-content\/uploads\/2026\/01\/cropped-Sportshine.webp","width":295,"height":128,"caption":"Sportshine"},"image":{"@id":"https:\/\/www.sportshine.eu\/#\/schema\/logo\/image\/"},"sameAs":["https:\/\/www.facebook.com\/sportshine.eu\/"]}]}},"_links":{"self":[{"href":"https:\/\/www.sportshine.eu\/it\/wp-json\/wp\/v2\/product\/6328","targetHints":{"allow":["GET"]}}],"collection":[{"href":"https:\/\/www.sportshine.eu\/it\/wp-json\/wp\/v2\/product"}],"about":[{"href":"https:\/\/www.sportshine.eu\/it\/wp-json\/wp\/v2\/types\/product"}],"replies":[{"embeddable":true,"href":"https:\/\/www.sportshine.eu\/it\/wp-json\/wp\/v2\/comments?post=6328"}],"version-history":[{"count":0,"href":"https:\/\/www.sportshine.eu\/it\/wp-json\/wp\/v2\/product\/6328\/revisions"}],"wp:featuredmedia":[{"embeddable":true,"href":"https:\/\/www.sportshine.eu\/it\/wp-json\/wp\/v2\/media\/5179"}],"wp:attachment":[{"href":"https:\/\/www.sportshine.eu\/it\/wp-json\/wp\/v2\/media?parent=6328"}],"wp:term":[{"taxonomy":"product_brand","embeddable":true,"href":"https:\/\/www.sportshine.eu\/it\/wp-json\/wp\/v2\/product_brand?post=6328"},{"taxonomy":"product_cat","embeddable":true,"href":"https:\/\/www.sportshine.eu\/it\/wp-json\/wp\/v2\/product_cat?post=6328"},{"taxonomy":"product_tag","embeddable":true,"href":"https:\/\/www.sportshine.eu\/it\/wp-json\/wp\/v2\/product_tag?post=6328"}],"curies":[{"name":"parola chiave","href":"https:\/\/api.w.org\/{rel}","templated":true}]}}