{"id":6325,"date":"2026-02-05T21:09:18","date_gmt":"2026-02-05T21:09:18","guid":{"rendered":"https:\/\/www.sportshine.eu\/?post_type=product&#038;p=6325"},"modified":"2026-03-11T16:17:58","modified_gmt":"2026-03-11T16:17:58","slug":"luce-per-bicicletta-led-gaciron-v9dp-2000","status":"publish","type":"product","link":"https:\/\/www.sportshine.eu\/it\/negozio\/luce-per-bicicletta-led-gaciron-v9dp-2000\/","title":{"rendered":"Luce LED per bicicletta Gaciron V9DP-2000"},"content":{"rendered":"<h3 style=\"text-align: center;\">2000 LUMEN DI LUMINOSIT\u00c0 MASSIMA<\/h3>\n<p style=\"text-align: center;\">La nostra luce professionale Gaciron V9DP-2000 ha una luminosit\u00e0 effettiva di 2000 lumen ed \u00e8 oltre 6 volte pi\u00f9 luminosa delle luci per bici convenzionali presenti sul mercato.<\/p>\n<p><img decoding=\"async\" class=\"aligncenter wp-image-7650 size-full\" src=\"https:\/\/www.sportshine.eu\/wp-content\/uploads\/2025\/07\/Gaciron-V9DP-2000.webp\" alt=\"\" width=\"800\" height=\"600\" srcset=\"https:\/\/www.sportshine.eu\/wp-content\/uploads\/2025\/07\/Gaciron-V9DP-2000.webp 800w, https:\/\/www.sportshine.eu\/wp-content\/uploads\/2025\/07\/Gaciron-V9DP-2000-768x576.webp 768w, https:\/\/www.sportshine.eu\/wp-content\/uploads\/2025\/07\/Gaciron-V9DP-2000-600x450.webp 600w\" sizes=\"(max-width: 800px) 100vw, 800px\" \/><\/p>\n<h3 style=\"text-align: center;\">LAVORAZIONE CNC DI ALLOGGIAMENTI IN LEGA DI ALLUMINIO<\/h3>\n<p style=\"text-align: center;\">La struttura \u00e8 robusta, durevole e resistente al calore. Consente un&#039;efficiente dissipazione del calore. La struttura esterna \u00e8 progettata per ridurre la resistenza all&#039;aria, garantendo prestazioni ottimali anche in condizioni di guida impegnative.<\/p>\n<p><img decoding=\"async\" class=\"aligncenter wp-image-7651 size-full\" src=\"https:\/\/www.sportshine.eu\/wp-content\/uploads\/2025\/07\/Gaciron-V9DP-2000-1.webp\" alt=\"\" width=\"800\" height=\"600\" srcset=\"https:\/\/www.sportshine.eu\/wp-content\/uploads\/2025\/07\/Gaciron-V9DP-2000-1.webp 800w, https:\/\/www.sportshine.eu\/wp-content\/uploads\/2025\/07\/Gaciron-V9DP-2000-1-768x576.webp 768w, https:\/\/www.sportshine.eu\/wp-content\/uploads\/2025\/07\/Gaciron-V9DP-2000-1-600x450.webp 600w\" sizes=\"(max-width: 800px) 100vw, 800px\" \/><\/p>\n<h3 style=\"text-align: center;\">FUNZIONE POWER BANK<\/h3>\n<p style=\"text-align: center;\">Il Gaciron V9DP-2000, grazie alla sua potente batteria, offre la funzionalit\u00e0 di batteria ricaricabile, consentendo di caricare i dispositivi mobili durante lunghi viaggi o in caso di emergenza.<\/p>\n<p><img decoding=\"async\" class=\"aligncenter wp-image-7653 size-full\" src=\"https:\/\/www.sportshine.eu\/wp-content\/uploads\/2025\/07\/Gaciron-V9DP-2000-2.webp\" alt=\"\" width=\"800\" height=\"600\" srcset=\"https:\/\/www.sportshine.eu\/wp-content\/uploads\/2025\/07\/Gaciron-V9DP-2000-2.webp 800w, https:\/\/www.sportshine.eu\/wp-content\/uploads\/2025\/07\/Gaciron-V9DP-2000-2-768x576.webp 768w, https:\/\/www.sportshine.eu\/wp-content\/uploads\/2025\/07\/Gaciron-V9DP-2000-2-600x450.webp 600w\" sizes=\"(max-width: 800px) 100vw, 800px\" \/><\/p>\n<h3 style=\"text-align: center;\">LENTE OTTICA ACRILICA<\/h3>\n<p style=\"text-align: center;\">Offre protezione contro l&#039;abbagliamento dei pedoni dovuto alla luce intensa.<\/p>\n<p><img decoding=\"async\" class=\"aligncenter wp-image-7654 size-full\" src=\"https:\/\/www.sportshine.eu\/wp-content\/uploads\/2025\/07\/Gaciron-V9DP-2000-3.webp\" alt=\"\" width=\"800\" height=\"600\" srcset=\"https:\/\/www.sportshine.eu\/wp-content\/uploads\/2025\/07\/Gaciron-V9DP-2000-3.webp 800w, https:\/\/www.sportshine.eu\/wp-content\/uploads\/2025\/07\/Gaciron-V9DP-2000-3-768x576.webp 768w, https:\/\/www.sportshine.eu\/wp-content\/uploads\/2025\/07\/Gaciron-V9DP-2000-3-600x450.webp 600w\" sizes=\"(max-width: 800px) 100vw, 800px\" \/><\/p>\n<h3 style=\"text-align: center;\">TEST DELLA LUCE DA BICICLETTA GACIRON V9DP-2000 IN COMPLETA OSCURIT\u00c0.<\/h3>\n<p><iframe loading=\"lazy\" title=\"Gaciron V9DP-2000\" width=\"500\" height=\"281\" src=\"https:\/\/www.youtube.com\/embed\/WFZs_fdlW3c?feature=oembed\" frameborder=\"0\" allow=\"accelerometer; autoplay; clipboard-write; encrypted-media; gyroscope; picture-in-picture; web-share\" referrerpolicy=\"strict-origin-when-cross-origin\" allowfullscreen><\/iframe><\/p>\n<h3 style=\"text-align: center;\">PERMETTE IL MONTAGGIO SOPRA O SOTTO IL MANUBRIO<\/h3>\n<p style=\"text-align: center;\">La posizione di montaggio predefinita della luce \u00e8 sul manubrio e nella confezione troverete anche una staffa di montaggio H07P. Se desiderate montarla sotto il manubrio, dovrete acquistarne una.<\/p>\n<p><img decoding=\"async\" class=\"aligncenter wp-image-7655 size-full\" src=\"https:\/\/www.sportshine.eu\/wp-content\/uploads\/2025\/07\/Gaciron-V9DP-2000-4.webp\" alt=\"\" width=\"800\" height=\"800\" srcset=\"https:\/\/www.sportshine.eu\/wp-content\/uploads\/2025\/07\/Gaciron-V9DP-2000-4.webp 800w, https:\/\/www.sportshine.eu\/wp-content\/uploads\/2025\/07\/Gaciron-V9DP-2000-4-768x768.webp 768w, https:\/\/www.sportshine.eu\/wp-content\/uploads\/2025\/07\/Gaciron-V9DP-2000-4-600x600.webp 600w\" sizes=\"(max-width: 800px) 100vw, 800px\" \/><\/p>\n<h3 style=\"text-align: center;\">DUE BATTERIE AGLI IONI DI LITIO DA 6700 mAh INTEGRATE<\/h3>\n<p style=\"text-align: center;\">La luce della bici si carica in 4 ore e dura fino a 12 ore al livello pi\u00f9 basso di 250 lumen.<\/p>\n<p><img decoding=\"async\" class=\"aligncenter wp-image-7656 size-full\" src=\"https:\/\/www.sportshine.eu\/wp-content\/uploads\/2025\/07\/Gaciron-V9DP-2000-5.webp\" alt=\"\" width=\"800\" height=\"600\" srcset=\"https:\/\/www.sportshine.eu\/wp-content\/uploads\/2025\/07\/Gaciron-V9DP-2000-5.webp 800w, https:\/\/www.sportshine.eu\/wp-content\/uploads\/2025\/07\/Gaciron-V9DP-2000-5-768x576.webp 768w, https:\/\/www.sportshine.eu\/wp-content\/uploads\/2025\/07\/Gaciron-V9DP-2000-5-600x450.webp 600w\" sizes=\"(max-width: 800px) 100vw, 800px\" \/><\/p>\n<h3 style=\"text-align: center;\">USO SUPPORTATO DELL&#039;ADATTATORE PER IL CONTROLLO DELLA LUCE<\/h3>\n<p style=\"text-align: center;\">L&#039;adattatore pu\u00f2 essere montato sul manubrio della bicicletta, il che consente di pedalare in modo pi\u00f9 sicuro, poich\u00e9 \u00e8 possibile spostare i livelli operativi senza dover abbassare il manubrio (incluso nella confezione).<\/p>\n<p><img decoding=\"async\" class=\"aligncenter wp-image-7657 size-full\" src=\"https:\/\/www.sportshine.eu\/wp-content\/uploads\/2025\/07\/Gaciron-V9DP-2000-6.webp\" alt=\"\" width=\"800\" height=\"600\" srcset=\"https:\/\/www.sportshine.eu\/wp-content\/uploads\/2025\/07\/Gaciron-V9DP-2000-6.webp 800w, https:\/\/www.sportshine.eu\/wp-content\/uploads\/2025\/07\/Gaciron-V9DP-2000-6-768x576.webp 768w, https:\/\/www.sportshine.eu\/wp-content\/uploads\/2025\/07\/Gaciron-V9DP-2000-6-600x450.webp 600w\" sizes=\"(max-width: 800px) 100vw, 800px\" \/><\/p>\n<h3 style=\"text-align: center;\">ANGOLO RIFLETTORE GRANDE E LUNGO -125 GRADI<\/h3>\n<p style=\"text-align: center;\">L&#039;angolo di 125 gradi consente di illuminare il percorso senza angoli ciechi, garantendo maggiore sicurezza.<\/p>\n<p><img decoding=\"async\" class=\"aligncenter wp-image-7658 size-full\" src=\"https:\/\/www.sportshine.eu\/wp-content\/uploads\/2025\/07\/Gaciron-V9DP-2000-7.webp\" alt=\"\" width=\"800\" height=\"600\" srcset=\"https:\/\/www.sportshine.eu\/wp-content\/uploads\/2025\/07\/Gaciron-V9DP-2000-7.webp 800w, https:\/\/www.sportshine.eu\/wp-content\/uploads\/2025\/07\/Gaciron-V9DP-2000-7-768x576.webp 768w, https:\/\/www.sportshine.eu\/wp-content\/uploads\/2025\/07\/Gaciron-V9DP-2000-7-600x450.webp 600w\" sizes=\"(max-width: 800px) 100vw, 800px\" \/><\/p>\n<h3 style=\"text-align: center;\">IMPERMEABILE SECONDO LO STANDARD IPX6<\/h3>\n<p style=\"text-align: center;\">Grazie alla protezione impermeabile, puoi utilizzare la torcia senza preoccupazioni anche quando piove.<\/p>\n<p><img decoding=\"async\" class=\"aligncenter wp-image-7659 size-full\" src=\"https:\/\/www.sportshine.eu\/wp-content\/uploads\/2025\/07\/Gaciron-V9DP-2000-8.webp\" alt=\"\" width=\"800\" height=\"800\" srcset=\"https:\/\/www.sportshine.eu\/wp-content\/uploads\/2025\/07\/Gaciron-V9DP-2000-8.webp 800w, https:\/\/www.sportshine.eu\/wp-content\/uploads\/2025\/07\/Gaciron-V9DP-2000-8-768x768.webp 768w, https:\/\/www.sportshine.eu\/wp-content\/uploads\/2025\/07\/Gaciron-V9DP-2000-8-600x600.webp 600w\" sizes=\"(max-width: 800px) 100vw, 800px\" \/><\/p>\n<h3 style=\"text-align: center;\">NEL PACCHETTO CYCLE LIGHT RICEVI<\/h3>\n<p style=\"text-align: center;\">Torcia elettrica Gaciron V9DP-2000<br \/>\nPortabiciclette<br \/>\nCavo di ricarica USB-C<br \/>\nAdattatore per il controllo della luce<\/p>\n<p><img decoding=\"async\" class=\"aligncenter wp-image-7660 size-full\" src=\"https:\/\/www.sportshine.eu\/wp-content\/uploads\/2025\/07\/Gaciron-V9DP-2000-9.webp\" alt=\"\" width=\"800\" height=\"600\" srcset=\"https:\/\/www.sportshine.eu\/wp-content\/uploads\/2025\/07\/Gaciron-V9DP-2000-9.webp 800w, https:\/\/www.sportshine.eu\/wp-content\/uploads\/2025\/07\/Gaciron-V9DP-2000-9-768x576.webp 768w, https:\/\/www.sportshine.eu\/wp-content\/uploads\/2025\/07\/Gaciron-V9DP-2000-9-600x450.webp 600w\" sizes=\"(max-width: 800px) 100vw, 800px\" \/><\/p>","protected":false},"excerpt":{"rendered":"<p><strong>luce della bicicletta<\/strong> Gaciron V9DP-2000 \u00e8 una luce LED per bicicletta di alta qualit\u00e0 con una potenza di 2000 lumen, ideale sia di giorno che di notte. Utilizza una batteria agli ioni di litio da 6700 mAh per la sua alimentazione. \u00c8 caratterizzata da una lunga durata. La consigliamo a tutti i ciclisti che necessitano di un&#039;illuminazione affidabile. Offre diversi livelli di funzionamento, consentendo di regolare l&#039;illuminazione in base alle condizioni di guida. Pu\u00f2 essere utilizzata anche come batteria ricaricabile per un contachilometri, un telefono o altri dispositivi.<\/p>\n<p>Testiamo regolarmente la lampada durante le nostre avventure in bicicletta, quindi possiamo garantire che vi stupir\u00e0 per la sua lavorazione e la qualit\u00e0 della luce.<\/p>","protected":false},"featured_media":5085,"comment_status":"open","ping_status":"closed","template":"","meta":[],"product_brand":[132],"product_cat":[82,150],"product_tag":[],"class_list":{"0":"post-6325","1":"product","2":"type-product","3":"status-publish","4":"has-post-thumbnail","6":"product_brand-gaciron","7":"product_cat-kolesarske-luci","8":"product_cat-sprednje-kolesarske-luci","10":"first","11":"instock","12":"sale","13":"taxable","14":"shipping-taxable","15":"purchasable","16":"product-type-simple"},"yoast_head":"<!-- This site is optimized with the Yoast SEO plugin v27.3 - https:\/\/yoast.com\/product\/yoast-seo-wordpress\/ -->\n<title>Kolesarska lu\u010d Gaciron V9DP-2000 - mo\u010dna svetilnost<\/title>\n<meta name=\"description\" content=\"Kolesarska lu\u010d z neverjetno mo\u010djo 2000 lumnov. Za svojo mo\u010d uporablja 6700-mAh litij-ionsko baterijo. Vodoodporna je po standardu IPX6.\" \/>\n<meta name=\"robots\" content=\"index, follow, max-snippet:-1, max-image-preview:large, max-video-preview:-1\" \/>\n<link rel=\"canonical\" href=\"https:\/\/www.sportshine.eu\/it\/negozio\/luce-per-bicicletta-led-gaciron-v9dp-2000\/\" \/>\n<meta property=\"og:locale\" content=\"it_IT\" \/>\n<meta property=\"og:type\" content=\"article\" \/>\n<meta property=\"og:title\" content=\"Kolesarska lu\u010d Gaciron V9DP-2000 - mo\u010dna svetilnost\" \/>\n<meta property=\"og:description\" content=\"Kolesarska lu\u010d z neverjetno mo\u010djo 2000 lumnov. Za svojo mo\u010d uporablja 6700-mAh litij-ionsko baterijo. Vodoodporna je po standardu IPX6.\" \/>\n<meta property=\"og:url\" content=\"https:\/\/www.sportshine.eu\/it\/negozio\/luce-per-bicicletta-led-gaciron-v9dp-2000\/\" \/>\n<meta property=\"og:site_name\" content=\"Sportshine\" \/>\n<meta property=\"article:publisher\" content=\"https:\/\/www.facebook.com\/sportshine.eu\/\" \/>\n<meta property=\"article:modified_time\" content=\"2026-03-11T16:17:58+00:00\" \/>\n<meta property=\"og:image\" content=\"https:\/\/www.sportshine.eu\/wp-content\/uploads\/2025\/07\/Mocnakolesarska-luc-1.webp\" \/>\n\t<meta property=\"og:image:width\" content=\"800\" \/>\n\t<meta property=\"og:image:height\" content=\"800\" \/>\n\t<meta property=\"og:image:type\" content=\"image\/webp\" \/>\n<meta name=\"twitter:card\" content=\"summary_large_image\" \/>\n<meta name=\"twitter:label1\" content=\"Tempo di lettura stimato\" \/>\n\t<meta name=\"twitter:data1\" content=\"4 minuti\" \/>\n<script type=\"application\/ld+json\" class=\"yoast-schema-graph\">{\"@context\":\"https:\\\/\\\/schema.org\",\"@graph\":[{\"@type\":\"WebPage\",\"@id\":\"https:\\\/\\\/www.sportshine.eu\\\/trgovina\\\/kolesarska-luc-led-gaciron-v9dp-2000\\\/\",\"url\":\"https:\\\/\\\/www.sportshine.eu\\\/trgovina\\\/kolesarska-luc-led-gaciron-v9dp-2000\\\/\",\"name\":\"Kolesarska lu\u010d Gaciron V9DP-2000 - mo\u010dna svetilnost\",\"isPartOf\":{\"@id\":\"https:\\\/\\\/www.sportshine.eu\\\/#website\"},\"primaryImageOfPage\":{\"@id\":\"https:\\\/\\\/www.sportshine.eu\\\/trgovina\\\/kolesarska-luc-led-gaciron-v9dp-2000\\\/#primaryimage\"},\"image\":{\"@id\":\"https:\\\/\\\/www.sportshine.eu\\\/trgovina\\\/kolesarska-luc-led-gaciron-v9dp-2000\\\/#primaryimage\"},\"thumbnailUrl\":\"https:\\\/\\\/www.sportshine.eu\\\/wp-content\\\/uploads\\\/2025\\\/07\\\/Mocnakolesarska-luc-1.webp\",\"datePublished\":\"2026-02-05T21:09:18+00:00\",\"dateModified\":\"2026-03-11T16:17:58+00:00\",\"description\":\"Kolesarska lu\u010d z neverjetno mo\u010djo 2000 lumnov. Za svojo mo\u010d uporablja 6700-mAh litij-ionsko baterijo. Vodoodporna je po standardu IPX6.\",\"breadcrumb\":{\"@id\":\"https:\\\/\\\/www.sportshine.eu\\\/trgovina\\\/kolesarska-luc-led-gaciron-v9dp-2000\\\/#breadcrumb\"},\"inLanguage\":\"it-IT\",\"potentialAction\":[{\"@type\":\"ReadAction\",\"target\":[\"https:\\\/\\\/www.sportshine.eu\\\/trgovina\\\/kolesarska-luc-led-gaciron-v9dp-2000\\\/\"]}]},{\"@type\":\"ImageObject\",\"inLanguage\":\"it-IT\",\"@id\":\"https:\\\/\\\/www.sportshine.eu\\\/trgovina\\\/kolesarska-luc-led-gaciron-v9dp-2000\\\/#primaryimage\",\"url\":\"https:\\\/\\\/www.sportshine.eu\\\/wp-content\\\/uploads\\\/2025\\\/07\\\/Mocnakolesarska-luc-1.webp\",\"contentUrl\":\"https:\\\/\\\/www.sportshine.eu\\\/wp-content\\\/uploads\\\/2025\\\/07\\\/Mocnakolesarska-luc-1.webp\",\"width\":800,\"height\":800},{\"@type\":\"BreadcrumbList\",\"@id\":\"https:\\\/\\\/www.sportshine.eu\\\/trgovina\\\/kolesarska-luc-led-gaciron-v9dp-2000\\\/#breadcrumb\",\"itemListElement\":[{\"@type\":\"ListItem\",\"position\":1,\"name\":\"Home\",\"item\":\"https:\\\/\\\/www.sportshine.eu\\\/\"},{\"@type\":\"ListItem\",\"position\":2,\"name\":\"Trgovina\",\"item\":\"https:\\\/\\\/www.sportshine.eu\\\/trgovina\\\/\"},{\"@type\":\"ListItem\",\"position\":3,\"name\":\"Kolesarska lu\u010d LED Gaciron V9DP-2000\"}]},{\"@type\":\"WebSite\",\"@id\":\"https:\\\/\\\/www.sportshine.eu\\\/#website\",\"url\":\"https:\\\/\\\/www.sportshine.eu\\\/\",\"name\":\"Sportshine\",\"description\":\"Top spletna trgovina kolesarskih in naglavnih svetilk ter opreme\",\"publisher\":{\"@id\":\"https:\\\/\\\/www.sportshine.eu\\\/#organization\"},\"potentialAction\":[{\"@type\":\"SearchAction\",\"target\":{\"@type\":\"EntryPoint\",\"urlTemplate\":\"https:\\\/\\\/www.sportshine.eu\\\/?s={search_term_string}\"},\"query-input\":{\"@type\":\"PropertyValueSpecification\",\"valueRequired\":true,\"valueName\":\"search_term_string\"}}],\"inLanguage\":\"it-IT\"},{\"@type\":\"Organization\",\"@id\":\"https:\\\/\\\/www.sportshine.eu\\\/#organization\",\"name\":\"Sportshine\",\"url\":\"https:\\\/\\\/www.sportshine.eu\\\/\",\"logo\":{\"@type\":\"ImageObject\",\"inLanguage\":\"it-IT\",\"@id\":\"https:\\\/\\\/www.sportshine.eu\\\/#\\\/schema\\\/logo\\\/image\\\/\",\"url\":\"https:\\\/\\\/www.sportshine.eu\\\/wp-content\\\/uploads\\\/2026\\\/01\\\/cropped-Sportshine.webp\",\"contentUrl\":\"https:\\\/\\\/www.sportshine.eu\\\/wp-content\\\/uploads\\\/2026\\\/01\\\/cropped-Sportshine.webp\",\"width\":295,\"height\":128,\"caption\":\"Sportshine\"},\"image\":{\"@id\":\"https:\\\/\\\/www.sportshine.eu\\\/#\\\/schema\\\/logo\\\/image\\\/\"},\"sameAs\":[\"https:\\\/\\\/www.facebook.com\\\/sportshine.eu\\\/\"]}]}<\/script>\n<!-- \/ Yoast SEO plugin. -->","yoast_head_json":{"title":"Luce per bicicletta Gaciron V9DP-2000 - alta luminosit\u00e0","description":"Una luce per bici con ben 2000 lumen. Alimentata da una batteria agli ioni di litio da 6700 mAh. Impermeabile secondo lo standard IPX6.","robots":{"index":"index","follow":"follow","max-snippet":"max-snippet:-1","max-image-preview":"max-image-preview:large","max-video-preview":"max-video-preview:-1"},"canonical":"https:\/\/www.sportshine.eu\/it\/negozio\/luce-per-bicicletta-led-gaciron-v9dp-2000\/","og_locale":"it_IT","og_type":"article","og_title":"Kolesarska lu\u010d Gaciron V9DP-2000 - mo\u010dna svetilnost","og_description":"Kolesarska lu\u010d z neverjetno mo\u010djo 2000 lumnov. Za svojo mo\u010d uporablja 6700-mAh litij-ionsko baterijo. Vodoodporna je po standardu IPX6.","og_url":"https:\/\/www.sportshine.eu\/it\/negozio\/luce-per-bicicletta-led-gaciron-v9dp-2000\/","og_site_name":"Sportshine","article_publisher":"https:\/\/www.facebook.com\/sportshine.eu\/","article_modified_time":"2026-03-11T16:17:58+00:00","og_image":[{"width":800,"height":800,"url":"https:\/\/www.sportshine.eu\/wp-content\/uploads\/2025\/07\/Mocnakolesarska-luc-1.webp","type":"image\/webp"}],"twitter_card":"summary_large_image","twitter_misc":{"Tempo di lettura stimato":"4 minuti"},"schema":{"@context":"https:\/\/schema.org","@graph":[{"@type":"WebPage","@id":"https:\/\/www.sportshine.eu\/trgovina\/kolesarska-luc-led-gaciron-v9dp-2000\/","url":"https:\/\/www.sportshine.eu\/trgovina\/kolesarska-luc-led-gaciron-v9dp-2000\/","name":"Luce per bicicletta Gaciron V9DP-2000 - alta luminosit\u00e0","isPartOf":{"@id":"https:\/\/www.sportshine.eu\/#website"},"primaryImageOfPage":{"@id":"https:\/\/www.sportshine.eu\/trgovina\/kolesarska-luc-led-gaciron-v9dp-2000\/#primaryimage"},"image":{"@id":"https:\/\/www.sportshine.eu\/trgovina\/kolesarska-luc-led-gaciron-v9dp-2000\/#primaryimage"},"thumbnailUrl":"https:\/\/www.sportshine.eu\/wp-content\/uploads\/2025\/07\/Mocnakolesarska-luc-1.webp","datePublished":"2026-02-05T21:09:18+00:00","dateModified":"2026-03-11T16:17:58+00:00","description":"Una luce per bici con ben 2000 lumen. Alimentata da una batteria agli ioni di litio da 6700 mAh. Impermeabile secondo lo standard IPX6.","breadcrumb":{"@id":"https:\/\/www.sportshine.eu\/trgovina\/kolesarska-luc-led-gaciron-v9dp-2000\/#breadcrumb"},"inLanguage":"it-IT","potentialAction":[{"@type":"ReadAction","target":["https:\/\/www.sportshine.eu\/trgovina\/kolesarska-luc-led-gaciron-v9dp-2000\/"]}]},{"@type":"ImageObject","inLanguage":"it-IT","@id":"https:\/\/www.sportshine.eu\/trgovina\/kolesarska-luc-led-gaciron-v9dp-2000\/#primaryimage","url":"https:\/\/www.sportshine.eu\/wp-content\/uploads\/2025\/07\/Mocnakolesarska-luc-1.webp","contentUrl":"https:\/\/www.sportshine.eu\/wp-content\/uploads\/2025\/07\/Mocnakolesarska-luc-1.webp","width":800,"height":800},{"@type":"BreadcrumbList","@id":"https:\/\/www.sportshine.eu\/trgovina\/kolesarska-luc-led-gaciron-v9dp-2000\/#breadcrumb","itemListElement":[{"@type":"ListItem","position":1,"name":"Home","item":"https:\/\/www.sportshine.eu\/"},{"@type":"ListItem","position":2,"name":"Trgovina","item":"https:\/\/www.sportshine.eu\/trgovina\/"},{"@type":"ListItem","position":3,"name":"Kolesarska lu\u010d LED Gaciron V9DP-2000"}]},{"@type":"WebSite","@id":"https:\/\/www.sportshine.eu\/#website","url":"https:\/\/www.sportshine.eu\/","name":"Sportshine","description":"Il miglior negozio online per ciclismo, lampade frontali e attrezzature","publisher":{"@id":"https:\/\/www.sportshine.eu\/#organization"},"potentialAction":[{"@type":"SearchAction","target":{"@type":"EntryPoint","urlTemplate":"https:\/\/www.sportshine.eu\/?s={search_term_string}"},"query-input":{"@type":"PropertyValueSpecification","valueRequired":true,"valueName":"search_term_string"}}],"inLanguage":"it-IT"},{"@type":"Organization","@id":"https:\/\/www.sportshine.eu\/#organization","name":"Sportshine","url":"https:\/\/www.sportshine.eu\/","logo":{"@type":"ImageObject","inLanguage":"it-IT","@id":"https:\/\/www.sportshine.eu\/#\/schema\/logo\/image\/","url":"https:\/\/www.sportshine.eu\/wp-content\/uploads\/2026\/01\/cropped-Sportshine.webp","contentUrl":"https:\/\/www.sportshine.eu\/wp-content\/uploads\/2026\/01\/cropped-Sportshine.webp","width":295,"height":128,"caption":"Sportshine"},"image":{"@id":"https:\/\/www.sportshine.eu\/#\/schema\/logo\/image\/"},"sameAs":["https:\/\/www.facebook.com\/sportshine.eu\/"]}]}},"_links":{"self":[{"href":"https:\/\/www.sportshine.eu\/it\/wp-json\/wp\/v2\/product\/6325","targetHints":{"allow":["GET"]}}],"collection":[{"href":"https:\/\/www.sportshine.eu\/it\/wp-json\/wp\/v2\/product"}],"about":[{"href":"https:\/\/www.sportshine.eu\/it\/wp-json\/wp\/v2\/types\/product"}],"replies":[{"embeddable":true,"href":"https:\/\/www.sportshine.eu\/it\/wp-json\/wp\/v2\/comments?post=6325"}],"version-history":[{"count":0,"href":"https:\/\/www.sportshine.eu\/it\/wp-json\/wp\/v2\/product\/6325\/revisions"}],"wp:featuredmedia":[{"embeddable":true,"href":"https:\/\/www.sportshine.eu\/it\/wp-json\/wp\/v2\/media\/5085"}],"wp:attachment":[{"href":"https:\/\/www.sportshine.eu\/it\/wp-json\/wp\/v2\/media?parent=6325"}],"wp:term":[{"taxonomy":"product_brand","embeddable":true,"href":"https:\/\/www.sportshine.eu\/it\/wp-json\/wp\/v2\/product_brand?post=6325"},{"taxonomy":"product_cat","embeddable":true,"href":"https:\/\/www.sportshine.eu\/it\/wp-json\/wp\/v2\/product_cat?post=6325"},{"taxonomy":"product_tag","embeddable":true,"href":"https:\/\/www.sportshine.eu\/it\/wp-json\/wp\/v2\/product_tag?post=6325"}],"curies":[{"name":"parola chiave","href":"https:\/\/api.w.org\/{rel}","templated":true}]}}