{"id":6322,"date":"2026-01-30T09:09:15","date_gmt":"2026-01-30T09:09:15","guid":{"rendered":"https:\/\/www.sportshine.eu\/?post_type=product&#038;p=6322"},"modified":"2026-01-30T19:23:19","modified_gmt":"2026-01-30T19:23:19","slug":"set-di-luci-per-bicicletta-gaciron-road-plus","status":"publish","type":"product","link":"https:\/\/www.sportshine.eu\/it\/negozio\/set-di-luci-per-bicicletta-gaciron-road-plus\/","title":{"rendered":"Set luci per bicicletta Gaciron \u2013 ROAD PLUS"},"content":{"rendered":"<h3 style=\"text-align: center;\">LUCE BICICLETTA CON EFFETTO ANTIABBAGLIANTE<\/h3>\n<p style=\"text-align: center;\">Le luci per bici con funzione &quot;Cut-off Line&quot; sono progettate per proiettare la luce in un modo specifico. Invece di un fascio luminoso diffuso o incontrollato, la luce viene modellata in modo da formare una fascia orizzontale netta sulla strada. Questo \u00e8 particolarmente importante per i fari delle biciclette, poich\u00e9 impediscono di abbagliare i veicoli in arrivo, i pedoni e i passeggeri dei ciclisti.<\/p>\n<p><img decoding=\"async\" class=\"aligncenter wp-image-5138 size-full\" src=\"https:\/\/www.sportshine.eu\/wp-content\/uploads\/2025\/07\/Gaciron-KIWI-1200-luc.webp\" alt=\"\" width=\"800\" height=\"800\" srcset=\"https:\/\/www.sportshine.eu\/wp-content\/uploads\/2025\/07\/Gaciron-KIWI-1200-luc.webp 800w, https:\/\/www.sportshine.eu\/wp-content\/uploads\/2025\/07\/Gaciron-KIWI-1200-luc-768x768.webp 768w, https:\/\/www.sportshine.eu\/wp-content\/uploads\/2025\/07\/Gaciron-KIWI-1200-luc-600x600.webp 600w\" sizes=\"(max-width: 800px) 100vw, 800px\" \/><\/p>\n<h3 style=\"text-align: center;\">POTENTE DA 1200 LUMEN E BATTERIA AGLI IONI DI LITIO DA 4400 mAh INTEGRATA<\/h3>\n<p style=\"text-align: center;\">Permette 5 impostazioni di luminosit\u00e0 e funziona fino a 24 ore.<\/p>\n<p><img decoding=\"async\" class=\"aligncenter wp-image-5137 size-full\" src=\"https:\/\/www.sportshine.eu\/wp-content\/uploads\/2025\/07\/Kolesarska-luc-Kiwi-1200-za-kolo.webp\" alt=\"\" width=\"800\" height=\"800\" srcset=\"https:\/\/www.sportshine.eu\/wp-content\/uploads\/2025\/07\/Kolesarska-luc-Kiwi-1200-za-kolo.webp 800w, https:\/\/www.sportshine.eu\/wp-content\/uploads\/2025\/07\/Kolesarska-luc-Kiwi-1200-za-kolo-768x768.webp 768w, https:\/\/www.sportshine.eu\/wp-content\/uploads\/2025\/07\/Kolesarska-luc-Kiwi-1200-za-kolo-600x600.webp 600w\" sizes=\"(max-width: 800px) 100vw, 800px\" \/><\/p>\n<h3 style=\"text-align: center;\">PERMETTE DI MONTARE LA LUCE SU ENTRAMBI I LATI DEL MANUBRIO (UTENSILE DI REGOLAZIONE INCLUSO)<\/h3>\n<p style=\"text-align: center;\">Vuoi montare la luce sopra o sotto il manubrio? La luce per bici KIWI 1200 offre una soluzione per entrambi.<\/p>\n<p><img decoding=\"async\" class=\"aligncenter wp-image-7601\" src=\"https:\/\/www.sportshine.eu\/wp-content\/uploads\/2025\/07\/Gaciron-Kiwi-800-2.webp\" alt=\"\" width=\"800\" height=\"581\" srcset=\"https:\/\/www.sportshine.eu\/wp-content\/uploads\/2025\/07\/Gaciron-Kiwi-800-2.webp 705w, https:\/\/www.sportshine.eu\/wp-content\/uploads\/2025\/07\/Gaciron-Kiwi-800-2-600x436.webp 600w\" sizes=\"(max-width: 800px) 100vw, 800px\" \/><\/p>\n<h3 style=\"text-align: center;\">IMPERMEABILE SECONDO LO STANDARD IPX6 \u2013 PER TUTTE LE CONDIZIONI ATMOSFERICHE<\/h3>\n<h3 style=\"text-align: center;\"><img decoding=\"async\" class=\"aligncenter wp-image-5139 size-full\" src=\"https:\/\/www.sportshine.eu\/wp-content\/uploads\/2025\/07\/Kiwi-1200-kolesarska-luc.webp\" alt=\"\" width=\"800\" height=\"800\" srcset=\"https:\/\/www.sportshine.eu\/wp-content\/uploads\/2025\/07\/Kiwi-1200-kolesarska-luc.webp 800w, https:\/\/www.sportshine.eu\/wp-content\/uploads\/2025\/07\/Kiwi-1200-kolesarska-luc-768x768.webp 768w, https:\/\/www.sportshine.eu\/wp-content\/uploads\/2025\/07\/Kiwi-1200-kolesarska-luc-600x600.webp 600w\" sizes=\"(max-width: 800px) 100vw, 800px\" \/><\/h3>\n<h3 style=\"text-align: center;\">PRESENTAZIONE VIDEO DELLA LUCE PER BICICLETTE KIWI-1200<\/h3>\n<p><iframe loading=\"lazy\" title=\"Luce per bicicletta Gaciron KIWI-1200\" width=\"500\" height=\"281\" src=\"https:\/\/www.youtube.com\/embed\/1pqa67TCT1k?feature=oembed\" frameborder=\"0\" allow=\"accelerometer; autoplay; clipboard-write; encrypted-media; gyroscope; picture-in-picture; web-share\" referrerpolicy=\"strict-origin-when-cross-origin\" allowfullscreen><\/iframe><\/p>\n<h3 style=\"text-align: center;\">FUNZIONE CARICABATTERIA PER I TUOI DISPOSITIVI<\/h3>\n<p><img decoding=\"async\" class=\"aligncenter wp-image-7689 size-full\" src=\"https:\/\/www.sportshine.eu\/wp-content\/uploads\/2025\/07\/Gaciron-KIWI-1200-2.webp\" alt=\"\" width=\"800\" height=\"600\" srcset=\"https:\/\/www.sportshine.eu\/wp-content\/uploads\/2025\/07\/Gaciron-KIWI-1200-2.webp 800w, https:\/\/www.sportshine.eu\/wp-content\/uploads\/2025\/07\/Gaciron-KIWI-1200-2-768x576.webp 768w, https:\/\/www.sportshine.eu\/wp-content\/uploads\/2025\/07\/Gaciron-KIWI-1200-2-600x450.webp 600w\" sizes=\"(max-width: 800px) 100vw, 800px\" \/><\/p>\n<h3 style=\"text-align: center;\">ALLOGGIAMENTO COMPATTO TUTTO IN ALLUMINIO<\/h3>\n<p><img decoding=\"async\" class=\"aligncenter wp-image-7690 size-full\" src=\"https:\/\/www.sportshine.eu\/wp-content\/uploads\/2025\/07\/Gaciron-KIWI-1200-3.webp\" alt=\"\" width=\"800\" height=\"600\" srcset=\"https:\/\/www.sportshine.eu\/wp-content\/uploads\/2025\/07\/Gaciron-KIWI-1200-3.webp 800w, https:\/\/www.sportshine.eu\/wp-content\/uploads\/2025\/07\/Gaciron-KIWI-1200-3-768x576.webp 768w, https:\/\/www.sportshine.eu\/wp-content\/uploads\/2025\/07\/Gaciron-KIWI-1200-3-600x450.webp 600w\" sizes=\"(max-width: 800px) 100vw, 800px\" \/><\/p>\n<h3 style=\"text-align: center;\">RICEVERAI NEL PACCO<\/h3>\n<p><img decoding=\"async\" class=\"aligncenter wp-image-7691\" src=\"https:\/\/www.sportshine.eu\/wp-content\/uploads\/2025\/07\/Gaciron-KIWI-1200-4.webp\" alt=\"\" width=\"800\" height=\"800\" srcset=\"https:\/\/www.sportshine.eu\/wp-content\/uploads\/2025\/07\/Gaciron-KIWI-1200-4-768x768.webp 768w, https:\/\/www.sportshine.eu\/wp-content\/uploads\/2025\/07\/Gaciron-KIWI-1200-4-600x600.webp 600w\" sizes=\"(max-width: 800px) 100vw, 800px\" \/><\/p>\n<h3 style=\"text-align: center;\">100 LUMEN DI LUMINOSIT\u00c0 CON SENSORE FRENO INTEGRATO E ATTACCO DI MONTAGGIO MAGNETICO<\/h3>\n<p><img decoding=\"async\" class=\"aligncenter wp-image-7702 size-full\" src=\"https:\/\/www.sportshine.eu\/wp-content\/uploads\/2025\/07\/Gaciron-carbon.jpg\" alt=\"\" width=\"800\" height=\"800\" srcset=\"https:\/\/www.sportshine.eu\/wp-content\/uploads\/2025\/07\/Gaciron-carbon.jpg 800w, https:\/\/www.sportshine.eu\/wp-content\/uploads\/2025\/07\/Gaciron-carbon-768x768.jpg 768w, https:\/\/www.sportshine.eu\/wp-content\/uploads\/2025\/07\/Gaciron-carbon-600x600.jpg 600w\" sizes=\"(max-width: 800px) 100vw, 800px\" \/><\/p>\n<h3 style=\"text-align: center;\">IL SENSORE DI FRENATA FUNZIONA CON UNA PRECISIONE INCREDIBILE<\/h3>\n<p style=\"text-align: center;\">Quando la luce rileva una frenata, una spia luminosa con una luminosit\u00e0 di 100 lumen si accende per 3 secondi. Sul pulsante di accensione, una pressione prolungata per 3 secondi attiva o disattiva la funzione di frenata.<\/p>\n<p><img decoding=\"async\" class=\"aligncenter wp-image-7585 size-full\" src=\"https:\/\/www.sportshine.eu\/wp-content\/uploads\/2025\/07\/Gaciron-W15A-100-1.webp\" alt=\"\" width=\"800\" height=\"600\" srcset=\"https:\/\/www.sportshine.eu\/wp-content\/uploads\/2025\/07\/Gaciron-W15A-100-1.webp 800w, https:\/\/www.sportshine.eu\/wp-content\/uploads\/2025\/07\/Gaciron-W15A-100-1-768x576.webp 768w, https:\/\/www.sportshine.eu\/wp-content\/uploads\/2025\/07\/Gaciron-W15A-100-1-600x450.webp 600w\" sizes=\"(max-width: 800px) 100vw, 800px\" \/><\/p>\n<h3 style=\"text-align: center;\">PRESENTAZIONE VIDEO DELLA LUCE PER BICICLETTE GACIRON W15A-100<\/h3>\n<p><iframe loading=\"lazy\" title=\"GACIRON W15A-100\" width=\"500\" height=\"281\" src=\"https:\/\/www.youtube.com\/embed\/YEcB6oaU11Y?feature=oembed\" frameborder=\"0\" allow=\"accelerometer; autoplay; clipboard-write; encrypted-media; gyroscope; picture-in-picture; web-share\" referrerpolicy=\"strict-origin-when-cross-origin\" allowfullscreen><\/iframe><\/p>\n<h3 style=\"text-align: center;\">REALIZZATO IN FIBRA DI CARBONIO<\/h3>\n<p style=\"text-align: center;\">Il supporto magnetico rende l&#039;installazione e la rimozione della luce posteriore molto rapide. Il supporto magnetico blocca la luce sulla staffa e garantisce una tenuta sicura e stabile. La luce per bici \u00e8 realizzata in fibra di carbonio.<\/p>\n<p><img decoding=\"async\" class=\"aligncenter wp-image-5146 size-full\" src=\"https:\/\/www.sportshine.eu\/wp-content\/uploads\/2025\/07\/zadnja-luc-za-kolo-karbon.webp\" alt=\"\" width=\"800\" height=\"800\" srcset=\"https:\/\/www.sportshine.eu\/wp-content\/uploads\/2025\/07\/zadnja-luc-za-kolo-karbon.webp 800w, https:\/\/www.sportshine.eu\/wp-content\/uploads\/2025\/07\/zadnja-luc-za-kolo-karbon-768x768.webp 768w, https:\/\/www.sportshine.eu\/wp-content\/uploads\/2025\/07\/zadnja-luc-za-kolo-karbon-600x600.webp 600w\" sizes=\"(max-width: 800px) 100vw, 800px\" \/><\/p>\n<h3 style=\"text-align: center;\">RICARICA DELLA LUCE POSTERIORE DELLA BICICLETTA<\/h3>\n<p style=\"text-align: center;\">Una luce rossa lampeggiante indica che la lampada \u00e8 ancora in carica, mentre una luce blu fissa indica che la luce della bicicletta \u00e8 carica e pronta all&#039;uso.<\/p>\n<p><img decoding=\"async\" class=\"aligncenter wp-image-7592 size-full\" src=\"https:\/\/www.sportshine.eu\/wp-content\/uploads\/2025\/07\/Gaciron-W15A-100-7.webp\" alt=\"Gaciron W15A-100\" width=\"800\" height=\"600\" srcset=\"https:\/\/www.sportshine.eu\/wp-content\/uploads\/2025\/07\/Gaciron-W15A-100-7.webp 800w, https:\/\/www.sportshine.eu\/wp-content\/uploads\/2025\/07\/Gaciron-W15A-100-7-768x576.webp 768w, https:\/\/www.sportshine.eu\/wp-content\/uploads\/2025\/07\/Gaciron-W15A-100-7-600x450.webp 600w\" sizes=\"(max-width: 800px) 100vw, 800px\" \/><\/p>\n<h3 style=\"text-align: center;\">IMMAGINI DAL VIVO<\/h3>\n<p><img decoding=\"async\" class=\"aligncenter wp-image-7594\" src=\"https:\/\/www.sportshine.eu\/wp-content\/uploads\/2025\/07\/Gaciron-W15A-100-9.webp\" alt=\"\" width=\"800\" height=\"1418\" srcset=\"https:\/\/www.sportshine.eu\/wp-content\/uploads\/2025\/07\/Gaciron-W15A-100-9.webp 750w, https:\/\/www.sportshine.eu\/wp-content\/uploads\/2025\/07\/Gaciron-W15A-100-9-600x1063.webp 600w\" sizes=\"(max-width: 800px) 100vw, 800px\" \/><\/p>","protected":false},"excerpt":{"rendered":"<p>Pedala con stile con il nostro pacchetto ROAD PLUS. Lo abbiamo creato appositamente per i ciclisti su strada che necessitano di un&#039;illuminazione affidabile. La luce posteriore in carbonio Gaciron W15A-100 \u00e8 composta da <strong>fibra di carbonio<\/strong> e fornisce fino a 100 lumen di luminosit\u00e0.<\/p>\n<p>Gaciron KIWI-1200 \u00e8 una luce anteriore per bicicletta eccezionale, realizzata interamente in alluminio. Puoi usarla come batteria portatile e ricaricare il tuo telefono. Si ricarica tramite porta USB-C. La confezione include un adattatore per il montaggio sotto il tachimetro Garmin e uno strumento per installarla, in modo da poter monitorare l&#039;indicatore di batteria.<\/p>\n<p>Condividiamo il nostro entusiasmo anche con il rinomato portale dedicato al ciclismo Road.cc, che ha assegnato alla luce un&#039;eccellente valutazione.<\/p>","protected":false},"featured_media":5105,"comment_status":"open","ping_status":"closed","template":"","meta":[],"product_brand":[132],"product_cat":[93],"product_tag":[],"class_list":{"0":"post-6322","1":"product","2":"type-product","3":"status-publish","4":"has-post-thumbnail","6":"product_brand-gaciron","7":"product_cat-kolesarske-svetilke-paketi","9":"first","10":"instock","11":"sale","12":"taxable","13":"shipping-taxable","14":"purchasable","15":"product-type-simple"},"yoast_head":"<!-- This site is optimized with the Yoast SEO plugin v27.3 - https:\/\/yoast.com\/product\/yoast-seo-wordpress\/ -->\n<title>Set kolesarskih lu\u010di ROAD PLUS<\/title>\n<meta name=\"description\" content=\"Set kolesarskih lu\u010di Gaciron - ROAD PLUS za bolj\u0161o varnost in vidnost na cesti. Izjemna svetlost, pametne funkcije, zadnja lu\u010d iz karbonskih vlaken.\" \/>\n<meta name=\"robots\" content=\"index, follow, max-snippet:-1, max-image-preview:large, max-video-preview:-1\" \/>\n<link rel=\"canonical\" href=\"https:\/\/www.sportshine.eu\/it\/negozio\/set-di-luci-per-bicicletta-gaciron-road-plus\/\" \/>\n<meta property=\"og:locale\" content=\"it_IT\" \/>\n<meta property=\"og:type\" content=\"article\" \/>\n<meta property=\"og:title\" content=\"Set kolesarskih lu\u010di ROAD PLUS\" \/>\n<meta property=\"og:description\" content=\"Set kolesarskih lu\u010di Gaciron - ROAD PLUS za bolj\u0161o varnost in vidnost na cesti. Izjemna svetlost, pametne funkcije, zadnja lu\u010d iz karbonskih vlaken.\" \/>\n<meta property=\"og:url\" content=\"https:\/\/www.sportshine.eu\/it\/negozio\/set-di-luci-per-bicicletta-gaciron-road-plus\/\" \/>\n<meta property=\"og:site_name\" content=\"Sportshine\" \/>\n<meta property=\"article:publisher\" content=\"https:\/\/www.facebook.com\/sportshine.eu\/\" \/>\n<meta property=\"article:modified_time\" content=\"2026-01-30T19:23:19+00:00\" \/>\n<meta property=\"og:image\" content=\"https:\/\/www.sportshine.eu\/wp-content\/uploads\/2025\/07\/Paket-kolesar.webp\" \/>\n\t<meta property=\"og:image:width\" content=\"800\" \/>\n\t<meta property=\"og:image:height\" content=\"800\" \/>\n\t<meta property=\"og:image:type\" content=\"image\/webp\" \/>\n<meta name=\"twitter:card\" content=\"summary_large_image\" \/>\n<meta name=\"twitter:label1\" content=\"Tempo di lettura stimato\" \/>\n\t<meta name=\"twitter:data1\" content=\"5 minuti\" \/>\n<script type=\"application\/ld+json\" class=\"yoast-schema-graph\">{\"@context\":\"https:\\\/\\\/schema.org\",\"@graph\":[{\"@type\":\"WebPage\",\"@id\":\"https:\\\/\\\/www.sportshine.eu\\\/trgovina\\\/set-kolesarskih-luci-gaciron-road-plus\\\/\",\"url\":\"https:\\\/\\\/www.sportshine.eu\\\/trgovina\\\/set-kolesarskih-luci-gaciron-road-plus\\\/\",\"name\":\"Set kolesarskih lu\u010di ROAD PLUS\",\"isPartOf\":{\"@id\":\"https:\\\/\\\/www.sportshine.eu\\\/#website\"},\"primaryImageOfPage\":{\"@id\":\"https:\\\/\\\/www.sportshine.eu\\\/trgovina\\\/set-kolesarskih-luci-gaciron-road-plus\\\/#primaryimage\"},\"image\":{\"@id\":\"https:\\\/\\\/www.sportshine.eu\\\/trgovina\\\/set-kolesarskih-luci-gaciron-road-plus\\\/#primaryimage\"},\"thumbnailUrl\":\"https:\\\/\\\/www.sportshine.eu\\\/wp-content\\\/uploads\\\/2025\\\/07\\\/Paket-kolesar.webp\",\"datePublished\":\"2026-01-30T09:09:15+00:00\",\"dateModified\":\"2026-01-30T19:23:19+00:00\",\"description\":\"Set kolesarskih lu\u010di Gaciron - ROAD PLUS za bolj\u0161o varnost in vidnost na cesti. Izjemna svetlost, pametne funkcije, zadnja lu\u010d iz karbonskih vlaken.\",\"breadcrumb\":{\"@id\":\"https:\\\/\\\/www.sportshine.eu\\\/trgovina\\\/set-kolesarskih-luci-gaciron-road-plus\\\/#breadcrumb\"},\"inLanguage\":\"it-IT\",\"potentialAction\":[{\"@type\":\"ReadAction\",\"target\":[\"https:\\\/\\\/www.sportshine.eu\\\/trgovina\\\/set-kolesarskih-luci-gaciron-road-plus\\\/\"]}]},{\"@type\":\"ImageObject\",\"inLanguage\":\"it-IT\",\"@id\":\"https:\\\/\\\/www.sportshine.eu\\\/trgovina\\\/set-kolesarskih-luci-gaciron-road-plus\\\/#primaryimage\",\"url\":\"https:\\\/\\\/www.sportshine.eu\\\/wp-content\\\/uploads\\\/2025\\\/07\\\/Paket-kolesar.webp\",\"contentUrl\":\"https:\\\/\\\/www.sportshine.eu\\\/wp-content\\\/uploads\\\/2025\\\/07\\\/Paket-kolesar.webp\",\"width\":800,\"height\":800},{\"@type\":\"BreadcrumbList\",\"@id\":\"https:\\\/\\\/www.sportshine.eu\\\/trgovina\\\/set-kolesarskih-luci-gaciron-road-plus\\\/#breadcrumb\",\"itemListElement\":[{\"@type\":\"ListItem\",\"position\":1,\"name\":\"Home\",\"item\":\"https:\\\/\\\/www.sportshine.eu\\\/\"},{\"@type\":\"ListItem\",\"position\":2,\"name\":\"Trgovina\",\"item\":\"https:\\\/\\\/www.sportshine.eu\\\/trgovina\\\/\"},{\"@type\":\"ListItem\",\"position\":3,\"name\":\"Set kolesarskih lu\u010di Gaciron &#8211; ROAD PLUS\"}]},{\"@type\":\"WebSite\",\"@id\":\"https:\\\/\\\/www.sportshine.eu\\\/#website\",\"url\":\"https:\\\/\\\/www.sportshine.eu\\\/\",\"name\":\"Sportshine\",\"description\":\"Top spletna trgovina kolesarskih in naglavnih svetilk ter opreme\",\"publisher\":{\"@id\":\"https:\\\/\\\/www.sportshine.eu\\\/#organization\"},\"potentialAction\":[{\"@type\":\"SearchAction\",\"target\":{\"@type\":\"EntryPoint\",\"urlTemplate\":\"https:\\\/\\\/www.sportshine.eu\\\/?s={search_term_string}\"},\"query-input\":{\"@type\":\"PropertyValueSpecification\",\"valueRequired\":true,\"valueName\":\"search_term_string\"}}],\"inLanguage\":\"it-IT\"},{\"@type\":\"Organization\",\"@id\":\"https:\\\/\\\/www.sportshine.eu\\\/#organization\",\"name\":\"Sportshine\",\"url\":\"https:\\\/\\\/www.sportshine.eu\\\/\",\"logo\":{\"@type\":\"ImageObject\",\"inLanguage\":\"it-IT\",\"@id\":\"https:\\\/\\\/www.sportshine.eu\\\/#\\\/schema\\\/logo\\\/image\\\/\",\"url\":\"https:\\\/\\\/www.sportshine.eu\\\/wp-content\\\/uploads\\\/2026\\\/01\\\/cropped-Sportshine.webp\",\"contentUrl\":\"https:\\\/\\\/www.sportshine.eu\\\/wp-content\\\/uploads\\\/2026\\\/01\\\/cropped-Sportshine.webp\",\"width\":295,\"height\":128,\"caption\":\"Sportshine\"},\"image\":{\"@id\":\"https:\\\/\\\/www.sportshine.eu\\\/#\\\/schema\\\/logo\\\/image\\\/\"},\"sameAs\":[\"https:\\\/\\\/www.facebook.com\\\/sportshine.eu\\\/\"]}]}<\/script>\n<!-- \/ Yoast SEO plugin. -->","yoast_head_json":{"title":"Set di luci per bicicletta ROAD PLUS","description":"Gaciron - Set di luci per bicicletta ROAD PLUS per maggiore sicurezza e visibilit\u00e0 su strada. Luminosit\u00e0 eccezionale, funzioni intelligenti, luce posteriore in fibra di carbonio.","robots":{"index":"index","follow":"follow","max-snippet":"max-snippet:-1","max-image-preview":"max-image-preview:large","max-video-preview":"max-video-preview:-1"},"canonical":"https:\/\/www.sportshine.eu\/it\/negozio\/set-di-luci-per-bicicletta-gaciron-road-plus\/","og_locale":"it_IT","og_type":"article","og_title":"Set kolesarskih lu\u010di ROAD PLUS","og_description":"Set kolesarskih lu\u010di Gaciron - ROAD PLUS za bolj\u0161o varnost in vidnost na cesti. Izjemna svetlost, pametne funkcije, zadnja lu\u010d iz karbonskih vlaken.","og_url":"https:\/\/www.sportshine.eu\/it\/negozio\/set-di-luci-per-bicicletta-gaciron-road-plus\/","og_site_name":"Sportshine","article_publisher":"https:\/\/www.facebook.com\/sportshine.eu\/","article_modified_time":"2026-01-30T19:23:19+00:00","og_image":[{"width":800,"height":800,"url":"https:\/\/www.sportshine.eu\/wp-content\/uploads\/2025\/07\/Paket-kolesar.webp","type":"image\/webp"}],"twitter_card":"summary_large_image","twitter_misc":{"Tempo di lettura stimato":"5 minuti"},"schema":{"@context":"https:\/\/schema.org","@graph":[{"@type":"WebPage","@id":"https:\/\/www.sportshine.eu\/trgovina\/set-kolesarskih-luci-gaciron-road-plus\/","url":"https:\/\/www.sportshine.eu\/trgovina\/set-kolesarskih-luci-gaciron-road-plus\/","name":"Set di luci per bicicletta ROAD PLUS","isPartOf":{"@id":"https:\/\/www.sportshine.eu\/#website"},"primaryImageOfPage":{"@id":"https:\/\/www.sportshine.eu\/trgovina\/set-kolesarskih-luci-gaciron-road-plus\/#primaryimage"},"image":{"@id":"https:\/\/www.sportshine.eu\/trgovina\/set-kolesarskih-luci-gaciron-road-plus\/#primaryimage"},"thumbnailUrl":"https:\/\/www.sportshine.eu\/wp-content\/uploads\/2025\/07\/Paket-kolesar.webp","datePublished":"2026-01-30T09:09:15+00:00","dateModified":"2026-01-30T19:23:19+00:00","description":"Gaciron - Set di luci per bicicletta ROAD PLUS per maggiore sicurezza e visibilit\u00e0 su strada. Luminosit\u00e0 eccezionale, funzioni intelligenti, luce posteriore in fibra di carbonio.","breadcrumb":{"@id":"https:\/\/www.sportshine.eu\/trgovina\/set-kolesarskih-luci-gaciron-road-plus\/#breadcrumb"},"inLanguage":"it-IT","potentialAction":[{"@type":"ReadAction","target":["https:\/\/www.sportshine.eu\/trgovina\/set-kolesarskih-luci-gaciron-road-plus\/"]}]},{"@type":"ImageObject","inLanguage":"it-IT","@id":"https:\/\/www.sportshine.eu\/trgovina\/set-kolesarskih-luci-gaciron-road-plus\/#primaryimage","url":"https:\/\/www.sportshine.eu\/wp-content\/uploads\/2025\/07\/Paket-kolesar.webp","contentUrl":"https:\/\/www.sportshine.eu\/wp-content\/uploads\/2025\/07\/Paket-kolesar.webp","width":800,"height":800},{"@type":"BreadcrumbList","@id":"https:\/\/www.sportshine.eu\/trgovina\/set-kolesarskih-luci-gaciron-road-plus\/#breadcrumb","itemListElement":[{"@type":"ListItem","position":1,"name":"Home","item":"https:\/\/www.sportshine.eu\/"},{"@type":"ListItem","position":2,"name":"Trgovina","item":"https:\/\/www.sportshine.eu\/trgovina\/"},{"@type":"ListItem","position":3,"name":"Set kolesarskih lu\u010di Gaciron &#8211; ROAD PLUS"}]},{"@type":"WebSite","@id":"https:\/\/www.sportshine.eu\/#website","url":"https:\/\/www.sportshine.eu\/","name":"Sportshine","description":"Il miglior negozio online per ciclismo, lampade frontali e attrezzature","publisher":{"@id":"https:\/\/www.sportshine.eu\/#organization"},"potentialAction":[{"@type":"SearchAction","target":{"@type":"EntryPoint","urlTemplate":"https:\/\/www.sportshine.eu\/?s={search_term_string}"},"query-input":{"@type":"PropertyValueSpecification","valueRequired":true,"valueName":"search_term_string"}}],"inLanguage":"it-IT"},{"@type":"Organization","@id":"https:\/\/www.sportshine.eu\/#organization","name":"Sportshine","url":"https:\/\/www.sportshine.eu\/","logo":{"@type":"ImageObject","inLanguage":"it-IT","@id":"https:\/\/www.sportshine.eu\/#\/schema\/logo\/image\/","url":"https:\/\/www.sportshine.eu\/wp-content\/uploads\/2026\/01\/cropped-Sportshine.webp","contentUrl":"https:\/\/www.sportshine.eu\/wp-content\/uploads\/2026\/01\/cropped-Sportshine.webp","width":295,"height":128,"caption":"Sportshine"},"image":{"@id":"https:\/\/www.sportshine.eu\/#\/schema\/logo\/image\/"},"sameAs":["https:\/\/www.facebook.com\/sportshine.eu\/"]}]}},"_links":{"self":[{"href":"https:\/\/www.sportshine.eu\/it\/wp-json\/wp\/v2\/product\/6322","targetHints":{"allow":["GET"]}}],"collection":[{"href":"https:\/\/www.sportshine.eu\/it\/wp-json\/wp\/v2\/product"}],"about":[{"href":"https:\/\/www.sportshine.eu\/it\/wp-json\/wp\/v2\/types\/product"}],"replies":[{"embeddable":true,"href":"https:\/\/www.sportshine.eu\/it\/wp-json\/wp\/v2\/comments?post=6322"}],"version-history":[{"count":0,"href":"https:\/\/www.sportshine.eu\/it\/wp-json\/wp\/v2\/product\/6322\/revisions"}],"wp:featuredmedia":[{"embeddable":true,"href":"https:\/\/www.sportshine.eu\/it\/wp-json\/wp\/v2\/media\/5105"}],"wp:attachment":[{"href":"https:\/\/www.sportshine.eu\/it\/wp-json\/wp\/v2\/media?parent=6322"}],"wp:term":[{"taxonomy":"product_brand","embeddable":true,"href":"https:\/\/www.sportshine.eu\/it\/wp-json\/wp\/v2\/product_brand?post=6322"},{"taxonomy":"product_cat","embeddable":true,"href":"https:\/\/www.sportshine.eu\/it\/wp-json\/wp\/v2\/product_cat?post=6322"},{"taxonomy":"product_tag","embeddable":true,"href":"https:\/\/www.sportshine.eu\/it\/wp-json\/wp\/v2\/product_tag?post=6322"}],"curies":[{"name":"parola chiave","href":"https:\/\/api.w.org\/{rel}","templated":true}]}}