{"id":10419,"date":"2026-04-25T10:46:42","date_gmt":"2026-04-25T10:46:42","guid":{"rendered":"https:\/\/www.sportshine.eu\/"},"modified":"2026-04-25T11:06:05","modified_gmt":"2026-04-25T11:06:05","slug":"magicshine-mj-6538-nosilec","status":"publish","type":"product","link":"https:\/\/www.sportshine.eu\/it\/negozio\/magicshine-mj-6538-nosilec\/","title":{"rendered":"Magicshine MJ-6538 nosilec"},"content":{"rendered":"<h3 style=\"text-align: center;\" data-path-to-node=\"1\">ZDRU\u017dLJIVOST S KOLESARSKIMI RA\u010cUNALNIKI<\/h3>\n<p style=\"text-align: center;\" data-path-to-node=\"2,0,0\"><b data-path-to-node=\"2,0,0\" data-index-in-node=\"0\">Znamke:<\/b> Garmin\u2122, Wahoo\u2122, Bryton\u2122<\/p>\n<p style=\"text-align: center;\" data-path-to-node=\"2,1,0\"><b data-path-to-node=\"2,1,0\" data-index-in-node=\"0\">Garmin\u2122:<\/b> Edge 1040\/1040 Solar, 1030 Plus, 840\/840 Solar, 830, 540\/540 Solar, 530, 130 Plus, Explore 2<\/p>\n<p style=\"text-align: center;\" data-path-to-node=\"2,2,0\"><b data-path-to-node=\"2,2,0\" data-index-in-node=\"0\">Wahoo\u2122:<\/b> Elemnt Roam v2, Elemnt Roam v1, Elemnt Bolt v2<\/p>\n<p style=\"text-align: center;\" data-path-to-node=\"2,3,0\"><b data-path-to-node=\"2,3,0\" data-index-in-node=\"0\">Bryton\u2122:<\/b> Rider 750, 530, 420, 410, 330, 310, Rider one<\/p>\n<h3 style=\"text-align: center;\" data-path-to-node=\"3\">ZDRU\u017dLJIVOST Z DODATNO OPREMO<\/h3>\n<p style=\"text-align: center;\" data-path-to-node=\"4,0,0\"><b data-path-to-node=\"4,0,0\" data-index-in-node=\"0\">Kamere:<\/b> Serija GoPro\u2122 Hero, DJI\u2122 Action, insta360\u2122 ONE itd.<\/p>\n<p style=\"text-align: center;\" data-path-to-node=\"4,1,0\"><b data-path-to-node=\"4,1,0\" data-index-in-node=\"0\">Kolesarske lu\u010di:<\/b><\/p>\n<p style=\"text-align: center;\" data-path-to-node=\"4,1,1,0,0\"><b data-path-to-node=\"4,1,1,0,0\" data-index-in-node=\"0\">Serija EVO:<\/b> EVO 1300, EVO 1700<\/p>\n<p style=\"text-align: center;\" data-path-to-node=\"4,1,1,1,0\"><b data-path-to-node=\"4,1,1,1,0\" data-index-in-node=\"0\">Serija ALLTY:<\/b> 400, 600, 800, 1000, 1500S, 2000<\/p>\n<p style=\"text-align: center;\" data-path-to-node=\"4,1,1,2,0\"><b data-path-to-node=\"4,1,1,2,0\" data-index-in-node=\"0\">Serija RN:<\/b> 1200, 1500, 3000<\/p>\n<p style=\"text-align: center;\" data-path-to-node=\"4,1,1,3,0\"><b data-path-to-node=\"4,1,1,3,0\" data-index-in-node=\"0\">Serija RAY:<\/b> 800, 1100, 1600, 1600B, 2100, 2600, 2600B<\/p>\n<p style=\"text-align: center;\" data-path-to-node=\"4,1,1,4,0\"><b data-path-to-node=\"4,1,1,4,0\" data-index-in-node=\"0\">Serija MJ:<\/b> MJ-900S, MJ-902S, MJ-906S<\/p>\n<p style=\"text-align: center;\" data-path-to-node=\"4,1,1,5,0\"><b data-path-to-node=\"4,1,1,5,0\" data-index-in-node=\"0\">Serija MONTEER:<\/b> 3500S, 5000S, 6500S, 8000S<\/p>\n<p style=\"text-align: center;\"><strong>Serija HORI:\u00a0\u00a0<\/strong>Hori 900, Hori 1300<\/p>\n<p>&nbsp;<\/p>\n<h3 style=\"text-align: center;\">RICEVERAI NEL PACCO<\/h3>\n<p style=\"text-align: center;\" data-path-to-node=\"2,0,0\"><b data-path-to-node=\"2,0,0\" data-index-in-node=\"0\">Nosilec za krmilo (out-front):<\/b> 1x<\/p>\n<p style=\"text-align: center;\" data-path-to-node=\"2,1,0\"><b data-path-to-node=\"2,1,0\" data-index-in-node=\"0\">Nastavek za Garmin:<\/b> 1x<\/p>\n<p style=\"text-align: center;\" data-path-to-node=\"2,2,0\"><b data-path-to-node=\"2,2,0\" data-index-in-node=\"0\">Nastavek za Wahoo:<\/b> 1x<\/p>\n<p style=\"text-align: center;\" data-path-to-node=\"2,3,0\"><b data-path-to-node=\"2,3,0\" data-index-in-node=\"0\">Nastavek za Bryton:<\/b> 1x<\/p>\n<p style=\"text-align: center;\" data-path-to-node=\"2,4,0\"><b data-path-to-node=\"2,4,0\" data-index-in-node=\"0\">Dr\u017ealo za telefon:<\/b> 1x<\/p>\n<p style=\"text-align: center;\" data-path-to-node=\"2,5,0\"><b data-path-to-node=\"2,5,0\" data-index-in-node=\"0\">GoPro adapter:<\/b> 1x<\/p>\n<p style=\"text-align: center;\" data-path-to-node=\"2,6,0\"><b data-path-to-node=\"2,6,0\" data-index-in-node=\"0\">Vijaki:<\/b> 6x<\/p>\n<p style=\"text-align: center;\" data-path-to-node=\"2,7,0\"><b data-path-to-node=\"2,7,0\" data-index-in-node=\"0\">Najlonska podlo\u017eka (28 mm):<\/b> 1x<\/p>\n<p style=\"text-align: center;\" data-path-to-node=\"2,8,0\"><b data-path-to-node=\"2,8,0\" data-index-in-node=\"0\">Najlonska podlo\u017eka (32 mm):<\/b> 1x<\/p>\n<p style=\"text-align: center;\" data-path-to-node=\"2,9,0\"><b data-path-to-node=\"2,9,0\" data-index-in-node=\"0\">Najlonska podlo\u017eka (35 mm):<\/b> 1x<\/p>\n<p style=\"text-align: center;\" data-path-to-node=\"2,10,0\"><b data-path-to-node=\"2,10,0\" data-index-in-node=\"0\">Imbus klju\u010d (2 mm):<\/b> 1x<\/p>\n<p style=\"text-align: center;\" data-path-to-node=\"2,11,0\"><b data-path-to-node=\"2,11,0\" data-index-in-node=\"0\">Imbus klju\u010d (3 mm):<\/b> 1x<\/p>\n<p style=\"text-align: center;\" data-path-to-node=\"2,12,0\"><b data-path-to-node=\"2,12,0\" data-index-in-node=\"0\">Imbus klju\u010d (4 mm):<\/b> 1x<\/p>\n<p style=\"text-align: center;\"><img decoding=\"async\" class=\"aligncenter wp-image-10426 size-full\" src=\"https:\/\/www.sportshine.eu\/wp-content\/uploads\/2026\/04\/Magicshine-nosilec.webp\" alt=\"Magicshine nosilec\" width=\"600\" height=\"450\" \/><\/p>","protected":false},"excerpt":{"rendered":"<p data-path-to-node=\"5\"><b>Magicshine MJ-6538 <\/b>je vsestranski kolesarski nosilec, zasnovan za maksimalno funkcionalnost in \u010dist videz va\u0161ega kolesa.<\/p>\n<ul data-path-to-node=\"6\">\n<li>\n<p data-path-to-node=\"6,0,0\"><b data-path-to-node=\"6,0,0\" data-index-in-node=\"0\">Dvojna zmogljivost:<\/b> Omogo\u010da hkratno namestitev dveh naprav (npr. \u0161tevec zgoraj in lu\u010d ali kamera spodaj).<\/p>\n<\/li>\n<li>\n<p data-path-to-node=\"6,1,0\"><b data-path-to-node=\"6,1,0\" data-index-in-node=\"0\">Bogata oprema:<\/b> Vklju\u010duje nastavke za najbolj priljubljene \u0161tevce, dr\u017ealo za pametni telefon in GoPro adapter.<\/p>\n<\/li>\n<li>\n<p data-path-to-node=\"6,2,0\"><b data-path-to-node=\"6,2,0\" data-index-in-node=\"0\">Urejenost:<\/b> Pametna zasnova sprosti prostor na krmilu .<\/p>\n<\/li>\n<li>\n<p data-path-to-node=\"6,3,0\"><b data-path-to-node=\"6,3,0\" data-index-in-node=\"0\">Vsestranskost:<\/b> Idealen spremljevalec tako za resne cestne kolesarje kot za vsakodnevne mestne voznike.<\/p>\n<\/li>\n<\/ul>","protected":false},"featured_media":10420,"comment_status":"open","ping_status":"closed","template":"","meta":[],"product_brand":[131],"product_cat":[87],"product_tag":[],"class_list":{"0":"post-10419","1":"product","2":"type-product","3":"status-publish","4":"has-post-thumbnail","6":"product_brand-magicshine","7":"product_cat-kolesarski-nosilci","9":"first","10":"instock","11":"taxable","12":"shipping-taxable","13":"purchasable","14":"product-type-simple"},"yoast_head":"<!-- This site is optimized with the Yoast SEO plugin v27.4 - https:\/\/yoast.com\/product\/yoast-seo-wordpress\/ -->\n<title>Magicshine MJ-6538 nosilec<\/title>\n<meta name=\"robots\" content=\"index, follow, max-snippet:-1, max-image-preview:large, max-video-preview:-1\" \/>\n<link rel=\"canonical\" href=\"https:\/\/www.sportshine.eu\/it\/negozio\/magicshine-mj-6538-nosilec\/\" \/>\n<meta property=\"og:locale\" content=\"it_IT\" \/>\n<meta property=\"og:type\" content=\"article\" \/>\n<meta property=\"og:title\" content=\"Magicshine MJ-6538 nosilec\" \/>\n<meta property=\"og:description\" content=\"Magicshine MJ-6538 je vsestranski kolesarski nosilec, zasnovan za maksimalno funkcionalnost in \u010dist videz va\u0161ega kolesa.     Dvojna zmogljivost: Omogo\u010da hkratno namestitev dveh naprav (npr. \u0161tevec zgoraj in lu\u010d ali kamera spodaj).    Bogata oprema: Vklju\u010duje nastavke za najbolj priljubljene \u0161tevce, dr\u017ealo za pametni telefon in GoPro adapter.    Urejenost: Pametna zasnova sprosti prostor na krmilu .    Vsestranskost: Idealen spremljevalec tako za resne cestne kolesarje kot za vsakodnevne mestne voznike.\" \/>\n<meta property=\"og:url\" content=\"https:\/\/www.sportshine.eu\/it\/negozio\/magicshine-mj-6538-nosilec\/\" \/>\n<meta property=\"og:site_name\" content=\"Sportshine\" \/>\n<meta property=\"article:publisher\" content=\"https:\/\/www.facebook.com\/sportshine.eu\/\" \/>\n<meta property=\"article:modified_time\" content=\"2026-04-25T11:06:05+00:00\" \/>\n<meta property=\"og:image\" content=\"https:\/\/www.sportshine.eu\/wp-content\/uploads\/2026\/04\/MJ-6538.webp\" \/>\n\t<meta property=\"og:image:width\" content=\"800\" \/>\n\t<meta property=\"og:image:height\" content=\"800\" \/>\n\t<meta property=\"og:image:type\" content=\"image\/webp\" \/>\n<meta name=\"twitter:card\" content=\"summary_large_image\" \/>\n<meta name=\"twitter:label1\" content=\"Tempo di lettura stimato\" \/>\n\t<meta name=\"twitter:data1\" content=\"2 minuti\" \/>\n<script type=\"application\/ld+json\" class=\"yoast-schema-graph\">{\"@context\":\"https:\\\/\\\/schema.org\",\"@graph\":[{\"@type\":\"WebPage\",\"@id\":\"https:\\\/\\\/www.sportshine.eu\\\/trgovina\\\/magicshine-mj-6538-nosilec\\\/\",\"url\":\"https:\\\/\\\/www.sportshine.eu\\\/trgovina\\\/magicshine-mj-6538-nosilec\\\/\",\"name\":\"Magicshine MJ-6538 nosilec\",\"isPartOf\":{\"@id\":\"https:\\\/\\\/www.sportshine.eu\\\/#website\"},\"primaryImageOfPage\":{\"@id\":\"https:\\\/\\\/www.sportshine.eu\\\/trgovina\\\/magicshine-mj-6538-nosilec\\\/#primaryimage\"},\"image\":{\"@id\":\"https:\\\/\\\/www.sportshine.eu\\\/trgovina\\\/magicshine-mj-6538-nosilec\\\/#primaryimage\"},\"thumbnailUrl\":\"https:\\\/\\\/www.sportshine.eu\\\/wp-content\\\/uploads\\\/2026\\\/04\\\/MJ-6538.webp\",\"datePublished\":\"2026-04-25T10:46:42+00:00\",\"dateModified\":\"2026-04-25T11:06:05+00:00\",\"breadcrumb\":{\"@id\":\"https:\\\/\\\/www.sportshine.eu\\\/trgovina\\\/magicshine-mj-6538-nosilec\\\/#breadcrumb\"},\"inLanguage\":\"it-IT\",\"potentialAction\":[{\"@type\":\"ReadAction\",\"target\":[\"https:\\\/\\\/www.sportshine.eu\\\/trgovina\\\/magicshine-mj-6538-nosilec\\\/\"]}]},{\"@type\":\"ImageObject\",\"inLanguage\":\"it-IT\",\"@id\":\"https:\\\/\\\/www.sportshine.eu\\\/trgovina\\\/magicshine-mj-6538-nosilec\\\/#primaryimage\",\"url\":\"https:\\\/\\\/www.sportshine.eu\\\/wp-content\\\/uploads\\\/2026\\\/04\\\/MJ-6538.webp\",\"contentUrl\":\"https:\\\/\\\/www.sportshine.eu\\\/wp-content\\\/uploads\\\/2026\\\/04\\\/MJ-6538.webp\",\"width\":800,\"height\":800,\"caption\":\"MJ-6538 Magicshine\"},{\"@type\":\"BreadcrumbList\",\"@id\":\"https:\\\/\\\/www.sportshine.eu\\\/trgovina\\\/magicshine-mj-6538-nosilec\\\/#breadcrumb\",\"itemListElement\":[{\"@type\":\"ListItem\",\"position\":1,\"name\":\"Home\",\"item\":\"https:\\\/\\\/www.sportshine.eu\\\/\"},{\"@type\":\"ListItem\",\"position\":2,\"name\":\"Trgovina\",\"item\":\"https:\\\/\\\/www.sportshine.eu\\\/trgovina\\\/\"},{\"@type\":\"ListItem\",\"position\":3,\"name\":\"Magicshine MJ-6538 nosilec\"}]},{\"@type\":\"WebSite\",\"@id\":\"https:\\\/\\\/www.sportshine.eu\\\/#website\",\"url\":\"https:\\\/\\\/www.sportshine.eu\\\/\",\"name\":\"Sportshine\",\"description\":\"Top spletna trgovina kolesarskih in naglavnih svetilk ter opreme\",\"publisher\":{\"@id\":\"https:\\\/\\\/www.sportshine.eu\\\/#organization\"},\"potentialAction\":[{\"@type\":\"SearchAction\",\"target\":{\"@type\":\"EntryPoint\",\"urlTemplate\":\"https:\\\/\\\/www.sportshine.eu\\\/?s={search_term_string}\"},\"query-input\":{\"@type\":\"PropertyValueSpecification\",\"valueRequired\":true,\"valueName\":\"search_term_string\"}}],\"inLanguage\":\"it-IT\"},{\"@type\":\"Organization\",\"@id\":\"https:\\\/\\\/www.sportshine.eu\\\/#organization\",\"name\":\"Sportshine\",\"url\":\"https:\\\/\\\/www.sportshine.eu\\\/\",\"logo\":{\"@type\":\"ImageObject\",\"inLanguage\":\"it-IT\",\"@id\":\"https:\\\/\\\/www.sportshine.eu\\\/#\\\/schema\\\/logo\\\/image\\\/\",\"url\":\"https:\\\/\\\/www.sportshine.eu\\\/wp-content\\\/uploads\\\/2026\\\/01\\\/cropped-Sportshine.webp\",\"contentUrl\":\"https:\\\/\\\/www.sportshine.eu\\\/wp-content\\\/uploads\\\/2026\\\/01\\\/cropped-Sportshine.webp\",\"width\":295,\"height\":128,\"caption\":\"Sportshine\"},\"image\":{\"@id\":\"https:\\\/\\\/www.sportshine.eu\\\/#\\\/schema\\\/logo\\\/image\\\/\"},\"sameAs\":[\"https:\\\/\\\/www.facebook.com\\\/sportshine.eu\\\/\"]}]}<\/script>\n<!-- \/ Yoast SEO plugin. -->","yoast_head_json":{"title":"Magicshine MJ-6538 nosilec","robots":{"index":"index","follow":"follow","max-snippet":"max-snippet:-1","max-image-preview":"max-image-preview:large","max-video-preview":"max-video-preview:-1"},"canonical":"https:\/\/www.sportshine.eu\/it\/negozio\/magicshine-mj-6538-nosilec\/","og_locale":"it_IT","og_type":"article","og_title":"Magicshine MJ-6538 nosilec","og_description":"Magicshine MJ-6538 je vsestranski kolesarski nosilec, zasnovan za maksimalno funkcionalnost in \u010dist videz va\u0161ega kolesa.     Dvojna zmogljivost: Omogo\u010da hkratno namestitev dveh naprav (npr. \u0161tevec zgoraj in lu\u010d ali kamera spodaj).    Bogata oprema: Vklju\u010duje nastavke za najbolj priljubljene \u0161tevce, dr\u017ealo za pametni telefon in GoPro adapter.    Urejenost: Pametna zasnova sprosti prostor na krmilu .    Vsestranskost: Idealen spremljevalec tako za resne cestne kolesarje kot za vsakodnevne mestne voznike.","og_url":"https:\/\/www.sportshine.eu\/it\/negozio\/magicshine-mj-6538-nosilec\/","og_site_name":"Sportshine","article_publisher":"https:\/\/www.facebook.com\/sportshine.eu\/","article_modified_time":"2026-04-25T11:06:05+00:00","og_image":[{"width":800,"height":800,"url":"https:\/\/www.sportshine.eu\/wp-content\/uploads\/2026\/04\/MJ-6538.webp","type":"image\/webp"}],"twitter_card":"summary_large_image","twitter_misc":{"Tempo di lettura stimato":"2 minuti"},"schema":{"@context":"https:\/\/schema.org","@graph":[{"@type":"WebPage","@id":"https:\/\/www.sportshine.eu\/trgovina\/magicshine-mj-6538-nosilec\/","url":"https:\/\/www.sportshine.eu\/trgovina\/magicshine-mj-6538-nosilec\/","name":"Magicshine MJ-6538 nosilec","isPartOf":{"@id":"https:\/\/www.sportshine.eu\/#website"},"primaryImageOfPage":{"@id":"https:\/\/www.sportshine.eu\/trgovina\/magicshine-mj-6538-nosilec\/#primaryimage"},"image":{"@id":"https:\/\/www.sportshine.eu\/trgovina\/magicshine-mj-6538-nosilec\/#primaryimage"},"thumbnailUrl":"https:\/\/www.sportshine.eu\/wp-content\/uploads\/2026\/04\/MJ-6538.webp","datePublished":"2026-04-25T10:46:42+00:00","dateModified":"2026-04-25T11:06:05+00:00","breadcrumb":{"@id":"https:\/\/www.sportshine.eu\/trgovina\/magicshine-mj-6538-nosilec\/#breadcrumb"},"inLanguage":"it-IT","potentialAction":[{"@type":"ReadAction","target":["https:\/\/www.sportshine.eu\/trgovina\/magicshine-mj-6538-nosilec\/"]}]},{"@type":"ImageObject","inLanguage":"it-IT","@id":"https:\/\/www.sportshine.eu\/trgovina\/magicshine-mj-6538-nosilec\/#primaryimage","url":"https:\/\/www.sportshine.eu\/wp-content\/uploads\/2026\/04\/MJ-6538.webp","contentUrl":"https:\/\/www.sportshine.eu\/wp-content\/uploads\/2026\/04\/MJ-6538.webp","width":800,"height":800,"caption":"MJ-6538 Magicshine"},{"@type":"BreadcrumbList","@id":"https:\/\/www.sportshine.eu\/trgovina\/magicshine-mj-6538-nosilec\/#breadcrumb","itemListElement":[{"@type":"ListItem","position":1,"name":"Home","item":"https:\/\/www.sportshine.eu\/"},{"@type":"ListItem","position":2,"name":"Trgovina","item":"https:\/\/www.sportshine.eu\/trgovina\/"},{"@type":"ListItem","position":3,"name":"Magicshine MJ-6538 nosilec"}]},{"@type":"WebSite","@id":"https:\/\/www.sportshine.eu\/#website","url":"https:\/\/www.sportshine.eu\/","name":"Sportshine","description":"Il miglior negozio online per ciclismo, lampade frontali e attrezzature","publisher":{"@id":"https:\/\/www.sportshine.eu\/#organization"},"potentialAction":[{"@type":"SearchAction","target":{"@type":"EntryPoint","urlTemplate":"https:\/\/www.sportshine.eu\/?s={search_term_string}"},"query-input":{"@type":"PropertyValueSpecification","valueRequired":true,"valueName":"search_term_string"}}],"inLanguage":"it-IT"},{"@type":"Organization","@id":"https:\/\/www.sportshine.eu\/#organization","name":"Sportshine","url":"https:\/\/www.sportshine.eu\/","logo":{"@type":"ImageObject","inLanguage":"it-IT","@id":"https:\/\/www.sportshine.eu\/#\/schema\/logo\/image\/","url":"https:\/\/www.sportshine.eu\/wp-content\/uploads\/2026\/01\/cropped-Sportshine.webp","contentUrl":"https:\/\/www.sportshine.eu\/wp-content\/uploads\/2026\/01\/cropped-Sportshine.webp","width":295,"height":128,"caption":"Sportshine"},"image":{"@id":"https:\/\/www.sportshine.eu\/#\/schema\/logo\/image\/"},"sameAs":["https:\/\/www.facebook.com\/sportshine.eu\/"]}]}},"_links":{"self":[{"href":"https:\/\/www.sportshine.eu\/it\/wp-json\/wp\/v2\/product\/10419","targetHints":{"allow":["GET"]}}],"collection":[{"href":"https:\/\/www.sportshine.eu\/it\/wp-json\/wp\/v2\/product"}],"about":[{"href":"https:\/\/www.sportshine.eu\/it\/wp-json\/wp\/v2\/types\/product"}],"replies":[{"embeddable":true,"href":"https:\/\/www.sportshine.eu\/it\/wp-json\/wp\/v2\/comments?post=10419"}],"version-history":[{"count":6,"href":"https:\/\/www.sportshine.eu\/it\/wp-json\/wp\/v2\/product\/10419\/revisions"}],"predecessor-version":[{"id":10430,"href":"https:\/\/www.sportshine.eu\/it\/wp-json\/wp\/v2\/product\/10419\/revisions\/10430"}],"wp:featuredmedia":[{"embeddable":true,"href":"https:\/\/www.sportshine.eu\/it\/wp-json\/wp\/v2\/media\/10420"}],"wp:attachment":[{"href":"https:\/\/www.sportshine.eu\/it\/wp-json\/wp\/v2\/media?parent=10419"}],"wp:term":[{"taxonomy":"product_brand","embeddable":true,"href":"https:\/\/www.sportshine.eu\/it\/wp-json\/wp\/v2\/product_brand?post=10419"},{"taxonomy":"product_cat","embeddable":true,"href":"https:\/\/www.sportshine.eu\/it\/wp-json\/wp\/v2\/product_cat?post=10419"},{"taxonomy":"product_tag","embeddable":true,"href":"https:\/\/www.sportshine.eu\/it\/wp-json\/wp\/v2\/product_tag?post=10419"}],"curies":[{"name":"parola chiave","href":"https:\/\/api.w.org\/{rel}","templated":true}]}}