{"id":702,"date":"2021-03-31T06:39:48","date_gmt":"2021-03-31T06:39:48","guid":{"rendered":"https:\/\/d-themes.com\/wordpress\/wolmart\/dummy\/demo-11\/?page_id=702"},"modified":"2025-07-15T11:53:15","modified_gmt":"2025-07-15T11:53:15","slug":"politica-sulla-riservatezza-2","status":"publish","type":"page","link":"https:\/\/www.sportshine.eu\/it\/politica-sulla-riservatezza-2\/","title":{"rendered":"Informativa sulla privacy e sui cookie"},"content":{"rendered":"<p><strong>SPORTSHINE, Ale\u0161 Vicozi sp<\/strong><br>Via Kamnikarjeva 27, Lavrica, 1291 \u0160kofljica<br><a class=\"\" href=\"https:\/\/www.sportshine.eu\/it\/\">https:\/\/www.sportshine.eu<\/a><br>\ud83d\udce7 <a>info@sportshine.eu<\/a> | \ud83d\udcde 041 798 307<br>Ultimo aggiornamento: 15 luglio 2025<\/p>\n\n\n\n<hr class=\"wp-block-separator has-alpha-channel-opacity\"\/>\n\n\n\n<h3 class=\"wp-block-heading\">1. Introduzione<\/h3>\n\n\n\n<p>La presente informativa sulla privacy e sui cookie descrive come l&#039;azienda <strong>SPORTSHINE, Ale\u0161 Vicozi sp<\/strong> tratta i dati personali e utilizza i cookie sul sito web <a class=\"\" href=\"https:\/\/www.sportshine.eu\/it\/\">www.sportshine.eu<\/a>Visitando e utilizzando il sito web, l&#039;utente accetta le modalit\u00e0 descritte di utilizzo dei dati e dei cookie.<\/p>\n\n\n\n<hr class=\"wp-block-separator has-alpha-channel-opacity\"\/>\n\n\n\n<h3 class=\"wp-block-heading\">2. Titolare del trattamento dei dati personali<\/h3>\n\n\n\n<p><strong>Titolo:<\/strong> SPORTSHINE, Ale\u0161 Vicozi sp<br><strong>Indirizzo:<\/strong> Via Kamnikarjeva 27, Lavrica, 1291 \u0160kofljica<br><strong>Indirizzo e-mail:<\/strong> <a>info@sportshine.eu<\/a><br><strong>Telefono:<\/strong> 041 798 307<br><strong>Responsabile della protezione dei dati:<\/strong> non nominato<\/p>\n\n\n\n<hr class=\"wp-block-separator has-alpha-channel-opacity\"\/>\n\n\n\n<h3 class=\"wp-block-heading\">3. Categorie di dati personali<\/h3>\n\n\n\n<p>Elaboriamo i seguenti dati personali:<\/p>\n\n\n\n<ul class=\"wp-block-list\">\n<li>Nome e cognome<\/li>\n\n\n\n<li>Indirizzo e-mail<\/li>\n\n\n\n<li>Numero di telefono<\/li>\n\n\n\n<li>Indirizzo di spedizione e fatturazione<\/li>\n\n\n\n<li>indirizzo IP<\/li>\n\n\n\n<li>Dati sull&#039;utilizzo del sito web (ad esempio pagine visitate, link cliccati, orario della visita)<\/li>\n\n\n\n<li>Dati per l&#039;esecuzione degli ordini e dei pagamenti<\/li>\n<\/ul>\n\n\n\n<hr class=\"wp-block-separator has-alpha-channel-opacity\"\/>\n\n\n\n<h3 class=\"wp-block-heading\">4. Finalit\u00e0 e base giuridica del trattamento<\/h3>\n\n\n\n<p>Elaboriamo i tuoi dati per le seguenti finalit\u00e0:<\/p>\n\n\n\n<figure class=\"wp-block-table\"><table class=\"has-fixed-layout\"><thead><tr><th>Scopo<\/th><th>Base giuridica<\/th><\/tr><\/thead><tbody><tr><td>Evasione degli ordini online<\/td><td>Contratto (art. 6\/1-b GDPR)<\/td><\/tr><tr><td>Invio di newsletter elettroniche<\/td><td>Consenso (art. 6\/1-a GDPR)<\/td><\/tr><tr><td>Utilizzo di analisi web e remarketing<\/td><td>Consenso (art. 6\/1-a GDPR)<\/td><\/tr><tr><td>Risposta alle richieste<\/td><td>Interesse legittimo (art. 6\/1-f GDPR)<\/td><\/tr><tr><td>Adempiere agli obblighi di legge (contabilit\u00e0, tasse)<\/td><td>Legge (art. 6\/1-c GDPR)<\/td><\/tr><\/tbody><\/table><\/figure>\n\n\n\n<hr class=\"wp-block-separator has-alpha-channel-opacity\"\/>\n\n\n\n<h3 class=\"wp-block-heading\">5. Conservazione dei dati<\/h3>\n\n\n\n<p>Conserviamo i dati personali:<\/p>\n\n\n\n<ul class=\"wp-block-list\">\n<li>Ai fini degli appalti: 5 anni dopo il completamento del contratto<\/li>\n\n\n\n<li>Per finalit\u00e0 di newsletter elettronica: fino alla revoca del consenso<\/li>\n\n\n\n<li>Dati dei cookie: secondo le scadenze stabilite per i singoli cookie (vedi sotto)<\/li>\n<\/ul>\n\n\n\n<hr class=\"wp-block-separator has-alpha-channel-opacity\"\/>\n\n\n\n<h3 class=\"wp-block-heading\">6. Diritti delle persone<\/h3>\n\n\n\n<p>Hai il diritto di:<\/p>\n\n\n\n<ul class=\"wp-block-list\">\n<li>accedere ai tuoi dati<\/li>\n\n\n\n<li>correzione o cancellazione<\/li>\n\n\n\n<li>restrizioni di elaborazione<\/li>\n\n\n\n<li>opposizione al trattamento<\/li>\n\n\n\n<li>portabilit\u00e0 dei dati<\/li>\n\n\n\n<li>presentare un reclamo al Commissario per l&#039;informazione (<a class=\"\" href=\"http:\/\/www.ip-rs.si\">www.ip-rs.si<\/a>)<\/li>\n<\/ul>\n\n\n\n<hr class=\"wp-block-separator has-alpha-channel-opacity\"\/>\n\n\n\n<h3 class=\"wp-block-heading\">7. Trasferimento dei dati a terzi<\/h3>\n\n\n\n<p>Potremmo fornire dati a responsabili del trattamento contrattuali che svolgono per noi le seguenti attivit\u00e0:<\/p>\n\n\n\n<ul class=\"wp-block-list\">\n<li>Hosting di siti web<\/li>\n\n\n\n<li>Invio di newsletter via email (ad esempio Mailchimp o simili)<\/li>\n\n\n\n<li>Elaborazione dei pagamenti (ad esempio Stripe, Paypal)<\/li>\n\n\n\n<li>Marketing e pubblicit\u00e0 (ad esempio Google, Meta)<\/li>\n<\/ul>\n\n\n\n<p>I responsabili del trattamento elaborano i dati esclusivamente su nostre istruzioni e in conformit\u00e0 con il GDPR.<\/p>\n\n\n\n<hr class=\"wp-block-separator has-alpha-channel-opacity\"\/>\n\n\n\n<h2 class=\"wp-block-heading\"><strong>Informativa sui cookie<\/strong><\/h2>\n\n\n\n<h3 class=\"wp-block-heading\">8. Cosa sono i cookie?<\/h3>\n\n\n\n<p>I cookie sono piccoli file che un sito web memorizza sul tuo dispositivo. Vengono utilizzati per gestire il sito, analizzare il traffico e mostrare annunci pubblicitari personalizzati.<\/p>\n\n\n\n<hr class=\"wp-block-separator has-alpha-channel-opacity\"\/>\n\n\n\n<h3 class=\"wp-block-heading\">9. Tipi di cookie che utilizziamo<\/h3>\n\n\n\n<figure class=\"wp-block-table\"><table class=\"has-fixed-layout\"><thead><tr><th>Tipologia di cookie<\/th><th>Scopo<\/th><\/tr><\/thead><tbody><tr><td><strong>Cookie necessari<\/strong><\/td><td>Per il corretto funzionamento del sito (ad es. carrello, login).<\/td><\/tr><tr><td><strong>Cookie analitici<\/strong><\/td><td>Misurazione delle visite e dell&#039;utilizzo del sito (ad esempio Google Analytics).<\/td><\/tr><tr><td><strong>Cookie di marketing<\/strong><\/td><td>Per il remarketing, annunci personalizzati (Facebook Pixel, Google Ads).<\/td><\/tr><\/tbody><\/table><\/figure>\n\n\n\n<hr class=\"wp-block-separator has-alpha-channel-opacity\"\/>\n\n\n\n<h3 class=\"wp-block-heading\">10. Strumenti di terze parti utilizzati<\/h3>\n\n\n\n<p>Utilizziamo i seguenti strumenti sul sito web:<\/p>\n\n\n\n<ul class=\"wp-block-list\">\n<li><strong>Google Analytics<\/strong><\/li>\n\n\n\n<li><strong>Annunci Google (remarketing)<\/strong><\/li>\n\n\n\n<li><strong>Pixel di Facebook<\/strong><\/li>\n<\/ul>\n\n\n\n<p>Questi strumenti potrebbero impostare i propri cookie. Puoi anche gestire questi cookie nel tuo browser.<\/p>\n\n\n\n<hr class=\"wp-block-separator has-alpha-channel-opacity\"\/>\n\n\n\n<h3 class=\"wp-block-heading\">11. Gestione e disabilitazione dei cookie<\/h3>\n\n\n\n<p>Quando visiti per la prima volta il sito web, puoi utilizzare il banner dei cookie per:<\/p>\n\n\n\n<ul class=\"wp-block-list\">\n<li>Accetti tutti i cookie.<\/li>\n\n\n\n<li>Rifiutare i cookie<\/li>\n\n\n\n<li>Regola le tue impostazioni<\/li>\n<\/ul>\n\n\n\n<p>Puoi anche controllare i cookie nelle impostazioni del tuo browser. Istruzioni per eliminare o disabilitare i cookie:<\/p>\n\n\n\n<ul class=\"wp-block-list\">\n<li><a>Cromo<\/a><\/li>\n\n\n\n<li><a class=\"\" href=\"https:\/\/support.mozilla.org\/sl\/kb\/omogo%C4%8Danje-in-onemogo%C4%8Danje-pi%C5%A1kotkov\">Firefox<\/a><\/li>\n\n\n\n<li><a class=\"\" href=\"https:\/\/support.apple.com\/sl-si\/guide\/safari\/sfri11471\/mac\">Safari<\/a><\/li>\n<\/ul>\n\n\n\n<hr class=\"wp-block-separator has-alpha-channel-opacity\"\/>\n\n\n\n<h3 class=\"wp-block-heading\">12. Contatti<\/h3>\n\n\n\n<p>Per domande sulla privacy o sulla politica sui cookie, contattaci:<\/p>\n\n\n\n<p>\ud83d\udce7 <strong><a>info@sportshine.eu<\/a><\/strong><br>\ud83d\udcde <strong>041 798 307<\/strong><\/p>\n\n\n\n<p><\/p>","protected":false},"excerpt":{"rendered":"<p>SPORTSHINE, Ale\u0161 Vicozi s.p.Kamnikarjeva ulica 27, Lavrica, 1291 \u0160kofljicahttps:\/\/www.sportshine.eu\ud83d\udce7 info@sportshine.eu | \ud83d\udcde 041 798 307Zadnja posodobitev: 15. julij 2025 1. Uvod Ta politika zasebnosti in pi\u0161kotkov opisuje, kako podjetje SPORTSHINE, Ale\u0161 Vicozi s.p. obdeluje osebne podatke ter uporablja pi\u0161kotke na spletni strani www.sportshine.eu. Z obiskom in uporabo spletne strani sogla\u0161ate z opisanim na\u010dinom uporabe podatkov [&hellip;]<\/p>\n","protected":false},"author":1,"featured_media":0,"parent":0,"menu_order":0,"comment_status":"closed","ping_status":"closed","template":"","meta":{"footnotes":""},"class_list":["post-702","page","type-page","status-publish","hentry"],"yoast_head":"<!-- This site is optimized with the Yoast SEO plugin v27.3 - https:\/\/yoast.com\/product\/yoast-seo-wordpress\/ -->\n<title>Politika zasebnosti in pi\u0161kotkov<\/title>\n<meta name=\"robots\" content=\"noindex, nofollow\" \/>\n<meta property=\"og:locale\" content=\"it_IT\" \/>\n<meta property=\"og:type\" content=\"article\" \/>\n<meta property=\"og:title\" content=\"Politika zasebnosti in pi\u0161kotkov\" \/>\n<meta property=\"og:description\" content=\"SPORTSHINE, Ale\u0161 Vicozi s.p.Kamnikarjeva ulica 27, Lavrica, 1291 \u0160kofljicahttps:\/\/www.sportshine.eu\ud83d\udce7 info@sportshine.eu | \ud83d\udcde 041 798 307Zadnja posodobitev: 15. julij 2025 1. Uvod Ta politika zasebnosti in pi\u0161kotkov opisuje, kako podjetje SPORTSHINE, Ale\u0161 Vicozi s.p. obdeluje osebne podatke ter uporablja pi\u0161kotke na spletni strani www.sportshine.eu. Z obiskom in uporabo spletne strani sogla\u0161ate z opisanim na\u010dinom uporabe podatkov [&hellip;]\" \/>\n<meta property=\"og:url\" content=\"https:\/\/www.sportshine.eu\/it\/politica-sulla-riservatezza-2\/\" \/>\n<meta property=\"og:site_name\" content=\"Sportshine\" \/>\n<meta property=\"article:publisher\" content=\"https:\/\/www.facebook.com\/sportshine.eu\/\" \/>\n<meta property=\"article:modified_time\" content=\"2025-07-15T11:53:15+00:00\" \/>\n<meta name=\"twitter:card\" content=\"summary_large_image\" \/>\n<meta name=\"twitter:label1\" content=\"Tempo di lettura stimato\" \/>\n\t<meta name=\"twitter:data1\" content=\"2 minuti\" \/>\n<script type=\"application\/ld+json\" class=\"yoast-schema-graph\">{\"@context\":\"https:\\\/\\\/schema.org\",\"@graph\":[{\"@type\":\"WebPage\",\"@id\":\"https:\\\/\\\/www.sportshine.eu\\\/politika-zasebnosti\\\/\",\"url\":\"https:\\\/\\\/www.sportshine.eu\\\/politika-zasebnosti\\\/\",\"name\":\"Politika zasebnosti in pi\u0161kotkov\",\"isPartOf\":{\"@id\":\"https:\\\/\\\/www.sportshine.eu\\\/#website\"},\"datePublished\":\"2021-03-31T06:39:48+00:00\",\"dateModified\":\"2025-07-15T11:53:15+00:00\",\"breadcrumb\":{\"@id\":\"https:\\\/\\\/www.sportshine.eu\\\/politika-zasebnosti\\\/#breadcrumb\"},\"inLanguage\":\"it-IT\",\"potentialAction\":[{\"@type\":\"ReadAction\",\"target\":[\"https:\\\/\\\/www.sportshine.eu\\\/politika-zasebnosti\\\/\"]}]},{\"@type\":\"BreadcrumbList\",\"@id\":\"https:\\\/\\\/www.sportshine.eu\\\/politika-zasebnosti\\\/#breadcrumb\",\"itemListElement\":[{\"@type\":\"ListItem\",\"position\":1,\"name\":\"Home\",\"item\":\"https:\\\/\\\/www.sportshine.eu\\\/\"},{\"@type\":\"ListItem\",\"position\":2,\"name\":\"Politika zasebnosti in pi\u0161kotkov\"}]},{\"@type\":\"WebSite\",\"@id\":\"https:\\\/\\\/www.sportshine.eu\\\/#website\",\"url\":\"https:\\\/\\\/www.sportshine.eu\\\/\",\"name\":\"Sportshine\",\"description\":\"Top spletna trgovina kolesarskih in naglavnih svetilk ter opreme\",\"publisher\":{\"@id\":\"https:\\\/\\\/www.sportshine.eu\\\/#organization\"},\"potentialAction\":[{\"@type\":\"SearchAction\",\"target\":{\"@type\":\"EntryPoint\",\"urlTemplate\":\"https:\\\/\\\/www.sportshine.eu\\\/?s={search_term_string}\"},\"query-input\":{\"@type\":\"PropertyValueSpecification\",\"valueRequired\":true,\"valueName\":\"search_term_string\"}}],\"inLanguage\":\"it-IT\"},{\"@type\":\"Organization\",\"@id\":\"https:\\\/\\\/www.sportshine.eu\\\/#organization\",\"name\":\"Sportshine\",\"url\":\"https:\\\/\\\/www.sportshine.eu\\\/\",\"logo\":{\"@type\":\"ImageObject\",\"inLanguage\":\"it-IT\",\"@id\":\"https:\\\/\\\/www.sportshine.eu\\\/#\\\/schema\\\/logo\\\/image\\\/\",\"url\":\"https:\\\/\\\/www.sportshine.eu\\\/wp-content\\\/uploads\\\/2026\\\/01\\\/cropped-Sportshine.webp\",\"contentUrl\":\"https:\\\/\\\/www.sportshine.eu\\\/wp-content\\\/uploads\\\/2026\\\/01\\\/cropped-Sportshine.webp\",\"width\":295,\"height\":128,\"caption\":\"Sportshine\"},\"image\":{\"@id\":\"https:\\\/\\\/www.sportshine.eu\\\/#\\\/schema\\\/logo\\\/image\\\/\"},\"sameAs\":[\"https:\\\/\\\/www.facebook.com\\\/sportshine.eu\\\/\"]}]}<\/script>\n<!-- \/ Yoast SEO plugin. -->","yoast_head_json":{"title":"Informativa sulla privacy e sui cookie","robots":{"index":"noindex","follow":"nofollow"},"og_locale":"it_IT","og_type":"article","og_title":"Politika zasebnosti in pi\u0161kotkov","og_description":"SPORTSHINE, Ale\u0161 Vicozi s.p.Kamnikarjeva ulica 27, Lavrica, 1291 \u0160kofljicahttps:\/\/www.sportshine.eu\ud83d\udce7 info@sportshine.eu | \ud83d\udcde 041 798 307Zadnja posodobitev: 15. julij 2025 1. Uvod Ta politika zasebnosti in pi\u0161kotkov opisuje, kako podjetje SPORTSHINE, Ale\u0161 Vicozi s.p. obdeluje osebne podatke ter uporablja pi\u0161kotke na spletni strani www.sportshine.eu. Z obiskom in uporabo spletne strani sogla\u0161ate z opisanim na\u010dinom uporabe podatkov [&hellip;]","og_url":"https:\/\/www.sportshine.eu\/it\/politica-sulla-riservatezza-2\/","og_site_name":"Sportshine","article_publisher":"https:\/\/www.facebook.com\/sportshine.eu\/","article_modified_time":"2025-07-15T11:53:15+00:00","twitter_card":"summary_large_image","twitter_misc":{"Tempo di lettura stimato":"2 minuti"},"schema":{"@context":"https:\/\/schema.org","@graph":[{"@type":"WebPage","@id":"https:\/\/www.sportshine.eu\/politika-zasebnosti\/","url":"https:\/\/www.sportshine.eu\/politika-zasebnosti\/","name":"Informativa sulla privacy e sui cookie","isPartOf":{"@id":"https:\/\/www.sportshine.eu\/#website"},"datePublished":"2021-03-31T06:39:48+00:00","dateModified":"2025-07-15T11:53:15+00:00","breadcrumb":{"@id":"https:\/\/www.sportshine.eu\/politika-zasebnosti\/#breadcrumb"},"inLanguage":"it-IT","potentialAction":[{"@type":"ReadAction","target":["https:\/\/www.sportshine.eu\/politika-zasebnosti\/"]}]},{"@type":"BreadcrumbList","@id":"https:\/\/www.sportshine.eu\/politika-zasebnosti\/#breadcrumb","itemListElement":[{"@type":"ListItem","position":1,"name":"Home","item":"https:\/\/www.sportshine.eu\/"},{"@type":"ListItem","position":2,"name":"Politika zasebnosti in pi\u0161kotkov"}]},{"@type":"WebSite","@id":"https:\/\/www.sportshine.eu\/#website","url":"https:\/\/www.sportshine.eu\/","name":"Sportshine","description":"Il miglior negozio online per ciclismo, lampade frontali e attrezzature","publisher":{"@id":"https:\/\/www.sportshine.eu\/#organization"},"potentialAction":[{"@type":"SearchAction","target":{"@type":"EntryPoint","urlTemplate":"https:\/\/www.sportshine.eu\/?s={search_term_string}"},"query-input":{"@type":"PropertyValueSpecification","valueRequired":true,"valueName":"search_term_string"}}],"inLanguage":"it-IT"},{"@type":"Organization","@id":"https:\/\/www.sportshine.eu\/#organization","name":"Sportshine","url":"https:\/\/www.sportshine.eu\/","logo":{"@type":"ImageObject","inLanguage":"it-IT","@id":"https:\/\/www.sportshine.eu\/#\/schema\/logo\/image\/","url":"https:\/\/www.sportshine.eu\/wp-content\/uploads\/2026\/01\/cropped-Sportshine.webp","contentUrl":"https:\/\/www.sportshine.eu\/wp-content\/uploads\/2026\/01\/cropped-Sportshine.webp","width":295,"height":128,"caption":"Sportshine"},"image":{"@id":"https:\/\/www.sportshine.eu\/#\/schema\/logo\/image\/"},"sameAs":["https:\/\/www.facebook.com\/sportshine.eu\/"]}]}},"_links":{"self":[{"href":"https:\/\/www.sportshine.eu\/it\/wp-json\/wp\/v2\/pages\/702","targetHints":{"allow":["GET"]}}],"collection":[{"href":"https:\/\/www.sportshine.eu\/it\/wp-json\/wp\/v2\/pages"}],"about":[{"href":"https:\/\/www.sportshine.eu\/it\/wp-json\/wp\/v2\/types\/page"}],"author":[{"embeddable":true,"href":"https:\/\/www.sportshine.eu\/it\/wp-json\/wp\/v2\/users\/1"}],"replies":[{"embeddable":true,"href":"https:\/\/www.sportshine.eu\/it\/wp-json\/wp\/v2\/comments?post=702"}],"version-history":[{"count":0,"href":"https:\/\/www.sportshine.eu\/it\/wp-json\/wp\/v2\/pages\/702\/revisions"}],"wp:attachment":[{"href":"https:\/\/www.sportshine.eu\/it\/wp-json\/wp\/v2\/media?parent=702"}],"curies":[{"name":"parola chiave","href":"https:\/\/api.w.org\/{rel}","templated":true}]}}