{"id":4940,"date":"2025-06-23T21:16:28","date_gmt":"2025-06-23T21:16:28","guid":{"rendered":"https:\/\/www.sportshine.eu\/?page_id=4940"},"modified":"2026-01-17T21:30:49","modified_gmt":"2026-01-17T21:30:49","slug":"termini-e-condizioni-generali","status":"publish","type":"page","link":"https:\/\/www.sportshine.eu\/it\/termini-e-condizioni-generali\/","title":{"rendered":"Termini e condizioni generali"},"content":{"rendered":"<p>I termini e le condizioni generali del negozio online sportshine.eu sono stati redatti in conformit\u00e0 con la Legge sulla tutela dei consumatori (ZVPot), le raccomandazioni della Camera di commercio slovena e i codici internazionali per il commercio elettronico. Il negozio online sportshine.eu \u00e8 di propriet\u00e0 o gestito dalla societ\u00e0 SPORTSHINE, Ale\u0161 Vicozi sp (di seguito denominato fornitore o gestore).<\/p>\n\n\n\n<p><strong>Ordinazione<\/strong><br>Gli ordini sul negozio online sportshine.eu vengono effettuati in lingua slovena tramite Internet 24 ore su 24, 7 giorni su 7. \u00c8 possibile scegliere e ordinare i prodotti disponibili nell&#039;elenco prodotti. Se non trovate il prodotto desiderato, vi preghiamo di comunicarcelo via e-mail all&#039;indirizzo info@sportshine.eu e vi informeremo sulla disponibilit\u00e0. I prodotti saranno consegnati all&#039;acquirente per posta, a meno che l&#039;acquirente non indichi nell&#039;ordine di ritirare personalmente i prodotti ordinati a Lavrica, nel luogo concordato.<br>Se l&#039;acquirente non annulla l&#039;ordine, questo verr\u00e0 elaborato ulteriormente, dopodich\u00e9 il fornitore lo esaminer\u00e0, verificher\u00e0 la disponibilit\u00e0 degli articoli ordinati e confermer\u00e0 o rifiuter\u00e0 l&#039;ordine specificandone il motivo. Il fornitore potr\u00e0 contattare l&#039;acquirente al numero di telefono di contatto per verificare i dati o garantire l&#039;accuratezza della consegna.<br>Ci riserviamo inoltre il diritto di modificare i prezzi, ma in tal caso il cliente verr\u00e0 avvisato tramite e-mail o telefono cellulare.<\/p>\n\n\n\n<p><strong>Processo di acquisto<\/strong><br>Non \u00e8 richiesta alcuna registrazione per acquistare i prodotti! Una volta selezionato il prodotto desiderato, \u00e8 sufficiente seguire i passaggi elencati (inserire tutte le informazioni necessarie, selezionare il metodo di pagamento, ecc.), che vi porteranno al completamento dell&#039;ordine. Se desiderate rimuovere un singolo prodotto dal carrello, fatelo utilizzando il pulsante &quot;Rimuovi&quot;. Se decidete di registrarvi, l&#039;acquisto sar\u00e0 pi\u00f9 rapido e diverse funzionalit\u00e0 saranno arricchite.<\/p>\n\n\n\n<p><\/p>\n\n\n\n<p>Procedura di ordinazione:<\/p>\n\n\n\n<p><br><strong>1. L&#039;ordine non \u00e8 confermato:<\/strong><br>Dopo aver effettuato un ordine, l&#039;acquirente riceve una notifica via e-mail indicante che l&#039;ordine non \u00e8 confermato.<\/p>\n\n\n\n<p><strong>2. Ordine confermato:<\/strong><br>Il fornitore esamina l&#039;ordine, verifica la disponibilit\u00e0 degli articoli ordinati e lo conferma o lo rifiuta specificandone il motivo. Il fornitore pu\u00f2 contattare telefonicamente l&#039;acquirente per verificare i dati o garantire l&#039;accuratezza della consegna. Dopo la conferma dell&#039;ordine, il fornitore informa l&#039;acquirente via e-mail della data di consegna prevista. Il contratto di acquisto degli articoli ordinati tra l&#039;acquirente e il fornitore si intende irrevocabilmente concluso in questa fase.<\/p>\n\n\n\n<p><strong>3. Merce spedita:<\/strong><br>Il fornitore prepara e spedisce la merce entro il termine concordato e ne informa l&#039;acquirente tramite e-mail. Nella suddetta e-mail, il fornitore informa inoltre l&#039;acquirente sulle condizioni di reso, su dove rivolgersi in caso di ritardo nella consegna e su dove rivolgersi in caso di reclamo.<\/p>\n\n\n\n<p>Utilizzeremo i tuoi dati personali esclusivamente per evadere il tuo ordine e per altre comunicazioni necessarie. Il contratto\/la fattura vengono archiviati su un server in affitto e opportunamente protetti dal fornitore del servizio. Per maggiori informazioni, contattaci al numero 041 798 307.<\/p>\n\n\n\n<p><strong>Annullamento dell&#039;ordine<\/strong><br>Puoi annullare il tuo ordine chiamando il numero (+386)041-798-307 o via e-mail.<\/p>\n\n\n\n<p><strong>Rimostranza<\/strong><br>In caso di danni alla merce durante la consegna, si prega di contattare l&#039;ufficio postale che ha effettuato la consegna. Ispezionare attentamente la merce ricevuta in presenza del corriere. Solo l&#039;acquirente del prodotto indicato sulla fattura originale pu\u00f2 presentare un reclamo sulla merce. La garanzia decade nei seguenti casi:<br>\u2013 difetti causati da uso improprio, manipolazione negligente, danni meccanici e difetti in caso di forza maggiore.<br>\u2013 quando si aggiungono assemblaggi strutturali in modo non professionale, ad esempio modifiche al prodotto \u2013 quando si utilizzano altri elementi che non appartengono a quel prodotto<br>\u2013 in caso di funzionamento non corretto o danni dovuti a manipolazione negligente<br>\u2013 se il cliente ha gi\u00e0 aperto il sigillo di sicurezza o disimballato la confezione originale<\/p>\n\n\n\n<p><strong>Restituzione della merce<\/strong><br>I clienti che non sono soddisfatti dei prodotti ordinati possono restituire la merce a proprie spese entro il termine di legge; il termine per la restituzione della merce \u00e8 di 30 giorni dal giorno in cui il consumatore acquisisce il possesso della merce. (Il fornitore trattiene il rimborso dei pagamenti ricevuti fino alla restituzione della merce o fino a quando il consumatore non fornisce la prova di aver rispedito la merce.) Il fornitore rimborser\u00e0 l&#039;intero importo di acquisto all&#039;acquirente; in caso di recesso dal contratto, il consumatore sostiene solo le spese di restituzione della merce. Alla restituzione della merce si applicano le disposizioni dell&#039;articolo 43 della Legge sulla tutela dei consumatori. La restituzione \u00e8 presa in considerazione solo se la merce restituita \u00e8 nella confezione originale e integra, insieme alla documentazione di accompagnamento. A meno che la merce non venga distrutta, danneggiata, persa o la sua quantit\u00e0 sia diminuita senza colpa del consumatore. Il consumatore \u00e8 responsabile per qualsiasi diminuzione del valore della merce se la diminuzione del valore \u00e8 il risultato di una condotta che non \u00e8 strettamente necessaria per stabilire la natura, le propriet\u00e0 e il funzionamento della merce. I rimborsi saranno effettuati il prima possibile, e comunque entro 14 giorni dalla data di ricezione della comunicazione di recesso dal contratto. I rimborsi saranno effettuati sul conto bancario del cliente. La restituzione della merce ricevuta all&#039;azienda entro il periodo di recesso \u00e8 considerata una comunicazione di recesso dal contratto.<br>Puoi restituire i prodotti per posta al seguente indirizzo:<\/p>\n\n\n\n<p>SPORTSHINE, Ale\u0161 Vicozi sp<br>Via Kamnikar 27<br>1291 \u0160kofljica<\/p>\n\n\n\n<p>Ti rimborseremo il prezzo di acquisto dei prodotti restituiti sul tuo conto bancario o tramite vaglia postale entro 14 giorni oppure, previo accordo, lo considereremo come un credito per il tuo prossimo acquisto.<\/p>\n\n\n\n<p><strong>5. Prezzi<\/strong><br>Tutti i prezzi indicati sono in EUR e includono l&#039;IVA.<\/p>\n\n\n\n<p><strong>6. Dichiarazione di esclusione di responsabilit\u00e0<\/strong><br>Facciamo del nostro meglio per garantire che le informazioni pubblicate sul sito web del Negozio Online siano aggiornate e corrette. Tuttavia, le caratteristiche degli articoli e i tempi di consegna potrebbero cambiare cos\u00ec rapidamente da impedirci di correggere le informazioni. In tal caso, il fornitore informer\u00e0 l&#039;acquirente delle modifiche e gli consentir\u00e0 di annullare l&#039;ordine o di sostituire l&#039;articolo ordinato. Le foto pubblicate provengono dai produttori o sono state scattate da loro.<\/p>\n\n\n\n<p>Informativa sulla privacy<\/p>\n\n\n\n<p>L&#039;azienda SPORTSHINE, Ale\u0161 Vicozi sp si impegna a proteggere la tua privacy. Abbiamo bisogno dei tuoi dati per garantire un processo fluido di esecuzione finale del tuo ordine.<\/p>\n\n\n\n<p><strong>Perch\u00e9 utilizzeremo le tue informazioni?<\/strong><\/p>\n\n\n\n<p>Al momento dell&#039;ordine, \u00e8 necessario fornirci nome, cognome, indirizzo, indirizzo e-mail e numero di cellulare. Questo ci permetter\u00e0 di garantire un&#039;evasione fluida del tuo ordine e di informarti di eventuali modifiche.<\/p>\n\n\n\n<p><strong>I tuoi dati verranno trasmessi a terzi?<\/strong><\/p>\n\n\n\n<p>Ci impegniamo a mantenere i dati interamente di propriet\u00e0 di Sportshine. Non li condivideremo, venderemo o scambieremo con altre istituzioni, aziende o individui.<\/p>\n\n\n\n<p>I nostri siti web includono anche link ad altri siti web che non sono di nostra propriet\u00e0 n\u00e9 in alcun modo affiliati a noi. Pertanto, Barbara Holcman sp non pu\u00f2 essere ritenuta responsabile per l&#039;accesso da tali siti web n\u00e9 per la protezione dei dati su tali siti.<\/p>\n\n\n\n<p><strong>Il tuo consenso<\/strong><\/p>\n\n\n\n<p>Utilizzando i nostri siti web, acconsenti anche all&#039;uso delle informazioni nei modi e nei casi sopra descritti.<\/p>\n\n\n\n<p>In caso di modifiche ai termini e alle condizioni, vi terremo informati su queste pagine.<\/p>\n\n\n\n<p><strong>Domande?<\/strong><\/p>\n\n\n\n<p>In caso di domande sulle dichiarazioni e condizioni di cui sopra, sul funzionamento del nostro centro commerciale, sulla vostra esperienza di acquisto e se avete commenti od opinioni sui nostri siti web, potete scriverci via e-mail: info@sportshine.eu o all&#039;indirizzo: SPORTSHINE, Ale\u0161 Vicozi sp, Kamnikarjeva ulica 27, 1291 \u0160kofljica, oppure potete chiamarci al numero GSM: 041798307.<\/p>\n\n\n\n<p>Errore di fatto<\/p>\n\n\n\n<p>Quando un errore \u00e8 reale?<\/p>\n\n\n\n<ul class=\"wp-block-list\">\n<li>l&#039;articolo non ha le propriet\u00e0 necessarie per il suo normale utilizzo o per la circolazione<\/li>\n\n\n\n<li>l&#039;articolo non ha le propriet\u00e0 necessarie per l&#039;uso specifico per il quale l&#039;acquirente lo acquista, ma che erano note al venditore o avrebbero dovuto essergli note<\/li>\n\n\n\n<li>l&#039;articolo non ha le propriet\u00e0 e le caratteristiche che erano state concordate o prescritte esplicitamente o tacitamente<\/li>\n\n\n\n<li>il venditore ha consegnato un articolo che non corrisponde al campione o al modello, a meno che il campione o il modello non siano stati mostrati solo a scopo di notifica.<\/li>\n<\/ul>\n\n\n\n<p>L&#039;acquirente \u00e8 tenuto a segnalarci qualsiasi difetto materiale, includendo una descrizione dettagliata del difetto, entro il termine di legge e a consentirci di ispezionare l&#039;articolo. La segnalazione pu\u00f2 essere effettuata per iscritto o via e-mail.<\/p>\n\n\n\n<p>Risoluzione delle controversie<\/p>\n\n\n\n<p><strong>I clienti possono inviare reclami e lamentele via e-mail a info@sportshine.eu, telefonicamente al numero 041798307 o tramite posta ordinaria:<\/strong><\/p>\n\n\n\n<p>SPORTSHINE, Ale\u0161 Vicozi sp<br>Via Kamnikar 27<br>1291 \u0160kofljica<\/p>\n\n\n\n<p>Partita IVA: 59206497<br>Numero di registrazione: 9697608000<br>Autorit\u00e0 di registrazione: AJPES, filiale di Capodistria<br>Numero di registrazione: 0101-81-20240701-002477<\/p>\n\n\n\n<p>Il fornitore si impegna a risolvere eventuali controversie in via amichevole; in caso contrario, la competenza territoriale spetta al tribunale di Lubiana.<\/p>","protected":false},"excerpt":{"rendered":"<p>Splo\u0161ni pogoji poslovanja spletne trgovine sportshine.eu so sestavljeni v skladu z Zakonom o varstvu potro\u0161nikov (ZVPot), s priporo\u010dili GZS in na podlagi mednarodnih kodeksov za e-poslovanje. Spletna trgovina sportshine.eu je v lasti oziroma jo vodi podjetje SPORTSHINE, Ale\u0161 Vicozi s.p. (v nadaljevanju ponudnik ali upravitelj). Naro\u010danjeNaro\u010danje v spletni trgovini sportshine.eu poteka v slovenskem jeziku prek [&hellip;]<\/p>\n","protected":false},"author":1,"featured_media":0,"parent":0,"menu_order":0,"comment_status":"closed","ping_status":"closed","template":"","meta":{"footnotes":""},"class_list":["post-4940","page","type-page","status-publish","hentry"],"yoast_head":"<!-- This site is optimized with the Yoast SEO plugin v27.3 - https:\/\/yoast.com\/product\/yoast-seo-wordpress\/ -->\n<title>Splo\u0161ni pogoji poslovanja - Sportshine<\/title>\n<meta name=\"robots\" content=\"index, follow, max-snippet:-1, max-image-preview:large, max-video-preview:-1\" \/>\n<link rel=\"canonical\" href=\"https:\/\/www.sportshine.eu\/it\/termini-e-condizioni-generali\/\" \/>\n<meta property=\"og:locale\" content=\"it_IT\" \/>\n<meta property=\"og:type\" content=\"article\" \/>\n<meta property=\"og:title\" content=\"Splo\u0161ni pogoji poslovanja - Sportshine\" \/>\n<meta property=\"og:description\" content=\"Splo\u0161ni pogoji poslovanja spletne trgovine sportshine.eu so sestavljeni v skladu z Zakonom o varstvu potro\u0161nikov (ZVPot), s priporo\u010dili GZS in na podlagi mednarodnih kodeksov za e-poslovanje. Spletna trgovina sportshine.eu je v lasti oziroma jo vodi podjetje SPORTSHINE, Ale\u0161 Vicozi s.p. (v nadaljevanju ponudnik ali upravitelj). Naro\u010danjeNaro\u010danje v spletni trgovini sportshine.eu poteka v slovenskem jeziku prek [&hellip;]\" \/>\n<meta property=\"og:url\" content=\"https:\/\/www.sportshine.eu\/it\/termini-e-condizioni-generali\/\" \/>\n<meta property=\"og:site_name\" content=\"Sportshine\" \/>\n<meta property=\"article:publisher\" content=\"https:\/\/www.facebook.com\/sportshine.eu\/\" \/>\n<meta property=\"article:modified_time\" content=\"2026-01-17T21:30:49+00:00\" \/>\n<meta name=\"twitter:card\" content=\"summary_large_image\" \/>\n<meta name=\"twitter:label1\" content=\"Tempo di lettura stimato\" \/>\n\t<meta name=\"twitter:data1\" content=\"6 minuti\" \/>\n<script type=\"application\/ld+json\" class=\"yoast-schema-graph\">{\"@context\":\"https:\\\/\\\/schema.org\",\"@graph\":[{\"@type\":\"WebPage\",\"@id\":\"https:\\\/\\\/www.sportshine.eu\\\/splosni-pogoji-poslovanja\\\/\",\"url\":\"https:\\\/\\\/www.sportshine.eu\\\/splosni-pogoji-poslovanja\\\/\",\"name\":\"Splo\u0161ni pogoji poslovanja - Sportshine\",\"isPartOf\":{\"@id\":\"https:\\\/\\\/www.sportshine.eu\\\/#website\"},\"datePublished\":\"2025-06-23T21:16:28+00:00\",\"dateModified\":\"2026-01-17T21:30:49+00:00\",\"breadcrumb\":{\"@id\":\"https:\\\/\\\/www.sportshine.eu\\\/splosni-pogoji-poslovanja\\\/#breadcrumb\"},\"inLanguage\":\"it-IT\",\"potentialAction\":[{\"@type\":\"ReadAction\",\"target\":[\"https:\\\/\\\/www.sportshine.eu\\\/splosni-pogoji-poslovanja\\\/\"]}]},{\"@type\":\"BreadcrumbList\",\"@id\":\"https:\\\/\\\/www.sportshine.eu\\\/splosni-pogoji-poslovanja\\\/#breadcrumb\",\"itemListElement\":[{\"@type\":\"ListItem\",\"position\":1,\"name\":\"Home\",\"item\":\"https:\\\/\\\/www.sportshine.eu\\\/\"},{\"@type\":\"ListItem\",\"position\":2,\"name\":\"Splo\u0161ni pogoji poslovanja\"}]},{\"@type\":\"WebSite\",\"@id\":\"https:\\\/\\\/www.sportshine.eu\\\/#website\",\"url\":\"https:\\\/\\\/www.sportshine.eu\\\/\",\"name\":\"Sportshine\",\"description\":\"Top spletna trgovina kolesarskih in naglavnih svetilk ter opreme\",\"publisher\":{\"@id\":\"https:\\\/\\\/www.sportshine.eu\\\/#organization\"},\"potentialAction\":[{\"@type\":\"SearchAction\",\"target\":{\"@type\":\"EntryPoint\",\"urlTemplate\":\"https:\\\/\\\/www.sportshine.eu\\\/?s={search_term_string}\"},\"query-input\":{\"@type\":\"PropertyValueSpecification\",\"valueRequired\":true,\"valueName\":\"search_term_string\"}}],\"inLanguage\":\"it-IT\"},{\"@type\":\"Organization\",\"@id\":\"https:\\\/\\\/www.sportshine.eu\\\/#organization\",\"name\":\"Sportshine\",\"url\":\"https:\\\/\\\/www.sportshine.eu\\\/\",\"logo\":{\"@type\":\"ImageObject\",\"inLanguage\":\"it-IT\",\"@id\":\"https:\\\/\\\/www.sportshine.eu\\\/#\\\/schema\\\/logo\\\/image\\\/\",\"url\":\"https:\\\/\\\/www.sportshine.eu\\\/wp-content\\\/uploads\\\/2026\\\/01\\\/cropped-Sportshine.webp\",\"contentUrl\":\"https:\\\/\\\/www.sportshine.eu\\\/wp-content\\\/uploads\\\/2026\\\/01\\\/cropped-Sportshine.webp\",\"width\":295,\"height\":128,\"caption\":\"Sportshine\"},\"image\":{\"@id\":\"https:\\\/\\\/www.sportshine.eu\\\/#\\\/schema\\\/logo\\\/image\\\/\"},\"sameAs\":[\"https:\\\/\\\/www.facebook.com\\\/sportshine.eu\\\/\"]}]}<\/script>\n<!-- \/ Yoast SEO plugin. -->","yoast_head_json":{"title":"Termini e condizioni generali - Sportshine","robots":{"index":"index","follow":"follow","max-snippet":"max-snippet:-1","max-image-preview":"max-image-preview:large","max-video-preview":"max-video-preview:-1"},"canonical":"https:\/\/www.sportshine.eu\/it\/termini-e-condizioni-generali\/","og_locale":"it_IT","og_type":"article","og_title":"Splo\u0161ni pogoji poslovanja - Sportshine","og_description":"Splo\u0161ni pogoji poslovanja spletne trgovine sportshine.eu so sestavljeni v skladu z Zakonom o varstvu potro\u0161nikov (ZVPot), s priporo\u010dili GZS in na podlagi mednarodnih kodeksov za e-poslovanje. Spletna trgovina sportshine.eu je v lasti oziroma jo vodi podjetje SPORTSHINE, Ale\u0161 Vicozi s.p. (v nadaljevanju ponudnik ali upravitelj). Naro\u010danjeNaro\u010danje v spletni trgovini sportshine.eu poteka v slovenskem jeziku prek [&hellip;]","og_url":"https:\/\/www.sportshine.eu\/it\/termini-e-condizioni-generali\/","og_site_name":"Sportshine","article_publisher":"https:\/\/www.facebook.com\/sportshine.eu\/","article_modified_time":"2026-01-17T21:30:49+00:00","twitter_card":"summary_large_image","twitter_misc":{"Tempo di lettura stimato":"6 minuti"},"schema":{"@context":"https:\/\/schema.org","@graph":[{"@type":"WebPage","@id":"https:\/\/www.sportshine.eu\/splosni-pogoji-poslovanja\/","url":"https:\/\/www.sportshine.eu\/splosni-pogoji-poslovanja\/","name":"Termini e condizioni generali - Sportshine","isPartOf":{"@id":"https:\/\/www.sportshine.eu\/#website"},"datePublished":"2025-06-23T21:16:28+00:00","dateModified":"2026-01-17T21:30:49+00:00","breadcrumb":{"@id":"https:\/\/www.sportshine.eu\/splosni-pogoji-poslovanja\/#breadcrumb"},"inLanguage":"it-IT","potentialAction":[{"@type":"ReadAction","target":["https:\/\/www.sportshine.eu\/splosni-pogoji-poslovanja\/"]}]},{"@type":"BreadcrumbList","@id":"https:\/\/www.sportshine.eu\/splosni-pogoji-poslovanja\/#breadcrumb","itemListElement":[{"@type":"ListItem","position":1,"name":"Home","item":"https:\/\/www.sportshine.eu\/"},{"@type":"ListItem","position":2,"name":"Splo\u0161ni pogoji poslovanja"}]},{"@type":"WebSite","@id":"https:\/\/www.sportshine.eu\/#website","url":"https:\/\/www.sportshine.eu\/","name":"Sportshine","description":"Il miglior negozio online per ciclismo, lampade frontali e attrezzature","publisher":{"@id":"https:\/\/www.sportshine.eu\/#organization"},"potentialAction":[{"@type":"SearchAction","target":{"@type":"EntryPoint","urlTemplate":"https:\/\/www.sportshine.eu\/?s={search_term_string}"},"query-input":{"@type":"PropertyValueSpecification","valueRequired":true,"valueName":"search_term_string"}}],"inLanguage":"it-IT"},{"@type":"Organization","@id":"https:\/\/www.sportshine.eu\/#organization","name":"Sportshine","url":"https:\/\/www.sportshine.eu\/","logo":{"@type":"ImageObject","inLanguage":"it-IT","@id":"https:\/\/www.sportshine.eu\/#\/schema\/logo\/image\/","url":"https:\/\/www.sportshine.eu\/wp-content\/uploads\/2026\/01\/cropped-Sportshine.webp","contentUrl":"https:\/\/www.sportshine.eu\/wp-content\/uploads\/2026\/01\/cropped-Sportshine.webp","width":295,"height":128,"caption":"Sportshine"},"image":{"@id":"https:\/\/www.sportshine.eu\/#\/schema\/logo\/image\/"},"sameAs":["https:\/\/www.facebook.com\/sportshine.eu\/"]}]}},"_links":{"self":[{"href":"https:\/\/www.sportshine.eu\/it\/wp-json\/wp\/v2\/pages\/4940","targetHints":{"allow":["GET"]}}],"collection":[{"href":"https:\/\/www.sportshine.eu\/it\/wp-json\/wp\/v2\/pages"}],"about":[{"href":"https:\/\/www.sportshine.eu\/it\/wp-json\/wp\/v2\/types\/page"}],"author":[{"embeddable":true,"href":"https:\/\/www.sportshine.eu\/it\/wp-json\/wp\/v2\/users\/1"}],"replies":[{"embeddable":true,"href":"https:\/\/www.sportshine.eu\/it\/wp-json\/wp\/v2\/comments?post=4940"}],"version-history":[{"count":0,"href":"https:\/\/www.sportshine.eu\/it\/wp-json\/wp\/v2\/pages\/4940\/revisions"}],"wp:attachment":[{"href":"https:\/\/www.sportshine.eu\/it\/wp-json\/wp\/v2\/media?parent=4940"}],"curies":[{"name":"parola chiave","href":"https:\/\/api.w.org\/{rel}","templated":true}]}}