{"id":4936,"date":"2025-06-23T21:09:45","date_gmt":"2025-06-23T21:09:45","guid":{"rendered":"https:\/\/www.sportshine.eu\/?page_id=4936"},"modified":"2025-11-01T23:57:06","modified_gmt":"2025-11-01T23:57:06","slug":"restituzione-del-prodotto-e-condizioni-di-reso-2","status":"publish","type":"page","link":"https:\/\/www.sportshine.eu\/it\/restituzione-del-prodotto-e-condizioni-di-reso-2\/","title":{"rendered":"Condizioni di consegna e listino prezzi"},"content":{"rendered":"<p><\/p>\n\n\n\n<p><strong>Tempi di consegna:<br><\/strong>La merce verr\u00e0 spedita il prima possibile. Gli ordini disponibili in magazzino effettuati entro le 13:00 di un giorno lavorativo verranno spediti il giorno stesso. Riceverai una notifica nella tua casella email il giorno della spedizione del pacco.<\/p>\n\n\n\n<p>Tutti gli ordini ricevuti entro le 16:00 nei giorni feriali verranno elaborati il giorno stesso. Le Poste Slovene garantiscono la consegna in tutta la Slovenia entro 3 giorni lavorativi, a seconda della posizione dell&#039;ufficio postale. Se ritieni che la consegna del tuo ordine sia in ritardo, ti preghiamo di informarci immediatamente all&#039;indirizzo info@sportshine.eu o di chiamarci al numero 041 798 307. Faremo del nostro meglio per garantire che tu riceva la merce ordinata il prima possibile. Per le spedizioni nei paesi dell&#039;UE, utilizziamo il servizio di consegna Packeta.<\/p>\n\n\n\n<p><strong>Costi di spedizione<\/strong> <strong>in Slovenia<\/strong> <strong>\u2013<\/strong>\u00a04,40 euro.<\/p>\n\n\n\n<p><strong>Costi di spedizione per la Croazia \u2013<\/strong> 4,40 euro.<\/p>\n\n\n\n<p><strong>Costi di spedizione verso altri paesi dell&#039;UE \u2013<\/strong> 5 euro.<\/p>\n\n\n\n<p>Se l&#039;importo totale dell&#039;ordine \u00e8 superiore a 80 EUR,&nbsp;<strong>spedizione gratuita<\/strong>(vale anche per altri paesi)<\/p>\n\n\n\n<p>Se hai bisogno urgentemente del prodotto entro una certa data (compleanni, festivit\u00e0, ecc.), ti consigliamo di effettuare l&#039;ordine con sufficiente anticipo e di aggiungere nei commenti che si tratta di una consegna urgente, cos\u00ec potremo contattarti immediatamente in caso di complicazioni.<\/p>","protected":false},"excerpt":{"rendered":"<p>\u010cas\u00a0dostave:Blago bo odposlano v najkraj\u0161em mo\u017enem \u010dasu. Naro\u010dila na zalogi, naro\u010dena do 13.00 ure delovnega dne, bodo odpremljena \u0161e isti dan. Na dan, ko vam bomo paket poslali, boste v svoj e-po\u0161tni nabiralnik prejeli obvestilo o zaklju\u010dku naro\u010dila. Vsa naro\u010dila, ki jih med delovniki prejmemo do 16.00 ure, bodo obdelana \u0161e isti dan. Po\u0161ta Slovenije. [&hellip;]<\/p>\n","protected":false},"author":1,"featured_media":0,"parent":0,"menu_order":0,"comment_status":"closed","ping_status":"closed","template":"","meta":{"footnotes":""},"class_list":["post-4936","page","type-page","status-publish","hentry"],"yoast_head":"<!-- This site is optimized with the Yoast SEO plugin v27.3 - https:\/\/yoast.com\/product\/yoast-seo-wordpress\/ -->\n<title>Pogoji in cenik dostave<\/title>\n<meta name=\"robots\" content=\"noindex, nofollow\" \/>\n<meta property=\"og:locale\" content=\"it_IT\" \/>\n<meta property=\"og:type\" content=\"article\" \/>\n<meta property=\"og:title\" content=\"Pogoji in cenik dostave\" \/>\n<meta property=\"og:description\" content=\"\u010cas\u00a0dostave:Blago bo odposlano v najkraj\u0161em mo\u017enem \u010dasu. Naro\u010dila na zalogi, naro\u010dena do 13.00 ure delovnega dne, bodo odpremljena \u0161e isti dan. Na dan, ko vam bomo paket poslali, boste v svoj e-po\u0161tni nabiralnik prejeli obvestilo o zaklju\u010dku naro\u010dila. Vsa naro\u010dila, ki jih med delovniki prejmemo do 16.00 ure, bodo obdelana \u0161e isti dan. Po\u0161ta Slovenije. [&hellip;]\" \/>\n<meta property=\"og:url\" content=\"https:\/\/www.sportshine.eu\/it\/restituzione-del-prodotto-e-condizioni-di-reso-2\/\" \/>\n<meta property=\"og:site_name\" content=\"Sportshine\" \/>\n<meta property=\"article:publisher\" content=\"https:\/\/www.facebook.com\/sportshine.eu\/\" \/>\n<meta property=\"article:modified_time\" content=\"2025-11-01T23:57:06+00:00\" \/>\n<meta name=\"twitter:card\" content=\"summary_large_image\" \/>\n<meta name=\"twitter:label1\" content=\"Tempo di lettura stimato\" \/>\n\t<meta name=\"twitter:data1\" content=\"1 minuto\" \/>\n<script type=\"application\/ld+json\" class=\"yoast-schema-graph\">{\"@context\":\"https:\\\/\\\/schema.org\",\"@graph\":[{\"@type\":\"WebPage\",\"@id\":\"https:\\\/\\\/www.sportshine.eu\\\/vracilo-izdelka-in-pogoji-za-vracilo-2\\\/\",\"url\":\"https:\\\/\\\/www.sportshine.eu\\\/vracilo-izdelka-in-pogoji-za-vracilo-2\\\/\",\"name\":\"Pogoji in cenik dostave\",\"isPartOf\":{\"@id\":\"https:\\\/\\\/www.sportshine.eu\\\/#website\"},\"datePublished\":\"2025-06-23T21:09:45+00:00\",\"dateModified\":\"2025-11-01T23:57:06+00:00\",\"breadcrumb\":{\"@id\":\"https:\\\/\\\/www.sportshine.eu\\\/vracilo-izdelka-in-pogoji-za-vracilo-2\\\/#breadcrumb\"},\"inLanguage\":\"it-IT\",\"potentialAction\":[{\"@type\":\"ReadAction\",\"target\":[\"https:\\\/\\\/www.sportshine.eu\\\/vracilo-izdelka-in-pogoji-za-vracilo-2\\\/\"]}]},{\"@type\":\"BreadcrumbList\",\"@id\":\"https:\\\/\\\/www.sportshine.eu\\\/vracilo-izdelka-in-pogoji-za-vracilo-2\\\/#breadcrumb\",\"itemListElement\":[{\"@type\":\"ListItem\",\"position\":1,\"name\":\"Home\",\"item\":\"https:\\\/\\\/www.sportshine.eu\\\/\"},{\"@type\":\"ListItem\",\"position\":2,\"name\":\"Pogoji in cenik dostave\"}]},{\"@type\":\"WebSite\",\"@id\":\"https:\\\/\\\/www.sportshine.eu\\\/#website\",\"url\":\"https:\\\/\\\/www.sportshine.eu\\\/\",\"name\":\"Sportshine\",\"description\":\"Top spletna trgovina kolesarskih in naglavnih svetilk ter opreme\",\"publisher\":{\"@id\":\"https:\\\/\\\/www.sportshine.eu\\\/#organization\"},\"potentialAction\":[{\"@type\":\"SearchAction\",\"target\":{\"@type\":\"EntryPoint\",\"urlTemplate\":\"https:\\\/\\\/www.sportshine.eu\\\/?s={search_term_string}\"},\"query-input\":{\"@type\":\"PropertyValueSpecification\",\"valueRequired\":true,\"valueName\":\"search_term_string\"}}],\"inLanguage\":\"it-IT\"},{\"@type\":\"Organization\",\"@id\":\"https:\\\/\\\/www.sportshine.eu\\\/#organization\",\"name\":\"Sportshine\",\"url\":\"https:\\\/\\\/www.sportshine.eu\\\/\",\"logo\":{\"@type\":\"ImageObject\",\"inLanguage\":\"it-IT\",\"@id\":\"https:\\\/\\\/www.sportshine.eu\\\/#\\\/schema\\\/logo\\\/image\\\/\",\"url\":\"https:\\\/\\\/www.sportshine.eu\\\/wp-content\\\/uploads\\\/2026\\\/01\\\/cropped-Sportshine.webp\",\"contentUrl\":\"https:\\\/\\\/www.sportshine.eu\\\/wp-content\\\/uploads\\\/2026\\\/01\\\/cropped-Sportshine.webp\",\"width\":295,\"height\":128,\"caption\":\"Sportshine\"},\"image\":{\"@id\":\"https:\\\/\\\/www.sportshine.eu\\\/#\\\/schema\\\/logo\\\/image\\\/\"},\"sameAs\":[\"https:\\\/\\\/www.facebook.com\\\/sportshine.eu\\\/\"]}]}<\/script>\n<!-- \/ Yoast SEO plugin. -->","yoast_head_json":{"title":"Condizioni di consegna e listino prezzi","robots":{"index":"noindex","follow":"nofollow"},"og_locale":"it_IT","og_type":"article","og_title":"Pogoji in cenik dostave","og_description":"\u010cas\u00a0dostave:Blago bo odposlano v najkraj\u0161em mo\u017enem \u010dasu. Naro\u010dila na zalogi, naro\u010dena do 13.00 ure delovnega dne, bodo odpremljena \u0161e isti dan. Na dan, ko vam bomo paket poslali, boste v svoj e-po\u0161tni nabiralnik prejeli obvestilo o zaklju\u010dku naro\u010dila. Vsa naro\u010dila, ki jih med delovniki prejmemo do 16.00 ure, bodo obdelana \u0161e isti dan. Po\u0161ta Slovenije. [&hellip;]","og_url":"https:\/\/www.sportshine.eu\/it\/restituzione-del-prodotto-e-condizioni-di-reso-2\/","og_site_name":"Sportshine","article_publisher":"https:\/\/www.facebook.com\/sportshine.eu\/","article_modified_time":"2025-11-01T23:57:06+00:00","twitter_card":"summary_large_image","twitter_misc":{"Tempo di lettura stimato":"1 minuto"},"schema":{"@context":"https:\/\/schema.org","@graph":[{"@type":"WebPage","@id":"https:\/\/www.sportshine.eu\/vracilo-izdelka-in-pogoji-za-vracilo-2\/","url":"https:\/\/www.sportshine.eu\/vracilo-izdelka-in-pogoji-za-vracilo-2\/","name":"Condizioni di consegna e listino prezzi","isPartOf":{"@id":"https:\/\/www.sportshine.eu\/#website"},"datePublished":"2025-06-23T21:09:45+00:00","dateModified":"2025-11-01T23:57:06+00:00","breadcrumb":{"@id":"https:\/\/www.sportshine.eu\/vracilo-izdelka-in-pogoji-za-vracilo-2\/#breadcrumb"},"inLanguage":"it-IT","potentialAction":[{"@type":"ReadAction","target":["https:\/\/www.sportshine.eu\/vracilo-izdelka-in-pogoji-za-vracilo-2\/"]}]},{"@type":"BreadcrumbList","@id":"https:\/\/www.sportshine.eu\/vracilo-izdelka-in-pogoji-za-vracilo-2\/#breadcrumb","itemListElement":[{"@type":"ListItem","position":1,"name":"Home","item":"https:\/\/www.sportshine.eu\/"},{"@type":"ListItem","position":2,"name":"Pogoji in cenik dostave"}]},{"@type":"WebSite","@id":"https:\/\/www.sportshine.eu\/#website","url":"https:\/\/www.sportshine.eu\/","name":"Sportshine","description":"Il miglior negozio online per ciclismo, lampade frontali e attrezzature","publisher":{"@id":"https:\/\/www.sportshine.eu\/#organization"},"potentialAction":[{"@type":"SearchAction","target":{"@type":"EntryPoint","urlTemplate":"https:\/\/www.sportshine.eu\/?s={search_term_string}"},"query-input":{"@type":"PropertyValueSpecification","valueRequired":true,"valueName":"search_term_string"}}],"inLanguage":"it-IT"},{"@type":"Organization","@id":"https:\/\/www.sportshine.eu\/#organization","name":"Sportshine","url":"https:\/\/www.sportshine.eu\/","logo":{"@type":"ImageObject","inLanguage":"it-IT","@id":"https:\/\/www.sportshine.eu\/#\/schema\/logo\/image\/","url":"https:\/\/www.sportshine.eu\/wp-content\/uploads\/2026\/01\/cropped-Sportshine.webp","contentUrl":"https:\/\/www.sportshine.eu\/wp-content\/uploads\/2026\/01\/cropped-Sportshine.webp","width":295,"height":128,"caption":"Sportshine"},"image":{"@id":"https:\/\/www.sportshine.eu\/#\/schema\/logo\/image\/"},"sameAs":["https:\/\/www.facebook.com\/sportshine.eu\/"]}]}},"_links":{"self":[{"href":"https:\/\/www.sportshine.eu\/it\/wp-json\/wp\/v2\/pages\/4936","targetHints":{"allow":["GET"]}}],"collection":[{"href":"https:\/\/www.sportshine.eu\/it\/wp-json\/wp\/v2\/pages"}],"about":[{"href":"https:\/\/www.sportshine.eu\/it\/wp-json\/wp\/v2\/types\/page"}],"author":[{"embeddable":true,"href":"https:\/\/www.sportshine.eu\/it\/wp-json\/wp\/v2\/users\/1"}],"replies":[{"embeddable":true,"href":"https:\/\/www.sportshine.eu\/it\/wp-json\/wp\/v2\/comments?post=4936"}],"version-history":[{"count":0,"href":"https:\/\/www.sportshine.eu\/it\/wp-json\/wp\/v2\/pages\/4936\/revisions"}],"wp:attachment":[{"href":"https:\/\/www.sportshine.eu\/it\/wp-json\/wp\/v2\/media?parent=4936"}],"curies":[{"name":"parola chiave","href":"https:\/\/api.w.org\/{rel}","templated":true}]}}