{"id":12,"date":"2025-06-23T21:00:52","date_gmt":"2025-06-23T21:00:52","guid":{"rendered":"https:\/\/www.sportshine.eu\/?page_id=12"},"modified":"2025-08-02T15:39:31","modified_gmt":"2025-08-02T15:39:31","slug":"restituzione-del-prodotto-e-condizioni-di-reso","status":"publish","type":"page","link":"https:\/\/www.sportshine.eu\/it\/restituzione-del-prodotto-e-condizioni-di-reso\/","title":{"rendered":"Restituzione del prodotto e condizioni di reso"},"content":{"rendered":"<p>Se desideri annullare il tuo ordine, ti preghiamo di contattarci all&#039;indirizzo info@sportshine.eu. I clienti che non sono soddisfatti dei prodotti ordinati possono restituire la merce a proprie spese entro il termine di legge. Il termine per la restituzione della merce \u00e8 di 30 giorni dal giorno in cui l&#039;acquirente ne acquisisce il possesso.<\/p>\n\n\n\n<p>Il Fornitore sospender\u00e0 il rimborso dei pagamenti ricevuti fino al ricevimento della merce restituita o fino alla presentazione da parte dell&#039;Acquirente della prova di averla rispedita. Il Fornitore rimborser\u00e0 all&#039;Acquirente l&#039;intero importo dell&#039;acquisto.<\/p>\n\n\n\n<p>In caso di recesso dal contratto, l&#039;acquirente si fa carico solo delle spese di restituzione della merce. Alla restituzione della merce si applicano le disposizioni dell&#039;articolo 43 della Legge sulla tutela dei consumatori. Consideriamo la restituzione solo se la merce restituita \u00e8 nell&#039;imballaggio originale e integro, insieme alla documentazione di accompagnamento. A meno che la merce non venga distrutta, danneggiata, persa o la sua quantit\u00e0 non sia diminuita per cause indipendenti dalla volont\u00e0 dell&#039;acquirente.<\/p>\n\n\n\n<p>L&#039;acquirente \u00e8 responsabile per qualsiasi diminuzione del valore dei beni se tale diminuzione \u00e8 dovuta a una condotta non strettamente necessaria per stabilire la natura, le propriet\u00e0 e il funzionamento dei beni. Il rimborso verr\u00e0 effettuato il prima possibile, e comunque non oltre 30 giorni dal ricevimento della comunicazione di recesso dal contratto. Il rimborso verr\u00e0 effettuato sul conto bancario dell&#039;acquirente. La restituzione dei beni ricevuti all&#039;azienda entro il periodo di recesso \u00e8 considerata una comunicazione di recesso dal contratto. Utilizzeremo i tuoi dati personali esclusivamente per l&#039;evasione dell&#039;ordine e per altre comunicazioni necessarie. Puoi restituire i prodotti per posta al seguente indirizzo:<\/p>\n\n\n\n<ul class=\"wp-block-list\">\n<li>SPORTSHINE, Ale\u0161 Vicozi sp<br>Via Kamnikar 27<br>1291 Lavrica Slovenia<\/li>\n<\/ul>\n\n\n\n<p>Entro e non oltre 30 giorni rimborseremo il prezzo di acquisto dei prodotti restituiti sul tuo conto corrente oppure, previo accordo, lo considereremo come credito per il tuo prossimo acquisto.<\/p>\n\n\n\n<p><\/p>\n\n\n\n<p><\/p>","protected":false},"excerpt":{"rendered":"<p>\u010ce \u017eelite preklicati naro\u010dilo, nam pi\u0161ite na naslovu info@sportshine.eu. Kupci, ki z naro\u010denimi izdelki niso zadovoljni, lahko blago na svoje stro\u0161ke v zakonsko dolo\u010denem roku vrnejo. Rok za vra\u010dilo blaga je 30 dni od dne, ko kupec pridobi posest nad blagom. Ponudnik zadr\u017ei vra\u010dilo prejetih pla\u010dil do prevzema vrnjenega blaga ali dokler kupec ne predlo\u017ei [&hellip;]<\/p>\n","protected":false},"author":1,"featured_media":0,"parent":0,"menu_order":0,"comment_status":"closed","ping_status":"closed","template":"","meta":{"footnotes":""},"class_list":["post-12","page","type-page","status-publish","hentry"],"yoast_head":"<!-- This site is optimized with the Yoast SEO plugin v27.3 - https:\/\/yoast.com\/product\/yoast-seo-wordpress\/ -->\n<title>Vra\u010dilo izdelka in pogoji za vra\u010dilo<\/title>\n<meta name=\"robots\" content=\"noindex, nofollow\" \/>\n<meta property=\"og:locale\" content=\"it_IT\" \/>\n<meta property=\"og:type\" content=\"article\" \/>\n<meta property=\"og:title\" content=\"Vra\u010dilo izdelka in pogoji za vra\u010dilo\" \/>\n<meta property=\"og:description\" content=\"\u010ce \u017eelite preklicati naro\u010dilo, nam pi\u0161ite na naslovu info@sportshine.eu. Kupci, ki z naro\u010denimi izdelki niso zadovoljni, lahko blago na svoje stro\u0161ke v zakonsko dolo\u010denem roku vrnejo. Rok za vra\u010dilo blaga je 30 dni od dne, ko kupec pridobi posest nad blagom. Ponudnik zadr\u017ei vra\u010dilo prejetih pla\u010dil do prevzema vrnjenega blaga ali dokler kupec ne predlo\u017ei [&hellip;]\" \/>\n<meta property=\"og:url\" content=\"https:\/\/www.sportshine.eu\/it\/restituzione-del-prodotto-e-condizioni-di-reso\/\" \/>\n<meta property=\"og:site_name\" content=\"Sportshine\" \/>\n<meta property=\"article:publisher\" content=\"https:\/\/www.facebook.com\/sportshine.eu\/\" \/>\n<meta property=\"article:modified_time\" content=\"2025-08-02T15:39:31+00:00\" \/>\n<meta name=\"twitter:card\" content=\"summary_large_image\" \/>\n<meta name=\"twitter:label1\" content=\"Tempo di lettura stimato\" \/>\n\t<meta name=\"twitter:data1\" content=\"2 minuti\" \/>\n<script type=\"application\/ld+json\" class=\"yoast-schema-graph\">{\"@context\":\"https:\\\/\\\/schema.org\",\"@graph\":[{\"@type\":\"WebPage\",\"@id\":\"https:\\\/\\\/www.sportshine.eu\\\/vracilo-izdelka-in-pogoji-za-vracilo\\\/\",\"url\":\"https:\\\/\\\/www.sportshine.eu\\\/vracilo-izdelka-in-pogoji-za-vracilo\\\/\",\"name\":\"Vra\u010dilo izdelka in pogoji za vra\u010dilo\",\"isPartOf\":{\"@id\":\"https:\\\/\\\/www.sportshine.eu\\\/#website\"},\"datePublished\":\"2025-06-23T21:00:52+00:00\",\"dateModified\":\"2025-08-02T15:39:31+00:00\",\"breadcrumb\":{\"@id\":\"https:\\\/\\\/www.sportshine.eu\\\/vracilo-izdelka-in-pogoji-za-vracilo\\\/#breadcrumb\"},\"inLanguage\":\"it-IT\",\"potentialAction\":[{\"@type\":\"ReadAction\",\"target\":[\"https:\\\/\\\/www.sportshine.eu\\\/vracilo-izdelka-in-pogoji-za-vracilo\\\/\"]}]},{\"@type\":\"BreadcrumbList\",\"@id\":\"https:\\\/\\\/www.sportshine.eu\\\/vracilo-izdelka-in-pogoji-za-vracilo\\\/#breadcrumb\",\"itemListElement\":[{\"@type\":\"ListItem\",\"position\":1,\"name\":\"Home\",\"item\":\"https:\\\/\\\/www.sportshine.eu\\\/\"},{\"@type\":\"ListItem\",\"position\":2,\"name\":\"Vra\u010dilo izdelka in pogoji za vra\u010dilo\"}]},{\"@type\":\"WebSite\",\"@id\":\"https:\\\/\\\/www.sportshine.eu\\\/#website\",\"url\":\"https:\\\/\\\/www.sportshine.eu\\\/\",\"name\":\"Sportshine\",\"description\":\"Top spletna trgovina kolesarskih in naglavnih svetilk ter opreme\",\"publisher\":{\"@id\":\"https:\\\/\\\/www.sportshine.eu\\\/#organization\"},\"potentialAction\":[{\"@type\":\"SearchAction\",\"target\":{\"@type\":\"EntryPoint\",\"urlTemplate\":\"https:\\\/\\\/www.sportshine.eu\\\/?s={search_term_string}\"},\"query-input\":{\"@type\":\"PropertyValueSpecification\",\"valueRequired\":true,\"valueName\":\"search_term_string\"}}],\"inLanguage\":\"it-IT\"},{\"@type\":\"Organization\",\"@id\":\"https:\\\/\\\/www.sportshine.eu\\\/#organization\",\"name\":\"Sportshine\",\"url\":\"https:\\\/\\\/www.sportshine.eu\\\/\",\"logo\":{\"@type\":\"ImageObject\",\"inLanguage\":\"it-IT\",\"@id\":\"https:\\\/\\\/www.sportshine.eu\\\/#\\\/schema\\\/logo\\\/image\\\/\",\"url\":\"https:\\\/\\\/www.sportshine.eu\\\/wp-content\\\/uploads\\\/2026\\\/01\\\/cropped-Sportshine.webp\",\"contentUrl\":\"https:\\\/\\\/www.sportshine.eu\\\/wp-content\\\/uploads\\\/2026\\\/01\\\/cropped-Sportshine.webp\",\"width\":295,\"height\":128,\"caption\":\"Sportshine\"},\"image\":{\"@id\":\"https:\\\/\\\/www.sportshine.eu\\\/#\\\/schema\\\/logo\\\/image\\\/\"},\"sameAs\":[\"https:\\\/\\\/www.facebook.com\\\/sportshine.eu\\\/\"]}]}<\/script>\n<!-- \/ Yoast SEO plugin. -->","yoast_head_json":{"title":"Restituzione del prodotto e condizioni di reso","robots":{"index":"noindex","follow":"nofollow"},"og_locale":"it_IT","og_type":"article","og_title":"Vra\u010dilo izdelka in pogoji za vra\u010dilo","og_description":"\u010ce \u017eelite preklicati naro\u010dilo, nam pi\u0161ite na naslovu info@sportshine.eu. Kupci, ki z naro\u010denimi izdelki niso zadovoljni, lahko blago na svoje stro\u0161ke v zakonsko dolo\u010denem roku vrnejo. Rok za vra\u010dilo blaga je 30 dni od dne, ko kupec pridobi posest nad blagom. Ponudnik zadr\u017ei vra\u010dilo prejetih pla\u010dil do prevzema vrnjenega blaga ali dokler kupec ne predlo\u017ei [&hellip;]","og_url":"https:\/\/www.sportshine.eu\/it\/restituzione-del-prodotto-e-condizioni-di-reso\/","og_site_name":"Sportshine","article_publisher":"https:\/\/www.facebook.com\/sportshine.eu\/","article_modified_time":"2025-08-02T15:39:31+00:00","twitter_card":"summary_large_image","twitter_misc":{"Tempo di lettura stimato":"2 minuti"},"schema":{"@context":"https:\/\/schema.org","@graph":[{"@type":"WebPage","@id":"https:\/\/www.sportshine.eu\/vracilo-izdelka-in-pogoji-za-vracilo\/","url":"https:\/\/www.sportshine.eu\/vracilo-izdelka-in-pogoji-za-vracilo\/","name":"Restituzione del prodotto e condizioni di reso","isPartOf":{"@id":"https:\/\/www.sportshine.eu\/#website"},"datePublished":"2025-06-23T21:00:52+00:00","dateModified":"2025-08-02T15:39:31+00:00","breadcrumb":{"@id":"https:\/\/www.sportshine.eu\/vracilo-izdelka-in-pogoji-za-vracilo\/#breadcrumb"},"inLanguage":"it-IT","potentialAction":[{"@type":"ReadAction","target":["https:\/\/www.sportshine.eu\/vracilo-izdelka-in-pogoji-za-vracilo\/"]}]},{"@type":"BreadcrumbList","@id":"https:\/\/www.sportshine.eu\/vracilo-izdelka-in-pogoji-za-vracilo\/#breadcrumb","itemListElement":[{"@type":"ListItem","position":1,"name":"Home","item":"https:\/\/www.sportshine.eu\/"},{"@type":"ListItem","position":2,"name":"Vra\u010dilo izdelka in pogoji za vra\u010dilo"}]},{"@type":"WebSite","@id":"https:\/\/www.sportshine.eu\/#website","url":"https:\/\/www.sportshine.eu\/","name":"Sportshine","description":"Il miglior negozio online per ciclismo, lampade frontali e attrezzature","publisher":{"@id":"https:\/\/www.sportshine.eu\/#organization"},"potentialAction":[{"@type":"SearchAction","target":{"@type":"EntryPoint","urlTemplate":"https:\/\/www.sportshine.eu\/?s={search_term_string}"},"query-input":{"@type":"PropertyValueSpecification","valueRequired":true,"valueName":"search_term_string"}}],"inLanguage":"it-IT"},{"@type":"Organization","@id":"https:\/\/www.sportshine.eu\/#organization","name":"Sportshine","url":"https:\/\/www.sportshine.eu\/","logo":{"@type":"ImageObject","inLanguage":"it-IT","@id":"https:\/\/www.sportshine.eu\/#\/schema\/logo\/image\/","url":"https:\/\/www.sportshine.eu\/wp-content\/uploads\/2026\/01\/cropped-Sportshine.webp","contentUrl":"https:\/\/www.sportshine.eu\/wp-content\/uploads\/2026\/01\/cropped-Sportshine.webp","width":295,"height":128,"caption":"Sportshine"},"image":{"@id":"https:\/\/www.sportshine.eu\/#\/schema\/logo\/image\/"},"sameAs":["https:\/\/www.facebook.com\/sportshine.eu\/"]}]}},"_links":{"self":[{"href":"https:\/\/www.sportshine.eu\/it\/wp-json\/wp\/v2\/pages\/12","targetHints":{"allow":["GET"]}}],"collection":[{"href":"https:\/\/www.sportshine.eu\/it\/wp-json\/wp\/v2\/pages"}],"about":[{"href":"https:\/\/www.sportshine.eu\/it\/wp-json\/wp\/v2\/types\/page"}],"author":[{"embeddable":true,"href":"https:\/\/www.sportshine.eu\/it\/wp-json\/wp\/v2\/users\/1"}],"replies":[{"embeddable":true,"href":"https:\/\/www.sportshine.eu\/it\/wp-json\/wp\/v2\/comments?post=12"}],"version-history":[{"count":0,"href":"https:\/\/www.sportshine.eu\/it\/wp-json\/wp\/v2\/pages\/12\/revisions"}],"wp:attachment":[{"href":"https:\/\/www.sportshine.eu\/it\/wp-json\/wp\/v2\/media?parent=12"}],"curies":[{"name":"parola chiave","href":"https:\/\/api.w.org\/{rel}","templated":true}]}}