{"id":8307,"date":"2025-11-02T21:43:17","date_gmt":"2025-11-02T21:43:17","guid":{"rendered":"https:\/\/www.sportshine.eu\/?post_type=product&#038;p=8307"},"modified":"2026-03-02T21:12:03","modified_gmt":"2026-03-02T21:12:03","slug":"magicshine-evo-1700-konzolkeszlet","status":"publish","type":"product","link":"https:\/\/www.sportshine.eu\/hu\/uzlet\/magicshine-evo-1700-konzolkeszlet\/","title":{"rendered":"Magicshine EVO 1700 konzolk\u00e9szlet"},"content":{"rendered":"<p>A csomag tartalma:<\/p>\n<ul>\n<li>M\u0171anyag tok \u00d71<\/li>\n<li>Kiold\u00f3gomb \u00d71<\/li>\n<li>GoPro foglalat \u00d71<\/li>\n<li>1 db imbuszkulcs (Torx)<\/li>\n<li>Csavarok \u00d71<\/li>\n<\/ul>","protected":false},"excerpt":{"rendered":"<p data-start=\"114\" data-end=\"374\"><strong data-start=\"51\" data-end=\"122\">Magicshine EVO 1700 konzolk\u00e9szlet <\/strong>Tartalmaz egy m\u0171anyag h\u00e1zat, kiold\u00f3gombot, GoPro tart\u00f3t, imbuszkulcsot \u00e9s csavarokat, amelyek lehet\u0151v\u00e9 teszik az EVO 1700 als\u00f3 r\u00f6gz\u00edt\u00e9s\u0171 ker\u00e9kp\u00e1rl\u00e1mp\u00e1j\u00e1nak tart\u00f3j\u00e1nak egyszer\u0171 cser\u00e9j\u00e9t.<\/p>","protected":false},"featured_media":8311,"comment_status":"open","ping_status":"closed","template":"","meta":[],"product_brand":[131],"product_cat":[87],"product_tag":[],"class_list":{"0":"post-8307","1":"product","2":"type-product","3":"status-publish","4":"has-post-thumbnail","6":"product_brand-magicshine","7":"product_cat-kolesarski-nosilci","9":"first","10":"instock","11":"taxable","12":"shipping-taxable","13":"purchasable","14":"product-type-simple"},"yoast_head":"<!-- This site is optimized with the Yoast SEO plugin v27.3 - https:\/\/yoast.com\/product\/yoast-seo-wordpress\/ -->\n<title>Magicshine EVO 1700 set nosilcev<\/title>\n<meta name=\"robots\" content=\"index, follow, max-snippet:-1, max-image-preview:large, max-video-preview:-1\" \/>\n<link rel=\"canonical\" href=\"https:\/\/www.sportshine.eu\/hu\/uzlet\/magicshine-evo-1700-konzolkeszlet\/\" \/>\n<meta property=\"og:locale\" content=\"hu_HU\" \/>\n<meta property=\"og:type\" content=\"article\" \/>\n<meta property=\"og:title\" content=\"Magicshine EVO 1700 set nosilcev\" \/>\n<meta property=\"og:description\" content=\"Komplet nosilcev Magicshine EVO 1700 vsebuje plasti\u010dno ohi\u0161je, sprostitveni gumb, nosilec za GoPro, \u0161estrobni klju\u010d in vijake, ki vam omogo\u010dajo enostavno zamenjavo nosilca na va\u0161i spodaj name\u0161\u010deni kolesarski lu\u010di EVO 1700.\" \/>\n<meta property=\"og:url\" content=\"https:\/\/www.sportshine.eu\/hu\/uzlet\/magicshine-evo-1700-konzolkeszlet\/\" \/>\n<meta property=\"og:site_name\" content=\"Sportshine\" \/>\n<meta property=\"article:publisher\" content=\"https:\/\/www.facebook.com\/sportshine.eu\/\" \/>\n<meta property=\"article:modified_time\" content=\"2026-03-02T21:12:03+00:00\" \/>\n<meta property=\"og:image\" content=\"https:\/\/www.sportshine.eu\/wp-content\/uploads\/2025\/11\/Magicshine-Evo-1700-set-nosilcev-1.webp\" \/>\n\t<meta property=\"og:image:width\" content=\"800\" \/>\n\t<meta property=\"og:image:height\" content=\"800\" \/>\n\t<meta property=\"og:image:type\" content=\"image\/webp\" \/>\n<meta name=\"twitter:card\" content=\"summary_large_image\" \/>\n<meta name=\"twitter:label1\" content=\"Becs\u00fclt olvas\u00e1si id\u0151\" \/>\n\t<meta name=\"twitter:data1\" content=\"1 perc\" \/>\n<script type=\"application\/ld+json\" class=\"yoast-schema-graph\">{\"@context\":\"https:\\\/\\\/schema.org\",\"@graph\":[{\"@type\":\"WebPage\",\"@id\":\"https:\\\/\\\/www.sportshine.eu\\\/trgovina\\\/magicshine-evo-1700-set-nosilcev\\\/\",\"url\":\"https:\\\/\\\/www.sportshine.eu\\\/trgovina\\\/magicshine-evo-1700-set-nosilcev\\\/\",\"name\":\"Magicshine EVO 1700 set nosilcev\",\"isPartOf\":{\"@id\":\"https:\\\/\\\/www.sportshine.eu\\\/#website\"},\"primaryImageOfPage\":{\"@id\":\"https:\\\/\\\/www.sportshine.eu\\\/trgovina\\\/magicshine-evo-1700-set-nosilcev\\\/#primaryimage\"},\"image\":{\"@id\":\"https:\\\/\\\/www.sportshine.eu\\\/trgovina\\\/magicshine-evo-1700-set-nosilcev\\\/#primaryimage\"},\"thumbnailUrl\":\"https:\\\/\\\/www.sportshine.eu\\\/wp-content\\\/uploads\\\/2025\\\/11\\\/Magicshine-Evo-1700-set-nosilcev-1.webp\",\"datePublished\":\"2025-11-02T21:43:17+00:00\",\"dateModified\":\"2026-03-02T21:12:03+00:00\",\"breadcrumb\":{\"@id\":\"https:\\\/\\\/www.sportshine.eu\\\/trgovina\\\/magicshine-evo-1700-set-nosilcev\\\/#breadcrumb\"},\"inLanguage\":\"hu\",\"potentialAction\":[{\"@type\":\"ReadAction\",\"target\":[\"https:\\\/\\\/www.sportshine.eu\\\/trgovina\\\/magicshine-evo-1700-set-nosilcev\\\/\"]}]},{\"@type\":\"ImageObject\",\"inLanguage\":\"hu\",\"@id\":\"https:\\\/\\\/www.sportshine.eu\\\/trgovina\\\/magicshine-evo-1700-set-nosilcev\\\/#primaryimage\",\"url\":\"https:\\\/\\\/www.sportshine.eu\\\/wp-content\\\/uploads\\\/2025\\\/11\\\/Magicshine-Evo-1700-set-nosilcev-1.webp\",\"contentUrl\":\"https:\\\/\\\/www.sportshine.eu\\\/wp-content\\\/uploads\\\/2025\\\/11\\\/Magicshine-Evo-1700-set-nosilcev-1.webp\",\"width\":800,\"height\":800,\"caption\":\"Magicshine Evo 1700 set nosilcev\"},{\"@type\":\"BreadcrumbList\",\"@id\":\"https:\\\/\\\/www.sportshine.eu\\\/trgovina\\\/magicshine-evo-1700-set-nosilcev\\\/#breadcrumb\",\"itemListElement\":[{\"@type\":\"ListItem\",\"position\":1,\"name\":\"Home\",\"item\":\"https:\\\/\\\/www.sportshine.eu\\\/\"},{\"@type\":\"ListItem\",\"position\":2,\"name\":\"Trgovina\",\"item\":\"https:\\\/\\\/www.sportshine.eu\\\/trgovina\\\/\"},{\"@type\":\"ListItem\",\"position\":3,\"name\":\"Magicshine EVO 1700 set nosilcev\"}]},{\"@type\":\"WebSite\",\"@id\":\"https:\\\/\\\/www.sportshine.eu\\\/#website\",\"url\":\"https:\\\/\\\/www.sportshine.eu\\\/\",\"name\":\"Sportshine\",\"description\":\"Top spletna trgovina kolesarskih in naglavnih svetilk ter opreme\",\"publisher\":{\"@id\":\"https:\\\/\\\/www.sportshine.eu\\\/#organization\"},\"potentialAction\":[{\"@type\":\"SearchAction\",\"target\":{\"@type\":\"EntryPoint\",\"urlTemplate\":\"https:\\\/\\\/www.sportshine.eu\\\/?s={search_term_string}\"},\"query-input\":{\"@type\":\"PropertyValueSpecification\",\"valueRequired\":true,\"valueName\":\"search_term_string\"}}],\"inLanguage\":\"hu\"},{\"@type\":\"Organization\",\"@id\":\"https:\\\/\\\/www.sportshine.eu\\\/#organization\",\"name\":\"Sportshine\",\"url\":\"https:\\\/\\\/www.sportshine.eu\\\/\",\"logo\":{\"@type\":\"ImageObject\",\"inLanguage\":\"hu\",\"@id\":\"https:\\\/\\\/www.sportshine.eu\\\/#\\\/schema\\\/logo\\\/image\\\/\",\"url\":\"https:\\\/\\\/www.sportshine.eu\\\/wp-content\\\/uploads\\\/2026\\\/01\\\/cropped-Sportshine.webp\",\"contentUrl\":\"https:\\\/\\\/www.sportshine.eu\\\/wp-content\\\/uploads\\\/2026\\\/01\\\/cropped-Sportshine.webp\",\"width\":295,\"height\":128,\"caption\":\"Sportshine\"},\"image\":{\"@id\":\"https:\\\/\\\/www.sportshine.eu\\\/#\\\/schema\\\/logo\\\/image\\\/\"},\"sameAs\":[\"https:\\\/\\\/www.facebook.com\\\/sportshine.eu\\\/\"]}]}<\/script>\n<!-- \/ Yoast SEO plugin. -->","yoast_head_json":{"title":"Magicshine EVO 1700 konzolk\u00e9szlet","robots":{"index":"index","follow":"follow","max-snippet":"max-snippet:-1","max-image-preview":"max-image-preview:large","max-video-preview":"max-video-preview:-1"},"canonical":"https:\/\/www.sportshine.eu\/hu\/uzlet\/magicshine-evo-1700-konzolkeszlet\/","og_locale":"hu_HU","og_type":"article","og_title":"Magicshine EVO 1700 set nosilcev","og_description":"Komplet nosilcev Magicshine EVO 1700 vsebuje plasti\u010dno ohi\u0161je, sprostitveni gumb, nosilec za GoPro, \u0161estrobni klju\u010d in vijake, ki vam omogo\u010dajo enostavno zamenjavo nosilca na va\u0161i spodaj name\u0161\u010deni kolesarski lu\u010di EVO 1700.","og_url":"https:\/\/www.sportshine.eu\/hu\/uzlet\/magicshine-evo-1700-konzolkeszlet\/","og_site_name":"Sportshine","article_publisher":"https:\/\/www.facebook.com\/sportshine.eu\/","article_modified_time":"2026-03-02T21:12:03+00:00","og_image":[{"width":800,"height":800,"url":"https:\/\/www.sportshine.eu\/wp-content\/uploads\/2025\/11\/Magicshine-Evo-1700-set-nosilcev-1.webp","type":"image\/webp"}],"twitter_card":"summary_large_image","twitter_misc":{"Becs\u00fclt olvas\u00e1si id\u0151":"1 perc"},"schema":{"@context":"https:\/\/schema.org","@graph":[{"@type":"WebPage","@id":"https:\/\/www.sportshine.eu\/trgovina\/magicshine-evo-1700-set-nosilcev\/","url":"https:\/\/www.sportshine.eu\/trgovina\/magicshine-evo-1700-set-nosilcev\/","name":"Magicshine EVO 1700 konzolk\u00e9szlet","isPartOf":{"@id":"https:\/\/www.sportshine.eu\/#website"},"primaryImageOfPage":{"@id":"https:\/\/www.sportshine.eu\/trgovina\/magicshine-evo-1700-set-nosilcev\/#primaryimage"},"image":{"@id":"https:\/\/www.sportshine.eu\/trgovina\/magicshine-evo-1700-set-nosilcev\/#primaryimage"},"thumbnailUrl":"https:\/\/www.sportshine.eu\/wp-content\/uploads\/2025\/11\/Magicshine-Evo-1700-set-nosilcev-1.webp","datePublished":"2025-11-02T21:43:17+00:00","dateModified":"2026-03-02T21:12:03+00:00","breadcrumb":{"@id":"https:\/\/www.sportshine.eu\/trgovina\/magicshine-evo-1700-set-nosilcev\/#breadcrumb"},"inLanguage":"hu","potentialAction":[{"@type":"ReadAction","target":["https:\/\/www.sportshine.eu\/trgovina\/magicshine-evo-1700-set-nosilcev\/"]}]},{"@type":"ImageObject","inLanguage":"hu","@id":"https:\/\/www.sportshine.eu\/trgovina\/magicshine-evo-1700-set-nosilcev\/#primaryimage","url":"https:\/\/www.sportshine.eu\/wp-content\/uploads\/2025\/11\/Magicshine-Evo-1700-set-nosilcev-1.webp","contentUrl":"https:\/\/www.sportshine.eu\/wp-content\/uploads\/2025\/11\/Magicshine-Evo-1700-set-nosilcev-1.webp","width":800,"height":800,"caption":"Magicshine Evo 1700 set nosilcev"},{"@type":"BreadcrumbList","@id":"https:\/\/www.sportshine.eu\/trgovina\/magicshine-evo-1700-set-nosilcev\/#breadcrumb","itemListElement":[{"@type":"ListItem","position":1,"name":"Home","item":"https:\/\/www.sportshine.eu\/"},{"@type":"ListItem","position":2,"name":"Trgovina","item":"https:\/\/www.sportshine.eu\/trgovina\/"},{"@type":"ListItem","position":3,"name":"Magicshine EVO 1700 set nosilcev"}]},{"@type":"WebSite","@id":"https:\/\/www.sportshine.eu\/#website","url":"https:\/\/www.sportshine.eu\/","name":"Sportshine","description":"Ker\u00e9kp\u00e1ros, fejl\u00e1mp\u00e1k \u00e9s felszerel\u00e9sek online \u00e1ruh\u00e1z\u00e1nak vezet\u0151 k\u00edn\u00e1lata","publisher":{"@id":"https:\/\/www.sportshine.eu\/#organization"},"potentialAction":[{"@type":"SearchAction","target":{"@type":"EntryPoint","urlTemplate":"https:\/\/www.sportshine.eu\/?s={search_term_string}"},"query-input":{"@type":"PropertyValueSpecification","valueRequired":true,"valueName":"search_term_string"}}],"inLanguage":"hu"},{"@type":"Organization","@id":"https:\/\/www.sportshine.eu\/#organization","name":"Sportshine","url":"https:\/\/www.sportshine.eu\/","logo":{"@type":"ImageObject","inLanguage":"hu","@id":"https:\/\/www.sportshine.eu\/#\/schema\/logo\/image\/","url":"https:\/\/www.sportshine.eu\/wp-content\/uploads\/2026\/01\/cropped-Sportshine.webp","contentUrl":"https:\/\/www.sportshine.eu\/wp-content\/uploads\/2026\/01\/cropped-Sportshine.webp","width":295,"height":128,"caption":"Sportshine"},"image":{"@id":"https:\/\/www.sportshine.eu\/#\/schema\/logo\/image\/"},"sameAs":["https:\/\/www.facebook.com\/sportshine.eu\/"]}]}},"_links":{"self":[{"href":"https:\/\/www.sportshine.eu\/hu\/wp-json\/wp\/v2\/product\/8307","targetHints":{"allow":["GET"]}}],"collection":[{"href":"https:\/\/www.sportshine.eu\/hu\/wp-json\/wp\/v2\/product"}],"about":[{"href":"https:\/\/www.sportshine.eu\/hu\/wp-json\/wp\/v2\/types\/product"}],"replies":[{"embeddable":true,"href":"https:\/\/www.sportshine.eu\/hu\/wp-json\/wp\/v2\/comments?post=8307"}],"version-history":[{"count":0,"href":"https:\/\/www.sportshine.eu\/hu\/wp-json\/wp\/v2\/product\/8307\/revisions"}],"wp:featuredmedia":[{"embeddable":true,"href":"https:\/\/www.sportshine.eu\/hu\/wp-json\/wp\/v2\/media\/8311"}],"wp:attachment":[{"href":"https:\/\/www.sportshine.eu\/hu\/wp-json\/wp\/v2\/media?parent=8307"}],"wp:term":[{"taxonomy":"product_brand","embeddable":true,"href":"https:\/\/www.sportshine.eu\/hu\/wp-json\/wp\/v2\/product_brand?post=8307"},{"taxonomy":"product_cat","embeddable":true,"href":"https:\/\/www.sportshine.eu\/hu\/wp-json\/wp\/v2\/product_cat?post=8307"},{"taxonomy":"product_tag","embeddable":true,"href":"https:\/\/www.sportshine.eu\/hu\/wp-json\/wp\/v2\/product_tag?post=8307"}],"curies":[{"name":"wp","href":"https:\/\/api.w.org\/{rel}","templated":true}]}}