{"id":8093,"date":"2026-03-01T08:14:28","date_gmt":"2026-03-01T08:14:28","guid":{"rendered":"https:\/\/www.sportshine.eu\/?post_type=product&#038;p=8093"},"modified":"2026-04-07T19:56:06","modified_gmt":"2026-04-07T19:56:06","slug":"magicshine-hori-900-kerekparlampak","status":"publish","type":"product","link":"https:\/\/www.sportshine.eu\/hu\/uzlet\/magicshine-hori-900-kerekparlampak\/","title":{"rendered":"Magicshine HORI 900 ker\u00e9kp\u00e1rl\u00e1mpa"},"content":{"rendered":"<h3 style=\"text-align: center;\">A MAGICSHINE HORI 900 CYCLE L\u00c1MPA VIDE\u00d3BEMUTAT\u00d3JA<\/h3>\n<p><iframe loading=\"lazy\" title=\"Magicshine | Hori sorozat, v\u00e1rosi orsz\u00e1g\u00fati ker\u00e9kp\u00e1rosoknak tervezve\" width=\"500\" height=\"281\" src=\"https:\/\/www.youtube.com\/embed\/pR_mXHN7vKI?feature=oembed\" frameborder=\"0\" allow=\"accelerometer; autoplay; clipboard-write; encrypted-media; gyroscope; picture-in-picture; web-share\" referrerpolicy=\"strict-origin-when-cross-origin\" allowfullscreen><\/iframe><\/p>\n<h3 style=\"text-align: center;\">INTEGR\u00c1LT SZ\u00c1MLAPRA SZERELHET\u0150 KONZOL<\/h3>\n<p style=\"text-align: center;\">Szereld Garmin vagy Wahoo komputeredet k\u00f6zvetlen\u00fcl a l\u00e1mpa tetej\u00e9re \u2013 kompakt, korm\u00e1nybar\u00e1t \u00e9s versenyre k\u00e9sz.<\/p>\n<p><img decoding=\"async\" class=\"aligncenter wp-image-8098\" src=\"https:\/\/www.sportshine.eu\/wp-content\/uploads\/2025\/10\/HORI_900_10.webp\" alt=\"Magicshine Hori 900\" width=\"800\" height=\"800\" srcset=\"https:\/\/www.sportshine.eu\/wp-content\/uploads\/2025\/10\/HORI_900_10.webp 690w, https:\/\/www.sportshine.eu\/wp-content\/uploads\/2025\/10\/HORI_900_10-600x600.webp 600w\" sizes=\"(max-width: 800px) 100vw, 800px\" \/><\/p>\n<p>&nbsp;<\/p>\n<h3 style=\"text-align: center;\">TAPASZTALJA MEG A 900 LUMEN EREJ\u00c9T<\/h3>\n<p style=\"text-align: center;\">A nagy teljes\u00edtm\u00e9ny\u0171 LED maxim\u00e1lisan 900 lumen f\u00e9nyer\u0151t biztos\u00edt.<\/p>\n<p><img decoding=\"async\" class=\"aligncenter wp-image-8099 size-full\" src=\"https:\/\/www.sportshine.eu\/wp-content\/uploads\/2025\/10\/26.webp\" alt=\"Hori 900\" width=\"800\" height=\"800\" srcset=\"https:\/\/www.sportshine.eu\/wp-content\/uploads\/2025\/10\/26.webp 800w, https:\/\/www.sportshine.eu\/wp-content\/uploads\/2025\/10\/26-768x768.webp 768w, https:\/\/www.sportshine.eu\/wp-content\/uploads\/2025\/10\/26-600x600.webp 600w\" sizes=\"(max-width: 800px) 100vw, 800px\" \/><\/p>\n<h3 style=\"text-align: center;\">ID\u0150J\u00c1R\u00c1S\u00c1LL\u00d3<\/h3>\n<p style=\"text-align: center;\">Es\u0151, szit\u00e1l\u00e1s vagy vihar \u2013 az IPX6 v\u00edz\u00e1ll\u00f3s\u00e1gnak k\u00f6sz\u00f6nhet\u0151en a HORI 900 mindig vil\u00e1gos \u00e9s biztons\u00e1gos utaz\u00e1st biztos\u00edt.<\/p>\n<p><img decoding=\"async\" class=\"aligncenter wp-image-8102 size-full\" src=\"https:\/\/www.sportshine.eu\/wp-content\/uploads\/2025\/10\/magicshine-HORI-900-bike-light-sell-point-3.webp\" alt=\"Magicshine Hori 900\" width=\"800\" height=\"800\" srcset=\"https:\/\/www.sportshine.eu\/wp-content\/uploads\/2025\/10\/magicshine-HORI-900-bike-light-sell-point-3.webp 800w, https:\/\/www.sportshine.eu\/wp-content\/uploads\/2025\/10\/magicshine-HORI-900-bike-light-sell-point-3-768x768.webp 768w, https:\/\/www.sportshine.eu\/wp-content\/uploads\/2025\/10\/magicshine-HORI-900-bike-light-sell-point-3-600x600.webp 600w\" sizes=\"(max-width: 800px) 100vw, 800px\" \/><\/p>\n<h3 style=\"text-align: center;\">KI\u00c1LLJ AK\u00c1R NAPPAL IS<\/h3>\n<p style=\"text-align: center;\">A DRL (nappali menetf\u00e9ny) technol\u00f3gia n\u00f6veli a l\u00e1that\u00f3s\u00e1got vil\u00e1gos k\u00f6r\u00fclm\u00e9nyek k\u00f6z\u00f6tt az er\u0151s villog\u00f3 \u00e9s folyamatos \u00fczemm\u00f3ddal, amely mindenki figyelm\u00e9t mag\u00e1ra vonzza.<\/p>\n<p><img decoding=\"async\" class=\"aligncenter wp-image-8103 size-full\" src=\"https:\/\/www.sportshine.eu\/wp-content\/uploads\/2025\/10\/magicshine-HORI-900-bike-light-sell-point-9.webp\" alt=\"Magicshine HORI 900 l\u00e1mpa\" width=\"814\" height=\"812\" srcset=\"https:\/\/www.sportshine.eu\/wp-content\/uploads\/2025\/10\/magicshine-HORI-900-bike-light-sell-point-9.webp 814w, https:\/\/www.sportshine.eu\/wp-content\/uploads\/2025\/10\/magicshine-HORI-900-bike-light-sell-point-9-768x766.webp 768w, https:\/\/www.sportshine.eu\/wp-content\/uploads\/2025\/10\/magicshine-HORI-900-bike-light-sell-point-9-600x599.webp 600w\" sizes=\"(max-width: 814px) 100vw, 814px\" \/><\/p>\n<h3 style=\"text-align: center;\">PONTOS SUG\u00c1RV\u00c9GZ\u00c9SI OPCI\u00d3<\/h3>\n<p style=\"text-align: center;\">A t\u00fckr\u00f6z\u0151d\u00e9smentes optikai kialak\u00edt\u00e1s k\u00f6zvetlen\u00fcl az \u00fatra ir\u00e1ny\u00edtja a f\u00e9nyt, v\u00e9dve mind a szembej\u00f6v\u0151 ker\u00e9kp\u00e1rosokat, mind a sof\u0151r\u00f6ket.<\/p>\n<p><img decoding=\"async\" class=\"aligncenter wp-image-8105 size-full\" src=\"https:\/\/www.sportshine.eu\/wp-content\/uploads\/2025\/10\/Magicshine-HORI-900-2.webp\" alt=\"Magicshine HORI 900 \" width=\"814\" height=\"814\" srcset=\"https:\/\/www.sportshine.eu\/wp-content\/uploads\/2025\/10\/Magicshine-HORI-900-2.webp 814w, https:\/\/www.sportshine.eu\/wp-content\/uploads\/2025\/10\/Magicshine-HORI-900-2-768x768.webp 768w, https:\/\/www.sportshine.eu\/wp-content\/uploads\/2025\/10\/Magicshine-HORI-900-2-600x600.webp 600w\" sizes=\"(max-width: 814px) 100vw, 814px\" \/><\/p>\n<h3 style=\"text-align: center;\">TESTRESZABHAT\u00d3 M\u00d3DOK AZ ALKALMAZ\u00c1SON KERESZT\u00dcL<\/h3>\n<p style=\"text-align: center;\">A Magicshine alkalmaz\u00e1s seg\u00edts\u00e9g\u00e9vel a l\u00e1mp\u00e1k f\u00e9nyerej\u00e9t \u00e9s m\u0171k\u00f6d\u00e9s\u00e9t az \u00fatviszonyoknak megfelel\u0151en \u00e1ll\u00edthatod be.<\/p>\n<p><img decoding=\"async\" class=\"aligncenter wp-image-8106 size-full\" src=\"https:\/\/www.sportshine.eu\/wp-content\/uploads\/2025\/10\/Magicshine-Hori-900-luc-za-kolo.webp\" alt=\"Magicshine Hori 900 ker\u00e9kp\u00e1rl\u00e1mpa\" width=\"814\" height=\"814\" srcset=\"https:\/\/www.sportshine.eu\/wp-content\/uploads\/2025\/10\/Magicshine-Hori-900-luc-za-kolo.webp 814w, https:\/\/www.sportshine.eu\/wp-content\/uploads\/2025\/10\/Magicshine-Hori-900-luc-za-kolo-768x768.webp 768w, https:\/\/www.sportshine.eu\/wp-content\/uploads\/2025\/10\/Magicshine-Hori-900-luc-za-kolo-600x600.webp 600w\" sizes=\"(max-width: 814px) 100vw, 814px\" \/><\/p>\n<h3 style=\"text-align: center;\">GYORS T\u00d6LT\u00c9S USB-C-N KERESZT\u00dcL<\/h3>\n<p style=\"text-align: center;\">Az USB-C-n kereszt\u00fcli gyorst\u00f6lt\u00e9snek k\u00f6sz\u00f6nhet\u0151en az akkumul\u00e1tor k\u00f6r\u00fclbel\u00fcl 2,5 \u00f3ra alatt teljesen felt\u00f6lthet\u0151.<\/p>\n<p><img decoding=\"async\" class=\"aligncenter wp-image-8107 size-full\" src=\"https:\/\/www.sportshine.eu\/wp-content\/uploads\/2025\/10\/Luc-za-kolo-Hori-900.webp\" alt=\"Hori 900 ker\u00e9kp\u00e1rl\u00e1mpa\" width=\"814\" height=\"814\" srcset=\"https:\/\/www.sportshine.eu\/wp-content\/uploads\/2025\/10\/Luc-za-kolo-Hori-900.webp 814w, https:\/\/www.sportshine.eu\/wp-content\/uploads\/2025\/10\/Luc-za-kolo-Hori-900-768x768.webp 768w, https:\/\/www.sportshine.eu\/wp-content\/uploads\/2025\/10\/Luc-za-kolo-Hori-900-600x600.webp 600w\" sizes=\"(max-width: 814px) 100vw, 814px\" \/><\/p>\n<h3 style=\"text-align: center;\">MEGB\u00cdZHAT\u00d3 \u00dcZEMID\u0150<\/h3>\n<p style=\"text-align: center;\">A be\u00e9p\u00edtett 2000 mAh-s akkumul\u00e1tor megb\u00edzhat\u00f3 \u00fczemid\u0151t biztos\u00edt a mindennapi t\u00far\u00e1khoz.<\/p>\n<p><img decoding=\"async\" class=\"aligncenter wp-image-8108 size-full\" src=\"https:\/\/www.sportshine.eu\/wp-content\/uploads\/2025\/10\/Hori-900-Magicshine.webp\" alt=\"Hori 900 Magicshine\" width=\"800\" height=\"800\" srcset=\"https:\/\/www.sportshine.eu\/wp-content\/uploads\/2025\/10\/Hori-900-Magicshine.webp 800w, https:\/\/www.sportshine.eu\/wp-content\/uploads\/2025\/10\/Hori-900-Magicshine-768x768.webp 768w, https:\/\/www.sportshine.eu\/wp-content\/uploads\/2025\/10\/Hori-900-Magicshine-600x600.webp 600w\" sizes=\"(max-width: 800px) 100vw, 800px\" \/><\/p>\n<h3 style=\"text-align: center;\">MIT KAPSZ A CSOMAGBAN?<\/h3>\n<p><img decoding=\"async\" class=\"aligncenter wp-image-8109 size-full\" src=\"https:\/\/www.sportshine.eu\/wp-content\/uploads\/2025\/10\/magicshine-HORI-900-bike-light-in-the-box-pc.webp\" alt=\"Magicshine Hori 900 ker\u00e9kp\u00e1rl\u00e1mpa\" width=\"2000\" height=\"900\" srcset=\"https:\/\/www.sportshine.eu\/wp-content\/uploads\/2025\/10\/magicshine-HORI-900-bike-light-in-the-box-pc.webp 2000w, https:\/\/www.sportshine.eu\/wp-content\/uploads\/2025\/10\/magicshine-HORI-900-bike-light-in-the-box-pc-768x346.webp 768w, https:\/\/www.sportshine.eu\/wp-content\/uploads\/2025\/10\/magicshine-HORI-900-bike-light-in-the-box-pc-1536x691.webp 1536w, https:\/\/www.sportshine.eu\/wp-content\/uploads\/2025\/10\/magicshine-HORI-900-bike-light-in-the-box-pc-600x270.webp 600w\" sizes=\"(max-width: 2000px) 100vw, 2000px\" \/><\/p>","protected":false},"excerpt":{"rendered":"<p>A Magicshine HORI 900 a t\u00f6k\u00e9letes megold\u00e1s a ker\u00e9kp\u00e1r biztons\u00e1g\u00e1ra \u00e9s l\u00e1that\u00f3s\u00e1g\u00e1ra. Ez az er\u0151teljes l\u00e1mpa er\u0151teljes megvil\u00e1g\u00edt\u00e1st biztos\u00edt (ak\u00e1r <b>900 LM<\/b>), amely b\u00e1rmilyen utat megvil\u00e1g\u00edt. A fejlett villog\u00e1si m\u00f3doknak, bele\u00e9rtve a k\u00fcl\u00f6n nappali \u00e9s \u00e9jszakai villog\u00e1st is, \u00e9jjel-nappal rendk\u00edv\u00fcl j\u00f3l l\u00e1that\u00f3 vagy. A l\u00e1mpa kompakt h\u00e1zzal rendelkezik, fels\u0151 vagy als\u00f3 r\u00f6gz\u00edt\u00e9si lehet\u0151s\u00e9ggel, \u00edgy t\u00f6k\u00e9letesen integr\u00e1lhat\u00f3 a ker\u00e9kp\u00e1ros sz\u00e1m\u00edt\u00f3g\u00e9ppel. A vez\u00e9rl\u00e9s egyszer\u0171 a l\u00e1mp\u00e1n tal\u00e1lhat\u00f3 gombbal, amely lehet\u0151v\u00e9 teszi az \u00fczemm\u00f3dok k\u00f6z\u00f6tti v\u00e1lt\u00e1st \u00e9s a z\u00e1r m\u00f3d aktiv\u00e1l\u00e1s\u00e1t sz\u00e1ll\u00edt\u00e1s k\u00f6zben. Ezenk\u00edv\u00fcl a l\u00e1mpa csatlakoztathat\u00f3 a Magicshine alkalmaz\u00e1shoz, \u00e9s t\u00e1mogatja az FTR LightSync Control funkci\u00f3t a h\u00e1ts\u00f3 l\u00e1mp\u00e1val val\u00f3 szinkroniz\u00e1l\u00e1shoz.<\/p>\n<hr \/>\n<p><b>F\u0151bb jellemz\u0151k:<\/b><\/p>\n<ul>\n<li>900 LM teljes teljes\u00edtm\u00e9ny minden utat megvil\u00e1g\u00edt.<\/li>\n<li>Nappali \u00e9s \u00e9jszakai villog\u00e1s a maxim\u00e1lis biztons\u00e1g \u00e9rdek\u00e9ben.<\/li>\n<li>T\u00e1mogatja a ker\u00e9kp\u00e1ros sz\u00e1m\u00edt\u00f3g\u00e9p tart\u00f3ja al\u00e1 \u00e9s f\u00f6l\u00e9 t\u00f6rt\u00e9n\u0151 felszerel\u00e9st<\/li>\n<li>Kapcsol\u00f3d\u00e1s a Magicshine alkalmaz\u00e1ssal \u00e9s az FTR LightSync Control-lal.<\/li>\n<\/ul>","protected":false},"featured_media":8095,"comment_status":"open","ping_status":"closed","template":"","meta":[],"product_brand":[131],"product_cat":[82,150],"product_tag":[],"class_list":{"0":"post-8093","1":"product","2":"type-product","3":"status-publish","4":"has-post-thumbnail","6":"product_brand-magicshine","7":"product_cat-kolesarske-luci","8":"product_cat-sprednje-kolesarske-luci","10":"first","11":"instock","12":"sale","13":"taxable","14":"shipping-taxable","15":"purchasable","16":"product-type-simple"},"yoast_head":"<!-- This site is optimized with the Yoast SEO plugin v27.3 - https:\/\/yoast.com\/product\/yoast-seo-wordpress\/ -->\n<title>Magicshine HORI 900 lu\u010d za kolo<\/title>\n<meta name=\"description\" content=\"Vrhunska kolesarska lu\u010d z mo\u017enostjo namestitve pod kolesarski \u0161tevec. Z mo\u010djo 900 lumnov odli\u010dno razsvetli okolico in poskrbi, da ste na cesti vidni.\" \/>\n<meta name=\"robots\" content=\"index, follow, max-snippet:-1, max-image-preview:large, max-video-preview:-1\" \/>\n<link rel=\"canonical\" href=\"https:\/\/www.sportshine.eu\/hu\/uzlet\/magicshine-hori-900-kerekparlampak\/\" \/>\n<meta property=\"og:locale\" content=\"hu_HU\" \/>\n<meta property=\"og:type\" content=\"article\" \/>\n<meta property=\"og:title\" content=\"Magicshine HORI 900 lu\u010d za kolo\" \/>\n<meta property=\"og:description\" content=\"Vrhunska kolesarska lu\u010d z mo\u017enostjo namestitve pod kolesarski \u0161tevec. Z mo\u010djo 900 lumnov odli\u010dno razsvetli okolico in poskrbi, da ste na cesti vidni.\" \/>\n<meta property=\"og:url\" content=\"https:\/\/www.sportshine.eu\/hu\/uzlet\/magicshine-hori-900-kerekparlampak\/\" \/>\n<meta property=\"og:site_name\" content=\"Sportshine\" \/>\n<meta property=\"article:publisher\" content=\"https:\/\/www.facebook.com\/sportshine.eu\/\" \/>\n<meta property=\"article:modified_time\" content=\"2026-04-07T19:56:06+00:00\" \/>\n<meta property=\"og:image\" content=\"https:\/\/www.sportshine.eu\/wp-content\/uploads\/2025\/10\/Magicshine-Hori-900.webp\" \/>\n\t<meta property=\"og:image:width\" content=\"800\" \/>\n\t<meta property=\"og:image:height\" content=\"800\" \/>\n\t<meta property=\"og:image:type\" content=\"image\/webp\" \/>\n<meta name=\"twitter:card\" content=\"summary_large_image\" \/>\n<meta name=\"twitter:label1\" content=\"Becs\u00fclt olvas\u00e1si id\u0151\" \/>\n\t<meta name=\"twitter:data1\" content=\"3 perc\" \/>\n<script type=\"application\/ld+json\" class=\"yoast-schema-graph\">{\"@context\":\"https:\\\/\\\/schema.org\",\"@graph\":[{\"@type\":\"WebPage\",\"@id\":\"https:\\\/\\\/www.sportshine.eu\\\/trgovina\\\/magicshine-hori-900-luc-za-kolo\\\/\",\"url\":\"https:\\\/\\\/www.sportshine.eu\\\/trgovina\\\/magicshine-hori-900-luc-za-kolo\\\/\",\"name\":\"Magicshine HORI 900 lu\u010d za kolo\",\"isPartOf\":{\"@id\":\"https:\\\/\\\/www.sportshine.eu\\\/#website\"},\"primaryImageOfPage\":{\"@id\":\"https:\\\/\\\/www.sportshine.eu\\\/trgovina\\\/magicshine-hori-900-luc-za-kolo\\\/#primaryimage\"},\"image\":{\"@id\":\"https:\\\/\\\/www.sportshine.eu\\\/trgovina\\\/magicshine-hori-900-luc-za-kolo\\\/#primaryimage\"},\"thumbnailUrl\":\"https:\\\/\\\/www.sportshine.eu\\\/wp-content\\\/uploads\\\/2025\\\/10\\\/Magicshine-Hori-900.webp\",\"datePublished\":\"2026-03-01T08:14:28+00:00\",\"dateModified\":\"2026-04-07T19:56:06+00:00\",\"description\":\"Vrhunska kolesarska lu\u010d z mo\u017enostjo namestitve pod kolesarski \u0161tevec. Z mo\u010djo 900 lumnov odli\u010dno razsvetli okolico in poskrbi, da ste na cesti vidni.\",\"breadcrumb\":{\"@id\":\"https:\\\/\\\/www.sportshine.eu\\\/trgovina\\\/magicshine-hori-900-luc-za-kolo\\\/#breadcrumb\"},\"inLanguage\":\"hu\",\"potentialAction\":[{\"@type\":\"ReadAction\",\"target\":[\"https:\\\/\\\/www.sportshine.eu\\\/trgovina\\\/magicshine-hori-900-luc-za-kolo\\\/\"]}]},{\"@type\":\"ImageObject\",\"inLanguage\":\"hu\",\"@id\":\"https:\\\/\\\/www.sportshine.eu\\\/trgovina\\\/magicshine-hori-900-luc-za-kolo\\\/#primaryimage\",\"url\":\"https:\\\/\\\/www.sportshine.eu\\\/wp-content\\\/uploads\\\/2025\\\/10\\\/Magicshine-Hori-900.webp\",\"contentUrl\":\"https:\\\/\\\/www.sportshine.eu\\\/wp-content\\\/uploads\\\/2025\\\/10\\\/Magicshine-Hori-900.webp\",\"width\":800,\"height\":800,\"caption\":\"Magicshine Hori 900\"},{\"@type\":\"BreadcrumbList\",\"@id\":\"https:\\\/\\\/www.sportshine.eu\\\/trgovina\\\/magicshine-hori-900-luc-za-kolo\\\/#breadcrumb\",\"itemListElement\":[{\"@type\":\"ListItem\",\"position\":1,\"name\":\"Home\",\"item\":\"https:\\\/\\\/www.sportshine.eu\\\/\"},{\"@type\":\"ListItem\",\"position\":2,\"name\":\"Trgovina\",\"item\":\"https:\\\/\\\/www.sportshine.eu\\\/trgovina\\\/\"},{\"@type\":\"ListItem\",\"position\":3,\"name\":\"Magicshine HORI 900 lu\u010d za kolo\"}]},{\"@type\":\"WebSite\",\"@id\":\"https:\\\/\\\/www.sportshine.eu\\\/#website\",\"url\":\"https:\\\/\\\/www.sportshine.eu\\\/\",\"name\":\"Sportshine\",\"description\":\"Top spletna trgovina kolesarskih in naglavnih svetilk ter opreme\",\"publisher\":{\"@id\":\"https:\\\/\\\/www.sportshine.eu\\\/#organization\"},\"potentialAction\":[{\"@type\":\"SearchAction\",\"target\":{\"@type\":\"EntryPoint\",\"urlTemplate\":\"https:\\\/\\\/www.sportshine.eu\\\/?s={search_term_string}\"},\"query-input\":{\"@type\":\"PropertyValueSpecification\",\"valueRequired\":true,\"valueName\":\"search_term_string\"}}],\"inLanguage\":\"hu\"},{\"@type\":\"Organization\",\"@id\":\"https:\\\/\\\/www.sportshine.eu\\\/#organization\",\"name\":\"Sportshine\",\"url\":\"https:\\\/\\\/www.sportshine.eu\\\/\",\"logo\":{\"@type\":\"ImageObject\",\"inLanguage\":\"hu\",\"@id\":\"https:\\\/\\\/www.sportshine.eu\\\/#\\\/schema\\\/logo\\\/image\\\/\",\"url\":\"https:\\\/\\\/www.sportshine.eu\\\/wp-content\\\/uploads\\\/2026\\\/01\\\/cropped-Sportshine.webp\",\"contentUrl\":\"https:\\\/\\\/www.sportshine.eu\\\/wp-content\\\/uploads\\\/2026\\\/01\\\/cropped-Sportshine.webp\",\"width\":295,\"height\":128,\"caption\":\"Sportshine\"},\"image\":{\"@id\":\"https:\\\/\\\/www.sportshine.eu\\\/#\\\/schema\\\/logo\\\/image\\\/\"},\"sameAs\":[\"https:\\\/\\\/www.facebook.com\\\/sportshine.eu\\\/\"]}]}<\/script>\n<!-- \/ Yoast SEO plugin. -->","yoast_head_json":{"title":"Magicshine HORI 900 ker\u00e9kp\u00e1rl\u00e1mpa","description":"Pr\u00e9mium kateg\u00f3ri\u00e1s ker\u00e9kp\u00e1rl\u00e1mpa, amely a ker\u00e9kp\u00e1rkomputer al\u00e1 szerelhet\u0151. 900 lumen f\u00e9nyerej\u00e9vel t\u00f6k\u00e9letesen megvil\u00e1g\u00edtja a k\u00f6rnyezetet, \u00e9s biztos\u00edtja, hogy l\u00e1that\u00f3 legy\u00e9l az \u00faton.","robots":{"index":"index","follow":"follow","max-snippet":"max-snippet:-1","max-image-preview":"max-image-preview:large","max-video-preview":"max-video-preview:-1"},"canonical":"https:\/\/www.sportshine.eu\/hu\/uzlet\/magicshine-hori-900-kerekparlampak\/","og_locale":"hu_HU","og_type":"article","og_title":"Magicshine HORI 900 lu\u010d za kolo","og_description":"Vrhunska kolesarska lu\u010d z mo\u017enostjo namestitve pod kolesarski \u0161tevec. Z mo\u010djo 900 lumnov odli\u010dno razsvetli okolico in poskrbi, da ste na cesti vidni.","og_url":"https:\/\/www.sportshine.eu\/hu\/uzlet\/magicshine-hori-900-kerekparlampak\/","og_site_name":"Sportshine","article_publisher":"https:\/\/www.facebook.com\/sportshine.eu\/","article_modified_time":"2026-04-07T19:56:06+00:00","og_image":[{"width":800,"height":800,"url":"https:\/\/www.sportshine.eu\/wp-content\/uploads\/2025\/10\/Magicshine-Hori-900.webp","type":"image\/webp"}],"twitter_card":"summary_large_image","twitter_misc":{"Becs\u00fclt olvas\u00e1si id\u0151":"3 perc"},"schema":{"@context":"https:\/\/schema.org","@graph":[{"@type":"WebPage","@id":"https:\/\/www.sportshine.eu\/trgovina\/magicshine-hori-900-luc-za-kolo\/","url":"https:\/\/www.sportshine.eu\/trgovina\/magicshine-hori-900-luc-za-kolo\/","name":"Magicshine HORI 900 ker\u00e9kp\u00e1rl\u00e1mpa","isPartOf":{"@id":"https:\/\/www.sportshine.eu\/#website"},"primaryImageOfPage":{"@id":"https:\/\/www.sportshine.eu\/trgovina\/magicshine-hori-900-luc-za-kolo\/#primaryimage"},"image":{"@id":"https:\/\/www.sportshine.eu\/trgovina\/magicshine-hori-900-luc-za-kolo\/#primaryimage"},"thumbnailUrl":"https:\/\/www.sportshine.eu\/wp-content\/uploads\/2025\/10\/Magicshine-Hori-900.webp","datePublished":"2026-03-01T08:14:28+00:00","dateModified":"2026-04-07T19:56:06+00:00","description":"Pr\u00e9mium kateg\u00f3ri\u00e1s ker\u00e9kp\u00e1rl\u00e1mpa, amely a ker\u00e9kp\u00e1rkomputer al\u00e1 szerelhet\u0151. 900 lumen f\u00e9nyerej\u00e9vel t\u00f6k\u00e9letesen megvil\u00e1g\u00edtja a k\u00f6rnyezetet, \u00e9s biztos\u00edtja, hogy l\u00e1that\u00f3 legy\u00e9l az \u00faton.","breadcrumb":{"@id":"https:\/\/www.sportshine.eu\/trgovina\/magicshine-hori-900-luc-za-kolo\/#breadcrumb"},"inLanguage":"hu","potentialAction":[{"@type":"ReadAction","target":["https:\/\/www.sportshine.eu\/trgovina\/magicshine-hori-900-luc-za-kolo\/"]}]},{"@type":"ImageObject","inLanguage":"hu","@id":"https:\/\/www.sportshine.eu\/trgovina\/magicshine-hori-900-luc-za-kolo\/#primaryimage","url":"https:\/\/www.sportshine.eu\/wp-content\/uploads\/2025\/10\/Magicshine-Hori-900.webp","contentUrl":"https:\/\/www.sportshine.eu\/wp-content\/uploads\/2025\/10\/Magicshine-Hori-900.webp","width":800,"height":800,"caption":"Magicshine Hori 900"},{"@type":"BreadcrumbList","@id":"https:\/\/www.sportshine.eu\/trgovina\/magicshine-hori-900-luc-za-kolo\/#breadcrumb","itemListElement":[{"@type":"ListItem","position":1,"name":"Home","item":"https:\/\/www.sportshine.eu\/"},{"@type":"ListItem","position":2,"name":"Trgovina","item":"https:\/\/www.sportshine.eu\/trgovina\/"},{"@type":"ListItem","position":3,"name":"Magicshine HORI 900 lu\u010d za kolo"}]},{"@type":"WebSite","@id":"https:\/\/www.sportshine.eu\/#website","url":"https:\/\/www.sportshine.eu\/","name":"Sportshine","description":"Ker\u00e9kp\u00e1ros, fejl\u00e1mp\u00e1k \u00e9s felszerel\u00e9sek online \u00e1ruh\u00e1z\u00e1nak vezet\u0151 k\u00edn\u00e1lata","publisher":{"@id":"https:\/\/www.sportshine.eu\/#organization"},"potentialAction":[{"@type":"SearchAction","target":{"@type":"EntryPoint","urlTemplate":"https:\/\/www.sportshine.eu\/?s={search_term_string}"},"query-input":{"@type":"PropertyValueSpecification","valueRequired":true,"valueName":"search_term_string"}}],"inLanguage":"hu"},{"@type":"Organization","@id":"https:\/\/www.sportshine.eu\/#organization","name":"Sportshine","url":"https:\/\/www.sportshine.eu\/","logo":{"@type":"ImageObject","inLanguage":"hu","@id":"https:\/\/www.sportshine.eu\/#\/schema\/logo\/image\/","url":"https:\/\/www.sportshine.eu\/wp-content\/uploads\/2026\/01\/cropped-Sportshine.webp","contentUrl":"https:\/\/www.sportshine.eu\/wp-content\/uploads\/2026\/01\/cropped-Sportshine.webp","width":295,"height":128,"caption":"Sportshine"},"image":{"@id":"https:\/\/www.sportshine.eu\/#\/schema\/logo\/image\/"},"sameAs":["https:\/\/www.facebook.com\/sportshine.eu\/"]}]}},"_links":{"self":[{"href":"https:\/\/www.sportshine.eu\/hu\/wp-json\/wp\/v2\/product\/8093","targetHints":{"allow":["GET"]}}],"collection":[{"href":"https:\/\/www.sportshine.eu\/hu\/wp-json\/wp\/v2\/product"}],"about":[{"href":"https:\/\/www.sportshine.eu\/hu\/wp-json\/wp\/v2\/types\/product"}],"replies":[{"embeddable":true,"href":"https:\/\/www.sportshine.eu\/hu\/wp-json\/wp\/v2\/comments?post=8093"}],"version-history":[{"count":1,"href":"https:\/\/www.sportshine.eu\/hu\/wp-json\/wp\/v2\/product\/8093\/revisions"}],"predecessor-version":[{"id":10344,"href":"https:\/\/www.sportshine.eu\/hu\/wp-json\/wp\/v2\/product\/8093\/revisions\/10344"}],"wp:featuredmedia":[{"embeddable":true,"href":"https:\/\/www.sportshine.eu\/hu\/wp-json\/wp\/v2\/media\/8095"}],"wp:attachment":[{"href":"https:\/\/www.sportshine.eu\/hu\/wp-json\/wp\/v2\/media?parent=8093"}],"wp:term":[{"taxonomy":"product_brand","embeddable":true,"href":"https:\/\/www.sportshine.eu\/hu\/wp-json\/wp\/v2\/product_brand?post=8093"},{"taxonomy":"product_cat","embeddable":true,"href":"https:\/\/www.sportshine.eu\/hu\/wp-json\/wp\/v2\/product_cat?post=8093"},{"taxonomy":"product_tag","embeddable":true,"href":"https:\/\/www.sportshine.eu\/hu\/wp-json\/wp\/v2\/product_tag?post=8093"}],"curies":[{"name":"wp","href":"https:\/\/api.w.org\/{rel}","templated":true}]}}