{"id":8021,"date":"2025-09-28T20:30:42","date_gmt":"2025-09-28T20:30:42","guid":{"rendered":"https:\/\/www.sportshine.eu\/?post_type=product&#038;p=8021"},"modified":"2026-04-17T20:29:43","modified_gmt":"2026-04-17T20:29:43","slug":"magicshine-mj-6556-seemee-tarto","status":"publish","type":"product","link":"https:\/\/www.sportshine.eu\/hu\/uzlet\/magicshine-mj-6556-seemee-tarto\/","title":{"rendered":"Magicshine MJ-6556 SEEMEE konzol"},"content":{"rendered":"<p data-start=\"399\" data-end=\"700\">Az MJ-6556 SEEMEE GoPro \u00fcl\u00e9s alatti tart\u00f3 CNC megmunk\u00e1lt alum\u00edniumb\u00f3l k\u00e9sz\u00fclt, \u00edgy a k\u00f6nnyeds\u00e9g, a tart\u00f3ss\u00e1g \u00e9s a biztons\u00e1g t\u00f6k\u00e9letes kombin\u00e1ci\u00f3j\u00e1t ny\u00fajtja. Az univerz\u00e1lis GoPro csatlakoz\u00f3nak k\u00f6sz\u00f6nhet\u0151en \u00f6n\u00e1ll\u00f3 tart\u00f3k\u00e9nt is haszn\u00e1lhat\u00f3 GoPro akci\u00f3kamer\u00e1khoz vagy DV kamer\u00e1khoz.<\/p>\n<p data-start=\"702\" data-end=\"965\">53-58 mm k\u00f6z\u00f6tti r\u00f6gz\u00edt\u00e9si t\u00e1vols\u00e1g\u00fa ker\u00e9kp\u00e1r\u00fcl\u00e9sekkel kompatibilis, \u00edgy prec\u00edz be\u00e1ll\u00edt\u00e1st \u00e9s optim\u00e1lis pozicion\u00e1l\u00e1st tesz lehet\u0151v\u00e9. K\u00f6nnyen fel- \u00e9s leszerelhet\u0151, mik\u00f6zben stabilit\u00e1st biztos\u00edt m\u00e9g neh\u00e9z terepen is.<\/p>\n<p data-start=\"967\" data-end=\"1220\">F\u0151bb jellemz\u0151k:<br data-start=\"989\" data-end=\"992\" \/>\u2714 CNC megmunk\u00e1lt alum\u00ednium \u2013 k\u00f6nny\u0171 \u00e9s tart\u00f3s<br data-start=\"1033\" data-end=\"1036\" \/>\u2714 Univerz\u00e1lis GoPro interf\u00e9sz<br data-start=\"1063\" data-end=\"1066\" \/>\u2714 Kompatibilis a Magicshine SEEMEE h\u00e1ts\u00f3l\u00e1mp\u00e1kkal<br data-start=\"1115\" data-end=\"1118\" \/>\u2714 GoPro \u00e9s DV kamer\u00e1khoz alkalmas<br data-start=\"1150\" data-end=\"1153\" \/>\u2714 K\u00f6nny\u0171 \u00e9s gyors telep\u00edt\u00e9s<br data-start=\"1181\" data-end=\"1184\" \/>\u2714 Stabilit\u00e1s \u00e9s vezet\u00e9si biztons\u00e1g<\/p>\n<p data-start=\"1222\" data-end=\"1241\">Kompatibilit\u00e1s:<\/p>\n<ul data-start=\"1242\" data-end=\"1323\">\n<li data-start=\"1242\" data-end=\"1283\">\n<p data-start=\"1244\" data-end=\"1283\">Magicshine SEEMEE sorozat\u00fa h\u00e1ts\u00f3 l\u00e1mp\u00e1k<\/p>\n<\/li>\n<li data-start=\"1284\" data-end=\"1309\">\n<p data-start=\"1286\" data-end=\"1309\">GoPro akci\u00f3kamer\u00e1k<\/p>\n<\/li>\n<li data-start=\"1310\" data-end=\"1323\">\n<p data-start=\"1312\" data-end=\"1323\">DV kamer\u00e1k<\/p>\n<\/li>\n<\/ul>","protected":false},"excerpt":{"rendered":"<p data-start=\"114\" data-end=\"374\">Tart\u00f3s alum\u00ednium ker\u00e9kp\u00e1r\u00fcl\u00e9s-tart\u00f3, amely kompatibilis a Magicshine SEEMEE h\u00e1ts\u00f3 l\u00e1mp\u00e1kkal, GoPro kamer\u00e1kkal \u00e9s DV kamer\u00e1kkal. K\u00f6nny\u0171, k\u00f6nnyen felszerelhet\u0151, biztons\u00e1gos \u00e9s stabil r\u00f6gz\u00edt\u00e9st biztos\u00edt.<\/p>","protected":false},"featured_media":8022,"comment_status":"open","ping_status":"closed","template":"","meta":[],"product_brand":[131],"product_cat":[87],"product_tag":[],"class_list":{"0":"post-8021","1":"product","2":"type-product","3":"status-publish","4":"has-post-thumbnail","6":"product_brand-magicshine","7":"product_cat-kolesarski-nosilci","9":"first","10":"outofstock","11":"taxable","12":"shipping-taxable","13":"purchasable","14":"product-type-simple"},"yoast_head":"<!-- This site is optimized with the Yoast SEO plugin v27.3 - https:\/\/yoast.com\/product\/yoast-seo-wordpress\/ -->\n<title>Magicshine MJ-6556 SEEMEE nosilec<\/title>\n<meta name=\"robots\" content=\"index, follow, max-snippet:-1, max-image-preview:large, max-video-preview:-1\" \/>\n<link rel=\"canonical\" href=\"https:\/\/www.sportshine.eu\/hu\/uzlet\/magicshine-mj-6556-seemee-tarto\/\" \/>\n<meta property=\"og:locale\" content=\"hu_HU\" \/>\n<meta property=\"og:type\" content=\"article\" \/>\n<meta property=\"og:title\" content=\"Magicshine MJ-6556 SEEMEE nosilec\" \/>\n<meta property=\"og:description\" content=\"Trpe\u017een aluminijast nosilec za kolesarski sede\u017e, zdru\u017eljiv z zadnjimi lu\u010dmi Magicshine SEEMEE, GoPro kamerami in DV kamerami. Lahek, enostaven za namestitev in zagotavlja varno ter stabilno pritrditev.\" \/>\n<meta property=\"og:url\" content=\"https:\/\/www.sportshine.eu\/hu\/uzlet\/magicshine-mj-6556-seemee-tarto\/\" \/>\n<meta property=\"og:site_name\" content=\"Sportshine\" \/>\n<meta property=\"article:publisher\" content=\"https:\/\/www.facebook.com\/sportshine.eu\/\" \/>\n<meta property=\"article:modified_time\" content=\"2026-04-17T20:29:43+00:00\" \/>\n<meta property=\"og:image\" content=\"https:\/\/www.sportshine.eu\/wp-content\/uploads\/2025\/09\/MJ-6556.webp\" \/>\n\t<meta property=\"og:image:width\" content=\"800\" \/>\n\t<meta property=\"og:image:height\" content=\"800\" \/>\n\t<meta property=\"og:image:type\" content=\"image\/webp\" \/>\n<meta name=\"twitter:card\" content=\"summary_large_image\" \/>\n<meta name=\"twitter:label1\" content=\"Becs\u00fclt olvas\u00e1si id\u0151\" \/>\n\t<meta name=\"twitter:data1\" content=\"1 perc\" \/>\n<script type=\"application\/ld+json\" class=\"yoast-schema-graph\">{\"@context\":\"https:\\\/\\\/schema.org\",\"@graph\":[{\"@type\":\"WebPage\",\"@id\":\"https:\\\/\\\/www.sportshine.eu\\\/trgovina\\\/magicshine-mj-6556-seemee-nosilec\\\/\",\"url\":\"https:\\\/\\\/www.sportshine.eu\\\/trgovina\\\/magicshine-mj-6556-seemee-nosilec\\\/\",\"name\":\"Magicshine MJ-6556 SEEMEE nosilec\",\"isPartOf\":{\"@id\":\"https:\\\/\\\/www.sportshine.eu\\\/#website\"},\"primaryImageOfPage\":{\"@id\":\"https:\\\/\\\/www.sportshine.eu\\\/trgovina\\\/magicshine-mj-6556-seemee-nosilec\\\/#primaryimage\"},\"image\":{\"@id\":\"https:\\\/\\\/www.sportshine.eu\\\/trgovina\\\/magicshine-mj-6556-seemee-nosilec\\\/#primaryimage\"},\"thumbnailUrl\":\"https:\\\/\\\/www.sportshine.eu\\\/wp-content\\\/uploads\\\/2025\\\/09\\\/MJ-6556.webp\",\"datePublished\":\"2025-09-28T20:30:42+00:00\",\"dateModified\":\"2026-04-17T20:29:43+00:00\",\"breadcrumb\":{\"@id\":\"https:\\\/\\\/www.sportshine.eu\\\/trgovina\\\/magicshine-mj-6556-seemee-nosilec\\\/#breadcrumb\"},\"inLanguage\":\"hu\",\"potentialAction\":[{\"@type\":\"ReadAction\",\"target\":[\"https:\\\/\\\/www.sportshine.eu\\\/trgovina\\\/magicshine-mj-6556-seemee-nosilec\\\/\"]}]},{\"@type\":\"ImageObject\",\"inLanguage\":\"hu\",\"@id\":\"https:\\\/\\\/www.sportshine.eu\\\/trgovina\\\/magicshine-mj-6556-seemee-nosilec\\\/#primaryimage\",\"url\":\"https:\\\/\\\/www.sportshine.eu\\\/wp-content\\\/uploads\\\/2025\\\/09\\\/MJ-6556.webp\",\"contentUrl\":\"https:\\\/\\\/www.sportshine.eu\\\/wp-content\\\/uploads\\\/2025\\\/09\\\/MJ-6556.webp\",\"width\":800,\"height\":800,\"caption\":\"MJ-6556\"},{\"@type\":\"BreadcrumbList\",\"@id\":\"https:\\\/\\\/www.sportshine.eu\\\/trgovina\\\/magicshine-mj-6556-seemee-nosilec\\\/#breadcrumb\",\"itemListElement\":[{\"@type\":\"ListItem\",\"position\":1,\"name\":\"Home\",\"item\":\"https:\\\/\\\/www.sportshine.eu\\\/\"},{\"@type\":\"ListItem\",\"position\":2,\"name\":\"Trgovina\",\"item\":\"https:\\\/\\\/www.sportshine.eu\\\/trgovina\\\/\"},{\"@type\":\"ListItem\",\"position\":3,\"name\":\"Magicshine MJ-6556 SEEMEE nosilec\"}]},{\"@type\":\"WebSite\",\"@id\":\"https:\\\/\\\/www.sportshine.eu\\\/#website\",\"url\":\"https:\\\/\\\/www.sportshine.eu\\\/\",\"name\":\"Sportshine\",\"description\":\"Top spletna trgovina kolesarskih in naglavnih svetilk ter opreme\",\"publisher\":{\"@id\":\"https:\\\/\\\/www.sportshine.eu\\\/#organization\"},\"potentialAction\":[{\"@type\":\"SearchAction\",\"target\":{\"@type\":\"EntryPoint\",\"urlTemplate\":\"https:\\\/\\\/www.sportshine.eu\\\/?s={search_term_string}\"},\"query-input\":{\"@type\":\"PropertyValueSpecification\",\"valueRequired\":true,\"valueName\":\"search_term_string\"}}],\"inLanguage\":\"hu\"},{\"@type\":\"Organization\",\"@id\":\"https:\\\/\\\/www.sportshine.eu\\\/#organization\",\"name\":\"Sportshine\",\"url\":\"https:\\\/\\\/www.sportshine.eu\\\/\",\"logo\":{\"@type\":\"ImageObject\",\"inLanguage\":\"hu\",\"@id\":\"https:\\\/\\\/www.sportshine.eu\\\/#\\\/schema\\\/logo\\\/image\\\/\",\"url\":\"https:\\\/\\\/www.sportshine.eu\\\/wp-content\\\/uploads\\\/2026\\\/01\\\/cropped-Sportshine.webp\",\"contentUrl\":\"https:\\\/\\\/www.sportshine.eu\\\/wp-content\\\/uploads\\\/2026\\\/01\\\/cropped-Sportshine.webp\",\"width\":295,\"height\":128,\"caption\":\"Sportshine\"},\"image\":{\"@id\":\"https:\\\/\\\/www.sportshine.eu\\\/#\\\/schema\\\/logo\\\/image\\\/\"},\"sameAs\":[\"https:\\\/\\\/www.facebook.com\\\/sportshine.eu\\\/\"]}]}<\/script>\n<!-- \/ Yoast SEO plugin. -->","yoast_head_json":{"title":"Magicshine MJ-6556 SEEMEE konzol","robots":{"index":"index","follow":"follow","max-snippet":"max-snippet:-1","max-image-preview":"max-image-preview:large","max-video-preview":"max-video-preview:-1"},"canonical":"https:\/\/www.sportshine.eu\/hu\/uzlet\/magicshine-mj-6556-seemee-tarto\/","og_locale":"hu_HU","og_type":"article","og_title":"Magicshine MJ-6556 SEEMEE nosilec","og_description":"Trpe\u017een aluminijast nosilec za kolesarski sede\u017e, zdru\u017eljiv z zadnjimi lu\u010dmi Magicshine SEEMEE, GoPro kamerami in DV kamerami. Lahek, enostaven za namestitev in zagotavlja varno ter stabilno pritrditev.","og_url":"https:\/\/www.sportshine.eu\/hu\/uzlet\/magicshine-mj-6556-seemee-tarto\/","og_site_name":"Sportshine","article_publisher":"https:\/\/www.facebook.com\/sportshine.eu\/","article_modified_time":"2026-04-17T20:29:43+00:00","og_image":[{"width":800,"height":800,"url":"https:\/\/www.sportshine.eu\/wp-content\/uploads\/2025\/09\/MJ-6556.webp","type":"image\/webp"}],"twitter_card":"summary_large_image","twitter_misc":{"Becs\u00fclt olvas\u00e1si id\u0151":"1 perc"},"schema":{"@context":"https:\/\/schema.org","@graph":[{"@type":"WebPage","@id":"https:\/\/www.sportshine.eu\/trgovina\/magicshine-mj-6556-seemee-nosilec\/","url":"https:\/\/www.sportshine.eu\/trgovina\/magicshine-mj-6556-seemee-nosilec\/","name":"Magicshine MJ-6556 SEEMEE konzol","isPartOf":{"@id":"https:\/\/www.sportshine.eu\/#website"},"primaryImageOfPage":{"@id":"https:\/\/www.sportshine.eu\/trgovina\/magicshine-mj-6556-seemee-nosilec\/#primaryimage"},"image":{"@id":"https:\/\/www.sportshine.eu\/trgovina\/magicshine-mj-6556-seemee-nosilec\/#primaryimage"},"thumbnailUrl":"https:\/\/www.sportshine.eu\/wp-content\/uploads\/2025\/09\/MJ-6556.webp","datePublished":"2025-09-28T20:30:42+00:00","dateModified":"2026-04-17T20:29:43+00:00","breadcrumb":{"@id":"https:\/\/www.sportshine.eu\/trgovina\/magicshine-mj-6556-seemee-nosilec\/#breadcrumb"},"inLanguage":"hu","potentialAction":[{"@type":"ReadAction","target":["https:\/\/www.sportshine.eu\/trgovina\/magicshine-mj-6556-seemee-nosilec\/"]}]},{"@type":"ImageObject","inLanguage":"hu","@id":"https:\/\/www.sportshine.eu\/trgovina\/magicshine-mj-6556-seemee-nosilec\/#primaryimage","url":"https:\/\/www.sportshine.eu\/wp-content\/uploads\/2025\/09\/MJ-6556.webp","contentUrl":"https:\/\/www.sportshine.eu\/wp-content\/uploads\/2025\/09\/MJ-6556.webp","width":800,"height":800,"caption":"MJ-6556"},{"@type":"BreadcrumbList","@id":"https:\/\/www.sportshine.eu\/trgovina\/magicshine-mj-6556-seemee-nosilec\/#breadcrumb","itemListElement":[{"@type":"ListItem","position":1,"name":"Home","item":"https:\/\/www.sportshine.eu\/"},{"@type":"ListItem","position":2,"name":"Trgovina","item":"https:\/\/www.sportshine.eu\/trgovina\/"},{"@type":"ListItem","position":3,"name":"Magicshine MJ-6556 SEEMEE nosilec"}]},{"@type":"WebSite","@id":"https:\/\/www.sportshine.eu\/#website","url":"https:\/\/www.sportshine.eu\/","name":"Sportshine","description":"Ker\u00e9kp\u00e1ros, fejl\u00e1mp\u00e1k \u00e9s felszerel\u00e9sek online \u00e1ruh\u00e1z\u00e1nak vezet\u0151 k\u00edn\u00e1lata","publisher":{"@id":"https:\/\/www.sportshine.eu\/#organization"},"potentialAction":[{"@type":"SearchAction","target":{"@type":"EntryPoint","urlTemplate":"https:\/\/www.sportshine.eu\/?s={search_term_string}"},"query-input":{"@type":"PropertyValueSpecification","valueRequired":true,"valueName":"search_term_string"}}],"inLanguage":"hu"},{"@type":"Organization","@id":"https:\/\/www.sportshine.eu\/#organization","name":"Sportshine","url":"https:\/\/www.sportshine.eu\/","logo":{"@type":"ImageObject","inLanguage":"hu","@id":"https:\/\/www.sportshine.eu\/#\/schema\/logo\/image\/","url":"https:\/\/www.sportshine.eu\/wp-content\/uploads\/2026\/01\/cropped-Sportshine.webp","contentUrl":"https:\/\/www.sportshine.eu\/wp-content\/uploads\/2026\/01\/cropped-Sportshine.webp","width":295,"height":128,"caption":"Sportshine"},"image":{"@id":"https:\/\/www.sportshine.eu\/#\/schema\/logo\/image\/"},"sameAs":["https:\/\/www.facebook.com\/sportshine.eu\/"]}]}},"_links":{"self":[{"href":"https:\/\/www.sportshine.eu\/hu\/wp-json\/wp\/v2\/product\/8021","targetHints":{"allow":["GET"]}}],"collection":[{"href":"https:\/\/www.sportshine.eu\/hu\/wp-json\/wp\/v2\/product"}],"about":[{"href":"https:\/\/www.sportshine.eu\/hu\/wp-json\/wp\/v2\/types\/product"}],"replies":[{"embeddable":true,"href":"https:\/\/www.sportshine.eu\/hu\/wp-json\/wp\/v2\/comments?post=8021"}],"version-history":[{"count":0,"href":"https:\/\/www.sportshine.eu\/hu\/wp-json\/wp\/v2\/product\/8021\/revisions"}],"wp:featuredmedia":[{"embeddable":true,"href":"https:\/\/www.sportshine.eu\/hu\/wp-json\/wp\/v2\/media\/8022"}],"wp:attachment":[{"href":"https:\/\/www.sportshine.eu\/hu\/wp-json\/wp\/v2\/media?parent=8021"}],"wp:term":[{"taxonomy":"product_brand","embeddable":true,"href":"https:\/\/www.sportshine.eu\/hu\/wp-json\/wp\/v2\/product_brand?post=8021"},{"taxonomy":"product_cat","embeddable":true,"href":"https:\/\/www.sportshine.eu\/hu\/wp-json\/wp\/v2\/product_cat?post=8021"},{"taxonomy":"product_tag","embeddable":true,"href":"https:\/\/www.sportshine.eu\/hu\/wp-json\/wp\/v2\/product_tag?post=8021"}],"curies":[{"name":"wp","href":"https:\/\/api.w.org\/{rel}","templated":true}]}}