{"id":7947,"date":"2025-09-23T12:19:19","date_gmt":"2025-09-23T12:19:19","guid":{"rendered":"https:\/\/www.sportshine.eu\/?post_type=product&#038;p=7947"},"modified":"2025-09-23T12:31:57","modified_gmt":"2025-09-23T12:31:57","slug":"gaciron-h17-kerekpartarto","status":"publish","type":"product","link":"https:\/\/www.sportshine.eu\/hu\/uzlet\/gaciron-h17-kerekpartarto\/","title":{"rendered":"Gaciron H17 ker\u00e9kp\u00e1rtart\u00f3"},"content":{"rendered":"<p>A funkcionalit\u00e1st \u00e9s az eszt\u00e9tik\u00e1t nagyra \u00e9rt\u00e9kel\u0151 ker\u00e9kp\u00e1rosok sz\u00e1m\u00e1ra tervezett Gaciron H17 sokoldal\u00fa \u00e9s kompakt megold\u00e1st k\u00edn\u00e1l a n\u00e9lk\u00fcl\u00f6zhetetlen ker\u00e9kp\u00e1ros felszerel\u00e9sek r\u00f6gz\u00edt\u00e9s\u00e9re. Mind\u00f6ssze 60 g-os s\u00faly\u00e1val ez a tart\u00f3 rendk\u00edv\u00fcl k\u00f6nny\u0171, m\u00e9gis robusztus, ak\u00e1r 353 g-ot is elb\u00edr. Ez lehet\u0151v\u00e9 teszi egy Garmin komputer \u00e9s egy Gaciron V9D-1800 els\u0151 l\u00e1mpa egyidej\u0171 r\u00f6gz\u00edt\u00e9s\u00e9t, t\u00f6bbek k\u00f6z\u00f6tt.<\/p>\n<p>A H17 rendk\u00edv\u00fcli rugalmass\u00e1got k\u00edn\u00e1l, a Garmin sebess\u00e9gm\u00e9r\u0151 talp 180\u00b0-os fel-le \u00e1ll\u00edt\u00e1st \u00e9s 90\u00b0-os v\u00edzszintes forgat\u00e1st k\u00edn\u00e1l, \u00edgy megtal\u00e1lhatod a t\u00f6k\u00e9letes l\u00e1t\u00f3sz\u00f6get. Miniat\u0171r \u00e9s kompakt kialak\u00edt\u00e1sa eleg\u00e1ns megjelen\u00e9st biztos\u00edt, m\u00edg az egyszer\u0171 csavaros r\u00f6gz\u00edt\u00e9s gyors r\u00f6gz\u00edt\u00e9st tesz lehet\u0151v\u00e9.<\/p>","protected":false},"excerpt":{"rendered":"<p>A Gaciron H17 egy k\u00f6nny\u0171 \u00e9s tart\u00f3s, t\u00f6bbc\u00e9l\u00fa ker\u00e9kp\u00e1ros komputer \u00e9s l\u00e1mpatart\u00f3. Kiv\u00e1l\u00f3 min\u0151s\u00e9g\u0171, sz\u00e1ler\u0151s\u00edt\u00e9s\u0171 nejlonb\u00f3l k\u00e9sz\u00fclt, kiv\u00e9teles tart\u00f3ss\u00e1got \u00e9s k\u00f6nny\u0171 s\u00falyt biztos\u00edt, biztons\u00e1gosan tartja a Garmin komputert, a Gaciron l\u00e1mp\u00e1t vagy a GoPro akci\u00f3kamer\u00e1t, \u00e9s eleg\u00e1ns, professzion\u00e1lis megjelen\u00e9st k\u00f6lcs\u00f6n\u00f6z a ker\u00e9kp\u00e1r korm\u00e1ny\u00e1nak.<\/p>","protected":false},"featured_media":7950,"comment_status":"open","ping_status":"closed","template":"","meta":[],"product_brand":[132],"product_cat":[87],"product_tag":[],"class_list":{"0":"post-7947","1":"product","2":"type-product","3":"status-publish","4":"has-post-thumbnail","6":"product_brand-gaciron","7":"product_cat-kolesarski-nosilci","9":"first","10":"instock","11":"taxable","12":"shipping-taxable","13":"purchasable","14":"product-type-simple"},"yoast_head":"<!-- This site is optimized with the Yoast SEO plugin v27.3 - https:\/\/yoast.com\/product\/yoast-seo-wordpress\/ -->\n<title>Kolesarski nosilec Gaciron H17<\/title>\n<meta name=\"description\" content=\"Kolesarski nosilec Gaciron H17 primeren za vse modele Gaciron lu\u010di in Garmin kolesarske \u0161tevce.\" \/>\n<meta name=\"robots\" content=\"index, follow, max-snippet:-1, max-image-preview:large, max-video-preview:-1\" \/>\n<link rel=\"canonical\" href=\"https:\/\/www.sportshine.eu\/hu\/uzlet\/gaciron-h17-kerekpartarto\/\" \/>\n<meta property=\"og:locale\" content=\"hu_HU\" \/>\n<meta property=\"og:type\" content=\"article\" \/>\n<meta property=\"og:title\" content=\"Kolesarski nosilec Gaciron H17\" \/>\n<meta property=\"og:description\" content=\"Kolesarski nosilec Gaciron H17 primeren za vse modele Gaciron lu\u010di in Garmin kolesarske \u0161tevce.\" \/>\n<meta property=\"og:url\" content=\"https:\/\/www.sportshine.eu\/hu\/uzlet\/gaciron-h17-kerekpartarto\/\" \/>\n<meta property=\"og:site_name\" content=\"Sportshine\" \/>\n<meta property=\"article:publisher\" content=\"https:\/\/www.facebook.com\/sportshine.eu\/\" \/>\n<meta property=\"article:modified_time\" content=\"2025-09-23T12:31:57+00:00\" \/>\n<meta property=\"og:image\" content=\"https:\/\/www.sportshine.eu\/wp-content\/uploads\/2025\/09\/Gaciron-H17-nosilec.webp\" \/>\n\t<meta property=\"og:image:width\" content=\"800\" \/>\n\t<meta property=\"og:image:height\" content=\"800\" \/>\n\t<meta property=\"og:image:type\" content=\"image\/webp\" \/>\n<meta name=\"twitter:card\" content=\"summary_large_image\" \/>\n<meta name=\"twitter:label1\" content=\"Becs\u00fclt olvas\u00e1si id\u0151\" \/>\n\t<meta name=\"twitter:data1\" content=\"1 perc\" \/>\n<script type=\"application\/ld+json\" class=\"yoast-schema-graph\">{\"@context\":\"https:\\\/\\\/schema.org\",\"@graph\":[{\"@type\":\"WebPage\",\"@id\":\"https:\\\/\\\/www.sportshine.eu\\\/trgovina\\\/kolesarski-nosilec-gaciron-h17\\\/\",\"url\":\"https:\\\/\\\/www.sportshine.eu\\\/trgovina\\\/kolesarski-nosilec-gaciron-h17\\\/\",\"name\":\"Kolesarski nosilec Gaciron H17\",\"isPartOf\":{\"@id\":\"https:\\\/\\\/www.sportshine.eu\\\/#website\"},\"primaryImageOfPage\":{\"@id\":\"https:\\\/\\\/www.sportshine.eu\\\/trgovina\\\/kolesarski-nosilec-gaciron-h17\\\/#primaryimage\"},\"image\":{\"@id\":\"https:\\\/\\\/www.sportshine.eu\\\/trgovina\\\/kolesarski-nosilec-gaciron-h17\\\/#primaryimage\"},\"thumbnailUrl\":\"https:\\\/\\\/www.sportshine.eu\\\/wp-content\\\/uploads\\\/2025\\\/09\\\/Gaciron-H17-nosilec.webp\",\"datePublished\":\"2025-09-23T12:19:19+00:00\",\"dateModified\":\"2025-09-23T12:31:57+00:00\",\"description\":\"Kolesarski nosilec Gaciron H17 primeren za vse modele Gaciron lu\u010di in Garmin kolesarske \u0161tevce.\",\"breadcrumb\":{\"@id\":\"https:\\\/\\\/www.sportshine.eu\\\/trgovina\\\/kolesarski-nosilec-gaciron-h17\\\/#breadcrumb\"},\"inLanguage\":\"hu\",\"potentialAction\":[{\"@type\":\"ReadAction\",\"target\":[\"https:\\\/\\\/www.sportshine.eu\\\/trgovina\\\/kolesarski-nosilec-gaciron-h17\\\/\"]}]},{\"@type\":\"ImageObject\",\"inLanguage\":\"hu\",\"@id\":\"https:\\\/\\\/www.sportshine.eu\\\/trgovina\\\/kolesarski-nosilec-gaciron-h17\\\/#primaryimage\",\"url\":\"https:\\\/\\\/www.sportshine.eu\\\/wp-content\\\/uploads\\\/2025\\\/09\\\/Gaciron-H17-nosilec.webp\",\"contentUrl\":\"https:\\\/\\\/www.sportshine.eu\\\/wp-content\\\/uploads\\\/2025\\\/09\\\/Gaciron-H17-nosilec.webp\",\"width\":800,\"height\":800,\"caption\":\"Gaciron H17 nosilec\"},{\"@type\":\"BreadcrumbList\",\"@id\":\"https:\\\/\\\/www.sportshine.eu\\\/trgovina\\\/kolesarski-nosilec-gaciron-h17\\\/#breadcrumb\",\"itemListElement\":[{\"@type\":\"ListItem\",\"position\":1,\"name\":\"Home\",\"item\":\"https:\\\/\\\/www.sportshine.eu\\\/\"},{\"@type\":\"ListItem\",\"position\":2,\"name\":\"Trgovina\",\"item\":\"https:\\\/\\\/www.sportshine.eu\\\/trgovina\\\/\"},{\"@type\":\"ListItem\",\"position\":3,\"name\":\"Kolesarski nosilec Gaciron H17\"}]},{\"@type\":\"WebSite\",\"@id\":\"https:\\\/\\\/www.sportshine.eu\\\/#website\",\"url\":\"https:\\\/\\\/www.sportshine.eu\\\/\",\"name\":\"Sportshine\",\"description\":\"Top spletna trgovina kolesarskih in naglavnih svetilk ter opreme\",\"publisher\":{\"@id\":\"https:\\\/\\\/www.sportshine.eu\\\/#organization\"},\"potentialAction\":[{\"@type\":\"SearchAction\",\"target\":{\"@type\":\"EntryPoint\",\"urlTemplate\":\"https:\\\/\\\/www.sportshine.eu\\\/?s={search_term_string}\"},\"query-input\":{\"@type\":\"PropertyValueSpecification\",\"valueRequired\":true,\"valueName\":\"search_term_string\"}}],\"inLanguage\":\"hu\"},{\"@type\":\"Organization\",\"@id\":\"https:\\\/\\\/www.sportshine.eu\\\/#organization\",\"name\":\"Sportshine\",\"url\":\"https:\\\/\\\/www.sportshine.eu\\\/\",\"logo\":{\"@type\":\"ImageObject\",\"inLanguage\":\"hu\",\"@id\":\"https:\\\/\\\/www.sportshine.eu\\\/#\\\/schema\\\/logo\\\/image\\\/\",\"url\":\"https:\\\/\\\/www.sportshine.eu\\\/wp-content\\\/uploads\\\/2026\\\/01\\\/cropped-Sportshine.webp\",\"contentUrl\":\"https:\\\/\\\/www.sportshine.eu\\\/wp-content\\\/uploads\\\/2026\\\/01\\\/cropped-Sportshine.webp\",\"width\":295,\"height\":128,\"caption\":\"Sportshine\"},\"image\":{\"@id\":\"https:\\\/\\\/www.sportshine.eu\\\/#\\\/schema\\\/logo\\\/image\\\/\"},\"sameAs\":[\"https:\\\/\\\/www.facebook.com\\\/sportshine.eu\\\/\"]}]}<\/script>\n<!-- \/ Yoast SEO plugin. -->","yoast_head_json":{"title":"Gaciron H17 ker\u00e9kp\u00e1rtart\u00f3","description":"Gaciron H17 ker\u00e9kp\u00e1rtart\u00f3, amely minden Gaciron l\u00e1mp\u00e1hoz \u00e9s Garmin ker\u00e9kp\u00e1rkomputerhez alkalmas.","robots":{"index":"index","follow":"follow","max-snippet":"max-snippet:-1","max-image-preview":"max-image-preview:large","max-video-preview":"max-video-preview:-1"},"canonical":"https:\/\/www.sportshine.eu\/hu\/uzlet\/gaciron-h17-kerekpartarto\/","og_locale":"hu_HU","og_type":"article","og_title":"Kolesarski nosilec Gaciron H17","og_description":"Kolesarski nosilec Gaciron H17 primeren za vse modele Gaciron lu\u010di in Garmin kolesarske \u0161tevce.","og_url":"https:\/\/www.sportshine.eu\/hu\/uzlet\/gaciron-h17-kerekpartarto\/","og_site_name":"Sportshine","article_publisher":"https:\/\/www.facebook.com\/sportshine.eu\/","article_modified_time":"2025-09-23T12:31:57+00:00","og_image":[{"width":800,"height":800,"url":"https:\/\/www.sportshine.eu\/wp-content\/uploads\/2025\/09\/Gaciron-H17-nosilec.webp","type":"image\/webp"}],"twitter_card":"summary_large_image","twitter_misc":{"Becs\u00fclt olvas\u00e1si id\u0151":"1 perc"},"schema":{"@context":"https:\/\/schema.org","@graph":[{"@type":"WebPage","@id":"https:\/\/www.sportshine.eu\/trgovina\/kolesarski-nosilec-gaciron-h17\/","url":"https:\/\/www.sportshine.eu\/trgovina\/kolesarski-nosilec-gaciron-h17\/","name":"Gaciron H17 ker\u00e9kp\u00e1rtart\u00f3","isPartOf":{"@id":"https:\/\/www.sportshine.eu\/#website"},"primaryImageOfPage":{"@id":"https:\/\/www.sportshine.eu\/trgovina\/kolesarski-nosilec-gaciron-h17\/#primaryimage"},"image":{"@id":"https:\/\/www.sportshine.eu\/trgovina\/kolesarski-nosilec-gaciron-h17\/#primaryimage"},"thumbnailUrl":"https:\/\/www.sportshine.eu\/wp-content\/uploads\/2025\/09\/Gaciron-H17-nosilec.webp","datePublished":"2025-09-23T12:19:19+00:00","dateModified":"2025-09-23T12:31:57+00:00","description":"Gaciron H17 ker\u00e9kp\u00e1rtart\u00f3, amely minden Gaciron l\u00e1mp\u00e1hoz \u00e9s Garmin ker\u00e9kp\u00e1rkomputerhez alkalmas.","breadcrumb":{"@id":"https:\/\/www.sportshine.eu\/trgovina\/kolesarski-nosilec-gaciron-h17\/#breadcrumb"},"inLanguage":"hu","potentialAction":[{"@type":"ReadAction","target":["https:\/\/www.sportshine.eu\/trgovina\/kolesarski-nosilec-gaciron-h17\/"]}]},{"@type":"ImageObject","inLanguage":"hu","@id":"https:\/\/www.sportshine.eu\/trgovina\/kolesarski-nosilec-gaciron-h17\/#primaryimage","url":"https:\/\/www.sportshine.eu\/wp-content\/uploads\/2025\/09\/Gaciron-H17-nosilec.webp","contentUrl":"https:\/\/www.sportshine.eu\/wp-content\/uploads\/2025\/09\/Gaciron-H17-nosilec.webp","width":800,"height":800,"caption":"Gaciron H17 nosilec"},{"@type":"BreadcrumbList","@id":"https:\/\/www.sportshine.eu\/trgovina\/kolesarski-nosilec-gaciron-h17\/#breadcrumb","itemListElement":[{"@type":"ListItem","position":1,"name":"Home","item":"https:\/\/www.sportshine.eu\/"},{"@type":"ListItem","position":2,"name":"Trgovina","item":"https:\/\/www.sportshine.eu\/trgovina\/"},{"@type":"ListItem","position":3,"name":"Kolesarski nosilec Gaciron H17"}]},{"@type":"WebSite","@id":"https:\/\/www.sportshine.eu\/#website","url":"https:\/\/www.sportshine.eu\/","name":"Sportshine","description":"Ker\u00e9kp\u00e1ros, fejl\u00e1mp\u00e1k \u00e9s felszerel\u00e9sek online \u00e1ruh\u00e1z\u00e1nak vezet\u0151 k\u00edn\u00e1lata","publisher":{"@id":"https:\/\/www.sportshine.eu\/#organization"},"potentialAction":[{"@type":"SearchAction","target":{"@type":"EntryPoint","urlTemplate":"https:\/\/www.sportshine.eu\/?s={search_term_string}"},"query-input":{"@type":"PropertyValueSpecification","valueRequired":true,"valueName":"search_term_string"}}],"inLanguage":"hu"},{"@type":"Organization","@id":"https:\/\/www.sportshine.eu\/#organization","name":"Sportshine","url":"https:\/\/www.sportshine.eu\/","logo":{"@type":"ImageObject","inLanguage":"hu","@id":"https:\/\/www.sportshine.eu\/#\/schema\/logo\/image\/","url":"https:\/\/www.sportshine.eu\/wp-content\/uploads\/2026\/01\/cropped-Sportshine.webp","contentUrl":"https:\/\/www.sportshine.eu\/wp-content\/uploads\/2026\/01\/cropped-Sportshine.webp","width":295,"height":128,"caption":"Sportshine"},"image":{"@id":"https:\/\/www.sportshine.eu\/#\/schema\/logo\/image\/"},"sameAs":["https:\/\/www.facebook.com\/sportshine.eu\/"]}]}},"_links":{"self":[{"href":"https:\/\/www.sportshine.eu\/hu\/wp-json\/wp\/v2\/product\/7947","targetHints":{"allow":["GET"]}}],"collection":[{"href":"https:\/\/www.sportshine.eu\/hu\/wp-json\/wp\/v2\/product"}],"about":[{"href":"https:\/\/www.sportshine.eu\/hu\/wp-json\/wp\/v2\/types\/product"}],"replies":[{"embeddable":true,"href":"https:\/\/www.sportshine.eu\/hu\/wp-json\/wp\/v2\/comments?post=7947"}],"version-history":[{"count":0,"href":"https:\/\/www.sportshine.eu\/hu\/wp-json\/wp\/v2\/product\/7947\/revisions"}],"wp:featuredmedia":[{"embeddable":true,"href":"https:\/\/www.sportshine.eu\/hu\/wp-json\/wp\/v2\/media\/7950"}],"wp:attachment":[{"href":"https:\/\/www.sportshine.eu\/hu\/wp-json\/wp\/v2\/media?parent=7947"}],"wp:term":[{"taxonomy":"product_brand","embeddable":true,"href":"https:\/\/www.sportshine.eu\/hu\/wp-json\/wp\/v2\/product_brand?post=7947"},{"taxonomy":"product_cat","embeddable":true,"href":"https:\/\/www.sportshine.eu\/hu\/wp-json\/wp\/v2\/product_cat?post=7947"},{"taxonomy":"product_tag","embeddable":true,"href":"https:\/\/www.sportshine.eu\/hu\/wp-json\/wp\/v2\/product_tag?post=7947"}],"curies":[{"name":"wp","href":"https:\/\/api.w.org\/{rel}","templated":true}]}}