{"id":7724,"date":"2025-08-03T19:15:04","date_gmt":"2025-08-03T19:15:04","guid":{"rendered":"https:\/\/www.sportshine.eu\/?post_type=product&#038;p=7724"},"modified":"2026-01-20T09:59:13","modified_gmt":"2026-01-20T09:59:13","slug":"bryton-computer-rider-s510-csomag","status":"publish","type":"product","link":"https:\/\/www.sportshine.eu\/hu\/uzlet\/bryton-computer-rider-s510-csomag\/","title":{"rendered":"Bryton Rider S510 sz\u00e1m\u00edt\u00f3g\u00e9pcsomag"},"content":{"rendered":"<h3 style=\"text-align: center;\">BRYTON RIDER S510 VIDE\u00d3 BEMUTAT\u00d3<\/h3>\n<p><iframe loading=\"lazy\" title=\"Bryton Rider S510\" width=\"500\" height=\"281\" src=\"https:\/\/www.youtube.com\/embed\/lEKtFCwdEPc?feature=oembed\" frameborder=\"0\" allow=\"accelerometer; autoplay; clipboard-write; encrypted-media; gyroscope; picture-in-picture; web-share\" referrerpolicy=\"strict-origin-when-cross-origin\" allowfullscreen><\/iframe><\/p>\n<h3 style=\"text-align: center;\">HANGKERES\u00c9S<\/h3>\n<p style=\"text-align: center;\">Internetkapcsolattal hanggal is kereshet helyeket. T\u00f6bb mint 100 nyelvet ismer fel a gyors Google-keres\u00e9sekhez.<\/p>\n<p><img decoding=\"async\" class=\"aligncenter wp-image-5653 size-full\" src=\"https:\/\/www.sportshine.eu\/wp-content\/uploads\/2025\/07\/Bryton-rider-s510-E-4.webp\" alt=\"\" width=\"800\" height=\"800\" srcset=\"https:\/\/www.sportshine.eu\/wp-content\/uploads\/2025\/07\/Bryton-rider-s510-E-4.webp 800w, https:\/\/www.sportshine.eu\/wp-content\/uploads\/2025\/07\/Bryton-rider-s510-E-4-768x768.webp 768w, https:\/\/www.sportshine.eu\/wp-content\/uploads\/2025\/07\/Bryton-rider-s510-E-4-600x600.webp 600w\" sizes=\"(max-width: 800px) 100vw, 800px\" \/><\/p>\n<h3 style=\"text-align: center;\">NAVIG\u00c1CI\u00d3<\/h3>\n<p style=\"text-align: center;\">A Rider S510 ker\u00e9kp\u00e1rkomputer gondtalan, l\u00e9p\u00e9sr\u0151l l\u00e9p\u00e9sre t\u00f6rt\u00e9n\u0151 navig\u00e1ci\u00f3t biztos\u00edt, amely az eszk\u00f6zre el\u0151re bet\u00f6lt\u00f6tt t\u00e9rk\u00e9peken utcaneveket, \u00e9rdekes helyeket, cs\u00facsneveket, t\u00e1vols\u00e1gokat \u00e9s sok m\u00e1st jelen\u00edt meg. A t\u00e9rk\u00e9pek m\u00f3dos\u00edthat\u00f3k vagy friss\u00edthet\u0151k is.<\/p>\n<p><img decoding=\"async\" class=\"wp-image-7710 size-full aligncenter\" src=\"https:\/\/www.sportshine.eu\/wp-content\/uploads\/2025\/07\/Kolesarski-stevec-Brytom-7.webp\" alt=\"\" width=\"800\" height=\"600\" srcset=\"https:\/\/www.sportshine.eu\/wp-content\/uploads\/2025\/07\/Kolesarski-stevec-Brytom-7.webp 800w, https:\/\/www.sportshine.eu\/wp-content\/uploads\/2025\/07\/Kolesarski-stevec-Brytom-7-768x576.webp 768w, https:\/\/www.sportshine.eu\/wp-content\/uploads\/2025\/07\/Kolesarski-stevec-Brytom-7-600x450.webp 600w\" sizes=\"(max-width: 800px) 100vw, 800px\" \/><\/p>\n<h3 style=\"text-align: center;\">HALAD\u00d3 EDZ\u00c9SEK<\/h3>\n<div>\n<p style=\"text-align: center;\">A Bryton Active alkalmaz\u00e1ssal egy\u00fcttm\u0171k\u00f6dve a ker\u00e9kp\u00e1ros komputer lehet\u0151v\u00e9 teszi tervezett edz\u00e9sek l\u00e9trehoz\u00e1s\u00e1t \u00e9s import\u00e1l\u00e1s\u00e1t. Edz\u00e9s k\u00f6zben a szintek vizu\u00e1lisan jelennek meg a k\u00f6nny\u0171 eligazod\u00e1s \u00e9rdek\u00e9ben. Emellett okostr\u00e9nerekhez is csatlakoztathat\u00f3.<\/p>\n<p><img decoding=\"async\" class=\"aligncenter wp-image-7711\" src=\"https:\/\/www.sportshine.eu\/wp-content\/uploads\/2025\/07\/Stevec-za-kolo.webp\" alt=\"\" width=\"800\" height=\"600\" srcset=\"https:\/\/www.sportshine.eu\/wp-content\/uploads\/2025\/07\/Stevec-za-kolo-768x576.webp 768w, https:\/\/www.sportshine.eu\/wp-content\/uploads\/2025\/07\/Stevec-za-kolo-600x450.webp 600w\" sizes=\"(max-width: 800px) 100vw, 800px\" \/><\/p>\n<\/div>\n<h3 style=\"text-align: center;\">KER\u00c9KP\u00c1ROS RADAR<\/h3>\n<div>\n<p style=\"text-align: center;\">A sz\u00e1m\u00edt\u00f3g\u00e9p t\u00e1mogatja a ker\u00e9kp\u00e1rradarokat, mint p\u00e9ld\u00e1ul a Gardia R300L, a Garmin Varia \u00e9s a Magichsine R300. A radar \u00e9rz\u00e9keli a m\u00f6g\u00f6tted halad\u00f3 j\u00e1rm\u0171veket, egy f\u00e9nnyel figyelmezteti \u0151ket, \u00e9s a sz\u00e1m\u00edt\u00f3g\u00e9p k\u00e9perny\u0151j\u00e9n megjelen\u00edti a j\u00e1rm\u0171 t\u00e1vols\u00e1g\u00e1t.<\/p>\n<p><img decoding=\"async\" class=\"aligncenter wp-image-5654 size-full\" src=\"https:\/\/www.sportshine.eu\/wp-content\/uploads\/2025\/07\/Bryton-rider-s510-E-5.webp\" alt=\"\" width=\"800\" height=\"800\" srcset=\"https:\/\/www.sportshine.eu\/wp-content\/uploads\/2025\/07\/Bryton-rider-s510-E-5.webp 800w, https:\/\/www.sportshine.eu\/wp-content\/uploads\/2025\/07\/Bryton-rider-s510-E-5-768x768.webp 768w, https:\/\/www.sportshine.eu\/wp-content\/uploads\/2025\/07\/Bryton-rider-s510-E-5-600x600.webp 600w\" sizes=\"(max-width: 800px) 100vw, 800px\" \/><\/p>\n<h3 style=\"text-align: center;\">\u00c9L\u0150 SZ\u00c1MOK<\/h3>\n<p style=\"text-align: center;\">Oszd meg az \u00fatvonaladat bar\u00e1taiddal vagy csal\u00e1doddal. K\u00f6vethetnek t\u00e9ged \u00fatk\u00f6zben, ami extra biztons\u00e1g\u00e9rzetet ad neked \u00e9s szeretteidnek.<\/p>\n<p><img decoding=\"async\" class=\"aligncenter wp-image-7712\" src=\"https:\/\/www.sportshine.eu\/wp-content\/uploads\/2025\/07\/stevec-za-kolo-Bryton.webp\" alt=\"\" width=\"800\" height=\"600\" srcset=\"https:\/\/www.sportshine.eu\/wp-content\/uploads\/2025\/07\/stevec-za-kolo-Bryton-768x576.webp 768w, https:\/\/www.sportshine.eu\/wp-content\/uploads\/2025\/07\/stevec-za-kolo-Bryton-600x450.webp 600w\" sizes=\"(max-width: 800px) 100vw, 800px\" \/><\/p>\n<\/div>","protected":false},"excerpt":{"rendered":"<p>A Bryton rider S510 ker\u00e9kp\u00e1ros komputer sz\u00ednes LCD \u00e9rint\u0151k\u00e9perny\u0151vel rendelkezik, amely lehet\u0151v\u00e9 teszi a radarf\u00e9nyekhez val\u00f3 csatlakoz\u00e1st, az el\u0151re bet\u00f6lt\u00f6tt t\u00e9rk\u00e9pekkel ell\u00e1tott GPS navig\u00e1ci\u00f3t, az intelligens edz\u00e9seket, a Climb Challenge 2.0-t, valamint az egyszer\u0171 szinkroniz\u00e1l\u00e1st a Bryton Active alkalmaz\u00e1ssal. Az akkumul\u00e1tor 30 \u00f3r\u00e1s \u00fczemid\u0151t biztos\u00edt, \u00e9s USB-C k\u00e1bellel t\u00f6lthet\u0151. A k\u00e9szlet tartalmaz egy alapvet\u0151 korm\u00e1nyra szerelhet\u0151 tart\u00f3t, pulzusm\u00e9r\u0151t, sebess\u00e9g- \u00e9s ped\u00e1lfordulat-\u00e9rz\u00e9kel\u0151t, t\u00f6lt\u0151k\u00e1belt \u00e9s biztons\u00e1gi hurkot.<\/p>","protected":false},"featured_media":7728,"comment_status":"open","ping_status":"closed","template":"","meta":[],"product_brand":[],"product_cat":[95,94],"product_tag":[],"class_list":{"0":"post-7724","1":"product","2":"type-product","3":"status-publish","4":"has-post-thumbnail","6":"product_cat-kolesarska-oprema","7":"product_cat-kolesarski-stevci","9":"first","10":"instock","11":"taxable","12":"shipping-taxable","13":"purchasable","14":"product-type-simple"},"yoast_head":"<!-- This site is optimized with the Yoast SEO plugin v27.3 - https:\/\/yoast.com\/product\/yoast-seo-wordpress\/ -->\n<title>Bryton ra\u010dunalnik Rider S510 bundle<\/title>\n<meta name=\"description\" content=\"Bryton ra\u010dunalnik Rider S510 bundle ima ogromno funkcij, je preprost za uporabo in je primeren za vse kolesarje. V paket vklju\u010deni senzorji.\" \/>\n<meta name=\"robots\" content=\"index, follow, max-snippet:-1, max-image-preview:large, max-video-preview:-1\" \/>\n<link rel=\"canonical\" href=\"https:\/\/www.sportshine.eu\/hu\/uzlet\/bryton-computer-rider-s510-csomag\/\" \/>\n<meta property=\"og:locale\" content=\"hu_HU\" \/>\n<meta property=\"og:type\" content=\"article\" \/>\n<meta property=\"og:title\" content=\"Bryton ra\u010dunalnik Rider S510 bundle\" \/>\n<meta property=\"og:description\" content=\"Bryton ra\u010dunalnik Rider S510 bundle ima ogromno funkcij, je preprost za uporabo in je primeren za vse kolesarje. V paket vklju\u010deni senzorji.\" \/>\n<meta property=\"og:url\" content=\"https:\/\/www.sportshine.eu\/hu\/uzlet\/bryton-computer-rider-s510-csomag\/\" \/>\n<meta property=\"og:site_name\" content=\"Sportshine\" \/>\n<meta property=\"article:publisher\" content=\"https:\/\/www.facebook.com\/sportshine.eu\/\" \/>\n<meta property=\"article:modified_time\" content=\"2026-01-20T09:59:13+00:00\" \/>\n<meta property=\"og:image\" content=\"https:\/\/www.sportshine.eu\/wp-content\/uploads\/2025\/08\/Bryton-S510-bundle-2.webp\" \/>\n\t<meta property=\"og:image:width\" content=\"800\" \/>\n\t<meta property=\"og:image:height\" content=\"800\" \/>\n\t<meta property=\"og:image:type\" content=\"image\/webp\" \/>\n<meta name=\"twitter:card\" content=\"summary_large_image\" \/>\n<meta name=\"twitter:label1\" content=\"Becs\u00fclt olvas\u00e1si id\u0151\" \/>\n\t<meta name=\"twitter:data1\" content=\"2 perc\" \/>\n<script type=\"application\/ld+json\" class=\"yoast-schema-graph\">{\"@context\":\"https:\\\/\\\/schema.org\",\"@graph\":[{\"@type\":\"WebPage\",\"@id\":\"https:\\\/\\\/www.sportshine.eu\\\/trgovina\\\/bryton-racunalnik-rider-s510-bundle\\\/\",\"url\":\"https:\\\/\\\/www.sportshine.eu\\\/trgovina\\\/bryton-racunalnik-rider-s510-bundle\\\/\",\"name\":\"Bryton ra\u010dunalnik Rider S510 bundle\",\"isPartOf\":{\"@id\":\"https:\\\/\\\/www.sportshine.eu\\\/#website\"},\"primaryImageOfPage\":{\"@id\":\"https:\\\/\\\/www.sportshine.eu\\\/trgovina\\\/bryton-racunalnik-rider-s510-bundle\\\/#primaryimage\"},\"image\":{\"@id\":\"https:\\\/\\\/www.sportshine.eu\\\/trgovina\\\/bryton-racunalnik-rider-s510-bundle\\\/#primaryimage\"},\"thumbnailUrl\":\"https:\\\/\\\/www.sportshine.eu\\\/wp-content\\\/uploads\\\/2025\\\/08\\\/Bryton-S510-bundle-2.webp\",\"datePublished\":\"2025-08-03T19:15:04+00:00\",\"dateModified\":\"2026-01-20T09:59:13+00:00\",\"description\":\"Bryton ra\u010dunalnik Rider S510 bundle ima ogromno funkcij, je preprost za uporabo in je primeren za vse kolesarje. V paket vklju\u010deni senzorji.\",\"breadcrumb\":{\"@id\":\"https:\\\/\\\/www.sportshine.eu\\\/trgovina\\\/bryton-racunalnik-rider-s510-bundle\\\/#breadcrumb\"},\"inLanguage\":\"hu\",\"potentialAction\":[{\"@type\":\"ReadAction\",\"target\":[\"https:\\\/\\\/www.sportshine.eu\\\/trgovina\\\/bryton-racunalnik-rider-s510-bundle\\\/\"]}]},{\"@type\":\"ImageObject\",\"inLanguage\":\"hu\",\"@id\":\"https:\\\/\\\/www.sportshine.eu\\\/trgovina\\\/bryton-racunalnik-rider-s510-bundle\\\/#primaryimage\",\"url\":\"https:\\\/\\\/www.sportshine.eu\\\/wp-content\\\/uploads\\\/2025\\\/08\\\/Bryton-S510-bundle-2.webp\",\"contentUrl\":\"https:\\\/\\\/www.sportshine.eu\\\/wp-content\\\/uploads\\\/2025\\\/08\\\/Bryton-S510-bundle-2.webp\",\"width\":800,\"height\":800,\"caption\":\"Bryton S510 bundle\"},{\"@type\":\"BreadcrumbList\",\"@id\":\"https:\\\/\\\/www.sportshine.eu\\\/trgovina\\\/bryton-racunalnik-rider-s510-bundle\\\/#breadcrumb\",\"itemListElement\":[{\"@type\":\"ListItem\",\"position\":1,\"name\":\"Home\",\"item\":\"https:\\\/\\\/www.sportshine.eu\\\/\"},{\"@type\":\"ListItem\",\"position\":2,\"name\":\"Trgovina\",\"item\":\"https:\\\/\\\/www.sportshine.eu\\\/trgovina\\\/\"},{\"@type\":\"ListItem\",\"position\":3,\"name\":\"Bryton ra\u010dunalnik Rider S510 bundle\"}]},{\"@type\":\"WebSite\",\"@id\":\"https:\\\/\\\/www.sportshine.eu\\\/#website\",\"url\":\"https:\\\/\\\/www.sportshine.eu\\\/\",\"name\":\"Sportshine\",\"description\":\"Top spletna trgovina kolesarskih in naglavnih svetilk ter opreme\",\"publisher\":{\"@id\":\"https:\\\/\\\/www.sportshine.eu\\\/#organization\"},\"potentialAction\":[{\"@type\":\"SearchAction\",\"target\":{\"@type\":\"EntryPoint\",\"urlTemplate\":\"https:\\\/\\\/www.sportshine.eu\\\/?s={search_term_string}\"},\"query-input\":{\"@type\":\"PropertyValueSpecification\",\"valueRequired\":true,\"valueName\":\"search_term_string\"}}],\"inLanguage\":\"hu\"},{\"@type\":\"Organization\",\"@id\":\"https:\\\/\\\/www.sportshine.eu\\\/#organization\",\"name\":\"Sportshine\",\"url\":\"https:\\\/\\\/www.sportshine.eu\\\/\",\"logo\":{\"@type\":\"ImageObject\",\"inLanguage\":\"hu\",\"@id\":\"https:\\\/\\\/www.sportshine.eu\\\/#\\\/schema\\\/logo\\\/image\\\/\",\"url\":\"https:\\\/\\\/www.sportshine.eu\\\/wp-content\\\/uploads\\\/2026\\\/01\\\/cropped-Sportshine.webp\",\"contentUrl\":\"https:\\\/\\\/www.sportshine.eu\\\/wp-content\\\/uploads\\\/2026\\\/01\\\/cropped-Sportshine.webp\",\"width\":295,\"height\":128,\"caption\":\"Sportshine\"},\"image\":{\"@id\":\"https:\\\/\\\/www.sportshine.eu\\\/#\\\/schema\\\/logo\\\/image\\\/\"},\"sameAs\":[\"https:\\\/\\\/www.facebook.com\\\/sportshine.eu\\\/\"]}]}<\/script>\n<!-- \/ Yoast SEO plugin. -->","yoast_head_json":{"title":"Bryton Rider S510 sz\u00e1m\u00edt\u00f3g\u00e9pcsomag","description":"A Bryton Rider S510 ker\u00e9kp\u00e1rkomputer sz\u00e1mos funkci\u00f3val rendelkezik, k\u00f6nnyen haszn\u00e1lhat\u00f3 \u00e9s minden ker\u00e9kp\u00e1ros sz\u00e1m\u00e1ra alkalmas. Az \u00e9rz\u00e9kel\u0151k a csomag r\u00e9sz\u00e9t k\u00e9pezik.","robots":{"index":"index","follow":"follow","max-snippet":"max-snippet:-1","max-image-preview":"max-image-preview:large","max-video-preview":"max-video-preview:-1"},"canonical":"https:\/\/www.sportshine.eu\/hu\/uzlet\/bryton-computer-rider-s510-csomag\/","og_locale":"hu_HU","og_type":"article","og_title":"Bryton ra\u010dunalnik Rider S510 bundle","og_description":"Bryton ra\u010dunalnik Rider S510 bundle ima ogromno funkcij, je preprost za uporabo in je primeren za vse kolesarje. V paket vklju\u010deni senzorji.","og_url":"https:\/\/www.sportshine.eu\/hu\/uzlet\/bryton-computer-rider-s510-csomag\/","og_site_name":"Sportshine","article_publisher":"https:\/\/www.facebook.com\/sportshine.eu\/","article_modified_time":"2026-01-20T09:59:13+00:00","og_image":[{"width":800,"height":800,"url":"https:\/\/www.sportshine.eu\/wp-content\/uploads\/2025\/08\/Bryton-S510-bundle-2.webp","type":"image\/webp"}],"twitter_card":"summary_large_image","twitter_misc":{"Becs\u00fclt olvas\u00e1si id\u0151":"2 perc"},"schema":{"@context":"https:\/\/schema.org","@graph":[{"@type":"WebPage","@id":"https:\/\/www.sportshine.eu\/trgovina\/bryton-racunalnik-rider-s510-bundle\/","url":"https:\/\/www.sportshine.eu\/trgovina\/bryton-racunalnik-rider-s510-bundle\/","name":"Bryton Rider S510 sz\u00e1m\u00edt\u00f3g\u00e9pcsomag","isPartOf":{"@id":"https:\/\/www.sportshine.eu\/#website"},"primaryImageOfPage":{"@id":"https:\/\/www.sportshine.eu\/trgovina\/bryton-racunalnik-rider-s510-bundle\/#primaryimage"},"image":{"@id":"https:\/\/www.sportshine.eu\/trgovina\/bryton-racunalnik-rider-s510-bundle\/#primaryimage"},"thumbnailUrl":"https:\/\/www.sportshine.eu\/wp-content\/uploads\/2025\/08\/Bryton-S510-bundle-2.webp","datePublished":"2025-08-03T19:15:04+00:00","dateModified":"2026-01-20T09:59:13+00:00","description":"A Bryton Rider S510 ker\u00e9kp\u00e1rkomputer sz\u00e1mos funkci\u00f3val rendelkezik, k\u00f6nnyen haszn\u00e1lhat\u00f3 \u00e9s minden ker\u00e9kp\u00e1ros sz\u00e1m\u00e1ra alkalmas. Az \u00e9rz\u00e9kel\u0151k a csomag r\u00e9sz\u00e9t k\u00e9pezik.","breadcrumb":{"@id":"https:\/\/www.sportshine.eu\/trgovina\/bryton-racunalnik-rider-s510-bundle\/#breadcrumb"},"inLanguage":"hu","potentialAction":[{"@type":"ReadAction","target":["https:\/\/www.sportshine.eu\/trgovina\/bryton-racunalnik-rider-s510-bundle\/"]}]},{"@type":"ImageObject","inLanguage":"hu","@id":"https:\/\/www.sportshine.eu\/trgovina\/bryton-racunalnik-rider-s510-bundle\/#primaryimage","url":"https:\/\/www.sportshine.eu\/wp-content\/uploads\/2025\/08\/Bryton-S510-bundle-2.webp","contentUrl":"https:\/\/www.sportshine.eu\/wp-content\/uploads\/2025\/08\/Bryton-S510-bundle-2.webp","width":800,"height":800,"caption":"Bryton S510 bundle"},{"@type":"BreadcrumbList","@id":"https:\/\/www.sportshine.eu\/trgovina\/bryton-racunalnik-rider-s510-bundle\/#breadcrumb","itemListElement":[{"@type":"ListItem","position":1,"name":"Home","item":"https:\/\/www.sportshine.eu\/"},{"@type":"ListItem","position":2,"name":"Trgovina","item":"https:\/\/www.sportshine.eu\/trgovina\/"},{"@type":"ListItem","position":3,"name":"Bryton ra\u010dunalnik Rider S510 bundle"}]},{"@type":"WebSite","@id":"https:\/\/www.sportshine.eu\/#website","url":"https:\/\/www.sportshine.eu\/","name":"Sportshine","description":"Ker\u00e9kp\u00e1ros, fejl\u00e1mp\u00e1k \u00e9s felszerel\u00e9sek online \u00e1ruh\u00e1z\u00e1nak vezet\u0151 k\u00edn\u00e1lata","publisher":{"@id":"https:\/\/www.sportshine.eu\/#organization"},"potentialAction":[{"@type":"SearchAction","target":{"@type":"EntryPoint","urlTemplate":"https:\/\/www.sportshine.eu\/?s={search_term_string}"},"query-input":{"@type":"PropertyValueSpecification","valueRequired":true,"valueName":"search_term_string"}}],"inLanguage":"hu"},{"@type":"Organization","@id":"https:\/\/www.sportshine.eu\/#organization","name":"Sportshine","url":"https:\/\/www.sportshine.eu\/","logo":{"@type":"ImageObject","inLanguage":"hu","@id":"https:\/\/www.sportshine.eu\/#\/schema\/logo\/image\/","url":"https:\/\/www.sportshine.eu\/wp-content\/uploads\/2026\/01\/cropped-Sportshine.webp","contentUrl":"https:\/\/www.sportshine.eu\/wp-content\/uploads\/2026\/01\/cropped-Sportshine.webp","width":295,"height":128,"caption":"Sportshine"},"image":{"@id":"https:\/\/www.sportshine.eu\/#\/schema\/logo\/image\/"},"sameAs":["https:\/\/www.facebook.com\/sportshine.eu\/"]}]}},"_links":{"self":[{"href":"https:\/\/www.sportshine.eu\/hu\/wp-json\/wp\/v2\/product\/7724","targetHints":{"allow":["GET"]}}],"collection":[{"href":"https:\/\/www.sportshine.eu\/hu\/wp-json\/wp\/v2\/product"}],"about":[{"href":"https:\/\/www.sportshine.eu\/hu\/wp-json\/wp\/v2\/types\/product"}],"replies":[{"embeddable":true,"href":"https:\/\/www.sportshine.eu\/hu\/wp-json\/wp\/v2\/comments?post=7724"}],"version-history":[{"count":0,"href":"https:\/\/www.sportshine.eu\/hu\/wp-json\/wp\/v2\/product\/7724\/revisions"}],"wp:featuredmedia":[{"embeddable":true,"href":"https:\/\/www.sportshine.eu\/hu\/wp-json\/wp\/v2\/media\/7728"}],"wp:attachment":[{"href":"https:\/\/www.sportshine.eu\/hu\/wp-json\/wp\/v2\/media?parent=7724"}],"wp:term":[{"taxonomy":"product_brand","embeddable":true,"href":"https:\/\/www.sportshine.eu\/hu\/wp-json\/wp\/v2\/product_brand?post=7724"},{"taxonomy":"product_cat","embeddable":true,"href":"https:\/\/www.sportshine.eu\/hu\/wp-json\/wp\/v2\/product_cat?post=7724"},{"taxonomy":"product_tag","embeddable":true,"href":"https:\/\/www.sportshine.eu\/hu\/wp-json\/wp\/v2\/product_tag?post=7724"}],"curies":[{"name":"wp","href":"https:\/\/api.w.org\/{rel}","templated":true}]}}