{"id":7084,"date":"2025-07-26T12:33:37","date_gmt":"2025-07-26T12:33:37","guid":{"rendered":"https:\/\/www.sportshine.eu\/?post_type=product&#038;p=7084"},"modified":"2025-12-13T16:27:51","modified_gmt":"2025-12-13T16:27:51","slug":"magicshine-airro-hordozhato-kerekparpumpa","status":"publish","type":"product","link":"https:\/\/www.sportshine.eu\/hu\/uzlet\/magicshine-airro-hordozhato-kerekparpumpa\/","title":{"rendered":"Magicshine AIRRO hordozhat\u00f3 ker\u00e9kp\u00e1rpumpa"},"content":{"rendered":"<h3 style=\"text-align: center;\">PUFFOLJ OKOSAN, T\u00daL\u00c9LJ KEM\u00c9NYEBBEN<\/h3>\n<p><iframe loading=\"lazy\" title=\"MAGICSHINE AIRRO Mini Ker\u00e9kp\u00e1r Abroncs Felf\u00faj\u00f3 Kicsomagol\u00e1s\" width=\"500\" height=\"281\" src=\"https:\/\/www.youtube.com\/embed\/6B_BLqyb-B8?feature=oembed\" frameborder=\"0\" allow=\"accelerometer; autoplay; clipboard-write; encrypted-media; gyroscope; picture-in-picture; web-share\" referrerpolicy=\"strict-origin-when-cross-origin\" allowfullscreen><\/iframe><\/p>\n<h3 style=\"text-align: center;\">PONTOS NYOM\u00c1SSZAB\u00c1LYOZ\u00c1S<\/h3>\n<p style=\"text-align: center;\">\u00b11,5 PSI pontoss\u00e1ggal biztos\u00edtja az \u00e1lland\u00f3 \u00e9s megb\u00edzhat\u00f3 felf\u00faj\u00e1st an\u00e9lk\u00fcl, hogy tal\u00e1lgatni kellene a megfelel\u0151 nyom\u00e1st. Ez megakad\u00e1lyozza a t\u00falf\u00faj\u00e1st \u00e9s biztos\u00edtja az optim\u00e1lis gumiabroncs-teljes\u00edtm\u00e9nyt.<\/p>\n<h3 style=\"text-align: center;\">Rendk\u00edv\u00fcl k\u00f6nny\u0171<\/h3>\n<p style=\"text-align: center;\">Mind\u00f6ssze 145 g-os s\u00faly\u00e1val k\u00f6nnyed\u00e9n elf\u00e9r a ker\u00e9kp\u00e1ros mez zseb\u00e9ben vagy az \u00fcl\u00e9s alatti t\u00e1sk\u00e1ban \u2013 t\u00f6k\u00e9letes a mindennapi ker\u00e9kp\u00e1roz\u00e1shoz vagy utaz\u00e1shoz.<\/p>\n<p><iframe loading=\"lazy\" title=\"Magicshine AIRRO\" width=\"500\" height=\"281\" src=\"https:\/\/www.youtube.com\/embed\/7JjOcOOIdAw?feature=oembed\" frameborder=\"0\" allow=\"accelerometer; autoplay; clipboard-write; encrypted-media; gyroscope; picture-in-picture; web-share\" referrerpolicy=\"strict-origin-when-cross-origin\" allowfullscreen><\/iframe><\/p>\n<h3 style=\"text-align: center;\">FELHASZN\u00c1L\u00d3BAR\u00c1T KEZEL\u00c9S<\/h3>\n<p style=\"text-align: center;\">Az egyszer\u0171 \u201e+\u201d \u00e9s \u201e\u2013\u201d gombok lehet\u0151v\u00e9 teszik a nyom\u00e1s egyszer\u0171 be\u00e1ll\u00edt\u00e1s\u00e1t, m\u00edg a LED kijelz\u0151 val\u00f3s idej\u0171 adatokat jelen\u00edt meg, \u00edgy teljes k\u00f6r\u0171en k\u00e9zben tarthatja \u00e9s t\u00e1j\u00e9koztathatja \u00d6nt.<\/p>\n<p><img decoding=\"async\" class=\"aligncenter wp-image-7773 size-full\" src=\"https:\/\/www.sportshine.eu\/wp-content\/uploads\/2025\/07\/Magicshine-Aero-5-1-e1754387011560.webp\" alt=\"\" width=\"800\" height=\"505\" srcset=\"https:\/\/www.sportshine.eu\/wp-content\/uploads\/2025\/07\/Magicshine-Aero-5-1-e1754387011560.webp 800w, https:\/\/www.sportshine.eu\/wp-content\/uploads\/2025\/07\/Magicshine-Aero-5-1-e1754387011560-768x485.webp 768w, https:\/\/www.sportshine.eu\/wp-content\/uploads\/2025\/07\/Magicshine-Aero-5-1-e1754387011560-600x379.webp 600w\" sizes=\"(max-width: 800px) 100vw, 800px\" \/><\/p>\n<h3 style=\"text-align: center;\">T\u00d6BBC\u00c9L\u00da KOMPATIBILIT\u00c1S<\/h3>\n<p style=\"text-align: center;\">Presta \u00e9s Schrader szelepekhez val\u00f3 adaptereket, goly\u00f3s felf\u00faj\u00f3 t\u0171t \u00e9s t\u00f6ml\u0151hosszabb\u00edt\u00f3t tartalmaz, \u00edgy sz\u00e1mos helyzetben haszn\u00e1lhat\u00f3.<\/p>\n<h3 style=\"text-align: center;\">HOSSZ\u00da \u00c9LETTARTAM\u00da AKKUMUL\u00c1TOR<\/h3>\n<p style=\"text-align: center;\">Egy 7,4 V-os 500 mAh-s akkumul\u00e1torral egyetlen t\u00f6lt\u00e9ssel 3-4 felf\u00faj\u00e1st tesz lehet\u0151v\u00e9 ak\u00e1r 80 PSI nyom\u00e1ssal, biztos\u00edtva a megb\u00edzhat\u00f3 teljes\u00edtm\u00e9nyt.<\/p>\n<h3 style=\"text-align: center;\">GYORS T\u00d6LT\u00c9S TYPE-C CSATLAKOZ\u00d3N KERESZT\u00dcL<\/h3>\n<p style=\"text-align: center;\">\u00c9lvezd a gyors \u00e9s k\u00e9nyelmes t\u00f6lt\u00e9st mind\u00f6ssze 45 perc alatt a Type-C csatlakoz\u00f3n kereszt\u00fcl.<\/p>\n<p><img decoding=\"async\" class=\"aligncenter wp-image-7775 size-full\" src=\"https:\/\/www.sportshine.eu\/wp-content\/uploads\/2025\/07\/Magicshine-Aero-6-e1754387363925.webp\" alt=\"\" width=\"800\" height=\"497\" srcset=\"https:\/\/www.sportshine.eu\/wp-content\/uploads\/2025\/07\/Magicshine-Aero-6-e1754387363925.webp 800w, https:\/\/www.sportshine.eu\/wp-content\/uploads\/2025\/07\/Magicshine-Aero-6-e1754387363925-768x477.webp 768w, https:\/\/www.sportshine.eu\/wp-content\/uploads\/2025\/07\/Magicshine-Aero-6-e1754387363925-600x373.webp 600w\" sizes=\"(max-width: 800px) 100vw, 800px\" \/><\/p>\n<h3 style=\"text-align: center;\">AUTOMATIKUS LE\u00c1LL\u00c1S TECHNOL\u00d3GIA<\/h3>\n<p style=\"text-align: center;\">Automatikusan le\u00e1ll, amikor el\u00e9ri a k\u00edv\u00e1nt nyom\u00e1st, \u00edgy kik\u00fcsz\u00f6b\u00f6li a tal\u00e1lgat\u00e1st \u00e9s biztos\u00edtja a pontos felf\u00faj\u00e1st.<\/p>\n<h3 style=\"text-align: center;\">T\u00daLMELEGED\u00c9S ELLENI V\u00c9DELEM<\/h3>\n<p style=\"text-align: center;\">A szilikon bor\u00edt\u00e1s kulcsfontoss\u00e1g\u00fa v\u00e9delmet ny\u00fajt a t\u00falmeleged\u00e9s ellen haszn\u00e1lat k\u00f6zben, biztos\u00edtva a biztons\u00e1gos m\u0171k\u00f6d\u00e9st.<\/p>\n<h3 style=\"text-align: center;\">ELEG\u00c1NS DIZ\u00c1JN<\/h3>\n<p style=\"text-align: center;\">Megmunk\u00e1lt, \u00fct\u00e9s\u00e1ll\u00f3 alum\u00ednium h\u00e1z \u00e9s a mechanikus alkatr\u00e9szek \u00e1tl\u00e1tsz\u00f3, val\u00f3s idej\u0171 kijelz\u0151je \u2013 tart\u00f3ss\u00e1g \u00e9s mozg\u00e1spontoss\u00e1g kombin\u00e1ci\u00f3ja.<\/p>\n<p><img decoding=\"async\" class=\"aligncenter wp-image-7776 size-full\" src=\"https:\/\/www.sportshine.eu\/wp-content\/uploads\/2025\/07\/Magicshine-Aero-7-e1754387622280.webp\" alt=\"\" width=\"793\" height=\"516\" srcset=\"https:\/\/www.sportshine.eu\/wp-content\/uploads\/2025\/07\/Magicshine-Aero-7-e1754387622280.webp 793w, https:\/\/www.sportshine.eu\/wp-content\/uploads\/2025\/07\/Magicshine-Aero-7-e1754387622280-768x500.webp 768w, https:\/\/www.sportshine.eu\/wp-content\/uploads\/2025\/07\/Magicshine-Aero-7-e1754387622280-600x390.webp 600w\" sizes=\"(max-width: 793px) 100vw, 793px\" \/><\/p>\n<h3 style=\"text-align: center;\">MI VAN A CSOMAG TARTALMAZZA?<\/h3>\n<p style=\"text-align: center;\">Elektromos szivatty\u00fa<br \/>\nPresta adapter<br \/>\nSchrader adapter<br \/>\nG\u00f6mbf\u00faj\u00f3 t\u0171<br \/>\nT\u00f6ml\u0151hosszabb\u00edt\u00f3<br \/>\nT\u00f6lt\u0151k\u00e1bel (C t\u00edpus\u00fa)<br \/>\nV\u00e9d\u0151 szilikon tok<br \/>\nHaszn\u00e1lati utas\u00edt\u00e1s<\/p>\n<p><img decoding=\"async\" class=\"aligncenter wp-image-7766 size-full\" src=\"https:\/\/www.sportshine.eu\/wp-content\/uploads\/2025\/07\/Magicshine-Aero-4.webp\" alt=\"\" width=\"800\" height=\"800\" srcset=\"https:\/\/www.sportshine.eu\/wp-content\/uploads\/2025\/07\/Magicshine-Aero-4.webp 800w, https:\/\/www.sportshine.eu\/wp-content\/uploads\/2025\/07\/Magicshine-Aero-4-768x768.webp 768w, https:\/\/www.sportshine.eu\/wp-content\/uploads\/2025\/07\/Magicshine-Aero-4-600x600.webp 600w\" sizes=\"(max-width: 800px) 100vw, 800px\" \/><\/p>","protected":false},"excerpt":{"rendered":"<p>Kompakt \u00e9s k\u00f6nny\u0171 Magicshine elektromos pumpa (145 g) er\u0151teljes motorral, ak\u00e1r 8,2 bar nyom\u00e1sig, pontos barom\u00e9terrel, LED kijelz\u0151vel \u00e9s automatikus kikapcsol\u00e1ssal. K\u00fcl\u00f6nb\u00f6z\u0151 szelepekhez val\u00f3 adaptereket, gyors Type-C t\u00f6lt\u00e9st \u00e9s t\u00falmeleged\u00e9s elleni v\u00e9delemmel rendelkezik - ide\u00e1lis minden \u00faton l\u00e9v\u0151 ker\u00e9kp\u00e1ros sz\u00e1m\u00e1ra.<\/p>","protected":false},"featured_media":7085,"comment_status":"open","ping_status":"closed","template":"","meta":[],"product_brand":[],"product_cat":[95],"product_tag":[],"class_list":{"0":"post-7084","1":"product","2":"type-product","3":"status-publish","4":"has-post-thumbnail","6":"product_cat-kolesarska-oprema","8":"first","9":"instock","10":"sale","11":"taxable","12":"shipping-taxable","13":"purchasable","14":"product-type-simple"},"yoast_head":"<!-- This site is optimized with the Yoast SEO plugin v27.3 - https:\/\/yoast.com\/product\/yoast-seo-wordpress\/ -->\n<title>Magicshine AIRRO prenosna kolesarska tla\u010dilka<\/title>\n<meta name=\"description\" content=\"Kompaktna in lahka elektri\u010dna tla\u010dilka Magicshine (145 g) z zmogljivim motorjem do 8,2 barov, natan\u010dnim barometrom, LED zaslonom in samodejnim izklopom.\" \/>\n<meta name=\"robots\" content=\"index, follow, max-snippet:-1, max-image-preview:large, max-video-preview:-1\" \/>\n<link rel=\"canonical\" href=\"https:\/\/www.sportshine.eu\/hu\/uzlet\/magicshine-airro-hordozhato-kerekparpumpa\/\" \/>\n<meta property=\"og:locale\" content=\"hu_HU\" \/>\n<meta property=\"og:type\" content=\"article\" \/>\n<meta property=\"og:title\" content=\"Magicshine AIRRO prenosna kolesarska tla\u010dilka\" \/>\n<meta property=\"og:description\" content=\"Kompaktna in lahka elektri\u010dna tla\u010dilka Magicshine (145 g) z zmogljivim motorjem do 8,2 barov, natan\u010dnim barometrom, LED zaslonom in samodejnim izklopom.\" \/>\n<meta property=\"og:url\" content=\"https:\/\/www.sportshine.eu\/hu\/uzlet\/magicshine-airro-hordozhato-kerekparpumpa\/\" \/>\n<meta property=\"og:site_name\" content=\"Sportshine\" \/>\n<meta property=\"article:publisher\" content=\"https:\/\/www.facebook.com\/sportshine.eu\/\" \/>\n<meta property=\"article:modified_time\" content=\"2025-12-13T16:27:51+00:00\" \/>\n<meta property=\"og:image\" content=\"https:\/\/www.sportshine.eu\/wp-content\/uploads\/2025\/07\/Magicshine-AIRRO-elektricna-tlacilka.webp\" \/>\n\t<meta property=\"og:image:width\" content=\"800\" \/>\n\t<meta property=\"og:image:height\" content=\"800\" \/>\n\t<meta property=\"og:image:type\" content=\"image\/webp\" \/>\n<meta name=\"twitter:card\" content=\"summary_large_image\" \/>\n<meta name=\"twitter:label1\" content=\"Becs\u00fclt olvas\u00e1si id\u0151\" \/>\n\t<meta name=\"twitter:data1\" content=\"2 perc\" \/>\n<script type=\"application\/ld+json\" class=\"yoast-schema-graph\">{\"@context\":\"https:\\\/\\\/schema.org\",\"@graph\":[{\"@type\":\"WebPage\",\"@id\":\"https:\\\/\\\/www.sportshine.eu\\\/trgovina\\\/magicshine-airro-prenosna-kolesarska-tlacilka\\\/\",\"url\":\"https:\\\/\\\/www.sportshine.eu\\\/trgovina\\\/magicshine-airro-prenosna-kolesarska-tlacilka\\\/\",\"name\":\"Magicshine AIRRO prenosna kolesarska tla\u010dilka\",\"isPartOf\":{\"@id\":\"https:\\\/\\\/www.sportshine.eu\\\/#website\"},\"primaryImageOfPage\":{\"@id\":\"https:\\\/\\\/www.sportshine.eu\\\/trgovina\\\/magicshine-airro-prenosna-kolesarska-tlacilka\\\/#primaryimage\"},\"image\":{\"@id\":\"https:\\\/\\\/www.sportshine.eu\\\/trgovina\\\/magicshine-airro-prenosna-kolesarska-tlacilka\\\/#primaryimage\"},\"thumbnailUrl\":\"https:\\\/\\\/www.sportshine.eu\\\/wp-content\\\/uploads\\\/2025\\\/07\\\/Magicshine-AIRRO-elektricna-tlacilka.webp\",\"datePublished\":\"2025-07-26T12:33:37+00:00\",\"dateModified\":\"2025-12-13T16:27:51+00:00\",\"description\":\"Kompaktna in lahka elektri\u010dna tla\u010dilka Magicshine (145 g) z zmogljivim motorjem do 8,2 barov, natan\u010dnim barometrom, LED zaslonom in samodejnim izklopom.\",\"breadcrumb\":{\"@id\":\"https:\\\/\\\/www.sportshine.eu\\\/trgovina\\\/magicshine-airro-prenosna-kolesarska-tlacilka\\\/#breadcrumb\"},\"inLanguage\":\"hu\",\"potentialAction\":[{\"@type\":\"ReadAction\",\"target\":[\"https:\\\/\\\/www.sportshine.eu\\\/trgovina\\\/magicshine-airro-prenosna-kolesarska-tlacilka\\\/\"]}]},{\"@type\":\"ImageObject\",\"inLanguage\":\"hu\",\"@id\":\"https:\\\/\\\/www.sportshine.eu\\\/trgovina\\\/magicshine-airro-prenosna-kolesarska-tlacilka\\\/#primaryimage\",\"url\":\"https:\\\/\\\/www.sportshine.eu\\\/wp-content\\\/uploads\\\/2025\\\/07\\\/Magicshine-AIRRO-elektricna-tlacilka.webp\",\"contentUrl\":\"https:\\\/\\\/www.sportshine.eu\\\/wp-content\\\/uploads\\\/2025\\\/07\\\/Magicshine-AIRRO-elektricna-tlacilka.webp\",\"width\":800,\"height\":800,\"caption\":\"Magicshine AIRRO elektri\u010dna tla\u010dilka\"},{\"@type\":\"BreadcrumbList\",\"@id\":\"https:\\\/\\\/www.sportshine.eu\\\/trgovina\\\/magicshine-airro-prenosna-kolesarska-tlacilka\\\/#breadcrumb\",\"itemListElement\":[{\"@type\":\"ListItem\",\"position\":1,\"name\":\"Home\",\"item\":\"https:\\\/\\\/www.sportshine.eu\\\/\"},{\"@type\":\"ListItem\",\"position\":2,\"name\":\"Trgovina\",\"item\":\"https:\\\/\\\/www.sportshine.eu\\\/trgovina\\\/\"},{\"@type\":\"ListItem\",\"position\":3,\"name\":\"Magicshine AIRRO prenosna kolesarska tla\u010dilka\"}]},{\"@type\":\"WebSite\",\"@id\":\"https:\\\/\\\/www.sportshine.eu\\\/#website\",\"url\":\"https:\\\/\\\/www.sportshine.eu\\\/\",\"name\":\"Sportshine\",\"description\":\"Top spletna trgovina kolesarskih in naglavnih svetilk ter opreme\",\"publisher\":{\"@id\":\"https:\\\/\\\/www.sportshine.eu\\\/#organization\"},\"potentialAction\":[{\"@type\":\"SearchAction\",\"target\":{\"@type\":\"EntryPoint\",\"urlTemplate\":\"https:\\\/\\\/www.sportshine.eu\\\/?s={search_term_string}\"},\"query-input\":{\"@type\":\"PropertyValueSpecification\",\"valueRequired\":true,\"valueName\":\"search_term_string\"}}],\"inLanguage\":\"hu\"},{\"@type\":\"Organization\",\"@id\":\"https:\\\/\\\/www.sportshine.eu\\\/#organization\",\"name\":\"Sportshine\",\"url\":\"https:\\\/\\\/www.sportshine.eu\\\/\",\"logo\":{\"@type\":\"ImageObject\",\"inLanguage\":\"hu\",\"@id\":\"https:\\\/\\\/www.sportshine.eu\\\/#\\\/schema\\\/logo\\\/image\\\/\",\"url\":\"https:\\\/\\\/www.sportshine.eu\\\/wp-content\\\/uploads\\\/2026\\\/01\\\/cropped-Sportshine.webp\",\"contentUrl\":\"https:\\\/\\\/www.sportshine.eu\\\/wp-content\\\/uploads\\\/2026\\\/01\\\/cropped-Sportshine.webp\",\"width\":295,\"height\":128,\"caption\":\"Sportshine\"},\"image\":{\"@id\":\"https:\\\/\\\/www.sportshine.eu\\\/#\\\/schema\\\/logo\\\/image\\\/\"},\"sameAs\":[\"https:\\\/\\\/www.facebook.com\\\/sportshine.eu\\\/\"]}]}<\/script>\n<!-- \/ Yoast SEO plugin. -->","yoast_head_json":{"title":"Magicshine AIRRO hordozhat\u00f3 ker\u00e9kp\u00e1rpumpa","description":"Kompakt \u00e9s k\u00f6nny\u0171 Magicshine elektromos pumpa (145 g) er\u0151teljes motorral, ak\u00e1r 8,2 bar nyom\u00e1sig, pontos barom\u00e9terrel, LED kijelz\u0151vel \u00e9s automatikus kikapcsol\u00e1ssal.","robots":{"index":"index","follow":"follow","max-snippet":"max-snippet:-1","max-image-preview":"max-image-preview:large","max-video-preview":"max-video-preview:-1"},"canonical":"https:\/\/www.sportshine.eu\/hu\/uzlet\/magicshine-airro-hordozhato-kerekparpumpa\/","og_locale":"hu_HU","og_type":"article","og_title":"Magicshine AIRRO prenosna kolesarska tla\u010dilka","og_description":"Kompaktna in lahka elektri\u010dna tla\u010dilka Magicshine (145 g) z zmogljivim motorjem do 8,2 barov, natan\u010dnim barometrom, LED zaslonom in samodejnim izklopom.","og_url":"https:\/\/www.sportshine.eu\/hu\/uzlet\/magicshine-airro-hordozhato-kerekparpumpa\/","og_site_name":"Sportshine","article_publisher":"https:\/\/www.facebook.com\/sportshine.eu\/","article_modified_time":"2025-12-13T16:27:51+00:00","og_image":[{"width":800,"height":800,"url":"https:\/\/www.sportshine.eu\/wp-content\/uploads\/2025\/07\/Magicshine-AIRRO-elektricna-tlacilka.webp","type":"image\/webp"}],"twitter_card":"summary_large_image","twitter_misc":{"Becs\u00fclt olvas\u00e1si id\u0151":"2 perc"},"schema":{"@context":"https:\/\/schema.org","@graph":[{"@type":"WebPage","@id":"https:\/\/www.sportshine.eu\/trgovina\/magicshine-airro-prenosna-kolesarska-tlacilka\/","url":"https:\/\/www.sportshine.eu\/trgovina\/magicshine-airro-prenosna-kolesarska-tlacilka\/","name":"Magicshine AIRRO hordozhat\u00f3 ker\u00e9kp\u00e1rpumpa","isPartOf":{"@id":"https:\/\/www.sportshine.eu\/#website"},"primaryImageOfPage":{"@id":"https:\/\/www.sportshine.eu\/trgovina\/magicshine-airro-prenosna-kolesarska-tlacilka\/#primaryimage"},"image":{"@id":"https:\/\/www.sportshine.eu\/trgovina\/magicshine-airro-prenosna-kolesarska-tlacilka\/#primaryimage"},"thumbnailUrl":"https:\/\/www.sportshine.eu\/wp-content\/uploads\/2025\/07\/Magicshine-AIRRO-elektricna-tlacilka.webp","datePublished":"2025-07-26T12:33:37+00:00","dateModified":"2025-12-13T16:27:51+00:00","description":"Kompakt \u00e9s k\u00f6nny\u0171 Magicshine elektromos pumpa (145 g) er\u0151teljes motorral, ak\u00e1r 8,2 bar nyom\u00e1sig, pontos barom\u00e9terrel, LED kijelz\u0151vel \u00e9s automatikus kikapcsol\u00e1ssal.","breadcrumb":{"@id":"https:\/\/www.sportshine.eu\/trgovina\/magicshine-airro-prenosna-kolesarska-tlacilka\/#breadcrumb"},"inLanguage":"hu","potentialAction":[{"@type":"ReadAction","target":["https:\/\/www.sportshine.eu\/trgovina\/magicshine-airro-prenosna-kolesarska-tlacilka\/"]}]},{"@type":"ImageObject","inLanguage":"hu","@id":"https:\/\/www.sportshine.eu\/trgovina\/magicshine-airro-prenosna-kolesarska-tlacilka\/#primaryimage","url":"https:\/\/www.sportshine.eu\/wp-content\/uploads\/2025\/07\/Magicshine-AIRRO-elektricna-tlacilka.webp","contentUrl":"https:\/\/www.sportshine.eu\/wp-content\/uploads\/2025\/07\/Magicshine-AIRRO-elektricna-tlacilka.webp","width":800,"height":800,"caption":"Magicshine AIRRO elektri\u010dna tla\u010dilka"},{"@type":"BreadcrumbList","@id":"https:\/\/www.sportshine.eu\/trgovina\/magicshine-airro-prenosna-kolesarska-tlacilka\/#breadcrumb","itemListElement":[{"@type":"ListItem","position":1,"name":"Home","item":"https:\/\/www.sportshine.eu\/"},{"@type":"ListItem","position":2,"name":"Trgovina","item":"https:\/\/www.sportshine.eu\/trgovina\/"},{"@type":"ListItem","position":3,"name":"Magicshine AIRRO prenosna kolesarska tla\u010dilka"}]},{"@type":"WebSite","@id":"https:\/\/www.sportshine.eu\/#website","url":"https:\/\/www.sportshine.eu\/","name":"Sportshine","description":"Ker\u00e9kp\u00e1ros, fejl\u00e1mp\u00e1k \u00e9s felszerel\u00e9sek online \u00e1ruh\u00e1z\u00e1nak vezet\u0151 k\u00edn\u00e1lata","publisher":{"@id":"https:\/\/www.sportshine.eu\/#organization"},"potentialAction":[{"@type":"SearchAction","target":{"@type":"EntryPoint","urlTemplate":"https:\/\/www.sportshine.eu\/?s={search_term_string}"},"query-input":{"@type":"PropertyValueSpecification","valueRequired":true,"valueName":"search_term_string"}}],"inLanguage":"hu"},{"@type":"Organization","@id":"https:\/\/www.sportshine.eu\/#organization","name":"Sportshine","url":"https:\/\/www.sportshine.eu\/","logo":{"@type":"ImageObject","inLanguage":"hu","@id":"https:\/\/www.sportshine.eu\/#\/schema\/logo\/image\/","url":"https:\/\/www.sportshine.eu\/wp-content\/uploads\/2026\/01\/cropped-Sportshine.webp","contentUrl":"https:\/\/www.sportshine.eu\/wp-content\/uploads\/2026\/01\/cropped-Sportshine.webp","width":295,"height":128,"caption":"Sportshine"},"image":{"@id":"https:\/\/www.sportshine.eu\/#\/schema\/logo\/image\/"},"sameAs":["https:\/\/www.facebook.com\/sportshine.eu\/"]}]}},"_links":{"self":[{"href":"https:\/\/www.sportshine.eu\/hu\/wp-json\/wp\/v2\/product\/7084","targetHints":{"allow":["GET"]}}],"collection":[{"href":"https:\/\/www.sportshine.eu\/hu\/wp-json\/wp\/v2\/product"}],"about":[{"href":"https:\/\/www.sportshine.eu\/hu\/wp-json\/wp\/v2\/types\/product"}],"replies":[{"embeddable":true,"href":"https:\/\/www.sportshine.eu\/hu\/wp-json\/wp\/v2\/comments?post=7084"}],"version-history":[{"count":0,"href":"https:\/\/www.sportshine.eu\/hu\/wp-json\/wp\/v2\/product\/7084\/revisions"}],"wp:featuredmedia":[{"embeddable":true,"href":"https:\/\/www.sportshine.eu\/hu\/wp-json\/wp\/v2\/media\/7085"}],"wp:attachment":[{"href":"https:\/\/www.sportshine.eu\/hu\/wp-json\/wp\/v2\/media?parent=7084"}],"wp:term":[{"taxonomy":"product_brand","embeddable":true,"href":"https:\/\/www.sportshine.eu\/hu\/wp-json\/wp\/v2\/product_brand?post=7084"},{"taxonomy":"product_cat","embeddable":true,"href":"https:\/\/www.sportshine.eu\/hu\/wp-json\/wp\/v2\/product_cat?post=7084"},{"taxonomy":"product_tag","embeddable":true,"href":"https:\/\/www.sportshine.eu\/hu\/wp-json\/wp\/v2\/product_tag?post=7084"}],"curies":[{"name":"wp","href":"https:\/\/api.w.org\/{rel}","templated":true}]}}