{"id":6695,"date":"2025-07-07T09:28:09","date_gmt":"2025-07-07T09:28:09","guid":{"rendered":"https:\/\/www.sportshine.eu\/?post_type=product&#038;p=6695"},"modified":"2025-08-04T08:53:17","modified_gmt":"2025-08-04T08:53:17","slug":"teli-kerekparos-kabat-barna-rozsaszin","status":"publish","type":"product","link":"https:\/\/www.sportshine.eu\/hu\/uzlet\/teli-kerekparos-kabat-barna-rozsaszin\/","title":{"rendered":"T\u00e9li ker\u00e9kp\u00e1ros kab\u00e1t BRN r\u00f3zsasz\u00edn"},"content":{"rendered":"<ul>\n<li><strong>Ergonomikus kialak\u00edt\u00e1s \u00e9s l\u00e9g\u00e1tereszt\u0151 k\u00e9pess\u00e9g<\/strong>A kab\u00e1t kiv\u00e1l\u00f3 min\u0151s\u00e9g\u0171 anyagokb\u00f3l k\u00e9sz\u00fclt, amelyek t\u00f6k\u00e9letes illeszked\u00e9st \u00e9s kiv\u00e1l\u00f3 l\u00e9g\u00e1tereszt\u0151 k\u00e9pess\u00e9get biztos\u00edtanak, hogy hosszabb t\u00e1vokon is k\u00e9nyelmes legyen a teker\u00e9s.<\/li>\n<li><strong>Ide\u00e1lis 0\u00b0C \u00e9s 7\u00b0C k\u00f6z\u00f6tti h\u0151m\u00e9rs\u00e9klethez<\/strong>T\u00f6k\u00e9letes \u00e1tmeneti id\u0151szakokra, amikor a h\u0151m\u00e9rs\u00e9klet ingadozik, mivel v\u00e9d a hidegt\u0151l, de ugyanakkor elegend\u0151 l\u00e9legz\u0151k\u00e9pess\u00e9get biztos\u00edt a t\u00falmeleged\u00e9s elker\u00fcl\u00e9se \u00e9rdek\u00e9ben.<\/li>\n<li><strong>Gyorsan sz\u00e1rad\u00f3 anyag<\/strong>Az anyag gyorsan sz\u00e1rad, \u00edgy sz\u00e1raz maradsz \u00e9s mentes a kellemetlen nedvess\u00e9g\u00e9rzett\u0151l.<\/li>\n<li><strong>Rejtett cipz\u00e1r<\/strong>A hossz\u00fa cipz\u00e1r diszkr\u00e9ten rejtett, \u00edgy st\u00edlusos megjelen\u00e9st biztos\u00edt, \u00e9s tov\u00e1bbi sz\u00e9lv\u00e9delmet biztos\u00edt.<\/li>\n<li><strong>UV-v\u00e9delem<\/strong>Az anyag UV-\u00e1ll\u00f3, ami azt jelenti, hogy ker\u00e9kp\u00e1roz\u00e1s k\u00f6zben v\u00e9dve vagy a napsugarakt\u00f3l.<\/li>\n<li><strong>Lycra anyag<\/strong>A lycra t\u00f6k\u00e9letes rugalmass\u00e1got biztos\u00edt \u00e9s megakad\u00e1lyozza a h\u0151k\u00e9pz\u0151d\u00e9st, \u00edgy ker\u00e9kp\u00e1roz\u00e1s k\u00f6zben k\u00e9nyelmes testh\u0151m\u00e9rs\u00e9kletet biztos\u00edt.<\/li>\n<li><strong>3 praktikus zseb + egy tov\u00e1bbi fejhallgat\u00f3nak<\/strong>A kab\u00e1t h\u00e1rom t\u00e1gas zsebbel rendelkezik, ahol t\u00e1rolhatod a sz\u00fcks\u00e9ges dolgokat, p\u00e9ld\u00e1ul az energiaszeleteket vagy a telefonod.<\/li>\n<li><b>V\u00edz\u00e1ll\u00f3 \u00e9s sz\u00e9l\u00e1ll\u00f3<\/b><\/li>\n<\/ul>","protected":false},"excerpt":{"rendered":"<p>&nbsp;<\/p>\n<p><img decoding=\"async\" class=\"alignnone wp-image-7764\" src=\"https:\/\/www.sportshine.eu\/wp-content\/uploads\/2025\/07\/00-italijanski-produkt.webp\" alt=\"\" width=\"190\" height=\"26\" \/><\/p>\n<p>A BRN pr\u00e9mium ker\u00e9kp\u00e1ros kab\u00e1t k\u00e9nyelmet \u00e9s optim\u00e1lis teljes\u00edtm\u00e9nyt ny\u00fajt hidegebb h\u0151m\u00e9rs\u00e9kleten is. A kab\u00e1tot teljes eg\u00e9sz\u00e9ben Olaszorsz\u00e1gban tervezt\u00e9k \u00e9s gy\u00e1rtott\u00e1k. Ker\u00e9kp\u00e1ros rajong\u00f3knak tervezt\u00e9k, akik nem akarnak kompromisszumot k\u00f6tni a k\u00e9nyelem \u00e9s a funkcionalit\u00e1s ter\u00e9n.<\/p>\n<p>&nbsp;<\/p>\n<p>&nbsp;<\/p>","protected":false},"featured_media":5573,"comment_status":"open","ping_status":"closed","template":"","meta":[],"product_brand":[],"product_cat":[113,116,117],"product_tag":[],"class_list":{"0":"post-6695","1":"product","2":"type-product","3":"status-publish","4":"has-post-thumbnail","6":"product_cat-kolesarska-oblacila","7":"product_cat-zenska","8":"product_cat-zenske-kolesarske-jakne","10":"first","11":"instock","12":"taxable","13":"shipping-taxable","14":"purchasable","15":"product-type-variable"},"yoast_head":"<!-- This site is optimized with the Yoast SEO plugin v27.3 - https:\/\/yoast.com\/product\/yoast-seo-wordpress\/ -->\n<title>Zimska kolesarska jakna BRN pink<\/title>\n<meta name=\"description\" content=\"\u017denska zimska kolesarska jakna znamke BRN. Dizajnirana in izdelana v Italiji. Izredno kvalitetna izdelava in udoben material.\" \/>\n<meta name=\"robots\" content=\"index, follow, max-snippet:-1, max-image-preview:large, max-video-preview:-1\" \/>\n<link rel=\"canonical\" href=\"https:\/\/www.sportshine.eu\/hu\/uzlet\/teli-kerekparos-kabat-barna-rozsaszin\/\" \/>\n<meta property=\"og:locale\" content=\"hu_HU\" \/>\n<meta property=\"og:type\" content=\"article\" \/>\n<meta property=\"og:title\" content=\"Zimska kolesarska jakna BRN pink\" \/>\n<meta property=\"og:description\" content=\"\u017denska zimska kolesarska jakna znamke BRN. Dizajnirana in izdelana v Italiji. Izredno kvalitetna izdelava in udoben material.\" \/>\n<meta property=\"og:url\" content=\"https:\/\/www.sportshine.eu\/hu\/uzlet\/teli-kerekparos-kabat-barna-rozsaszin\/\" \/>\n<meta property=\"og:site_name\" content=\"Sportshine\" \/>\n<meta property=\"article:publisher\" content=\"https:\/\/www.facebook.com\/sportshine.eu\/\" \/>\n<meta property=\"article:modified_time\" content=\"2025-08-04T08:53:17+00:00\" \/>\n<meta property=\"og:image\" content=\"https:\/\/www.sportshine.eu\/wp-content\/uploads\/2025\/07\/Zimska-kolesarska-jakna-BRN-pink.webp\" \/>\n\t<meta property=\"og:image:width\" content=\"800\" \/>\n\t<meta property=\"og:image:height\" content=\"800\" \/>\n\t<meta property=\"og:image:type\" content=\"image\/webp\" \/>\n<meta name=\"twitter:card\" content=\"summary_large_image\" \/>\n<meta name=\"twitter:label1\" content=\"Becs\u00fclt olvas\u00e1si id\u0151\" \/>\n\t<meta name=\"twitter:data1\" content=\"1 perc\" \/>\n<script type=\"application\/ld+json\" class=\"yoast-schema-graph\">{\"@context\":\"https:\\\/\\\/schema.org\",\"@graph\":[{\"@type\":\"WebPage\",\"@id\":\"https:\\\/\\\/www.sportshine.eu\\\/trgovina\\\/zimska-kolesarska-jakna-brn-pink\\\/\",\"url\":\"https:\\\/\\\/www.sportshine.eu\\\/trgovina\\\/zimska-kolesarska-jakna-brn-pink\\\/\",\"name\":\"Zimska kolesarska jakna BRN pink\",\"isPartOf\":{\"@id\":\"https:\\\/\\\/www.sportshine.eu\\\/#website\"},\"primaryImageOfPage\":{\"@id\":\"https:\\\/\\\/www.sportshine.eu\\\/trgovina\\\/zimska-kolesarska-jakna-brn-pink\\\/#primaryimage\"},\"image\":{\"@id\":\"https:\\\/\\\/www.sportshine.eu\\\/trgovina\\\/zimska-kolesarska-jakna-brn-pink\\\/#primaryimage\"},\"thumbnailUrl\":\"https:\\\/\\\/www.sportshine.eu\\\/wp-content\\\/uploads\\\/2025\\\/07\\\/Zimska-kolesarska-jakna-BRN-pink.webp\",\"datePublished\":\"2025-07-07T09:28:09+00:00\",\"dateModified\":\"2025-08-04T08:53:17+00:00\",\"description\":\"\u017denska zimska kolesarska jakna znamke BRN. Dizajnirana in izdelana v Italiji. Izredno kvalitetna izdelava in udoben material.\",\"breadcrumb\":{\"@id\":\"https:\\\/\\\/www.sportshine.eu\\\/trgovina\\\/zimska-kolesarska-jakna-brn-pink\\\/#breadcrumb\"},\"inLanguage\":\"hu\",\"potentialAction\":[{\"@type\":\"ReadAction\",\"target\":[\"https:\\\/\\\/www.sportshine.eu\\\/trgovina\\\/zimska-kolesarska-jakna-brn-pink\\\/\"]}]},{\"@type\":\"ImageObject\",\"inLanguage\":\"hu\",\"@id\":\"https:\\\/\\\/www.sportshine.eu\\\/trgovina\\\/zimska-kolesarska-jakna-brn-pink\\\/#primaryimage\",\"url\":\"https:\\\/\\\/www.sportshine.eu\\\/wp-content\\\/uploads\\\/2025\\\/07\\\/Zimska-kolesarska-jakna-BRN-pink.webp\",\"contentUrl\":\"https:\\\/\\\/www.sportshine.eu\\\/wp-content\\\/uploads\\\/2025\\\/07\\\/Zimska-kolesarska-jakna-BRN-pink.webp\",\"width\":800,\"height\":800},{\"@type\":\"BreadcrumbList\",\"@id\":\"https:\\\/\\\/www.sportshine.eu\\\/trgovina\\\/zimska-kolesarska-jakna-brn-pink\\\/#breadcrumb\",\"itemListElement\":[{\"@type\":\"ListItem\",\"position\":1,\"name\":\"Home\",\"item\":\"https:\\\/\\\/www.sportshine.eu\\\/\"},{\"@type\":\"ListItem\",\"position\":2,\"name\":\"Trgovina\",\"item\":\"https:\\\/\\\/www.sportshine.eu\\\/trgovina\\\/\"},{\"@type\":\"ListItem\",\"position\":3,\"name\":\"Zimska kolesarska jakna BRN pink\"}]},{\"@type\":\"WebSite\",\"@id\":\"https:\\\/\\\/www.sportshine.eu\\\/#website\",\"url\":\"https:\\\/\\\/www.sportshine.eu\\\/\",\"name\":\"Sportshine\",\"description\":\"Top spletna trgovina kolesarskih in naglavnih svetilk ter opreme\",\"publisher\":{\"@id\":\"https:\\\/\\\/www.sportshine.eu\\\/#organization\"},\"potentialAction\":[{\"@type\":\"SearchAction\",\"target\":{\"@type\":\"EntryPoint\",\"urlTemplate\":\"https:\\\/\\\/www.sportshine.eu\\\/?s={search_term_string}\"},\"query-input\":{\"@type\":\"PropertyValueSpecification\",\"valueRequired\":true,\"valueName\":\"search_term_string\"}}],\"inLanguage\":\"hu\"},{\"@type\":\"Organization\",\"@id\":\"https:\\\/\\\/www.sportshine.eu\\\/#organization\",\"name\":\"Sportshine\",\"url\":\"https:\\\/\\\/www.sportshine.eu\\\/\",\"logo\":{\"@type\":\"ImageObject\",\"inLanguage\":\"hu\",\"@id\":\"https:\\\/\\\/www.sportshine.eu\\\/#\\\/schema\\\/logo\\\/image\\\/\",\"url\":\"https:\\\/\\\/www.sportshine.eu\\\/wp-content\\\/uploads\\\/2026\\\/01\\\/cropped-Sportshine.webp\",\"contentUrl\":\"https:\\\/\\\/www.sportshine.eu\\\/wp-content\\\/uploads\\\/2026\\\/01\\\/cropped-Sportshine.webp\",\"width\":295,\"height\":128,\"caption\":\"Sportshine\"},\"image\":{\"@id\":\"https:\\\/\\\/www.sportshine.eu\\\/#\\\/schema\\\/logo\\\/image\\\/\"},\"sameAs\":[\"https:\\\/\\\/www.facebook.com\\\/sportshine.eu\\\/\"]}]}<\/script>\n<!-- \/ Yoast SEO plugin. -->","yoast_head_json":{"title":"T\u00e9li ker\u00e9kp\u00e1ros kab\u00e1t BRN r\u00f3zsasz\u00edn","description":"N\u0151i t\u00e9li ker\u00e9kp\u00e1ros kab\u00e1t a BRN-t\u0151l. Olaszorsz\u00e1gban tervezve \u00e9s gy\u00e1rtva. Rendk\u00edv\u00fcl magas min\u0151s\u00e9g\u0171 kidolgoz\u00e1s \u00e9s k\u00e9nyelmes anyag.","robots":{"index":"index","follow":"follow","max-snippet":"max-snippet:-1","max-image-preview":"max-image-preview:large","max-video-preview":"max-video-preview:-1"},"canonical":"https:\/\/www.sportshine.eu\/hu\/uzlet\/teli-kerekparos-kabat-barna-rozsaszin\/","og_locale":"hu_HU","og_type":"article","og_title":"Zimska kolesarska jakna BRN pink","og_description":"\u017denska zimska kolesarska jakna znamke BRN. Dizajnirana in izdelana v Italiji. Izredno kvalitetna izdelava in udoben material.","og_url":"https:\/\/www.sportshine.eu\/hu\/uzlet\/teli-kerekparos-kabat-barna-rozsaszin\/","og_site_name":"Sportshine","article_publisher":"https:\/\/www.facebook.com\/sportshine.eu\/","article_modified_time":"2025-08-04T08:53:17+00:00","og_image":[{"width":800,"height":800,"url":"https:\/\/www.sportshine.eu\/wp-content\/uploads\/2025\/07\/Zimska-kolesarska-jakna-BRN-pink.webp","type":"image\/webp"}],"twitter_card":"summary_large_image","twitter_misc":{"Becs\u00fclt olvas\u00e1si id\u0151":"1 perc"},"schema":{"@context":"https:\/\/schema.org","@graph":[{"@type":"WebPage","@id":"https:\/\/www.sportshine.eu\/trgovina\/zimska-kolesarska-jakna-brn-pink\/","url":"https:\/\/www.sportshine.eu\/trgovina\/zimska-kolesarska-jakna-brn-pink\/","name":"T\u00e9li ker\u00e9kp\u00e1ros kab\u00e1t BRN r\u00f3zsasz\u00edn","isPartOf":{"@id":"https:\/\/www.sportshine.eu\/#website"},"primaryImageOfPage":{"@id":"https:\/\/www.sportshine.eu\/trgovina\/zimska-kolesarska-jakna-brn-pink\/#primaryimage"},"image":{"@id":"https:\/\/www.sportshine.eu\/trgovina\/zimska-kolesarska-jakna-brn-pink\/#primaryimage"},"thumbnailUrl":"https:\/\/www.sportshine.eu\/wp-content\/uploads\/2025\/07\/Zimska-kolesarska-jakna-BRN-pink.webp","datePublished":"2025-07-07T09:28:09+00:00","dateModified":"2025-08-04T08:53:17+00:00","description":"N\u0151i t\u00e9li ker\u00e9kp\u00e1ros kab\u00e1t a BRN-t\u0151l. Olaszorsz\u00e1gban tervezve \u00e9s gy\u00e1rtva. Rendk\u00edv\u00fcl magas min\u0151s\u00e9g\u0171 kidolgoz\u00e1s \u00e9s k\u00e9nyelmes anyag.","breadcrumb":{"@id":"https:\/\/www.sportshine.eu\/trgovina\/zimska-kolesarska-jakna-brn-pink\/#breadcrumb"},"inLanguage":"hu","potentialAction":[{"@type":"ReadAction","target":["https:\/\/www.sportshine.eu\/trgovina\/zimska-kolesarska-jakna-brn-pink\/"]}]},{"@type":"ImageObject","inLanguage":"hu","@id":"https:\/\/www.sportshine.eu\/trgovina\/zimska-kolesarska-jakna-brn-pink\/#primaryimage","url":"https:\/\/www.sportshine.eu\/wp-content\/uploads\/2025\/07\/Zimska-kolesarska-jakna-BRN-pink.webp","contentUrl":"https:\/\/www.sportshine.eu\/wp-content\/uploads\/2025\/07\/Zimska-kolesarska-jakna-BRN-pink.webp","width":800,"height":800},{"@type":"BreadcrumbList","@id":"https:\/\/www.sportshine.eu\/trgovina\/zimska-kolesarska-jakna-brn-pink\/#breadcrumb","itemListElement":[{"@type":"ListItem","position":1,"name":"Home","item":"https:\/\/www.sportshine.eu\/"},{"@type":"ListItem","position":2,"name":"Trgovina","item":"https:\/\/www.sportshine.eu\/trgovina\/"},{"@type":"ListItem","position":3,"name":"Zimska kolesarska jakna BRN pink"}]},{"@type":"WebSite","@id":"https:\/\/www.sportshine.eu\/#website","url":"https:\/\/www.sportshine.eu\/","name":"Sportshine","description":"Ker\u00e9kp\u00e1ros, fejl\u00e1mp\u00e1k \u00e9s felszerel\u00e9sek online \u00e1ruh\u00e1z\u00e1nak vezet\u0151 k\u00edn\u00e1lata","publisher":{"@id":"https:\/\/www.sportshine.eu\/#organization"},"potentialAction":[{"@type":"SearchAction","target":{"@type":"EntryPoint","urlTemplate":"https:\/\/www.sportshine.eu\/?s={search_term_string}"},"query-input":{"@type":"PropertyValueSpecification","valueRequired":true,"valueName":"search_term_string"}}],"inLanguage":"hu"},{"@type":"Organization","@id":"https:\/\/www.sportshine.eu\/#organization","name":"Sportshine","url":"https:\/\/www.sportshine.eu\/","logo":{"@type":"ImageObject","inLanguage":"hu","@id":"https:\/\/www.sportshine.eu\/#\/schema\/logo\/image\/","url":"https:\/\/www.sportshine.eu\/wp-content\/uploads\/2026\/01\/cropped-Sportshine.webp","contentUrl":"https:\/\/www.sportshine.eu\/wp-content\/uploads\/2026\/01\/cropped-Sportshine.webp","width":295,"height":128,"caption":"Sportshine"},"image":{"@id":"https:\/\/www.sportshine.eu\/#\/schema\/logo\/image\/"},"sameAs":["https:\/\/www.facebook.com\/sportshine.eu\/"]}]}},"_links":{"self":[{"href":"https:\/\/www.sportshine.eu\/hu\/wp-json\/wp\/v2\/product\/6695","targetHints":{"allow":["GET"]}}],"collection":[{"href":"https:\/\/www.sportshine.eu\/hu\/wp-json\/wp\/v2\/product"}],"about":[{"href":"https:\/\/www.sportshine.eu\/hu\/wp-json\/wp\/v2\/types\/product"}],"replies":[{"embeddable":true,"href":"https:\/\/www.sportshine.eu\/hu\/wp-json\/wp\/v2\/comments?post=6695"}],"version-history":[{"count":0,"href":"https:\/\/www.sportshine.eu\/hu\/wp-json\/wp\/v2\/product\/6695\/revisions"}],"wp:featuredmedia":[{"embeddable":true,"href":"https:\/\/www.sportshine.eu\/hu\/wp-json\/wp\/v2\/media\/5573"}],"wp:attachment":[{"href":"https:\/\/www.sportshine.eu\/hu\/wp-json\/wp\/v2\/media?parent=6695"}],"wp:term":[{"taxonomy":"product_brand","embeddable":true,"href":"https:\/\/www.sportshine.eu\/hu\/wp-json\/wp\/v2\/product_brand?post=6695"},{"taxonomy":"product_cat","embeddable":true,"href":"https:\/\/www.sportshine.eu\/hu\/wp-json\/wp\/v2\/product_cat?post=6695"},{"taxonomy":"product_tag","embeddable":true,"href":"https:\/\/www.sportshine.eu\/hu\/wp-json\/wp\/v2\/product_tag?post=6695"}],"curies":[{"name":"wp","href":"https:\/\/api.w.org\/{rel}","templated":true}]}}