{"id":6690,"date":"2025-07-07T09:28:03","date_gmt":"2025-07-07T09:28:03","guid":{"rendered":"https:\/\/www.sportshine.eu\/?post_type=product&#038;p=6690"},"modified":"2025-08-02T16:37:45","modified_gmt":"2025-08-02T16:37:45","slug":"sisak-brn-corsaro-fekete-sarga-fluo","status":"publish","type":"product","link":"https:\/\/www.sportshine.eu\/hu\/uzlet\/sisak-brn-corsaro-fekete-sarga-fluo\/","title":{"rendered":"Sisak BRN Corsaro fekete\/s\u00e1rga fluo"},"content":{"rendered":"<p>A Brn Corsaro ker\u00e9kp\u00e1ros sisak teljesen \u00e1ll\u00edthat\u00f3, forg\u00f3 r\u00f6gz\u00edt\u0151rendszerrel k\u00e9sz\u00fclt, \u00e9s 18 be\u00e9p\u00edtett szell\u0151z\u0151ny\u00edl\u00e1ssal rendelkezik a jobb szell\u0151z\u00e9s \u00e9s k\u00e9nyelem \u00e9rdek\u00e9ben. In-Mold technol\u00f3gi\u00e1val tervezt\u00e9k \u00e9s gy\u00e1rtott\u00e1k, \u00e9s mind\u00f6ssze 210 grammot nyom. Biztons\u00e1gos \u00e9s k\u00e9nyelmes ker\u00e9kp\u00e1roz\u00e1sra alkalmas, mind k\u00f6z\u00faton, mind terepen. R\u00f6gz\u00edt\u0151rendszerrel rendelkezik, amelynek bels\u0151 ker\u00fclete forg\u00f3 gombbal \u00e1ll\u00edthat\u00f3 az optim\u00e1lis tapad\u00e1s \u00e9rdek\u00e9ben. A BRN Corsaro sisakkal a st\u00edlus \u00e9s a teljes\u00edtm\u00e9ny mindig garant\u00e1lt.<\/p>\n<p>Jellemz\u0151k:<\/p>\n<ul>\n<li>18 szell\u0151z\u0151ny\u00edl\u00e1s biztos\u00edtja a sima l\u00e9g\u00e1raml\u00e1st a sisakon kereszt\u00fcl<\/li>\n<li>A pen\u00e9szgy\u00e1rt\u00e1si technol\u00f3gi\u00e1ban<\/li>\n<li>S\u00faly 210 gramm<\/li>\n<li>Forg\u00f3 megh\u00faz\u00f3rendszer<\/li>\n<\/ul>","protected":false},"excerpt":{"rendered":"<p>Azoknak, akik szeretik az orsz\u00e1g\u00fati ker\u00e9kp\u00e1roz\u00e1st \u00e9s nem akarnak lemondani a modern \u00e9s eredeti megjelen\u00e9sr\u0151l, a BRN megtervezte a Corsaro modellt, egy In-Mold technol\u00f3gi\u00e1val k\u00e9sz\u00fclt orsz\u00e1g\u00fati ker\u00e9kp\u00e1ros sisakot, \u00e1ll\u00edthat\u00f3 rendszerrel \u00e9s mind\u00f6ssze 210 gramm s\u00faly\u00faval. Egy min\u0151s\u00e9gi orsz\u00e1g\u00fati ker\u00e9kp\u00e1ros sisak vonz\u00f3 diz\u00e1jnnal.<\/p>","protected":false},"featured_media":5543,"comment_status":"open","ping_status":"closed","template":"","meta":[],"product_brand":[],"product_cat":[111],"product_tag":[],"class_list":{"0":"post-6690","1":"product","2":"type-product","3":"status-publish","4":"has-post-thumbnail","6":"product_cat-cestne-kolesarske-celade","8":"first","9":"instock","10":"taxable","11":"shipping-taxable","12":"purchasable","13":"product-type-variable"},"yoast_head":"<!-- This site is optimized with the Yoast SEO plugin v27.3 - https:\/\/yoast.com\/product\/yoast-seo-wordpress\/ -->\n<title>\u010celada BRN Corsaro black\/yellow fluo<\/title>\n<meta name=\"robots\" content=\"index, follow, max-snippet:-1, max-image-preview:large, max-video-preview:-1\" \/>\n<link rel=\"canonical\" href=\"https:\/\/www.sportshine.eu\/hu\/uzlet\/sisak-brn-corsaro-fekete-sarga-fluo\/\" \/>\n<meta property=\"og:locale\" content=\"hu_HU\" \/>\n<meta property=\"og:type\" content=\"article\" \/>\n<meta property=\"og:title\" content=\"\u010celada BRN Corsaro black\/yellow fluo\" \/>\n<meta property=\"og:description\" content=\"Za tiste, ki ljubite cestno kolesarjenje in ne \u017eelite opustiti modernega in izvirnega videza, je BRN oblikoval model Corsaro, \u010delado za cestno kolo, narejeno z In-Mold tehnologijo, nastavljivim sistemom in te\u017eo le 210 gramov. Kvalitetna cestna kolesarska \u010delada s privla\u010dnim dizajnom.\" \/>\n<meta property=\"og:url\" content=\"https:\/\/www.sportshine.eu\/hu\/uzlet\/sisak-brn-corsaro-fekete-sarga-fluo\/\" \/>\n<meta property=\"og:site_name\" content=\"Sportshine\" \/>\n<meta property=\"article:publisher\" content=\"https:\/\/www.facebook.com\/sportshine.eu\/\" \/>\n<meta property=\"article:modified_time\" content=\"2025-08-02T16:37:45+00:00\" \/>\n<meta property=\"og:image\" content=\"https:\/\/www.sportshine.eu\/wp-content\/uploads\/2025\/07\/Celada-BRN-Corsaro-blackyellow-fluo-1.webp\" \/>\n\t<meta property=\"og:image:width\" content=\"800\" \/>\n\t<meta property=\"og:image:height\" content=\"800\" \/>\n\t<meta property=\"og:image:type\" content=\"image\/webp\" \/>\n<meta name=\"twitter:card\" content=\"summary_large_image\" \/>\n<meta name=\"twitter:label1\" content=\"Becs\u00fclt olvas\u00e1si id\u0151\" \/>\n\t<meta name=\"twitter:data1\" content=\"1 perc\" \/>\n<script type=\"application\/ld+json\" class=\"yoast-schema-graph\">{\"@context\":\"https:\\\/\\\/schema.org\",\"@graph\":[{\"@type\":\"WebPage\",\"@id\":\"https:\\\/\\\/www.sportshine.eu\\\/trgovina\\\/celada-brn-corsaro-black-yellow-fluo\\\/\",\"url\":\"https:\\\/\\\/www.sportshine.eu\\\/trgovina\\\/celada-brn-corsaro-black-yellow-fluo\\\/\",\"name\":\"\u010celada BRN Corsaro black\\\/yellow fluo\",\"isPartOf\":{\"@id\":\"https:\\\/\\\/www.sportshine.eu\\\/#website\"},\"primaryImageOfPage\":{\"@id\":\"https:\\\/\\\/www.sportshine.eu\\\/trgovina\\\/celada-brn-corsaro-black-yellow-fluo\\\/#primaryimage\"},\"image\":{\"@id\":\"https:\\\/\\\/www.sportshine.eu\\\/trgovina\\\/celada-brn-corsaro-black-yellow-fluo\\\/#primaryimage\"},\"thumbnailUrl\":\"https:\\\/\\\/www.sportshine.eu\\\/wp-content\\\/uploads\\\/2025\\\/07\\\/Celada-BRN-Corsaro-blackyellow-fluo-1.webp\",\"datePublished\":\"2025-07-07T09:28:03+00:00\",\"dateModified\":\"2025-08-02T16:37:45+00:00\",\"breadcrumb\":{\"@id\":\"https:\\\/\\\/www.sportshine.eu\\\/trgovina\\\/celada-brn-corsaro-black-yellow-fluo\\\/#breadcrumb\"},\"inLanguage\":\"hu\",\"potentialAction\":[{\"@type\":\"ReadAction\",\"target\":[\"https:\\\/\\\/www.sportshine.eu\\\/trgovina\\\/celada-brn-corsaro-black-yellow-fluo\\\/\"]}]},{\"@type\":\"ImageObject\",\"inLanguage\":\"hu\",\"@id\":\"https:\\\/\\\/www.sportshine.eu\\\/trgovina\\\/celada-brn-corsaro-black-yellow-fluo\\\/#primaryimage\",\"url\":\"https:\\\/\\\/www.sportshine.eu\\\/wp-content\\\/uploads\\\/2025\\\/07\\\/Celada-BRN-Corsaro-blackyellow-fluo-1.webp\",\"contentUrl\":\"https:\\\/\\\/www.sportshine.eu\\\/wp-content\\\/uploads\\\/2025\\\/07\\\/Celada-BRN-Corsaro-blackyellow-fluo-1.webp\",\"width\":800,\"height\":800},{\"@type\":\"BreadcrumbList\",\"@id\":\"https:\\\/\\\/www.sportshine.eu\\\/trgovina\\\/celada-brn-corsaro-black-yellow-fluo\\\/#breadcrumb\",\"itemListElement\":[{\"@type\":\"ListItem\",\"position\":1,\"name\":\"Home\",\"item\":\"https:\\\/\\\/www.sportshine.eu\\\/\"},{\"@type\":\"ListItem\",\"position\":2,\"name\":\"Trgovina\",\"item\":\"https:\\\/\\\/www.sportshine.eu\\\/trgovina\\\/\"},{\"@type\":\"ListItem\",\"position\":3,\"name\":\"\u010celada BRN Corsaro black\\\/yellow fluo\"}]},{\"@type\":\"WebSite\",\"@id\":\"https:\\\/\\\/www.sportshine.eu\\\/#website\",\"url\":\"https:\\\/\\\/www.sportshine.eu\\\/\",\"name\":\"Sportshine\",\"description\":\"Top spletna trgovina kolesarskih in naglavnih svetilk ter opreme\",\"publisher\":{\"@id\":\"https:\\\/\\\/www.sportshine.eu\\\/#organization\"},\"potentialAction\":[{\"@type\":\"SearchAction\",\"target\":{\"@type\":\"EntryPoint\",\"urlTemplate\":\"https:\\\/\\\/www.sportshine.eu\\\/?s={search_term_string}\"},\"query-input\":{\"@type\":\"PropertyValueSpecification\",\"valueRequired\":true,\"valueName\":\"search_term_string\"}}],\"inLanguage\":\"hu\"},{\"@type\":\"Organization\",\"@id\":\"https:\\\/\\\/www.sportshine.eu\\\/#organization\",\"name\":\"Sportshine\",\"url\":\"https:\\\/\\\/www.sportshine.eu\\\/\",\"logo\":{\"@type\":\"ImageObject\",\"inLanguage\":\"hu\",\"@id\":\"https:\\\/\\\/www.sportshine.eu\\\/#\\\/schema\\\/logo\\\/image\\\/\",\"url\":\"https:\\\/\\\/www.sportshine.eu\\\/wp-content\\\/uploads\\\/2026\\\/01\\\/cropped-Sportshine.webp\",\"contentUrl\":\"https:\\\/\\\/www.sportshine.eu\\\/wp-content\\\/uploads\\\/2026\\\/01\\\/cropped-Sportshine.webp\",\"width\":295,\"height\":128,\"caption\":\"Sportshine\"},\"image\":{\"@id\":\"https:\\\/\\\/www.sportshine.eu\\\/#\\\/schema\\\/logo\\\/image\\\/\"},\"sameAs\":[\"https:\\\/\\\/www.facebook.com\\\/sportshine.eu\\\/\"]}]}<\/script>\n<!-- \/ Yoast SEO plugin. -->","yoast_head_json":{"title":"Sisak BRN Corsaro fekete\/s\u00e1rga fluo","robots":{"index":"index","follow":"follow","max-snippet":"max-snippet:-1","max-image-preview":"max-image-preview:large","max-video-preview":"max-video-preview:-1"},"canonical":"https:\/\/www.sportshine.eu\/hu\/uzlet\/sisak-brn-corsaro-fekete-sarga-fluo\/","og_locale":"hu_HU","og_type":"article","og_title":"\u010celada BRN Corsaro black\/yellow fluo","og_description":"Za tiste, ki ljubite cestno kolesarjenje in ne \u017eelite opustiti modernega in izvirnega videza, je BRN oblikoval model Corsaro, \u010delado za cestno kolo, narejeno z In-Mold tehnologijo, nastavljivim sistemom in te\u017eo le 210 gramov. Kvalitetna cestna kolesarska \u010delada s privla\u010dnim dizajnom.","og_url":"https:\/\/www.sportshine.eu\/hu\/uzlet\/sisak-brn-corsaro-fekete-sarga-fluo\/","og_site_name":"Sportshine","article_publisher":"https:\/\/www.facebook.com\/sportshine.eu\/","article_modified_time":"2025-08-02T16:37:45+00:00","og_image":[{"width":800,"height":800,"url":"https:\/\/www.sportshine.eu\/wp-content\/uploads\/2025\/07\/Celada-BRN-Corsaro-blackyellow-fluo-1.webp","type":"image\/webp"}],"twitter_card":"summary_large_image","twitter_misc":{"Becs\u00fclt olvas\u00e1si id\u0151":"1 perc"},"schema":{"@context":"https:\/\/schema.org","@graph":[{"@type":"WebPage","@id":"https:\/\/www.sportshine.eu\/trgovina\/celada-brn-corsaro-black-yellow-fluo\/","url":"https:\/\/www.sportshine.eu\/trgovina\/celada-brn-corsaro-black-yellow-fluo\/","name":"Sisak BRN Corsaro fekete\/s\u00e1rga fluo","isPartOf":{"@id":"https:\/\/www.sportshine.eu\/#website"},"primaryImageOfPage":{"@id":"https:\/\/www.sportshine.eu\/trgovina\/celada-brn-corsaro-black-yellow-fluo\/#primaryimage"},"image":{"@id":"https:\/\/www.sportshine.eu\/trgovina\/celada-brn-corsaro-black-yellow-fluo\/#primaryimage"},"thumbnailUrl":"https:\/\/www.sportshine.eu\/wp-content\/uploads\/2025\/07\/Celada-BRN-Corsaro-blackyellow-fluo-1.webp","datePublished":"2025-07-07T09:28:03+00:00","dateModified":"2025-08-02T16:37:45+00:00","breadcrumb":{"@id":"https:\/\/www.sportshine.eu\/trgovina\/celada-brn-corsaro-black-yellow-fluo\/#breadcrumb"},"inLanguage":"hu","potentialAction":[{"@type":"ReadAction","target":["https:\/\/www.sportshine.eu\/trgovina\/celada-brn-corsaro-black-yellow-fluo\/"]}]},{"@type":"ImageObject","inLanguage":"hu","@id":"https:\/\/www.sportshine.eu\/trgovina\/celada-brn-corsaro-black-yellow-fluo\/#primaryimage","url":"https:\/\/www.sportshine.eu\/wp-content\/uploads\/2025\/07\/Celada-BRN-Corsaro-blackyellow-fluo-1.webp","contentUrl":"https:\/\/www.sportshine.eu\/wp-content\/uploads\/2025\/07\/Celada-BRN-Corsaro-blackyellow-fluo-1.webp","width":800,"height":800},{"@type":"BreadcrumbList","@id":"https:\/\/www.sportshine.eu\/trgovina\/celada-brn-corsaro-black-yellow-fluo\/#breadcrumb","itemListElement":[{"@type":"ListItem","position":1,"name":"Home","item":"https:\/\/www.sportshine.eu\/"},{"@type":"ListItem","position":2,"name":"Trgovina","item":"https:\/\/www.sportshine.eu\/trgovina\/"},{"@type":"ListItem","position":3,"name":"\u010celada BRN Corsaro black\/yellow fluo"}]},{"@type":"WebSite","@id":"https:\/\/www.sportshine.eu\/#website","url":"https:\/\/www.sportshine.eu\/","name":"Sportshine","description":"Ker\u00e9kp\u00e1ros, fejl\u00e1mp\u00e1k \u00e9s felszerel\u00e9sek online \u00e1ruh\u00e1z\u00e1nak vezet\u0151 k\u00edn\u00e1lata","publisher":{"@id":"https:\/\/www.sportshine.eu\/#organization"},"potentialAction":[{"@type":"SearchAction","target":{"@type":"EntryPoint","urlTemplate":"https:\/\/www.sportshine.eu\/?s={search_term_string}"},"query-input":{"@type":"PropertyValueSpecification","valueRequired":true,"valueName":"search_term_string"}}],"inLanguage":"hu"},{"@type":"Organization","@id":"https:\/\/www.sportshine.eu\/#organization","name":"Sportshine","url":"https:\/\/www.sportshine.eu\/","logo":{"@type":"ImageObject","inLanguage":"hu","@id":"https:\/\/www.sportshine.eu\/#\/schema\/logo\/image\/","url":"https:\/\/www.sportshine.eu\/wp-content\/uploads\/2026\/01\/cropped-Sportshine.webp","contentUrl":"https:\/\/www.sportshine.eu\/wp-content\/uploads\/2026\/01\/cropped-Sportshine.webp","width":295,"height":128,"caption":"Sportshine"},"image":{"@id":"https:\/\/www.sportshine.eu\/#\/schema\/logo\/image\/"},"sameAs":["https:\/\/www.facebook.com\/sportshine.eu\/"]}]}},"_links":{"self":[{"href":"https:\/\/www.sportshine.eu\/hu\/wp-json\/wp\/v2\/product\/6690","targetHints":{"allow":["GET"]}}],"collection":[{"href":"https:\/\/www.sportshine.eu\/hu\/wp-json\/wp\/v2\/product"}],"about":[{"href":"https:\/\/www.sportshine.eu\/hu\/wp-json\/wp\/v2\/types\/product"}],"replies":[{"embeddable":true,"href":"https:\/\/www.sportshine.eu\/hu\/wp-json\/wp\/v2\/comments?post=6690"}],"version-history":[{"count":0,"href":"https:\/\/www.sportshine.eu\/hu\/wp-json\/wp\/v2\/product\/6690\/revisions"}],"wp:featuredmedia":[{"embeddable":true,"href":"https:\/\/www.sportshine.eu\/hu\/wp-json\/wp\/v2\/media\/5543"}],"wp:attachment":[{"href":"https:\/\/www.sportshine.eu\/hu\/wp-json\/wp\/v2\/media?parent=6690"}],"wp:term":[{"taxonomy":"product_brand","embeddable":true,"href":"https:\/\/www.sportshine.eu\/hu\/wp-json\/wp\/v2\/product_brand?post=6690"},{"taxonomy":"product_cat","embeddable":true,"href":"https:\/\/www.sportshine.eu\/hu\/wp-json\/wp\/v2\/product_cat?post=6690"},{"taxonomy":"product_tag","embeddable":true,"href":"https:\/\/www.sportshine.eu\/hu\/wp-json\/wp\/v2\/product_tag?post=6690"}],"curies":[{"name":"wp","href":"https:\/\/api.w.org\/{rel}","templated":true}]}}