{"id":6688,"date":"2025-07-07T09:28:01","date_gmt":"2025-07-07T09:28:01","guid":{"rendered":"https:\/\/www.sportshine.eu\/?post_type=product&#038;p=6688"},"modified":"2025-08-09T22:07:58","modified_gmt":"2025-08-09T22:07:58","slug":"gyermek-celada-brn-vola-50-kek","status":"publish","type":"product","link":"https:\/\/www.sportshine.eu\/hu\/uzlet\/gyermek-celada-brn-vola-50-kek\/","title":{"rendered":"Gyerek sisak BRN Vola 50 k\u00e9k"},"content":{"rendered":"<p>A BRN Vola 50 gyerek buk\u00f3sisak eleg\u00e1ns, retr\u00f3 st\u00edlus\u00fa diz\u00e1jnj\u00e1val leny\u0171g\u00f6z\u0151. A sorozat biztons\u00e1gi aspektusa el\u0151t\u00e9rbe ker\u00fcl, mivel az ergonomikus forma maxim\u00e1lis v\u00e9delmet ny\u00fajt a fej oldal\u00e1nak \u00e9s h\u00e1tulj\u00e1nak. Az optim\u00e1lis be\u00e1ll\u00edt\u00e1s \u00e9rdek\u00e9ben be\u00e1ll\u00edt\u00e1si lehet\u0151s\u00e9gek \u00e1llnak rendelkez\u00e9sre. Ak\u00e1r 8 szell\u0151z\u0151ny\u00edl\u00e1s is biztos\u00edtja a kiv\u00e1l\u00f3 szell\u0151z\u00e9st a kicsik sz\u00e1m\u00e1ra.<\/p>\n<p>A Vola 50 modellek \u201eIn-Mold\u201d technol\u00f3gi\u00e1val vannak felszerelve \u2013 a sisak h\u00e9ja \u00e9s belseje EPS habbal egyetlen, elv\u00e1laszthatatlan darabba van \u00f6ntve, \u00edgy biztos\u00edtva a legmagasabb szint\u0171 fejv\u00e9delmet.<\/p>\n<p><img decoding=\"async\" class=\"aligncenter wp-image-7805 size-full\" src=\"https:\/\/www.sportshine.eu\/wp-content\/uploads\/2025\/07\/Otroske-celade-e1754777227756.webp\" alt=\"\" width=\"800\" height=\"461\" srcset=\"https:\/\/www.sportshine.eu\/wp-content\/uploads\/2025\/07\/Otroske-celade-e1754777227756.webp 800w, https:\/\/www.sportshine.eu\/wp-content\/uploads\/2025\/07\/Otroske-celade-e1754777227756-768x443.webp 768w, https:\/\/www.sportshine.eu\/wp-content\/uploads\/2025\/07\/Otroske-celade-e1754777227756-600x346.webp 600w\" sizes=\"(max-width: 800px) 100vw, 800px\" \/><\/p>\n<p><strong>Jellemz\u0151k:\u00a0<\/strong><\/p>\n<ul>\n<li><strong>K\u00f6nnyen \u00e1ll\u00edthat\u00f3:<\/strong> Az \u00e1ll\u00edt\u00f3rendszer optim\u00e1lis illeszked\u00e9st biztos\u00edt, amelyet a gyermek k\u00f6nnyen haszn\u00e1lhat.<\/li>\n<li><strong>K\u00f6nny\u0171s\u00e9g:<\/strong> Mind\u00f6ssze 165 g-os s\u00faly\u00e1val szabad mozg\u00e1st biztos\u00edt an\u00e9lk\u00fcl, hogy elnehez\u00fcln\u00e9l.<\/li>\n<li><strong>Kiv\u00e1l\u00f3 szell\u0151z\u00e9s:<\/strong> 8 szell\u0151z\u0151ny\u00edl\u00e1s biztos\u00edtja a hat\u00e9kony szell\u0151z\u00e9st, \u00edgy k\u00e9nyelmes viseletet biztos\u00edt m\u00e9g melegebb napokon is.<\/li>\n<li><strong>Fejlett \u201eIn-Mold\u201d technol\u00f3gia:<\/strong> A polikarbon\u00e1t k\u00fcls\u0151 h\u00e9j z\u00f6kken\u0151mentesen illeszkedik az EPS hab bels\u0151 r\u00e9sz\u00e9hez, \u00edgy kiv\u00e9teles tart\u00f3ss\u00e1got \u00e9s \u00fct\u00e9sv\u00e9delmet biztos\u00edt.<\/li>\n<li><strong>Eleg\u00e1ns megjelen\u00e9s \u00e9s \u00e9l\u00e9nk sz\u00ednek: <\/strong>Gy\u00f6ny\u00f6r\u0171, \u00e9l\u00e9nk sz\u00ednekben kaphat\u00f3, \u00e9s modern retr\u00f3 megjelen\u00e9s\u00e9vel vonzza a figyelmet.<\/li>\n<li><strong>Optim\u00e1lis v\u00e9delem:<\/strong> Az ergonomikus forma maxim\u00e1lis v\u00e9delmet ny\u00fajt a fej oldalainak \u00e9s h\u00e1tulj\u00e1nak.<\/li>\n<li><strong>M\u00e9ret<\/strong>A Vola modellek k\u00e9t m\u00e9retben kaphat\u00f3k: XXS (44-48 cm) \u00e9s XS (48-50 cm)<\/li>\n<\/ul>","protected":false},"excerpt":{"rendered":"<p>A neves olasz BRN m\u00e1rka Vola 50 gyermek buk\u00f3sisakja kiv\u00e1l\u00f3 v\u00e9delmet ny\u00fajt a kicsiknek. A kiv\u00e1l\u00f3 min\u0151s\u00e9g\u0171, \u201eIn Mold\u201d technol\u00f3gi\u00e1val k\u00e9sz\u00fclt buk\u00f3sisak egyetlen darabb\u00f3l k\u00e9sz\u00fcl. Ez a gy\u00e1rt\u00e1si m\u00f3dszer optim\u00e1lis ar\u00e1nyt k\u00edn\u00e1l a v\u00e9delem \u00e9s a k\u00f6nny\u0171 s\u00faly k\u00f6z\u00f6tt.<\/p>","protected":false},"featured_media":5539,"comment_status":"open","ping_status":"closed","template":"","meta":[],"product_brand":[],"product_cat":[110,108,109],"product_tag":[],"class_list":{"0":"post-6688","1":"product","2":"type-product","3":"status-publish","4":"has-post-thumbnail","6":"product_cat-brn-vola-50","7":"product_cat-kolesarske-celade","8":"product_cat-otroske-celade","10":"first","11":"instock","12":"sale","13":"taxable","14":"shipping-taxable","15":"purchasable","16":"product-type-variable"},"yoast_head":"<!-- This site is optimized with the Yoast SEO plugin v27.3 - https:\/\/yoast.com\/product\/yoast-seo-wordpress\/ -->\n<title>Otro\u0161ka \u010delada BRN Vola 50 blue - Sportshine<\/title>\n<meta name=\"robots\" content=\"index, follow, max-snippet:-1, max-image-preview:large, max-video-preview:-1\" \/>\n<link rel=\"canonical\" href=\"https:\/\/www.sportshine.eu\/hu\/uzlet\/gyermek-celada-brn-vola-50-kek\/\" \/>\n<meta property=\"og:locale\" content=\"hu_HU\" \/>\n<meta property=\"og:type\" content=\"article\" \/>\n<meta property=\"og:title\" content=\"Otro\u0161ka \u010delada BRN Vola 50 blue - Sportshine\" \/>\n<meta property=\"og:description\" content=\"Otro\u0161ka \u010delada Vola 50 priznane italijanske znamke BRN, poskrbi za odli\u010dno za\u0161\u010dito va\u0161ih mal\u010dkov. Kvalitetna izdelava z &#039;In Mold&#039; tehnologijo omogo\u010da, da je \u010delada sestavljena iz enega dela. Ta na\u010din izdelave nudi optimalno razmerje med za\u0161\u010dito in lahko te\u017eo.\" \/>\n<meta property=\"og:url\" content=\"https:\/\/www.sportshine.eu\/hu\/uzlet\/gyermek-celada-brn-vola-50-kek\/\" \/>\n<meta property=\"og:site_name\" content=\"Sportshine\" \/>\n<meta property=\"article:publisher\" content=\"https:\/\/www.facebook.com\/sportshine.eu\/\" \/>\n<meta property=\"article:modified_time\" content=\"2025-08-09T22:07:58+00:00\" \/>\n<meta property=\"og:image\" content=\"https:\/\/www.sportshine.eu\/wp-content\/uploads\/2025\/07\/otroske-celade-brn-vola-50.webp\" \/>\n\t<meta property=\"og:image:width\" content=\"800\" \/>\n\t<meta property=\"og:image:height\" content=\"800\" \/>\n\t<meta property=\"og:image:type\" content=\"image\/webp\" \/>\n<meta name=\"twitter:card\" content=\"summary_large_image\" \/>\n<meta name=\"twitter:label1\" content=\"Becs\u00fclt olvas\u00e1si id\u0151\" \/>\n\t<meta name=\"twitter:data1\" content=\"2 perc\" \/>\n<script type=\"application\/ld+json\" class=\"yoast-schema-graph\">{\"@context\":\"https:\\\/\\\/schema.org\",\"@graph\":[{\"@type\":\"WebPage\",\"@id\":\"https:\\\/\\\/www.sportshine.eu\\\/trgovina\\\/otroska-celada-brn-vola-50-blue\\\/\",\"url\":\"https:\\\/\\\/www.sportshine.eu\\\/trgovina\\\/otroska-celada-brn-vola-50-blue\\\/\",\"name\":\"Otro\u0161ka \u010delada BRN Vola 50 blue - Sportshine\",\"isPartOf\":{\"@id\":\"https:\\\/\\\/www.sportshine.eu\\\/#website\"},\"primaryImageOfPage\":{\"@id\":\"https:\\\/\\\/www.sportshine.eu\\\/trgovina\\\/otroska-celada-brn-vola-50-blue\\\/#primaryimage\"},\"image\":{\"@id\":\"https:\\\/\\\/www.sportshine.eu\\\/trgovina\\\/otroska-celada-brn-vola-50-blue\\\/#primaryimage\"},\"thumbnailUrl\":\"https:\\\/\\\/www.sportshine.eu\\\/wp-content\\\/uploads\\\/2025\\\/07\\\/otroske-celade-brn-vola-50.webp\",\"datePublished\":\"2025-07-07T09:28:01+00:00\",\"dateModified\":\"2025-08-09T22:07:58+00:00\",\"breadcrumb\":{\"@id\":\"https:\\\/\\\/www.sportshine.eu\\\/trgovina\\\/otroska-celada-brn-vola-50-blue\\\/#breadcrumb\"},\"inLanguage\":\"hu\",\"potentialAction\":[{\"@type\":\"ReadAction\",\"target\":[\"https:\\\/\\\/www.sportshine.eu\\\/trgovina\\\/otroska-celada-brn-vola-50-blue\\\/\"]}]},{\"@type\":\"ImageObject\",\"inLanguage\":\"hu\",\"@id\":\"https:\\\/\\\/www.sportshine.eu\\\/trgovina\\\/otroska-celada-brn-vola-50-blue\\\/#primaryimage\",\"url\":\"https:\\\/\\\/www.sportshine.eu\\\/wp-content\\\/uploads\\\/2025\\\/07\\\/otroske-celade-brn-vola-50.webp\",\"contentUrl\":\"https:\\\/\\\/www.sportshine.eu\\\/wp-content\\\/uploads\\\/2025\\\/07\\\/otroske-celade-brn-vola-50.webp\",\"width\":800,\"height\":800},{\"@type\":\"BreadcrumbList\",\"@id\":\"https:\\\/\\\/www.sportshine.eu\\\/trgovina\\\/otroska-celada-brn-vola-50-blue\\\/#breadcrumb\",\"itemListElement\":[{\"@type\":\"ListItem\",\"position\":1,\"name\":\"Home\",\"item\":\"https:\\\/\\\/www.sportshine.eu\\\/\"},{\"@type\":\"ListItem\",\"position\":2,\"name\":\"Trgovina\",\"item\":\"https:\\\/\\\/www.sportshine.eu\\\/trgovina\\\/\"},{\"@type\":\"ListItem\",\"position\":3,\"name\":\"Otro\u0161ka \u010delada BRN Vola 50 blue\"}]},{\"@type\":\"WebSite\",\"@id\":\"https:\\\/\\\/www.sportshine.eu\\\/#website\",\"url\":\"https:\\\/\\\/www.sportshine.eu\\\/\",\"name\":\"Sportshine\",\"description\":\"Top spletna trgovina kolesarskih in naglavnih svetilk ter opreme\",\"publisher\":{\"@id\":\"https:\\\/\\\/www.sportshine.eu\\\/#organization\"},\"potentialAction\":[{\"@type\":\"SearchAction\",\"target\":{\"@type\":\"EntryPoint\",\"urlTemplate\":\"https:\\\/\\\/www.sportshine.eu\\\/?s={search_term_string}\"},\"query-input\":{\"@type\":\"PropertyValueSpecification\",\"valueRequired\":true,\"valueName\":\"search_term_string\"}}],\"inLanguage\":\"hu\"},{\"@type\":\"Organization\",\"@id\":\"https:\\\/\\\/www.sportshine.eu\\\/#organization\",\"name\":\"Sportshine\",\"url\":\"https:\\\/\\\/www.sportshine.eu\\\/\",\"logo\":{\"@type\":\"ImageObject\",\"inLanguage\":\"hu\",\"@id\":\"https:\\\/\\\/www.sportshine.eu\\\/#\\\/schema\\\/logo\\\/image\\\/\",\"url\":\"https:\\\/\\\/www.sportshine.eu\\\/wp-content\\\/uploads\\\/2026\\\/01\\\/cropped-Sportshine.webp\",\"contentUrl\":\"https:\\\/\\\/www.sportshine.eu\\\/wp-content\\\/uploads\\\/2026\\\/01\\\/cropped-Sportshine.webp\",\"width\":295,\"height\":128,\"caption\":\"Sportshine\"},\"image\":{\"@id\":\"https:\\\/\\\/www.sportshine.eu\\\/#\\\/schema\\\/logo\\\/image\\\/\"},\"sameAs\":[\"https:\\\/\\\/www.facebook.com\\\/sportshine.eu\\\/\"]}]}<\/script>\n<!-- \/ Yoast SEO plugin. -->","yoast_head_json":{"title":"Gyerek buk\u00f3sisak BRN Vola 50 k\u00e9k - Sportshine","robots":{"index":"index","follow":"follow","max-snippet":"max-snippet:-1","max-image-preview":"max-image-preview:large","max-video-preview":"max-video-preview:-1"},"canonical":"https:\/\/www.sportshine.eu\/hu\/uzlet\/gyermek-celada-brn-vola-50-kek\/","og_locale":"hu_HU","og_type":"article","og_title":"Otro\u0161ka \u010delada BRN Vola 50 blue - Sportshine","og_description":"Otro\u0161ka \u010delada Vola 50 priznane italijanske znamke BRN, poskrbi za odli\u010dno za\u0161\u010dito va\u0161ih mal\u010dkov. Kvalitetna izdelava z 'In Mold' tehnologijo omogo\u010da, da je \u010delada sestavljena iz enega dela. Ta na\u010din izdelave nudi optimalno razmerje med za\u0161\u010dito in lahko te\u017eo.","og_url":"https:\/\/www.sportshine.eu\/hu\/uzlet\/gyermek-celada-brn-vola-50-kek\/","og_site_name":"Sportshine","article_publisher":"https:\/\/www.facebook.com\/sportshine.eu\/","article_modified_time":"2025-08-09T22:07:58+00:00","og_image":[{"width":800,"height":800,"url":"https:\/\/www.sportshine.eu\/wp-content\/uploads\/2025\/07\/otroske-celade-brn-vola-50.webp","type":"image\/webp"}],"twitter_card":"summary_large_image","twitter_misc":{"Becs\u00fclt olvas\u00e1si id\u0151":"2 perc"},"schema":{"@context":"https:\/\/schema.org","@graph":[{"@type":"WebPage","@id":"https:\/\/www.sportshine.eu\/trgovina\/otroska-celada-brn-vola-50-blue\/","url":"https:\/\/www.sportshine.eu\/trgovina\/otroska-celada-brn-vola-50-blue\/","name":"Gyerek buk\u00f3sisak BRN Vola 50 k\u00e9k - Sportshine","isPartOf":{"@id":"https:\/\/www.sportshine.eu\/#website"},"primaryImageOfPage":{"@id":"https:\/\/www.sportshine.eu\/trgovina\/otroska-celada-brn-vola-50-blue\/#primaryimage"},"image":{"@id":"https:\/\/www.sportshine.eu\/trgovina\/otroska-celada-brn-vola-50-blue\/#primaryimage"},"thumbnailUrl":"https:\/\/www.sportshine.eu\/wp-content\/uploads\/2025\/07\/otroske-celade-brn-vola-50.webp","datePublished":"2025-07-07T09:28:01+00:00","dateModified":"2025-08-09T22:07:58+00:00","breadcrumb":{"@id":"https:\/\/www.sportshine.eu\/trgovina\/otroska-celada-brn-vola-50-blue\/#breadcrumb"},"inLanguage":"hu","potentialAction":[{"@type":"ReadAction","target":["https:\/\/www.sportshine.eu\/trgovina\/otroska-celada-brn-vola-50-blue\/"]}]},{"@type":"ImageObject","inLanguage":"hu","@id":"https:\/\/www.sportshine.eu\/trgovina\/otroska-celada-brn-vola-50-blue\/#primaryimage","url":"https:\/\/www.sportshine.eu\/wp-content\/uploads\/2025\/07\/otroske-celade-brn-vola-50.webp","contentUrl":"https:\/\/www.sportshine.eu\/wp-content\/uploads\/2025\/07\/otroske-celade-brn-vola-50.webp","width":800,"height":800},{"@type":"BreadcrumbList","@id":"https:\/\/www.sportshine.eu\/trgovina\/otroska-celada-brn-vola-50-blue\/#breadcrumb","itemListElement":[{"@type":"ListItem","position":1,"name":"Home","item":"https:\/\/www.sportshine.eu\/"},{"@type":"ListItem","position":2,"name":"Trgovina","item":"https:\/\/www.sportshine.eu\/trgovina\/"},{"@type":"ListItem","position":3,"name":"Otro\u0161ka \u010delada BRN Vola 50 blue"}]},{"@type":"WebSite","@id":"https:\/\/www.sportshine.eu\/#website","url":"https:\/\/www.sportshine.eu\/","name":"Sportshine","description":"Ker\u00e9kp\u00e1ros, fejl\u00e1mp\u00e1k \u00e9s felszerel\u00e9sek online \u00e1ruh\u00e1z\u00e1nak vezet\u0151 k\u00edn\u00e1lata","publisher":{"@id":"https:\/\/www.sportshine.eu\/#organization"},"potentialAction":[{"@type":"SearchAction","target":{"@type":"EntryPoint","urlTemplate":"https:\/\/www.sportshine.eu\/?s={search_term_string}"},"query-input":{"@type":"PropertyValueSpecification","valueRequired":true,"valueName":"search_term_string"}}],"inLanguage":"hu"},{"@type":"Organization","@id":"https:\/\/www.sportshine.eu\/#organization","name":"Sportshine","url":"https:\/\/www.sportshine.eu\/","logo":{"@type":"ImageObject","inLanguage":"hu","@id":"https:\/\/www.sportshine.eu\/#\/schema\/logo\/image\/","url":"https:\/\/www.sportshine.eu\/wp-content\/uploads\/2026\/01\/cropped-Sportshine.webp","contentUrl":"https:\/\/www.sportshine.eu\/wp-content\/uploads\/2026\/01\/cropped-Sportshine.webp","width":295,"height":128,"caption":"Sportshine"},"image":{"@id":"https:\/\/www.sportshine.eu\/#\/schema\/logo\/image\/"},"sameAs":["https:\/\/www.facebook.com\/sportshine.eu\/"]}]}},"_links":{"self":[{"href":"https:\/\/www.sportshine.eu\/hu\/wp-json\/wp\/v2\/product\/6688","targetHints":{"allow":["GET"]}}],"collection":[{"href":"https:\/\/www.sportshine.eu\/hu\/wp-json\/wp\/v2\/product"}],"about":[{"href":"https:\/\/www.sportshine.eu\/hu\/wp-json\/wp\/v2\/types\/product"}],"replies":[{"embeddable":true,"href":"https:\/\/www.sportshine.eu\/hu\/wp-json\/wp\/v2\/comments?post=6688"}],"version-history":[{"count":0,"href":"https:\/\/www.sportshine.eu\/hu\/wp-json\/wp\/v2\/product\/6688\/revisions"}],"wp:featuredmedia":[{"embeddable":true,"href":"https:\/\/www.sportshine.eu\/hu\/wp-json\/wp\/v2\/media\/5539"}],"wp:attachment":[{"href":"https:\/\/www.sportshine.eu\/hu\/wp-json\/wp\/v2\/media?parent=6688"}],"wp:term":[{"taxonomy":"product_brand","embeddable":true,"href":"https:\/\/www.sportshine.eu\/hu\/wp-json\/wp\/v2\/product_brand?post=6688"},{"taxonomy":"product_cat","embeddable":true,"href":"https:\/\/www.sportshine.eu\/hu\/wp-json\/wp\/v2\/product_cat?post=6688"},{"taxonomy":"product_tag","embeddable":true,"href":"https:\/\/www.sportshine.eu\/hu\/wp-json\/wp\/v2\/product_tag?post=6688"}],"curies":[{"name":"wp","href":"https:\/\/api.w.org\/{rel}","templated":true}]}}