{"id":6643,"date":"2025-07-07T08:59:15","date_gmt":"2025-07-07T08:59:15","guid":{"rendered":"https:\/\/www.sportshine.eu\/?post_type=product&#038;p=6643"},"modified":"2026-01-22T13:17:39","modified_gmt":"2026-01-22T13:17:39","slug":"brn-tr100-polarizalt-napszemuveg","status":"publish","type":"product","link":"https:\/\/www.sportshine.eu\/hu\/uzlet\/brn-tr100-polarizalt-napszemuveg\/","title":{"rendered":"BRN TR100 polariz\u00e1lt szem\u00fcveg"},"content":{"rendered":"<p class=\"\" data-start=\"65\" data-end=\"396\">A BRN TR100 polariz\u00e1lt szem\u00fcvegek <strong data-start=\"107\" data-end=\"124\">UV400 v\u00e9delem<\/strong> \u00e9s abb\u00f3l k\u00e9sz\u00fclnek <strong data-start=\"143\" data-end=\"170\">156 mm sz\u00e9les keret<\/strong>, \u00fct\u00e9s\u00e1ll\u00f3. A cs\u00fasz\u00e1smentes \u00e9s hipoallerg\u00e9n gum\u00edrozott foganty\u00fak k\u00e9nyelmes viseletet biztos\u00edtanak, ak\u00e1rcsak az \u00e1ll\u00edthat\u00f3, hipoallerg\u00e9n orrnyereg. A polariz\u00e1lt lencs\u00e9k karc\u00e1ll\u00f3ak, \u00edgy biztos\u00edtva a hossz\u00fa t\u00e1v\u00fa haszn\u00e1latot.<\/p>\n<p class=\"\" data-start=\"398\" data-end=\"621\">El\u00e9rhet\u0151k <strong data-start=\"412\" data-end=\"430\">fekete keret<\/strong>, \u00e9s a csomagban megkapod <strong data-start=\"453\" data-end=\"465\">k\u00e9t lencse<\/strong> (sz\u00fcrke \u00e9s t\u00fckr\u00f6s narancss\u00e1rga), <strong data-start=\"493\" data-end=\"532\">kem\u00e9ny v\u00e9d\u0151tok, puha t\u00e1ska<\/strong> \u00e9s <strong data-start=\"537\" data-end=\"571\">dioptri\u00e1s lencsetoldal\u00e9k<\/strong>, ami lehet\u0151v\u00e9 teszi a teljes testreszab\u00e1st az \u00d6n ig\u00e9nyei szerint.<\/p>\n<p data-start=\"519\" data-end=\"924\">A szem\u00fcveghez egy m\u00e1sodik lencse is r\u00f6gz\u00edthet\u0151, \u00edgy a v\u00e1s\u00e1rl\u00e1s mell\u00e9 egy tov\u00e1bbi sz\u00fcrke polariz\u00e1lt lencs\u00e9t is kapsz.<\/p>\n<p data-start=\"519\" data-end=\"924\"><img decoding=\"async\" class=\"alignnone size-full wp-image-19018\" src=\"https:\/\/www.sportshine.eu\/originalstran\/wp-content\/uploads\/2025\/03\/Dodatna-leca.webp\" alt=\"\" width=\"311\" height=\"79\" \/><\/p>","protected":false},"excerpt":{"rendered":"<p>BRN TR100 polarizirana o\u010dala zagotavljajo UV400 za\u0161\u010dito in so izdelana iz 156 mm \u0161irokega okvirja, odpornega na udarce. Nedrse\u010di in hipoalergeni gumirani ro\u010daji omogo\u010dajo udobno no\u0161enje, prav tako tudi nastavljiv hipoalergeni nosni mosti\u010dek. Polarizirane le\u010de so odporne proti praskam, kar zagotavlja dolgotrajno uporabo. Na voljo so z \u010drnim okvirjem, v paketu pa prejmete dve le\u010di [&hellip;]<\/p>\n","protected":false},"featured_media":5480,"comment_status":"open","ping_status":"closed","template":"","meta":[],"product_brand":[133],"product_cat":[103,123],"product_tag":[],"class_list":{"0":"post-6643","1":"product","2":"type-product","3":"status-publish","4":"has-post-thumbnail","6":"product_brand-brn","7":"product_cat-kolesarska-ocala","8":"product_cat-polarizirana-ocala","10":"first","11":"instock","12":"taxable","13":"shipping-taxable","14":"purchasable","15":"product-type-simple"},"yoast_head":"<!-- This site is optimized with the Yoast SEO plugin v27.3 - https:\/\/yoast.com\/product\/yoast-seo-wordpress\/ -->\n<title>O\u010dala BRN TR100 polarizirana<\/title>\n<meta name=\"description\" content=\"BRN MAX polarizirana son\u010dna o\u010dala \u2013 popolna kombinacija za\u0161\u010dite, udobja in vsestranskosti. Preveri na\u0161o ponudbo o\u010dal in izberi jasen pogled.\" \/>\n<meta name=\"robots\" content=\"index, follow, max-snippet:-1, max-image-preview:large, max-video-preview:-1\" \/>\n<link rel=\"canonical\" href=\"https:\/\/www.sportshine.eu\/hu\/uzlet\/brn-tr100-polarizalt-napszemuveg\/\" \/>\n<meta property=\"og:locale\" content=\"hu_HU\" \/>\n<meta property=\"og:type\" content=\"article\" \/>\n<meta property=\"og:title\" content=\"O\u010dala BRN TR100 polarizirana\" \/>\n<meta property=\"og:description\" content=\"BRN MAX polarizirana son\u010dna o\u010dala \u2013 popolna kombinacija za\u0161\u010dite, udobja in vsestranskosti. Preveri na\u0161o ponudbo o\u010dal in izberi jasen pogled.\" \/>\n<meta property=\"og:url\" content=\"https:\/\/www.sportshine.eu\/hu\/uzlet\/brn-tr100-polarizalt-napszemuveg\/\" \/>\n<meta property=\"og:site_name\" content=\"Sportshine\" \/>\n<meta property=\"article:publisher\" content=\"https:\/\/www.facebook.com\/sportshine.eu\/\" \/>\n<meta property=\"article:modified_time\" content=\"2026-01-22T13:17:39+00:00\" \/>\n<meta property=\"og:image\" content=\"https:\/\/www.sportshine.eu\/wp-content\/uploads\/2025\/07\/kolesarska-ocala-BRN-TR100.webp\" \/>\n\t<meta property=\"og:image:width\" content=\"800\" \/>\n\t<meta property=\"og:image:height\" content=\"800\" \/>\n\t<meta property=\"og:image:type\" content=\"image\/webp\" \/>\n<meta name=\"twitter:card\" content=\"summary_large_image\" \/>\n<meta name=\"twitter:label1\" content=\"Becs\u00fclt olvas\u00e1si id\u0151\" \/>\n\t<meta name=\"twitter:data1\" content=\"1 perc\" \/>\n<script type=\"application\/ld+json\" class=\"yoast-schema-graph\">{\"@context\":\"https:\\\/\\\/schema.org\",\"@graph\":[{\"@type\":\"WebPage\",\"@id\":\"https:\\\/\\\/www.sportshine.eu\\\/trgovina\\\/ocala-brn-tr100-polarizirana\\\/\",\"url\":\"https:\\\/\\\/www.sportshine.eu\\\/trgovina\\\/ocala-brn-tr100-polarizirana\\\/\",\"name\":\"O\u010dala BRN TR100 polarizirana\",\"isPartOf\":{\"@id\":\"https:\\\/\\\/www.sportshine.eu\\\/#website\"},\"primaryImageOfPage\":{\"@id\":\"https:\\\/\\\/www.sportshine.eu\\\/trgovina\\\/ocala-brn-tr100-polarizirana\\\/#primaryimage\"},\"image\":{\"@id\":\"https:\\\/\\\/www.sportshine.eu\\\/trgovina\\\/ocala-brn-tr100-polarizirana\\\/#primaryimage\"},\"thumbnailUrl\":\"https:\\\/\\\/www.sportshine.eu\\\/wp-content\\\/uploads\\\/2025\\\/07\\\/kolesarska-ocala-BRN-TR100.webp\",\"datePublished\":\"2025-07-07T08:59:15+00:00\",\"dateModified\":\"2026-01-22T13:17:39+00:00\",\"description\":\"BRN MAX polarizirana son\u010dna o\u010dala \u2013 popolna kombinacija za\u0161\u010dite, udobja in vsestranskosti. Preveri na\u0161o ponudbo o\u010dal in izberi jasen pogled.\",\"breadcrumb\":{\"@id\":\"https:\\\/\\\/www.sportshine.eu\\\/trgovina\\\/ocala-brn-tr100-polarizirana\\\/#breadcrumb\"},\"inLanguage\":\"hu\",\"potentialAction\":[{\"@type\":\"ReadAction\",\"target\":[\"https:\\\/\\\/www.sportshine.eu\\\/trgovina\\\/ocala-brn-tr100-polarizirana\\\/\"]}]},{\"@type\":\"ImageObject\",\"inLanguage\":\"hu\",\"@id\":\"https:\\\/\\\/www.sportshine.eu\\\/trgovina\\\/ocala-brn-tr100-polarizirana\\\/#primaryimage\",\"url\":\"https:\\\/\\\/www.sportshine.eu\\\/wp-content\\\/uploads\\\/2025\\\/07\\\/kolesarska-ocala-BRN-TR100.webp\",\"contentUrl\":\"https:\\\/\\\/www.sportshine.eu\\\/wp-content\\\/uploads\\\/2025\\\/07\\\/kolesarska-ocala-BRN-TR100.webp\",\"width\":800,\"height\":800},{\"@type\":\"BreadcrumbList\",\"@id\":\"https:\\\/\\\/www.sportshine.eu\\\/trgovina\\\/ocala-brn-tr100-polarizirana\\\/#breadcrumb\",\"itemListElement\":[{\"@type\":\"ListItem\",\"position\":1,\"name\":\"Home\",\"item\":\"https:\\\/\\\/www.sportshine.eu\\\/\"},{\"@type\":\"ListItem\",\"position\":2,\"name\":\"Trgovina\",\"item\":\"https:\\\/\\\/www.sportshine.eu\\\/trgovina\\\/\"},{\"@type\":\"ListItem\",\"position\":3,\"name\":\"O\u010dala BRN TR100 polarizirana\"}]},{\"@type\":\"WebSite\",\"@id\":\"https:\\\/\\\/www.sportshine.eu\\\/#website\",\"url\":\"https:\\\/\\\/www.sportshine.eu\\\/\",\"name\":\"Sportshine\",\"description\":\"Top spletna trgovina kolesarskih in naglavnih svetilk ter opreme\",\"publisher\":{\"@id\":\"https:\\\/\\\/www.sportshine.eu\\\/#organization\"},\"potentialAction\":[{\"@type\":\"SearchAction\",\"target\":{\"@type\":\"EntryPoint\",\"urlTemplate\":\"https:\\\/\\\/www.sportshine.eu\\\/?s={search_term_string}\"},\"query-input\":{\"@type\":\"PropertyValueSpecification\",\"valueRequired\":true,\"valueName\":\"search_term_string\"}}],\"inLanguage\":\"hu\"},{\"@type\":\"Organization\",\"@id\":\"https:\\\/\\\/www.sportshine.eu\\\/#organization\",\"name\":\"Sportshine\",\"url\":\"https:\\\/\\\/www.sportshine.eu\\\/\",\"logo\":{\"@type\":\"ImageObject\",\"inLanguage\":\"hu\",\"@id\":\"https:\\\/\\\/www.sportshine.eu\\\/#\\\/schema\\\/logo\\\/image\\\/\",\"url\":\"https:\\\/\\\/www.sportshine.eu\\\/wp-content\\\/uploads\\\/2026\\\/01\\\/cropped-Sportshine.webp\",\"contentUrl\":\"https:\\\/\\\/www.sportshine.eu\\\/wp-content\\\/uploads\\\/2026\\\/01\\\/cropped-Sportshine.webp\",\"width\":295,\"height\":128,\"caption\":\"Sportshine\"},\"image\":{\"@id\":\"https:\\\/\\\/www.sportshine.eu\\\/#\\\/schema\\\/logo\\\/image\\\/\"},\"sameAs\":[\"https:\\\/\\\/www.facebook.com\\\/sportshine.eu\\\/\"]}]}<\/script>\n<!-- \/ Yoast SEO plugin. -->","yoast_head_json":{"title":"BRN TR100 polariz\u00e1lt szem\u00fcveg","description":"BRN MAX polariz\u00e1lt napszem\u00fcveg - a v\u00e9delem, a k\u00e9nyelem \u00e9s a sokoldal\u00fas\u00e1g t\u00f6k\u00e9letes kombin\u00e1ci\u00f3ja. Tekintse meg szem\u00fcvegk\u00edn\u00e1latunkat, \u00e9s v\u00e1lasszon tiszta l\u00e1t\u00e1st.","robots":{"index":"index","follow":"follow","max-snippet":"max-snippet:-1","max-image-preview":"max-image-preview:large","max-video-preview":"max-video-preview:-1"},"canonical":"https:\/\/www.sportshine.eu\/hu\/uzlet\/brn-tr100-polarizalt-napszemuveg\/","og_locale":"hu_HU","og_type":"article","og_title":"O\u010dala BRN TR100 polarizirana","og_description":"BRN MAX polarizirana son\u010dna o\u010dala \u2013 popolna kombinacija za\u0161\u010dite, udobja in vsestranskosti. Preveri na\u0161o ponudbo o\u010dal in izberi jasen pogled.","og_url":"https:\/\/www.sportshine.eu\/hu\/uzlet\/brn-tr100-polarizalt-napszemuveg\/","og_site_name":"Sportshine","article_publisher":"https:\/\/www.facebook.com\/sportshine.eu\/","article_modified_time":"2026-01-22T13:17:39+00:00","og_image":[{"width":800,"height":800,"url":"https:\/\/www.sportshine.eu\/wp-content\/uploads\/2025\/07\/kolesarska-ocala-BRN-TR100.webp","type":"image\/webp"}],"twitter_card":"summary_large_image","twitter_misc":{"Becs\u00fclt olvas\u00e1si id\u0151":"1 perc"},"schema":{"@context":"https:\/\/schema.org","@graph":[{"@type":"WebPage","@id":"https:\/\/www.sportshine.eu\/trgovina\/ocala-brn-tr100-polarizirana\/","url":"https:\/\/www.sportshine.eu\/trgovina\/ocala-brn-tr100-polarizirana\/","name":"BRN TR100 polariz\u00e1lt szem\u00fcveg","isPartOf":{"@id":"https:\/\/www.sportshine.eu\/#website"},"primaryImageOfPage":{"@id":"https:\/\/www.sportshine.eu\/trgovina\/ocala-brn-tr100-polarizirana\/#primaryimage"},"image":{"@id":"https:\/\/www.sportshine.eu\/trgovina\/ocala-brn-tr100-polarizirana\/#primaryimage"},"thumbnailUrl":"https:\/\/www.sportshine.eu\/wp-content\/uploads\/2025\/07\/kolesarska-ocala-BRN-TR100.webp","datePublished":"2025-07-07T08:59:15+00:00","dateModified":"2026-01-22T13:17:39+00:00","description":"BRN MAX polariz\u00e1lt napszem\u00fcveg - a v\u00e9delem, a k\u00e9nyelem \u00e9s a sokoldal\u00fas\u00e1g t\u00f6k\u00e9letes kombin\u00e1ci\u00f3ja. Tekintse meg szem\u00fcvegk\u00edn\u00e1latunkat, \u00e9s v\u00e1lasszon tiszta l\u00e1t\u00e1st.","breadcrumb":{"@id":"https:\/\/www.sportshine.eu\/trgovina\/ocala-brn-tr100-polarizirana\/#breadcrumb"},"inLanguage":"hu","potentialAction":[{"@type":"ReadAction","target":["https:\/\/www.sportshine.eu\/trgovina\/ocala-brn-tr100-polarizirana\/"]}]},{"@type":"ImageObject","inLanguage":"hu","@id":"https:\/\/www.sportshine.eu\/trgovina\/ocala-brn-tr100-polarizirana\/#primaryimage","url":"https:\/\/www.sportshine.eu\/wp-content\/uploads\/2025\/07\/kolesarska-ocala-BRN-TR100.webp","contentUrl":"https:\/\/www.sportshine.eu\/wp-content\/uploads\/2025\/07\/kolesarska-ocala-BRN-TR100.webp","width":800,"height":800},{"@type":"BreadcrumbList","@id":"https:\/\/www.sportshine.eu\/trgovina\/ocala-brn-tr100-polarizirana\/#breadcrumb","itemListElement":[{"@type":"ListItem","position":1,"name":"Home","item":"https:\/\/www.sportshine.eu\/"},{"@type":"ListItem","position":2,"name":"Trgovina","item":"https:\/\/www.sportshine.eu\/trgovina\/"},{"@type":"ListItem","position":3,"name":"O\u010dala BRN TR100 polarizirana"}]},{"@type":"WebSite","@id":"https:\/\/www.sportshine.eu\/#website","url":"https:\/\/www.sportshine.eu\/","name":"Sportshine","description":"Ker\u00e9kp\u00e1ros, fejl\u00e1mp\u00e1k \u00e9s felszerel\u00e9sek online \u00e1ruh\u00e1z\u00e1nak vezet\u0151 k\u00edn\u00e1lata","publisher":{"@id":"https:\/\/www.sportshine.eu\/#organization"},"potentialAction":[{"@type":"SearchAction","target":{"@type":"EntryPoint","urlTemplate":"https:\/\/www.sportshine.eu\/?s={search_term_string}"},"query-input":{"@type":"PropertyValueSpecification","valueRequired":true,"valueName":"search_term_string"}}],"inLanguage":"hu"},{"@type":"Organization","@id":"https:\/\/www.sportshine.eu\/#organization","name":"Sportshine","url":"https:\/\/www.sportshine.eu\/","logo":{"@type":"ImageObject","inLanguage":"hu","@id":"https:\/\/www.sportshine.eu\/#\/schema\/logo\/image\/","url":"https:\/\/www.sportshine.eu\/wp-content\/uploads\/2026\/01\/cropped-Sportshine.webp","contentUrl":"https:\/\/www.sportshine.eu\/wp-content\/uploads\/2026\/01\/cropped-Sportshine.webp","width":295,"height":128,"caption":"Sportshine"},"image":{"@id":"https:\/\/www.sportshine.eu\/#\/schema\/logo\/image\/"},"sameAs":["https:\/\/www.facebook.com\/sportshine.eu\/"]}]}},"_links":{"self":[{"href":"https:\/\/www.sportshine.eu\/hu\/wp-json\/wp\/v2\/product\/6643","targetHints":{"allow":["GET"]}}],"collection":[{"href":"https:\/\/www.sportshine.eu\/hu\/wp-json\/wp\/v2\/product"}],"about":[{"href":"https:\/\/www.sportshine.eu\/hu\/wp-json\/wp\/v2\/types\/product"}],"replies":[{"embeddable":true,"href":"https:\/\/www.sportshine.eu\/hu\/wp-json\/wp\/v2\/comments?post=6643"}],"version-history":[{"count":0,"href":"https:\/\/www.sportshine.eu\/hu\/wp-json\/wp\/v2\/product\/6643\/revisions"}],"wp:featuredmedia":[{"embeddable":true,"href":"https:\/\/www.sportshine.eu\/hu\/wp-json\/wp\/v2\/media\/5480"}],"wp:attachment":[{"href":"https:\/\/www.sportshine.eu\/hu\/wp-json\/wp\/v2\/media?parent=6643"}],"wp:term":[{"taxonomy":"product_brand","embeddable":true,"href":"https:\/\/www.sportshine.eu\/hu\/wp-json\/wp\/v2\/product_brand?post=6643"},{"taxonomy":"product_cat","embeddable":true,"href":"https:\/\/www.sportshine.eu\/hu\/wp-json\/wp\/v2\/product_cat?post=6643"},{"taxonomy":"product_tag","embeddable":true,"href":"https:\/\/www.sportshine.eu\/hu\/wp-json\/wp\/v2\/product_tag?post=6643"}],"curies":[{"name":"wp","href":"https:\/\/api.w.org\/{rel}","templated":true}]}}