{"id":6641,"date":"2025-07-07T08:59:13","date_gmt":"2025-07-07T08:59:13","guid":{"rendered":"https:\/\/www.sportshine.eu\/?post_type=product&#038;p=6641"},"modified":"2026-01-22T13:17:53","modified_gmt":"2026-01-22T13:17:53","slug":"brn-max-fekete-szemuveg","status":"publish","type":"product","link":"https:\/\/www.sportshine.eu\/hu\/uzlet\/brn-max-fekete-szemuveg\/","title":{"rendered":"BRN MAX szem\u00fcveg fekete"},"content":{"rendered":"<p class=\"\" data-start=\"0\" data-end=\"305\">A BRN Max fotokromatikus szem\u00fcvegek kateg\u00f3ri\u00e1jukban a technol\u00f3gia cs\u00facs\u00e1t k\u00e9pviselik. Tart\u00f3s, fotokromatikus polikarbon\u00e1t lencs\u00e9kb\u0151l k\u00e9sz\u00fclnek, UV-400 v\u00e9delemmel, \u00edgy 100%-os UV-v\u00e9delmet biztos\u00edtanak. A lencse t\u00e9len k\u00f6r\u00fclbel\u00fcl 60 m\u00e1sodperc, ny\u00e1ron pedig k\u00f6r\u00fclbel\u00fcl 40 m\u00e1sodperc alatt alkalmazkodik a f\u00e9nyv\u00e1ltoz\u00e1shoz.<\/p>\n<p class=\"\" data-start=\"307\" data-end=\"555\">K\u00fclt\u00e9ri \u00e9s belt\u00e9ri haszn\u00e1latra egyar\u00e1nt alkalmasak, mivel TR90 Grilamid kerettel, cs\u00fasz\u00e1sg\u00e1tl\u00f3, hipoallerg\u00e9n gum\u00edrozott foganty\u00fakkal \u00e9s \u00e1ll\u00edthat\u00f3, cs\u00fasz\u00e1sg\u00e1tl\u00f3, hipoallerg\u00e9n orrp\u00e1rn\u00e1kkal rendelkeznek. Mindezeket a pr\u00e9mium tulajdons\u00e1gokat hihetetlen\u00fcl k\u00f6nny\u0171, 28 grammos s\u00falyban egyes\u00edtik!<\/p>\n<p class=\"\" data-start=\"557\" data-end=\"740\">A szem\u00fcveg egy t\u00e1gas, kem\u00e9ny tokban tal\u00e1lhat\u00f3, amelyhez egy puha mikrosz\u00e1las tasak is tartozik. A csomag tartalmaz egy dioptri\u00e1s lencsetart\u00f3t is, \u00edgy m\u00e9g sokoldal\u00fabb\u00e1 v\u00e1lik.<\/p>","protected":false},"excerpt":{"rendered":"<p>A BRN Max fotokromatikus szem\u00fcveg \u00f6tv\u00f6zi a funkcionalit\u00e1st, a k\u00e9nyelmet \u00e9s a modern diz\u00e1jnt \u2013 t\u00f6k\u00e9letes v\u00e1laszt\u00e1s az akt\u00edv egy\u00e9nek sz\u00e1m\u00e1ra, akik \u00e9rt\u00e9kelik a min\u0151s\u00e9get \u00e9s a v\u00e9delmet.<\/p>","protected":false},"featured_media":5472,"comment_status":"open","ping_status":"closed","template":"","meta":[],"product_brand":[133],"product_cat":[106,103],"product_tag":[],"class_list":{"0":"post-6641","1":"product","2":"type-product","3":"status-publish","4":"has-post-thumbnail","6":"product_brand-brn","7":"product_cat-fotokromatska-ocala","8":"product_cat-kolesarska-ocala","10":"first","11":"instock","12":"taxable","13":"shipping-taxable","14":"purchasable","15":"product-type-simple"},"yoast_head":"<!-- This site is optimized with the Yoast SEO plugin v27.3 - https:\/\/yoast.com\/product\/yoast-seo-wordpress\/ -->\n<title>O\u010dala BRN MAX \u010drna<\/title>\n<meta name=\"description\" content=\"BRN Max fotokromatska o\u010dala predstavljajo vrhunec tehnologije v svojem razredu. Izdelana so iz odpornih fotokromatskih polikarbonatnih le\u010d z UV-400 za\u0161\u010dito.\" \/>\n<meta name=\"robots\" content=\"index, follow, max-snippet:-1, max-image-preview:large, max-video-preview:-1\" \/>\n<link rel=\"canonical\" href=\"https:\/\/www.sportshine.eu\/hu\/uzlet\/brn-max-fekete-szemuveg\/\" \/>\n<meta property=\"og:locale\" content=\"hu_HU\" \/>\n<meta property=\"og:type\" content=\"article\" \/>\n<meta property=\"og:title\" content=\"O\u010dala BRN MAX \u010drna\" \/>\n<meta property=\"og:description\" content=\"BRN Max fotokromatska o\u010dala predstavljajo vrhunec tehnologije v svojem razredu. Izdelana so iz odpornih fotokromatskih polikarbonatnih le\u010d z UV-400 za\u0161\u010dito.\" \/>\n<meta property=\"og:url\" content=\"https:\/\/www.sportshine.eu\/hu\/uzlet\/brn-max-fekete-szemuveg\/\" \/>\n<meta property=\"og:site_name\" content=\"Sportshine\" \/>\n<meta property=\"article:publisher\" content=\"https:\/\/www.facebook.com\/sportshine.eu\/\" \/>\n<meta property=\"article:modified_time\" content=\"2026-01-22T13:17:53+00:00\" \/>\n<meta property=\"og:image\" content=\"https:\/\/www.sportshine.eu\/wp-content\/uploads\/2025\/07\/ocala-BRN-MAX-fotokromatska-2.webp\" \/>\n\t<meta property=\"og:image:width\" content=\"800\" \/>\n\t<meta property=\"og:image:height\" content=\"800\" \/>\n\t<meta property=\"og:image:type\" content=\"image\/webp\" \/>\n<meta name=\"twitter:card\" content=\"summary_large_image\" \/>\n<meta name=\"twitter:label1\" content=\"Becs\u00fclt olvas\u00e1si id\u0151\" \/>\n\t<meta name=\"twitter:data1\" content=\"1 perc\" \/>\n<script type=\"application\/ld+json\" class=\"yoast-schema-graph\">{\"@context\":\"https:\\\/\\\/schema.org\",\"@graph\":[{\"@type\":\"WebPage\",\"@id\":\"https:\\\/\\\/www.sportshine.eu\\\/trgovina\\\/ocala-brn-max-crna\\\/\",\"url\":\"https:\\\/\\\/www.sportshine.eu\\\/trgovina\\\/ocala-brn-max-crna\\\/\",\"name\":\"O\u010dala BRN MAX \u010drna\",\"isPartOf\":{\"@id\":\"https:\\\/\\\/www.sportshine.eu\\\/#website\"},\"primaryImageOfPage\":{\"@id\":\"https:\\\/\\\/www.sportshine.eu\\\/trgovina\\\/ocala-brn-max-crna\\\/#primaryimage\"},\"image\":{\"@id\":\"https:\\\/\\\/www.sportshine.eu\\\/trgovina\\\/ocala-brn-max-crna\\\/#primaryimage\"},\"thumbnailUrl\":\"https:\\\/\\\/www.sportshine.eu\\\/wp-content\\\/uploads\\\/2025\\\/07\\\/ocala-BRN-MAX-fotokromatska-2.webp\",\"datePublished\":\"2025-07-07T08:59:13+00:00\",\"dateModified\":\"2026-01-22T13:17:53+00:00\",\"description\":\"BRN Max fotokromatska o\u010dala predstavljajo vrhunec tehnologije v svojem razredu. Izdelana so iz odpornih fotokromatskih polikarbonatnih le\u010d z UV-400 za\u0161\u010dito.\",\"breadcrumb\":{\"@id\":\"https:\\\/\\\/www.sportshine.eu\\\/trgovina\\\/ocala-brn-max-crna\\\/#breadcrumb\"},\"inLanguage\":\"hu\",\"potentialAction\":[{\"@type\":\"ReadAction\",\"target\":[\"https:\\\/\\\/www.sportshine.eu\\\/trgovina\\\/ocala-brn-max-crna\\\/\"]}]},{\"@type\":\"ImageObject\",\"inLanguage\":\"hu\",\"@id\":\"https:\\\/\\\/www.sportshine.eu\\\/trgovina\\\/ocala-brn-max-crna\\\/#primaryimage\",\"url\":\"https:\\\/\\\/www.sportshine.eu\\\/wp-content\\\/uploads\\\/2025\\\/07\\\/ocala-BRN-MAX-fotokromatska-2.webp\",\"contentUrl\":\"https:\\\/\\\/www.sportshine.eu\\\/wp-content\\\/uploads\\\/2025\\\/07\\\/ocala-BRN-MAX-fotokromatska-2.webp\",\"width\":800,\"height\":800},{\"@type\":\"BreadcrumbList\",\"@id\":\"https:\\\/\\\/www.sportshine.eu\\\/trgovina\\\/ocala-brn-max-crna\\\/#breadcrumb\",\"itemListElement\":[{\"@type\":\"ListItem\",\"position\":1,\"name\":\"Home\",\"item\":\"https:\\\/\\\/www.sportshine.eu\\\/\"},{\"@type\":\"ListItem\",\"position\":2,\"name\":\"Trgovina\",\"item\":\"https:\\\/\\\/www.sportshine.eu\\\/trgovina\\\/\"},{\"@type\":\"ListItem\",\"position\":3,\"name\":\"O\u010dala BRN MAX \u010drna\"}]},{\"@type\":\"WebSite\",\"@id\":\"https:\\\/\\\/www.sportshine.eu\\\/#website\",\"url\":\"https:\\\/\\\/www.sportshine.eu\\\/\",\"name\":\"Sportshine\",\"description\":\"Top spletna trgovina kolesarskih in naglavnih svetilk ter opreme\",\"publisher\":{\"@id\":\"https:\\\/\\\/www.sportshine.eu\\\/#organization\"},\"potentialAction\":[{\"@type\":\"SearchAction\",\"target\":{\"@type\":\"EntryPoint\",\"urlTemplate\":\"https:\\\/\\\/www.sportshine.eu\\\/?s={search_term_string}\"},\"query-input\":{\"@type\":\"PropertyValueSpecification\",\"valueRequired\":true,\"valueName\":\"search_term_string\"}}],\"inLanguage\":\"hu\"},{\"@type\":\"Organization\",\"@id\":\"https:\\\/\\\/www.sportshine.eu\\\/#organization\",\"name\":\"Sportshine\",\"url\":\"https:\\\/\\\/www.sportshine.eu\\\/\",\"logo\":{\"@type\":\"ImageObject\",\"inLanguage\":\"hu\",\"@id\":\"https:\\\/\\\/www.sportshine.eu\\\/#\\\/schema\\\/logo\\\/image\\\/\",\"url\":\"https:\\\/\\\/www.sportshine.eu\\\/wp-content\\\/uploads\\\/2026\\\/01\\\/cropped-Sportshine.webp\",\"contentUrl\":\"https:\\\/\\\/www.sportshine.eu\\\/wp-content\\\/uploads\\\/2026\\\/01\\\/cropped-Sportshine.webp\",\"width\":295,\"height\":128,\"caption\":\"Sportshine\"},\"image\":{\"@id\":\"https:\\\/\\\/www.sportshine.eu\\\/#\\\/schema\\\/logo\\\/image\\\/\"},\"sameAs\":[\"https:\\\/\\\/www.facebook.com\\\/sportshine.eu\\\/\"]}]}<\/script>\n<!-- \/ Yoast SEO plugin. -->","yoast_head_json":{"title":"BRN MAX szem\u00fcveg fekete","description":"A BRN Max fotokromatikus szem\u00fcvegek kateg\u00f3ri\u00e1juk cs\u00facstechnol\u00f3gi\u00e1j\u00e1t k\u00e9pviselik. Tart\u00f3s, fotokromatikus polikarbon\u00e1t lencs\u00e9kb\u0151l k\u00e9sz\u00fclnek, UV-400 v\u00e9delemmel.","robots":{"index":"index","follow":"follow","max-snippet":"max-snippet:-1","max-image-preview":"max-image-preview:large","max-video-preview":"max-video-preview:-1"},"canonical":"https:\/\/www.sportshine.eu\/hu\/uzlet\/brn-max-fekete-szemuveg\/","og_locale":"hu_HU","og_type":"article","og_title":"O\u010dala BRN MAX \u010drna","og_description":"BRN Max fotokromatska o\u010dala predstavljajo vrhunec tehnologije v svojem razredu. Izdelana so iz odpornih fotokromatskih polikarbonatnih le\u010d z UV-400 za\u0161\u010dito.","og_url":"https:\/\/www.sportshine.eu\/hu\/uzlet\/brn-max-fekete-szemuveg\/","og_site_name":"Sportshine","article_publisher":"https:\/\/www.facebook.com\/sportshine.eu\/","article_modified_time":"2026-01-22T13:17:53+00:00","og_image":[{"width":800,"height":800,"url":"https:\/\/www.sportshine.eu\/wp-content\/uploads\/2025\/07\/ocala-BRN-MAX-fotokromatska-2.webp","type":"image\/webp"}],"twitter_card":"summary_large_image","twitter_misc":{"Becs\u00fclt olvas\u00e1si id\u0151":"1 perc"},"schema":{"@context":"https:\/\/schema.org","@graph":[{"@type":"WebPage","@id":"https:\/\/www.sportshine.eu\/trgovina\/ocala-brn-max-crna\/","url":"https:\/\/www.sportshine.eu\/trgovina\/ocala-brn-max-crna\/","name":"BRN MAX szem\u00fcveg fekete","isPartOf":{"@id":"https:\/\/www.sportshine.eu\/#website"},"primaryImageOfPage":{"@id":"https:\/\/www.sportshine.eu\/trgovina\/ocala-brn-max-crna\/#primaryimage"},"image":{"@id":"https:\/\/www.sportshine.eu\/trgovina\/ocala-brn-max-crna\/#primaryimage"},"thumbnailUrl":"https:\/\/www.sportshine.eu\/wp-content\/uploads\/2025\/07\/ocala-BRN-MAX-fotokromatska-2.webp","datePublished":"2025-07-07T08:59:13+00:00","dateModified":"2026-01-22T13:17:53+00:00","description":"A BRN Max fotokromatikus szem\u00fcvegek kateg\u00f3ri\u00e1juk cs\u00facstechnol\u00f3gi\u00e1j\u00e1t k\u00e9pviselik. Tart\u00f3s, fotokromatikus polikarbon\u00e1t lencs\u00e9kb\u0151l k\u00e9sz\u00fclnek, UV-400 v\u00e9delemmel.","breadcrumb":{"@id":"https:\/\/www.sportshine.eu\/trgovina\/ocala-brn-max-crna\/#breadcrumb"},"inLanguage":"hu","potentialAction":[{"@type":"ReadAction","target":["https:\/\/www.sportshine.eu\/trgovina\/ocala-brn-max-crna\/"]}]},{"@type":"ImageObject","inLanguage":"hu","@id":"https:\/\/www.sportshine.eu\/trgovina\/ocala-brn-max-crna\/#primaryimage","url":"https:\/\/www.sportshine.eu\/wp-content\/uploads\/2025\/07\/ocala-BRN-MAX-fotokromatska-2.webp","contentUrl":"https:\/\/www.sportshine.eu\/wp-content\/uploads\/2025\/07\/ocala-BRN-MAX-fotokromatska-2.webp","width":800,"height":800},{"@type":"BreadcrumbList","@id":"https:\/\/www.sportshine.eu\/trgovina\/ocala-brn-max-crna\/#breadcrumb","itemListElement":[{"@type":"ListItem","position":1,"name":"Home","item":"https:\/\/www.sportshine.eu\/"},{"@type":"ListItem","position":2,"name":"Trgovina","item":"https:\/\/www.sportshine.eu\/trgovina\/"},{"@type":"ListItem","position":3,"name":"O\u010dala BRN MAX \u010drna"}]},{"@type":"WebSite","@id":"https:\/\/www.sportshine.eu\/#website","url":"https:\/\/www.sportshine.eu\/","name":"Sportshine","description":"Ker\u00e9kp\u00e1ros, fejl\u00e1mp\u00e1k \u00e9s felszerel\u00e9sek online \u00e1ruh\u00e1z\u00e1nak vezet\u0151 k\u00edn\u00e1lata","publisher":{"@id":"https:\/\/www.sportshine.eu\/#organization"},"potentialAction":[{"@type":"SearchAction","target":{"@type":"EntryPoint","urlTemplate":"https:\/\/www.sportshine.eu\/?s={search_term_string}"},"query-input":{"@type":"PropertyValueSpecification","valueRequired":true,"valueName":"search_term_string"}}],"inLanguage":"hu"},{"@type":"Organization","@id":"https:\/\/www.sportshine.eu\/#organization","name":"Sportshine","url":"https:\/\/www.sportshine.eu\/","logo":{"@type":"ImageObject","inLanguage":"hu","@id":"https:\/\/www.sportshine.eu\/#\/schema\/logo\/image\/","url":"https:\/\/www.sportshine.eu\/wp-content\/uploads\/2026\/01\/cropped-Sportshine.webp","contentUrl":"https:\/\/www.sportshine.eu\/wp-content\/uploads\/2026\/01\/cropped-Sportshine.webp","width":295,"height":128,"caption":"Sportshine"},"image":{"@id":"https:\/\/www.sportshine.eu\/#\/schema\/logo\/image\/"},"sameAs":["https:\/\/www.facebook.com\/sportshine.eu\/"]}]}},"_links":{"self":[{"href":"https:\/\/www.sportshine.eu\/hu\/wp-json\/wp\/v2\/product\/6641","targetHints":{"allow":["GET"]}}],"collection":[{"href":"https:\/\/www.sportshine.eu\/hu\/wp-json\/wp\/v2\/product"}],"about":[{"href":"https:\/\/www.sportshine.eu\/hu\/wp-json\/wp\/v2\/types\/product"}],"replies":[{"embeddable":true,"href":"https:\/\/www.sportshine.eu\/hu\/wp-json\/wp\/v2\/comments?post=6641"}],"version-history":[{"count":0,"href":"https:\/\/www.sportshine.eu\/hu\/wp-json\/wp\/v2\/product\/6641\/revisions"}],"wp:featuredmedia":[{"embeddable":true,"href":"https:\/\/www.sportshine.eu\/hu\/wp-json\/wp\/v2\/media\/5472"}],"wp:attachment":[{"href":"https:\/\/www.sportshine.eu\/hu\/wp-json\/wp\/v2\/media?parent=6641"}],"wp:term":[{"taxonomy":"product_brand","embeddable":true,"href":"https:\/\/www.sportshine.eu\/hu\/wp-json\/wp\/v2\/product_brand?post=6641"},{"taxonomy":"product_cat","embeddable":true,"href":"https:\/\/www.sportshine.eu\/hu\/wp-json\/wp\/v2\/product_cat?post=6641"},{"taxonomy":"product_tag","embeddable":true,"href":"https:\/\/www.sportshine.eu\/hu\/wp-json\/wp\/v2\/product_tag?post=6641"}],"curies":[{"name":"wp","href":"https:\/\/api.w.org\/{rel}","templated":true}]}}