{"id":6640,"date":"2025-07-07T08:59:12","date_gmt":"2025-07-07T08:59:12","guid":{"rendered":"https:\/\/www.sportshine.eu\/?post_type=product&#038;p=6640"},"modified":"2025-08-02T17:00:28","modified_gmt":"2025-08-02T17:00:28","slug":"sisak-brn-cloud-ii-piros","status":"publish","type":"product","link":"https:\/\/www.sportshine.eu\/hu\/uzlet\/sisak-brn-cloud-ii-piros\/","title":{"rendered":"BRN Cloud II sisak piros"},"content":{"rendered":"<p>Sisak <strong>BRN Felh\u0151 II<\/strong> a teljes BRN kutat\u00e1si \u00e9s fejleszt\u00e9si csapat\u00e1nak er\u0151fesz\u00edt\u00e9seinek eredm\u00e9nye! Apr\u00f3l\u00e9kos kutat\u00e1ssal el\u0151sz\u00f6r meghat\u00e1rozt\u00e1k a sisak vonalait \u00e9s form\u00e1j\u00e1t, 3D-s protot\u00edpust k\u00e9sz\u00edtettek r\u00f3la, majd a legjobb nemzetk\u00f6zi ker\u00e9kp\u00e1ros sisakgy\u00e1rt\u00f3kkal egy\u00fcttm\u0171k\u00f6dve eljuttatt\u00e1k a v\u00e9gs\u0151 megval\u00f3s\u00edt\u00e1sig.<\/p>\n<p><strong>Felh\u0151 II<\/strong> technol\u00f3gi\u00e1val b\u00fcszk\u00e9lkedhet <strong>Pen\u00e9szben<\/strong>, amely kiv\u00e9teles tart\u00f3ss\u00e1got biztos\u00edt, m\u00e1gneses z\u00e1rral <strong>Takarm\u00e1nyz\u00e1r<\/strong> a k\u00f6nny\u0171 haszn\u00e1lat \u00e9s a rendszerbe\u00e1ll\u00edt\u00e1sok \u00e9rdek\u00e9ben <strong>G\u00f6rg\u0151s rendszer<\/strong> a t\u00f6k\u00e9letes illeszked\u00e9s\u00e9rt. 18 szell\u0151z\u0151ny\u00edl\u00e1s biztos\u00edtja a k\u00e9nyelmet ker\u00e9kp\u00e1roz\u00e1s k\u00f6zben, folyamatos l\u00e9g\u00e1raml\u00e1st biztos\u00edtva \u00e9s hat\u00e9konyan szell\u0151ztetve a sisak belsej\u00e9t. Mindezek a fejlett funkci\u00f3k egy rendk\u00edv\u00fcl k\u00f6nny\u0171 sisakban egyes\u00fclnek, amely mind\u00f6ssze <strong>220 g<\/strong> (M-es m\u00e9ret). Be\u00e9p\u00edtett sz\u00fanyogh\u00e1l\u00f3.<\/p>\n<p>&nbsp;<\/p>","protected":false},"excerpt":{"rendered":"<p>A ker\u00e9kp\u00e1ros buk\u00f3sisak elengedhetetlen a ker\u00e9kp\u00e1rosok biztons\u00e1ga szempontj\u00e1b\u00f3l, mivel v\u00e9di a fejet a s\u00e9r\u00fcl\u00e9sekt\u0151l es\u00e9s vagy baleset eset\u00e9n. Speci\u00e1lis anyagokb\u00f3l k\u00e9sz\u00fclnek, amelyek elnyelik az \u00fct\u00e9seket, ez\u00e1ltal cs\u00f6kkentik a s\u00falyos s\u00e9r\u00fcl\u00e9sek kock\u00e1zat\u00e1t. A biztons\u00e1g mellett a sisakok k\u00e9nyelmet is ny\u00fajtanak: a szell\u0151z\u0151ny\u00edl\u00e1sok lehet\u0151v\u00e9 teszik a szell\u0151z\u00e9st, ami megakad\u00e1lyozza a fej t\u00falmeleged\u00e9s\u00e9t, az \u00e1ll\u00edthat\u00f3 rendszerek pedig optim\u00e1lis illeszked\u00e9st biztos\u00edtanak.<\/p>","protected":false},"featured_media":5468,"comment_status":"open","ping_status":"closed","template":"","meta":[],"product_brand":[],"product_cat":[111],"product_tag":[],"class_list":{"0":"post-6640","1":"product","2":"type-product","3":"status-publish","4":"has-post-thumbnail","6":"product_cat-cestne-kolesarske-celade","8":"first","9":"instock","10":"taxable","11":"shipping-taxable","12":"purchasable","13":"product-type-variable"},"yoast_head":"<!-- This site is optimized with the Yoast SEO plugin v27.3 - https:\/\/yoast.com\/product\/yoast-seo-wordpress\/ -->\n<title>\u010celada BRN Cloud II red<\/title>\n<meta name=\"robots\" content=\"index, follow, max-snippet:-1, max-image-preview:large, max-video-preview:-1\" \/>\n<link rel=\"canonical\" href=\"https:\/\/www.sportshine.eu\/hu\/uzlet\/sisak-brn-cloud-ii-piros\/\" \/>\n<meta property=\"og:locale\" content=\"hu_HU\" \/>\n<meta property=\"og:type\" content=\"article\" \/>\n<meta property=\"og:title\" content=\"\u010celada BRN Cloud II red\" \/>\n<meta property=\"og:description\" content=\"Kolesarske \u010delade so klju\u010dnega pomena za varnost kolesarjev, saj nudijo za\u0161\u010dito glave pred po\u0161kodbami v primeru padcev ali nesre\u010d. Izdelane so iz posebnih materialov, ki absorbirajo udarce in s tem zmanj\u0161ajo tveganje za resne po\u0161kodbe. Poleg varnosti pa \u010delade zagotavljajo tudi udobje: zra\u010dniki omogo\u010dajo prezra\u010devanje, kar prepre\u010duje pregrevanje glave, nastavljivi sistemi pa poskrbijo za optimalno prileganje.\" \/>\n<meta property=\"og:url\" content=\"https:\/\/www.sportshine.eu\/hu\/uzlet\/sisak-brn-cloud-ii-piros\/\" \/>\n<meta property=\"og:site_name\" content=\"Sportshine\" \/>\n<meta property=\"article:publisher\" content=\"https:\/\/www.facebook.com\/sportshine.eu\/\" \/>\n<meta property=\"article:modified_time\" content=\"2025-08-02T17:00:28+00:00\" \/>\n<meta property=\"og:image\" content=\"https:\/\/www.sportshine.eu\/wp-content\/uploads\/2025\/07\/BRN-CLOUD-celada-za-kolo-5.webp\" \/>\n\t<meta property=\"og:image:width\" content=\"800\" \/>\n\t<meta property=\"og:image:height\" content=\"800\" \/>\n\t<meta property=\"og:image:type\" content=\"image\/webp\" \/>\n<meta name=\"twitter:card\" content=\"summary_large_image\" \/>\n<meta name=\"twitter:label1\" content=\"Becs\u00fclt olvas\u00e1si id\u0151\" \/>\n\t<meta name=\"twitter:data1\" content=\"1 perc\" \/>\n<script type=\"application\/ld+json\" class=\"yoast-schema-graph\">{\"@context\":\"https:\\\/\\\/schema.org\",\"@graph\":[{\"@type\":\"WebPage\",\"@id\":\"https:\\\/\\\/www.sportshine.eu\\\/trgovina\\\/celada-brn-cloud-ii-red\\\/\",\"url\":\"https:\\\/\\\/www.sportshine.eu\\\/trgovina\\\/celada-brn-cloud-ii-red\\\/\",\"name\":\"\u010celada BRN Cloud II red\",\"isPartOf\":{\"@id\":\"https:\\\/\\\/www.sportshine.eu\\\/#website\"},\"primaryImageOfPage\":{\"@id\":\"https:\\\/\\\/www.sportshine.eu\\\/trgovina\\\/celada-brn-cloud-ii-red\\\/#primaryimage\"},\"image\":{\"@id\":\"https:\\\/\\\/www.sportshine.eu\\\/trgovina\\\/celada-brn-cloud-ii-red\\\/#primaryimage\"},\"thumbnailUrl\":\"https:\\\/\\\/www.sportshine.eu\\\/wp-content\\\/uploads\\\/2025\\\/07\\\/BRN-CLOUD-celada-za-kolo-5.webp\",\"datePublished\":\"2025-07-07T08:59:12+00:00\",\"dateModified\":\"2025-08-02T17:00:28+00:00\",\"breadcrumb\":{\"@id\":\"https:\\\/\\\/www.sportshine.eu\\\/trgovina\\\/celada-brn-cloud-ii-red\\\/#breadcrumb\"},\"inLanguage\":\"hu\",\"potentialAction\":[{\"@type\":\"ReadAction\",\"target\":[\"https:\\\/\\\/www.sportshine.eu\\\/trgovina\\\/celada-brn-cloud-ii-red\\\/\"]}]},{\"@type\":\"ImageObject\",\"inLanguage\":\"hu\",\"@id\":\"https:\\\/\\\/www.sportshine.eu\\\/trgovina\\\/celada-brn-cloud-ii-red\\\/#primaryimage\",\"url\":\"https:\\\/\\\/www.sportshine.eu\\\/wp-content\\\/uploads\\\/2025\\\/07\\\/BRN-CLOUD-celada-za-kolo-5.webp\",\"contentUrl\":\"https:\\\/\\\/www.sportshine.eu\\\/wp-content\\\/uploads\\\/2025\\\/07\\\/BRN-CLOUD-celada-za-kolo-5.webp\",\"width\":800,\"height\":800},{\"@type\":\"BreadcrumbList\",\"@id\":\"https:\\\/\\\/www.sportshine.eu\\\/trgovina\\\/celada-brn-cloud-ii-red\\\/#breadcrumb\",\"itemListElement\":[{\"@type\":\"ListItem\",\"position\":1,\"name\":\"Home\",\"item\":\"https:\\\/\\\/www.sportshine.eu\\\/\"},{\"@type\":\"ListItem\",\"position\":2,\"name\":\"Trgovina\",\"item\":\"https:\\\/\\\/www.sportshine.eu\\\/trgovina\\\/\"},{\"@type\":\"ListItem\",\"position\":3,\"name\":\"\u010celada BRN Cloud II red\"}]},{\"@type\":\"WebSite\",\"@id\":\"https:\\\/\\\/www.sportshine.eu\\\/#website\",\"url\":\"https:\\\/\\\/www.sportshine.eu\\\/\",\"name\":\"Sportshine\",\"description\":\"Top spletna trgovina kolesarskih in naglavnih svetilk ter opreme\",\"publisher\":{\"@id\":\"https:\\\/\\\/www.sportshine.eu\\\/#organization\"},\"potentialAction\":[{\"@type\":\"SearchAction\",\"target\":{\"@type\":\"EntryPoint\",\"urlTemplate\":\"https:\\\/\\\/www.sportshine.eu\\\/?s={search_term_string}\"},\"query-input\":{\"@type\":\"PropertyValueSpecification\",\"valueRequired\":true,\"valueName\":\"search_term_string\"}}],\"inLanguage\":\"hu\"},{\"@type\":\"Organization\",\"@id\":\"https:\\\/\\\/www.sportshine.eu\\\/#organization\",\"name\":\"Sportshine\",\"url\":\"https:\\\/\\\/www.sportshine.eu\\\/\",\"logo\":{\"@type\":\"ImageObject\",\"inLanguage\":\"hu\",\"@id\":\"https:\\\/\\\/www.sportshine.eu\\\/#\\\/schema\\\/logo\\\/image\\\/\",\"url\":\"https:\\\/\\\/www.sportshine.eu\\\/wp-content\\\/uploads\\\/2026\\\/01\\\/cropped-Sportshine.webp\",\"contentUrl\":\"https:\\\/\\\/www.sportshine.eu\\\/wp-content\\\/uploads\\\/2026\\\/01\\\/cropped-Sportshine.webp\",\"width\":295,\"height\":128,\"caption\":\"Sportshine\"},\"image\":{\"@id\":\"https:\\\/\\\/www.sportshine.eu\\\/#\\\/schema\\\/logo\\\/image\\\/\"},\"sameAs\":[\"https:\\\/\\\/www.facebook.com\\\/sportshine.eu\\\/\"]}]}<\/script>\n<!-- \/ Yoast SEO plugin. -->","yoast_head_json":{"title":"BRN Cloud II sisak piros","robots":{"index":"index","follow":"follow","max-snippet":"max-snippet:-1","max-image-preview":"max-image-preview:large","max-video-preview":"max-video-preview:-1"},"canonical":"https:\/\/www.sportshine.eu\/hu\/uzlet\/sisak-brn-cloud-ii-piros\/","og_locale":"hu_HU","og_type":"article","og_title":"\u010celada BRN Cloud II red","og_description":"Kolesarske \u010delade so klju\u010dnega pomena za varnost kolesarjev, saj nudijo za\u0161\u010dito glave pred po\u0161kodbami v primeru padcev ali nesre\u010d. Izdelane so iz posebnih materialov, ki absorbirajo udarce in s tem zmanj\u0161ajo tveganje za resne po\u0161kodbe. Poleg varnosti pa \u010delade zagotavljajo tudi udobje: zra\u010dniki omogo\u010dajo prezra\u010devanje, kar prepre\u010duje pregrevanje glave, nastavljivi sistemi pa poskrbijo za optimalno prileganje.","og_url":"https:\/\/www.sportshine.eu\/hu\/uzlet\/sisak-brn-cloud-ii-piros\/","og_site_name":"Sportshine","article_publisher":"https:\/\/www.facebook.com\/sportshine.eu\/","article_modified_time":"2025-08-02T17:00:28+00:00","og_image":[{"width":800,"height":800,"url":"https:\/\/www.sportshine.eu\/wp-content\/uploads\/2025\/07\/BRN-CLOUD-celada-za-kolo-5.webp","type":"image\/webp"}],"twitter_card":"summary_large_image","twitter_misc":{"Becs\u00fclt olvas\u00e1si id\u0151":"1 perc"},"schema":{"@context":"https:\/\/schema.org","@graph":[{"@type":"WebPage","@id":"https:\/\/www.sportshine.eu\/trgovina\/celada-brn-cloud-ii-red\/","url":"https:\/\/www.sportshine.eu\/trgovina\/celada-brn-cloud-ii-red\/","name":"BRN Cloud II sisak piros","isPartOf":{"@id":"https:\/\/www.sportshine.eu\/#website"},"primaryImageOfPage":{"@id":"https:\/\/www.sportshine.eu\/trgovina\/celada-brn-cloud-ii-red\/#primaryimage"},"image":{"@id":"https:\/\/www.sportshine.eu\/trgovina\/celada-brn-cloud-ii-red\/#primaryimage"},"thumbnailUrl":"https:\/\/www.sportshine.eu\/wp-content\/uploads\/2025\/07\/BRN-CLOUD-celada-za-kolo-5.webp","datePublished":"2025-07-07T08:59:12+00:00","dateModified":"2025-08-02T17:00:28+00:00","breadcrumb":{"@id":"https:\/\/www.sportshine.eu\/trgovina\/celada-brn-cloud-ii-red\/#breadcrumb"},"inLanguage":"hu","potentialAction":[{"@type":"ReadAction","target":["https:\/\/www.sportshine.eu\/trgovina\/celada-brn-cloud-ii-red\/"]}]},{"@type":"ImageObject","inLanguage":"hu","@id":"https:\/\/www.sportshine.eu\/trgovina\/celada-brn-cloud-ii-red\/#primaryimage","url":"https:\/\/www.sportshine.eu\/wp-content\/uploads\/2025\/07\/BRN-CLOUD-celada-za-kolo-5.webp","contentUrl":"https:\/\/www.sportshine.eu\/wp-content\/uploads\/2025\/07\/BRN-CLOUD-celada-za-kolo-5.webp","width":800,"height":800},{"@type":"BreadcrumbList","@id":"https:\/\/www.sportshine.eu\/trgovina\/celada-brn-cloud-ii-red\/#breadcrumb","itemListElement":[{"@type":"ListItem","position":1,"name":"Home","item":"https:\/\/www.sportshine.eu\/"},{"@type":"ListItem","position":2,"name":"Trgovina","item":"https:\/\/www.sportshine.eu\/trgovina\/"},{"@type":"ListItem","position":3,"name":"\u010celada BRN Cloud II red"}]},{"@type":"WebSite","@id":"https:\/\/www.sportshine.eu\/#website","url":"https:\/\/www.sportshine.eu\/","name":"Sportshine","description":"Ker\u00e9kp\u00e1ros, fejl\u00e1mp\u00e1k \u00e9s felszerel\u00e9sek online \u00e1ruh\u00e1z\u00e1nak vezet\u0151 k\u00edn\u00e1lata","publisher":{"@id":"https:\/\/www.sportshine.eu\/#organization"},"potentialAction":[{"@type":"SearchAction","target":{"@type":"EntryPoint","urlTemplate":"https:\/\/www.sportshine.eu\/?s={search_term_string}"},"query-input":{"@type":"PropertyValueSpecification","valueRequired":true,"valueName":"search_term_string"}}],"inLanguage":"hu"},{"@type":"Organization","@id":"https:\/\/www.sportshine.eu\/#organization","name":"Sportshine","url":"https:\/\/www.sportshine.eu\/","logo":{"@type":"ImageObject","inLanguage":"hu","@id":"https:\/\/www.sportshine.eu\/#\/schema\/logo\/image\/","url":"https:\/\/www.sportshine.eu\/wp-content\/uploads\/2026\/01\/cropped-Sportshine.webp","contentUrl":"https:\/\/www.sportshine.eu\/wp-content\/uploads\/2026\/01\/cropped-Sportshine.webp","width":295,"height":128,"caption":"Sportshine"},"image":{"@id":"https:\/\/www.sportshine.eu\/#\/schema\/logo\/image\/"},"sameAs":["https:\/\/www.facebook.com\/sportshine.eu\/"]}]}},"_links":{"self":[{"href":"https:\/\/www.sportshine.eu\/hu\/wp-json\/wp\/v2\/product\/6640","targetHints":{"allow":["GET"]}}],"collection":[{"href":"https:\/\/www.sportshine.eu\/hu\/wp-json\/wp\/v2\/product"}],"about":[{"href":"https:\/\/www.sportshine.eu\/hu\/wp-json\/wp\/v2\/types\/product"}],"replies":[{"embeddable":true,"href":"https:\/\/www.sportshine.eu\/hu\/wp-json\/wp\/v2\/comments?post=6640"}],"version-history":[{"count":0,"href":"https:\/\/www.sportshine.eu\/hu\/wp-json\/wp\/v2\/product\/6640\/revisions"}],"wp:featuredmedia":[{"embeddable":true,"href":"https:\/\/www.sportshine.eu\/hu\/wp-json\/wp\/v2\/media\/5468"}],"wp:attachment":[{"href":"https:\/\/www.sportshine.eu\/hu\/wp-json\/wp\/v2\/media?parent=6640"}],"wp:term":[{"taxonomy":"product_brand","embeddable":true,"href":"https:\/\/www.sportshine.eu\/hu\/wp-json\/wp\/v2\/product_brand?post=6640"},{"taxonomy":"product_cat","embeddable":true,"href":"https:\/\/www.sportshine.eu\/hu\/wp-json\/wp\/v2\/product_cat?post=6640"},{"taxonomy":"product_tag","embeddable":true,"href":"https:\/\/www.sportshine.eu\/hu\/wp-json\/wp\/v2\/product_tag?post=6640"}],"curies":[{"name":"wp","href":"https:\/\/api.w.org\/{rel}","templated":true}]}}