{"id":6634,"date":"2025-07-07T08:59:05","date_gmt":"2025-07-07T08:59:05","guid":{"rendered":"https:\/\/www.sportshine.eu\/?post_type=product&#038;p=6634"},"modified":"2025-08-02T17:01:23","modified_gmt":"2025-08-02T17:01:23","slug":"sisak-brn-trukk-lila","status":"publish","type":"product","link":"https:\/\/www.sportshine.eu\/hu\/uzlet\/sisak-brn-trukk-lila\/","title":{"rendered":"BRN Trick sisak lila"},"content":{"rendered":"<p>A BRN Trick sisak optim\u00e1lis v\u00e9delmet \u00e9s k\u00e9nyelmet biztos\u00edt motoroz\u00e1s k\u00f6zben. A sisak a leg\u00fajabb technol\u00f3gi\u00e1val k\u00e9sz\u00fclt. <strong>Form\u00e1ba \u00f6ntve<\/strong>, ami tart\u00f3ss\u00e1got \u00e9s k\u00f6nny\u0171s\u00e9get biztos\u00edt, mivel a sisak k\u00fcls\u0151 r\u00e9tege a bels\u0151 habhoz van ragasztva. Ez a folyamat jobb \u00fct\u00e9scsillap\u00edt\u00e1st \u00e9s fokozott v\u00e9delmet tesz lehet\u0151v\u00e9.<\/p>\n<p>A sisaknak van <strong>CE-tan\u00fas\u00edtv\u00e1ny<\/strong>, ami azt jelenti, hogy megfelel a szigor\u00faan meghat\u00e1rozott biztons\u00e1gi el\u0151\u00edr\u00e1soknak, \u00e9s alkalmas az eur\u00f3pai piacon val\u00f3 haszn\u00e1latra.<\/p>\n<p>A sisak s\u00falya a <strong>275 g<\/strong> (L m\u00e9ret), ami a k\u00f6nnyebb modellek k\u00f6z\u00e9 sorolja, ide\u00e1lis hossz\u00fa t\u00e1v\u00fa viseletre a nyak meger\u0151ltet\u00e9se n\u00e9lk\u00fcl.<\/p>\n<p>A k\u00e9nyelmes illeszked\u00e9s \u00e9rdek\u00e9ben a sisak fel van szerelve <strong>ROLLER rendszer<\/strong>, amely lehet\u0151v\u00e9 teszi a k\u00f6nny\u0171 \u00e9s gyors m\u00e9retbe\u00e1ll\u00edt\u00e1st. Ez lehet\u0151v\u00e9 teszi, hogy a sisakot k\u00f6nnyed\u00e9n a fejedhez igaz\u00edtsd, biztos\u00edtva a biztons\u00e1gos \u00e9s k\u00e9nyelmes illeszked\u00e9st.<\/p>\n<p>Vel <strong>10 szell\u0151z\u0151ny\u00edl\u00e1s<\/strong> A sisak kiv\u00e1l\u00f3 szell\u0151z\u00e9st biztos\u00edt. Ezek a ny\u00edl\u00e1sok biztos\u00edtj\u00e1k a j\u00f3 l\u00e9g\u00e1raml\u00e1st, \u00edgy a fejed h\u0171v\u00f6s \u00e9s sz\u00e1raz marad, m\u00e9g a legintenz\u00edvebb teker\u00e9s sor\u00e1n is.<\/p>","protected":false},"excerpt":{"rendered":"<p>\u010celada BRN Trick je\u00a0 zasnovana za zagotovitev optimalne za\u0161\u010dite in udobja med vo\u017enjo. \u010celada je izdelana s tehnologijo In-Mould, kar zagotavlja trpe\u017enost in lahkost, saj se zunanja plast \u010delade povezuje z notranjo peno. Ta proces omogo\u010da bolj\u0161o absorpcijo udarcev in pove\u010dano za\u0161\u010dito. \u010celada ima certifikat CE, kar pomeni, da ustreza strogo dolo\u010denim varnostnim standardom in [&hellip;]<\/p>\n","protected":false},"featured_media":5443,"comment_status":"open","ping_status":"closed","template":"","meta":[],"product_brand":[],"product_cat":[121,108],"product_tag":[],"class_list":{"0":"post-6634","1":"product","2":"type-product","3":"status-publish","4":"has-post-thumbnail","6":"product_cat-celade-za-skiro-in-rolerje","7":"product_cat-kolesarske-celade","9":"first","10":"instock","11":"taxable","12":"shipping-taxable","13":"purchasable","14":"product-type-variable"},"yoast_head":"<!-- This site is optimized with the Yoast SEO plugin v27.3 - https:\/\/yoast.com\/product\/yoast-seo-wordpress\/ -->\n<title>\u010celada BRN Trick lilac<\/title>\n<meta name=\"robots\" content=\"index, follow, max-snippet:-1, max-image-preview:large, max-video-preview:-1\" \/>\n<link rel=\"canonical\" href=\"https:\/\/www.sportshine.eu\/hu\/uzlet\/sisak-brn-trukk-lila\/\" \/>\n<meta property=\"og:locale\" content=\"hu_HU\" \/>\n<meta property=\"og:type\" content=\"article\" \/>\n<meta property=\"og:title\" content=\"\u010celada BRN Trick lilac\" \/>\n<meta property=\"og:description\" content=\"\u010celada BRN Trick je\u00a0 zasnovana za zagotovitev optimalne za\u0161\u010dite in udobja med vo\u017enjo. \u010celada je izdelana s tehnologijo In-Mould, kar zagotavlja trpe\u017enost in lahkost, saj se zunanja plast \u010delade povezuje z notranjo peno. Ta proces omogo\u010da bolj\u0161o absorpcijo udarcev in pove\u010dano za\u0161\u010dito. \u010celada ima certifikat CE, kar pomeni, da ustreza strogo dolo\u010denim varnostnim standardom in [&hellip;]\" \/>\n<meta property=\"og:url\" content=\"https:\/\/www.sportshine.eu\/hu\/uzlet\/sisak-brn-trukk-lila\/\" \/>\n<meta property=\"og:site_name\" content=\"Sportshine\" \/>\n<meta property=\"article:publisher\" content=\"https:\/\/www.facebook.com\/sportshine.eu\/\" \/>\n<meta property=\"article:modified_time\" content=\"2025-08-02T17:01:23+00:00\" \/>\n<meta property=\"og:image\" content=\"https:\/\/www.sportshine.eu\/wp-content\/uploads\/2025\/07\/Celada-BRN-Trick-lilac.webp\" \/>\n\t<meta property=\"og:image:width\" content=\"800\" \/>\n\t<meta property=\"og:image:height\" content=\"800\" \/>\n\t<meta property=\"og:image:type\" content=\"image\/webp\" \/>\n<meta name=\"twitter:card\" content=\"summary_large_image\" \/>\n<meta name=\"twitter:label1\" content=\"Becs\u00fclt olvas\u00e1si id\u0151\" \/>\n\t<meta name=\"twitter:data1\" content=\"1 perc\" \/>\n<script type=\"application\/ld+json\" class=\"yoast-schema-graph\">{\"@context\":\"https:\\\/\\\/schema.org\",\"@graph\":[{\"@type\":\"WebPage\",\"@id\":\"https:\\\/\\\/www.sportshine.eu\\\/trgovina\\\/celada-brn-trick-lilac\\\/\",\"url\":\"https:\\\/\\\/www.sportshine.eu\\\/trgovina\\\/celada-brn-trick-lilac\\\/\",\"name\":\"\u010celada BRN Trick lilac\",\"isPartOf\":{\"@id\":\"https:\\\/\\\/www.sportshine.eu\\\/#website\"},\"primaryImageOfPage\":{\"@id\":\"https:\\\/\\\/www.sportshine.eu\\\/trgovina\\\/celada-brn-trick-lilac\\\/#primaryimage\"},\"image\":{\"@id\":\"https:\\\/\\\/www.sportshine.eu\\\/trgovina\\\/celada-brn-trick-lilac\\\/#primaryimage\"},\"thumbnailUrl\":\"https:\\\/\\\/www.sportshine.eu\\\/wp-content\\\/uploads\\\/2025\\\/07\\\/Celada-BRN-Trick-lilac.webp\",\"datePublished\":\"2025-07-07T08:59:05+00:00\",\"dateModified\":\"2025-08-02T17:01:23+00:00\",\"breadcrumb\":{\"@id\":\"https:\\\/\\\/www.sportshine.eu\\\/trgovina\\\/celada-brn-trick-lilac\\\/#breadcrumb\"},\"inLanguage\":\"hu\",\"potentialAction\":[{\"@type\":\"ReadAction\",\"target\":[\"https:\\\/\\\/www.sportshine.eu\\\/trgovina\\\/celada-brn-trick-lilac\\\/\"]}]},{\"@type\":\"ImageObject\",\"inLanguage\":\"hu\",\"@id\":\"https:\\\/\\\/www.sportshine.eu\\\/trgovina\\\/celada-brn-trick-lilac\\\/#primaryimage\",\"url\":\"https:\\\/\\\/www.sportshine.eu\\\/wp-content\\\/uploads\\\/2025\\\/07\\\/Celada-BRN-Trick-lilac.webp\",\"contentUrl\":\"https:\\\/\\\/www.sportshine.eu\\\/wp-content\\\/uploads\\\/2025\\\/07\\\/Celada-BRN-Trick-lilac.webp\",\"width\":800,\"height\":800},{\"@type\":\"BreadcrumbList\",\"@id\":\"https:\\\/\\\/www.sportshine.eu\\\/trgovina\\\/celada-brn-trick-lilac\\\/#breadcrumb\",\"itemListElement\":[{\"@type\":\"ListItem\",\"position\":1,\"name\":\"Home\",\"item\":\"https:\\\/\\\/www.sportshine.eu\\\/\"},{\"@type\":\"ListItem\",\"position\":2,\"name\":\"Trgovina\",\"item\":\"https:\\\/\\\/www.sportshine.eu\\\/trgovina\\\/\"},{\"@type\":\"ListItem\",\"position\":3,\"name\":\"\u010celada BRN Trick lilac\"}]},{\"@type\":\"WebSite\",\"@id\":\"https:\\\/\\\/www.sportshine.eu\\\/#website\",\"url\":\"https:\\\/\\\/www.sportshine.eu\\\/\",\"name\":\"Sportshine\",\"description\":\"Top spletna trgovina kolesarskih in naglavnih svetilk ter opreme\",\"publisher\":{\"@id\":\"https:\\\/\\\/www.sportshine.eu\\\/#organization\"},\"potentialAction\":[{\"@type\":\"SearchAction\",\"target\":{\"@type\":\"EntryPoint\",\"urlTemplate\":\"https:\\\/\\\/www.sportshine.eu\\\/?s={search_term_string}\"},\"query-input\":{\"@type\":\"PropertyValueSpecification\",\"valueRequired\":true,\"valueName\":\"search_term_string\"}}],\"inLanguage\":\"hu\"},{\"@type\":\"Organization\",\"@id\":\"https:\\\/\\\/www.sportshine.eu\\\/#organization\",\"name\":\"Sportshine\",\"url\":\"https:\\\/\\\/www.sportshine.eu\\\/\",\"logo\":{\"@type\":\"ImageObject\",\"inLanguage\":\"hu\",\"@id\":\"https:\\\/\\\/www.sportshine.eu\\\/#\\\/schema\\\/logo\\\/image\\\/\",\"url\":\"https:\\\/\\\/www.sportshine.eu\\\/wp-content\\\/uploads\\\/2026\\\/01\\\/cropped-Sportshine.webp\",\"contentUrl\":\"https:\\\/\\\/www.sportshine.eu\\\/wp-content\\\/uploads\\\/2026\\\/01\\\/cropped-Sportshine.webp\",\"width\":295,\"height\":128,\"caption\":\"Sportshine\"},\"image\":{\"@id\":\"https:\\\/\\\/www.sportshine.eu\\\/#\\\/schema\\\/logo\\\/image\\\/\"},\"sameAs\":[\"https:\\\/\\\/www.facebook.com\\\/sportshine.eu\\\/\"]}]}<\/script>\n<!-- \/ Yoast SEO plugin. -->","yoast_head_json":{"title":"BRN Trick sisak lila","robots":{"index":"index","follow":"follow","max-snippet":"max-snippet:-1","max-image-preview":"max-image-preview:large","max-video-preview":"max-video-preview:-1"},"canonical":"https:\/\/www.sportshine.eu\/hu\/uzlet\/sisak-brn-trukk-lila\/","og_locale":"hu_HU","og_type":"article","og_title":"\u010celada BRN Trick lilac","og_description":"\u010celada BRN Trick je\u00a0 zasnovana za zagotovitev optimalne za\u0161\u010dite in udobja med vo\u017enjo. \u010celada je izdelana s tehnologijo In-Mould, kar zagotavlja trpe\u017enost in lahkost, saj se zunanja plast \u010delade povezuje z notranjo peno. Ta proces omogo\u010da bolj\u0161o absorpcijo udarcev in pove\u010dano za\u0161\u010dito. \u010celada ima certifikat CE, kar pomeni, da ustreza strogo dolo\u010denim varnostnim standardom in [&hellip;]","og_url":"https:\/\/www.sportshine.eu\/hu\/uzlet\/sisak-brn-trukk-lila\/","og_site_name":"Sportshine","article_publisher":"https:\/\/www.facebook.com\/sportshine.eu\/","article_modified_time":"2025-08-02T17:01:23+00:00","og_image":[{"width":800,"height":800,"url":"https:\/\/www.sportshine.eu\/wp-content\/uploads\/2025\/07\/Celada-BRN-Trick-lilac.webp","type":"image\/webp"}],"twitter_card":"summary_large_image","twitter_misc":{"Becs\u00fclt olvas\u00e1si id\u0151":"1 perc"},"schema":{"@context":"https:\/\/schema.org","@graph":[{"@type":"WebPage","@id":"https:\/\/www.sportshine.eu\/trgovina\/celada-brn-trick-lilac\/","url":"https:\/\/www.sportshine.eu\/trgovina\/celada-brn-trick-lilac\/","name":"BRN Trick sisak lila","isPartOf":{"@id":"https:\/\/www.sportshine.eu\/#website"},"primaryImageOfPage":{"@id":"https:\/\/www.sportshine.eu\/trgovina\/celada-brn-trick-lilac\/#primaryimage"},"image":{"@id":"https:\/\/www.sportshine.eu\/trgovina\/celada-brn-trick-lilac\/#primaryimage"},"thumbnailUrl":"https:\/\/www.sportshine.eu\/wp-content\/uploads\/2025\/07\/Celada-BRN-Trick-lilac.webp","datePublished":"2025-07-07T08:59:05+00:00","dateModified":"2025-08-02T17:01:23+00:00","breadcrumb":{"@id":"https:\/\/www.sportshine.eu\/trgovina\/celada-brn-trick-lilac\/#breadcrumb"},"inLanguage":"hu","potentialAction":[{"@type":"ReadAction","target":["https:\/\/www.sportshine.eu\/trgovina\/celada-brn-trick-lilac\/"]}]},{"@type":"ImageObject","inLanguage":"hu","@id":"https:\/\/www.sportshine.eu\/trgovina\/celada-brn-trick-lilac\/#primaryimage","url":"https:\/\/www.sportshine.eu\/wp-content\/uploads\/2025\/07\/Celada-BRN-Trick-lilac.webp","contentUrl":"https:\/\/www.sportshine.eu\/wp-content\/uploads\/2025\/07\/Celada-BRN-Trick-lilac.webp","width":800,"height":800},{"@type":"BreadcrumbList","@id":"https:\/\/www.sportshine.eu\/trgovina\/celada-brn-trick-lilac\/#breadcrumb","itemListElement":[{"@type":"ListItem","position":1,"name":"Home","item":"https:\/\/www.sportshine.eu\/"},{"@type":"ListItem","position":2,"name":"Trgovina","item":"https:\/\/www.sportshine.eu\/trgovina\/"},{"@type":"ListItem","position":3,"name":"\u010celada BRN Trick lilac"}]},{"@type":"WebSite","@id":"https:\/\/www.sportshine.eu\/#website","url":"https:\/\/www.sportshine.eu\/","name":"Sportshine","description":"Ker\u00e9kp\u00e1ros, fejl\u00e1mp\u00e1k \u00e9s felszerel\u00e9sek online \u00e1ruh\u00e1z\u00e1nak vezet\u0151 k\u00edn\u00e1lata","publisher":{"@id":"https:\/\/www.sportshine.eu\/#organization"},"potentialAction":[{"@type":"SearchAction","target":{"@type":"EntryPoint","urlTemplate":"https:\/\/www.sportshine.eu\/?s={search_term_string}"},"query-input":{"@type":"PropertyValueSpecification","valueRequired":true,"valueName":"search_term_string"}}],"inLanguage":"hu"},{"@type":"Organization","@id":"https:\/\/www.sportshine.eu\/#organization","name":"Sportshine","url":"https:\/\/www.sportshine.eu\/","logo":{"@type":"ImageObject","inLanguage":"hu","@id":"https:\/\/www.sportshine.eu\/#\/schema\/logo\/image\/","url":"https:\/\/www.sportshine.eu\/wp-content\/uploads\/2026\/01\/cropped-Sportshine.webp","contentUrl":"https:\/\/www.sportshine.eu\/wp-content\/uploads\/2026\/01\/cropped-Sportshine.webp","width":295,"height":128,"caption":"Sportshine"},"image":{"@id":"https:\/\/www.sportshine.eu\/#\/schema\/logo\/image\/"},"sameAs":["https:\/\/www.facebook.com\/sportshine.eu\/"]}]}},"_links":{"self":[{"href":"https:\/\/www.sportshine.eu\/hu\/wp-json\/wp\/v2\/product\/6634","targetHints":{"allow":["GET"]}}],"collection":[{"href":"https:\/\/www.sportshine.eu\/hu\/wp-json\/wp\/v2\/product"}],"about":[{"href":"https:\/\/www.sportshine.eu\/hu\/wp-json\/wp\/v2\/types\/product"}],"replies":[{"embeddable":true,"href":"https:\/\/www.sportshine.eu\/hu\/wp-json\/wp\/v2\/comments?post=6634"}],"version-history":[{"count":0,"href":"https:\/\/www.sportshine.eu\/hu\/wp-json\/wp\/v2\/product\/6634\/revisions"}],"wp:featuredmedia":[{"embeddable":true,"href":"https:\/\/www.sportshine.eu\/hu\/wp-json\/wp\/v2\/media\/5443"}],"wp:attachment":[{"href":"https:\/\/www.sportshine.eu\/hu\/wp-json\/wp\/v2\/media?parent=6634"}],"wp:term":[{"taxonomy":"product_brand","embeddable":true,"href":"https:\/\/www.sportshine.eu\/hu\/wp-json\/wp\/v2\/product_brand?post=6634"},{"taxonomy":"product_cat","embeddable":true,"href":"https:\/\/www.sportshine.eu\/hu\/wp-json\/wp\/v2\/product_cat?post=6634"},{"taxonomy":"product_tag","embeddable":true,"href":"https:\/\/www.sportshine.eu\/hu\/wp-json\/wp\/v2\/product_tag?post=6634"}],"curies":[{"name":"wp","href":"https:\/\/api.w.org\/{rel}","templated":true}]}}