{"id":6622,"date":"2025-07-07T08:55:51","date_gmt":"2025-07-07T08:55:51","guid":{"rendered":"https:\/\/www.sportshine.eu\/?post_type=product&#038;p=6622"},"modified":"2025-08-02T17:04:01","modified_gmt":"2025-08-02T17:04:01","slug":"gyerek-babakocsi-brn-vola-50-vilagoskek","status":"publish","type":"product","link":"https:\/\/www.sportshine.eu\/hu\/uzlet\/gyerek-babakocsi-brn-vola-50-vilagoskek\/","title":{"rendered":"Gyerek roller BRN VOLA 50 vil\u00e1gosk\u00e9k"},"content":{"rendered":"<h3 style=\"text-align: left;\" data-start=\"0\" data-end=\"55\">BRN VOLA 50 \u2013 A T\u00d6K\u00c9LETES ELS\u0150 KER\u00c9KP\u00c1R KIS KER\u00c9KP\u00c1ROSOKNAK<\/h3>\n<p class=\"\" style=\"text-align: left;\" data-start=\"57\" data-end=\"438\">Gyermek eml\u00e9keztet\u0151\u00a0 <strong data-start=\"73\" data-end=\"88\">BRN Ox 50<\/strong> a term\u00e9szetes anyagokat, a k\u00e9nyelmet \u00e9s a biztons\u00e1got \u00f6tv\u00f6zi, hogy gyermeked els\u0151 ker\u00e9kp\u00e1ros \u00e9lm\u00e9ny\u00e9t a lehet\u0151 legjobban \u00e9lvezhesse. <strong data-start=\"212\" data-end=\"238\">term\u00e9szetes fa<\/strong>, ami nemcsak tart\u00f3s, de eszt\u00e9tikus is. \u00dagy tervezt\u00e9k, hogy a gyerekek j\u00e1t\u00e9k k\u00f6zben fejlessz\u00e9k egyens\u00faly\u00e9rz\u00e9k\u00fcket \u00e9s magabiztoss\u00e1gukat k\u00e9t ker\u00e9ken, ami lehet\u0151v\u00e9 teszi sz\u00e1mukra, hogy k\u00f6nnyebben \u00e1tt\u00e9rjenek egy igazi ker\u00e9kp\u00e1rra.<\/p>\n<h3 class=\"\" style=\"text-align: left;\" data-start=\"440\" data-end=\"472\">N\u00d6VEKEDJ GYERMEKEDDEL<\/h3>\n<p class=\"\" style=\"text-align: left;\" data-start=\"473\" data-end=\"628\">\u00c1LL\u00cdTHAT\u00d3 \u00dcL\u00c9S \u2013 Az \u00e1ll\u00edthat\u00f3 \u00fcl\u00e9smagass\u00e1g k\u00e9nyelmes haszn\u00e1latot biztos\u00edt a gyermek k\u00fcl\u00f6nb\u00f6z\u0151 n\u00f6veked\u00e9si szakaszaiban, \u00edgy a ker\u00e9kp\u00e1r \u00e9vekig elk\u00eds\u00e9ri gyermek\u00e9t. Az \u00fcl\u00e9s 29-36 cm k\u00f6z\u00f6tt \u00e1ll\u00edthat\u00f3.<\/p>\n<h3 class=\"\" style=\"text-align: left;\" data-start=\"630\" data-end=\"665\">STABIL \u00c9S K\u00c9NYELMES UTAZ\u00c1S<\/h3>\n<p class=\"\" style=\"text-align: left;\" data-start=\"666\" data-end=\"802\">8&quot;-OS PVC KEREKEK \u2013 Sima \u00e9s stabil utaz\u00e1st biztos\u00edtanak k\u00fcl\u00f6nf\u00e9le fel\u00fcleteken, a h\u00e1ts\u00f3 udvart\u00f3l a parkokon \u00e1t a s\u00e9t\u00e1l\u00f3utakig.<\/p>\n<h3 class=\"\" style=\"text-align: left;\" data-start=\"804\" data-end=\"845\">K\u00d6NNY\u0170 \u00c9S K\u00d6NNYEN HASZN\u00c1LHAT\u00d3<\/h3>\n<p class=\"\" style=\"text-align: left;\" data-start=\"846\" data-end=\"997\">K\u00dcL\u00d6NLEGESEN K\u00d6NNY\u0170 - Mind\u00f6ssze 2,8 kg-os s\u00faly\u00e1val a ker\u00e9kp\u00e1r k\u00f6nnyen hordozhat\u00f3 \u00e9s kezelhet\u0151, ami azt jelenti, hogy egy gyermek gond n\u00e9lk\u00fcl felemelheti vagy mozgathatja.<\/p>\n<h3 class=\"\" style=\"text-align: left;\" data-start=\"999\" data-end=\"1041\">BIZTONS\u00c1GOS \u00c9S MEGB\u00cdZHAT\u00d3 T\u00c1RS<\/h3>\n<p class=\"\" style=\"text-align: left;\" data-start=\"1042\" data-end=\"1198\">MAXIM\u00c1LIS TERHELHET\u0150S\u00c9G 30 KG \u2013 A ker\u00e9kp\u00e1r biztons\u00e1gos \u00e9s stabil utaz\u00e1sra lett tervezve, alkalmas a kis ker\u00e9kp\u00e1ros kalandorok sz\u00e1m\u00e1ra, akik most kezdik \u00fatjukat.<\/p>","protected":false},"excerpt":{"rendered":"<p class=\"\" data-start=\"50\" data-end=\"222\">Gyermek eml\u00e9keztet\u0151 <strong data-start=\"66\" data-end=\"81\">BRN Ox 50<\/strong> Term\u00e9szetes f\u00e1b\u00f3l k\u00e9sz\u00fclt, \u00f6tv\u00f6zve az eleganci\u00e1t, a tart\u00f3ss\u00e1got \u00e9s a k\u00f6nnyeds\u00e9get, hogy gyermeked sz\u00e1m\u00e1ra t\u00f6k\u00e9letes els\u0151 ker\u00e9kp\u00e1ros \u00e9lm\u00e9nyt ny\u00fajtson. <strong data-start=\"1204\" data-end=\"1219\">BRN Ox 50<\/strong> Add meg gyermekednek a mozg\u00e1s \u00e9s a szabads\u00e1g \u00f6r\u00f6m\u00e9t k\u00e9t ker\u00e9ken! \ud83d\udeb4\u200d\u2642\ufe0f\u2728<\/p>","protected":false},"featured_media":5379,"comment_status":"open","ping_status":"closed","template":"","meta":[],"product_brand":[],"product_cat":[124],"product_tag":[],"class_list":{"0":"post-6622","1":"product","2":"type-product","3":"status-publish","4":"has-post-thumbnail","6":"product_cat-otroski-poganjalci","8":"first","9":"instock","10":"taxable","11":"shipping-taxable","12":"purchasable","13":"product-type-simple"},"yoast_head":"<!-- This site is optimized with the Yoast SEO plugin v27.3 - https:\/\/yoast.com\/product\/yoast-seo-wordpress\/ -->\n<title>Otro\u0161ki poganjalec BRN VOLA 50 light blue<\/title>\n<meta name=\"robots\" content=\"index, follow, max-snippet:-1, max-image-preview:large, max-video-preview:-1\" \/>\n<link rel=\"canonical\" href=\"https:\/\/www.sportshine.eu\/hu\/uzlet\/gyerek-babakocsi-brn-vola-50-vilagoskek\/\" \/>\n<meta property=\"og:locale\" content=\"hu_HU\" \/>\n<meta property=\"og:type\" content=\"article\" \/>\n<meta property=\"og:title\" content=\"Otro\u0161ki poganjalec BRN VOLA 50 light blue\" \/>\n<meta property=\"og:description\" content=\"Otro\u0161ki poganjalec BRN Vola 50 je izdelan iz naravnega lesa, ki zdru\u017euje eleganco, vzdr\u017eljivost in lahkotnost za popolno prvo kolesarsko izku\u0161njo va\u0161ega otroka. Naj BRN Vola 50 va\u0161emu otroku podari veselje do gibanja in svobode na dveh kolesih! \ud83d\udeb4\u200d\u2642\ufe0f\u2728\" \/>\n<meta property=\"og:url\" content=\"https:\/\/www.sportshine.eu\/hu\/uzlet\/gyerek-babakocsi-brn-vola-50-vilagoskek\/\" \/>\n<meta property=\"og:site_name\" content=\"Sportshine\" \/>\n<meta property=\"article:publisher\" content=\"https:\/\/www.facebook.com\/sportshine.eu\/\" \/>\n<meta property=\"article:modified_time\" content=\"2025-08-02T17:04:01+00:00\" \/>\n<meta property=\"og:image\" content=\"https:\/\/www.sportshine.eu\/wp-content\/uploads\/2025\/07\/poganjalec-BRN.webp\" \/>\n\t<meta property=\"og:image:width\" content=\"800\" \/>\n\t<meta property=\"og:image:height\" content=\"800\" \/>\n\t<meta property=\"og:image:type\" content=\"image\/webp\" \/>\n<meta name=\"twitter:card\" content=\"summary_large_image\" \/>\n<meta name=\"twitter:label1\" content=\"Becs\u00fclt olvas\u00e1si id\u0151\" \/>\n\t<meta name=\"twitter:data1\" content=\"1 perc\" \/>\n<script type=\"application\/ld+json\" class=\"yoast-schema-graph\">{\"@context\":\"https:\\\/\\\/schema.org\",\"@graph\":[{\"@type\":\"WebPage\",\"@id\":\"https:\\\/\\\/www.sportshine.eu\\\/trgovina\\\/otroski-poganjalec-brn-vola-50-light-blue\\\/\",\"url\":\"https:\\\/\\\/www.sportshine.eu\\\/trgovina\\\/otroski-poganjalec-brn-vola-50-light-blue\\\/\",\"name\":\"Otro\u0161ki poganjalec BRN VOLA 50 light blue\",\"isPartOf\":{\"@id\":\"https:\\\/\\\/www.sportshine.eu\\\/#website\"},\"primaryImageOfPage\":{\"@id\":\"https:\\\/\\\/www.sportshine.eu\\\/trgovina\\\/otroski-poganjalec-brn-vola-50-light-blue\\\/#primaryimage\"},\"image\":{\"@id\":\"https:\\\/\\\/www.sportshine.eu\\\/trgovina\\\/otroski-poganjalec-brn-vola-50-light-blue\\\/#primaryimage\"},\"thumbnailUrl\":\"https:\\\/\\\/www.sportshine.eu\\\/wp-content\\\/uploads\\\/2025\\\/07\\\/poganjalec-BRN.webp\",\"datePublished\":\"2025-07-07T08:55:51+00:00\",\"dateModified\":\"2025-08-02T17:04:01+00:00\",\"breadcrumb\":{\"@id\":\"https:\\\/\\\/www.sportshine.eu\\\/trgovina\\\/otroski-poganjalec-brn-vola-50-light-blue\\\/#breadcrumb\"},\"inLanguage\":\"hu\",\"potentialAction\":[{\"@type\":\"ReadAction\",\"target\":[\"https:\\\/\\\/www.sportshine.eu\\\/trgovina\\\/otroski-poganjalec-brn-vola-50-light-blue\\\/\"]}]},{\"@type\":\"ImageObject\",\"inLanguage\":\"hu\",\"@id\":\"https:\\\/\\\/www.sportshine.eu\\\/trgovina\\\/otroski-poganjalec-brn-vola-50-light-blue\\\/#primaryimage\",\"url\":\"https:\\\/\\\/www.sportshine.eu\\\/wp-content\\\/uploads\\\/2025\\\/07\\\/poganjalec-BRN.webp\",\"contentUrl\":\"https:\\\/\\\/www.sportshine.eu\\\/wp-content\\\/uploads\\\/2025\\\/07\\\/poganjalec-BRN.webp\",\"width\":800,\"height\":800},{\"@type\":\"BreadcrumbList\",\"@id\":\"https:\\\/\\\/www.sportshine.eu\\\/trgovina\\\/otroski-poganjalec-brn-vola-50-light-blue\\\/#breadcrumb\",\"itemListElement\":[{\"@type\":\"ListItem\",\"position\":1,\"name\":\"Home\",\"item\":\"https:\\\/\\\/www.sportshine.eu\\\/\"},{\"@type\":\"ListItem\",\"position\":2,\"name\":\"Trgovina\",\"item\":\"https:\\\/\\\/www.sportshine.eu\\\/trgovina\\\/\"},{\"@type\":\"ListItem\",\"position\":3,\"name\":\"Otro\u0161ki poganjalec BRN VOLA 50 light blue\"}]},{\"@type\":\"WebSite\",\"@id\":\"https:\\\/\\\/www.sportshine.eu\\\/#website\",\"url\":\"https:\\\/\\\/www.sportshine.eu\\\/\",\"name\":\"Sportshine\",\"description\":\"Top spletna trgovina kolesarskih in naglavnih svetilk ter opreme\",\"publisher\":{\"@id\":\"https:\\\/\\\/www.sportshine.eu\\\/#organization\"},\"potentialAction\":[{\"@type\":\"SearchAction\",\"target\":{\"@type\":\"EntryPoint\",\"urlTemplate\":\"https:\\\/\\\/www.sportshine.eu\\\/?s={search_term_string}\"},\"query-input\":{\"@type\":\"PropertyValueSpecification\",\"valueRequired\":true,\"valueName\":\"search_term_string\"}}],\"inLanguage\":\"hu\"},{\"@type\":\"Organization\",\"@id\":\"https:\\\/\\\/www.sportshine.eu\\\/#organization\",\"name\":\"Sportshine\",\"url\":\"https:\\\/\\\/www.sportshine.eu\\\/\",\"logo\":{\"@type\":\"ImageObject\",\"inLanguage\":\"hu\",\"@id\":\"https:\\\/\\\/www.sportshine.eu\\\/#\\\/schema\\\/logo\\\/image\\\/\",\"url\":\"https:\\\/\\\/www.sportshine.eu\\\/wp-content\\\/uploads\\\/2026\\\/01\\\/cropped-Sportshine.webp\",\"contentUrl\":\"https:\\\/\\\/www.sportshine.eu\\\/wp-content\\\/uploads\\\/2026\\\/01\\\/cropped-Sportshine.webp\",\"width\":295,\"height\":128,\"caption\":\"Sportshine\"},\"image\":{\"@id\":\"https:\\\/\\\/www.sportshine.eu\\\/#\\\/schema\\\/logo\\\/image\\\/\"},\"sameAs\":[\"https:\\\/\\\/www.facebook.com\\\/sportshine.eu\\\/\"]}]}<\/script>\n<!-- \/ Yoast SEO plugin. -->","yoast_head_json":{"title":"Gyerek roller BRN VOLA 50 vil\u00e1gosk\u00e9k","robots":{"index":"index","follow":"follow","max-snippet":"max-snippet:-1","max-image-preview":"max-image-preview:large","max-video-preview":"max-video-preview:-1"},"canonical":"https:\/\/www.sportshine.eu\/hu\/uzlet\/gyerek-babakocsi-brn-vola-50-vilagoskek\/","og_locale":"hu_HU","og_type":"article","og_title":"Otro\u0161ki poganjalec BRN VOLA 50 light blue","og_description":"Otro\u0161ki poganjalec BRN Vola 50 je izdelan iz naravnega lesa, ki zdru\u017euje eleganco, vzdr\u017eljivost in lahkotnost za popolno prvo kolesarsko izku\u0161njo va\u0161ega otroka. Naj BRN Vola 50 va\u0161emu otroku podari veselje do gibanja in svobode na dveh kolesih! \ud83d\udeb4\u200d\u2642\ufe0f\u2728","og_url":"https:\/\/www.sportshine.eu\/hu\/uzlet\/gyerek-babakocsi-brn-vola-50-vilagoskek\/","og_site_name":"Sportshine","article_publisher":"https:\/\/www.facebook.com\/sportshine.eu\/","article_modified_time":"2025-08-02T17:04:01+00:00","og_image":[{"width":800,"height":800,"url":"https:\/\/www.sportshine.eu\/wp-content\/uploads\/2025\/07\/poganjalec-BRN.webp","type":"image\/webp"}],"twitter_card":"summary_large_image","twitter_misc":{"Becs\u00fclt olvas\u00e1si id\u0151":"1 perc"},"schema":{"@context":"https:\/\/schema.org","@graph":[{"@type":"WebPage","@id":"https:\/\/www.sportshine.eu\/trgovina\/otroski-poganjalec-brn-vola-50-light-blue\/","url":"https:\/\/www.sportshine.eu\/trgovina\/otroski-poganjalec-brn-vola-50-light-blue\/","name":"Gyerek roller BRN VOLA 50 vil\u00e1gosk\u00e9k","isPartOf":{"@id":"https:\/\/www.sportshine.eu\/#website"},"primaryImageOfPage":{"@id":"https:\/\/www.sportshine.eu\/trgovina\/otroski-poganjalec-brn-vola-50-light-blue\/#primaryimage"},"image":{"@id":"https:\/\/www.sportshine.eu\/trgovina\/otroski-poganjalec-brn-vola-50-light-blue\/#primaryimage"},"thumbnailUrl":"https:\/\/www.sportshine.eu\/wp-content\/uploads\/2025\/07\/poganjalec-BRN.webp","datePublished":"2025-07-07T08:55:51+00:00","dateModified":"2025-08-02T17:04:01+00:00","breadcrumb":{"@id":"https:\/\/www.sportshine.eu\/trgovina\/otroski-poganjalec-brn-vola-50-light-blue\/#breadcrumb"},"inLanguage":"hu","potentialAction":[{"@type":"ReadAction","target":["https:\/\/www.sportshine.eu\/trgovina\/otroski-poganjalec-brn-vola-50-light-blue\/"]}]},{"@type":"ImageObject","inLanguage":"hu","@id":"https:\/\/www.sportshine.eu\/trgovina\/otroski-poganjalec-brn-vola-50-light-blue\/#primaryimage","url":"https:\/\/www.sportshine.eu\/wp-content\/uploads\/2025\/07\/poganjalec-BRN.webp","contentUrl":"https:\/\/www.sportshine.eu\/wp-content\/uploads\/2025\/07\/poganjalec-BRN.webp","width":800,"height":800},{"@type":"BreadcrumbList","@id":"https:\/\/www.sportshine.eu\/trgovina\/otroski-poganjalec-brn-vola-50-light-blue\/#breadcrumb","itemListElement":[{"@type":"ListItem","position":1,"name":"Home","item":"https:\/\/www.sportshine.eu\/"},{"@type":"ListItem","position":2,"name":"Trgovina","item":"https:\/\/www.sportshine.eu\/trgovina\/"},{"@type":"ListItem","position":3,"name":"Otro\u0161ki poganjalec BRN VOLA 50 light blue"}]},{"@type":"WebSite","@id":"https:\/\/www.sportshine.eu\/#website","url":"https:\/\/www.sportshine.eu\/","name":"Sportshine","description":"Ker\u00e9kp\u00e1ros, fejl\u00e1mp\u00e1k \u00e9s felszerel\u00e9sek online \u00e1ruh\u00e1z\u00e1nak vezet\u0151 k\u00edn\u00e1lata","publisher":{"@id":"https:\/\/www.sportshine.eu\/#organization"},"potentialAction":[{"@type":"SearchAction","target":{"@type":"EntryPoint","urlTemplate":"https:\/\/www.sportshine.eu\/?s={search_term_string}"},"query-input":{"@type":"PropertyValueSpecification","valueRequired":true,"valueName":"search_term_string"}}],"inLanguage":"hu"},{"@type":"Organization","@id":"https:\/\/www.sportshine.eu\/#organization","name":"Sportshine","url":"https:\/\/www.sportshine.eu\/","logo":{"@type":"ImageObject","inLanguage":"hu","@id":"https:\/\/www.sportshine.eu\/#\/schema\/logo\/image\/","url":"https:\/\/www.sportshine.eu\/wp-content\/uploads\/2026\/01\/cropped-Sportshine.webp","contentUrl":"https:\/\/www.sportshine.eu\/wp-content\/uploads\/2026\/01\/cropped-Sportshine.webp","width":295,"height":128,"caption":"Sportshine"},"image":{"@id":"https:\/\/www.sportshine.eu\/#\/schema\/logo\/image\/"},"sameAs":["https:\/\/www.facebook.com\/sportshine.eu\/"]}]}},"_links":{"self":[{"href":"https:\/\/www.sportshine.eu\/hu\/wp-json\/wp\/v2\/product\/6622","targetHints":{"allow":["GET"]}}],"collection":[{"href":"https:\/\/www.sportshine.eu\/hu\/wp-json\/wp\/v2\/product"}],"about":[{"href":"https:\/\/www.sportshine.eu\/hu\/wp-json\/wp\/v2\/types\/product"}],"replies":[{"embeddable":true,"href":"https:\/\/www.sportshine.eu\/hu\/wp-json\/wp\/v2\/comments?post=6622"}],"version-history":[{"count":0,"href":"https:\/\/www.sportshine.eu\/hu\/wp-json\/wp\/v2\/product\/6622\/revisions"}],"wp:featuredmedia":[{"embeddable":true,"href":"https:\/\/www.sportshine.eu\/hu\/wp-json\/wp\/v2\/media\/5379"}],"wp:attachment":[{"href":"https:\/\/www.sportshine.eu\/hu\/wp-json\/wp\/v2\/media?parent=6622"}],"wp:term":[{"taxonomy":"product_brand","embeddable":true,"href":"https:\/\/www.sportshine.eu\/hu\/wp-json\/wp\/v2\/product_brand?post=6622"},{"taxonomy":"product_cat","embeddable":true,"href":"https:\/\/www.sportshine.eu\/hu\/wp-json\/wp\/v2\/product_cat?post=6622"},{"taxonomy":"product_tag","embeddable":true,"href":"https:\/\/www.sportshine.eu\/hu\/wp-json\/wp\/v2\/product_tag?post=6622"}],"curies":[{"name":"wp","href":"https:\/\/api.w.org\/{rel}","templated":true}]}}